{"id":1248,"date":"2025-02-26T16:53:23","date_gmt":"2025-02-26T14:53:23","guid":{"rendered":"https:\/\/webdali.latempesta.eu\/?page_id=1248"},"modified":"2025-07-03T12:02:42","modified_gmt":"2025-07-03T10:02:42","slug":"dibuix","status":"publish","type":"page","link":"https:\/\/webdali.latempesta.eu\/ca\/dali-i-gala\/dali-artista-total\/dibuix\/","title":{"rendered":"Dibuix"},"content":{"rendered":"\n<div class=\"wp-block-columns global-column is-layout-flex wp-container-core-columns-is-layout-9d6595d7 wp-block-columns-is-layout-flex\">\n<div class=\"wp-block-column is-layout-flow wp-block-column-is-layout-flow\">\n<figure class=\"wp-block-pullquote\"><blockquote><p>Le dessin est la probit\u00e9 de l&#8217;art<\/p><cite>Jean Auguste Dominique Ingres<\/cite><\/blockquote><\/figure>\n\n\n\n<p>Dal\u00ed inclou aquesta cita de l\u2019artista neoclassicista Ingres en un dibuix preparatori de la pintura Galarina, una de les obres m\u00e9s aclamades del seu per\u00edode cl\u00e0ssic. En la l\u00ednia de la tradici\u00f3 dels grans mestres, l\u2019artista concedeix una import\u00e0ncia cabdal al dibuix com a fonament de la seva creaci\u00f3 i esdev\u00e9 aix\u00ed la pedra angular de la seva obra. El dibuix tamb\u00e9 li permet expressar d\u2019una manera molt genu\u00efna, i tal vegada subtil, la bellesa, la fantasia, i tamb\u00e9 la provocaci\u00f3 que s\u00f3n inherents a la seva creaci\u00f3 art\u00edstica. Aquestes obres mostren una gran varietat d\u2019estils, t\u00e8cniques i suports, i tamb\u00e9 es fan ress\u00f2, com les seves pintures, de moltes influ\u00e8ncies d\u2019estils i referents de la hist\u00f2ria de l\u2019art. El dibuix \u00e9s tamb\u00e9 la disciplina que permet a Dal\u00ed excel\u00b7lir en el camp del disseny de moda i joies, les arts esc\u00e8niques i la il\u00b7lustraci\u00f3 d\u2019obres de la literatura universal. Els seus dissenys sobre paper esdevenen el primer pas de l\u2019execuci\u00f3 de moltes de les seves obres en el camp de les arts aplicades.<\/p>\n<\/div>\n<\/div>\n\n\n\n<div class=\"wp-block-columns global-column is-layout-flex wp-container-core-columns-is-layout-9d6595d7 wp-block-columns-is-layout-flex\">\n<div class=\"wp-block-column is-layout-flow wp-block-column-is-layout-flow\"><script>var is_masonry=false;<\/script>\t        <div class=\"swiper coeli-swiper-heritageobject coeli-swiper-agrupacions coeli-swiper-7484\"              id=\"coeli-swiper-7484\">\n            <!-- Additional required wrapper -->\n            <ul class=\"swiper-wrapper coeli-result-list\" id=\"coeli-ul-agrupacio-7484\">\n                <!-- Slides -->\n\t\t\t\t                    <li id=\"1747\"\n                        class=\"swiper-slide s-3 t-1 m-3\"><a href=\"https:\/\/webdali.latempesta.eu\/ca\/heritageobject\/1747\/\"><figure class=\"image portraitmedia-medium\"><img decoding=\"async\" alt=\"\" src=\"https:\/\/d1i5r06pd82mff.cloudfront.net\/public\/DigitalAsset\/aabf615f0c4d1d64c38f3afecd889019\/7e34d5543d1e8c28db22cf7696ae66fa\/full\/medium\/0\/default.jpg\"><\/figure><p class=\"coeli-title\">Metamorfosi paranoica del rostre de Gala<\/p><p class=\"coeli-production-actorsinrole-actors\">Dal\u00ed i Dom\u00e8nech, Salvador<\/p><p class=\"coeli-production-date\">1932<\/p><\/a><\/li>\n\t\t\t\t                    <li id=\"5724-d95a\"\n                        class=\"swiper-slide s-3 t-1 m-3\"><a href=\"https:\/\/webdali.latempesta.eu\/ca\/heritageobject\/5724-d95a\/\"><figure class=\"image portraitmedia-medium\"><img decoding=\"async\" alt=\"\" src=\"https:\/\/d1i5r06pd82mff.cloudfront.net\/public\/DigitalAsset\/cf8eb06e-6941-c89c-ce20-2530fddda8e0\/d2e95cf2912080214e0819083af2af18\/full\/medium\/0\/default.jpg\"><\/figure><p class=\"coeli-title\">Progect for &#8220;mad TrisTan&#8221; poetry of New York                                                                                                                               [Colliere] neurosis   Artificial vampire   organ of Babel   wagner, GAudi Boecklin<\/p><p class=\"coeli-production-actorsinrole-actors\">Dal\u00ed i Dom\u00e8nech, Salvador<\/p><p class=\"coeli-production-date\">[c. 1939-41]<\/p><\/a><\/li>\n\t\t\t\t                    <li id=\"191\"\n                        class=\"swiper-slide s-3 t-1 m-3\"><a href=\"https:\/\/webdali.latempesta.eu\/ca\/heritageobject\/191\/\"><figure class=\"image portraitmedia-medium\"><img decoding=\"async\" alt=\"\" src=\"https:\/\/d1i5r06pd82mff.cloudfront.net\/public\/DigitalAsset\/2d9cd225-186a-243e-520e-65780a08b87f\/96feaa2967b43a9cebfbc8aa5f2fce90\/full\/medium\/0\/default.jpg\"><\/figure><p class=\"coeli-title\">Estudi per a &#8220;Galarina&#8221;<\/p><p class=\"coeli-production-actorsinrole-actors\">Dal\u00ed i Dom\u00e8nech, Salvador<\/p><p class=\"coeli-production-date\">1943<\/p><\/a><\/li>\n\t\t\t\t                    <li id=\"3669\"\n                        class=\"swiper-slide s-3 t-1 m-3\"><a href=\"https:\/\/webdali.latempesta.eu\/ca\/heritageobject\/3669\/\"><figure class=\"image portraitmedia-medium\"><img decoding=\"async\" alt=\"\" src=\"https:\/\/d1i5r06pd82mff.cloudfront.net\/public\/DigitalAsset\/ba7efddc-eeae-208f-9734-00e5a1c83fd8\/b67c9ac9f2098668c558262057e97d14\/full\/medium\/0\/default.jpg\"><\/figure><p class=\"coeli-title\">Il.lustraci\u00f3 per a &#8220;El Quixot&#8221;<\/p><p class=\"coeli-production-actorsinrole-actors\">Dal\u00ed i Dom\u00e8nech, Salvador<\/p><p class=\"coeli-production-date\">1945<\/p><\/a><\/li>\n\t\t\t\t                    <li id=\"4548\"\n                        class=\"swiper-slide s-3 t-1 m-3\"><a href=\"https:\/\/webdali.latempesta.eu\/ca\/heritageobject\/4548\/\"><figure class=\"image portraitmedia-medium\"><img decoding=\"async\" alt=\"\" src=\"https:\/\/d1i5r06pd82mff.cloudfront.net\/public\/DigitalAsset\/ef3de64d-be56-9613-eb0d-7617a523d544\/af9ad5dfd58f0563a18eb92dc3d42f26\/full\/medium\/0\/default.jpg\"><\/figure><p class=\"coeli-title\">Estudi per a la joia &#8220;La flor vivent&#8221;<\/p><p class=\"coeli-production-actorsinrole-actors\">Dal\u00ed i Dom\u00e8nech, Salvador<\/p><p class=\"coeli-production-date\">1954<\/p><\/a><\/li>\n\t\t\t\t                    <li id=\"2223\"\n                        class=\"swiper-slide s-3 t-1 m-3\"><a href=\"https:\/\/webdali.latempesta.eu\/ca\/heritageobject\/2223\/\"><figure class=\"image portraitmedia-medium\"><img decoding=\"async\" alt=\"\" src=\"https:\/\/d1i5r06pd82mff.cloudfront.net\/public\/DigitalAsset\/d88c5b60-8a66-17b4-6e73-064864a1f591\/48ddf22ed9ce276062c951a8c25e6a13\/full\/medium\/0\/default.jpg\"><\/figure><p class=\"coeli-title\">Sense t\u00edtol<\/p><p class=\"coeli-production-actorsinrole-actors\">Dal\u00ed i Dom\u00e8nech, Salvador<\/p><p class=\"coeli-production-date\">c. 1983<\/p><\/a><\/li>\n\t\t\t\t            <\/ul>\n\t\t\t\t\t\t                <!-- If we need navigation buttons -->\n                <div class=\"swiper-coeli-button-prev swiper-button-prev coeli-swiper-prev-7484\"><\/div>\n                <div class=\"swiper-coeli-button-next swiper-button-next coeli-swiper-next-7484\"><\/div>\n\t\t\t        <\/div>\n\n        <script>\n            var slider_args_7484= {\n                \/\/ Optional parameters\n                direction: 'horizontal',\n                breakpoints: {\n                    640: {\n                        slidesPerView: 1,\n                        spaceBetween: 0,\n                    },\n                    768: {\n                        slidesPerView: 1,\n                        spaceBetween: 0,\n                    },\n                    1024: {\n                        slidesPerView: 3,\n                        spaceBetween: 0,\n                    },\n                },\n\t\t\t\t                autoplay: {\n                    delay: 3000000,\n                    disableOnInteraction: false,\n                },\n\t\t\t\t\t\t\t\t\t\t\t\t                speed: 300,\n\t\t\t\t                loop: false,\n                \/\/ If we need pagination\n                pagination: {\n                    el: '.swiper-pagination-7484',\n                },\n                \/\/ Navigation arrows\n                navigation: {\n                    nextEl: '.coeli-swiper-next-7484',\n                    prevEl: '.coeli-swiper-prev-7484',\n                }\n            }\n        <\/script>\n\t<\/div>\n<\/div>\n\n\n    <div  class=\"wp-block-columns swiper-column   destacat bloc-destacats \" style=\"background-image: linear-gradient(to right, white, white)\">\n        <div class=\"wp-block-column\">\n            <div id=\"swiper-69ff2dcdd69d8\" class=\"swiper destacats dues\" >\n                <div class=\"swiper-wrapper\">\n\n                                            <div class=\"swiper-slide intro\">\n                            <h2>M\u00e9s sobre l&#8217;artista total<\/h2>\n                            <div class=\"descripcio\"><p>Segueix descobrint totes les facetes del geni. Pintura, obra gr\u00e0fica, escultura i obra tridimensional, dibuix, escriptura, cinema i moda: Salvador Dal\u00ed va fer de cada disciplina una via d\u2019expressi\u00f3 singular. Amb una creativitat desbordant, va expandir els l\u00edmits de l\u2019art i del pensament. Explora com es manifesta el seu univers \u00fanic en cada llenguatge que va fer seu.<\/p>\n<\/div>\n                                                    <\/div>\n                    \n\n                    \n                        \n                        <div class=\"swiper-slide\">\n                                                            <div class=\"banner\" style=\"background-image: url(https:\/\/webdali.latempesta.eu\/wp-content\/uploads\/2025\/02\/2642-1024x785.jpg)\">\n                                                                            <ul class=\"context\">\n                                            <li class=\"context__item\" aria-label=\"hidden\">                                            <\/li>\n                                        <\/ul>\n                                    \n                                    <h3 class=\"titol\">Pintura<\/h3>\n                                        \n                                    <div class=\"button fletxa\"><a href=\"https:\/\/webdali.latempesta.eu\/ca\/dali-i-gala\/dali-artista-total\/pintura\/\">M\u00e9s informaci\u00f3<\/a><\/div>\n\n                                    \n                                <\/div>\n                                                    <\/div>\n\n                    \n                        \n                        <div class=\"swiper-slide\">\n                                                            <div class=\"banner\" style=\"background-image: url(https:\/\/webdali.latempesta.eu\/wp-content\/uploads\/2025\/07\/10981-large-1-997x1024.jpg)\">\n                                                                            <ul class=\"context\">\n                                            <li class=\"context__item\" aria-label=\"hidden\">                                            <\/li>\n                                        <\/ul>\n                                    \n                                    <h3 class=\"titol\">Obra gr\u00e0fica<\/h3>\n                                        \n                                    <div class=\"button fletxa\"><a href=\"https:\/\/webdali.latempesta.eu\/ca\/dali-i-gala\/dali-artista-total\/obra-grafica\/\">M\u00e9s informaci\u00f3<\/a><\/div>\n\n                                    \n                                <\/div>\n                                                    <\/div>\n\n                    \n                        \n                        <div class=\"swiper-slide\">\n                                                            <div class=\"banner\" style=\"background-image: url(https:\/\/webdali.latempesta.eu\/wp-content\/uploads\/2025\/03\/A-DEMANAR-A-GETTY-e1743148537959-1024x675.jpg)\">\n                                                                            <ul class=\"context\">\n                                            <li class=\"context__item\" aria-label=\"hidden\">                                            <\/li>\n                                        <\/ul>\n                                    \n                                    <h3 class=\"titol\">Escultura i obra tridimensional<\/h3>\n                                        \n                                    <div class=\"button fletxa\"><a href=\"https:\/\/webdali.latempesta.eu\/ca\/dali-i-gala\/dali-artista-total\/escultura\/\">M\u00e9s informaci\u00f3<\/a><\/div>\n\n                                    \n                                <\/div>\n                                                    <\/div>\n\n                    \n                        \n                        <div class=\"swiper-slide\">\n                                                            <div class=\"banner\" style=\"background-image: url(https:\/\/webdali.latempesta.eu\/wp-content\/uploads\/2025\/02\/5068-e1747042033255.jpg)\">\n                                                                            <ul class=\"context\">\n                                            <li class=\"context__item\" aria-label=\"hidden\">                                            <\/li>\n                                        <\/ul>\n                                    \n                                    <h3 class=\"titol\">Obra escrita<\/h3>\n                                        \n                                    <div class=\"button fletxa\"><a href=\"https:\/\/webdali.latempesta.eu\/ca\/dali-i-gala\/dali-artista-total\/escriptura\/\">M\u00e9s informaci\u00f3<\/a><\/div>\n\n                                    \n                                <\/div>\n                                                    <\/div>\n\n                    \n                        \n                        <div class=\"swiper-slide\">\n                                                            <div class=\"banner\" style=\"background-image: url(https:\/\/webdali.latempesta.eu\/wp-content\/uploads\/2025\/05\/3-1-1024x819.jpg)\">\n                                                                            <ul class=\"context\">\n                                            <li class=\"context__item\" aria-label=\"hidden\">                                            <\/li>\n                                        <\/ul>\n                                    \n                                    <h3 class=\"titol\">Cinema<\/h3>\n                                        \n                                    <div class=\"button fletxa\"><a href=\"https:\/\/webdali.latempesta.eu\/ca\/dali-i-gala\/dali-artista-total\/cinema\/\">M\u00e9s informaci\u00f3<\/a><\/div>\n\n                                    \n                                <\/div>\n                                                    <\/div>\n\n                    \n                        \n                        <div class=\"swiper-slide\">\n                                                            <div class=\"banner\" style=\"background-image: url(https:\/\/webdali.latempesta.eu\/wp-content\/uploads\/2025\/05\/47835-1024x931.jpg)\">\n                                                                            <ul class=\"context\">\n                                            <li class=\"context__item\" aria-label=\"hidden\">                                            <\/li>\n                                        <\/ul>\n                                    \n                                    <h3 class=\"titol\">Moda<\/h3>\n                                        \n                                    <div class=\"button fletxa\"><a href=\"https:\/\/webdali.latempesta.eu\/ca\/dali-i-gala\/dali-artista-total\/moda\/\">M\u00e9s informaci\u00f3<\/a><\/div>\n\n                                    \n                                <\/div>\n                                                    <\/div>\n\n                                    <\/div>\n                <!-- Swiper navigation buttons -->\n                <div class=\"swiper-button-prev\">\n                    <span class=\"screen-reader-text\">Diapositiva anterior<\/span>\n                <\/div>\n                <div class=\"swiper-button-next\">\n                    <span class=\"screen-reader-text\">Diapositiva seg\u00fcent<\/span>\n                <\/div>\n            <\/div>\n        <\/div>\n    <\/div>\n\n\n\n<!-- Swiper JS -->\n<script src=\"https:\/\/cdn.jsdelivr.net\/npm\/swiper@11\/swiper-bundle.min.js\"><\/script>\n\n<!-- Initialize Swiper -->\n<script>\n\njQuery( document ).ready(function() {      \n\n    Tipus = 'destacat';\n\n    updateSpaceBetween();\n    spaceBetweenInicial = 60;\n    \n    if (Tipus=='intro-images' ) {\n    \/\/    spaceBetweenValueModul = 0;\n    }\n\n\n\n    console.log(\"spaceBetweenValueModul\",spaceBetweenValueModul);\n\n    var swiper = new Swiper(\"#swiper-69ff2dcdd69d8\", {\n      slidesPerView: \"auto\",\n      spaceBetween: spaceBetweenInicial,\n      \tfreeMode: true,\n\t  \tbreakpoints: {\n\t        \/\/ Quan l'amplada de la pantalla sigui major a 1024px\n\t        1024: {\n\t            spaceBetween: spaceBetweenValue,\n\t        },\n\t    },\n        \/\/ Navigation arrows\n        navigation: {\n            nextEl: '.swiper-button-next',\n            prevEl: '.swiper-button-prev',\n        },\n        mousewheel: {\n            releaseOnEdges: true,\n            forceToAxis: true,\n            sensitivity:    1,\n        },\n        a11y: {\n            prevSlideMessage: 'Diapositiva anterior',\n            nextSlideMessage: 'Diapositiva seg\u00fcent',\n        },\n    });\n\n\n \n\n\n    \/*\n    jQuery('.bloc-destacats').each(function() {\n        const nextDiv = jQuery(this).next('div');\n        if (nextDiv.hasClass('contingut-ampliat')) {\n            console.log('T\u00e9 .contingut-ampliat despr\u00e9s');\n            \/\/ Aqu\u00ed pots fer accions, per exemple:\n            \/\/ $nextDiv.addClass('marcat'); o $(this).append($nextDiv);\n        }\n    });\n    *\/\n})\n<\/script>\n\n","protected":false},"excerpt":{"rendered":"<p>Le dessin est la probit\u00e9 de l&#8217;art Jean Auguste Dominique Ingres Dal\u00ed inclou aquesta cita de l\u2019artista neoclassicista Ingres en un dibuix preparatori de la pintura Galarina, una de les obres m\u00e9s aclamades del seu per\u00edode cl\u00e0ssic. En la l\u00ednia de la tradici\u00f3 dels grans mestres, l\u2019artista concedeix una import\u00e0ncia cabdal al dibuix com a [&hellip;]<\/p>\n","protected":false},"author":3,"featured_media":1387,"parent":67,"menu_order":325,"comment_status":"closed","ping_status":"closed","template":"","meta":{"_acf_changed":false,"_coblocks_attr":"","_coblocks_dimensions":"","_coblocks_responsive_height":"","_coblocks_accordion_ie_support":"","footnotes":""},"categories":[],"tags":[],"class_list":["post-1248","page","type-page","status-publish","has-post-thumbnail","hentry"],"acf":[],"_links":{"self":[{"href":"https:\/\/webdali.latempesta.eu\/ca\/wp-json\/wp\/v2\/pages\/1248","targetHints":{"allow":["GET"]}}],"collection":[{"href":"https:\/\/webdali.latempesta.eu\/ca\/wp-json\/wp\/v2\/pages"}],"about":[{"href":"https:\/\/webdali.latempesta.eu\/ca\/wp-json\/wp\/v2\/types\/page"}],"author":[{"embeddable":true,"href":"https:\/\/webdali.latempesta.eu\/ca\/wp-json\/wp\/v2\/users\/3"}],"replies":[{"embeddable":true,"href":"https:\/\/webdali.latempesta.eu\/ca\/wp-json\/wp\/v2\/comments?post=1248"}],"version-history":[{"count":1,"href":"https:\/\/webdali.latempesta.eu\/ca\/wp-json\/wp\/v2\/pages\/1248\/revisions"}],"predecessor-version":[{"id":13672,"href":"https:\/\/webdali.latempesta.eu\/ca\/wp-json\/wp\/v2\/pages\/1248\/revisions\/13672"}],"up":[{"embeddable":true,"href":"https:\/\/webdali.latempesta.eu\/ca\/wp-json\/wp\/v2\/pages\/67"}],"wp:featuredmedia":[{"embeddable":true,"href":"https:\/\/webdali.latempesta.eu\/ca\/wp-json\/wp\/v2\/media\/1387"}],"wp:attachment":[{"href":"https:\/\/webdali.latempesta.eu\/ca\/wp-json\/wp\/v2\/media?parent=1248"}],"wp:term":[{"taxonomy":"category","embeddable":true,"href":"https:\/\/webdali.latempesta.eu\/ca\/wp-json\/wp\/v2\/categories?post=1248"},{"taxonomy":"post_tag","embeddable":true,"href":"https:\/\/webdali.latempesta.eu\/ca\/wp-json\/wp\/v2\/tags?post=1248"}],"curies":[{"name":"wp","href":"https:\/\/api.w.org\/{rel}","templated":true}]}}