{"id":13777,"date":"2025-07-21T17:07:22","date_gmt":"2025-07-21T15:07:22","guid":{"rendered":"https:\/\/webdali.latempesta.eu\/?page_id=13777"},"modified":"2025-07-25T11:32:44","modified_gmt":"2025-07-25T09:32:44","slug":"exposicions-temporals","status":"publish","type":"page","link":"https:\/\/webdali.latempesta.eu\/ca\/obra\/exposicions-temporals\/","title":{"rendered":"Exposicions Temporals"},"content":{"rendered":"\n<div class=\"wp-block-columns facetwp-filters is-layout-flex wp-container-core-columns-is-layout-9d6595d7 wp-block-columns-is-layout-flex\">\n<div class=\"wp-block-column is-layout-flow wp-block-column-is-layout-flow\">\n<p>Idiomes<\/p>\n\n\n<div class=\"facetwp-facet facetwp-facet-buscador facetwp-type-search\" data-name=\"buscador\" data-type=\"search\"><\/div>\n<\/div>\n<\/div>\n\n\n<div class=\"facetwp-template\" data-name=\"exposicions\"><ul class=\"fwpl-layout list\">\n  \t<li class=\"grid-item\">\n\n        \t\t\n        <div class=\"item-header\">\n            <figure class=\"image\"><img loading=\"lazy\" decoding=\"async\" width=\"254\" height=\"300\" src=\"https:\/\/webdali.latempesta.eu\/wp-content\/uploads\/2025\/07\/1327-large-254x300.jpg\" class=\"attachment-medium size-medium wp-post-image\" alt=\"\" srcset=\"https:\/\/webdali.latempesta.eu\/wp-content\/uploads\/2025\/07\/1327-large-254x300.jpg 254w, https:\/\/webdali.latempesta.eu\/wp-content\/uploads\/2025\/07\/1327-large-865x1024.jpg 865w, https:\/\/webdali.latempesta.eu\/wp-content\/uploads\/2025\/07\/1327-large-768x909.jpg 768w, https:\/\/webdali.latempesta.eu\/wp-content\/uploads\/2025\/07\/1327-large.jpg 1129w\" sizes=\"auto, (max-width: 254px) 100vw, 254px\" \/><\/figure>\n\n            <div class=\"item-location\">\n            Castell Gala Dal\u00ed            <\/div>\n\n            \n\n            \n\n        <\/div>\n        <div class=\"item-content\">\n\n                        <a href=\"https:\/\/webdali.latempesta.eu\/ca\/educacio-i-activitats\/activitat\/el-despertar-del-mite-gala-dali\/\"><div class=\"title\">El despertar del mite: Gala Dal\u00ed<\/div><\/a>\n            <div class=\"item-data\">\n            18 de mar\u00e7 de 2025 - 7 de gener de 2026<br>            <\/div>\n            <div class=\"excerpt\">El projecte expositiu, fruit de la col\u00b7laboraci\u00f3 entre la Fundaci\u00f3 Gala-Salvador Dal\u00ed i La Roca Village, s\u2019emmarca en una iniciativa m\u00e9s \u00e0mplia que neix amb la voluntat de redescobrir la identitat de Gala Dal\u00ed i valorar el seu impacte en la moda, la cultura i la societat.<\/div>\n        <\/div>\n\t\t\n\t<\/li>\n\t\n  \t<li class=\"grid-item\">\n\n        \t\t\n        <div class=\"item-header\">\n            <figure class=\"image\"><img loading=\"lazy\" decoding=\"async\" width=\"300\" height=\"200\" src=\"https:\/\/webdali.latempesta.eu\/wp-content\/uploads\/2025\/02\/Tretre-Museu_organisme-viu_exemple-300x200.jpg\" class=\"attachment-medium size-medium wp-post-image\" alt=\"\" srcset=\"https:\/\/webdali.latempesta.eu\/wp-content\/uploads\/2025\/02\/Tretre-Museu_organisme-viu_exemple-300x200.jpg 300w, https:\/\/webdali.latempesta.eu\/wp-content\/uploads\/2025\/02\/Tretre-Museu_organisme-viu_exemple-768x512.jpg 768w, https:\/\/webdali.latempesta.eu\/wp-content\/uploads\/2025\/02\/Tretre-Museu_organisme-viu_exemple-391x260.jpg 391w, https:\/\/webdali.latempesta.eu\/wp-content\/uploads\/2025\/02\/Tretre-Museu_organisme-viu_exemple.jpg 1024w\" sizes=\"auto, (max-width: 300px) 100vw, 300px\" \/><\/figure>\n\n            <div class=\"item-location\">\n            Teatre-Museu Dal\u00ed            <\/div>\n\n            \n\n            \n\n        <\/div>\n        <div class=\"item-content\">\n\n                        <a href=\"https:\/\/webdali.latempesta.eu\/ca\/educacio-i-activitats\/activitat\/el-teatre-museu-dali-un-organisme-viu\/\"><div class=\"title\">El Teatre-Museu Dal\u00ed: un organisme viu<\/div><\/a>\n            <div class=\"item-data\">\n            28 de setembre de 2024 - 31 d\u2019agost de 2025<br>            <\/div>\n            <div class=\"excerpt\">No crec que un museu sigui un magatzem o un cementiri, en el qual les grans obres d\u2019art nom\u00e9s hi s\u00f3n per satisfer la curiositat dels passejants de diumenge. Al contrari, un museu \u00e9s un organisme viu que creix i respira i actua; un organisme viu que pot morir, tamb\u00e9, si no es compleix el seu prop\u00f2sit vital.<\/div>\n        <\/div>\n\t\t\n\t<\/li>\n\t\n  \t<li class=\"grid-item\">\n\n        \t\t\n        <div class=\"item-header\">\n            <figure class=\"image\"><img loading=\"lazy\" decoding=\"async\" width=\"215\" height=\"300\" src=\"https:\/\/webdali.latempesta.eu\/wp-content\/uploads\/2025\/07\/0952-large-215x300.jpg\" class=\"attachment-medium size-medium wp-post-image\" alt=\"\" srcset=\"https:\/\/webdali.latempesta.eu\/wp-content\/uploads\/2025\/07\/0952-large-215x300.jpg 215w, https:\/\/webdali.latempesta.eu\/wp-content\/uploads\/2025\/07\/0952-large-733x1024.jpg 733w, https:\/\/webdali.latempesta.eu\/wp-content\/uploads\/2025\/07\/0952-large-768x1073.jpg 768w, https:\/\/webdali.latempesta.eu\/wp-content\/uploads\/2025\/07\/0952-large.jpg 800w\" sizes=\"auto, (max-width: 215px) 100vw, 215px\" \/><\/figure>\n\n            <div class=\"item-location\">\n            Teatre-Museu Dal\u00ed            <\/div>\n\n            \n\n            \n\n        <\/div>\n        <div class=\"item-content\">\n\n                        <a href=\"https:\/\/webdali.latempesta.eu\/ca\/educacio-i-activitats\/activitat\/els-meus-pintors-predilectes-velazquez-vermeer-i-rafael\/\"><div class=\"title\">Els meus pintors predilectes: Vel\u00e1zquez, Vermeer i Rafael<\/div><\/a>\n            <div class=\"item-data\">\n            28 de setembre de 2024 - 31 d\u2019agost de 2025<br>            <\/div>\n            <div class=\"excerpt\">Vel\u00e1zquez, Vermeer i Rafael van ser fets amb un motlle incorruptible i s\u00f3n incorruptibles perqu\u00e8 s\u00f3n antiacad\u00e8mics.<\/div>\n        <\/div>\n\t\t\n\t<\/li>\n\t\n  \t<li class=\"grid-item\">\n\n        \t\t\n        <div class=\"item-header\">\n            <figure class=\"image\"><img loading=\"lazy\" decoding=\"async\" width=\"230\" height=\"300\" src=\"https:\/\/webdali.latempesta.eu\/wp-content\/uploads\/2025\/05\/01_85890dalivisitantmuseus_172969771977_1024-230x300.jpg\" class=\"attachment-medium size-medium wp-post-image\" alt=\"Dal\u00ed visitant el Museu del Louvre\" srcset=\"https:\/\/webdali.latempesta.eu\/wp-content\/uploads\/2025\/05\/01_85890dalivisitantmuseus_172969771977_1024-230x300.jpg 230w, https:\/\/webdali.latempesta.eu\/wp-content\/uploads\/2025\/05\/01_85890dalivisitantmuseus_172969771977_1024.jpg 589w\" sizes=\"auto, (max-width: 230px) 100vw, 230px\" \/><\/figure>\n\n            <div class=\"item-location\">\n            Teatre-Museu Dal\u00ed            <\/div>\n\n            \n\n            \n\n        <\/div>\n        <div class=\"item-content\">\n\n                        <a href=\"https:\/\/webdali.latempesta.eu\/ca\/educacio-i-activitats\/activitat\/laparell-fotografic-tou-una-visio-daliniana\/\"><div class=\"title\">L\u2019aparell fotogr\u00e0fic tou: una visi\u00f3 daliniana<\/div><\/a>\n            <div class=\"item-data\">\n            28 de setembre de 2024 - 31 d\u2019agost de 2025<br>            <\/div>\n            <div class=\"excerpt\">Aquesta exposici\u00f3 revela una dimensi\u00f3 poc explorada de la figura de Salvador Dal\u00ed: la d\u2019espectador. Una dimensi\u00f3 que, de fet, ens resulta molt m\u00e9s propera.<\/div>\n        <\/div>\n\t\t\n\t<\/li>\n\t\n  \t<li class=\"grid-item\">\n\n        \t\t\n        <div class=\"item-header\">\n            <figure class=\"image\"><img loading=\"lazy\" decoding=\"async\" width=\"212\" height=\"300\" src=\"https:\/\/webdali.latempesta.eu\/wp-content\/uploads\/2025\/07\/1074-large-212x300.jpg\" class=\"attachment-medium size-medium wp-post-image\" alt=\"\" srcset=\"https:\/\/webdali.latempesta.eu\/wp-content\/uploads\/2025\/07\/1074-large-212x300.jpg 212w, https:\/\/webdali.latempesta.eu\/wp-content\/uploads\/2025\/07\/1074-large-722x1024.jpg 722w, https:\/\/webdali.latempesta.eu\/wp-content\/uploads\/2025\/07\/1074-large-768x1089.jpg 768w, https:\/\/webdali.latempesta.eu\/wp-content\/uploads\/2025\/07\/1074-large.jpg 800w\" sizes=\"auto, (max-width: 212px) 100vw, 212px\" \/><\/figure>\n\n            <div class=\"item-location\">\n                        <\/div>\n\n            \n\n            \n\n        <\/div>\n        <div class=\"item-content\">\n\n                        <a href=\"https:\/\/exhibitions.salvador-dali.org\/\"><div class=\"title\">+ Exposicions<\/div><\/a>\n            <div class=\"item-data\">\n                        <\/div>\n            <div class=\"excerpt\">Fes clic aqu\u00ed per explorar les exposicions temporals passades<\/div>\n        <\/div>\n\t\t\n\t<\/li>\n\t\n  <\/ul>\n<\/div>\n\n\n\n<p><\/p>\n","protected":false},"excerpt":{"rendered":"<p>Idiomes<\/p>\n","protected":false},"author":8,"featured_media":13783,"parent":77,"menu_order":34,"comment_status":"closed","ping_status":"closed","template":"","meta":{"_acf_changed":false,"_coblocks_attr":"","_coblocks_dimensions":"","_coblocks_responsive_height":"","_coblocks_accordion_ie_support":"","footnotes":""},"categories":[],"tags":[],"class_list":["post-13777","page","type-page","status-publish","has-post-thumbnail","hentry"],"acf":[],"_links":{"self":[{"href":"https:\/\/webdali.latempesta.eu\/ca\/wp-json\/wp\/v2\/pages\/13777","targetHints":{"allow":["GET"]}}],"collection":[{"href":"https:\/\/webdali.latempesta.eu\/ca\/wp-json\/wp\/v2\/pages"}],"about":[{"href":"https:\/\/webdali.latempesta.eu\/ca\/wp-json\/wp\/v2\/types\/page"}],"author":[{"embeddable":true,"href":"https:\/\/webdali.latempesta.eu\/ca\/wp-json\/wp\/v2\/users\/8"}],"replies":[{"embeddable":true,"href":"https:\/\/webdali.latempesta.eu\/ca\/wp-json\/wp\/v2\/comments?post=13777"}],"version-history":[{"count":3,"href":"https:\/\/webdali.latempesta.eu\/ca\/wp-json\/wp\/v2\/pages\/13777\/revisions"}],"predecessor-version":[{"id":13904,"href":"https:\/\/webdali.latempesta.eu\/ca\/wp-json\/wp\/v2\/pages\/13777\/revisions\/13904"}],"up":[{"embeddable":true,"href":"https:\/\/webdali.latempesta.eu\/ca\/wp-json\/wp\/v2\/pages\/77"}],"wp:featuredmedia":[{"embeddable":true,"href":"https:\/\/webdali.latempesta.eu\/ca\/wp-json\/wp\/v2\/media\/13783"}],"wp:attachment":[{"href":"https:\/\/webdali.latempesta.eu\/ca\/wp-json\/wp\/v2\/media?parent=13777"}],"wp:term":[{"taxonomy":"category","embeddable":true,"href":"https:\/\/webdali.latempesta.eu\/ca\/wp-json\/wp\/v2\/categories?post=13777"},{"taxonomy":"post_tag","embeddable":true,"href":"https:\/\/webdali.latempesta.eu\/ca\/wp-json\/wp\/v2\/tags?post=13777"}],"curies":[{"name":"wp","href":"https:\/\/api.w.org\/{rel}","templated":true}]}}