{"id":14270,"date":"2025-12-10T08:55:00","date_gmt":"2025-12-10T07:55:00","guid":{"rendered":"https:\/\/webdali.latempesta.eu\/fundacio-dali\/dali-fellowship-programme\/"},"modified":"2025-12-10T11:11:27","modified_gmt":"2025-12-10T10:11:27","slug":"dali-fellowship-programme","status":"publish","type":"page","link":"https:\/\/webdali.latempesta.eu\/ca\/fundacio-dali\/beques\/dali-fellowship-programme\/","title":{"rendered":"Dal\u00ed Fellowship Programme"},"content":{"rendered":"\n<div class=\"wp-block-columns col-text col-2 is-layout-flex wp-container-core-columns-is-layout-9d6595d7 wp-block-columns-is-layout-flex\">\n<div class=\"wp-block-column is-layout-flow wp-block-column-is-layout-flow\">\n<h2 class=\"wp-block-heading\">El programa<\/h2>\n<\/div>\n\n\n\n<div class=\"wp-block-column is-layout-flow wp-block-column-is-layout-flow\">\n<p>La Fundaci\u00f3 Gala-Salvador Dal\u00ed (FGSD) ha creat el programa de beques i recerca <em>Dal\u00ed Fellowship Programme<\/em>, que t\u00e9 com a objectius, entre d\u2019altres, promoure la recerca de l\u2019obra i el pensament de Salvador Dal\u00ed, generar aliances amb universitats i institucions reconegudes i contribuir a l\u2019intercanvi de coneixements a trav\u00e9s d\u2019investigadors i estudiosos de l\u2019artista.<\/p>\n\n\n\n<p>Aquest 2026 s\u2019obre la primera convocat\u00f2ria del <em>Dal\u00ed Fellowship Programme<\/em> per mitj\u00e0 de la concessi\u00f3 de dues beques individuals a investigadors i estudiosos destinades a l\u2019elaboraci\u00f3 de projectes de recerca, preferentment en els \u00e0mbits tem\u00e0tics seg\u00fcents:<\/p>\n\n\n\n<ul class=\"wp-block-list\">\n<li>Dal\u00ed, l\u2019arquitectura i l\u2019escenografia<\/li>\n\n\n\n<li>Dal\u00ed performatiu<\/li>\n\n\n\n<li>Dal\u00ed i la ci\u00e8ncia<\/li>\n\n\n\n<li>Dal\u00ed i la cultura material<\/li>\n\n\n\n<li>Dal\u00ed i la moda<\/li>\n\n\n\n<li>Ressons de Dal\u00ed en l\u2019art contemporani<\/li>\n<\/ul>\n\n\n\n<p>El programa de beques ofereix a les persones seleccionades l\u2019oportunitat de fer la seva recerca a la seu de la FGSD a Figueres, just al costat del Teatre-Museu Dal\u00ed. Les persones benefici\u00e0ries tindran, entre altres avantatges, facilitats especials en l\u2019\u00fas dels recursos i bases de dades documentals, bibliogr\u00e0fics i digitals de la FGSD, un seguiment tutoritzat per part d\u2019una persona especialitzada de la FGSD propera a l\u2019\u00e0mbit del projecte i un espai de treball a la seu de la FGSD, com tamb\u00e9 facilitats d\u2019allotjament.<\/p>\n\n\n\n<p>Esperem la teva proposta de recerca, de la qual es valoraran la qualitat, l\u2019originalitat i el car\u00e0cter innovador en els \u00e0mbits esmentats.<\/p>\n<\/div>\n<\/div>\n\n\n\n<div class=\"wp-block-columns col-text col-2 is-layout-flex wp-container-core-columns-is-layout-9d6595d7 wp-block-columns-is-layout-flex\">\n<div class=\"wp-block-column is-layout-flow wp-block-column-is-layout-flow\">\n<h2 class=\"wp-block-heading\">Bases de la convocat\u00f2ria<\/h2>\n<\/div>\n\n\n\n<div class=\"wp-block-column is-layout-flow wp-block-column-is-layout-flow\">\n<p>Ja es poden consultar les <strong>bases de la convocat\u00f2ria 2026 del <em>Dal\u00ed Fellowship Programme<\/em><\/strong>, que estableixen les condicions generals, els requisits de participaci\u00f3, el procediment de sol\u00b7licitud i els criteris de selecci\u00f3 de les beques.<\/p>\n\n\n\n<p>Pots descarregar el document complet en format PDF a trav\u00e9s de l\u2019enlla\u00e7 seg\u00fcent:<\/p>\n\n\n\n<p><strong><a href=\"https:\/\/webdali.latempesta.eu\/wp-content\/uploads\/2025\/12\/CA_Convocatoria_2026.pdf\">Descarrega les bases de la convocat\u00f2ria 2026 (PDF)<\/a><\/strong><\/p>\n<\/div>\n<\/div>\n\n\n\n<div class=\"wp-block-columns col-text col-2 is-layout-flex wp-container-core-columns-is-layout-9d6595d7 wp-block-columns-is-layout-flex\">\n<div class=\"wp-block-column is-layout-flow wp-block-column-is-layout-flow\">\n<h2 class=\"wp-block-heading\">Sol\u00b7licita la Beca<\/h2>\n<\/div>\n\n\n\n<div class=\"wp-block-column is-layout-flow wp-block-column-is-layout-flow\">\n<p>Per participar en aquesta convocat\u00f2ria, completa el formulari seg\u00fcent amb les teves dades i la informaci\u00f3 requerida. Un cop enviat, rebr\u00e0s un correu de confirmaci\u00f3 de la inscripci\u00f3. Recomanem revisar pr\u00e8viament les bases i els requisits de participaci\u00f3 abans d\u2019enviar la documentaci\u00f3.<\/p>\n\n\n\n<div style=\"height:25px\" aria-hidden=\"true\" class=\"wp-block-spacer\"><\/div>\n<\/div>\n<\/div>\n\n\n\n<div class=\"wp-block-columns global-column contingut-ampliat is-layout-flex wp-container-core-columns-is-layout-9d6595d7 wp-block-columns-is-layout-flex\">\n<div class=\"wp-block-column is-layout-flow wp-block-column-is-layout-flow\" style=\"flex-basis:100%\">\n<div class=\"wp-block-buttons is-layout-flex wp-block-buttons-is-layout-flex\">\n    <div class=\"wp-block-button contingut-ampliat-boto\" data-class=\"contingut-ampliat integrat\">\n        <a class=\"wp-block-button__link wp-element-button\" tabindex=\"0\" >Formulari d&#8217;inscripci\u00f3<\/a>\n    <\/div>\n<\/div>\n\n\n\n\n\n\n\n\n\n\n\n<div class=\"wp-block-columns contingut-ampliat-content is-layout-flex wp-container-core-columns-is-layout-9d6595d7 wp-block-columns-is-layout-flex\">\n<div class=\"wp-block-column is-layout-flow wp-block-column-is-layout-flow\"><\/div>\n<\/div>\n<\/div>\n<\/div>\n\n\n\n<div style=\"height:100px\" aria-hidden=\"true\" class=\"wp-block-spacer\"><\/div>\n","protected":false},"excerpt":{"rendered":"<p>El programa La Fundaci\u00f3 Gala-Salvador Dal\u00ed (FGSD) ha creat el programa de beques i recerca Dal\u00ed Fellowship Programme, que t\u00e9 com a objectius, entre d\u2019altres, promoure la recerca de l\u2019obra i el pensament de Salvador Dal\u00ed, generar aliances amb universitats i institucions reconegudes i contribuir a l\u2019intercanvi de coneixements a trav\u00e9s d\u2019investigadors i estudiosos de [&hellip;]<\/p>\n","protected":false},"author":3,"featured_media":1383,"parent":14274,"menu_order":30,"comment_status":"closed","ping_status":"closed","template":"","meta":{"_acf_changed":false,"_coblocks_attr":"","_coblocks_dimensions":"","_coblocks_responsive_height":"","_coblocks_accordion_ie_support":"","footnotes":""},"categories":[],"tags":[],"class_list":["post-14270","page","type-page","status-publish","has-post-thumbnail","hentry"],"acf":[],"_links":{"self":[{"href":"https:\/\/webdali.latempesta.eu\/ca\/wp-json\/wp\/v2\/pages\/14270","targetHints":{"allow":["GET"]}}],"collection":[{"href":"https:\/\/webdali.latempesta.eu\/ca\/wp-json\/wp\/v2\/pages"}],"about":[{"href":"https:\/\/webdali.latempesta.eu\/ca\/wp-json\/wp\/v2\/types\/page"}],"author":[{"embeddable":true,"href":"https:\/\/webdali.latempesta.eu\/ca\/wp-json\/wp\/v2\/users\/3"}],"replies":[{"embeddable":true,"href":"https:\/\/webdali.latempesta.eu\/ca\/wp-json\/wp\/v2\/comments?post=14270"}],"version-history":[{"count":8,"href":"https:\/\/webdali.latempesta.eu\/ca\/wp-json\/wp\/v2\/pages\/14270\/revisions"}],"predecessor-version":[{"id":14573,"href":"https:\/\/webdali.latempesta.eu\/ca\/wp-json\/wp\/v2\/pages\/14270\/revisions\/14573"}],"up":[{"embeddable":true,"href":"https:\/\/webdali.latempesta.eu\/ca\/wp-json\/wp\/v2\/pages\/14274"}],"wp:featuredmedia":[{"embeddable":true,"href":"https:\/\/webdali.latempesta.eu\/ca\/wp-json\/wp\/v2\/media\/1383"}],"wp:attachment":[{"href":"https:\/\/webdali.latempesta.eu\/ca\/wp-json\/wp\/v2\/media?parent=14270"}],"wp:term":[{"taxonomy":"category","embeddable":true,"href":"https:\/\/webdali.latempesta.eu\/ca\/wp-json\/wp\/v2\/categories?post=14270"},{"taxonomy":"post_tag","embeddable":true,"href":"https:\/\/webdali.latempesta.eu\/ca\/wp-json\/wp\/v2\/tags?post=14270"}],"curies":[{"name":"wp","href":"https:\/\/api.w.org\/{rel}","templated":true}]}}