{"id":14924,"date":"2026-04-14T19:26:58","date_gmt":"2026-04-14T17:26:58","guid":{"rendered":"https:\/\/webdali.latempesta.eu\/?page_id=14924"},"modified":"2026-04-14T19:35:40","modified_gmt":"2026-04-14T17:35:40","slug":"intro","status":"publish","type":"page","link":"https:\/\/webdali.latempesta.eu\/ca\/cataleg-raonat-obra-grafica\/intro\/","title":{"rendered":"Sobre el Cat\u00e0leg Raonat d&#8217;Obra Gr\u00e0fica"},"content":{"rendered":"\n<p>El Cat\u00e0leg Raonat d&#8217;Obra Gr\u00e0fina de Salvador Dal\u00ed \u00e9s un publicaci\u00f3 digital Lorem ipsum dolor sit amet, consectetur adipiscing elit. Nullam pellentesque luctus augue sed lacinia. Cras at libero vitae justo dapibus convallis. Praesent tempus sapien nisl, ut bibendum enim rutrum a. Pellentesque eget dolor in mauris tincidunt ultrices nec id urna. Quisque ullamcorper justo a massa sodales, eu finibus orci ullamcorper. Donec eros nibh, semper vitae vestibulum et, semper sed metus. In rutrum et tortor sit amet vestibulum. Duis porta nisl condimentum mauris sagittis, ut convallis lorem placerat. Donec quis aliquet eros. Proin dictum erat nec nibh feugiat, sed porttitor libero imperdiet. Nulla varius arcu magna, nec viverra mauris porttitor at.<\/p>\n","protected":false},"excerpt":{"rendered":"<p>El Cat\u00e0leg Raonat d&#8217;Obra Gr\u00e0fina de Salvador Dal\u00ed \u00e9s un publicaci\u00f3 digital Lorem ipsum dolor sit amet, consectetur adipiscing elit. Nullam pellentesque luctus augue sed lacinia. Cras at libero vitae justo dapibus convallis. Praesent tempus sapien nisl, ut bibendum enim rutrum a. Pellentesque eget dolor in mauris tincidunt ultrices nec id urna. Quisque ullamcorper justo [&hellip;]<\/p>\n","protected":false},"author":1,"featured_media":8095,"parent":14913,"menu_order":1,"comment_status":"closed","ping_status":"closed","template":"page-sobre-raonat.php","meta":{"_acf_changed":false,"_coblocks_attr":"","_coblocks_dimensions":"","_coblocks_responsive_height":"","_coblocks_accordion_ie_support":"","footnotes":""},"categories":[],"tags":[],"class_list":["post-14924","page","type-page","status-publish","has-post-thumbnail","hentry"],"acf":[],"_links":{"self":[{"href":"https:\/\/webdali.latempesta.eu\/ca\/wp-json\/wp\/v2\/pages\/14924","targetHints":{"allow":["GET"]}}],"collection":[{"href":"https:\/\/webdali.latempesta.eu\/ca\/wp-json\/wp\/v2\/pages"}],"about":[{"href":"https:\/\/webdali.latempesta.eu\/ca\/wp-json\/wp\/v2\/types\/page"}],"author":[{"embeddable":true,"href":"https:\/\/webdali.latempesta.eu\/ca\/wp-json\/wp\/v2\/users\/1"}],"replies":[{"embeddable":true,"href":"https:\/\/webdali.latempesta.eu\/ca\/wp-json\/wp\/v2\/comments?post=14924"}],"version-history":[{"count":1,"href":"https:\/\/webdali.latempesta.eu\/ca\/wp-json\/wp\/v2\/pages\/14924\/revisions"}],"predecessor-version":[{"id":14925,"href":"https:\/\/webdali.latempesta.eu\/ca\/wp-json\/wp\/v2\/pages\/14924\/revisions\/14925"}],"up":[{"embeddable":true,"href":"https:\/\/webdali.latempesta.eu\/ca\/wp-json\/wp\/v2\/pages\/14913"}],"wp:featuredmedia":[{"embeddable":true,"href":"https:\/\/webdali.latempesta.eu\/ca\/wp-json\/wp\/v2\/media\/8095"}],"wp:attachment":[{"href":"https:\/\/webdali.latempesta.eu\/ca\/wp-json\/wp\/v2\/media?parent=14924"}],"wp:term":[{"taxonomy":"category","embeddable":true,"href":"https:\/\/webdali.latempesta.eu\/ca\/wp-json\/wp\/v2\/categories?post=14924"},{"taxonomy":"post_tag","embeddable":true,"href":"https:\/\/webdali.latempesta.eu\/ca\/wp-json\/wp\/v2\/tags?post=14924"}],"curies":[{"name":"wp","href":"https:\/\/api.w.org\/{rel}","templated":true}]}}