{"id":2015,"date":"2025-03-12T14:51:08","date_gmt":"2025-03-12T12:51:08","guid":{"rendered":"https:\/\/webdali.latempesta.eu\/obra\/conservacio-i-restauracio\/obres-que-viatgen\/"},"modified":"2025-07-01T16:53:05","modified_gmt":"2025-07-01T14:53:05","slug":"obres-que-viatgen","status":"publish","type":"page","link":"https:\/\/webdali.latempesta.eu\/ca\/obra\/conservacio-i-restauracio\/obres-que-viatgen\/","title":{"rendered":"Obres que viatgen"},"content":{"rendered":"\n<div class=\"wp-block-columns global-column is-layout-flex wp-container-core-columns-is-layout-9d6595d7 wp-block-columns-is-layout-flex\">\n<div class=\"wp-block-column is-layout-flow wp-block-column-is-layout-flow\">\n<p class=\"entradeta\">El Departament es responsabilitza dels aspectes de la conservaci\u00f3 de les obres durant els pr\u00e9stecs i les exposicions, a fi de minimitzar els factors de risc que comporta tot moviment d&#8217;obres d&#8217;art.<\/p>\n\n\n\n<p>En la preparaci\u00f3 de les obres que es presten, es realitzen diversos processos que garanteixen les millors condicions de conservaci\u00f3. Abans de deixar una pe\u00e7a en pr\u00e9stec, es fa una revisi\u00f3 i valoraci\u00f3 de l&#8217;estat de conservaci\u00f3 d&#8217;aquesta. Un cop aprovat, s&#8217;inicia el proc\u00e9s de preparaci\u00f3 en el departament de Conservaci\u00f3 i Restauraci\u00f3 fins a la seva sortida. Aquest consisteix en la revisi\u00f3 de l&#8217;estat de conservaci\u00f3, l&#8217;elaboraci\u00f3 d&#8217;informes de condici\u00f3 de les obres prestades, el qual inclou un mapatge digital d\u2019afectacions de la pintura, aix\u00ed com la revisi\u00f3 de l\u2019estat del marc que el protegeix.<\/p>\n<\/div>\n<\/div>\n\n\n    <div  class=\"wp-block-columns swiper-column  intro intro-images bloc-destacats imatges\" style=\"background-image: linear-gradient(to right, white, white)\">\n        <div class=\"wp-block-column\">\n            <div id=\"swiper-69ff2dc7d9624\" class=\"swiper destacats dues\" >\n                <div class=\"swiper-wrapper\">\n\n                                            <div class=\"swiper-slide intro\">\n                            <span class=\"image-background\" style=\"background-image:url(https:\/\/webdali.latempesta.eu\/wp-content\/uploads\/2025\/03\/03_CorreuMapfre-1024x768.jpg)\"><\/span>\n                            \n                        <\/div>\n                        <div class=\"swiper-slide\">\n                           <div class=\"descripcio\">\n                            <h2>La prevenci\u00f3 com a prioritat<\/h2>\n                            <p>Per garantir la seguretat i la conservaci\u00f3 d\u2019aquestes peces en el lloc de dest\u00ed, un\/a del\/es restauradors\/es viatja com a correu al lloc de l\u2019exposici\u00f3. La seva tasca \u00e9s supervisar l\u2019arribada de les obres prestades, revisar-ne l\u2019estat i assegurar la seva correcta ubicaci\u00f3 a l\u2019espai expositiu, tant a les parets com a les vitrines, a fi de garantir que tot el proc\u00e9s es desenvolupi sense incid\u00e8ncies.<\/p>\n                            <\/div>\n\n                            \n                            \n                        <\/div>\n                    \n\n                    \n                        \n                        <div class=\"swiper-slide\">\n                                                            <figure>\n                                    <a data-fancybox=\"gallery-69ff2dc7d9624\" data-src=\"https:\/\/webdali.latempesta.eu\/wp-content\/uploads\/2025\/03\/00_RevisioPrestecPompidou-scaled.jpg\" data-caption=\"Revisi\u00f3 de l\u2019estat de conservaci\u00f3 i realitzaci\u00f3 del informe de condici\u00f3 de viatge.\">\n                                        <img decoding=\"async\" src=\"https:\/\/webdali.latempesta.eu\/wp-content\/uploads\/2025\/03\/00_RevisioPrestecPompidou-1024x768.jpg\" alt=\"Revisi\u00f3 de l\u2019estat de conservaci\u00f3 i realitzaci\u00f3 del informe de condici\u00f3 de viatge.\"> \n\t\t\t\t          \t\t\t<\/a>\n                                                                        <figcaption class=\"custom-caption\">Revisi\u00f3 de l\u2019estat de conservaci\u00f3 i realitzaci\u00f3 del informe de condici\u00f3 de viatge.<\/figcaption>\n                                <\/figure>\n                                                    <\/div>\n\n                    \n                        \n                        <div class=\"swiper-slide\">\n                                                            <figure>\n                                    <a data-fancybox=\"gallery-69ff2dc7d9624\" data-src=\"https:\/\/webdali.latempesta.eu\/wp-content\/uploads\/2025\/03\/2012_exporoma_36_c_523baixa_editora_77_11_4_800.jpg\" data-caption=\"Durant el pr\u00e9stec, els gravats viatgen en caixes especials.\">\n                                        <img decoding=\"async\" src=\"https:\/\/webdali.latempesta.eu\/wp-content\/uploads\/2025\/03\/2012_exporoma_36_c_523baixa_editora_77_11_4_800-678x1024.jpg\" alt=\"Durant el pr\u00e9stec, els gravats viatgen en caixes especials.\"> \n\t\t\t\t          \t\t\t<\/a>\n                                                                        <figcaption class=\"custom-caption\">Durant el pr\u00e9stec, els gravats viatgen en caixes especials.<\/figcaption>\n                                <\/figure>\n                                                    <\/div>\n\n                    \n                        \n                        <div class=\"swiper-slide\">\n                                                            <figure>\n                                    <a data-fancybox=\"gallery-69ff2dc7d9624\" data-src=\"https:\/\/webdali.latempesta.eu\/wp-content\/uploads\/2025\/03\/img_1951baixa_editora_77_11_5_800.jpg\" data-caption=\"El correu supervisa la instal\u00b7laci\u00f3 de Bust de dona retrospectiu a Roma.\">\n                                        <img decoding=\"async\" src=\"https:\/\/webdali.latempesta.eu\/wp-content\/uploads\/2025\/03\/img_1951baixa_editora_77_11_5_800.jpg\" alt=\"El correu supervisa la instal\u00b7laci\u00f3 de Bust de dona retrospectiu a Roma.\"> \n\t\t\t\t          \t\t\t<\/a>\n                                                                        <figcaption class=\"custom-caption\">El correu supervisa la instal\u00b7laci\u00f3 de Bust de dona retrospectiu a Roma.<\/figcaption>\n                                <\/figure>\n                                                    <\/div>\n\n                    \n                        \n                        <div class=\"swiper-slide\">\n                                                            <figure>\n                                    <a data-fancybox=\"gallery-69ff2dc7d9624\" data-src=\"https:\/\/webdali.latempesta.eu\/wp-content\/uploads\/2025\/03\/img_8005baixa_editora_77_11_6_800.jpg\" data-caption=\"El correu comprova l\u2019estat de condici\u00f3 de la pintura amb l\u2019informe de viatge.\">\n                                        <img decoding=\"async\" src=\"https:\/\/webdali.latempesta.eu\/wp-content\/uploads\/2025\/03\/img_8005baixa_editora_77_11_6_800.jpg\" alt=\"El correu comprova l\u2019estat de condici\u00f3 de la pintura amb l\u2019informe de viatge.\"> \n\t\t\t\t          \t\t\t<\/a>\n                                                                        <figcaption class=\"custom-caption\">El correu comprova l\u2019estat de condici\u00f3 de la pintura amb l\u2019informe de viatge.<\/figcaption>\n                                <\/figure>\n                                                    <\/div>\n\n                    \n                        \n                        <div class=\"swiper-slide\">\n                                                            <figure>\n                                    <a data-fancybox=\"gallery-69ff2dc7d9624\" data-src=\"https:\/\/webdali.latempesta.eu\/wp-content\/uploads\/2025\/03\/img_5036_editora_77_11_1_800.jpg\" data-caption=\"Abans del pr\u00e9stec es realitzen millores en els marcs.\">\n                                        <img decoding=\"async\" src=\"https:\/\/webdali.latempesta.eu\/wp-content\/uploads\/2025\/03\/img_5036_editora_77_11_1_800.jpg\" alt=\"Abans del pr\u00e9stec es realitzen millores en els marcs.\"> \n\t\t\t\t          \t\t\t<\/a>\n                                                                        <figcaption class=\"custom-caption\">Abans del pr\u00e9stec es realitzen millores en els marcs.<\/figcaption>\n                                <\/figure>\n                                                    <\/div>\n\n                                    <\/div>\n                <!-- Swiper navigation buttons -->\n                <div class=\"swiper-button-prev\">\n                    <span class=\"screen-reader-text\">Diapositiva anterior<\/span>\n                <\/div>\n                <div class=\"swiper-button-next\">\n                    <span class=\"screen-reader-text\">Diapositiva seg\u00fcent<\/span>\n                <\/div>\n            <\/div>\n        <\/div>\n    <\/div>\n\n\n\n<!-- Swiper JS -->\n<script src=\"https:\/\/cdn.jsdelivr.net\/npm\/swiper@11\/swiper-bundle.min.js\"><\/script>\n\n<!-- Initialize Swiper -->\n<script>\n\njQuery( document ).ready(function() {      \n\n    Tipus = 'intro-images';\n\n    updateSpaceBetween();\n    spaceBetweenInicial = 60;\n    \n    if (Tipus=='intro-images' ) {\n    \/\/    spaceBetweenValueModul = 0;\n    }\n\n\n\n    console.log(\"spaceBetweenValueModul\",spaceBetweenValueModul);\n\n    var swiper = new Swiper(\"#swiper-69ff2dc7d9624\", {\n      slidesPerView: \"auto\",\n      spaceBetween: spaceBetweenInicial,\n      \tfreeMode: true,\n\t  \tbreakpoints: {\n\t        \/\/ Quan l'amplada de la pantalla sigui major a 1024px\n\t        1024: {\n\t            spaceBetween: spaceBetweenValue,\n\t        },\n\t    },\n        \/\/ Navigation arrows\n        navigation: {\n            nextEl: '.swiper-button-next',\n            prevEl: '.swiper-button-prev',\n        },\n        mousewheel: {\n            releaseOnEdges: true,\n            forceToAxis: true,\n            sensitivity:    1,\n        },\n        a11y: {\n            prevSlideMessage: 'Diapositiva anterior',\n            nextSlideMessage: 'Diapositiva seg\u00fcent',\n        },\n    });\n\n\n \n\n\n    \/*\n    jQuery('.bloc-destacats').each(function() {\n        const nextDiv = jQuery(this).next('div');\n        if (nextDiv.hasClass('contingut-ampliat')) {\n            console.log('T\u00e9 .contingut-ampliat despr\u00e9s');\n            \/\/ Aqu\u00ed pots fer accions, per exemple:\n            \/\/ $nextDiv.addClass('marcat'); o $(this).append($nextDiv);\n        }\n    });\n    *\/\n})\n<\/script>\n\n","protected":false},"excerpt":{"rendered":"<p>El Departament es responsabilitza dels aspectes de la conservaci\u00f3 de les obres durant els pr\u00e9stecs i les exposicions, a fi de minimitzar els factors de risc que comporta tot moviment d&#8217;obres d&#8217;art. En la preparaci\u00f3 de les obres que es presten, es realitzen diversos processos que garanteixen les millors condicions de conservaci\u00f3. Abans de deixar [&hellip;]<\/p>\n","protected":false},"author":3,"featured_media":2358,"parent":1996,"menu_order":370,"comment_status":"closed","ping_status":"closed","template":"","meta":{"_acf_changed":false,"_coblocks_attr":"","_coblocks_dimensions":"","_coblocks_responsive_height":"","_coblocks_accordion_ie_support":"","footnotes":""},"categories":[],"tags":[],"class_list":["post-2015","page","type-page","status-publish","has-post-thumbnail","hentry"],"acf":[],"_links":{"self":[{"href":"https:\/\/webdali.latempesta.eu\/ca\/wp-json\/wp\/v2\/pages\/2015","targetHints":{"allow":["GET"]}}],"collection":[{"href":"https:\/\/webdali.latempesta.eu\/ca\/wp-json\/wp\/v2\/pages"}],"about":[{"href":"https:\/\/webdali.latempesta.eu\/ca\/wp-json\/wp\/v2\/types\/page"}],"author":[{"embeddable":true,"href":"https:\/\/webdali.latempesta.eu\/ca\/wp-json\/wp\/v2\/users\/3"}],"replies":[{"embeddable":true,"href":"https:\/\/webdali.latempesta.eu\/ca\/wp-json\/wp\/v2\/comments?post=2015"}],"version-history":[{"count":0,"href":"https:\/\/webdali.latempesta.eu\/ca\/wp-json\/wp\/v2\/pages\/2015\/revisions"}],"up":[{"embeddable":true,"href":"https:\/\/webdali.latempesta.eu\/ca\/wp-json\/wp\/v2\/pages\/1996"}],"wp:featuredmedia":[{"embeddable":true,"href":"https:\/\/webdali.latempesta.eu\/ca\/wp-json\/wp\/v2\/media\/2358"}],"wp:attachment":[{"href":"https:\/\/webdali.latempesta.eu\/ca\/wp-json\/wp\/v2\/media?parent=2015"}],"wp:term":[{"taxonomy":"category","embeddable":true,"href":"https:\/\/webdali.latempesta.eu\/ca\/wp-json\/wp\/v2\/categories?post=2015"},{"taxonomy":"post_tag","embeddable":true,"href":"https:\/\/webdali.latempesta.eu\/ca\/wp-json\/wp\/v2\/tags?post=2015"}],"curies":[{"name":"wp","href":"https:\/\/api.w.org\/{rel}","templated":true}]}}