{"id":2089,"date":"2025-03-14T14:49:22","date_gmt":"2025-03-14T12:49:22","guid":{"rendered":"https:\/\/webdali.latempesta.eu\/?page_id=2089"},"modified":"2025-07-01T16:51:36","modified_gmt":"2025-07-01T14:51:36","slug":"restauracio-de-la-barca-de-gala","status":"publish","type":"page","link":"https:\/\/webdali.latempesta.eu\/ca\/obra\/conservacio-i-restauracio\/restauracio-de-la-barca-de-gala\/","title":{"rendered":"Restauraci\u00f3 de la barca de Gala"},"content":{"rendered":"\n<div class=\"wp-block-columns global-column is-layout-flex wp-container-core-columns-is-layout-9d6595d7 wp-block-columns-is-layout-flex\">\n<div class=\"wp-block-column is-layout-flow wp-block-column-is-layout-flow\">\n<p class=\"wp-block-custom-entradeta entradeta\">El pla de revisi\u00f3 i manteniment peri\u00f2dic de les obres exposades a l\u2019exterior ens indica els tractaments que cal fer i la prioritat que tenen. Un exemple d\u2019aix\u00f2 \u00e9s la intervenci\u00f3 integral duta a terme ja fa uns anys a la barca de Gala.<\/p>\n<\/div>\n<\/div>\n\n\n    <div  class=\"wp-block-columns swiper-column  intro intro-images bloc-destacats imatges\" style=\"background-image: linear-gradient(to right, white, white)\">\n        <div class=\"wp-block-column\">\n            <div id=\"swiper-69ff3b89448db\" class=\"swiper destacats dues\" >\n                <div class=\"swiper-wrapper\">\n\n                                            <div class=\"swiper-slide intro\">\n                            <span class=\"image-background\" style=\"background-image:url(https:\/\/webdali.latempesta.eu\/wp-content\/uploads\/2025\/06\/barca-de-gala-2.jpg)\"><\/span>\n                            \n                        <\/div>\n                        <div class=\"swiper-slide\">\n                           <div class=\"descripcio\">\n                            <h2>Un repte definit per la pluja<\/h2>\n                            <p>El problema principal que presentava la barca era que s\u2019acumulava l\u2019aigua de pluja al seu interior, fet que n\u2019havia anat deteriorant l\u2019estructura de fusta. Es van examinar la condici\u00f3 i les degradacions dels materials: la barca de fusta, les enormes crosses met\u00e0l\u00b7liques que la sustenten, les veles i l\u2019aparell mec\u00e0nic que controla l\u2019obertura del paraigua del capdamunt del pal. Durant gaireb\u00e9 dos mesos, enfilats dalt d\u2019una bastida de 14 metres, els restauradors i l\u2019equip de t\u00e8cnics, coordinats pel departament, van sanejar les estructures met\u00e0l\u00b7liques, van consolidar la carcassa de fusta, van restaurar els elements de poli\u00e8ster de la barca i van netejar la vela i el motor que obre el paraigua que la corona, amb uns resultats molt satisfactoris.<\/p>\n                            <\/div>\n\n                            \n                            \n                        <\/div>\n                    \n\n                    \n                        \n                        <div class=\"swiper-slide\">\n                                                            <figure>\n                                    <a data-fancybox=\"gallery-69ff3b89448db\" data-src=\"https:\/\/webdali.latempesta.eu\/wp-content\/uploads\/2025\/06\/barca-de-gala-3.jpg\" data-caption=\"Sanejament de la pintura i la fusta de la barca.\">\n                                        <img decoding=\"async\" src=\"https:\/\/webdali.latempesta.eu\/wp-content\/uploads\/2025\/06\/barca-de-gala-3.jpg\" alt=\"Sanejament de la pintura i la fusta de la barca.\"> \n\t\t\t\t          \t\t\t<\/a>\n                                                                        <figcaption class=\"custom-caption\">Sanejament de la pintura i la fusta de la barca.<\/figcaption>\n                                <\/figure>\n                                                    <\/div>\n\n                    \n                        \n                        <div class=\"swiper-slide\">\n                                                            <figure>\n                                    <a data-fancybox=\"gallery-69ff3b89448db\" data-src=\"https:\/\/webdali.latempesta.eu\/wp-content\/uploads\/2025\/06\/barca-de-gala-4.jpg\" data-caption=\"Les inspeccions pr\u00e8vies a les actuacions es realitzen amb una cistella a 15 m.\">\n                                        <img decoding=\"async\" src=\"https:\/\/webdali.latempesta.eu\/wp-content\/uploads\/2025\/06\/barca-de-gala-4.jpg\" alt=\"Les inspeccions pr\u00e8vies a les actuacions es realitzen amb una cistella a 15 m.\"> \n\t\t\t\t          \t\t\t<\/a>\n                                                                        <figcaption class=\"custom-caption\">Les inspeccions pr\u00e8vies a les actuacions es realitzen amb una cistella a 15 m.<\/figcaption>\n                                <\/figure>\n                                                    <\/div>\n\n                    \n                        \n                        <div class=\"swiper-slide\">\n                                                            <figure>\n                                    <a data-fancybox=\"gallery-69ff3b89448db\" data-src=\"https:\/\/webdali.latempesta.eu\/wp-content\/uploads\/2025\/06\/barca-de-gala-5.jpg\" data-caption=\"La barca de Gala restaurada al damunt de les grans crosses de ferro.\">\n                                        <img decoding=\"async\" src=\"https:\/\/webdali.latempesta.eu\/wp-content\/uploads\/2025\/06\/barca-de-gala-5.jpg\" alt=\"La barca de Gala restaurada al damunt de les grans crosses de ferro.\"> \n\t\t\t\t          \t\t\t<\/a>\n                                                                        <figcaption class=\"custom-caption\">La barca de Gala restaurada al damunt de les grans crosses de ferro.<\/figcaption>\n                                <\/figure>\n                                                    <\/div>\n\n                    \n                        \n                        <div class=\"swiper-slide\">\n                                                            <figure>\n                                    <a data-fancybox=\"gallery-69ff3b89448db\" data-src=\"https:\/\/webdali.latempesta.eu\/wp-content\/uploads\/2025\/06\/barca-de-gala-6.jpg\" data-caption=\"Restauraci\u00f3 de les gotes blaves i altres elements de poli\u00e8ster de la barca.\">\n                                        <img decoding=\"async\" src=\"https:\/\/webdali.latempesta.eu\/wp-content\/uploads\/2025\/06\/barca-de-gala-6.jpg\" alt=\"Restauraci\u00f3 de les gotes blaves i altres elements de poli\u00e8ster de la barca.\"> \n\t\t\t\t          \t\t\t<\/a>\n                                                                        <figcaption class=\"custom-caption\">Restauraci\u00f3 de les gotes blaves i altres elements de poli\u00e8ster de la barca.<\/figcaption>\n                                <\/figure>\n                                                    <\/div>\n\n                    \n                        \n                        <div class=\"swiper-slide\">\n                                                            <figure>\n                                    <a data-fancybox=\"gallery-69ff3b89448db\" data-src=\"https:\/\/webdali.latempesta.eu\/wp-content\/uploads\/2025\/06\/barca-de-gala-1.jpg\" data-caption=\"Vista superior durant el proc\u00e9s de consolidaci\u00f3 de la carcassa de fusta.\">\n                                        <img decoding=\"async\" src=\"https:\/\/webdali.latempesta.eu\/wp-content\/uploads\/2025\/06\/barca-de-gala-1.jpg\" alt=\"Vista superior durant el proc\u00e9s de consolidaci\u00f3 de la carcassa de fusta.\"> \n\t\t\t\t          \t\t\t<\/a>\n                                                                        <figcaption class=\"custom-caption\">Vista superior durant el proc\u00e9s de consolidaci\u00f3 de la carcassa de fusta.<\/figcaption>\n                                <\/figure>\n                                                    <\/div>\n\n                                    <\/div>\n                <!-- Swiper navigation buttons -->\n                <div class=\"swiper-button-prev\">\n                    <span class=\"screen-reader-text\">Diapositiva anterior<\/span>\n                <\/div>\n                <div class=\"swiper-button-next\">\n                    <span class=\"screen-reader-text\">Diapositiva seg\u00fcent<\/span>\n                <\/div>\n            <\/div>\n        <\/div>\n    <\/div>\n\n\n\n<!-- Swiper JS -->\n<script src=\"https:\/\/cdn.jsdelivr.net\/npm\/swiper@11\/swiper-bundle.min.js\"><\/script>\n\n<!-- Initialize Swiper -->\n<script>\n\njQuery( document ).ready(function() {      \n\n    Tipus = 'intro-images';\n\n    updateSpaceBetween();\n    spaceBetweenInicial = 60;\n    \n    if (Tipus=='intro-images' ) {\n    \/\/    spaceBetweenValueModul = 0;\n    }\n\n\n\n    console.log(\"spaceBetweenValueModul\",spaceBetweenValueModul);\n\n    var swiper = new Swiper(\"#swiper-69ff3b89448db\", {\n      slidesPerView: \"auto\",\n      spaceBetween: spaceBetweenInicial,\n      \tfreeMode: true,\n\t  \tbreakpoints: {\n\t        \/\/ Quan l'amplada de la pantalla sigui major a 1024px\n\t        1024: {\n\t            spaceBetween: spaceBetweenValue,\n\t        },\n\t    },\n        \/\/ Navigation arrows\n        navigation: {\n            nextEl: '.swiper-button-next',\n            prevEl: '.swiper-button-prev',\n        },\n        mousewheel: {\n            releaseOnEdges: true,\n            forceToAxis: true,\n            sensitivity:    1,\n        },\n        a11y: {\n            prevSlideMessage: 'Diapositiva anterior',\n            nextSlideMessage: 'Diapositiva seg\u00fcent',\n        },\n    });\n\n\n \n\n\n    \/*\n    jQuery('.bloc-destacats').each(function() {\n        const nextDiv = jQuery(this).next('div');\n        if (nextDiv.hasClass('contingut-ampliat')) {\n            console.log('T\u00e9 .contingut-ampliat despr\u00e9s');\n            \/\/ Aqu\u00ed pots fer accions, per exemple:\n            \/\/ $nextDiv.addClass('marcat'); o $(this).append($nextDiv);\n        }\n    });\n    *\/\n})\n<\/script>\n\n","protected":false},"excerpt":{"rendered":"","protected":false},"author":3,"featured_media":2090,"parent":1996,"menu_order":320,"comment_status":"closed","ping_status":"closed","template":"","meta":{"_acf_changed":false,"_coblocks_attr":"","_coblocks_dimensions":"","_coblocks_responsive_height":"","_coblocks_accordion_ie_support":"","footnotes":""},"categories":[],"tags":[],"class_list":["post-2089","page","type-page","status-publish","has-post-thumbnail","hentry"],"acf":[],"_links":{"self":[{"href":"https:\/\/webdali.latempesta.eu\/ca\/wp-json\/wp\/v2\/pages\/2089","targetHints":{"allow":["GET"]}}],"collection":[{"href":"https:\/\/webdali.latempesta.eu\/ca\/wp-json\/wp\/v2\/pages"}],"about":[{"href":"https:\/\/webdali.latempesta.eu\/ca\/wp-json\/wp\/v2\/types\/page"}],"author":[{"embeddable":true,"href":"https:\/\/webdali.latempesta.eu\/ca\/wp-json\/wp\/v2\/users\/3"}],"replies":[{"embeddable":true,"href":"https:\/\/webdali.latempesta.eu\/ca\/wp-json\/wp\/v2\/comments?post=2089"}],"version-history":[{"count":0,"href":"https:\/\/webdali.latempesta.eu\/ca\/wp-json\/wp\/v2\/pages\/2089\/revisions"}],"up":[{"embeddable":true,"href":"https:\/\/webdali.latempesta.eu\/ca\/wp-json\/wp\/v2\/pages\/1996"}],"wp:featuredmedia":[{"embeddable":true,"href":"https:\/\/webdali.latempesta.eu\/ca\/wp-json\/wp\/v2\/media\/2090"}],"wp:attachment":[{"href":"https:\/\/webdali.latempesta.eu\/ca\/wp-json\/wp\/v2\/media?parent=2089"}],"wp:term":[{"taxonomy":"category","embeddable":true,"href":"https:\/\/webdali.latempesta.eu\/ca\/wp-json\/wp\/v2\/categories?post=2089"},{"taxonomy":"post_tag","embeddable":true,"href":"https:\/\/webdali.latempesta.eu\/ca\/wp-json\/wp\/v2\/tags?post=2089"}],"curies":[{"name":"wp","href":"https:\/\/api.w.org\/{rel}","templated":true}]}}