{"id":2095,"date":"2025-03-14T14:51:00","date_gmt":"2025-03-14T12:51:00","guid":{"rendered":"https:\/\/webdali.latempesta.eu\/?page_id=2095"},"modified":"2025-07-03T12:41:43","modified_gmt":"2025-07-03T10:41:43","slug":"intervencions-en-obres-pictoriques","status":"publish","type":"page","link":"https:\/\/webdali.latempesta.eu\/ca\/obra\/conservacio-i-restauracio\/intervencions-en-obres-pictoriques\/","title":{"rendered":"Intervencions en obres pict\u00f2riques"},"content":{"rendered":"\n<div class=\"wp-block-columns global-column is-layout-flex wp-container-core-columns-is-layout-9d6595d7 wp-block-columns-is-layout-flex\">\n<div class=\"wp-block-column is-layout-flow wp-block-column-is-layout-flow\">\n<p class=\"wp-block-custom-entradeta entradeta\"><em>Taula davant el mar. Homenatge a Eric Satie&nbsp;<\/em>\u00e9s una obra de primera \u00e8poca pintada el 1926. Es tracta d\u2019un quadre de 150 x 90 cent\u00edmetres que, com en altres ocasions en aquest per\u00edode, Dal\u00ed va pintar a l\u2019oli directament sobre la tela i va deixar la preparaci\u00f3 industrial al revers. Aquest procediment real\u00e7a la textura de la tela i li permet jugar tamb\u00e9 amb el color del suport t\u00e8xtil a les zones ocres.<\/p>\n<\/div>\n<\/div>\n\n\n    <div  class=\"wp-block-columns swiper-column  intro intro-images bloc-destacats imatges\" style=\"background-image: linear-gradient(to right, white, white)\">\n        <div class=\"wp-block-column\">\n            <div id=\"swiper-69ff2dd3d61c2\" class=\"swiper destacats dues\" >\n                <div class=\"swiper-wrapper\">\n\n                                            <div class=\"swiper-slide intro\">\n                            <span class=\"image-background\" style=\"background-image:url(https:\/\/webdali.latempesta.eu\/wp-content\/uploads\/2025\/03\/eric_satie__entrada_editora_77_8_1_800.jpg)\"><\/span>\n                            \n                        <\/div>\n                        <div class=\"swiper-slide\">\n                           <div class=\"descripcio\">\n                            <h2>Restaurar una obra restaurada<\/h2>\n                            <p>L\u2019obra estava emmagatzemada a les reserves de la Fundaci\u00f3 i presentava un gran estrip des de feia anys a la part superior central de la tela, al costat del cap del personatge pintat. En una restauraci\u00f3 molt anterior es va consolidar el tall aplicant-hi un peda\u00e7 de tela pel revers, per\u00f2 els resultats no van ser satisfactoris: el peda\u00e7 es desencolava i provocava deformacions a la tela. A m\u00e9s, es van col\u00b7locar bandes en el per\u00edmetre de l\u2019obra per refor\u00e7ar els laterals de la pintura i tensar-los al bastidor. Els marges presentaven restes de cola i de paper adherits a la pintura, probablement provinents d\u2019alguna cinta de paper autoadhesiu de l\u2019emmarcament, i als quatre angles la tela estava desenganxada i esfilagarsada. Tamb\u00e9 s\u2019observaven p\u00e8rdues petites i puntuals de capa pict\u00f2rica a la cara i a la cama vermella del personatge.<\/p>\n<p>Despr\u00e9s de l\u2019examen de l\u2019obra amb diversos tipus de llum, el proc\u00e9s de conservaci\u00f3 i restauraci\u00f3 es va iniciar amb la neteja superficial general i l\u2019eliminaci\u00f3 del peda\u00e7 de tela mig desencolat. Tot seguit, es van aplanar les deformacions de la zona de l\u2019estrip amb humitat i pes controlats i es van recol\u00b7locar, unint fil per fil amb un adhesiu adequat totes les fibres t\u00e8xtils esfilagarsades del tall per consolidar-les.<\/p>\n<p>Els marges de la pintura es van refor\u00e7ar i netejar i, d\u2019aquesta manera, es van eliminar les restes de cola i de paper. Finalment, es van estucar i reintegrar crom\u00e0ticament les petites p\u00e8rdues de capa pict\u00f2rica tant de la zona de l\u2019estrip com dels marges, per aconseguir la unitat est\u00e8tica de l\u2019obra.<\/p>\n                            <\/div>\n\n                            \n                            \n                        <\/div>\n                    \n\n                    \n                        \n                        <div class=\"swiper-slide\">\n                                                            <figure>\n                                    <a data-fancybox=\"gallery-69ff2dd3d61c2\" data-src=\"https:\/\/webdali.latempesta.eu\/wp-content\/uploads\/2025\/06\/Intervencio-obres-pictoriques-2.jpg\" data-caption=\"&lt;em&gt;Taula davant el mar Homenatge a Eric Satie&lt;\/em&gt;, 1926 \u00a9 Salvador Dal\u00ed, Fundaci\u00f3 Gala-Salvador Dal\u00ed, Figueres, 2025\">\n                                        <img decoding=\"async\" src=\"https:\/\/webdali.latempesta.eu\/wp-content\/uploads\/2025\/06\/Intervencio-obres-pictoriques-2.jpg\" alt=\"Taula davant el mar Homenatge a Eric Satie, 1926 \u00a9 Salvador Dal\u00ed, Fundaci\u00f3 Gala-Salvador Dal\u00ed, Figueres, 2025\"> \n\t\t\t\t          \t\t\t<\/a>\n                                                                        <figcaption class=\"custom-caption\">&lt;em&gt;Taula davant el mar Homenatge a Eric Satie&lt;\/em&gt;, 1926 \u00a9 Salvador Dal\u00ed, Fundaci\u00f3 Gala-Salvador Dal\u00ed, Figueres, 2025<\/figcaption>\n                                <\/figure>\n                                                    <\/div>\n\n                    \n                        \n                        <div class=\"swiper-slide\">\n                                                            <figure>\n                                    <a data-fancybox=\"gallery-69ff2dd3d61c2\" data-src=\"https:\/\/webdali.latempesta.eu\/wp-content\/uploads\/2025\/07\/0022__38_tall.jpg\" data-caption=\"&lt;em&gt;Taula davant el mar Homenatge a Eric Satie&lt;\/em&gt; (Alteraci\u00f3 de la pintura causada per un estrip de la tela, abans de restaurar), 1926 \u00a9 Salvador Dal\u00ed, Fundaci\u00f3 Gala-Salvador Dal\u00ed, Figueres, 2025\">\n                                        <img decoding=\"async\" src=\"https:\/\/webdali.latempesta.eu\/wp-content\/uploads\/2025\/07\/0022__38_tall-1024x768.jpg\" alt=\"Taula davant el mar Homenatge a Eric Satie (Alteraci\u00f3 de la pintura causada per un estrip de la tela, abans de restaurar), 1926 \u00a9 Salvador Dal\u00ed, Fundaci\u00f3 Gala-Salvador Dal\u00ed, Figueres, 2025\"> \n\t\t\t\t          \t\t\t<\/a>\n                                                                        <figcaption class=\"custom-caption\">&lt;em&gt;Taula davant el mar Homenatge a Eric Satie&lt;\/em&gt; (Alteraci\u00f3 de la pintura causada per un estrip de la tela, abans de restaurar), 1926 \u00a9 Salvador Dal\u00ed, Fundaci\u00f3 Gala-Salvador Dal\u00ed, Figueres, 2025<\/figcaption>\n                                <\/figure>\n                                                    <\/div>\n\n                    \n                        \n                        <div class=\"swiper-slide\">\n                                                            <figure>\n                                    <a data-fancybox=\"gallery-69ff2dd3d61c2\" data-src=\"https:\/\/webdali.latempesta.eu\/wp-content\/uploads\/2025\/07\/0022__40_tallrestaurat2.jpg\" data-caption=\"&lt;em&gt;Taula davant el mar Homenatge a Eric Satie&lt;\/em&gt; (Despr\u00e9s de la restauraci\u00f3 l\u2019estrip queda consolidat i reintegrat est\u00e8ticament), 1926 \u00a9 Salvador Dal\u00ed, Fundaci\u00f3 Gala-Salvador Dal\u00ed, Figueres, 2025\">\n                                        <img decoding=\"async\" src=\"https:\/\/webdali.latempesta.eu\/wp-content\/uploads\/2025\/07\/0022__40_tallrestaurat2-1024x768.jpg\" alt=\"Taula davant el mar Homenatge a Eric Satie (Despr\u00e9s de la restauraci\u00f3 l\u2019estrip queda consolidat i reintegrat est\u00e8ticament), 1926 \u00a9 Salvador Dal\u00ed, Fundaci\u00f3 Gala-Salvador Dal\u00ed, Figueres, 2025\"> \n\t\t\t\t          \t\t\t<\/a>\n                                                                        <figcaption class=\"custom-caption\">&lt;em&gt;Taula davant el mar Homenatge a Eric Satie&lt;\/em&gt; (Despr\u00e9s de la restauraci\u00f3 l\u2019estrip queda consolidat i reintegrat est\u00e8ticament), 1926 \u00a9 Salvador Dal\u00ed, Fundaci\u00f3 Gala-Salvador Dal\u00ed, Figueres, 2025<\/figcaption>\n                                <\/figure>\n                                                    <\/div>\n\n                    \n                        \n                        <div class=\"swiper-slide\">\n                                                            <figure>\n                                    <a data-fancybox=\"gallery-69ff2dd3d61c2\" data-src=\"https:\/\/webdali.latempesta.eu\/wp-content\/uploads\/2025\/06\/Intervencio-obres-pictoriques-1.jpg\" data-caption=\"Taula davant el mar (L\u2019estrip era molt visible per estar situat al costat del cap del personatge), 1926 \u00a9 Salvador Dal\u00ed, Fundaci\u00f3 Gala-Salvador Dal\u00ed, Figueres, 2025\">\n                                        <img decoding=\"async\" src=\"https:\/\/webdali.latempesta.eu\/wp-content\/uploads\/2025\/06\/Intervencio-obres-pictoriques-1.jpg\" alt=\"Taula davant el mar (L\u2019estrip era molt visible per estar situat al costat del cap del personatge), 1926 \u00a9 Salvador Dal\u00ed, Fundaci\u00f3 Gala-Salvador Dal\u00ed, Figueres, 2025\"> \n\t\t\t\t          \t\t\t<\/a>\n                                                                        <figcaption class=\"custom-caption\">Taula davant el mar (L\u2019estrip era molt visible per estar situat al costat del cap del personatge), 1926 \u00a9 Salvador Dal\u00ed, Fundaci\u00f3 Gala-Salvador Dal\u00ed, Figueres, 2025<\/figcaption>\n                                <\/figure>\n                                                    <\/div>\n\n                    \n                        \n                        <div class=\"swiper-slide\">\n                                                            <figure>\n                                    <a data-fancybox=\"gallery-69ff2dd3d61c2\" data-src=\"https:\/\/webdali.latempesta.eu\/wp-content\/uploads\/2025\/03\/eric_satie__entrada_editora_77_8_1_800.jpg\" data-caption=\"Durant el proc\u00e9s de retocar crom\u00e0ticament les petites p\u00e8rdues pict\u00f2riques.\">\n                                        <img decoding=\"async\" src=\"https:\/\/webdali.latempesta.eu\/wp-content\/uploads\/2025\/03\/eric_satie__entrada_editora_77_8_1_800.jpg\" alt=\"Durant el proc\u00e9s de retocar crom\u00e0ticament les petites p\u00e8rdues pict\u00f2riques.\"> \n\t\t\t\t          \t\t\t<\/a>\n                                                                        <figcaption class=\"custom-caption\">Durant el proc\u00e9s de retocar crom\u00e0ticament les petites p\u00e8rdues pict\u00f2riques.<\/figcaption>\n                                <\/figure>\n                                                    <\/div>\n\n                                    <\/div>\n                <!-- Swiper navigation buttons -->\n                <div class=\"swiper-button-prev\">\n                    <span class=\"screen-reader-text\">Diapositiva anterior<\/span>\n                <\/div>\n                <div class=\"swiper-button-next\">\n                    <span class=\"screen-reader-text\">Diapositiva seg\u00fcent<\/span>\n                <\/div>\n            <\/div>\n        <\/div>\n    <\/div>\n\n\n\n<!-- Swiper JS -->\n<script src=\"https:\/\/cdn.jsdelivr.net\/npm\/swiper@11\/swiper-bundle.min.js\"><\/script>\n\n<!-- Initialize Swiper -->\n<script>\n\njQuery( document ).ready(function() {      \n\n    Tipus = 'intro-images';\n\n    updateSpaceBetween();\n    spaceBetweenInicial = 60;\n    \n    if (Tipus=='intro-images' ) {\n    \/\/    spaceBetweenValueModul = 0;\n    }\n\n\n\n    console.log(\"spaceBetweenValueModul\",spaceBetweenValueModul);\n\n    var swiper = new Swiper(\"#swiper-69ff2dd3d61c2\", {\n      slidesPerView: \"auto\",\n      spaceBetween: spaceBetweenInicial,\n      \tfreeMode: true,\n\t  \tbreakpoints: {\n\t        \/\/ Quan l'amplada de la pantalla sigui major a 1024px\n\t        1024: {\n\t            spaceBetween: spaceBetweenValue,\n\t        },\n\t    },\n        \/\/ Navigation arrows\n        navigation: {\n            nextEl: '.swiper-button-next',\n            prevEl: '.swiper-button-prev',\n        },\n        mousewheel: {\n            releaseOnEdges: true,\n            forceToAxis: true,\n            sensitivity:    1,\n        },\n        a11y: {\n            prevSlideMessage: 'Diapositiva anterior',\n            nextSlideMessage: 'Diapositiva seg\u00fcent',\n        },\n    });\n\n\n \n\n\n    \/*\n    jQuery('.bloc-destacats').each(function() {\n        const nextDiv = jQuery(this).next('div');\n        if (nextDiv.hasClass('contingut-ampliat')) {\n            console.log('T\u00e9 .contingut-ampliat despr\u00e9s');\n            \/\/ Aqu\u00ed pots fer accions, per exemple:\n            \/\/ $nextDiv.addClass('marcat'); o $(this).append($nextDiv);\n        }\n    });\n    *\/\n})\n<\/script>\n\n","protected":false},"excerpt":{"rendered":"","protected":false},"author":3,"featured_media":2096,"parent":1996,"menu_order":278,"comment_status":"closed","ping_status":"closed","template":"","meta":{"_acf_changed":false,"_coblocks_attr":"","_coblocks_dimensions":"","_coblocks_responsive_height":"","_coblocks_accordion_ie_support":"","footnotes":""},"categories":[],"tags":[],"class_list":["post-2095","page","type-page","status-publish","has-post-thumbnail","hentry"],"acf":[],"_links":{"self":[{"href":"https:\/\/webdali.latempesta.eu\/ca\/wp-json\/wp\/v2\/pages\/2095","targetHints":{"allow":["GET"]}}],"collection":[{"href":"https:\/\/webdali.latempesta.eu\/ca\/wp-json\/wp\/v2\/pages"}],"about":[{"href":"https:\/\/webdali.latempesta.eu\/ca\/wp-json\/wp\/v2\/types\/page"}],"author":[{"embeddable":true,"href":"https:\/\/webdali.latempesta.eu\/ca\/wp-json\/wp\/v2\/users\/3"}],"replies":[{"embeddable":true,"href":"https:\/\/webdali.latempesta.eu\/ca\/wp-json\/wp\/v2\/comments?post=2095"}],"version-history":[{"count":0,"href":"https:\/\/webdali.latempesta.eu\/ca\/wp-json\/wp\/v2\/pages\/2095\/revisions"}],"up":[{"embeddable":true,"href":"https:\/\/webdali.latempesta.eu\/ca\/wp-json\/wp\/v2\/pages\/1996"}],"wp:featuredmedia":[{"embeddable":true,"href":"https:\/\/webdali.latempesta.eu\/ca\/wp-json\/wp\/v2\/media\/2096"}],"wp:attachment":[{"href":"https:\/\/webdali.latempesta.eu\/ca\/wp-json\/wp\/v2\/media?parent=2095"}],"wp:term":[{"taxonomy":"category","embeddable":true,"href":"https:\/\/webdali.latempesta.eu\/ca\/wp-json\/wp\/v2\/categories?post=2095"},{"taxonomy":"post_tag","embeddable":true,"href":"https:\/\/webdali.latempesta.eu\/ca\/wp-json\/wp\/v2\/tags?post=2095"}],"curies":[{"name":"wp","href":"https:\/\/api.w.org\/{rel}","templated":true}]}}