{"id":2119,"date":"2025-03-14T15:06:31","date_gmt":"2025-03-14T13:06:31","guid":{"rendered":"https:\/\/webdali.latempesta.eu\/?page_id=2119"},"modified":"2025-07-02T09:36:08","modified_gmt":"2025-07-02T07:36:08","slug":"el-naixement-de-les-angoixes-liquides-arriba-a-la-fundacio","status":"publish","type":"page","link":"https:\/\/webdali.latempesta.eu\/ca\/obra\/conservacio-i-restauracio\/el-naixement-de-les-angoixes-liquides-arriba-a-la-fundacio\/","title":{"rendered":"&#8220;El naixement de les angoixes l\u00edquides&#8221; arriba a la Fundaci\u00f3"},"content":{"rendered":"\n<div class=\"wp-block-columns global-column is-layout-flex wp-container-core-columns-is-layout-9d6595d7 wp-block-columns-is-layout-flex\">\n<div class=\"wp-block-column is-layout-flow wp-block-column-is-layout-flow\">\n<p class=\"entradeta\">Sota la supervisi\u00f3 atenta de la cap de Conservaci\u00f3 i Restauraci\u00f3, que mesos abans havia viatjat per verificar-ne l\u2019estat, la pintura va ser desembalada, revisada i incorporada a les nostres reserves.<\/p>\n<\/div>\n<\/div>\n\n\n    <div  class=\"wp-block-columns swiper-column  intro intro-images bloc-destacats imatges\" style=\"background-image: linear-gradient(to right, white, white)\">\n        <div class=\"wp-block-column\">\n            <div id=\"swiper-69ff2ddb2e37c\" class=\"swiper destacats dues\" >\n                <div class=\"swiper-wrapper\">\n\n                                            <div class=\"swiper-slide intro\">\n                            <span class=\"image-background\" style=\"background-image:url(https:\/\/webdali.latempesta.eu\/wp-content\/uploads\/2025\/03\/IMG_7600-768x1024.jpg)\"><\/span>\n                            \n                        <\/div>\n                        <div class=\"swiper-slide\">\n                           <div class=\"descripcio\">\n                            <h2>L&#8217;arribada d&#8217;una pe\u00e7a \u00fanica<\/h2>\n                            <p>Una de les tasques rellevants de l\u2019equip de Conservaci\u00f3 i Restauraci\u00f3 \u00e9s l\u2019elaboraci\u00f3 d\u2019informes de t\u00e8cnica pict\u00f2rica i de l\u2019estat de conservaci\u00f3 a fi de complementar les propostes d\u2019adquisici\u00f3 d\u2019una obra. En aquest cas, la conservadora-restauradora es va despla\u00e7ar per examinar <em>in situ<\/em> la pintura, comprovar-ne l\u2019estat de condici\u00f3 i els materials i documentar fotogr\u00e0ficament la pe\u00e7a. En aquests casos es fan fotografies de detalls, com ara la signatura o altres elements significatius, amb diferents tipus de llum per extreure\u2019n la m\u00e0xima informaci\u00f3 i traslladar-la a l\u2019equip de curadors i adquisicions de la Fundaci\u00f3. La inspecci\u00f3 d\u2019<em>El naixement de les angoixes l\u00edquides <\/em>va confirmar la t\u00e8cnica daliniana de l\u2019\u00e8poca i va concloure que l\u2019obra presenta un estat de conservaci\u00f3 bo i estable.<br \/>\nAra, aquesta pe\u00e7a llueix a les sales d\u2019exposicions temporals, esperant-te perqu\u00e8 la puguis contemplar.<\/p>\n                            <\/div>\n\n                            \n                            \n                        <\/div>\n                    \n\n                    \n                        \n                        <div class=\"swiper-slide\">\n                                                            <figure>\n                                    <a data-fancybox=\"gallery-69ff2ddb2e37c\" data-src=\"https:\/\/webdali.latempesta.eu\/wp-content\/uploads\/2025\/07\/i9577-large.jpg\" data-caption=\"El Naixement de les angoixes l\u00edquides (Projecte d\u2019estudi t\u00e8cnic de la nova adquisici\u00f3 de la FGSD), 1932 \u00a9 Salvador Dal\u00ed, Fundaci\u00f3 Gala-Salvador Dal\u00ed, Figueres, 2025\">\n                                        <img decoding=\"async\" src=\"https:\/\/webdali.latempesta.eu\/wp-content\/uploads\/2025\/07\/i9577-large-726x1024.jpg\" alt=\"El Naixement de les angoixes l\u00edquides (Projecte d\u2019estudi t\u00e8cnic de la nova adquisici\u00f3 de la FGSD), 1932 \u00a9 Salvador Dal\u00ed, Fundaci\u00f3 Gala-Salvador Dal\u00ed, Figueres, 2025\"> \n\t\t\t\t          \t\t\t<\/a>\n                                                                        <figcaption class=\"custom-caption\">El Naixement de les angoixes l\u00edquides (Projecte d\u2019estudi t\u00e8cnic de la nova adquisici\u00f3 de la FGSD), 1932 \u00a9 Salvador Dal\u00ed, Fundaci\u00f3 Gala-Salvador Dal\u00ed, Figueres, 2025<\/figcaption>\n                                <\/figure>\n                                                    <\/div>\n\n                    \n                        \n                        <div class=\"swiper-slide\">\n                                                            <figure>\n                                    <a data-fancybox=\"gallery-69ff2ddb2e37c\" data-src=\"https:\/\/webdali.latempesta.eu\/wp-content\/uploads\/2025\/03\/IMG_7587-scaled.jpg\" data-caption=\"El Naixement de les angoixes l\u00edquides (Detall del drapejat sobre el xiprer amb lum visible frontal), 1932 \u00a9 Salvador Dal\u00ed, Fundaci\u00f3 Gala-Salvador Dal\u00ed, Figueres, 2025\">\n                                        <img decoding=\"async\" src=\"https:\/\/webdali.latempesta.eu\/wp-content\/uploads\/2025\/03\/IMG_7587-768x1024.jpg\" alt=\"El Naixement de les angoixes l\u00edquides (Detall del drapejat sobre el xiprer amb lum visible frontal), 1932 \u00a9 Salvador Dal\u00ed, Fundaci\u00f3 Gala-Salvador Dal\u00ed, Figueres, 2025\"> \n\t\t\t\t          \t\t\t<\/a>\n                                                                        <figcaption class=\"custom-caption\">El Naixement de les angoixes l\u00edquides (Detall del drapejat sobre el xiprer amb lum visible frontal), 1932 \u00a9 Salvador Dal\u00ed, Fundaci\u00f3 Gala-Salvador Dal\u00ed, Figueres, 2025<\/figcaption>\n                                <\/figure>\n                                                    <\/div>\n\n                    \n                        \n                        <div class=\"swiper-slide\">\n                                                            <figure>\n                                    <a data-fancybox=\"gallery-69ff2ddb2e37c\" data-src=\"https:\/\/webdali.latempesta.eu\/wp-content\/uploads\/2025\/03\/IMG_7562-scaled.jpg\" data-caption=\"Es recull informaci\u00f3 de les etiquetes del revers de la pintura.\">\n                                        <img decoding=\"async\" src=\"https:\/\/webdali.latempesta.eu\/wp-content\/uploads\/2025\/03\/IMG_7562-716x1024.jpg\" alt=\"Es recull informaci\u00f3 de les etiquetes del revers de la pintura.\"> \n\t\t\t\t          \t\t\t<\/a>\n                                                                        <figcaption class=\"custom-caption\">Es recull informaci\u00f3 de les etiquetes del revers de la pintura.<\/figcaption>\n                                <\/figure>\n                                                    <\/div>\n\n                    \n                        \n                        <div class=\"swiper-slide\">\n                                                            <figure>\n                                    <a data-fancybox=\"gallery-69ff2ddb2e37c\" data-src=\"https:\/\/webdali.latempesta.eu\/wp-content\/uploads\/2025\/07\/IMG_7575-scaled.jpg\" data-caption=\"La signatura min\u00fascula a color groc: \u201cGala Salvador Dal\u00ed 1932\u201d.\">\n                                        <img decoding=\"async\" src=\"https:\/\/webdali.latempesta.eu\/wp-content\/uploads\/2025\/07\/IMG_7575-1024x653.jpg\" alt=\"La signatura min\u00fascula a color groc: \u201cGala Salvador Dal\u00ed 1932\u201d.\"> \n\t\t\t\t          \t\t\t<\/a>\n                                                                        <figcaption class=\"custom-caption\">La signatura min\u00fascula a color groc: \u201cGala Salvador Dal\u00ed 1932\u201d.<\/figcaption>\n                                <\/figure>\n                                                    <\/div>\n\n                    \n                        \n                        <div class=\"swiper-slide\">\n                                                            <figure>\n                                    <a data-fancybox=\"gallery-69ff2ddb2e37c\" data-src=\"https:\/\/webdali.latempesta.eu\/wp-content\/uploads\/2025\/07\/IMG_0286-scaled.jpg\" data-caption=\"Revisi\u00f3 de la nova adquisici\u00f3 a l\u2019arribada de l\u2019obra al departament.\">\n                                        <img decoding=\"async\" src=\"https:\/\/webdali.latempesta.eu\/wp-content\/uploads\/2025\/07\/IMG_0286-1024x768.jpg\" alt=\"Revisi\u00f3 de la nova adquisici\u00f3 a l\u2019arribada de l\u2019obra al departament.\"> \n\t\t\t\t          \t\t\t<\/a>\n                                                                        <figcaption class=\"custom-caption\">Revisi\u00f3 de la nova adquisici\u00f3 a l\u2019arribada de l\u2019obra al departament.<\/figcaption>\n                                <\/figure>\n                                                    <\/div>\n\n                                    <\/div>\n                <!-- Swiper navigation buttons -->\n                <div class=\"swiper-button-prev\">\n                    <span class=\"screen-reader-text\">Diapositiva anterior<\/span>\n                <\/div>\n                <div class=\"swiper-button-next\">\n                    <span class=\"screen-reader-text\">Diapositiva seg\u00fcent<\/span>\n                <\/div>\n            <\/div>\n        <\/div>\n    <\/div>\n\n\n\n<!-- Swiper JS -->\n<script src=\"https:\/\/cdn.jsdelivr.net\/npm\/swiper@11\/swiper-bundle.min.js\"><\/script>\n\n<!-- Initialize Swiper -->\n<script>\n\njQuery( document ).ready(function() {      \n\n    Tipus = 'intro-images';\n\n    updateSpaceBetween();\n    spaceBetweenInicial = 60;\n    \n    if (Tipus=='intro-images' ) {\n    \/\/    spaceBetweenValueModul = 0;\n    }\n\n\n\n    console.log(\"spaceBetweenValueModul\",spaceBetweenValueModul);\n\n    var swiper = new Swiper(\"#swiper-69ff2ddb2e37c\", {\n      slidesPerView: \"auto\",\n      spaceBetween: spaceBetweenInicial,\n      \tfreeMode: true,\n\t  \tbreakpoints: {\n\t        \/\/ Quan l'amplada de la pantalla sigui major a 1024px\n\t        1024: {\n\t            spaceBetween: spaceBetweenValue,\n\t        },\n\t    },\n        \/\/ Navigation arrows\n        navigation: {\n            nextEl: '.swiper-button-next',\n            prevEl: '.swiper-button-prev',\n        },\n        mousewheel: {\n            releaseOnEdges: true,\n            forceToAxis: true,\n            sensitivity:    1,\n        },\n        a11y: {\n            prevSlideMessage: 'Diapositiva anterior',\n            nextSlideMessage: 'Diapositiva seg\u00fcent',\n        },\n    });\n\n\n \n\n\n    \/*\n    jQuery('.bloc-destacats').each(function() {\n        const nextDiv = jQuery(this).next('div');\n        if (nextDiv.hasClass('contingut-ampliat')) {\n            console.log('T\u00e9 .contingut-ampliat despr\u00e9s');\n            \/\/ Aqu\u00ed pots fer accions, per exemple:\n            \/\/ $nextDiv.addClass('marcat'); o $(this).append($nextDiv);\n        }\n    });\n    *\/\n})\n<\/script>\n\n","protected":false},"excerpt":{"rendered":"<p>Sota la supervisi\u00f3 atenta de la cap de Conservaci\u00f3 i Restauraci\u00f3, que mesos abans havia viatjat per verificar-ne l\u2019estat, la pintura va ser desembalada, revisada i incorporada a les nostres reserves.<\/p>\n","protected":false},"author":3,"featured_media":2132,"parent":1996,"menu_order":45,"comment_status":"closed","ping_status":"closed","template":"","meta":{"_acf_changed":false,"_coblocks_attr":"","_coblocks_dimensions":"","_coblocks_responsive_height":"","_coblocks_accordion_ie_support":"","footnotes":""},"categories":[],"tags":[],"class_list":["post-2119","page","type-page","status-publish","has-post-thumbnail","hentry"],"acf":[],"_links":{"self":[{"href":"https:\/\/webdali.latempesta.eu\/ca\/wp-json\/wp\/v2\/pages\/2119","targetHints":{"allow":["GET"]}}],"collection":[{"href":"https:\/\/webdali.latempesta.eu\/ca\/wp-json\/wp\/v2\/pages"}],"about":[{"href":"https:\/\/webdali.latempesta.eu\/ca\/wp-json\/wp\/v2\/types\/page"}],"author":[{"embeddable":true,"href":"https:\/\/webdali.latempesta.eu\/ca\/wp-json\/wp\/v2\/users\/3"}],"replies":[{"embeddable":true,"href":"https:\/\/webdali.latempesta.eu\/ca\/wp-json\/wp\/v2\/comments?post=2119"}],"version-history":[{"count":0,"href":"https:\/\/webdali.latempesta.eu\/ca\/wp-json\/wp\/v2\/pages\/2119\/revisions"}],"up":[{"embeddable":true,"href":"https:\/\/webdali.latempesta.eu\/ca\/wp-json\/wp\/v2\/pages\/1996"}],"wp:featuredmedia":[{"embeddable":true,"href":"https:\/\/webdali.latempesta.eu\/ca\/wp-json\/wp\/v2\/media\/2132"}],"wp:attachment":[{"href":"https:\/\/webdali.latempesta.eu\/ca\/wp-json\/wp\/v2\/media?parent=2119"}],"wp:term":[{"taxonomy":"category","embeddable":true,"href":"https:\/\/webdali.latempesta.eu\/ca\/wp-json\/wp\/v2\/categories?post=2119"},{"taxonomy":"post_tag","embeddable":true,"href":"https:\/\/webdali.latempesta.eu\/ca\/wp-json\/wp\/v2\/tags?post=2119"}],"curies":[{"name":"wp","href":"https:\/\/api.w.org\/{rel}","templated":true}]}}