{"id":2236,"date":"2025-03-17T13:42:51","date_gmt":"2025-03-17T11:42:51","guid":{"rendered":"https:\/\/webdali.latempesta.eu\/?page_id=2236"},"modified":"2025-07-01T20:29:21","modified_gmt":"2025-07-01T18:29:21","slug":"documents-efimers","status":"publish","type":"page","link":"https:\/\/webdali.latempesta.eu\/ca\/obra\/ced\/fons-documental\/documents-efimers\/","title":{"rendered":"Documents ef\u00edmers"},"content":{"rendered":"\n<div class=\"wp-block-columns global-column is-layout-flex wp-container-core-columns-is-layout-9d6595d7 wp-block-columns-is-layout-flex\">\n<div class=\"wp-block-column is-layout-flow wp-block-column-is-layout-flow\">\n<p>El Centre d&#8217;Estudis Dalinians compta amb una important col\u00b7lecci\u00f3 de m\u00e9s de 7.815 documents gr\u00e0fics de diversa tipologia (cartells, cat\u00e0legs d&#8217;exposicions, invitacions, programes de m\u00e0, fulls volants\u2026), destinats a la difusi\u00f3 d&#8217;esdeveniments i manifestacions art\u00edstiques lligats a la figura i l&#8217;obra de Salvador Dal\u00ed, el surrealisme i altres moviments destacats del s.XX.<\/p>\n\n\n\n<p>El valor documental i art\u00edstic d&#8217;aquest fons rau alhora en el contingut dels materials i en el continent. Per una banda, l&#8217;estudi del contingut dona informaci\u00f3 molt valuosa sobre l&#8217;historial expositiu de l&#8217;obra daliniana &#8211; sobretot pel que fa a la primera \u00e8poca -, permet fer el seguiment de les confer\u00e8ncies i esdeveniments art\u00edstics en els quals Dal\u00ed participa i ens remet a diferents comunicats i manifestos publicats pel propi artista en diferents moments de la seva vida.<\/p>\n\n\n\n<p>D&#8217;altra banda, l&#8217;estudi del continent permet copsar, una vegada m\u00e9s, la profunda implicaci\u00f3 de l&#8217;artista en els projectes art\u00edstics que realitza. Sovint veiem com Dal\u00ed interv\u00e9 en el proc\u00e9s de concepci\u00f3 i disseny dels materials ef\u00edmers editats amb motiu d&#8217;una exposici\u00f3\u202f o esdeveniment, fet que concedeix a aquests documents un valor art\u00edstic afegit.<\/p>\n\n\n<script>var is_masonry=false;<\/script>\t        <div class=\"swiper coeli-swiper-heritageobject coeli-swiper-agrupacions coeli-swiper-8426\"              id=\"coeli-swiper-8426\">\n            <!-- Additional required wrapper -->\n            <ul class=\"swiper-wrapper coeli-result-list\" id=\"coeli-ul-agrupacio-8426\">\n                <!-- Slides -->\n\t\t\t\t                    <li id=\"30545\"\n                        class=\"swiper-slide s-3 t-1 m-3\"><a href=\"https:\/\/webdali.latempesta.eu\/ca\/heritageobject\/30545\/\"><figure class=\"image portraitmedia-medium\"><img decoding=\"async\" alt=\"\" src=\"https:\/\/d1i5r06pd82mff.cloudfront.net\/public\/DigitalAsset\/7e84c08b-376c-4b8a-ed4b-1aacd11746f3\/e988d9c87e5fe9eacea45393ee30a81a\/full\/medium\/0\/default.jpg\"><\/figure><p class=\"coeli-title\">Exposici\u00f3 S. Dal\u00ed<\/p><p class=\"coeli-production-actorsinrole-actors\">Galeries Dalmau<\/p><p class=\"coeli-production-date\">1926\/1927<\/p><\/a><\/li>\n\t\t\t\t                    <li id=\"30557\"\n                        class=\"swiper-slide s-3 t-1 m-3\"><a href=\"https:\/\/webdali.latempesta.eu\/ca\/heritageobject\/30557\/\"><figure class=\"image portraitmedia-medium\"><img decoding=\"async\" alt=\"\" src=\"https:\/\/d1i5r06pd82mff.cloudfront.net\/public\/DigitalAsset\/b90bf8f0-6bd2-e6d3-399e-d74f9f870e28\/48c35b8c4a6144dae011a50ca7d429c0\/full\/medium\/0\/default.jpg\"><\/figure><p class=\"coeli-title\">Salvador Dali<\/p><p class=\"coeli-production-actorsinrole-actors\">Alex. Reid &#038; Lefevre<\/p><p class=\"coeli-production-date\">1936<\/p><\/a><\/li>\n\t\t\t\t                    <li id=\"32582\"\n                        class=\"swiper-slide s-3 t-1 m-3\"><a href=\"https:\/\/webdali.latempesta.eu\/ca\/heritageobject\/32582\/\"><figure class=\"image portraitmedia-medium\"><img decoding=\"async\" alt=\"\" src=\"https:\/\/d1i5r06pd82mff.cloudfront.net\/public\/DigitalAsset\/c3ab0463-e556-073d-79b1-9292d28a444a\/d798e318b60270c76c4faca604713824\/full\/medium\/0\/default.jpg\"><\/figure><p class=\"coeli-title\">International Surrealist Exhibition<\/p><p class=\"coeli-production-actorsinrole-actors\">New Burlington Galleries<\/p><p class=\"coeli-production-date\">1936<\/p><\/a><\/li>\n\t\t\t\t                    <li id=\"30567\"\n                        class=\"swiper-slide s-3 t-1 m-3\"><a href=\"https:\/\/webdali.latempesta.eu\/ca\/heritageobject\/30567\/\"><figure class=\"image portraitmedia-medium\"><img decoding=\"async\" alt=\"\" src=\"https:\/\/d1i5r06pd82mff.cloudfront.net\/public\/DigitalAsset\/81f47001-61bc-8f5f-8f5e-a4f8bc19f20b\/bf835840e5e7e82ed7f2d5e17e492ab6\/full\/medium\/0\/default.jpg\"><\/figure><p class=\"coeli-title\">Salvador Dali 1939<\/p><p class=\"coeli-production-actorsinrole-actors\">Julien Levy Gallery<\/p><p class=\"coeli-production-date\">1939<\/p><\/a><\/li>\n\t\t\t\t                    <li id=\"30560\"\n                        class=\"swiper-slide s-3 t-1 m-3\"><a href=\"https:\/\/webdali.latempesta.eu\/ca\/heritageobject\/30560\/\"><figure class=\"image portraitmedia-medium\"><img decoding=\"async\" alt=\"\" src=\"https:\/\/d1i5r06pd82mff.cloudfront.net\/public\/DigitalAsset\/0870cddc-7ff4-32b4-b6e6-4f4f59ddc55b\/e86512b803415f994fdfae74fd80635f\/full\/medium\/0\/default.jpg\"><\/figure><p class=\"coeli-title\">Salvador Dal\u00ed<\/p><p class=\"coeli-production-actorsinrole-actors\">Dalzell Hatfield Galleries<\/p><p class=\"coeli-production-date\">1941<\/p><\/a><\/li>\n\t\t\t\t                    <li id=\"31033\"\n                        class=\"swiper-slide s-3 t-1 m-3\"><a href=\"https:\/\/webdali.latempesta.eu\/ca\/heritageobject\/31033\/\"><figure class=\"image portraitmedia-medium\"><img decoding=\"async\" alt=\"\" src=\"https:\/\/d1i5r06pd82mff.cloudfront.net\/public\/DigitalAsset\/908c6fb9-5191-6ef2-5f66-87bb2279b15c\/20341e6887670a67d4e092156947fd50\/full\/medium\/0\/default.jpg\"><\/figure><p class=\"coeli-title\">(Invitaci\u00f3 a la confer\u00e8ncia &#8220;Gala D\u00e9soxyribonucl\u00e9iqueacide&#8221;<\/p><p class=\"coeli-production-actorsinrole-actors\">\u00c9cole Polytechnique<\/p><p class=\"coeli-production-date\">1961<\/p><\/a><\/li>\n\t\t\t\t                    <li id=\"30999\"\n                        class=\"swiper-slide s-3 t-1 m-3\"><a href=\"https:\/\/webdali.latempesta.eu\/ca\/heritageobject\/30999\/\"><figure class=\"image portraitmedia-medium\"><img decoding=\"async\" alt=\"\" src=\"https:\/\/d1i5r06pd82mff.cloudfront.net\/public\/DigitalAsset\/58b26be3-9304-d9f1-f794-a7762f8776ec\/86b41e272ec95c7793ac5fa7fd5812c9\/full\/medium\/0\/default.jpg\"><\/figure><p class=\"coeli-title\">Gala<\/p><p class=\"coeli-production-actorsinrole-actors\">Teatro La Fenice<\/p><p class=\"coeli-production-date\">1961<\/p><\/a><\/li>\n\t\t\t\t                    <li id=\"31196\"\n                        class=\"swiper-slide s-3 t-1 m-3\"><a href=\"https:\/\/webdali.latempesta.eu\/ca\/heritageobject\/31196\/\"><figure class=\"image portraitmedia-medium\"><img decoding=\"async\" alt=\"\" src=\"https:\/\/d1i5r06pd82mff.cloudfront.net\/public\/DigitalAsset\/cbca0df3-84e9-3f53-fdf9-03b831501d12\/599d7d5203da57a2909f882e6e43bc63\/full\/medium\/0\/default.jpg\"><\/figure><p class=\"coeli-title\">Don Juan Tenorio<\/p><p class=\"coeli-production-actorsinrole-actors\">Teatro Espa\u00f1ol<\/p><p class=\"coeli-production-date\">1964<\/p><\/a><\/li>\n\t\t\t\t                    <li id=\"31058\"\n                        class=\"swiper-slide s-3 t-1 m-3\"><a href=\"https:\/\/webdali.latempesta.eu\/ca\/heritageobject\/31058\/\"><figure class=\"image portraitmedia-medium\"><img decoding=\"async\" alt=\"\" src=\"https:\/\/d1i5r06pd82mff.cloudfront.net\/public\/DigitalAsset\/b81fe566-e0e6-2770-92ef-becd19d9eae2\/fccc25e75942a4adc5ced8fbe35dbf58\/full\/medium\/0\/default.jpg\"><\/figure><p class=\"coeli-title\">Ma r\u00e9volution culturelle<\/p><p class=\"coeli-production-actorsinrole-actors\">Dal\u00ed, Salvador \u00b7 [S.n.]<\/p><p class=\"coeli-production-date\">1968<\/p><\/a><\/li>\n\t\t\t\t                    <li id=\"3168-073e\"\n                        class=\"swiper-slide s-3 t-1 m-3\"><a href=\"https:\/\/webdali.latempesta.eu\/ca\/heritageobject\/3168-073e\/\"><figure class=\"coeli-portraitmedia-medium coeli-no-representation\"><img decoding=\"async\" src=\"https:\/\/upload.wikimedia.org\/wikipedia\/commons\/f\/f7\/No_Image_%282879926%29_-_The_Noun_Project.svg\" alt=\"Empty\"\/><\/figure><p class=\"coeli-title\">Museo Dal\u00ed, 1975 (dibuix del Monument a Francesc Pujols)<\/p><p class=\"coeli-production-actorsinrole-actors\">Gr\u00e0fiques Trayter<\/p><p class=\"coeli-production-date\">1975<\/p><\/a><\/li>\n\t\t\t\t            <\/ul>\n\t\t\t\t\t\t                <!-- If we need navigation buttons -->\n                <div class=\"swiper-coeli-button-prev swiper-button-prev coeli-swiper-prev-8426\"><\/div>\n                <div class=\"swiper-coeli-button-next swiper-button-next coeli-swiper-next-8426\"><\/div>\n\t\t\t        <\/div>\n\n        <script>\n            var slider_args_8426= {\n                \/\/ Optional parameters\n                direction: 'horizontal',\n                breakpoints: {\n                    640: {\n                        slidesPerView: 1,\n                        spaceBetween: 0,\n                    },\n                    768: {\n                        slidesPerView: 1,\n                        spaceBetween: 0,\n                    },\n                    1024: {\n                        slidesPerView: 3,\n                        spaceBetween: 0,\n                    },\n                },\n\t\t\t\t                autoplay: {\n                    delay: 30000000,\n                    disableOnInteraction: false,\n                },\n\t\t\t\t\t\t\t\t\t\t\t\t                speed: 300,\n\t\t\t\t                loop: false,\n                \/\/ If we need pagination\n                pagination: {\n                    el: '.swiper-pagination-8426',\n                },\n                \/\/ Navigation arrows\n                navigation: {\n                    nextEl: '.coeli-swiper-next-8426',\n                    prevEl: '.coeli-swiper-prev-8426',\n                }\n            }\n        <\/script>\n\t<\/div>\n<\/div>\n\n\n    <div  class=\"wp-block-columns swiper-column   destacat bloc-destacats \" style=\"background-image: linear-gradient(to right, white, white)\">\n        <div class=\"wp-block-column\">\n            <div id=\"swiper-69ff2dd3413dd\" class=\"swiper destacats dues\" >\n                <div class=\"swiper-wrapper\">\n\n                                            <div class=\"swiper-slide intro\">\n                            <h2>Et pot interessar<\/h2>\n                            <div class=\"descripcio\"><p>Segueix explorant els fons documentals de la Fundaci\u00f3 Gala-Salvador Dal\u00ed.<\/p>\n<\/div>\n                                                    <\/div>\n                    \n\n                    \n                        \n                        <div class=\"swiper-slide\">\n                                                            <div class=\"banner\" style=\"background-image: url(https:\/\/webdali.latempesta.eu\/wp-content\/uploads\/2025\/03\/4_disney_editora_45_4_1_10201020.jpg)\">\n                                                                            <ul class=\"context\">\n                                            <li class=\"context__item\" aria-label=\"hidden\">                                            <\/li>\n                                        <\/ul>\n                                    \n                                    <h3 class=\"titol\">Manuscrits<\/h3>\n                                        \n                                    <div class=\"button fletxa\"><a href=\"https:\/\/webdali.latempesta.eu\/ca\/obra\/ced\/fons-documental\/manuscrits\/\">M\u00e9s informaci\u00f3<\/a><\/div>\n\n                                    \n                                <\/div>\n                                                    <\/div>\n\n                    \n                        \n                        <div class=\"swiper-slide\">\n                                                            <div class=\"banner\" style=\"background-image: url(https:\/\/webdali.latempesta.eu\/wp-content\/uploads\/2025\/03\/Provisional_Capcalera-fons-documental.jpg)\">\n                                                                            <ul class=\"context\">\n                                            <li class=\"context__item\" aria-label=\"hidden\">                                            <\/li>\n                                        <\/ul>\n                                    \n                                    <h3 class=\"titol\">Fons de la biblioteca personal de Dal\u00ed<\/h3>\n                                        \n                                    <div class=\"button fletxa\"><a href=\"https:\/\/webdali.latempesta.eu\/ca\/obra\/ced\/fons-documental\/fons-de-la-biblioteca-personal-de-dali\/\">M\u00e9s informaci\u00f3<\/a><\/div>\n\n                                    \n                                <\/div>\n                                                    <\/div>\n\n                    \n                        \n                        <div class=\"swiper-slide\">\n                                                            <div class=\"banner\" style=\"background-image: url(https:\/\/webdali.latempesta.eu\/wp-content\/uploads\/2025\/03\/Proovisional_Capcalera-fons-documental-e1747036962269-750x1024.jpg)\">\n                                                                            <ul class=\"context\">\n                                            <li class=\"context__item\" aria-label=\"hidden\">                                            <\/li>\n                                        <\/ul>\n                                    \n                                    <h3 class=\"titol\">Hemeroteca<\/h3>\n                                        \n                                    <div class=\"button fletxa\"><a href=\"https:\/\/webdali.latempesta.eu\/ca\/obra\/ced\/hemeroteca\/\">M\u00e9s informaci\u00f3<\/a><\/div>\n\n                                    \n                                <\/div>\n                                                    <\/div>\n\n                    \n                        \n                        <div class=\"swiper-slide\">\n                                                            <div class=\"banner\" style=\"background-image: url(https:\/\/webdali.latempesta.eu\/wp-content\/uploads\/2025\/03\/523___5_ghyka_editora_46_6_1_10201020.jpg)\">\n                                                                            <ul class=\"context\">\n                                            <li class=\"context__item\" aria-label=\"hidden\">                                            <\/li>\n                                        <\/ul>\n                                    \n                                    <h3 class=\"titol\">Correspond\u00e8ncia<\/h3>\n                                        \n                                    <div class=\"button fletxa\"><a href=\"https:\/\/webdali.latempesta.eu\/ca\/obra\/ced\/fons-documental\/correspondencia\/\">M\u00e9s informaci\u00f3<\/a><\/div>\n\n                                    \n                                <\/div>\n                                                    <\/div>\n\n                    \n                        \n                        <div class=\"swiper-slide\">\n                                                            <div class=\"banner\" style=\"background-image: url(https:\/\/webdali.latempesta.eu\/wp-content\/uploads\/2025\/03\/6_editora_49_6_1_10201020.jpg)\">\n                                                                            <ul class=\"context\">\n                                            <li class=\"context__item\" aria-label=\"hidden\">                                            <\/li>\n                                        <\/ul>\n                                    \n                                    <h3 class=\"titol\">Fotografies<\/h3>\n                                        \n                                    <div class=\"button fletxa\"><a href=\"https:\/\/webdali.latempesta.eu\/ca\/obra\/ced\/fons-documental\/fotografies\/\">M\u00e9s informaci\u00f3<\/a><\/div>\n\n                                    \n                                <\/div>\n                                                    <\/div>\n\n                    \n                        \n                        <div class=\"swiper-slide\">\n                                                            <div class=\"banner\" style=\"background-image: url(https:\/\/webdali.latempesta.eu\/wp-content\/uploads\/2025\/03\/527___3_editora_50_3_1_10201020.jpg)\">\n                                                                            <ul class=\"context\">\n                                            <li class=\"context__item\" aria-label=\"hidden\">                                            <\/li>\n                                        <\/ul>\n                                    \n                                    <h3 class=\"titol\">Documents audiovisuals i sonors<\/h3>\n                                        \n                                    <div class=\"button fletxa\"><a href=\"https:\/\/webdali.latempesta.eu\/ca\/obra\/ced\/fons-documental\/documents-audiovisuals-i-sonors\/\">M\u00e9s informaci\u00f3<\/a><\/div>\n\n                                    \n                                <\/div>\n                                                    <\/div>\n\n                                    <\/div>\n                <!-- Swiper navigation buttons -->\n                <div class=\"swiper-button-prev\">\n                    <span class=\"screen-reader-text\">Diapositiva anterior<\/span>\n                <\/div>\n                <div class=\"swiper-button-next\">\n                    <span class=\"screen-reader-text\">Diapositiva seg\u00fcent<\/span>\n                <\/div>\n            <\/div>\n        <\/div>\n    <\/div>\n\n\n\n<!-- Swiper JS -->\n<script src=\"https:\/\/cdn.jsdelivr.net\/npm\/swiper@11\/swiper-bundle.min.js\"><\/script>\n\n<!-- Initialize Swiper -->\n<script>\n\njQuery( document ).ready(function() {      \n\n    Tipus = 'destacat';\n\n    updateSpaceBetween();\n    spaceBetweenInicial = 60;\n    \n    if (Tipus=='intro-images' ) {\n    \/\/    spaceBetweenValueModul = 0;\n    }\n\n\n\n    console.log(\"spaceBetweenValueModul\",spaceBetweenValueModul);\n\n    var swiper = new Swiper(\"#swiper-69ff2dd3413dd\", {\n      slidesPerView: \"auto\",\n      spaceBetween: spaceBetweenInicial,\n      \tfreeMode: true,\n\t  \tbreakpoints: {\n\t        \/\/ Quan l'amplada de la pantalla sigui major a 1024px\n\t        1024: {\n\t            spaceBetween: spaceBetweenValue,\n\t        },\n\t    },\n        \/\/ Navigation arrows\n        navigation: {\n            nextEl: '.swiper-button-next',\n            prevEl: '.swiper-button-prev',\n        },\n        mousewheel: {\n            releaseOnEdges: true,\n            forceToAxis: true,\n            sensitivity:    1,\n        },\n        a11y: {\n            prevSlideMessage: 'Diapositiva anterior',\n            nextSlideMessage: 'Diapositiva seg\u00fcent',\n        },\n    });\n\n\n \n\n\n    \/*\n    jQuery('.bloc-destacats').each(function() {\n        const nextDiv = jQuery(this).next('div');\n        if (nextDiv.hasClass('contingut-ampliat')) {\n            console.log('T\u00e9 .contingut-ampliat despr\u00e9s');\n            \/\/ Aqu\u00ed pots fer accions, per exemple:\n            \/\/ $nextDiv.addClass('marcat'); o $(this).append($nextDiv);\n        }\n    });\n    *\/\n})\n<\/script>\n\n","protected":false},"excerpt":{"rendered":"<p>El Centre d&#8217;Estudis Dalinians compta amb una important col\u00b7lecci\u00f3 de m\u00e9s de 7.815 documents gr\u00e0fics de diversa tipologia (cartells, cat\u00e0legs d&#8217;exposicions, invitacions, programes de m\u00e0, fulls volants\u2026), destinats a la difusi\u00f3 d&#8217;esdeveniments i manifestacions art\u00edstiques lligats a la figura i l&#8217;obra de Salvador Dal\u00ed, el surrealisme i altres moviments destacats del s.XX. El valor documental [&hellip;]<\/p>\n","protected":false},"author":3,"featured_media":2238,"parent":1994,"menu_order":173,"comment_status":"closed","ping_status":"closed","template":"","meta":{"_acf_changed":false,"_coblocks_attr":"","_coblocks_dimensions":"","_coblocks_responsive_height":"","_coblocks_accordion_ie_support":"","footnotes":""},"categories":[],"tags":[],"class_list":["post-2236","page","type-page","status-publish","has-post-thumbnail","hentry"],"acf":[],"_links":{"self":[{"href":"https:\/\/webdali.latempesta.eu\/ca\/wp-json\/wp\/v2\/pages\/2236","targetHints":{"allow":["GET"]}}],"collection":[{"href":"https:\/\/webdali.latempesta.eu\/ca\/wp-json\/wp\/v2\/pages"}],"about":[{"href":"https:\/\/webdali.latempesta.eu\/ca\/wp-json\/wp\/v2\/types\/page"}],"author":[{"embeddable":true,"href":"https:\/\/webdali.latempesta.eu\/ca\/wp-json\/wp\/v2\/users\/3"}],"replies":[{"embeddable":true,"href":"https:\/\/webdali.latempesta.eu\/ca\/wp-json\/wp\/v2\/comments?post=2236"}],"version-history":[{"count":0,"href":"https:\/\/webdali.latempesta.eu\/ca\/wp-json\/wp\/v2\/pages\/2236\/revisions"}],"up":[{"embeddable":true,"href":"https:\/\/webdali.latempesta.eu\/ca\/wp-json\/wp\/v2\/pages\/1994"}],"wp:featuredmedia":[{"embeddable":true,"href":"https:\/\/webdali.latempesta.eu\/ca\/wp-json\/wp\/v2\/media\/2238"}],"wp:attachment":[{"href":"https:\/\/webdali.latempesta.eu\/ca\/wp-json\/wp\/v2\/media?parent=2236"}],"wp:term":[{"taxonomy":"category","embeddable":true,"href":"https:\/\/webdali.latempesta.eu\/ca\/wp-json\/wp\/v2\/categories?post=2236"},{"taxonomy":"post_tag","embeddable":true,"href":"https:\/\/webdali.latempesta.eu\/ca\/wp-json\/wp\/v2\/tags?post=2236"}],"curies":[{"name":"wp","href":"https:\/\/api.w.org\/{rel}","templated":true}]}}