{"id":2832,"date":"2025-04-23T15:33:17","date_gmt":"2025-04-23T13:33:17","guid":{"rendered":"https:\/\/webdali.latempesta.eu\/fundacio-dali\/serveis\/drets-i-obres\/"},"modified":"2025-06-30T09:14:26","modified_gmt":"2025-06-30T07:14:26","slug":"drets-i-imatge","status":"publish","type":"page","link":"https:\/\/webdali.latempesta.eu\/ca\/fundacio-dali\/serveis\/drets-i-imatge\/","title":{"rendered":"Drets i imatge"},"content":{"rendered":"\n<div class=\"wp-block-columns global-column is-layout-flex wp-container-core-columns-is-layout-9d6595d7 wp-block-columns-is-layout-flex\">\n<div class=\"wp-block-column is-layout-flow wp-block-column-is-layout-flow\">\n<p class=\"wp-block-custom-entradeta entradeta\">Per poder reproduir en qualsevol suport o mitj\u00e0 la obra de Salvador Dal\u00ed, el seu nom i\/o la imatge del artista, \u00e9s &nbsp;imprescindible comptar amb la autoritzaci\u00f3 de la Fundaci\u00f3, instituci\u00f3 que gestiona la propietat industrial e intel\u00b7lectual del artista aix\u00ed com tots els seus drets, incloent-hi els seus drets d\u2019imatge.<\/p>\n<\/div>\n<\/div>\n\n\n\n<div class=\"wp-block-columns col-text col-2 is-layout-flex wp-container-core-columns-is-layout-9d6595d7 wp-block-columns-is-layout-flex\">\n<div class=\"wp-block-column is-layout-flow wp-block-column-is-layout-flow\">\n<h2 class=\"wp-block-heading\">Reproducci\u00f3 de la obra de Salvador Dal\u00ed<\/h2>\n<\/div>\n\n\n\n<div class=\"wp-block-column is-layout-flow wp-block-column-is-layout-flow\">\n<p>Les sol\u00b7licituds de reproducci\u00f3 de les obres de l\u2019artista s\u2019han d\u2019adre\u00e7ar a VEGAP, societat de gesti\u00f3, membre de la xarxa internacional CISAC, que s\u2019ocupa d\u2019aquests tr\u00e0mits en nom de la Fundaci\u00f3. <\/p>\n\n\n\n<div class=\"wp-block-group is-vertical is-layout-flex wp-container-core-group-is-layout-8cf370e7 wp-block-group-is-layout-flex\">\n<p>Els contactes son:<\/p>\n\n\n\n<p><a href=\"mailto:rjulian@vegap.es\">rjulian@vegap.es<\/a>&nbsp;<\/p>\n\n\n\n<p><a href=\"mailto:ribanez@vegap.es\">ribanez@vegap.es<\/a><\/p>\n<\/div>\n<\/div>\n<\/div>\n\n\n\n<div class=\"wp-block-columns col-text col-2 is-layout-flex wp-container-core-columns-is-layout-9d6595d7 wp-block-columns-is-layout-flex\">\n<div class=\"wp-block-column is-layout-flow wp-block-column-is-layout-flow\">\n<h2 class=\"wp-block-heading\">Reproducci\u00f3 de la imatge de Gala i Salvador Dal\u00ed<\/h2>\n<\/div>\n\n\n\n<div class=\"wp-block-column is-layout-flow wp-block-column-is-layout-flow\">\n<p>Les sol\u00b7licituds de reproducci\u00f3 de la imatge i\/o retrat de Salvador Dal\u00ed i de la seva esposa Gala han d\u2019adre\u00e7ar-se directament a la Fundaci\u00f3, a:<br><a href=\"mailto:rights@fundaciodali.org\" target=\"_blank\" rel=\"noreferrer noopener\">rights@fundaciodali.org<\/a><br>Sempre son necess\u00e0ries dues gestions:<br>\u2022 Gesti\u00f3 de drets del fot\u00f2graf autor de la imatge<br>\u2022 Gesti\u00f3 dels drets imatge de Salvador Dal\u00ed i Gala, gestionats directament per la Fundaci\u00f3.<br>La Fundaci\u00f3 gestiona els drets d\u2019alguns fot\u00f2grafs i tamb\u00e9 pot ajudar els sol\u00b7licitants facilitant el contacte de molts fot\u00f2grafs que van retratar l\u2019artista.<\/p>\n\n\n\n<p>Un cop revisada i autoritzada la sol\u00b7licitud, es facilitaran les mencions corresponents. Tamb\u00e9 s\u2019 hauran d\u2019enviar exemplars justificatius gratu\u00efts al departament de Drets de la Fundaci\u00f3 (dos exemplars f\u00edsics i\/o l\u2019enlla\u00e7 digital).<\/p>\n<\/div>\n<\/div>\n\n\n\n<div class=\"wp-block-columns col-text col-2 is-layout-flex wp-container-core-columns-is-layout-9d6595d7 wp-block-columns-is-layout-flex\">\n<div class=\"wp-block-column is-layout-flow wp-block-column-is-layout-flow\">\n<h2 class=\"wp-block-heading\">Banc d&#8217;imatges<\/h2>\n<\/div>\n\n\n\n<div class=\"wp-block-column is-layout-flow wp-block-column-is-layout-flow\">\n<p>Des del banc d\u2019imatges de la Fundaci\u00f3 es poden facilitar imatges digitals a alta definici\u00f3 (300 dpi) de les obres de la col\u00b7lecci\u00f3 de la Fundaci\u00f3, de la col\u00b7lecci\u00f3 del Museo Reina Sof\u00eda de Madrid i de la col\u00b7lecci\u00f3 del Salvador Dal\u00ed Museum de St Petersburg, Florida, EEUU.<br>Tamb\u00e9, es poden facilitar imatges digitals del arxiu fotogr\u00e0fic de la Fundaci\u00f3.<\/p>\n<\/div>\n<\/div>\n\n\n\n<div class=\"wp-block-columns col-text col-2 is-layout-flex wp-container-core-columns-is-layout-9d6595d7 wp-block-columns-is-layout-flex\">\n<div class=\"wp-block-column is-layout-flow wp-block-column-is-layout-flow\">\n<h2 class=\"wp-block-heading\">Contacte<\/h2>\n<\/div>\n\n\n\n<div class=\"wp-block-column is-layout-flow wp-block-column-is-layout-flow\">\n<p>Departament de Drets<br>Fundaci\u00f3 Gala-Salvador Dal\u00ed<br>Torre Galatea<br>Pujada del Castell, 28<br>17600 Figueres<\/p>\n\n\n\n<p>Mail: <a href=\"mailto:rights@fundaciodali.org\" target=\"_blank\" rel=\"noreferrer noopener\">rights@fundaciodali.org<\/a><br>Tel.: +34 972 677518<\/p>\n<\/div>\n<\/div>\n\n\n    <div  class=\"wp-block-columns swiper-column   destacat bloc-destacats \" style=\"background-image: linear-gradient(to right, white, white)\">\n        <div class=\"wp-block-column\">\n            <div id=\"swiper-69ff3b8cade57\" class=\"swiper destacats dues\" >\n                <div class=\"swiper-wrapper\">\n\n                                            <div class=\"swiper-slide intro\">\n                            <h2>Els nostres serveis especialitzats<\/h2>\n                            <div class=\"descripcio\"><p>La Fundaci\u00f3 Gala \u2013 Salvador Dal\u00ed posa a disposici\u00f3 de professionals, investigadors i institucions els seus serveis especialitzats: l\u2019expertitzaci\u00f3 d\u2019obra, per garantir l\u2019autenticitat i l\u2019estudi rigor\u00f3s de les peces; la gesti\u00f3 de drets i imatge, per a l\u2019\u00fas adequat de les imatges i continguts dalinians; i la sala de premsa, amb recursos i materials per a mitjans de comunicaci\u00f3.<\/p>\n<\/div>\n                                                    <\/div>\n                    \n\n                    \n                        \n                        <div class=\"swiper-slide\">\n                                                            <div class=\"banner\" style=\"background-image: url(https:\/\/webdali.latempesta.eu\/wp-content\/uploads\/2025\/07\/0072-medium.jpg)\">\n                                                                            <ul class=\"context\">\n                                            <li class=\"context__item\" aria-label=\"hidden\">                                            <\/li>\n                                        <\/ul>\n                                    \n                                    <h3 class=\"titol\">Expertitzaci\u00f3 d&#8217;obra<\/h3>\n                                        \n                                    <div class=\"button fletxa\"><a href=\"https:\/\/webdali.latempesta.eu\/ca\/fundacio-dali\/serveis\/expertitzacio-d-obra\/\">M\u00e9s informaci\u00f3<\/a><\/div>\n\n                                    \n                                <\/div>\n                                                    <\/div>\n\n                    \n                        \n                        <div class=\"swiper-slide\">\n                                                            <div class=\"banner\" style=\"background-image: url(https:\/\/webdali.latempesta.eu\/wp-content\/uploads\/2025\/05\/Dematerialization-Near-the-Nose-of-Nero-612x1024.jpg)\">\n                                                                            <ul class=\"context\">\n                                            <li class=\"context__item\" aria-label=\"hidden\">                                            <\/li>\n                                        <\/ul>\n                                    \n                                    <h3 class=\"titol\">Sala de premsa<\/h3>\n                                        \n                                    <div class=\"button fletxa\"><a href=\"https:\/\/webdali.latempesta.eu\/ca\/fundacio-dali\/serveis\/premsa\/\">M\u00e9s informaci\u00f3<\/a><\/div>\n\n                                    \n                                <\/div>\n                                                    <\/div>\n\n                                    <\/div>\n                <!-- Swiper navigation buttons -->\n                <div class=\"swiper-button-prev\">\n                    <span class=\"screen-reader-text\">Diapositiva anterior<\/span>\n                <\/div>\n                <div class=\"swiper-button-next\">\n                    <span class=\"screen-reader-text\">Diapositiva seg\u00fcent<\/span>\n                <\/div>\n            <\/div>\n        <\/div>\n    <\/div>\n\n\n\n<!-- Swiper JS -->\n<script src=\"https:\/\/cdn.jsdelivr.net\/npm\/swiper@11\/swiper-bundle.min.js\"><\/script>\n\n<!-- Initialize Swiper -->\n<script>\n\njQuery( document ).ready(function() {      \n\n    Tipus = 'destacat';\n\n    updateSpaceBetween();\n    spaceBetweenInicial = 60;\n    \n    if (Tipus=='intro-images' ) {\n    \/\/    spaceBetweenValueModul = 0;\n    }\n\n\n\n    console.log(\"spaceBetweenValueModul\",spaceBetweenValueModul);\n\n    var swiper = new Swiper(\"#swiper-69ff3b8cade57\", {\n      slidesPerView: \"auto\",\n      spaceBetween: spaceBetweenInicial,\n      \tfreeMode: true,\n\t  \tbreakpoints: {\n\t        \/\/ Quan l'amplada de la pantalla sigui major a 1024px\n\t        1024: {\n\t            spaceBetween: spaceBetweenValue,\n\t        },\n\t    },\n        \/\/ Navigation arrows\n        navigation: {\n            nextEl: '.swiper-button-next',\n            prevEl: '.swiper-button-prev',\n        },\n        mousewheel: {\n            releaseOnEdges: true,\n            forceToAxis: true,\n            sensitivity:    1,\n        },\n        a11y: {\n            prevSlideMessage: 'Diapositiva anterior',\n            nextSlideMessage: 'Diapositiva seg\u00fcent',\n        },\n    });\n\n\n \n\n\n    \/*\n    jQuery('.bloc-destacats').each(function() {\n        const nextDiv = jQuery(this).next('div');\n        if (nextDiv.hasClass('contingut-ampliat')) {\n            console.log('T\u00e9 .contingut-ampliat despr\u00e9s');\n            \/\/ Aqu\u00ed pots fer accions, per exemple:\n            \/\/ $nextDiv.addClass('marcat'); o $(this).append($nextDiv);\n        }\n    });\n    *\/\n})\n<\/script>\n\n","protected":false},"excerpt":{"rendered":"<p>Reproducci\u00f3 de la obra de Salvador Dal\u00ed Les sol\u00b7licituds de reproducci\u00f3 de les obres de l\u2019artista s\u2019han d\u2019adre\u00e7ar a VEGAP, societat de gesti\u00f3, membre de la xarxa internacional CISAC, que s\u2019ocupa d\u2019aquests tr\u00e0mits en nom de la Fundaci\u00f3. Els contactes son: rjulian@vegap.es&nbsp; ribanez@vegap.es Reproducci\u00f3 de la imatge de Gala i Salvador Dal\u00ed Les sol\u00b7licituds de [&hellip;]<\/p>\n","protected":false},"author":3,"featured_media":10066,"parent":764,"menu_order":110,"comment_status":"closed","ping_status":"closed","template":"","meta":{"_acf_changed":false,"_coblocks_attr":"","_coblocks_dimensions":"","_coblocks_responsive_height":"","_coblocks_accordion_ie_support":"","footnotes":""},"categories":[],"tags":[],"class_list":["post-2832","page","type-page","status-publish","has-post-thumbnail","hentry"],"acf":[],"_links":{"self":[{"href":"https:\/\/webdali.latempesta.eu\/ca\/wp-json\/wp\/v2\/pages\/2832","targetHints":{"allow":["GET"]}}],"collection":[{"href":"https:\/\/webdali.latempesta.eu\/ca\/wp-json\/wp\/v2\/pages"}],"about":[{"href":"https:\/\/webdali.latempesta.eu\/ca\/wp-json\/wp\/v2\/types\/page"}],"author":[{"embeddable":true,"href":"https:\/\/webdali.latempesta.eu\/ca\/wp-json\/wp\/v2\/users\/3"}],"replies":[{"embeddable":true,"href":"https:\/\/webdali.latempesta.eu\/ca\/wp-json\/wp\/v2\/comments?post=2832"}],"version-history":[{"count":0,"href":"https:\/\/webdali.latempesta.eu\/ca\/wp-json\/wp\/v2\/pages\/2832\/revisions"}],"up":[{"embeddable":true,"href":"https:\/\/webdali.latempesta.eu\/ca\/wp-json\/wp\/v2\/pages\/764"}],"wp:featuredmedia":[{"embeddable":true,"href":"https:\/\/webdali.latempesta.eu\/ca\/wp-json\/wp\/v2\/media\/10066"}],"wp:attachment":[{"href":"https:\/\/webdali.latempesta.eu\/ca\/wp-json\/wp\/v2\/media?parent=2832"}],"wp:term":[{"taxonomy":"category","embeddable":true,"href":"https:\/\/webdali.latempesta.eu\/ca\/wp-json\/wp\/v2\/categories?post=2832"},{"taxonomy":"post_tag","embeddable":true,"href":"https:\/\/webdali.latempesta.eu\/ca\/wp-json\/wp\/v2\/tags?post=2832"}],"curies":[{"name":"wp","href":"https:\/\/api.w.org\/{rel}","templated":true}]}}