{"id":2834,"date":"2025-04-23T15:33:27","date_gmt":"2025-04-23T13:33:27","guid":{"rendered":"https:\/\/webdali.latempesta.eu\/fundacio-dali\/serveis\/premsa\/"},"modified":"2025-07-04T13:09:37","modified_gmt":"2025-07-04T11:09:37","slug":"premsa","status":"publish","type":"page","link":"https:\/\/webdali.latempesta.eu\/ca\/fundacio-dali\/serveis\/premsa\/","title":{"rendered":"Sala de premsa"},"content":{"rendered":"\n<div class=\"wp-block-columns global-column is-layout-flex wp-container-core-columns-is-layout-9d6595d7 wp-block-columns-is-layout-flex\">\n<div class=\"wp-block-column is-layout-flow wp-block-column-is-layout-flow\">\n<p>Per a un \u00fas period\u00edstic, posem a la vostra disposici\u00f3 una selecci\u00f3 d\u2019imatges dels Museus Dal\u00ed, d\u2019obres i retrats de Dal\u00ed i\/o Gala amb perm\u00eds d\u2019\u00fas mentre durin les exposicions. Us les podeu descarregar lliurement.<br>Per sol\u00b7licitar entrevistes, filmacions o reportatges fotogr\u00e0fics, si us plau, contacteu amb l\u2019Oficina de Premsa al correu comunicacio@fundaciodali.org o b\u00e9 per tel\u00e8fon al 972 677 516.<\/p>\n<\/div>\n<\/div>\n\n\n    <div  class=\"wp-block-columns swiper-column   destacat bloc-destacats \" style=\"background-image: linear-gradient(to right, white, white)\">\n        <div class=\"wp-block-column\">\n            <div id=\"swiper-69ff2038346ff\" class=\"swiper destacats dues\" >\n                <div class=\"swiper-wrapper\">\n\n                                            <div class=\"swiper-slide intro\">\n                            <h2>Dossiers de premsa i not\u00edcies<\/h2>\n                            <div class=\"descripcio\"><p>Aqu\u00ed accedireu a les not\u00edcies generades per la Fundaci\u00f3 Dal\u00ed o els seus Museus, als dossiers de premsa de les exposicions temporals i comunicats que informen de les activitats dels tres Museus Dal\u00ed.<\/p>\n<p>&nbsp;<\/p>\n<\/div>\n                                                    <\/div>\n                    \n\n                    \n                        \n                        <div class=\"swiper-slide\">\n                                                            <div class=\"banner\" style=\"background-image: url(https:\/\/webdali.latempesta.eu\/wp-content\/uploads\/2025\/05\/Sense-titol-588x1024.jpg)\">\n                                                                            <ul class=\"context\">\n                                            <li class=\"context__item\" aria-label=\"hidden\">                                            <\/li>\n                                        <\/ul>\n                                    \n                                    <h3 class=\"titol\">Not\u00edcies<\/h3>\n                                        \n                                    <div class=\"button fletxa\"><a href=\"https:\/\/webdali.latempesta.eu\/ca\/fundacio-dali\/noticies\/\">M\u00e9s informaci\u00f3<\/a><\/div>\n\n                                    \n                                <\/div>\n                                                    <\/div>\n\n                    \n                        \n                        <div class=\"swiper-slide\">\n                                                            <div class=\"banner\" style=\"background-image: url(https:\/\/webdali.latempesta.eu\/wp-content\/uploads\/2025\/04\/Visitants-Museu-Dali-0325-111-1024x683.jpg)\">\n                                                                            <ul class=\"context\">\n                                            <li class=\"context__item\" aria-label=\"hidden\">                                            <\/li>\n                                        <\/ul>\n                                    \n                                    <h3 class=\"titol\">Dossiers de premsa<\/h3>\n                                        \n                                    <div class=\"button fletxa\"><a href=\"https:\/\/webdali.latempesta.eu\/ca\/fundacio-dali\/serveis\/premsa\/dossiers-de-premsa\/\">M\u00e9s informaci\u00f3<\/a><\/div>\n\n                                    \n                                <\/div>\n                                                    <\/div>\n\n                                    <\/div>\n                <!-- Swiper navigation buttons -->\n                <div class=\"swiper-button-prev\">\n                    <span class=\"screen-reader-text\">Diapositiva anterior<\/span>\n                <\/div>\n                <div class=\"swiper-button-next\">\n                    <span class=\"screen-reader-text\">Diapositiva seg\u00fcent<\/span>\n                <\/div>\n            <\/div>\n        <\/div>\n    <\/div>\n\n\n\n<!-- Swiper JS -->\n<script src=\"https:\/\/cdn.jsdelivr.net\/npm\/swiper@11\/swiper-bundle.min.js\"><\/script>\n\n<!-- Initialize Swiper -->\n<script>\n\njQuery( document ).ready(function() {      \n\n    Tipus = 'destacat';\n\n    updateSpaceBetween();\n    spaceBetweenInicial = 60;\n    \n    if (Tipus=='intro-images' ) {\n    \/\/    spaceBetweenValueModul = 0;\n    }\n\n\n\n    console.log(\"spaceBetweenValueModul\",spaceBetweenValueModul);\n\n    var swiper = new Swiper(\"#swiper-69ff2038346ff\", {\n      slidesPerView: \"auto\",\n      spaceBetween: spaceBetweenInicial,\n      \tfreeMode: true,\n\t  \tbreakpoints: {\n\t        \/\/ Quan l'amplada de la pantalla sigui major a 1024px\n\t        1024: {\n\t            spaceBetween: spaceBetweenValue,\n\t        },\n\t    },\n        \/\/ Navigation arrows\n        navigation: {\n            nextEl: '.swiper-button-next',\n            prevEl: '.swiper-button-prev',\n        },\n        mousewheel: {\n            releaseOnEdges: true,\n            forceToAxis: true,\n            sensitivity:    1,\n        },\n        a11y: {\n            prevSlideMessage: 'Diapositiva anterior',\n            nextSlideMessage: 'Diapositiva seg\u00fcent',\n        },\n    });\n\n\n \n\n\n    \/*\n    jQuery('.bloc-destacats').each(function() {\n        const nextDiv = jQuery(this).next('div');\n        if (nextDiv.hasClass('contingut-ampliat')) {\n            console.log('T\u00e9 .contingut-ampliat despr\u00e9s');\n            \/\/ Aqu\u00ed pots fer accions, per exemple:\n            \/\/ $nextDiv.addClass('marcat'); o $(this).append($nextDiv);\n        }\n    });\n    *\/\n})\n<\/script>\n\n\n\n\n<div class=\"wp-block-columns col-text col-2 is-layout-flex wp-container-core-columns-is-layout-9d6595d7 wp-block-columns-is-layout-flex\" id=\"reportatges\">\n<div class=\"wp-block-column is-layout-flow wp-block-column-is-layout-flow\">\n<h2 class=\"wp-block-heading\">Condicions de reportatges<\/h2>\n<\/div>\n\n\n\n<div class=\"wp-block-column is-layout-flow wp-block-column-is-layout-flow\">\n<p>Llistem les condicions generals de reportatges als Museus Dal\u00ed i, m\u00e9s avall, trobareu el formulari que heu d&#8217;emplenar per sol\u00b7licitar dia i hora.<\/p>\n\n\n\n<p>Per obtenir el perm\u00eds per reproduir obra de Salvador Dal\u00ed, cal contactar amb VEGAP (tel\u00e8fon Barcelona 93 301 03 31 i Madrid 91 532 66 32) o b\u00e9 la societat de gesti\u00f3 de drets d&#8217;artistes pl\u00e0stics del pa\u00eds on es difondran les imatges. En cas que sigui fora de l&#8217;Estat espanyol, podeu consultar la&nbsp;<a href=\"http:\/\/www.cisac.org\/\" target=\"_blank\" rel=\"noreferrer noopener\">Confederaci\u00f3n Internacional de Sociedades de Autores y Compositores (CISAC)<\/a>&nbsp;per saber a trav\u00e9s de quina entitat de gesti\u00f3 de drets podeu d&#8217;obtenir la llic\u00e8ncia.<\/p>\n\n\n\n<p>Demanem que l&#8217;equip desplaci el m\u00ednim nombre de persones possible i que el material sigui el m\u00e9s redu\u00eft possible.<\/p>\n\n\n\n<p>Cal acordar amb la Fundaci\u00f3 Dal\u00ed el dia i hora de reportatge.<\/p>\n\n\n\n<p>Pagar per endavant la tarifa de reportatge que se us facilitar\u00e0.<\/p>\n\n\n\n<p>Complir l&#8217;horari acordat.<\/p>\n\n\n\n<p>Utilitzar les imatges preses \u00fanicament de la forma i amb la finalitat per a les quals heu estat autoritzats.<\/p>\n\n\n\n<p>El copyright haur\u00e0 de constar obligat\u00f2riament i de manera visible. Cal fer constar que les imatges han estat preses amb l&#8217;autoritzaci\u00f3 de la Fundaci\u00f3 Gala-Salvador Dal\u00ed.<\/p>\n\n\n\n<p>Cal enviar a la Fundaci\u00f3 Dal\u00ed un enlla\u00e7 o PDF del reportatge resultant.<\/p>\n\n\n\n<p>En el per\u00edode de juliol a setembre no garantim que es puguin dur a terme els reportatges.<\/p>\n\n\n\n<div style=\"height:25px\" aria-hidden=\"true\" class=\"wp-block-spacer\"><\/div>\n<\/div>\n<\/div>\n\n\n\n<div class=\"wp-block-columns global-column contingut-ampliat is-layout-flex wp-container-core-columns-is-layout-9d6595d7 wp-block-columns-is-layout-flex\">\n<div class=\"wp-block-column is-layout-flow wp-block-column-is-layout-flow\" style=\"flex-basis:100%\">\n<div class=\"wp-block-buttons is-layout-flex wp-block-buttons-is-layout-flex\">\n    <div class=\"wp-block-button contingut-ampliat-boto\" data-class=\"contingut-ampliat integrat\">\n        <a class=\"wp-block-button__link wp-element-button\" tabindex=\"0\" >Formulari de sol\u00b7licitud<\/a>\n    <\/div>\n<\/div>\n\n\n\n\n\n\n\n\n\n\n\n<div class=\"wp-block-columns contingut-ampliat-content is-layout-flex wp-container-core-columns-is-layout-9d6595d7 wp-block-columns-is-layout-flex\">\n<div class=\"wp-block-column is-layout-flow wp-block-column-is-layout-flow\"><\/div>\n<\/div>\n<\/div>\n<\/div>\n\n\n\n<div class=\"wp-block-columns col-text col-2 is-layout-flex wp-container-core-columns-is-layout-9d6595d7 wp-block-columns-is-layout-flex\">\n<div class=\"wp-block-column is-layout-flow wp-block-column-is-layout-flow\">\n<h2 class=\"wp-block-heading\">Contacte<\/h2>\n<\/div>\n\n\n\n<div class=\"wp-block-column is-layout-flow wp-block-column-is-layout-flow\">\n<p>Si voleu obtenir un passi gratu\u00eft de premsa per visitar els 3 Museus Dal\u00ed de Figueres, P\u00fabol i Portlligat, cal que mostreu el vostre carnet de premsa a les taquilles. Als periodistes se\u2019ls permet visitar els Museus de forma gratu\u00efta en el benent\u00e8s que hi haur\u00e0 una contraprestaci\u00f3 a trav\u00e9s de la difusi\u00f3 de les activitats i exposicions dels museus. Si voleu assegurar-vos una entrada, cal que la reserveu amb antelaci\u00f3 enviant un missatge i la vostra acreditaci\u00f3 a comunicacio@fundaciodali.org<\/p>\n\n\n\n<p>Per donar-vos d\u2019alta a la llista de mitjans i rebre les nostres comunicacions, envieu-nos un missatge a <a href=\"mailto:comunicacio@fundaciodali.org\">comunicacio@fundaciodali.org<\/a><\/p>\n<\/div>\n<\/div>\n\n\n    <div  class=\"wp-block-columns swiper-column   destacat bloc-destacats \" style=\"background-image: linear-gradient(to right, white, white)\">\n        <div class=\"wp-block-column\">\n            <div id=\"swiper-69ff203838edb\" class=\"swiper destacats dues\" >\n                <div class=\"swiper-wrapper\">\n\n                                            <div class=\"swiper-slide intro\">\n                            <h2>Els nostres serveis especialitzats<\/h2>\n                            <div class=\"descripcio\"><p>La Fundaci\u00f3 Gala \u2013 Salvador Dal\u00ed posa a disposici\u00f3 de professionals, investigadors i institucions els seus serveis especialitzats: l\u2019expertitzaci\u00f3 d\u2019obra, per garantir l\u2019autenticitat i l\u2019estudi rigor\u00f3s de les peces; la gesti\u00f3 de drets i imatge, per a l\u2019\u00fas adequat de les imatges i continguts dalinians; i la sala de premsa, amb recursos i materials per a mitjans de comunicaci\u00f3.<\/p>\n<\/div>\n                                                    <\/div>\n                    \n\n                    \n                        \n                        <div class=\"swiper-slide\">\n                                                            <div class=\"banner\" style=\"background-image: url(https:\/\/webdali.latempesta.eu\/wp-content\/uploads\/2025\/07\/0072-medium.jpg)\">\n                                                                            <ul class=\"context\">\n                                            <li class=\"context__item\" aria-label=\"hidden\">                                            <\/li>\n                                        <\/ul>\n                                    \n                                    <h3 class=\"titol\">Expertitzaci\u00f3 d&#8217;obra<\/h3>\n                                        \n                                    <div class=\"button fletxa\"><a href=\"https:\/\/webdali.latempesta.eu\/ca\/fundacio-dali\/serveis\/expertitzacio-d-obra\/\">M\u00e9s informaci\u00f3<\/a><\/div>\n\n                                    \n                                <\/div>\n                                                    <\/div>\n\n                    \n                        \n                        <div class=\"swiper-slide\">\n                                                            <div class=\"banner\" style=\"background-image: url(https:\/\/webdali.latempesta.eu\/wp-content\/uploads\/2025\/06\/default-7-1.jpg)\">\n                                                                            <ul class=\"context\">\n                                            <li class=\"context__item\" aria-label=\"hidden\">                                            <\/li>\n                                        <\/ul>\n                                    \n                                    <h3 class=\"titol\">Drets i imatge<\/h3>\n                                        \n                                    <div class=\"button fletxa\"><a href=\"https:\/\/webdali.latempesta.eu\/ca\/fundacio-dali\/serveis\/drets-i-imatge\/\">M\u00e9s informaci\u00f3<\/a><\/div>\n\n                                    \n                                <\/div>\n                                                    <\/div>\n\n                                    <\/div>\n                <!-- Swiper navigation buttons -->\n                <div class=\"swiper-button-prev\">\n                    <span class=\"screen-reader-text\">Diapositiva anterior<\/span>\n                <\/div>\n                <div class=\"swiper-button-next\">\n                    <span class=\"screen-reader-text\">Diapositiva seg\u00fcent<\/span>\n                <\/div>\n            <\/div>\n        <\/div>\n    <\/div>\n\n\n\n<!-- Swiper JS -->\n<script src=\"https:\/\/cdn.jsdelivr.net\/npm\/swiper@11\/swiper-bundle.min.js\"><\/script>\n\n<!-- Initialize Swiper -->\n<script>\n\njQuery( document ).ready(function() {      \n\n    Tipus = 'destacat';\n\n    updateSpaceBetween();\n    spaceBetweenInicial = 60;\n    \n    if (Tipus=='intro-images' ) {\n    \/\/    spaceBetweenValueModul = 0;\n    }\n\n\n\n    console.log(\"spaceBetweenValueModul\",spaceBetweenValueModul);\n\n    var swiper = new Swiper(\"#swiper-69ff203838edb\", {\n      slidesPerView: \"auto\",\n      spaceBetween: spaceBetweenInicial,\n      \tfreeMode: true,\n\t  \tbreakpoints: {\n\t        \/\/ Quan l'amplada de la pantalla sigui major a 1024px\n\t        1024: {\n\t            spaceBetween: spaceBetweenValue,\n\t        },\n\t    },\n        \/\/ Navigation arrows\n        navigation: {\n            nextEl: '.swiper-button-next',\n            prevEl: '.swiper-button-prev',\n        },\n        mousewheel: {\n            releaseOnEdges: true,\n            forceToAxis: true,\n            sensitivity:    1,\n        },\n        a11y: {\n            prevSlideMessage: 'Diapositiva anterior',\n            nextSlideMessage: 'Diapositiva seg\u00fcent',\n        },\n    });\n\n\n \n\n\n    \/*\n    jQuery('.bloc-destacats').each(function() {\n        const nextDiv = jQuery(this).next('div');\n        if (nextDiv.hasClass('contingut-ampliat')) {\n            console.log('T\u00e9 .contingut-ampliat despr\u00e9s');\n            \/\/ Aqu\u00ed pots fer accions, per exemple:\n            \/\/ $nextDiv.addClass('marcat'); o $(this).append($nextDiv);\n        }\n    });\n    *\/\n})\n<\/script>\n\n","protected":false},"excerpt":{"rendered":"<p>Per a un \u00fas period\u00edstic, posem a la vostra disposici\u00f3 una selecci\u00f3 d\u2019imatges dels Museus Dal\u00ed, d\u2019obres i retrats de Dal\u00ed i\/o Gala amb perm\u00eds d\u2019\u00fas mentre durin les exposicions. Us les podeu descarregar lliurement.Per sol\u00b7licitar entrevistes, filmacions o reportatges fotogr\u00e0fics, si us plau, contacteu amb l\u2019Oficina de Premsa al correu comunicacio@fundaciodali.org o b\u00e9 per [&hellip;]<\/p>\n","protected":false},"author":3,"featured_media":3697,"parent":764,"menu_order":167,"comment_status":"closed","ping_status":"closed","template":"","meta":{"_acf_changed":false,"_coblocks_attr":"","_coblocks_dimensions":"","_coblocks_responsive_height":"","_coblocks_accordion_ie_support":"","footnotes":""},"categories":[],"tags":[],"class_list":["post-2834","page","type-page","status-publish","has-post-thumbnail","hentry"],"acf":[],"_links":{"self":[{"href":"https:\/\/webdali.latempesta.eu\/ca\/wp-json\/wp\/v2\/pages\/2834","targetHints":{"allow":["GET"]}}],"collection":[{"href":"https:\/\/webdali.latempesta.eu\/ca\/wp-json\/wp\/v2\/pages"}],"about":[{"href":"https:\/\/webdali.latempesta.eu\/ca\/wp-json\/wp\/v2\/types\/page"}],"author":[{"embeddable":true,"href":"https:\/\/webdali.latempesta.eu\/ca\/wp-json\/wp\/v2\/users\/3"}],"replies":[{"embeddable":true,"href":"https:\/\/webdali.latempesta.eu\/ca\/wp-json\/wp\/v2\/comments?post=2834"}],"version-history":[{"count":0,"href":"https:\/\/webdali.latempesta.eu\/ca\/wp-json\/wp\/v2\/pages\/2834\/revisions"}],"up":[{"embeddable":true,"href":"https:\/\/webdali.latempesta.eu\/ca\/wp-json\/wp\/v2\/pages\/764"}],"wp:featuredmedia":[{"embeddable":true,"href":"https:\/\/webdali.latempesta.eu\/ca\/wp-json\/wp\/v2\/media\/3697"}],"wp:attachment":[{"href":"https:\/\/webdali.latempesta.eu\/ca\/wp-json\/wp\/v2\/media?parent=2834"}],"wp:term":[{"taxonomy":"category","embeddable":true,"href":"https:\/\/webdali.latempesta.eu\/ca\/wp-json\/wp\/v2\/categories?post=2834"},{"taxonomy":"post_tag","embeddable":true,"href":"https:\/\/webdali.latempesta.eu\/ca\/wp-json\/wp\/v2\/tags?post=2834"}],"curies":[{"name":"wp","href":"https:\/\/api.w.org\/{rel}","templated":true}]}}