{"id":2958,"date":"2025-04-25T10:14:58","date_gmt":"2025-04-25T08:14:58","guid":{"rendered":"https:\/\/webdali.latempesta.eu\/fundacio-dali\/serveis\/premsa\/dossiers-de-premsa\/"},"modified":"2025-06-29T19:00:57","modified_gmt":"2025-06-29T17:00:57","slug":"dossiers-de-premsa","status":"publish","type":"page","link":"https:\/\/webdali.latempesta.eu\/ca\/fundacio-dali\/serveis\/premsa\/dossiers-de-premsa\/","title":{"rendered":"Dossiers de premsa"},"content":{"rendered":"<div class=\"facetwp-template\" data-name=\"dossier_premsa\"><style>\n\n\n.facetwp-template[data-name=\"dossier_premsa\"] .fwpl-layout {\n    display:block;\n}\n\n.facetwp-template[data-name=\"dossier_premsa\"] .grid-item {\n  display: flex;\n  padding: 1rem 0;\n  border-bottom: 1px solid black;\n}\n\n.facetwp-template[data-name=\"dossier_premsa\"] .item-header {\n  width: 80px;\n  height: 80px;\n \/* border: 1px solid #9a233c; *\/\n}\n\n.facetwp-template[data-name=\"dossier_premsa\"] .item-content {\n  align-self: center;\n}\n\n.facetwp-template[data-name=\"dossier_premsa\"] .fwpl-layout .grid-item .item-header figure::after {\n    content: none;\n}\n\n.facetwp-template[data-name=\"dossier_premsa\"] .fwpl-layout .grid-item .item-content .title {\n  font-family: var(--sans);\n  font-size: var(--m-et-plus);\n  line-height: 1.3;\n  letter-spacing: var(--letter-space);\n}\n\n<\/style>\n\n<ul class=\"fwpl-layout list\">\n  \t<li class=\"grid-item\">\n\n        \t\t\n        <div class=\"item-header\">\n            <figure class=\"image\">                    <img decoding=\"async\" src=\"https:\/\/webdali.latempesta.eu\/wp-content\/themes\/salvadordali-fundacio\/assets\/images\/noimatge.jpg\" alt=\"\" \/>;    \n                <\/figure>\n\n        <\/div>\n        <div class=\"item-content\">\n\n                        <a href=\"https:\/\/webdali.latempesta.eu\/ca\/fundacio-dali\/serveis\/premsa\/dossiers-de-premsa\/dossier\/nota-de-premsa-dali-news_cat\/\" download><div class=\"title\">Nota de Premsa Dal\u00ed News_cat<\/div><\/a>\n            <div class=\"item-data\">\n             22 gener 2026            <\/div>\n        <\/div>\n\t\t\n\t<\/li>\n\t\n  \t<li class=\"grid-item\">\n\n        \t\t\n        <div class=\"item-header\">\n            <figure class=\"image\">                    <img decoding=\"async\" src=\"https:\/\/webdali.latempesta.eu\/wp-content\/themes\/salvadordali-fundacio\/assets\/images\/noimatge.jpg\" alt=\"\" \/>;    \n                <\/figure>\n\n        <\/div>\n        <div class=\"item-content\">\n\n                        <a href=\"https:\/\/webdali.latempesta.eu\/ca\/fundacio-dali\/serveis\/premsa\/dossiers-de-premsa\/dossier\/dossier-de-premsa-fundacio-dali\/\" download><div class=\"title\">Dossier de Premsa Fundaci\u00f3 Dal\u00ed<\/div><\/a>\n            <div class=\"item-data\">\n             7 agost 2025            <\/div>\n        <\/div>\n\t\t\n\t<\/li>\n\t\n  \t<li class=\"grid-item\">\n\n        \t\t\n        <div class=\"item-header\">\n            <figure class=\"image\">                    <img decoding=\"async\" src=\"https:\/\/webdali.latempesta.eu\/wp-content\/themes\/salvadordali-fundacio\/assets\/images\/noimatge.jpg\" alt=\"\" \/>;    \n                <\/figure>\n\n        <\/div>\n        <div class=\"item-content\">\n\n                        <a href=\"https:\/\/webdali.latempesta.eu\/ca\/fundacio-dali\/serveis\/premsa\/dossiers-de-premsa\/dossier\/el-despertar-del-mite-gala-dali-2\/\" download><div class=\"title\">El Despertar del Mite: Gala Dal\u00ed &#8211; Una col\u00b7laboraci\u00f3 entre la Fundaci\u00f3 Gala-Salvador Dal\u00ed i La Roca Village<\/div><\/a>\n            <div class=\"item-data\">\n             1 juny 2025            <\/div>\n        <\/div>\n\t\t\n\t<\/li>\n\t\n  \t<li class=\"grid-item\">\n\n        \t\t\n        <div class=\"item-header\">\n            <figure class=\"image\">                    <img decoding=\"async\" src=\"https:\/\/webdali.latempesta.eu\/wp-content\/themes\/salvadordali-fundacio\/assets\/images\/noimatge.jpg\" alt=\"\" \/>;    \n                <\/figure>\n\n        <\/div>\n        <div class=\"item-content\">\n\n                        <a href=\"https:\/\/webdali.latempesta.eu\/ca\/fundacio-dali\/serveis\/premsa\/dossiers-de-premsa\/dossier\/memoria-2024\/\" download><div class=\"title\">Mem\u00f2ria 2024<\/div><\/a>\n            <div class=\"item-data\">\n             1 juny 2025            <\/div>\n        <\/div>\n\t\t\n\t<\/li>\n\t\n  \t<li class=\"grid-item\">\n\n        \t\t\n        <div class=\"item-header\">\n            <figure class=\"image\">                    <img decoding=\"async\" src=\"https:\/\/webdali.latempesta.eu\/wp-content\/themes\/salvadordali-fundacio\/assets\/images\/noimatge.jpg\" alt=\"\" \/>;    \n                <\/figure>\n\n        <\/div>\n        <div class=\"item-content\">\n\n                        <a href=\"https:\/\/webdali.latempesta.eu\/ca\/fundacio-dali\/serveis\/premsa\/dossiers-de-premsa\/dossier\/fundacio-dali-i-dels-seus-museus\/\" download><div class=\"title\">Fundaci\u00f3 Dal\u00ed i dels seus museus<\/div><\/a>\n            <div class=\"item-data\">\n             1 juny 2025            <\/div>\n        <\/div>\n\t\t\n\t<\/li>\n\t\n  \t<li class=\"grid-item\">\n\n        \t\t\n        <div class=\"item-header\">\n            <figure class=\"image\">                    <img decoding=\"async\" src=\"https:\/\/webdali.latempesta.eu\/wp-content\/themes\/salvadordali-fundacio\/assets\/images\/noimatge.jpg\" alt=\"\" \/>;    \n                <\/figure>\n\n        <\/div>\n        <div class=\"item-content\">\n\n                        <a href=\"https:\/\/webdali.latempesta.eu\/ca\/fundacio-dali\/serveis\/premsa\/dossiers-de-premsa\/dossier\/el-despertar-del-mite-gala-dali\/\" download><div class=\"title\">El despertar del mite: Gala Dal\u00ed<\/div><\/a>\n            <div class=\"item-data\">\n             1 juny 2025            <\/div>\n        <\/div>\n\t\t\n\t<\/li>\n\t\n  \t<li class=\"grid-item\">\n\n        \t\t\n        <div class=\"item-header\">\n            <figure class=\"image\">                    <img decoding=\"async\" src=\"https:\/\/webdali.latempesta.eu\/wp-content\/themes\/salvadordali-fundacio\/assets\/images\/noimatge.jpg\" alt=\"\" \/>;    \n                <\/figure>\n\n        <\/div>\n        <div class=\"item-content\">\n\n                        <a href=\"https:\/\/webdali.latempesta.eu\/ca\/fundacio-dali\/serveis\/premsa\/dossiers-de-premsa\/dossier\/dali-el-crist-de-portlligat\/\" download><div class=\"title\">Dal\u00ed. El crist de Portlligat<\/div><\/a>\n            <div class=\"item-data\">\n             1 setembre 2024            <\/div>\n        <\/div>\n\t\t\n\t<\/li>\n\t\n  \t<li class=\"grid-item\">\n\n        \t\t\n        <div class=\"item-header\">\n            <figure class=\"image\">                    <img decoding=\"async\" src=\"https:\/\/webdali.latempesta.eu\/wp-content\/themes\/salvadordali-fundacio\/assets\/images\/noimatge.jpg\" alt=\"\" \/>;    \n                <\/figure>\n\n        <\/div>\n        <div class=\"item-content\">\n\n                        <a href=\"https:\/\/webdali.latempesta.eu\/ca\/fundacio-dali\/serveis\/premsa\/dossiers-de-premsa\/dossier\/el-teatre-museu-dali-celebra-els-seus-50-anys-amb-tres-projectes-expositius-i-un-audiovisual-que-mostren-la-visio-particular-que-lartista-tenia-de-la-historia-de-lart\/\" download><div class=\"title\">El Teatre-Museu Dal\u00ed celebra els seus 50 anys amb tres projectes expositius i un audiovisual que mostren la visi\u00f3 particular que l\u2019artista tenia de la hist\u00f2ria de l\u2019art<\/div><\/a>\n            <div class=\"item-data\">\n             1 juny 2024            <\/div>\n        <\/div>\n\t\t\n\t<\/li>\n\t\n  <\/ul>\n<\/div>\n","protected":false},"excerpt":{"rendered":"","protected":false},"author":3,"featured_media":2960,"parent":2834,"menu_order":15,"comment_status":"closed","ping_status":"closed","template":"","meta":{"_acf_changed":false,"_coblocks_attr":"","_coblocks_dimensions":"","_coblocks_responsive_height":"","_coblocks_accordion_ie_support":"","footnotes":""},"categories":[],"tags":[],"class_list":["post-2958","page","type-page","status-publish","has-post-thumbnail","hentry"],"acf":[],"_links":{"self":[{"href":"https:\/\/webdali.latempesta.eu\/ca\/wp-json\/wp\/v2\/pages\/2958","targetHints":{"allow":["GET"]}}],"collection":[{"href":"https:\/\/webdali.latempesta.eu\/ca\/wp-json\/wp\/v2\/pages"}],"about":[{"href":"https:\/\/webdali.latempesta.eu\/ca\/wp-json\/wp\/v2\/types\/page"}],"author":[{"embeddable":true,"href":"https:\/\/webdali.latempesta.eu\/ca\/wp-json\/wp\/v2\/users\/3"}],"replies":[{"embeddable":true,"href":"https:\/\/webdali.latempesta.eu\/ca\/wp-json\/wp\/v2\/comments?post=2958"}],"version-history":[{"count":0,"href":"https:\/\/webdali.latempesta.eu\/ca\/wp-json\/wp\/v2\/pages\/2958\/revisions"}],"up":[{"embeddable":true,"href":"https:\/\/webdali.latempesta.eu\/ca\/wp-json\/wp\/v2\/pages\/2834"}],"wp:featuredmedia":[{"embeddable":true,"href":"https:\/\/webdali.latempesta.eu\/ca\/wp-json\/wp\/v2\/media\/2960"}],"wp:attachment":[{"href":"https:\/\/webdali.latempesta.eu\/ca\/wp-json\/wp\/v2\/media?parent=2958"}],"wp:term":[{"taxonomy":"category","embeddable":true,"href":"https:\/\/webdali.latempesta.eu\/ca\/wp-json\/wp\/v2\/categories?post=2958"},{"taxonomy":"post_tag","embeddable":true,"href":"https:\/\/webdali.latempesta.eu\/ca\/wp-json\/wp\/v2\/tags?post=2958"}],"curies":[{"name":"wp","href":"https:\/\/api.w.org\/{rel}","templated":true}]}}