{"id":6669,"date":"2025-05-27T09:16:02","date_gmt":"2025-05-27T07:16:02","guid":{"rendered":"https:\/\/webdali.latempesta.eu\/?page_id=6669"},"modified":"2025-07-01T21:46:56","modified_gmt":"2025-07-01T19:46:56","slug":"accessibilitat-web","status":"publish","type":"page","link":"https:\/\/webdali.latempesta.eu\/ca\/accessibilitat-web\/","title":{"rendered":"Accessibilitat Web"},"content":{"rendered":"\n<div class=\"wp-block-columns global-column is-layout-flex wp-container-core-columns-is-layout-9d6595d7 wp-block-columns-is-layout-flex\">\n<div class=\"wp-block-column is-layout-flow wp-block-column-is-layout-flow\">\n<p>A la <strong>Fundaci\u00f3 Gala-Salvador Dal\u00ed<\/strong> ens comprometem a garantir que el nostre lloc web <strong>sigui accessible per a totes les persones<\/strong>.<\/p>\n\n\n\n<h2 class=\"wp-block-heading\"><strong>Comprom\u00eds d\u2019accessibilitat<\/strong><\/h2>\n\n\n\n<p>El nostre objectiu \u00e9s que tots els usuaris puguin percebre, utilitzar, entendre i navegar pel nostre lloc web de forma aut\u00f2noma i en igualtat de condicions.<\/p>\n\n\n\n<p>Per aix\u00f2, estem treballant per <strong>complir els criteris d\u2019accessibilitat de nivell AA de la norma UNE-EN 301 549<\/strong> (equivalent a WCAG 2.1, Nivell AA) d\u2019acord amb:<\/p>\n\n\n\n<ul class=\"wp-block-list\">\n<li>La [<strong>DIRECTIVA (UE) 2016\/2102<\/strong>] del Parlament Europeu i del Consell, d\u2019octubre de 2016.<\/li>\n\n\n\n<li>El [<strong>Reial Decret 1112\/2018<\/strong>] d\u2019accessibilitat de llocs web i aplicacions per a dispositius m\u00f2bils del sector p\u00fablic.<\/li>\n<\/ul>\n\n\n\n<h2 class=\"wp-block-heading\"><strong>Situaci\u00f3 d\u2019accessibilitat<\/strong><\/h2>\n\n\n\n<p>Aquesta p\u00e0gina compleix <strong>parcialment<\/strong> els est\u00e0ndards d\u2019accessibilitat per els motius seg\u00fcents:<\/p>\n\n\n\n<ul class=\"wp-block-list\">\n<li>Encara estem treballant per resoldre alguns elements que puguin dificultar l\u2019acc\u00e9s per a algunes persones.<\/li>\n<\/ul>\n\n\n\n<h2 class=\"wp-block-heading\"><strong>Continguts no accessibles (o en proc\u00e9s d\u2019adequaci\u00f3)<\/strong><\/h2>\n\n\n\n<ul class=\"wp-block-list\">\n<li>Algunes imatges no compten amb text alternatiu.<\/li>\n<\/ul>\n\n\n\n<h2 class=\"wp-block-heading\"><strong>Comentaris i mecanisme de queixes<\/strong><\/h2>\n\n\n\n<p>Si detecteu qualsevol dificultat d\u2019acc\u00e9s a la informaci\u00f3 o si voleu <strong>comunicar un problema d\u2019accessibilitat<\/strong>, si us plau poseu-vos en contacte amb nosaltres:<\/p>\n\n\n\n<ul class=\"wp-block-list\">\n<li><strong>Correu electr\u00f2nic:<\/strong> <a href=\"mailto:comunicacio@fundaciodali.org\">comunicacio@fundaciodali.org<\/a><\/li>\n\n\n\n<li><strong>Tel\u00e8fon:<\/strong> +34 972 677 505<\/li>\n\n\n\n<li><strong>Adre\u00e7a postal:<\/strong> Torre Galatea &#8211; Pujada del Castell, 28 &#8211; 17600 Figueres<\/li>\n<\/ul>\n\n\n\n<p>Els vostres comentaris seran avaluats per l\u2019equip d\u2019accessibilitat per buscar una soluci\u00f3 al m\u00e9s aviat possible.<\/p>\n\n\n\n<h2 class=\"wp-block-heading\"><strong>Procediment d\u2019apel\u00b7laci\u00f3<\/strong><\/h2>\n\n\n\n<p>En cas que no estigueu satisfets amb la resposta rebuda, podeu <strong>interposar una queixa<\/strong> d\u2019acord amb el que estableix el Reial Decret 1112\/2018, per mitj\u00e0 del mecanisme habilitat per l\u2019organisme supervisor.<\/p>\n\n\n\n<p><strong>Darrera actualitzaci\u00f3 d\u2019aquesta declaraci\u00f3 d\u2019accessibilitat: 13 de juny de 2025<\/strong><\/p>\n<\/div>\n<\/div>\n\n\n\n<div style=\"height:200px\" aria-hidden=\"true\" class=\"wp-block-spacer\"><\/div>\n","protected":false},"excerpt":{"rendered":"<p>A la Fundaci\u00f3 Gala-Salvador Dal\u00ed ens comprometem a garantir que el nostre lloc web sigui accessible per a totes les persones. Comprom\u00eds d\u2019accessibilitat El nostre objectiu \u00e9s que tots els usuaris puguin percebre, utilitzar, entendre i navegar pel nostre lloc web de forma aut\u00f2noma i en igualtat de condicions. Per aix\u00f2, estem treballant per complir [&hellip;]<\/p>\n","protected":false},"author":1,"featured_media":0,"parent":0,"menu_order":103,"comment_status":"closed","ping_status":"closed","template":"","meta":{"_acf_changed":false,"_coblocks_attr":"","_coblocks_dimensions":"","_coblocks_responsive_height":"","_coblocks_accordion_ie_support":"","footnotes":""},"categories":[],"tags":[],"class_list":["post-6669","page","type-page","status-publish","hentry"],"acf":[],"_links":{"self":[{"href":"https:\/\/webdali.latempesta.eu\/ca\/wp-json\/wp\/v2\/pages\/6669","targetHints":{"allow":["GET"]}}],"collection":[{"href":"https:\/\/webdali.latempesta.eu\/ca\/wp-json\/wp\/v2\/pages"}],"about":[{"href":"https:\/\/webdali.latempesta.eu\/ca\/wp-json\/wp\/v2\/types\/page"}],"author":[{"embeddable":true,"href":"https:\/\/webdali.latempesta.eu\/ca\/wp-json\/wp\/v2\/users\/1"}],"replies":[{"embeddable":true,"href":"https:\/\/webdali.latempesta.eu\/ca\/wp-json\/wp\/v2\/comments?post=6669"}],"version-history":[{"count":0,"href":"https:\/\/webdali.latempesta.eu\/ca\/wp-json\/wp\/v2\/pages\/6669\/revisions"}],"wp:attachment":[{"href":"https:\/\/webdali.latempesta.eu\/ca\/wp-json\/wp\/v2\/media?parent=6669"}],"wp:term":[{"taxonomy":"category","embeddable":true,"href":"https:\/\/webdali.latempesta.eu\/ca\/wp-json\/wp\/v2\/categories?post=6669"},{"taxonomy":"post_tag","embeddable":true,"href":"https:\/\/webdali.latempesta.eu\/ca\/wp-json\/wp\/v2\/tags?post=6669"}],"curies":[{"name":"wp","href":"https:\/\/api.w.org\/{rel}","templated":true}]}}