{"id":6676,"date":"2025-05-27T09:20:06","date_gmt":"2025-05-27T07:20:06","guid":{"rendered":"https:\/\/webdali.latempesta.eu\/?page_id=6676"},"modified":"2025-06-19T15:46:44","modified_gmt":"2025-06-19T13:46:44","slug":"credits","status":"publish","type":"page","link":"https:\/\/webdali.latempesta.eu\/ca\/credits\/","title":{"rendered":"Cr\u00e8dits"},"content":{"rendered":"\n<div class=\"wp-block-columns global-column is-layout-flex wp-container-core-columns-is-layout-9d6595d7 wp-block-columns-is-layout-flex\">\n<div class=\"wp-block-column is-layout-flow wp-block-column-is-layout-flow\">\n<p>Totes les imatges incloses en aquest web s\u00f3n propietat de la Fundaci\u00f3 Gala-Salvador Dal\u00ed i estan protegides per les lleis internacionals de la propietat intel\u00b7lectual i el copyright:<\/p>\n\n\n\n<ul class=\"wp-block-list\">\n<li>Est\u00e0 prohibida la seva c\u00f2pia, reproducci\u00f3 i comunicaci\u00f3 p\u00fablica.<\/li>\n\n\n\n<li>Est\u00e0 prohibida la seva venda o lloguer.<\/li>\n\n\n\n<li>Est\u00e0 prohibida la seva distribuci\u00f3, extracci\u00f3, transmissi\u00f3 i emmagatzematge en qualsevol forma o suport sense una autoritzaci\u00f3 pr\u00e8via per escrit de la Fundaci\u00f3 Gala-Salvador Dal\u00ed.<\/li>\n<\/ul>\n\n\n\n<p>Si voleu informaci\u00f3 sobre els drets de reproducci\u00f3 de les obres o les fotografies, poseu-vos en contacte amb&nbsp;nosaltres:&nbsp;<a href=\"mailto:gerencia@fundaciodali.org\">gerencia@fundaciodali.org<\/a>.<\/p>\n\n\n\n<p><strong>Per les obres de Salvador Dal\u00ed:<\/strong><\/p>\n\n\n\n<p>\u00a9 Salvador Dal\u00ed, Fundaci\u00f3 Gala-Salvador Dal\u00ed, VEGAP, 2025.<br>Les imatges han estat realitzades per Mart\u00ed Gasull i Black &amp; White Ltd.<\/p>\n\n\n\n<p><strong>Per les fotografies de Salvador Dal\u00ed:<\/strong><\/p>\n\n\n\n<p>Drets d&#8217;imatge de Salvador Dal\u00ed reservats. \u00a9 Fundaci\u00f3 Gala-Salvador Dal\u00ed, Figueres, 2025<\/p>\n\n\n\n<p>\u00a9 Catal\u00e0 Roca, Miserachs, Melit\u00f3 Casals \u201cMeli\u201d, Batlles Compte, Oriol Maspons, Carl van Vechten, Philippe Halsman \u2013Halsman Estate.<\/p>\n\n\n\n<p><strong>Per les fotografies de Gala:<\/strong><\/p>\n\n\n\n<p>\u00a9 Centelles, VEGAP, Girona 2025.<\/p>\n\n\n\n<p><strong>Per les fotografies dels museus Dal\u00ed i paisatges:<\/strong><\/p>\n\n\n\n<p>Jordi Puig\u00a0i Yvonne Heinert.<\/p>\n\n\n\n<p><strong>Programaci\u00f3 web i gesti\u00f3 de projecte:<\/strong><\/p>\n\n\n\n<p><a href=\"https:\/\/latempesta.cc\/\" target=\"_blank\" rel=\"noreferrer noopener\">La Tempesta<\/a><\/p>\n\n\n\n<p><strong>Disseny web:<\/strong><\/p>\n\n\n\n<p><a href=\"https:\/\/www.edittio.com\/\" target=\"_blank\" rel=\"noreferrer noopener\">Edditio<\/a><\/p>\n<\/div>\n<\/div>\n\n\n\n<div style=\"height:200px\" aria-hidden=\"true\" class=\"wp-block-spacer\"><\/div>\n","protected":false},"excerpt":{"rendered":"<p>Totes les imatges incloses en aquest web s\u00f3n propietat de la Fundaci\u00f3 Gala-Salvador Dal\u00ed i estan protegides per les lleis internacionals de la propietat intel\u00b7lectual i el copyright: Si voleu informaci\u00f3 sobre els drets de reproducci\u00f3 de les obres o les fotografies, poseu-vos en contacte amb&nbsp;nosaltres:&nbsp;gerencia@fundaciodali.org. Per les obres de Salvador Dal\u00ed: \u00a9 Salvador Dal\u00ed, [&hellip;]<\/p>\n","protected":false},"author":1,"featured_media":0,"parent":0,"menu_order":2,"comment_status":"closed","ping_status":"closed","template":"","meta":{"_acf_changed":false,"_coblocks_attr":"","_coblocks_dimensions":"","_coblocks_responsive_height":"","_coblocks_accordion_ie_support":"","footnotes":""},"categories":[],"tags":[],"class_list":["post-6676","page","type-page","status-publish","hentry"],"acf":[],"_links":{"self":[{"href":"https:\/\/webdali.latempesta.eu\/ca\/wp-json\/wp\/v2\/pages\/6676","targetHints":{"allow":["GET"]}}],"collection":[{"href":"https:\/\/webdali.latempesta.eu\/ca\/wp-json\/wp\/v2\/pages"}],"about":[{"href":"https:\/\/webdali.latempesta.eu\/ca\/wp-json\/wp\/v2\/types\/page"}],"author":[{"embeddable":true,"href":"https:\/\/webdali.latempesta.eu\/ca\/wp-json\/wp\/v2\/users\/1"}],"replies":[{"embeddable":true,"href":"https:\/\/webdali.latempesta.eu\/ca\/wp-json\/wp\/v2\/comments?post=6676"}],"version-history":[{"count":0,"href":"https:\/\/webdali.latempesta.eu\/ca\/wp-json\/wp\/v2\/pages\/6676\/revisions"}],"wp:attachment":[{"href":"https:\/\/webdali.latempesta.eu\/ca\/wp-json\/wp\/v2\/media?parent=6676"}],"wp:term":[{"taxonomy":"category","embeddable":true,"href":"https:\/\/webdali.latempesta.eu\/ca\/wp-json\/wp\/v2\/categories?post=6676"},{"taxonomy":"post_tag","embeddable":true,"href":"https:\/\/webdali.latempesta.eu\/ca\/wp-json\/wp\/v2\/tags?post=6676"}],"curies":[{"name":"wp","href":"https:\/\/api.w.org\/{rel}","templated":true}]}}