{"id":6763,"date":"2025-05-27T15:27:31","date_gmt":"2025-05-27T13:27:31","guid":{"rendered":"https:\/\/webdali.latempesta.eu\/educacio-i-activitats\/servei-educatiu-2\/"},"modified":"2025-07-18T16:36:43","modified_gmt":"2025-07-18T14:36:43","slug":"servei-educatiu","status":"publish","type":"page","link":"https:\/\/webdali.latempesta.eu\/ca\/educacio-i-activitats\/servei-educatiu\/","title":{"rendered":"Servei Educatiu"},"content":{"rendered":"    <div  class=\"wp-block-columns swiper-column   destacat bloc-destacats \" style=\"background-image: linear-gradient(to right, white, white)\">\n        <div class=\"wp-block-column\">\n            <div id=\"swiper-69ff20396bf9b\" class=\"swiper destacats dues\" >\n                <div class=\"swiper-wrapper\">\n\n                                            <div class=\"swiper-slide intro\">\n                            <h2>Descobriu el cat\u00e0leg d&#8217;activitats educatives<\/h2>\n                            <div class=\"descripcio\"><p>En aquest espai trobareu programes escolars, visites guiades, experi\u00e8ncies especials i propostes per a tots els p\u00fablics. Ja sigueu estudiants, visitants habituals o curiosos ocasionals, aqu\u00ed us esperen itineraris i activitats per acostar-vos al patrimoni d&#8217;una manera \u00fanica. \u00a1Estigueu atents a noves iniciatives i experi\u00e8ncies per gaudir del museu com mai!<\/p>\n<div class=\"button fletxa\"><a href=\"\/ca\/educacio-i-activitats\/servei-educatiu\/cataleg-dactivitats-educatives\/\">Consulteu el cat\u00e0leg d&#8217;activitats educatives<\/a><\/div>\n<\/div>\n                                                    <\/div>\n                    \n\n                    \n                        \n                        <div class=\"swiper-slide\">\n                                                            <div class=\"banner\" style=\"background-image: url(https:\/\/webdali.latempesta.eu\/wp-content\/uploads\/2025\/04\/i0226retallada_153389515582_800.jpg)\">\n                                                                            <ul class=\"context\">\n                                            <li class=\"context__item\" aria-label=\"hidden\">Teatre-Museu Dal\u00ed<br>                                            <\/li>\n                                        <\/ul>\n                                    \n                                    <h3 class=\"titol\">Animals surrealistes!<\/h3>\n                                        \n                                    <div class=\"button fletxa\"><a href=\"https:\/\/webdali.latempesta.eu\/ca\/educacio-i-activitats\/activitat\/animals-surrealistes\/\">M\u00e9s informaci\u00f3<\/a><\/div>\n\n                                    \n                                <\/div>\n                                                    <\/div>\n\n                    \n                        \n                        <div class=\"swiper-slide\">\n                                                            <div class=\"banner\" style=\"background-image: url(https:\/\/webdali.latempesta.eu\/wp-content\/uploads\/2025\/04\/i0050_153389633482_800.jpg)\">\n                                                                            <ul class=\"context\">\n                                            <li class=\"context__item\" aria-label=\"hidden\">Teatre-Museu Dal\u00ed<br>                                            <\/li>\n                                        <\/ul>\n                                    \n                                    <h3 class=\"titol\">Busca els tresors!<\/h3>\n                                        \n                                    <div class=\"button fletxa\"><a href=\"https:\/\/webdali.latempesta.eu\/ca\/educacio-i-activitats\/activitat\/busca-els-tresors\/\">M\u00e9s informaci\u00f3<\/a><\/div>\n\n                                    \n                                <\/div>\n                                                    <\/div>\n\n                    \n                        \n                        <div class=\"swiper-slide\">\n                                                            <div class=\"banner\" style=\"background-image: url(https:\/\/webdali.latempesta.eu\/wp-content\/uploads\/2025\/05\/vida-secreta-castell-1024x680.jpg)\">\n                                                                            <ul class=\"context\">\n                                            <li class=\"context__item\" aria-label=\"hidden\">Castell Gala Dal\u00ed<br>                                            <\/li>\n                                        <\/ul>\n                                    \n                                    <h3 class=\"titol\">Salvador Dal\u00ed a P\u00fabol: una vida secreta al Castell<\/h3>\n                                        \n                                    <div class=\"button fletxa\"><a href=\"https:\/\/webdali.latempesta.eu\/ca\/educacio-i-activitats\/activitat\/salvador-dali-a-pubol-una-vida-secreta-al-castell\/\">M\u00e9s informaci\u00f3<\/a><\/div>\n\n                                    \n                                <\/div>\n                                                    <\/div>\n\n                                    <\/div>\n                <!-- Swiper navigation buttons -->\n                <div class=\"swiper-button-prev\">\n                    <span class=\"screen-reader-text\">Diapositiva anterior<\/span>\n                <\/div>\n                <div class=\"swiper-button-next\">\n                    <span class=\"screen-reader-text\">Diapositiva seg\u00fcent<\/span>\n                <\/div>\n            <\/div>\n        <\/div>\n    <\/div>\n\n\n\n<!-- Swiper JS -->\n<script src=\"https:\/\/cdn.jsdelivr.net\/npm\/swiper@11\/swiper-bundle.min.js\"><\/script>\n\n<!-- Initialize Swiper -->\n<script>\n\njQuery( document ).ready(function() {      \n\n    Tipus = 'destacat';\n\n    updateSpaceBetween();\n    spaceBetweenInicial = 60;\n    \n    if (Tipus=='intro-images' ) {\n    \/\/    spaceBetweenValueModul = 0;\n    }\n\n\n\n    console.log(\"spaceBetweenValueModul\",spaceBetweenValueModul);\n\n    var swiper = new Swiper(\"#swiper-69ff20396bf9b\", {\n      slidesPerView: \"auto\",\n      spaceBetween: spaceBetweenInicial,\n      \tfreeMode: true,\n\t  \tbreakpoints: {\n\t        \/\/ Quan l'amplada de la pantalla sigui major a 1024px\n\t        1024: {\n\t            spaceBetween: spaceBetweenValue,\n\t        },\n\t    },\n        \/\/ Navigation arrows\n        navigation: {\n            nextEl: '.swiper-button-next',\n            prevEl: '.swiper-button-prev',\n        },\n        mousewheel: {\n            releaseOnEdges: true,\n            forceToAxis: true,\n            sensitivity:    1,\n        },\n        a11y: {\n            prevSlideMessage: 'Diapositiva anterior',\n            nextSlideMessage: 'Diapositiva seg\u00fcent',\n        },\n    });\n\n\n \n\n\n    \/*\n    jQuery('.bloc-destacats').each(function() {\n        const nextDiv = jQuery(this).next('div');\n        if (nextDiv.hasClass('contingut-ampliat')) {\n            console.log('T\u00e9 .contingut-ampliat despr\u00e9s');\n            \/\/ Aqu\u00ed pots fer accions, per exemple:\n            \/\/ $nextDiv.addClass('marcat'); o $(this).append($nextDiv);\n        }\n    });\n    *\/\n})\n<\/script>\n\n\n\n\n<div class=\"wp-block-columns global-column is-layout-flex wp-container-core-columns-is-layout-9d6595d7 wp-block-columns-is-layout-flex\">\n<div class=\"wp-block-column is-layout-flow wp-block-column-is-layout-flow\">\n<figure class=\"wp-block-pullquote\"><blockquote><p><em><em>No s\u00e9 quan jugo i quan treballo<\/em><\/em>.<\/p><cite>Salvador Dal\u00ed<\/cite><\/blockquote><\/figure>\n<\/div>\n<\/div>\n\n\n\n<div class=\"wp-block-columns col-text col-2 is-layout-flex wp-container-core-columns-is-layout-9d6595d7 wp-block-columns-is-layout-flex\">\n<div class=\"wp-block-column is-layout-flow wp-block-column-is-layout-flow\">\n<h2 class=\"wp-block-heading\">Educa Dal\u00ed<\/h2>\n<\/div>\n\n\n\n<div class=\"wp-block-column is-layout-flow wp-block-column-is-layout-flow\">\n<p>Educa Dal\u00ed \u00e9s el nom amb el que es coneix el Servei Educatiu de la Fundaci\u00f3. Es tracta d&#8217;un servei adre\u00e7at als grups escolars (ensenyament infantil, prim\u00e0ria, secund\u00e0ria, batxillerat, cicles formatius) i tambe\u0301 a les escoles d\u2019adults, d\u2019educacio\u0301 especial, intercanvis escolars, ensenyaments art\u00edstics, etc\u00e8tera. Ofereix un servei d\u2019assessorament i coordinacio\u0301 de visites als 3 museus Dali\u0301 (Teatre-Museu Dali\u0301 a Figueres, Castell Gala Dali\u0301 a P\u00fabol i Casa Salvador Dali\u0301 a Portlligat), aixi\u0301 com un programa complet de visites guiades.&nbsp;<\/p>\n<\/div>\n<\/div>\n\n\n\n<div class=\"wp-block-columns col-text col-2 is-layout-flex wp-container-core-columns-is-layout-9d6595d7 wp-block-columns-is-layout-flex\">\n<div class=\"wp-block-column is-layout-flow wp-block-column-is-layout-flow\">\n<h2 class=\"wp-block-heading\">Informaci\u00f3 d&#8217;inter\u00e8s<\/h2>\n<\/div>\n\n\n\n<div class=\"wp-block-column is-layout-flow wp-block-column-is-layout-flow\">\n<div class=\"wp-block-coblocks-accordion acordio\">\n<div class=\"wp-block-coblocks-accordion-item\"><details><summary class=\"wp-block-coblocks-accordion-item__title\">Visites educatives adaptades al curr\u00edculum escolar<\/summary><div class=\"wp-block-coblocks-accordion-item__content\">\n<p>El contingut de les visites s\u2019adequa completament als diferents nivells educatius a trav\u00e9s d\u2019un discurs alhora imaginatiu, l\u00fadic, rigor\u00f3s i coherent. Amb propostes molt participatives, volem proporcionar a mestres i alumnes els instruments adequats per a l\u2019estudi d\u2019un dels artistes m\u00e9s significatius del segle XX. Els racons del Teatre-Museu Dali\u0301 a Figueres i del Castell Gala Dali\u0301 a P\u00fabol esdevenen espais de privilegi per a la descoberta de l\u2019artista. Es realitzen en diversos idiomes:\u202fcatala\u0300, castella\u0300, franc\u00e8s i angl\u00e8s.&nbsp;<\/p>\n\n\n\n<p>El programa ofert pel Servei Educatiu compta amb la supervisio\u0301 acad\u00e8mica del\u202f<a href=\"https:\/\/webdali.latempesta.eu\/recerca\/centre-destudis-dalinians\/\" target=\"_blank\" rel=\"noreferrer noopener\"><strong>Centre d\u2019Estudis Dalinians<\/strong><\/a>.&nbsp;<\/p>\n<\/div><\/details><\/div>\n\n\n\n<div class=\"wp-block-coblocks-accordion-item\"><details><summary class=\"wp-block-coblocks-accordion-item__title\">Preus<\/summary><div class=\"wp-block-coblocks-accordion-item__content\">\n<p><strong>Entrada Museus:<\/strong><\/p>\n\n\n\n<ul class=\"wp-block-list\">\n<li>Alumnes fins a 3r de prim\u00e0ria: entrada gratu\u00efta.&nbsp;<\/li>\n\n\n\n<li>Infants a partir de 4t de prim\u00e0ria:\n<ul class=\"wp-block-list\">\n<li>Teatre \u2013 Museu Dal\u00ed: 6,50 \u20ac&nbsp;<\/li>\n\n\n\n<li>Castell Gala Dal\u00ed: 6 \u20ac&nbsp;&nbsp;<\/li>\n<\/ul>\n<\/li>\n<\/ul>\n\n\n\n<ul class=\"wp-block-list\">\n<li>Docents: un docent gratu\u00eft per cada deu alumnes.<br>*Els docents que vulguin visitar pr\u00e8viament els nostres Museus per a preparar una visita escolar o un projecte relacionat amb Salvador Dal\u00ed poden enviar &nbsp;una sol\u00b7licitud del centre escolar al <a href=\"mailto:ciazzini@fundaciodali.org\">servei educatiu<\/a>.<\/li>\n<\/ul>\n\n\n\n<p><strong>Visita did\u00e0ctica:<\/strong><\/p>\n\n\n\n<ul class=\"wp-block-list\">\n<li>Visita did\u00e0ctica (catal\u00e0 i castell\u00e0) : 125\u20ac per grup guiat*&nbsp;<\/li>\n<\/ul>\n\n\n\n<ul class=\"wp-block-list\">\n<li>Visita did\u00e0ctica (altres idiomes): 150\u20ac per grup guiat*&nbsp;<\/li>\n<\/ul>\n\n\n\n<p>*Cada grup guiat \u00e9s d\u2019un m\u00e0xim de vint-i-cinc persones.&nbsp;<\/p>\n\n\n\n<p>Consulteu els ajuts del programa Indika de la Diputaci\u00f3 de Girona a les escoles de la demarcaci\u00f3 <a href=\"http:\/\/www.programespedagogics.cat\/\" target=\"_blank\" rel=\"noreferrer noopener\"><strong>www.programespedagogics.cat<\/strong><\/a><strong><\/strong>&nbsp;<\/p>\n\n\n\n<p>L&#8217;entrada als museus Dal\u00ed \u00e9s gratu\u00efta pels grups escolars de Figueres, Cadaqu\u00e9s i La Pera \u2013 P\u00fabol.<\/p>\n<\/div><\/details><\/div>\n\n\n\n<div class=\"wp-block-coblocks-accordion-item\"><details><summary class=\"wp-block-coblocks-accordion-item__title\">Programes p\u00fablics i ajuts<\/summary><div class=\"wp-block-coblocks-accordion-item__content\">\n<p><strong>Programes i ajuts per a centres escolars<\/strong><\/p>\n\n\n\n<p>La Fundaci\u00f3 Gala-Salvador Dal\u00ed impulsa diversos programes i ajuts per apropar l\u2019art i el patrimoni dalini\u00e0 als centres educatius. Consulteu a continuaci\u00f3 les opcions disponibles segons la ubicaci\u00f3 i les caracter\u00edstiques del vostre centre.<\/p>\n\n\n\n<div style=\"height:25px\" aria-hidden=\"true\" class=\"wp-block-spacer\"><\/div>\n\n\n\n<figure class=\"wp-block-image size-thumbnail\"><img loading=\"lazy\" decoding=\"async\" width=\"150\" height=\"150\" src=\"https:\/\/webdali.latempesta.eu\/wp-content\/uploads\/2025\/05\/indika-150x150.jpg\" alt=\"\" class=\"wp-image-6709\" srcset=\"https:\/\/webdali.latempesta.eu\/wp-content\/uploads\/2025\/05\/indika-150x150.jpg 150w, https:\/\/webdali.latempesta.eu\/wp-content\/uploads\/2025\/05\/indika.jpg 200w\" sizes=\"auto, (max-width: 150px) 100vw, 150px\" \/><\/figure>\n\n\n\n<div style=\"height:25px\" aria-hidden=\"true\" class=\"wp-block-spacer\"><\/div>\n\n\n\n<p><strong><u>Programa Indika \u2013 Per a escoles de la demarcaci\u00f3 de Girona<\/u><\/strong><\/p>\n\n\n\n<p>La Fundaci\u00f3 Dal\u00ed col\u00b7labora amb el programa <a href=\"http:\/\/www.programespedagogics.cat\/\">Indika<\/a>, impulsat per la Diputaci\u00f3 de Girona, que ofereix <strong>subvencions per a activitats pedag\u00f2giques als Museus Dal\u00ed<\/strong>.<\/p>\n\n\n\n<p><strong>Preus activitats Indika als Museus Dal\u00ed:<\/strong><\/p>\n\n\n\n<p>Preu\/alumne activitat Indika &nbsp;<\/p>\n\n\n\n<ul class=\"wp-block-list\">\n<li>Preu original: 6,00\u20ac\/alumne<\/li>\n<\/ul>\n\n\n\n<ul class=\"wp-block-list\">\n<li>Preu amb subvenci\u00f3 aplicada: 3,50\u20ac\/alumne<\/li>\n<\/ul>\n\n\n\n<p>*Aquest preu no inclou el preu de l\u2019entrada als museus.<\/p>\n\n\n\n<p><strong>Visites disponibles:<\/strong><\/p>\n\n\n\n<p>Teatre-Museu Dal\u00ed:&nbsp; de novembre a febrer<\/p>\n\n\n\n<p>Castell Gala Dal\u00ed de P\u00fabol: de setembre a juny<\/p>\n\n\n\n<p><strong><u>Centres educatius del Triangle Dalini\u00e0 (Figueres, P\u00fabol i Cadaqu\u00e9s)<\/u><\/strong><\/p>\n\n\n\n<p>Els centres educatius del Triangle Dalini\u00e0 (Figueres, La Pera-P\u00fabol i Cadaqu\u00e9s) poden beneficiar-se de les seg\u00fcents condicions especials:<\/p>\n\n\n\n<p><strong>Entrada Museus<\/strong><\/p>\n\n\n\n<p>Acc\u00e9s gratu\u00eft als tres museus Dal\u00ed (dins del marc d\u2019una sortida escolar)<\/p>\n\n\n\n<p><strong>Visita did\u00e0ctica<\/strong><\/p>\n\n\n\n<p>Fins a &nbsp;2 visites guiades gratu\u00eftes per curs escolar al Teatre-Museu Dal\u00ed de Figueres<\/p>\n\n\n\n<p>Fins a 2 visites guiades gratu\u00eftes per curs escolar al Castell Gala Dal\u00ed de P\u00fabol.<\/p>\n\n\n\n<p><strong><u>Centres educatius de m\u00e0xima complexitat<\/u><\/strong><\/p>\n\n\n\n<p>La Fundaci\u00f3 Dal\u00ed t\u00e9 el comprom\u00eds d\u2019apropar la cultura a tothom. Per aix\u00f2, ofereix ajuts espec\u00edfics als <strong>centres educatius amb alta o m\u00e0xima complexitat<\/strong>, amb condicions preferents:<\/p>\n\n\n\n<p><strong>Entrada Museus<\/strong><\/p>\n\n\n\n<p>Acc\u00e9s gratu\u00eft als tres museus Dal\u00ed (dins del marc d\u2019una sortida escolar).<\/p>\n\n\n\n<p><strong>Visita did\u00e0ctica<\/strong><\/p>\n\n\n\n<p>Fins a &nbsp;4 visites guiades gratu\u00eftes per curs escolar<\/p>\n\n\n\n<p><strong>Com accedir-hi?<\/strong><\/p>\n\n\n\n<p>Cal enviar un <strong>certificat oficial de l\u2019escola<\/strong> que acrediti la condici\u00f3 de complexitat a:<br><a href=\"mailto:ciazzini@fundaciodali.org\">servei educatiu<\/a>.<\/p>\n<\/div><\/details><\/div>\n\n\n\n<div class=\"wp-block-coblocks-accordion-item\"><details><summary class=\"wp-block-coblocks-accordion-item__title\">Grups amb necessitats especials<\/summary><div class=\"wp-block-coblocks-accordion-item__content\">\n<p><strong>Accessibilitat i atenci\u00f3 a la diversitat<\/strong><\/p>\n\n\n\n<p>Si el vostre grup escolar inclou alumnes amb necessitats educatives especials, us agrairem que contacteu pr\u00e8viament amb el Servei Educatiu. Aix\u00f2 ens permetr\u00e0 adaptar els continguts i organitzar la visita per garantir una experi\u00e8ncia educativa enriquidora per a tothom.<\/p>\n\n\n\n<p><strong>\u26a0\ufe0f<\/strong><strong> Accessibilitat al Teatre-Museu Dal\u00ed:<br><\/strong>Aquest espai \u00e9s parcialment accessible per a persones amb mobilitat redu\u00efda. Si en el vostre grup hi ha algun alumne amb aquestes necessitats, \u00e9s molt important que ens ho feu saber amb antelaci\u00f3 per tal de preparar el recorregut m\u00e9s adequat i oferir les millors condicions de visita.<\/p>\n\n\n\n<p>Per a qualsevol consulta o per coordinar la visita contacteu amb el<strong> <a href=\"mailto:ciazzini@fundaciodali.org\">Servei Educatiu<\/a><br><br><\/strong><\/p>\n<\/div><\/details><\/div>\n\n\n\n<div class=\"wp-block-coblocks-accordion-item\"><details><summary class=\"wp-block-coblocks-accordion-item__title\">Consells pr\u00e0ctics<\/summary><div class=\"wp-block-coblocks-accordion-item__content\">\n<p><strong><u>Abans de la visita<\/u><\/strong><\/p>\n\n\n\n<ul class=\"wp-block-list\">\n<li><strong><u>Millor \u00e8poca per visitar-nos:<\/u><\/strong><br>El Teatre-Museu Dal\u00ed \u00e9s un dels museus m\u00e9s visitats de l&#8217;Estat. Per evitar aglomeracions, <strong>us recomanem programar la visita entre octubre i febrer<\/strong>, especialment per a grups d&#8217;infantil i cicle inicial. En temporada alta, <strong>prioritzeu els horaris de tarda<\/strong>.<\/li>\n\n\n\n<li><strong><u>Reserva de visites:<\/u><\/strong><br>Despr\u00e9s d\u2019enviar el formulari de sol\u00b7licitud, el nostre departament de reserves us proposar\u00e0 dia i hora segons disponibilitat. El temps de resposta pot variar per gesti\u00f3 d\u2019aforament i de guies, per aix\u00f2 <strong>cal fer la sol\u00b7licitud amb antelaci\u00f3<\/strong>.<\/li>\n<\/ul>\n\n\n\n<p>Les escoles que vulguin sol\u00b7licitar la <strong>subvenci\u00f3 Indika<\/strong> tamb\u00e9 cal que omplin el formulari de sol\u00b7licitud de visita did\u00e0ctica.<\/p>\n\n\n\n<p><strong><u>Confirmaci\u00f3 i pagament:<\/u><\/strong><br>Reviseu els terminis i la modalitat de pagament quan rebeu la confirmaci\u00f3. El <strong>pagament de la visita guiada did\u00e0ctica &nbsp;s\u2019ha de fer com a m\u00ednim 15 dies abans<\/strong> de la visita. En cas contrari, la reserva ser\u00e0 <strong>autom\u00e0ticament anul\u00b7lada<\/strong>.<\/p>\n\n\n\n<p><strong><u>Anul\u00b7lacions:<\/u><\/strong><br>Si el centre anul\u00b7la la visita amb <strong>menys de 36 h d\u2019antelaci\u00f3<\/strong>, <strong>no es far\u00e0 cap reemborsament<\/strong><\/p>\n\n\n\n<p><strong>El dia de la visita<\/strong><\/p>\n\n\n\n<p>Distribuir els alumnes en <strong>grups de m\u00e0xim 25<\/strong>. Les guies us esperaran a l\u2019entrada.<\/p>\n\n\n\n<p><strong>Puntualitat:<\/strong><br>Arribeu amb temps suficient. <strong>Els retards poden comportar l\u2019escur\u00e7ament o cancel\u00b7laci\u00f3 de la visita guiada<\/strong>.<\/p>\n\n\n\n<p><strong>Tr\u00e0mits a fer a l\u2019arribada:<\/strong><\/p>\n\n\n\n<p>Recollir les entrades a la taquilla.<\/p>\n\n\n\n<p>Deixar les motxilles a la consigna. Sempre que sigui possible, es recomana&nbsp; deixar-les a l\u2019autocar.<\/p>\n\n\n\n<p><strong><u>Durant la visita<\/u><\/strong><\/p>\n\n\n\n<ul class=\"wp-block-list\">\n<li><strong>Acompanyament:<\/strong><br>Cal que <strong>almenys 1 adult responsable<\/strong> acompanyi cada grup durant tot el recorregut. En cas contrari el servei educatiu es reserva el dret de no continuar la visita. Aquesta norma s\u2019aplica a tots els espais del recinte incloent les botigues.<\/li>\n<\/ul>\n\n\n\n<p><strong><u>Despr\u00e8s de la visita<\/u><\/strong><\/p>\n\n\n\n<ul class=\"wp-block-list\">\n<li>Despr\u00e8s de la visita guiada did\u00e0ctica el grup pot visitar lliurement el museu, sempre amb la supervisi\u00f3 de l\u2019adult responsable.<\/li>\n\n\n\n<li>Recordeu recollir les motxilles a la consigna d\u2019entrada.<\/li>\n\n\n\n<li>Si us plau, ompliu <a href=\"https:\/\/forms.office.com\/pages\/responsepage.aspx?id=Yt8PKo-BF0uePCEimYHw-g0lqkeC2H9HrtmCmEXhKMBUNkE5VjVMNVRMUko5OFcyR0RKU0FVWjlYMi4u&amp;web=1&amp;wdLOR=c48FC81EF-5E24-4931-9115-3AB67CEF6800\">l\u2019enquesta d\u2019avaluaci\u00f3<\/a> de la visita did\u00e0ctica per ajudar-nos a millorar. Una per cada grup i guia educativa<\/li>\n<\/ul>\n<\/div><\/details><\/div>\n<\/div>\n<\/div>\n<\/div>\n\n\n\n<div class=\"wp-block-columns col-text col-2 is-layout-flex wp-container-core-columns-is-layout-9d6595d7 wp-block-columns-is-layout-flex\">\n<div class=\"wp-block-column is-layout-flow wp-block-column-is-layout-flow\">\n<h2 class=\"wp-block-heading\">Sol\u00b7licita una visita did\u00e0ctica<\/h2>\n<\/div>\n\n\n\n<div class=\"wp-block-column is-layout-flow wp-block-column-is-layout-flow\">\n<p>T\u2019agradaria venir amb el teu grup escolar i aprendre mentre el teu grup&nbsp; gaudeix dels Museus Dal\u00ed? Omple el formulari per a sol\u00b7licitar una visita educativa.<\/p>\n\n\n\n<p>Necessites m\u00e9s informaci\u00f3? Contacta amb el nostre servei educatiu.<\/p>\n\n\n\n<p>Per informaci\u00f3 sobre reserves, preus i calendari contacteu amb <a href=\"mailto:reserves@fundaciodali.org\">Reserves<\/a>.<\/p>\n\n\n\n<p>Informaci\u00f3 &nbsp;sobre continguts, funcionament de la visita did\u00e0ctica i alumnes amb necessitats especials contacteu amb <a href=\"mailto:ciazzini@fundaciodali.org\">Servei Educatiu<\/a><\/p>\n\n\n\n<p>Aquesta \u00e9s tan sols una sol\u00b7licitud de visita did\u00e0ctica. Rebreu la reserva corresponent quan els departaments de reserves i educatiu la confirmin. Intentarem ajustar-nos a les vostres prefer\u00e8ncies segons la disponibilitat del museu. Atendrem la vostra petici\u00f3 el m\u00e9s aviat possible.&nbsp;<\/p>\n<\/div>\n<\/div>\n\n\n\n<div style=\"height:20px\" aria-hidden=\"true\" class=\"wp-block-spacer\"><\/div>\n\n\n\n<div class=\"wp-block-columns global-column contingut-ampliat is-layout-flex wp-container-core-columns-is-layout-9d6595d7 wp-block-columns-is-layout-flex\">\n<div class=\"wp-block-column is-layout-flow wp-block-column-is-layout-flow\" style=\"flex-basis:100%\">\n<div class=\"wp-block-buttons is-layout-flex wp-block-buttons-is-layout-flex\">\n    <div class=\"wp-block-button contingut-ampliat-boto\" data-class=\"contingut-ampliat integrat\">\n        <a class=\"wp-block-button__link wp-element-button\" tabindex=\"0\" >Formulari<\/a>\n    <\/div>\n<\/div>\n\n\n\n\n\n\n\n\n\n\n\n<div class=\"wp-block-columns contingut-ampliat-content is-layout-flex wp-container-core-columns-is-layout-9d6595d7 wp-block-columns-is-layout-flex\">\n<div class=\"wp-block-column is-layout-flow wp-block-column-is-layout-flow\"><\/div>\n<\/div>\n<\/div>\n<\/div>\n\n\n\n<div class=\"wp-block-columns global-column is-layout-flex wp-container-core-columns-is-layout-9d6595d7 wp-block-columns-is-layout-flex\">\n<div class=\"wp-block-column is-layout-flow wp-block-column-is-layout-flow\">\n<div class=\"wp-block-columns is-not-stacked-on-mobile logos-educacio is-layout-flex wp-container-core-columns-is-layout-9d6595d7 wp-block-columns-is-layout-flex\">\n<div class=\"wp-block-column is-layout-flow wp-block-column-is-layout-flow\">\n<p class=\"has-text-align-right\">Amb el suport de:<\/p>\n<\/div>\n\n\n\n<div class=\"wp-block-column is-vertically-aligned-stretch is-layout-flow wp-block-column-is-layout-flow\"><div class=\"wp-block-image\">\n<figure class=\"aligncenter size-full\"><img loading=\"lazy\" decoding=\"async\" width=\"560\" height=\"560\" src=\"https:\/\/webdali.latempesta.eu\/wp-content\/uploads\/2025\/05\/2.Apropa_RGB-amb-baseline-V.jpg\" alt=\"\" class=\"wp-image-6754\" style=\"aspect-ratio:1;object-fit:contain\" srcset=\"https:\/\/webdali.latempesta.eu\/wp-content\/uploads\/2025\/05\/2.Apropa_RGB-amb-baseline-V.jpg 560w, https:\/\/webdali.latempesta.eu\/wp-content\/uploads\/2025\/05\/2.Apropa_RGB-amb-baseline-V-300x300.jpg 300w, https:\/\/webdali.latempesta.eu\/wp-content\/uploads\/2025\/05\/2.Apropa_RGB-amb-baseline-V-150x150.jpg 150w\" sizes=\"auto, (max-width: 560px) 100vw, 560px\" \/><\/figure>\n<\/div><\/div>\n\n\n\n<div class=\"wp-block-column is-vertically-aligned-stretch is-layout-flow wp-block-column-is-layout-flow\"><div class=\"wp-block-image\">\n<figure class=\"aligncenter size-full\"><img loading=\"lazy\" decoding=\"async\" width=\"200\" height=\"200\" src=\"https:\/\/webdali.latempesta.eu\/wp-content\/uploads\/2025\/05\/indika.jpg\" alt=\"\" class=\"wp-image-6709\" style=\"aspect-ratio:1;object-fit:cover\" srcset=\"https:\/\/webdali.latempesta.eu\/wp-content\/uploads\/2025\/05\/indika.jpg 200w, https:\/\/webdali.latempesta.eu\/wp-content\/uploads\/2025\/05\/indika-150x150.jpg 150w\" sizes=\"auto, (max-width: 200px) 100vw, 200px\" \/><\/figure>\n<\/div><\/div>\n<\/div>\n<\/div>\n<\/div>\n","protected":false},"excerpt":{"rendered":"<p>No s\u00e9 quan jugo i quan treballo. Salvador Dal\u00ed Educa Dal\u00ed Educa Dal\u00ed \u00e9s el nom amb el que es coneix el Servei Educatiu de la Fundaci\u00f3. Es tracta d&#8217;un servei adre\u00e7at als grups escolars (ensenyament infantil, prim\u00e0ria, secund\u00e0ria, batxillerat, cicles formatius) i tambe\u0301 a les escoles d\u2019adults, d\u2019educacio\u0301 especial, intercanvis escolars, ensenyaments art\u00edstics, etc\u00e8tera. [&hellip;]<\/p>\n","protected":false},"author":1,"featured_media":2740,"parent":95,"menu_order":7,"comment_status":"closed","ping_status":"closed","template":"","meta":{"_acf_changed":false,"_coblocks_attr":"","_coblocks_dimensions":"","_coblocks_responsive_height":"","_coblocks_accordion_ie_support":"","footnotes":""},"categories":[],"tags":[],"class_list":["post-6763","page","type-page","status-publish","has-post-thumbnail","hentry"],"acf":[],"_links":{"self":[{"href":"https:\/\/webdali.latempesta.eu\/ca\/wp-json\/wp\/v2\/pages\/6763","targetHints":{"allow":["GET"]}}],"collection":[{"href":"https:\/\/webdali.latempesta.eu\/ca\/wp-json\/wp\/v2\/pages"}],"about":[{"href":"https:\/\/webdali.latempesta.eu\/ca\/wp-json\/wp\/v2\/types\/page"}],"author":[{"embeddable":true,"href":"https:\/\/webdali.latempesta.eu\/ca\/wp-json\/wp\/v2\/users\/1"}],"replies":[{"embeddable":true,"href":"https:\/\/webdali.latempesta.eu\/ca\/wp-json\/wp\/v2\/comments?post=6763"}],"version-history":[{"count":3,"href":"https:\/\/webdali.latempesta.eu\/ca\/wp-json\/wp\/v2\/pages\/6763\/revisions"}],"predecessor-version":[{"id":14088,"href":"https:\/\/webdali.latempesta.eu\/ca\/wp-json\/wp\/v2\/pages\/6763\/revisions\/14088"}],"up":[{"embeddable":true,"href":"https:\/\/webdali.latempesta.eu\/ca\/wp-json\/wp\/v2\/pages\/95"}],"wp:featuredmedia":[{"embeddable":true,"href":"https:\/\/webdali.latempesta.eu\/ca\/wp-json\/wp\/v2\/media\/2740"}],"wp:attachment":[{"href":"https:\/\/webdali.latempesta.eu\/ca\/wp-json\/wp\/v2\/media?parent=6763"}],"wp:term":[{"taxonomy":"category","embeddable":true,"href":"https:\/\/webdali.latempesta.eu\/ca\/wp-json\/wp\/v2\/categories?post=6763"},{"taxonomy":"post_tag","embeddable":true,"href":"https:\/\/webdali.latempesta.eu\/ca\/wp-json\/wp\/v2\/tags?post=6763"}],"curies":[{"name":"wp","href":"https:\/\/api.w.org\/{rel}","templated":true}]}}