{"id":69,"date":"2024-12-18T18:31:46","date_gmt":"2024-12-18T16:31:46","guid":{"rendered":"https:\/\/webdali.latempesta.eu\/?page_id=69"},"modified":"2025-06-26T16:39:14","modified_gmt":"2025-06-26T14:39:14","slug":"cinema","status":"publish","type":"page","link":"https:\/\/webdali.latempesta.eu\/ca\/dali-i-gala\/dali-artista-total\/cinema\/","title":{"rendered":"Cinema"},"content":{"rendered":"\n<div class=\"wp-block-columns global-column is-layout-flex wp-container-core-columns-is-layout-9d6595d7 wp-block-columns-is-layout-flex\">\n<div class=\"wp-block-column is-layout-flow wp-block-column-is-layout-flow\">\n<p class=\"entradeta\">La fascinaci\u00f3 absoluta que sent pel m\u00f3n de la imatge, aix\u00ed com la seva passi\u00f3 pels efectes audiovisuals, el converteixen en un dels primers videoartistes de la hist\u00f2ria. A trav\u00e9s del cinema, Dal\u00ed tamb\u00e9 t\u00e9 l\u2019oportunitat d\u2019exhibir la seva faceta m\u00e9s performativa, transformant una vegada i altra el personatge que havia comen\u00e7at a construir des de la inf\u00e0ncia. La seva creaci\u00f3 en el cinema s\u2019est\u00e9n en m\u00faltiples facetes: com a director, guionista, escen\u00f2graf i tamb\u00e9 actor. En alguns d\u2019aquests projectes, Dal\u00ed col\u00b7labora amb grans noms del set\u00e8 art com els germans Marx, Luis Bu\u00f1uel, Walt Disney i Alfred Hitchcock, entre els m\u00e9s destacats. D\u2019una altra banda, tamb\u00e9 teoritza sobre el cinema i en fa refer\u00e8ncia en alguns dels seus principals escrits a partir de finals dels anys vint.<\/p>\n<\/div>\n<\/div>\n\n\n\n<div class=\"wp-block-columns global-column is-layout-flex wp-container-core-columns-is-layout-9d6595d7 wp-block-columns-is-layout-flex\">\n<div class=\"wp-block-column is-layout-flow wp-block-column-is-layout-flow\"><script>var is_masonry=false;<\/script>\t        <div class=\"swiper coeli-swiper-heritageobject coeli-swiper-agrupacions coeli-swiper-7506\"              id=\"coeli-swiper-7506\">\n            <!-- Additional required wrapper -->\n            <ul class=\"swiper-wrapper coeli-result-list\" id=\"coeli-ul-agrupacio-7506\">\n                <!-- Slides -->\n\t\t\t\t                    <li id=\"4584-1796\"\n                        class=\"swiper-slide s-3 t-1 m-3\"><a href=\"https:\/\/webdali.latempesta.eu\/ca\/heritageobject\/4584-1796\/\"><figure class=\"image portraitmedia-medium\"><img decoding=\"async\" alt=\"\" src=\"https:\/\/d1i5r06pd82mff.cloudfront.net\/public\/DigitalAsset\/41817e01-76d8-7944-dc2e-1f0614aae76b\/3589f9b60ecfa9b34b6370f45bac85c7\/full\/medium\/0\/default.jpg\"><\/figure><p class=\"coeli-title\">Foto de rodatge de la pel.l\u00edcula  &#8220;Un chien andalou&#8221;<\/p><p class=\"coeli-production-date\">1929<\/p><\/a><\/li>\n\t\t\t\t                    <li id=\"4395-e413\"\n                        class=\"swiper-slide s-3 t-1 m-3\"><a href=\"https:\/\/webdali.latempesta.eu\/ca\/heritageobject\/4395-e413\/\"><figure class=\"image portraitmedia-medium\"><img decoding=\"async\" alt=\"\" src=\"https:\/\/d1i5r06pd82mff.cloudfront.net\/public\/DigitalAsset\/f886fede-c893-1a0c-3a3b-2b690bca9038\/d1307de90652b997a8f83910ae59266d\/full\/medium\/0\/default.jpg\"><\/figure><p class=\"coeli-title\">Foto de rodatge de &#8220;l&#8217;\u00c2ge d&#8217;or&#8221; de Luis Bu\u00f1uel<\/p><p class=\"coeli-production-date\">1930<\/p><\/a><\/li>\n\t\t\t\t                    <li id=\"5301-7888\"\n                        class=\"swiper-slide s-3 t-1 m-3\"><a href=\"https:\/\/webdali.latempesta.eu\/ca\/heritageobject\/5301-7888\/\"><figure class=\"coeli-portraitmedia-medium coeli-no-representation\"><img decoding=\"async\" src=\"https:\/\/upload.wikimedia.org\/wikipedia\/commons\/f\/f7\/No_Image_%282879926%29_-_The_Noun_Project.svg\" alt=\"Empty\"\/><\/figure><p class=\"coeli-title\">Salvador Dal\u00ed davant d\u2019un dels decorats per a &#8220;Spellbound&#8221;<\/p><p class=\"coeli-production-date\">1945<\/p><\/a><\/li>\n\t\t\t\t                    <li id=\"5317-6f47\"\n                        class=\"swiper-slide s-3 t-1 m-3\"><a href=\"https:\/\/webdali.latempesta.eu\/ca\/heritageobject\/5317-6f47\/\"><figure class=\"image portraitmedia-medium\"><img decoding=\"async\" alt=\"\" src=\"https:\/\/d1i5r06pd82mff.cloudfront.net\/public\/DigitalAsset\/91aaa35f-9246-02f5-3b14-3a311c664c40\/51306361720211290d4ca5ecec8086aa\/full\/medium\/0\/default.jpg\"><\/figure><p class=\"coeli-title\">Salvador Dal\u00ed pintant projecte per a &#8220;Destino&#8221; de Walt Disney<\/p><p class=\"coeli-production-date\">1946<\/p><\/a><\/li>\n\t\t\t\t                    <li id=\"492\"\n                        class=\"swiper-slide s-3 t-1 m-3\"><a href=\"https:\/\/webdali.latempesta.eu\/ca\/heritageobject\/492\/\"><figure class=\"image portraitmedia-medium\"><img decoding=\"async\" alt=\"\" src=\"https:\/\/d1i5r06pd82mff.cloudfront.net\/public\/DigitalAsset\/b47fc3f6-47c5-0201-3390-0a4156bb45fc\/e6b5fa7927263c9006857f7f53e45a18\/full\/medium\/0\/default.jpg\"><\/figure><p class=\"coeli-title\">Projecte per a &#8220;Destino&#8221;<\/p><p class=\"coeli-production-actorsinrole-actors\">Dal\u00ed i Dom\u00e8nech, Salvador<\/p><p class=\"coeli-production-date\">c. 1946<\/p><\/a><\/li>\n\t\t\t\t            <\/ul>\n\t\t\t\t\t\t                <!-- If we need navigation buttons -->\n                <div class=\"swiper-coeli-button-prev swiper-button-prev coeli-swiper-prev-7506\"><\/div>\n                <div class=\"swiper-coeli-button-next swiper-button-next coeli-swiper-next-7506\"><\/div>\n\t\t\t        <\/div>\n\n        <script>\n            var slider_args_7506= {\n                \/\/ Optional parameters\n                direction: 'horizontal',\n                breakpoints: {\n                    640: {\n                        slidesPerView: 1,\n                        spaceBetween: 0,\n                    },\n                    768: {\n                        slidesPerView: 1,\n                        spaceBetween: 0,\n                    },\n                    1024: {\n                        slidesPerView: 3,\n                        spaceBetween: 0,\n                    },\n                },\n\t\t\t\t                autoplay: {\n                    delay: 3000000,\n                    disableOnInteraction: false,\n                },\n\t\t\t\t\t\t\t\t\t\t\t\t                speed: 300,\n\t\t\t\t                loop: false,\n                \/\/ If we need pagination\n                pagination: {\n                    el: '.swiper-pagination-7506',\n                },\n                \/\/ Navigation arrows\n                navigation: {\n                    nextEl: '.coeli-swiper-next-7506',\n                    prevEl: '.coeli-swiper-prev-7506',\n                }\n            }\n        <\/script>\n\t<\/div>\n<\/div>\n\n\n    <div  class=\"wp-block-columns swiper-column   destacat bloc-destacats \" style=\"background-image: linear-gradient(to right, white, white)\">\n        <div class=\"wp-block-column\">\n            <div id=\"swiper-69ff2dc9250a8\" class=\"swiper destacats dues\" >\n                <div class=\"swiper-wrapper\">\n\n                                            <div class=\"swiper-slide intro\">\n                            <h2>M\u00e9s sobre l&#8217;artista total<\/h2>\n                            <div class=\"descripcio\"><p>Segueix descobrint totes les facetes del geni. Pintura, obra gr\u00e0fica, escultura i obra tridimensional, dibuix, escriptura, cinema i moda: Salvador Dal\u00ed va fer de cada disciplina una via d\u2019expressi\u00f3 singular. Amb una creativitat desbordant, va expandir els l\u00edmits de l\u2019art i del pensament. Explora com es manifesta el seu univers \u00fanic en cada llenguatge que va fer seu.<\/p>\n<\/div>\n                                                    <\/div>\n                    \n\n                    \n                        \n                        <div class=\"swiper-slide\">\n                                                            <div class=\"banner\" style=\"background-image: url(https:\/\/webdali.latempesta.eu\/wp-content\/uploads\/2025\/02\/2642-1024x785.jpg)\">\n                                                                            <ul class=\"context\">\n                                            <li class=\"context__item\" aria-label=\"hidden\">                                            <\/li>\n                                        <\/ul>\n                                    \n                                    <h3 class=\"titol\">Pintura<\/h3>\n                                        \n                                    <div class=\"button fletxa\"><a href=\"https:\/\/webdali.latempesta.eu\/ca\/dali-i-gala\/dali-artista-total\/pintura\/\">M\u00e9s informaci\u00f3<\/a><\/div>\n\n                                    \n                                <\/div>\n                                                    <\/div>\n\n                    \n                        \n                        <div class=\"swiper-slide\">\n                                                            <div class=\"banner\" style=\"background-image: url(https:\/\/webdali.latempesta.eu\/wp-content\/uploads\/2025\/07\/10981-large-1-997x1024.jpg)\">\n                                                                            <ul class=\"context\">\n                                            <li class=\"context__item\" aria-label=\"hidden\">                                            <\/li>\n                                        <\/ul>\n                                    \n                                    <h3 class=\"titol\">Obra gr\u00e0fica<\/h3>\n                                        \n                                    <div class=\"button fletxa\"><a href=\"https:\/\/webdali.latempesta.eu\/ca\/dali-i-gala\/dali-artista-total\/obra-grafica\/\">M\u00e9s informaci\u00f3<\/a><\/div>\n\n                                    \n                                <\/div>\n                                                    <\/div>\n\n                    \n                        \n                        <div class=\"swiper-slide\">\n                                                            <div class=\"banner\" style=\"background-image: url(https:\/\/webdali.latempesta.eu\/wp-content\/uploads\/2025\/03\/A-DEMANAR-A-GETTY-e1743148537959-1024x675.jpg)\">\n                                                                            <ul class=\"context\">\n                                            <li class=\"context__item\" aria-label=\"hidden\">                                            <\/li>\n                                        <\/ul>\n                                    \n                                    <h3 class=\"titol\">Escultura i obra tridimensional<\/h3>\n                                        \n                                    <div class=\"button fletxa\"><a href=\"https:\/\/webdali.latempesta.eu\/ca\/dali-i-gala\/dali-artista-total\/escultura\/\">M\u00e9s informaci\u00f3<\/a><\/div>\n\n                                    \n                                <\/div>\n                                                    <\/div>\n\n                    \n                        \n                        <div class=\"swiper-slide\">\n                                                            <div class=\"banner\" style=\"background-image: url(https:\/\/webdali.latempesta.eu\/wp-content\/uploads\/2025\/02\/65089-scaled-e1741099232501-1024x661.jpg)\">\n                                                                            <ul class=\"context\">\n                                            <li class=\"context__item\" aria-label=\"hidden\">                                            <\/li>\n                                        <\/ul>\n                                    \n                                    <h3 class=\"titol\">Dibuix<\/h3>\n                                        \n                                    <div class=\"button fletxa\"><a href=\"https:\/\/webdali.latempesta.eu\/ca\/dali-i-gala\/dali-artista-total\/dibuix\/\">M\u00e9s informaci\u00f3<\/a><\/div>\n\n                                    \n                                <\/div>\n                                                    <\/div>\n\n                    \n                        \n                        <div class=\"swiper-slide\">\n                                                            <div class=\"banner\" style=\"background-image: url(https:\/\/webdali.latempesta.eu\/wp-content\/uploads\/2025\/02\/5068-e1747042033255.jpg)\">\n                                                                            <ul class=\"context\">\n                                            <li class=\"context__item\" aria-label=\"hidden\">                                            <\/li>\n                                        <\/ul>\n                                    \n                                    <h3 class=\"titol\">Obra escrita<\/h3>\n                                        \n                                    <div class=\"button fletxa\"><a href=\"https:\/\/webdali.latempesta.eu\/ca\/dali-i-gala\/dali-artista-total\/escriptura\/\">M\u00e9s informaci\u00f3<\/a><\/div>\n\n                                    \n                                <\/div>\n                                                    <\/div>\n\n                    \n                        \n                        <div class=\"swiper-slide\">\n                                                            <div class=\"banner\" style=\"background-image: url(https:\/\/webdali.latempesta.eu\/wp-content\/uploads\/2025\/05\/47835-1024x931.jpg)\">\n                                                                            <ul class=\"context\">\n                                            <li class=\"context__item\" aria-label=\"hidden\">                                            <\/li>\n                                        <\/ul>\n                                    \n                                    <h3 class=\"titol\">Moda<\/h3>\n                                        \n                                    <div class=\"button fletxa\"><a href=\"https:\/\/webdali.latempesta.eu\/ca\/dali-i-gala\/dali-artista-total\/moda\/\">M\u00e9s informaci\u00f3<\/a><\/div>\n\n                                    \n                                <\/div>\n                                                    <\/div>\n\n                                    <\/div>\n                <!-- Swiper navigation buttons -->\n                <div class=\"swiper-button-prev\">\n                    <span class=\"screen-reader-text\">Diapositiva anterior<\/span>\n                <\/div>\n                <div class=\"swiper-button-next\">\n                    <span class=\"screen-reader-text\">Diapositiva seg\u00fcent<\/span>\n                <\/div>\n            <\/div>\n        <\/div>\n    <\/div>\n\n\n\n<!-- Swiper JS -->\n<script src=\"https:\/\/cdn.jsdelivr.net\/npm\/swiper@11\/swiper-bundle.min.js\"><\/script>\n\n<!-- Initialize Swiper -->\n<script>\n\njQuery( document ).ready(function() {      \n\n    Tipus = 'destacat';\n\n    updateSpaceBetween();\n    spaceBetweenInicial = 60;\n    \n    if (Tipus=='intro-images' ) {\n    \/\/    spaceBetweenValueModul = 0;\n    }\n\n\n\n    console.log(\"spaceBetweenValueModul\",spaceBetweenValueModul);\n\n    var swiper = new Swiper(\"#swiper-69ff2dc9250a8\", {\n      slidesPerView: \"auto\",\n      spaceBetween: spaceBetweenInicial,\n      \tfreeMode: true,\n\t  \tbreakpoints: {\n\t        \/\/ Quan l'amplada de la pantalla sigui major a 1024px\n\t        1024: {\n\t            spaceBetween: spaceBetweenValue,\n\t        },\n\t    },\n        \/\/ Navigation arrows\n        navigation: {\n            nextEl: '.swiper-button-next',\n            prevEl: '.swiper-button-prev',\n        },\n        mousewheel: {\n            releaseOnEdges: true,\n            forceToAxis: true,\n            sensitivity:    1,\n        },\n        a11y: {\n            prevSlideMessage: 'Diapositiva anterior',\n            nextSlideMessage: 'Diapositiva seg\u00fcent',\n        },\n    });\n\n\n \n\n\n    \/*\n    jQuery('.bloc-destacats').each(function() {\n        const nextDiv = jQuery(this).next('div');\n        if (nextDiv.hasClass('contingut-ampliat')) {\n            console.log('T\u00e9 .contingut-ampliat despr\u00e9s');\n            \/\/ Aqu\u00ed pots fer accions, per exemple:\n            \/\/ $nextDiv.addClass('marcat'); o $(this).append($nextDiv);\n        }\n    });\n    *\/\n})\n<\/script>\n\n","protected":false},"excerpt":{"rendered":"<p>La fascinaci\u00f3 absoluta que sent pel m\u00f3n de la imatge, aix\u00ed com la seva passi\u00f3 pels efectes audiovisuals, el converteixen en un dels primers videoartistes de la hist\u00f2ria. A trav\u00e9s del cinema, Dal\u00ed tamb\u00e9 t\u00e9 l\u2019oportunitat d\u2019exhibir la seva faceta m\u00e9s performativa, transformant una vegada i altra el personatge que havia comen\u00e7at a construir des [&hellip;]<\/p>\n","protected":false},"author":1,"featured_media":3748,"parent":67,"menu_order":358,"comment_status":"closed","ping_status":"closed","template":"","meta":{"_acf_changed":false,"_coblocks_attr":"","_coblocks_dimensions":"","_coblocks_responsive_height":"","_coblocks_accordion_ie_support":"","footnotes":""},"categories":[],"tags":[],"class_list":["post-69","page","type-page","status-publish","has-post-thumbnail","hentry"],"acf":[],"_links":{"self":[{"href":"https:\/\/webdali.latempesta.eu\/ca\/wp-json\/wp\/v2\/pages\/69","targetHints":{"allow":["GET"]}}],"collection":[{"href":"https:\/\/webdali.latempesta.eu\/ca\/wp-json\/wp\/v2\/pages"}],"about":[{"href":"https:\/\/webdali.latempesta.eu\/ca\/wp-json\/wp\/v2\/types\/page"}],"author":[{"embeddable":true,"href":"https:\/\/webdali.latempesta.eu\/ca\/wp-json\/wp\/v2\/users\/1"}],"replies":[{"embeddable":true,"href":"https:\/\/webdali.latempesta.eu\/ca\/wp-json\/wp\/v2\/comments?post=69"}],"version-history":[{"count":0,"href":"https:\/\/webdali.latempesta.eu\/ca\/wp-json\/wp\/v2\/pages\/69\/revisions"}],"up":[{"embeddable":true,"href":"https:\/\/webdali.latempesta.eu\/ca\/wp-json\/wp\/v2\/pages\/67"}],"wp:featuredmedia":[{"embeddable":true,"href":"https:\/\/webdali.latempesta.eu\/ca\/wp-json\/wp\/v2\/media\/3748"}],"wp:attachment":[{"href":"https:\/\/webdali.latempesta.eu\/ca\/wp-json\/wp\/v2\/media?parent=69"}],"wp:term":[{"taxonomy":"category","embeddable":true,"href":"https:\/\/webdali.latempesta.eu\/ca\/wp-json\/wp\/v2\/categories?post=69"},{"taxonomy":"post_tag","embeddable":true,"href":"https:\/\/webdali.latempesta.eu\/ca\/wp-json\/wp\/v2\/tags?post=69"}],"curies":[{"name":"wp","href":"https:\/\/api.w.org\/{rel}","templated":true}]}}