{"id":91,"date":"2024-12-18T18:34:35","date_gmt":"2024-12-18T16:34:35","guid":{"rendered":"https:\/\/webdali.latempesta.eu\/?page_id=91"},"modified":"2025-05-19T12:06:48","modified_gmt":"2025-05-19T10:06:48","slug":"noticies","status":"publish","type":"page","link":"https:\/\/webdali.latempesta.eu\/ca\/fundacio-dali\/noticies\/","title":{"rendered":"Not\u00edcies"},"content":{"rendered":"\n<div class=\"wp-block-columns facetwp-filters is-layout-flex wp-container-core-columns-is-layout-9d6595d7 wp-block-columns-is-layout-flex\">\n<div class=\"wp-block-column is-layout-flow wp-block-column-is-layout-flow\"><div class=\"facetwp-facet facetwp-facet-noticia_localitzacio facetwp-type-fselect\" data-name=\"noticia_localitzacio\" data-type=\"fselect\"><\/div>\n<\/div>\n\n\n\n<div class=\"wp-block-column is-layout-flow wp-block-column-is-layout-flow\"><div class=\"facetwp-facet facetwp-facet-noticia_categoria facetwp-type-fselect\" data-name=\"noticia_categoria\" data-type=\"fselect\"><\/div>\n<\/div>\n<\/div>\n\n\n<div class=\"facetwp-template\" data-name=\"noticia\"><ul class=\"fwpl-layout list\">\n  \t<li class=\"grid-item\">\n\n        \t\t\n        <div class=\"item-header\">\n            <figure class=\"image\"><img loading=\"lazy\" decoding=\"async\" width=\"230\" height=\"300\" src=\"https:\/\/webdali.latempesta.eu\/wp-content\/uploads\/2026\/01\/PortadaDN_CAT_baixares-230x300.jpg\" class=\"attachment-medium size-medium wp-post-image\" alt=\"\" srcset=\"https:\/\/webdali.latempesta.eu\/wp-content\/uploads\/2026\/01\/PortadaDN_CAT_baixares-230x300.jpg 230w, https:\/\/webdali.latempesta.eu\/wp-content\/uploads\/2026\/01\/PortadaDN_CAT_baixares-786x1024.jpg 786w, https:\/\/webdali.latempesta.eu\/wp-content\/uploads\/2026\/01\/PortadaDN_CAT_baixares-768x1000.jpg 768w, https:\/\/webdali.latempesta.eu\/wp-content\/uploads\/2026\/01\/PortadaDN_CAT_baixares-1179x1536.jpg 1179w, https:\/\/webdali.latempesta.eu\/wp-content\/uploads\/2026\/01\/PortadaDN_CAT_baixares.jpg 1252w\" sizes=\"auto, (max-width: 230px) 100vw, 230px\" \/><\/figure>\n\n        <\/div>\n        <div class=\"item-content\">\n            <a href=\"https:\/\/webdali.latempesta.eu\/ca\/fundacio-dali\/noticia\/dali-news-una-nova-revista-de-pensament\/\"><div class=\"title\">Dal\u00ed News, una nova revista de pensament<\/div><\/a>\n\n\n            <div class=\"item-data\">\n            Figueres, 22 de gener de 2026            <\/div>\n            <div class=\"excerpt\">La Fundaci\u00f3 Dal\u00ed llan\u00e7a una nova publicaci\u00f3 inspirada en l'esperit cr\u00edtic i innovador de Dal\u00ed. El primer n\u00famero est\u00e0 dedicat al somni i hi participen 12 creadors de renom internacional.<\/div>\n        <\/div>\n\t\t\n\t<\/li>\n\t\n  \t<li class=\"grid-item\">\n\n        \t\t\n        <div class=\"item-header\">\n            <figure class=\"image\"><img loading=\"lazy\" decoding=\"async\" width=\"238\" height=\"300\" src=\"https:\/\/webdali.latempesta.eu\/wp-content\/uploads\/2025\/07\/5068_editora_84_8_1_1024-238x300.jpg\" class=\"attachment-medium size-medium wp-post-image\" alt=\"Foto Eric Schaal. Salvador Dal\u00ed escrivint La vida secreta de Salvador Dal\u00ed a casa de Caresse Crosby, Hampton Manor, Virg\u00ednia,1941.\" srcset=\"https:\/\/webdali.latempesta.eu\/wp-content\/uploads\/2025\/07\/5068_editora_84_8_1_1024-238x300.jpg 238w, https:\/\/webdali.latempesta.eu\/wp-content\/uploads\/2025\/07\/5068_editora_84_8_1_1024.jpg 500w\" sizes=\"auto, (max-width: 238px) 100vw, 238px\" \/><\/figure>\n\n        <\/div>\n        <div class=\"item-content\">\n            <a href=\"https:\/\/webdali.latempesta.eu\/ca\/fundacio-dali\/noticia\/la-fundacio-dali-anuncia-un-programa-internacional-de-beques-de-recerca\/\"><div class=\"title\">La Fundaci\u00f3 Dal\u00ed anuncia un programa internacional de beques de recerca<\/div><\/a>\n\n\n            <div class=\"item-data\">\n                        <\/div>\n            <div class=\"excerpt\">La Fundaci\u00f3 Gala-Salvador Dal\u00ed anuncia l\u2019obertura de la convocat\u00f2ria 2026 del Dal\u00ed Fellowship Programme<\/div>\n        <\/div>\n\t\t\n\t<\/li>\n\t\n  \t<li class=\"grid-item\">\n\n        \t\t\n        <div class=\"item-header\">\n            <figure class=\"image\"><img loading=\"lazy\" decoding=\"async\" width=\"252\" height=\"300\" src=\"https:\/\/webdali.latempesta.eu\/wp-content\/uploads\/2025\/12\/i0057_Galatea_de_les_esferes-252x300.jpg\" class=\"attachment-medium size-medium wp-post-image\" alt=\"\" srcset=\"https:\/\/webdali.latempesta.eu\/wp-content\/uploads\/2025\/12\/i0057_Galatea_de_les_esferes-252x300.jpg 252w, https:\/\/webdali.latempesta.eu\/wp-content\/uploads\/2025\/12\/i0057_Galatea_de_les_esferes-858x1024.jpg 858w, https:\/\/webdali.latempesta.eu\/wp-content\/uploads\/2025\/12\/i0057_Galatea_de_les_esferes-768x916.jpg 768w, https:\/\/webdali.latempesta.eu\/wp-content\/uploads\/2025\/12\/i0057_Galatea_de_les_esferes-1288x1536.jpg 1288w, https:\/\/webdali.latempesta.eu\/wp-content\/uploads\/2025\/12\/i0057_Galatea_de_les_esferes-1717x2048.jpg 1717w\" sizes=\"auto, (max-width: 252px) 100vw, 252px\" \/><\/figure>\n\n        <\/div>\n        <div class=\"item-content\">\n            <a href=\"https:\/\/webdali.latempesta.eu\/ca\/fundacio-dali\/noticia\/neix-platform-dali-un-nou-programa-dart-i-ciencia-impulsat-per-la-fundacio-gala-salvador-dali\/\"><div class=\"title\">Neix Platform Dal\u00ed, un  nou  programa d\u2019art  i  ci\u00e8ncia impulsat per la Fundaci\u00f3 Gala-Salvador Dal\u00ed<\/div><\/a>\n\n\n            <div class=\"item-data\">\n                        <\/div>\n            <div class=\"excerpt\">Neix Platform Dal\u00ed, un nou programa d\u2019art i ci\u00e8ncia impulsat per la Fundaci\u00f3 Gala-Salvador Dal\u00ed, dirigit per M\u00f3nica Bello.<\/div>\n        <\/div>\n\t\t\n\t<\/li>\n\t\n  \t<li class=\"grid-item\">\n\n        \t\t\n        <div class=\"item-header\">\n            <figure class=\"image\"><img loading=\"lazy\" decoding=\"async\" width=\"226\" height=\"300\" src=\"https:\/\/webdali.latempesta.eu\/wp-content\/uploads\/2025\/11\/F0482baixa-226x300.jpg\" class=\"attachment-medium size-medium wp-post-image\" alt=\"\" srcset=\"https:\/\/webdali.latempesta.eu\/wp-content\/uploads\/2025\/11\/F0482baixa-226x300.jpg 226w, https:\/\/webdali.latempesta.eu\/wp-content\/uploads\/2025\/11\/F0482baixa-773x1024.jpg 773w, https:\/\/webdali.latempesta.eu\/wp-content\/uploads\/2025\/11\/F0482baixa-768x1018.jpg 768w, https:\/\/webdali.latempesta.eu\/wp-content\/uploads\/2025\/11\/F0482baixa-1159x1536.jpg 1159w, https:\/\/webdali.latempesta.eu\/wp-content\/uploads\/2025\/11\/F0482baixa-1545x2048.jpg 1545w, https:\/\/webdali.latempesta.eu\/wp-content\/uploads\/2025\/11\/F0482baixa.jpg 1923w\" sizes=\"auto, (max-width: 226px) 100vw, 226px\" \/><\/figure>\n\n        <\/div>\n        <div class=\"item-content\">\n            <a href=\"https:\/\/webdali.latempesta.eu\/ca\/fundacio-dali\/noticia\/cicle-de-conferencies-entorn-a-la-madona-de-portlligat\/\"><div class=\"title\">Cicle de confer\u00e8ncies entorn a La Madona de Portlligat<\/div><\/a>\n\n\n            <div class=\"item-data\">\n                        <\/div>\n            <div class=\"excerpt\">Els ponents seran les coordinadores de l'exposici\u00f3 Cl\u00e0udia Galli i Maria Carreras, aix\u00ed com Eva March, \u00c0lex Mitrani, Estrella de Diego i Jordi D\u00edaz-Marcos.<\/div>\n        <\/div>\n\t\t\n\t<\/li>\n\t\n  \t<li class=\"grid-item\">\n\n        \t\t\n        <div class=\"item-header\">\n            <figure class=\"image\"><img loading=\"lazy\" decoding=\"async\" width=\"300\" height=\"225\" src=\"https:\/\/webdali.latempesta.eu\/wp-content\/uploads\/2025\/06\/taschen_dali_dscf0458_marcmedina_174946993777_1024-300x225.jpg\" class=\"attachment-medium size-medium wp-post-image\" alt=\"F\u00e8lix Roca, Marlene Taschen, Jordi Mercader, Hans W. Holzwarth, Montse Aguer i Carme Ruiz\" srcset=\"https:\/\/webdali.latempesta.eu\/wp-content\/uploads\/2025\/06\/taschen_dali_dscf0458_marcmedina_174946993777_1024-300x225.jpg 300w, https:\/\/webdali.latempesta.eu\/wp-content\/uploads\/2025\/06\/taschen_dali_dscf0458_marcmedina_174946993777_1024-768x576.jpg 768w, https:\/\/webdali.latempesta.eu\/wp-content\/uploads\/2025\/06\/taschen_dali_dscf0458_marcmedina_174946993777_1024.jpg 1024w\" sizes=\"auto, (max-width: 300px) 100vw, 300px\" \/><\/figure>\n\n        <\/div>\n        <div class=\"item-content\">\n            <a href=\"https:\/\/webdali.latempesta.eu\/ca\/fundacio-dali\/noticia\/la-monografia-definitiva-de-dali-per-taschen-una-edicio-de-referencia-que-celebra-el-llegat-de-l-artista\/\"><div class=\"title\">La monografia definitiva de Dal\u00ed per Taschen, una edici\u00f3 de refer\u00e8ncia que celebra el llegat de l\u2019artista<\/div><\/a>\n\n\n            <div class=\"item-data\">\n            Barcelona, 5 de juny de 2025            <\/div>\n            <div class=\"excerpt\">Dijous dia 5 de juny a la nit, el Convent dels \u00c0ngels de Barcelona va esdevenir l&#8217;escenari de la presentaci\u00f3 oficial de la monografia dedicada a Dal\u00ed publicada per la Fundaci\u00f3 Dal\u00ed i TASCHEN, una de les editorials m\u00e9s reconegudes en el m\u00f3n de l&#8217; art i la fotografia. L&#8217;acte va comptar amb la pres\u00e8ncia [&hellip;]<\/div>\n        <\/div>\n\t\t\n\t<\/li>\n\t\n  \t<li class=\"grid-item\">\n\n        \t\t\n        <div class=\"item-header\">\n            <figure class=\"image\"><img loading=\"lazy\" decoding=\"async\" width=\"169\" height=\"300\" src=\"https:\/\/webdali.latempesta.eu\/wp-content\/uploads\/2025\/07\/bunuel125chienandalou_174911941477_1024-169x300.jpg\" class=\"attachment-medium size-medium wp-post-image\" alt=\"Bu\u00f1uel 125: Suite per a Un Chien Andalou - Teatre-Museu Dal\u00ed (Figueres)\" srcset=\"https:\/\/webdali.latempesta.eu\/wp-content\/uploads\/2025\/07\/bunuel125chienandalou_174911941477_1024-169x300.jpg 169w, https:\/\/webdali.latempesta.eu\/wp-content\/uploads\/2025\/07\/bunuel125chienandalou_174911941477_1024.jpg 567w\" sizes=\"auto, (max-width: 169px) 100vw, 169px\" \/><\/figure>\n\n        <\/div>\n        <div class=\"item-content\">\n            <a href=\"https:\/\/webdali.latempesta.eu\/ca\/fundacio-dali\/noticia\/luis-bunuel-al-teatre-museu-dali\/\"><div class=\"title\">Luis Bu\u00f1uel al Teatre-Museu Dal\u00ed<\/div><\/a>\n\n\n            <div class=\"item-data\">\n            Figueres, 5 de juny de 2025            <\/div>\n            <div class=\"excerpt\">Coincidint amb la data exacta de l&#8217;estrena del film Un chien andalou a Par\u00eds l&#8217;any 1929 -obra cabdal del surrealisme sorgida de la col\u00b7laboraci\u00f3 entre Bu\u00f1uel i Dal\u00ed- l&#8217;espai acollir\u00e0 Suite para un perro andaluz, un espectacle multidisciplinari a c\u00e0rrec de la formaci\u00f3 Basilio Mart\u00ed Trio, que oferir\u00e0 una m\u00fasica original en directe per a [&hellip;]<\/div>\n        <\/div>\n\t\t\n\t<\/li>\n\t\n  \t<li class=\"grid-item\">\n\n        \t\t\n        <div class=\"item-header\">\n            <figure class=\"image\"><img loading=\"lazy\" decoding=\"async\" width=\"229\" height=\"300\" src=\"https:\/\/webdali.latempesta.eu\/wp-content\/uploads\/2025\/06\/0660_madonadeportlligat_174793058877_1024-229x300.jpg\" class=\"attachment-medium size-medium wp-post-image\" alt=\"La Madona de Portlligat vindr\u00e0 a Figueres al setembre\" srcset=\"https:\/\/webdali.latempesta.eu\/wp-content\/uploads\/2025\/06\/0660_madonadeportlligat_174793058877_1024-229x300.jpg 229w, https:\/\/webdali.latempesta.eu\/wp-content\/uploads\/2025\/06\/0660_madonadeportlligat_174793058877_1024-782x1024.jpg 782w, https:\/\/webdali.latempesta.eu\/wp-content\/uploads\/2025\/06\/0660_madonadeportlligat_174793058877_1024-768x1006.jpg 768w, https:\/\/webdali.latempesta.eu\/wp-content\/uploads\/2025\/06\/0660_madonadeportlligat_174793058877_1024.jpg 800w\" sizes=\"auto, (max-width: 229px) 100vw, 229px\" \/><\/figure>\n\n        <\/div>\n        <div class=\"item-content\">\n            <a href=\"https:\/\/webdali.latempesta.eu\/ca\/fundacio-dali\/noticia\/la-fundacio-dali-fa-balanc-de-2024-i-anuncia-l-arribada-de-la-madona-de-portlligat-a-figueres\/\"><div class=\"title\">La Fundaci\u00f3 Dal\u00ed fa balan\u00e7 de 2024 i anuncia l&#8217;arribada de la Madona de Portlligat a Figueres<\/div><\/a>\n\n\n            <div class=\"item-data\">\n            Figueres, 23 de maig de 2025            <\/div>\n            <div class=\"excerpt\">El president de la Fundaci\u00f3 Dal\u00ed, Jordi Mercader, ha fet balan\u00e7 de l&#8217;any 2024 i ha anunciat els plans de futur de la instituci\u00f3. Coincidint amb la commemoraci\u00f3 dels 50 anys del Teatre-Museu Dal\u00ed, la Fundaci\u00f3&nbsp;Dal\u00ed ha tancat el 2024 amb els millors resultats de la seva hist\u00f2ria: els museus del Triangle han rebut un [&hellip;]<\/div>\n        <\/div>\n\t\t\n\t<\/li>\n\t\n  \t<li class=\"grid-item\">\n\n        \t\t\n        <div class=\"item-header\">\n            <figure class=\"image\"><img loading=\"lazy\" decoding=\"async\" width=\"228\" height=\"300\" src=\"https:\/\/webdali.latempesta.eu\/wp-content\/uploads\/2025\/05\/p0589_02_petita_174255190177_1024-228x300.jpg\" class=\"attachment-medium size-medium wp-post-image\" alt=\"\" srcset=\"https:\/\/webdali.latempesta.eu\/wp-content\/uploads\/2025\/05\/p0589_02_petita_174255190177_1024-228x300.jpg 228w, https:\/\/webdali.latempesta.eu\/wp-content\/uploads\/2025\/05\/p0589_02_petita_174255190177_1024.jpg 583w\" sizes=\"auto, (max-width: 228px) 100vw, 228px\" \/><\/figure>\n\n        <\/div>\n        <div class=\"item-content\">\n            <a href=\"https:\/\/webdali.latempesta.eu\/ca\/fundacio-dali\/noticia\/l-exposicio-d-enguany-mostra-les-millors-peces-de-vestir-de-gala\/\"><div class=\"title\">L&#8217;exposici\u00f3 d&#8217;enguany mostra les millors peces de vestir de Gala<\/div><\/a>\n\n\n            <div class=\"item-data\">\n            P\u00fabol, 20 de mar\u00e7 de 2025            <\/div>\n            <div class=\"excerpt\">Enguany es presenta al Castell Gala Dal\u00ed de P\u00fabol&nbsp;la s\u00edntesi de l&#8217;exposici\u00f3 El despertar del mite: Gala Dal\u00ed. La mostra compta amb les peces m\u00e9s destacades de les tres temporades anteriors (Col\u00b7lecci\u00f3 primavera-estiu, Alta costura i Tardor-hivern) que es van portar a terme en estreta col\u00b7laboraci\u00f3 amb La Roca Village. A aquesta tria de 6 [&hellip;]<\/div>\n        <\/div>\n\t\t\n\t<\/li>\n\t\n  \t<li class=\"grid-item\">\n\n        \t\t\n        <div class=\"item-header\">\n            <figure class=\"image\"><img loading=\"lazy\" decoding=\"async\" width=\"266\" height=\"300\" src=\"https:\/\/webdali.latempesta.eu\/wp-content\/uploads\/2025\/05\/4c1a4538_retallada_172952722277_1024-266x300.jpg\" class=\"attachment-medium size-medium wp-post-image\" alt=\"Jordi Mercader durant l&#039;acceptaci\u00f3 del reconeixement\" srcset=\"https:\/\/webdali.latempesta.eu\/wp-content\/uploads\/2025\/05\/4c1a4538_retallada_172952722277_1024-266x300.jpg 266w, https:\/\/webdali.latempesta.eu\/wp-content\/uploads\/2025\/05\/4c1a4538_retallada_172952722277_1024-909x1024.jpg 909w, https:\/\/webdali.latempesta.eu\/wp-content\/uploads\/2025\/05\/4c1a4538_retallada_172952722277_1024-768x865.jpg 768w, https:\/\/webdali.latempesta.eu\/wp-content\/uploads\/2025\/05\/4c1a4538_retallada_172952722277_1024.jpg 917w\" sizes=\"auto, (max-width: 266px) 100vw, 266px\" \/><\/figure>\n\n        <\/div>\n        <div class=\"item-content\">\n            <a href=\"https:\/\/webdali.latempesta.eu\/ca\/fundacio-dali\/noticia\/el-teatre-museu-dali-rep-la-medalla-d-or-de-la-ciutat\/\"><div class=\"title\">El Teatre-Museu Dal\u00ed rep la Medalla d&#8217;Or de la Ciutat<\/div><\/a>\n\n\n            <div class=\"item-data\">\n            Figueres, 20 d\u2019octubre de 2024            <\/div>\n            <div class=\"excerpt\">El president de la Fundaci\u00f3 Dal\u00ed, Jordi Mercader, ha rebut de mans de l&#8217;alcalde Jordi Masquef, la Medalla d&#8217;Or de la Ciutat pels 50 anys del Teatre-Museu Dal\u00ed. La cerim\u00f2nia de lliurament ha estat diumenge 20 d&#8217;octubre al Teatre Jard\u00ed de Figueres. En un&nbsp;acte solemne i emotiu, s&#8217;ha reconegut la traject\u00f2ria d&#8217;altres persones i entitats [&hellip;]<\/div>\n        <\/div>\n\t\t\n\t<\/li>\n\t\n  \t<li class=\"grid-item\">\n\n        \t\t\n        <div class=\"item-header\">\n            <figure class=\"image\"><img loading=\"lazy\" decoding=\"async\" width=\"133\" height=\"300\" src=\"https:\/\/webdali.latempesta.eu\/wp-content\/uploads\/2025\/05\/i0084_174297995577_1024-133x300.jpg\" class=\"attachment-medium size-medium wp-post-image\" alt=\"\" srcset=\"https:\/\/webdali.latempesta.eu\/wp-content\/uploads\/2025\/05\/i0084_174297995577_1024-133x300.jpg 133w, https:\/\/webdali.latempesta.eu\/wp-content\/uploads\/2025\/05\/i0084_174297995577_1024-455x1024.jpg 455w, https:\/\/webdali.latempesta.eu\/wp-content\/uploads\/2025\/05\/i0084_174297995577_1024-768x1728.jpg 768w, https:\/\/webdali.latempesta.eu\/wp-content\/uploads\/2025\/05\/i0084_174297995577_1024-683x1536.jpg 683w, https:\/\/webdali.latempesta.eu\/wp-content\/uploads\/2025\/05\/i0084_174297995577_1024.jpg 800w\" sizes=\"auto, (max-width: 133px) 100vw, 133px\" \/><\/figure>\n\n        <\/div>\n        <div class=\"item-content\">\n            <a href=\"https:\/\/webdali.latempesta.eu\/ca\/fundacio-dali\/noticia\/els-museus-dali-compten-amb-el-suport-del-ministeri-de-cultura\/\"><div class=\"title\">Els Museus Dal\u00ed compten amb el suport del Ministeri de Cultura<\/div><\/a>\n\n\n            <div class=\"item-data\">\n            Figueres, 8 d\u2019octubre de 2024            <\/div>\n            <div class=\"excerpt\">Per quart any consecutiu, la Fundaci\u00f3 Gala-Salvador Dal\u00ed compta amb el suport del Ministeri de Cultura i Esports. De conformitat amb all\u00f2 que disposa l&#8217;article 3.2.c de l&#8217;Ordre CUL\/163\/2010, de 27 de gener (B.O.E. de 2 de febrer), els pressupostos generals de l&#8217;Estat 2024 han atorgat a la Fundaci\u00f3 Dal\u00ed una assignaci\u00f3 nominativa de 75.000 [&hellip;]<\/div>\n        <\/div>\n\t\t\n\t<\/li>\n\t\n  \t<li class=\"grid-item\">\n\n        \t\t\n        <div class=\"item-header\">\n            <figure class=\"image\"><img loading=\"lazy\" decoding=\"async\" width=\"300\" height=\"240\" src=\"https:\/\/webdali.latempesta.eu\/wp-content\/uploads\/2025\/05\/foto_expo_bea_2_172967350377_1024-300x240.jpg\" class=\"attachment-medium size-medium wp-post-image\" alt=\"Muntatge de la tercera temporada\" srcset=\"https:\/\/webdali.latempesta.eu\/wp-content\/uploads\/2025\/05\/foto_expo_bea_2_172967350377_1024-300x240.jpg 300w, https:\/\/webdali.latempesta.eu\/wp-content\/uploads\/2025\/05\/foto_expo_bea_2_172967350377_1024-768x614.jpg 768w, https:\/\/webdali.latempesta.eu\/wp-content\/uploads\/2025\/05\/foto_expo_bea_2_172967350377_1024.jpg 1024w\" sizes=\"auto, (max-width: 300px) 100vw, 300px\" \/><\/figure>\n\n        <\/div>\n        <div class=\"item-content\">\n            <a href=\"https:\/\/webdali.latempesta.eu\/ca\/fundacio-dali\/noticia\/tercera-temporada-de-l-exposicio-de-pubol-el-despertar-del-mite-gala-dali\/\"><div class=\"title\">Tercera temporada de l&#8217;exposici\u00f3 de P\u00fabol &#8220;El despertar del mite: Gala Dal\u00ed&#8221;<\/div><\/a>\n\n\n            <div class=\"item-data\">\n            P\u00fabol, 5 d\u2019octubre de 2024            <\/div>\n            <div class=\"excerpt\">Des d&#8217;ara i fins al 6 de gener de 2025, es pot visitar la tercera i \u00faltima temporada de l&#8217;exposici\u00f3 El despertar del mite: Gala Dal\u00ed al Castell Gala Dal\u00ed de P\u00fabol, resultat de la col\u00b7laboraci\u00f3 entre la Fundaci\u00f3 Dal\u00ed i La Roca Village. Amb aquest tercer cap\u00edtol, que porta per t\u00edtol \u201cCol\u00b7lecci\u00f3 tardor-hivern\u201d, finalitza [&hellip;]<\/div>\n        <\/div>\n\t\t\n\t<\/li>\n\t\n  \t<li class=\"grid-item\">\n\n        \t\t\n        <div class=\"item-header\">\n            <figure class=\"image\"><img loading=\"lazy\" decoding=\"async\" width=\"230\" height=\"300\" src=\"https:\/\/webdali.latempesta.eu\/wp-content\/uploads\/2025\/05\/01_85890dalivisitantmuseus_172969771977_1024-230x300.jpg\" class=\"attachment-medium size-medium wp-post-image\" alt=\"Dal\u00ed visitant el Museu del Louvre\" srcset=\"https:\/\/webdali.latempesta.eu\/wp-content\/uploads\/2025\/05\/01_85890dalivisitantmuseus_172969771977_1024-230x300.jpg 230w, https:\/\/webdali.latempesta.eu\/wp-content\/uploads\/2025\/05\/01_85890dalivisitantmuseus_172969771977_1024.jpg 589w\" sizes=\"auto, (max-width: 230px) 100vw, 230px\" \/><\/figure>\n\n        <\/div>\n        <div class=\"item-content\">\n            <a href=\"https:\/\/webdali.latempesta.eu\/ca\/fundacio-dali\/noticia\/el-teatre-museu-dali-celebra-els-50-anys-amb-exposicions-i-un-audiovisual\/\"><div class=\"title\">El Teatre-Museu Dal\u00ed celebra els 50 anys amb exposicions i un audiovisual<\/div><\/a>\n\n\n            <div class=\"item-data\">\n            Figueres, 28 de setembre de 2024            <\/div>\n            <div class=\"excerpt\">El Teatre-Museu Dal\u00ed celebra el seu 50\u00e8 aniversari amb quatre projectes destacats: tres exposicions que es podran veure fins a l&#8217;estiu de 2025 i un documental. Aquests projectes exploren la particular visi\u00f3 de Dal\u00ed sobre la hist\u00f2ria de l&#8217;art i el seu enfocament muse\u00edstic. Una de les peces centrals \u00e9s l&#8217;\u00faltima adquisici\u00f3 de la Fundaci\u00f3 [&hellip;]<\/div>\n        <\/div>\n\t\t\n\t<\/li>\n\t\n  <\/ul>\n<\/div>\n\n\n\n<div class=\"wp-block-columns is-layout-flex wp-container-core-columns-is-layout-9d6595d7 wp-block-columns-is-layout-flex\">\n<div class=\"wp-block-column is-layout-flow wp-block-column-is-layout-flow\"><div class=\"facetwp-facet facetwp-facet-noticies_paginacio facetwp-type-pager\" data-name=\"noticies_paginacio\" data-type=\"pager\"><\/div>\n<\/div>\n<\/div>\n","protected":false},"excerpt":{"rendered":"","protected":false},"author":1,"featured_media":3361,"parent":89,"menu_order":251,"comment_status":"closed","ping_status":"closed","template":"","meta":{"_acf_changed":false,"_coblocks_attr":"","_coblocks_dimensions":"","_coblocks_responsive_height":"","_coblocks_accordion_ie_support":"","footnotes":""},"categories":[],"tags":[],"class_list":["post-91","page","type-page","status-publish","has-post-thumbnail","hentry"],"acf":[],"_links":{"self":[{"href":"https:\/\/webdali.latempesta.eu\/ca\/wp-json\/wp\/v2\/pages\/91","targetHints":{"allow":["GET"]}}],"collection":[{"href":"https:\/\/webdali.latempesta.eu\/ca\/wp-json\/wp\/v2\/pages"}],"about":[{"href":"https:\/\/webdali.latempesta.eu\/ca\/wp-json\/wp\/v2\/types\/page"}],"author":[{"embeddable":true,"href":"https:\/\/webdali.latempesta.eu\/ca\/wp-json\/wp\/v2\/users\/1"}],"replies":[{"embeddable":true,"href":"https:\/\/webdali.latempesta.eu\/ca\/wp-json\/wp\/v2\/comments?post=91"}],"version-history":[{"count":0,"href":"https:\/\/webdali.latempesta.eu\/ca\/wp-json\/wp\/v2\/pages\/91\/revisions"}],"up":[{"embeddable":true,"href":"https:\/\/webdali.latempesta.eu\/ca\/wp-json\/wp\/v2\/pages\/89"}],"wp:featuredmedia":[{"embeddable":true,"href":"https:\/\/webdali.latempesta.eu\/ca\/wp-json\/wp\/v2\/media\/3361"}],"wp:attachment":[{"href":"https:\/\/webdali.latempesta.eu\/ca\/wp-json\/wp\/v2\/media?parent=91"}],"wp:term":[{"taxonomy":"category","embeddable":true,"href":"https:\/\/webdali.latempesta.eu\/ca\/wp-json\/wp\/v2\/categories?post=91"},{"taxonomy":"post_tag","embeddable":true,"href":"https:\/\/webdali.latempesta.eu\/ca\/wp-json\/wp\/v2\/tags?post=91"}],"curies":[{"name":"wp","href":"https:\/\/api.w.org\/{rel}","templated":true}]}}