{"id":10771,"date":"2025-03-17T13:42:51","date_gmt":"2025-03-17T11:42:51","guid":{"rendered":"https:\/\/webdali.latempesta.eu\/obra\/ced\/fons-documental\/documents-efimers\/"},"modified":"2025-07-01T11:16:52","modified_gmt":"2025-07-01T09:16:52","slug":"ephemeral-documents","status":"publish","type":"page","link":"https:\/\/webdali.latempesta.eu\/en\/artwork\/ced\/documentary-collection\/ephemeral-documents\/","title":{"rendered":"Ephemeral documents"},"content":{"rendered":"\n<div class=\"wp-block-columns global-column is-layout-flex wp-container-core-columns-is-layout-9d6595d7 wp-block-columns-is-layout-flex\">\n<div class=\"wp-block-column is-layout-flow wp-block-column-is-layout-flow\">\n<p>The Centre for Dalinian Studies holds an important collection of more than 7,815 graphic documents of various types (posters, exhibition catalogues, invitations, programs, flyers\u2026), aimed at promoting events and artistic manifestations related to the figure and work of Salvador Dal\u00ed, Surrealism, and other prominent 20th-century movements.<\/p>\n\n\n\n<p>The documentary and artistic value of this collection lies both in the content of the materials and in their format. On one hand, the study of the content provides very valuable information about the exhibition history of Dal\u00ed\u2019s work\u2014especially regarding his early period\u2014allows for tracking the conferences and artistic events in which Dal\u00ed participated, and refers us to various statements and manifestos published by the artist himself at different moments in his life.<\/p>\n\n\n\n<p>On the other hand, the study of the format allows us to perceive, once again, the artist\u2019s deep involvement in the artistic projects he undertook. We often see how Dal\u00ed intervened in the conception and design process of ephemeral materials produced for exhibitions or events, which gives these documents added artistic value.<\/p>\n\n\n<script>var is_masonry=false;<\/script>\t        <div class=\"swiper coeli-swiper-heritageobject coeli-swiper-agrupacions coeli-swiper-8426\"              id=\"coeli-swiper-8426\">\n            <!-- Additional required wrapper -->\n            <ul class=\"swiper-wrapper coeli-result-list\" id=\"coeli-ul-agrupacio-8426\">\n                <!-- Slides -->\n\t\t\t\t                    <li id=\"30545\"\n                        class=\"swiper-slide s-3 t-1 m-3\"><a href=\"https:\/\/webdali.latempesta.eu\/en\/heritageobject\/30545\/\"><figure class=\"image portraitmedia-medium\"><img decoding=\"async\" alt=\"\" src=\"https:\/\/d1i5r06pd82mff.cloudfront.net\/public\/DigitalAsset\/7e84c08b-376c-4b8a-ed4b-1aacd11746f3\/e988d9c87e5fe9eacea45393ee30a81a\/full\/medium\/0\/default.jpg\"><\/figure><p class=\"coeli-title\">Exposici\u00f3 S. Dal\u00ed<\/p><p class=\"coeli-production-actorsinrole-actors\">Galeries Dalmau<\/p><p class=\"coeli-production-date\">1926\/1927<\/p><\/a><\/li>\n\t\t\t\t                    <li id=\"30557\"\n                        class=\"swiper-slide s-3 t-1 m-3\"><a href=\"https:\/\/webdali.latempesta.eu\/en\/heritageobject\/30557\/\"><figure class=\"image portraitmedia-medium\"><img decoding=\"async\" alt=\"\" src=\"https:\/\/d1i5r06pd82mff.cloudfront.net\/public\/DigitalAsset\/b90bf8f0-6bd2-e6d3-399e-d74f9f870e28\/48c35b8c4a6144dae011a50ca7d429c0\/full\/medium\/0\/default.jpg\"><\/figure><p class=\"coeli-title\">Salvador Dali<\/p><p class=\"coeli-production-actorsinrole-actors\">Alex. Reid &#038; Lefevre<\/p><p class=\"coeli-production-date\">1936<\/p><\/a><\/li>\n\t\t\t\t                    <li id=\"32582\"\n                        class=\"swiper-slide s-3 t-1 m-3\"><a href=\"https:\/\/webdali.latempesta.eu\/en\/heritageobject\/32582\/\"><figure class=\"image portraitmedia-medium\"><img decoding=\"async\" alt=\"\" src=\"https:\/\/d1i5r06pd82mff.cloudfront.net\/public\/DigitalAsset\/c3ab0463-e556-073d-79b1-9292d28a444a\/d798e318b60270c76c4faca604713824\/full\/medium\/0\/default.jpg\"><\/figure><p class=\"coeli-title\">International Surrealist Exhibition<\/p><p class=\"coeli-production-actorsinrole-actors\">New Burlington Galleries<\/p><p class=\"coeli-production-date\">1936<\/p><\/a><\/li>\n\t\t\t\t                    <li id=\"30567\"\n                        class=\"swiper-slide s-3 t-1 m-3\"><a href=\"https:\/\/webdali.latempesta.eu\/en\/heritageobject\/30567\/\"><figure class=\"image portraitmedia-medium\"><img decoding=\"async\" alt=\"\" src=\"https:\/\/d1i5r06pd82mff.cloudfront.net\/public\/DigitalAsset\/81f47001-61bc-8f5f-8f5e-a4f8bc19f20b\/bf835840e5e7e82ed7f2d5e17e492ab6\/full\/medium\/0\/default.jpg\"><\/figure><p class=\"coeli-title\">Salvador Dali 1939<\/p><p class=\"coeli-production-actorsinrole-actors\">Julien Levy Gallery<\/p><p class=\"coeli-production-date\">1939<\/p><\/a><\/li>\n\t\t\t\t                    <li id=\"30560\"\n                        class=\"swiper-slide s-3 t-1 m-3\"><a href=\"https:\/\/webdali.latempesta.eu\/en\/heritageobject\/30560\/\"><figure class=\"image portraitmedia-medium\"><img decoding=\"async\" alt=\"\" src=\"https:\/\/d1i5r06pd82mff.cloudfront.net\/public\/DigitalAsset\/0870cddc-7ff4-32b4-b6e6-4f4f59ddc55b\/e86512b803415f994fdfae74fd80635f\/full\/medium\/0\/default.jpg\"><\/figure><p class=\"coeli-title\">Salvador Dal\u00ed<\/p><p class=\"coeli-production-actorsinrole-actors\">Dalzell Hatfield Galleries<\/p><p class=\"coeli-production-date\">1941<\/p><\/a><\/li>\n\t\t\t\t                    <li id=\"31033\"\n                        class=\"swiper-slide s-3 t-1 m-3\"><a href=\"https:\/\/webdali.latempesta.eu\/en\/heritageobject\/31033\/\"><figure class=\"image portraitmedia-medium\"><img decoding=\"async\" alt=\"\" src=\"https:\/\/d1i5r06pd82mff.cloudfront.net\/public\/DigitalAsset\/908c6fb9-5191-6ef2-5f66-87bb2279b15c\/20341e6887670a67d4e092156947fd50\/full\/medium\/0\/default.jpg\"><\/figure><p class=\"coeli-title\">(Invitaci\u00f3 a la confer\u00e8ncia &#8220;Gala D\u00e9soxyribonucl\u00e9iqueacide&#8221;<\/p><p class=\"coeli-production-actorsinrole-actors\">\u00c9cole Polytechnique<\/p><p class=\"coeli-production-date\">1961<\/p><\/a><\/li>\n\t\t\t\t                    <li id=\"30999\"\n                        class=\"swiper-slide s-3 t-1 m-3\"><a href=\"https:\/\/webdali.latempesta.eu\/en\/heritageobject\/30999\/\"><figure class=\"image portraitmedia-medium\"><img decoding=\"async\" alt=\"\" src=\"https:\/\/d1i5r06pd82mff.cloudfront.net\/public\/DigitalAsset\/58b26be3-9304-d9f1-f794-a7762f8776ec\/86b41e272ec95c7793ac5fa7fd5812c9\/full\/medium\/0\/default.jpg\"><\/figure><p class=\"coeli-title\">Gala<\/p><p class=\"coeli-production-actorsinrole-actors\">Teatro La Fenice<\/p><p class=\"coeli-production-date\">1961<\/p><\/a><\/li>\n\t\t\t\t                    <li id=\"31196\"\n                        class=\"swiper-slide s-3 t-1 m-3\"><a href=\"https:\/\/webdali.latempesta.eu\/en\/heritageobject\/31196\/\"><figure class=\"image portraitmedia-medium\"><img decoding=\"async\" alt=\"\" src=\"https:\/\/d1i5r06pd82mff.cloudfront.net\/public\/DigitalAsset\/cbca0df3-84e9-3f53-fdf9-03b831501d12\/599d7d5203da57a2909f882e6e43bc63\/full\/medium\/0\/default.jpg\"><\/figure><p class=\"coeli-title\">Don Juan Tenorio<\/p><p class=\"coeli-production-actorsinrole-actors\">Teatro Espa\u00f1ol<\/p><p class=\"coeli-production-date\">1964<\/p><\/a><\/li>\n\t\t\t\t                    <li id=\"31058\"\n                        class=\"swiper-slide s-3 t-1 m-3\"><a href=\"https:\/\/webdali.latempesta.eu\/en\/heritageobject\/31058\/\"><figure class=\"image portraitmedia-medium\"><img decoding=\"async\" alt=\"\" src=\"https:\/\/d1i5r06pd82mff.cloudfront.net\/public\/DigitalAsset\/b81fe566-e0e6-2770-92ef-becd19d9eae2\/fccc25e75942a4adc5ced8fbe35dbf58\/full\/medium\/0\/default.jpg\"><\/figure><p class=\"coeli-title\">Ma r\u00e9volution culturelle<\/p><p class=\"coeli-production-actorsinrole-actors\">Dal\u00ed, Salvador \u00b7 [S.n.]<\/p><p class=\"coeli-production-date\">1968<\/p><\/a><\/li>\n\t\t\t\t                    <li id=\"3168-073e\"\n                        class=\"swiper-slide s-3 t-1 m-3\"><a href=\"https:\/\/webdali.latempesta.eu\/en\/heritageobject\/3168-073e\/\"><figure class=\"coeli-portraitmedia-medium coeli-no-representation\"><img decoding=\"async\" src=\"https:\/\/upload.wikimedia.org\/wikipedia\/commons\/f\/f7\/No_Image_%282879926%29_-_The_Noun_Project.svg\" alt=\"Empty\"\/><\/figure><p class=\"coeli-title\">Museo Dal\u00ed, 1975 (dibuix del Monument a Francesc Pujols)<\/p><p class=\"coeli-production-actorsinrole-actors\">Gr\u00e0fiques Trayter<\/p><p class=\"coeli-production-date\">1975<\/p><\/a><\/li>\n\t\t\t\t            <\/ul>\n\t\t\t\t\t\t                <!-- If we need navigation buttons -->\n                <div class=\"swiper-coeli-button-prev swiper-button-prev coeli-swiper-prev-8426\"><\/div>\n                <div class=\"swiper-coeli-button-next swiper-button-next coeli-swiper-next-8426\"><\/div>\n\t\t\t        <\/div>\n\n        <script>\n            var slider_args_8426= {\n                \/\/ Optional parameters\n                direction: 'horizontal',\n                breakpoints: {\n                    640: {\n                        slidesPerView: 1,\n                        spaceBetween: 0,\n                    },\n                    768: {\n                        slidesPerView: 1,\n                        spaceBetween: 0,\n                    },\n                    1024: {\n                        slidesPerView: 3,\n                        spaceBetween: 0,\n                    },\n                },\n\t\t\t\t                autoplay: {\n                    delay: 30000000,\n                    disableOnInteraction: false,\n                },\n\t\t\t\t\t\t\t\t\t\t\t\t                speed: 300,\n\t\t\t\t                loop: false,\n                \/\/ If we need pagination\n                pagination: {\n                    el: '.swiper-pagination-8426',\n                },\n                \/\/ Navigation arrows\n                navigation: {\n                    nextEl: '.coeli-swiper-next-8426',\n                    prevEl: '.coeli-swiper-prev-8426',\n                }\n            }\n        <\/script>\n\t<\/div>\n<\/div>\n\n\n    <div  class=\"wp-block-columns swiper-column   destacat bloc-destacats \" style=\"background-image: linear-gradient(to right, white, white)\">\n        <div class=\"wp-block-column\">\n            <div id=\"swiper-69ff3bec2ce06\" class=\"swiper destacats dues\" >\n                <div class=\"swiper-wrapper\">\n\n                                            <div class=\"swiper-slide intro\">\n                            <h2>You might also be interested in<\/h2>\n                            <div class=\"descripcio\"><p>Continue exploring the documentary collections of the Gala-Salvador Dal\u00ed Foundation.<\/p>\n<\/div>\n                                                    <\/div>\n                    \n\n                    \n                        \n                        <div class=\"swiper-slide\">\n                                                            <div class=\"banner\" style=\"background-image: url(https:\/\/webdali.latempesta.eu\/wp-content\/uploads\/2025\/03\/Proovisional_Capcalera-fons-documental-755x1024.jpg)\">\n                                                                            <ul class=\"context\">\n                                            <li class=\"context__item\" aria-label=\"hidden\">                                            <\/li>\n                                        <\/ul>\n                                    \n                                    <h3 class=\"titol\">Newspaper and periodicals archive<\/h3>\n                                        \n                                    <div class=\"button fletxa\"><a href=\"https:\/\/webdali.latempesta.eu\/en\/artwork\/ced\/newspaper-and-periodicals-archive\/\">More information<\/a><\/div>\n\n                                    \n                                <\/div>\n                                                    <\/div>\n\n                    \n                        \n                        <div class=\"swiper-slide\">\n                                                            <div class=\"banner\" style=\"background-image: url(https:\/\/webdali.latempesta.eu\/wp-content\/uploads\/2025\/03\/527___3_editora_50_3_1_10201020.jpg)\">\n                                                                            <ul class=\"context\">\n                                            <li class=\"context__item\" aria-label=\"hidden\">                                            <\/li>\n                                        <\/ul>\n                                    \n                                    <h3 class=\"titol\">Audiovisual and sound documents<\/h3>\n                                        \n                                    <div class=\"button fletxa\"><a href=\"https:\/\/webdali.latempesta.eu\/en\/artwork\/ced\/documentary-collection\/audiovisual-and-sound-documents\/\">More information<\/a><\/div>\n\n                                    \n                                <\/div>\n                                                    <\/div>\n\n                    \n                        \n                        <div class=\"swiper-slide\">\n                                                            <div class=\"banner\" style=\"background-image: url(https:\/\/webdali.latempesta.eu\/wp-content\/uploads\/2025\/03\/6_editora_49_6_1_10201020.jpg)\">\n                                                                            <ul class=\"context\">\n                                            <li class=\"context__item\" aria-label=\"hidden\">                                            <\/li>\n                                        <\/ul>\n                                    \n                                    <h3 class=\"titol\">Photographs<\/h3>\n                                        \n                                    <div class=\"button fletxa\"><a href=\"https:\/\/webdali.latempesta.eu\/en\/artwork\/ced\/documentary-collection\/photographs\/\">More information<\/a><\/div>\n\n                                    \n                                <\/div>\n                                                    <\/div>\n\n                    \n                        \n                        <div class=\"swiper-slide\">\n                                                            <div class=\"banner\" style=\"background-image: url(https:\/\/webdali.latempesta.eu\/wp-content\/uploads\/2025\/03\/523___5_ghyka_editora_46_6_1_10201020.jpg)\">\n                                                                            <ul class=\"context\">\n                                            <li class=\"context__item\" aria-label=\"hidden\">                                            <\/li>\n                                        <\/ul>\n                                    \n                                    <h3 class=\"titol\">Letters<\/h3>\n                                        \n                                    <div class=\"button fletxa\"><a href=\"https:\/\/webdali.latempesta.eu\/en\/artwork\/ced\/documentary-collection\/letters\/\">More information<\/a><\/div>\n\n                                    \n                                <\/div>\n                                                    <\/div>\n\n                    \n                        \n                        <div class=\"swiper-slide\">\n                                                            <div class=\"banner\" style=\"background-image: url(https:\/\/webdali.latempesta.eu\/wp-content\/uploads\/2025\/03\/4_disney_editora_45_4_1_10201020.jpg)\">\n                                                                            <ul class=\"context\">\n                                            <li class=\"context__item\" aria-label=\"hidden\">                                            <\/li>\n                                        <\/ul>\n                                    \n                                    <h3 class=\"titol\">Manuscripts<\/h3>\n                                        \n                                    <div class=\"button fletxa\"><a href=\"https:\/\/webdali.latempesta.eu\/en\/artwork\/ced\/documentary-collection\/manuscripts\/\">More information<\/a><\/div>\n\n                                    \n                                <\/div>\n                                                    <\/div>\n\n                    \n                        \n                        <div class=\"swiper-slide\">\n                                                            <div class=\"banner\" style=\"background-image: url(https:\/\/webdali.latempesta.eu\/wp-content\/uploads\/2025\/03\/Provisional_Capcalera-fons-documental.jpg)\">\n                                                                            <ul class=\"context\">\n                                            <li class=\"context__item\" aria-label=\"hidden\">                                            <\/li>\n                                        <\/ul>\n                                    \n                                    <h3 class=\"titol\">Collection from Dal\u00ed\u2019s personal library<\/h3>\n                                        \n                                    <div class=\"button fletxa\"><a href=\"https:\/\/webdali.latempesta.eu\/en\/artwork\/ced\/documentary-collection\/collection-from-dalis-personal-library\/\">More information<\/a><\/div>\n\n                                    \n                                <\/div>\n                                                    <\/div>\n\n                                    <\/div>\n                <!-- Swiper navigation buttons -->\n                <div class=\"swiper-button-prev\">\n                    <span class=\"screen-reader-text\">Previous slide<\/span>\n                <\/div>\n                <div class=\"swiper-button-next\">\n                    <span class=\"screen-reader-text\">Nest slide<\/span>\n                <\/div>\n            <\/div>\n        <\/div>\n    <\/div>\n\n\n\n<!-- Swiper JS -->\n<script src=\"https:\/\/cdn.jsdelivr.net\/npm\/swiper@11\/swiper-bundle.min.js\"><\/script>\n\n<!-- Initialize Swiper -->\n<script>\n\njQuery( document ).ready(function() {      \n\n    Tipus = 'destacat';\n\n    updateSpaceBetween();\n    spaceBetweenInicial = 60;\n    \n    if (Tipus=='intro-images' ) {\n    \/\/    spaceBetweenValueModul = 0;\n    }\n\n\n\n    console.log(\"spaceBetweenValueModul\",spaceBetweenValueModul);\n\n    var swiper = new Swiper(\"#swiper-69ff3bec2ce06\", {\n      slidesPerView: \"auto\",\n      spaceBetween: spaceBetweenInicial,\n      \tfreeMode: true,\n\t  \tbreakpoints: {\n\t        \/\/ Quan l'amplada de la pantalla sigui major a 1024px\n\t        1024: {\n\t            spaceBetween: spaceBetweenValue,\n\t        },\n\t    },\n        \/\/ Navigation arrows\n        navigation: {\n            nextEl: '.swiper-button-next',\n            prevEl: '.swiper-button-prev',\n        },\n        mousewheel: {\n            releaseOnEdges: true,\n            forceToAxis: true,\n            sensitivity:    1,\n        },\n        a11y: {\n            prevSlideMessage: 'Previous slide',\n            nextSlideMessage: 'Nest slide',\n        },\n    });\n\n\n \n\n\n    \/*\n    jQuery('.bloc-destacats').each(function() {\n        const nextDiv = jQuery(this).next('div');\n        if (nextDiv.hasClass('contingut-ampliat')) {\n            console.log('T\u00e9 .contingut-ampliat despr\u00e9s');\n            \/\/ Aqu\u00ed pots fer accions, per exemple:\n            \/\/ $nextDiv.addClass('marcat'); o $(this).append($nextDiv);\n        }\n    });\n    *\/\n})\n<\/script>\n\n","protected":false},"excerpt":{"rendered":"<p>The Centre for Dalinian Studies holds an important collection of more than 7,815 graphic documents of various types (posters, exhibition catalogues, invitations, programs, flyers\u2026), aimed at promoting events and artistic manifestations related to the figure and work of Salvador Dal\u00ed, Surrealism, and other prominent 20th-century movements. The documentary and artistic value of this collection lies [&hellip;]<\/p>\n","protected":false},"author":3,"featured_media":2239,"parent":10760,"menu_order":171,"comment_status":"closed","ping_status":"closed","template":"","meta":{"_acf_changed":false,"_coblocks_attr":"","_coblocks_dimensions":"","_coblocks_responsive_height":"","_coblocks_accordion_ie_support":"","footnotes":""},"categories":[],"tags":[],"class_list":["post-10771","page","type-page","status-publish","has-post-thumbnail","hentry"],"acf":[],"_links":{"self":[{"href":"https:\/\/webdali.latempesta.eu\/en\/wp-json\/wp\/v2\/pages\/10771","targetHints":{"allow":["GET"]}}],"collection":[{"href":"https:\/\/webdali.latempesta.eu\/en\/wp-json\/wp\/v2\/pages"}],"about":[{"href":"https:\/\/webdali.latempesta.eu\/en\/wp-json\/wp\/v2\/types\/page"}],"author":[{"embeddable":true,"href":"https:\/\/webdali.latempesta.eu\/en\/wp-json\/wp\/v2\/users\/3"}],"replies":[{"embeddable":true,"href":"https:\/\/webdali.latempesta.eu\/en\/wp-json\/wp\/v2\/comments?post=10771"}],"version-history":[{"count":0,"href":"https:\/\/webdali.latempesta.eu\/en\/wp-json\/wp\/v2\/pages\/10771\/revisions"}],"up":[{"embeddable":true,"href":"https:\/\/webdali.latempesta.eu\/en\/wp-json\/wp\/v2\/pages\/10760"}],"wp:featuredmedia":[{"embeddable":true,"href":"https:\/\/webdali.latempesta.eu\/en\/wp-json\/wp\/v2\/media\/2239"}],"wp:attachment":[{"href":"https:\/\/webdali.latempesta.eu\/en\/wp-json\/wp\/v2\/media?parent=10771"}],"wp:term":[{"taxonomy":"category","embeddable":true,"href":"https:\/\/webdali.latempesta.eu\/en\/wp-json\/wp\/v2\/categories?post=10771"},{"taxonomy":"post_tag","embeddable":true,"href":"https:\/\/webdali.latempesta.eu\/en\/wp-json\/wp\/v2\/tags?post=10771"}],"curies":[{"name":"wp","href":"https:\/\/api.w.org\/{rel}","templated":true}]}}