{"id":13033,"date":"2025-07-15T19:16:11","date_gmt":"2025-07-15T17:16:11","guid":{"rendered":"https:\/\/webdali.latempesta.eu\/?page_id=13033"},"modified":"2025-07-15T21:47:28","modified_gmt":"2025-07-15T19:47:28","slug":"download-documents","status":"publish","type":"page","link":"https:\/\/webdali.latempesta.eu\/en\/artwork\/ced\/download-documents\/","title":{"rendered":"Downloadable texts"},"content":{"rendered":"\n<div class=\"wp-block-columns facetwp-filters is-layout-flex wp-container-core-columns-is-layout-9d6595d7 wp-block-columns-is-layout-flex\">\n<div class=\"wp-block-column is-layout-flow wp-block-column-is-layout-flow\"><\/div>\n\n\n\n<div class=\"wp-block-column is-layout-flow wp-block-column-is-layout-flow\"><\/div>\n<\/div>\n\n\n<div class=\"facetwp-template\" data-name=\"textos_en_descarrega\"><ul class=\"fwpl-layout list\">\n  \t<li class=\"grid-item\">\n\n        \t\t\n        <div class=\"item-header\">\n            <figure class=\"image\"><img loading=\"lazy\" decoding=\"async\" width=\"243\" height=\"300\" src=\"https:\/\/webdali.latempesta.eu\/wp-content\/uploads\/2025\/07\/3769a_premsa_164310800474_1024-243x300.jpg\" class=\"attachment-medium size-medium wp-post-image\" alt=\"\" srcset=\"https:\/\/webdali.latempesta.eu\/wp-content\/uploads\/2025\/07\/3769a_premsa_164310800474_1024-243x300.jpg 243w, https:\/\/webdali.latempesta.eu\/wp-content\/uploads\/2025\/07\/3769a_premsa_164310800474_1024-828x1024.jpg 828w, https:\/\/webdali.latempesta.eu\/wp-content\/uploads\/2025\/07\/3769a_premsa_164310800474_1024-768x950.jpg 768w, https:\/\/webdali.latempesta.eu\/wp-content\/uploads\/2025\/07\/3769a_premsa_164310800474_1024.jpg 1024w\" sizes=\"auto, (max-width: 243px) 100vw, 243px\" \/><\/figure>\n\n        <\/div>\n        <div class=\"item-content\">\n            <a href=\"https:\/\/webdali.latempesta.eu\/en\/artwork\/ced\/download-documents\/dali-i-am-surrealism-timeless-landscapes\/\"><div class=\"title\">Dal\u00ed: \u201cI am surrealism!\u201d  Timeless Landscapes<\/div><\/a>\n\n\n            <div class=\"item-data\">\n                                        <p class=\"autoria\">Departament de conservaci\u00f3 i restauraci\u00f3, Centre d'Estudis Dalinians<\/p>\n                                        <p class=\"publicacio\">www.salvador-dali.org, 2021<\/p>\n                        <\/div>\n            <div class=\"excerpt\">THE EXHIBITION L&#8217;acqua ch&#8217;io prendo gi\u00e0 mai non si corse This exhibition The Divine Comedy by Dante Alighieri illustrated by Salvador Dal\u00ed is presented exceptionally with a selection of little-known, though thematically related, drawings on the 700th anniversary of the death of the illustrious Florentine poet and philosopher. Dante was expelled from Florence in 1302. [&hellip;]<\/div>\n        <\/div>\n\t\t\n\t<\/li>\n\t\n  \t<li class=\"grid-item\">\n\n        \t\t\n        <div class=\"item-header\">\n            <figure class=\"image\"><img loading=\"lazy\" decoding=\"async\" width=\"279\" height=\"300\" src=\"https:\/\/webdali.latempesta.eu\/wp-content\/uploads\/2025\/07\/portada_dossier_prova_3_159427878072_1024-279x300.jpg\" class=\"attachment-medium size-medium wp-post-image\" alt=\"\" srcset=\"https:\/\/webdali.latempesta.eu\/wp-content\/uploads\/2025\/07\/portada_dossier_prova_3_159427878072_1024-279x300.jpg 279w, https:\/\/webdali.latempesta.eu\/wp-content\/uploads\/2025\/07\/portada_dossier_prova_3_159427878072_1024.jpg 598w\" sizes=\"auto, (max-width: 279px) 100vw, 279px\" \/><\/figure>\n\n        <\/div>\n        <div class=\"item-content\">\n            <a href=\"https:\/\/webdali.latempesta.eu\/en\/artwork\/ced\/download-documents\/dali-i-am-surrealism-timeless-landscapes-2\/\"><div class=\"title\">Dal\u00ed: \u201cI am surrealism!\u201d  Timeless Landscapes<\/div><\/a>\n\n\n            <div class=\"item-data\">\n                                        <p class=\"autoria\">Montse Aguer,Directora dels Museus Dal\u00ed, i Carme Ruiz Gonz\u00e1lez, Curadora en cap de la Fundaci\u00f3 Gala-Salvador Dal\u00ed<\/p>\n                                        <p class=\"publicacio\">www.salvador-dali.org, 2020<\/p>\n                        <\/div>\n            <div class=\"excerpt\">The surrealist Dal\u00ed landscape is real and dreamlike, photographic and melancholic, specific and paranoiac at the same time. Through the landscape he reflects in his works, we can outline Dal\u00ed&#8217;s surrealism which he defines, following Andr\u00e9 Breton, as: &#8220;Surrealism: psychic automatism, by means of which it is proposed to express, be it through writing, verbally [&hellip;]<\/div>\n        <\/div>\n\t\t\n\t<\/li>\n\t\n  \t<li class=\"grid-item\">\n\n        \t\t\n        <div class=\"item-header\">\n            <figure class=\"image\"><img loading=\"lazy\" decoding=\"async\" width=\"252\" height=\"300\" src=\"https:\/\/webdali.latempesta.eu\/wp-content\/uploads\/2025\/07\/autoretrat_tou_1460037344_1024-252x300.jpg\" class=\"attachment-medium size-medium wp-post-image\" alt=\"\" srcset=\"https:\/\/webdali.latempesta.eu\/wp-content\/uploads\/2025\/07\/autoretrat_tou_1460037344_1024-252x300.jpg 252w, https:\/\/webdali.latempesta.eu\/wp-content\/uploads\/2025\/07\/autoretrat_tou_1460037344_1024.jpg 276w\" sizes=\"auto, (max-width: 252px) 100vw, 252px\" \/><\/figure>\n\n        <\/div>\n        <div class=\"item-content\">\n            <a href=\"https:\/\/webdali.latempesta.eu\/en\/artwork\/ced\/download-documents\/dali-and-the-ant-face-to-face-with-the-superior-being\/\"><div class=\"title\">Dal\u00ed and the ant: face to face with the superior being<\/div><\/a>\n\n\n            <div class=\"item-data\">\n                                        <p class=\"autoria\">Fiona Mata i Cuca R.Costa. Centre d'Estudis Dalinians. Fundaci\u00f3 Gala-Salvador Dal\u00ed.<\/p>\n                                        <p class=\"publicacio\">La Torre Ferrera, revista semestral de Mont-Ras, n\u00famero 16, desembre 2015, p. 21-23, 25, 2015<\/p>\n                        <\/div>\n            <div class=\"excerpt\">To refer to Salvador Dal\u00ed and animals is to identify one of the prevailing iconographic motifs of his works, as already observed in one of his early paintings from 1915, when he was only eleven years old. The artist&#8217;s compositions doesn&#8217;t only feature cats, dogs, birds and fish, but also increasingly more exotic animals such [&hellip;]<\/div>\n        <\/div>\n\t\t\n\t<\/li>\n\t\n  \t<li class=\"grid-item\">\n\n        \t\t\n        <div class=\"item-header\">\n            <figure class=\"image\"><img loading=\"lazy\" decoding=\"async\" width=\"228\" height=\"300\" src=\"https:\/\/webdali.latempesta.eu\/wp-content\/uploads\/2025\/07\/3731dalipitxot_editora_84_18_1_1024-228x300.jpg\" class=\"attachment-medium size-medium wp-post-image\" alt=\"\" srcset=\"https:\/\/webdali.latempesta.eu\/wp-content\/uploads\/2025\/07\/3731dalipitxot_editora_84_18_1_1024-228x300.jpg 228w, https:\/\/webdali.latempesta.eu\/wp-content\/uploads\/2025\/07\/3731dalipitxot_editora_84_18_1_1024.jpg 365w\" sizes=\"auto, (max-width: 228px) 100vw, 228px\" \/><\/figure>\n\n        <\/div>\n        <div class=\"item-content\">\n            <a href=\"https:\/\/webdali.latempesta.eu\/en\/artwork\/ced\/download-documents\/dali-and-pitxot-press-and-magazine-bibliography\/\"><div class=\"title\">Dal\u00ed and Pitxot. Press and Magazine Bibliography<\/div><\/a>\n\n\n            <div class=\"item-data\">\n                                        <p class=\"autoria\">Centre d'Estudis Dalinians. Fundaci\u00f3 Gala-Salvador Dal\u00ed<\/p>\n                                        <p class=\"publicacio\">Dal\u00ed i Pitxot. L&#039;al\u00b7legoria de la mem\u00f2ria, 2014<\/p>\n                        <\/div>\n            <div class=\"excerpt\">Bibliography compiled in occasion of the exhibition Dal\u00ed and Pitxot. The Allegory of the Memory opened at the  Gala Dal\u00ed Castle in P\u00fabol from March 14th 2014 to January 6th 2015. Pdf available in catalan.<\/div>\n        <\/div>\n\t\t\n\t<\/li>\n\t\n  \t<li class=\"grid-item\">\n\n        \t\t\n        <div class=\"item-header\">\n            <figure class=\"image\"><img loading=\"lazy\" decoding=\"async\" width=\"300\" height=\"300\" src=\"https:\/\/webdali.latempesta.eu\/wp-content\/uploads\/2025\/07\/d28176_editora_84_17_1_1024-300x300.jpg\" class=\"attachment-medium size-medium wp-post-image\" alt=\"\" srcset=\"https:\/\/webdali.latempesta.eu\/wp-content\/uploads\/2025\/07\/d28176_editora_84_17_1_1024-300x300.jpg 300w, https:\/\/webdali.latempesta.eu\/wp-content\/uploads\/2025\/07\/d28176_editora_84_17_1_1024-150x150.jpg 150w, https:\/\/webdali.latempesta.eu\/wp-content\/uploads\/2025\/07\/d28176_editora_84_17_1_1024-768x768.jpg 768w, https:\/\/webdali.latempesta.eu\/wp-content\/uploads\/2025\/07\/d28176_editora_84_17_1_1024.jpg 1000w\" sizes=\"auto, (max-width: 300px) 100vw, 300px\" \/><\/figure>\n\n        <\/div>\n        <div class=\"item-content\">\n            <a href=\"https:\/\/webdali.latempesta.eu\/en\/artwork\/ced\/download-documents\/the-portlligat-studio-and-the-others\/\"><div class=\"title\">The Portlligat Studio and the Others<\/div><\/a>\n\n\n            <div class=\"item-data\">\n                                        <p class=\"autoria\">Montse Aguer <br\/>Directora del Centre d'Estudis Dalinians. Fundaci\u00f3 Gala-Salvador Dal\u00ed.<\/p>\n                                        <p class=\"publicacio\">Dal\u00ed i els seus tallers, 2013<\/p>\n                        <\/div>\n            <div class=\"excerpt\">Salvador Dal\u00ed, admirer and connoisseur of the tradition of western painting and the great masters, and author of the treatise 50 Secrets of Magic Craftsmanship, attached great importance to the space of creation and imagination that is the artist&#8217;s studio. The studio is also a sacred space, which ends up being permeated by the presence [&hellip;]<\/div>\n        <\/div>\n\t\t\n\t<\/li>\n\t\n  \t<li class=\"grid-item\">\n\n        \t\t\n        <div class=\"item-header\">\n            <figure class=\"image\"><img loading=\"lazy\" decoding=\"async\" width=\"251\" height=\"300\" src=\"https:\/\/webdali.latempesta.eu\/wp-content\/uploads\/2025\/07\/nuevo_doc_22_1_editora_84_14_1_1024-251x300.jpg\" class=\"attachment-medium size-medium wp-post-image\" alt=\"\" srcset=\"https:\/\/webdali.latempesta.eu\/wp-content\/uploads\/2025\/07\/nuevo_doc_22_1_editora_84_14_1_1024-251x300.jpg 251w, https:\/\/webdali.latempesta.eu\/wp-content\/uploads\/2025\/07\/nuevo_doc_22_1_editora_84_14_1_1024-858x1024.jpg 858w, https:\/\/webdali.latempesta.eu\/wp-content\/uploads\/2025\/07\/nuevo_doc_22_1_editora_84_14_1_1024-768x917.jpg 768w, https:\/\/webdali.latempesta.eu\/wp-content\/uploads\/2025\/07\/nuevo_doc_22_1_editora_84_14_1_1024.jpg 992w\" sizes=\"auto, (max-width: 251px) 100vw, 251px\" \/><\/figure>\n\n        <\/div>\n        <div class=\"item-content\">\n            <a href=\"https:\/\/webdali.latempesta.eu\/en\/artwork\/ced\/download-documents\/chronology-of-dali-in-italy\/\"><div class=\"title\">Chronology of Dal\u00ed in Italy<\/div><\/a>\n\n\n            <div class=\"item-data\">\n                                        <p class=\"autoria\">Rosa Maria Maurelli Lucia MoniCentre d'Estudis Dalinians. Fundaci\u00f3 Gala-Salvador Dal\u00ed<\/p>\n                                    <\/div>\n            <div class=\"excerpt\">Chronology compiled because of the temporary exhibition Dal\u00ed, an artist a genius which to place in Rome, at the Complesso Monumentale del Vittoriano, from the 9th of March until the 1st of July of 2012. Pdf available in spanish and italian.<\/div>\n        <\/div>\n\t\t\n\t<\/li>\n\t\n  \t<li class=\"grid-item\">\n\n        \t\t\n        <div class=\"item-header\">\n            <figure class=\"image\"><img loading=\"lazy\" decoding=\"async\" width=\"300\" height=\"243\" src=\"https:\/\/webdali.latempesta.eu\/wp-content\/uploads\/2025\/07\/3_editora_84_15_1_1024-300x243.jpg\" class=\"attachment-medium size-medium wp-post-image\" alt=\"\" srcset=\"https:\/\/webdali.latempesta.eu\/wp-content\/uploads\/2025\/07\/3_editora_84_15_1_1024-300x243.jpg 300w, https:\/\/webdali.latempesta.eu\/wp-content\/uploads\/2025\/07\/3_editora_84_15_1_1024-768x621.jpg 768w, https:\/\/webdali.latempesta.eu\/wp-content\/uploads\/2025\/07\/3_editora_84_15_1_1024.jpg 1024w\" sizes=\"auto, (max-width: 300px) 100vw, 300px\" \/><\/figure>\n\n        <\/div>\n        <div class=\"item-content\">\n            <a href=\"https:\/\/webdali.latempesta.eu\/en\/artwork\/ced\/download-documents\/dali-in-immagine-il-cinema-e-la-produzione-audiovisiva-sull-artista\/\"><div class=\"title\">Dal\u00ed in immagine. Il cinema e la produzione audiovisiva sull\u2019artista<\/div><\/a>\n\n\n            <div class=\"item-data\">\n                                        <p class=\"autoria\">Lucia Moni<br\/> Centre d'Estudis Dalinians. Fundaci\u00f3 Gala-Salvador Dal\u00ed<\/p>\n                                        <p class=\"publicacio\">Luk n\u00fam. 17, 2011<\/p>\n                        <\/div>\n            <div class=\"excerpt\">This article analyses the relationship between Dal\u00ed and cinema -as a producer, theorist, scriptwriter and stage designer- as well as the audiovisual production of other artists who, in different genres, got inspiration from the Catalan artist, whether from his personal life or artistic career. This article has been published in the Italian magazine LUK by [&hellip;]<\/div>\n        <\/div>\n\t\t\n\t<\/li>\n\t\n  \t<li class=\"grid-item\">\n\n        \t\t\n        <div class=\"item-header\">\n            <figure class=\"image\"><img loading=\"lazy\" decoding=\"async\" width=\"251\" height=\"300\" src=\"https:\/\/webdali.latempesta.eu\/wp-content\/uploads\/2025\/07\/nuevo_doc_21_1_editora_84_12_1_1024-251x300.jpg\" class=\"attachment-medium size-medium wp-post-image\" alt=\"\" srcset=\"https:\/\/webdali.latempesta.eu\/wp-content\/uploads\/2025\/07\/nuevo_doc_21_1_editora_84_12_1_1024-251x300.jpg 251w, https:\/\/webdali.latempesta.eu\/wp-content\/uploads\/2025\/07\/nuevo_doc_21_1_editora_84_12_1_1024-858x1024.jpg 858w, https:\/\/webdali.latempesta.eu\/wp-content\/uploads\/2025\/07\/nuevo_doc_21_1_editora_84_12_1_1024-768x917.jpg 768w, https:\/\/webdali.latempesta.eu\/wp-content\/uploads\/2025\/07\/nuevo_doc_21_1_editora_84_12_1_1024.jpg 992w\" sizes=\"auto, (max-width: 251px) 100vw, 251px\" \/><\/figure>\n\n        <\/div>\n        <div class=\"item-content\">\n            <a href=\"https:\/\/webdali.latempesta.eu\/en\/artwork\/ced\/download-documents\/dali-and-halsman-press-and-magazine-bibliography\/\"><div class=\"title\">Dal\u00ed and Halsman. Press and Magazine Bibliography<\/div><\/a>\n\n\n            <div class=\"item-data\">\n                                        <p class=\"autoria\">Centre d'Estudis Dalinians. Fundaci\u00f3 Gala-Salvador Dal\u00ed<\/p>\n                                        <p class=\"publicacio\">Dal\u00ed by Halsman, 2011<\/p>\n                        <\/div>\n            <div class=\"excerpt\">Bibliography collected because of the temporary exhibition Dal\u00ed by Halsman which took place at the Gala-Dal\u00ed Castle in P\u00fabol from the 19th of March until the 31st of May of 2011. Pdf available in catalan.<\/div>\n        <\/div>\n\t\t\n\t<\/li>\n\t\n  \t<li class=\"grid-item\">\n\n        \t\t\n        <div class=\"item-header\">\n            <figure class=\"image\"><img loading=\"lazy\" decoding=\"async\" width=\"251\" height=\"300\" src=\"https:\/\/webdali.latempesta.eu\/wp-content\/uploads\/2025\/07\/nuevo_doc_21_1_editora_84_13_1_1024-251x300.jpg\" class=\"attachment-medium size-medium wp-post-image\" alt=\"\" srcset=\"https:\/\/webdali.latempesta.eu\/wp-content\/uploads\/2025\/07\/nuevo_doc_21_1_editora_84_13_1_1024-251x300.jpg 251w, https:\/\/webdali.latempesta.eu\/wp-content\/uploads\/2025\/07\/nuevo_doc_21_1_editora_84_13_1_1024-858x1024.jpg 858w, https:\/\/webdali.latempesta.eu\/wp-content\/uploads\/2025\/07\/nuevo_doc_21_1_editora_84_13_1_1024-768x917.jpg 768w, https:\/\/webdali.latempesta.eu\/wp-content\/uploads\/2025\/07\/nuevo_doc_21_1_editora_84_13_1_1024.jpg 992w\" sizes=\"auto, (max-width: 251px) 100vw, 251px\" \/><\/figure>\n\n        <\/div>\n        <div class=\"item-content\">\n            <a href=\"https:\/\/webdali.latempesta.eu\/en\/artwork\/ced\/download-documents\/dali-and-halsman-books-and-catalogues-bibliography\/\"><div class=\"title\">Dal\u00ed and Halsman, Books and Catalogues Bibliography<\/div><\/a>\n\n\n            <div class=\"item-data\">\n                                        <p class=\"autoria\">Centre d'Estudis Dalinians. Fundaci\u00f3 Gala-Salvador Dal\u00ed<\/p>\n                                        <p class=\"publicacio\">Dal\u00ed by Halsman, 2011<\/p>\n                        <\/div>\n            <div class=\"excerpt\">Bibliography collected because of the temporary exhibition Dal\u00ed by Halsman which took place at the Gala-Dal\u00ed Castle in P\u00fabol from the 19th of March until the 31st of May of 2011. Pdf available in catalan.<\/div>\n        <\/div>\n\t\t\n\t<\/li>\n\t\n  \t<li class=\"grid-item\">\n\n        \t\t\n        <div class=\"item-header\">\n            <figure class=\"image\"><img loading=\"lazy\" decoding=\"async\" width=\"236\" height=\"300\" src=\"https:\/\/webdali.latempesta.eu\/wp-content\/uploads\/2025\/07\/leda_atomica_editora_84_16_1_1024-236x300.jpg\" class=\"attachment-medium size-medium wp-post-image\" alt=\"\" srcset=\"https:\/\/webdali.latempesta.eu\/wp-content\/uploads\/2025\/07\/leda_atomica_editora_84_16_1_1024-236x300.jpg 236w, https:\/\/webdali.latempesta.eu\/wp-content\/uploads\/2025\/07\/leda_atomica_editora_84_16_1_1024.jpg 581w\" sizes=\"auto, (max-width: 236px) 100vw, 236px\" \/><\/figure>\n\n        <\/div>\n        <div class=\"item-content\">\n            <a href=\"https:\/\/webdali.latempesta.eu\/en\/artwork\/ced\/download-documents\/salvador-dali-and-science-beyond-a-mere-curiosity\/\"><div class=\"title\">Salvador Dal\u00ed and science. Beyond a mere curiosity<\/div><\/a>\n\n\n            <div class=\"item-data\">\n                                        <p class=\"autoria\">Carme Ruiz. <br\/> Centre d'Estudis Dalinians. Fundaci\u00f3 Gala-Salvador Dal\u00ed<\/p>\n                                        <p class=\"publicacio\">Pasaje a la Ciencia, 2010<\/p>\n                        <\/div>\n            <div class=\"excerpt\">What do Stephen Hawking, Ramon Llull, Albert Einstein, Sigmund Freud, &#8220;Cosmic Glue&#8221;, Werner Heisenberg, Watson and Crick, Dennis Gabor and Erwin Schr\u00f6dinger have in common? The answer is simple: Salvador Dal\u00ed, a genial artist, who evolved amidst a multitude of facets, a universal Catalan who remained firmly attached to his home region, the Empord\u00e0. Salvador [&hellip;]<\/div>\n        <\/div>\n\t\t\n\t<\/li>\n\t\n  \t<li class=\"grid-item\">\n\n        \t\t\n        <div class=\"item-header\">\n            <figure class=\"image\"><img loading=\"lazy\" decoding=\"async\" width=\"222\" height=\"300\" src=\"https:\/\/webdali.latempesta.eu\/wp-content\/uploads\/2025\/07\/nuevo_doc_19_1_editora_84_11_1_1024-222x300.jpg\" class=\"attachment-medium size-medium wp-post-image\" alt=\"\" srcset=\"https:\/\/webdali.latempesta.eu\/wp-content\/uploads\/2025\/07\/nuevo_doc_19_1_editora_84_11_1_1024-222x300.jpg 222w, https:\/\/webdali.latempesta.eu\/wp-content\/uploads\/2025\/07\/nuevo_doc_19_1_editora_84_11_1_1024-757x1024.jpg 757w, https:\/\/webdali.latempesta.eu\/wp-content\/uploads\/2025\/07\/nuevo_doc_19_1_editora_84_11_1_1024-768x1039.jpg 768w, https:\/\/webdali.latempesta.eu\/wp-content\/uploads\/2025\/07\/nuevo_doc_19_1_editora_84_11_1_1024.jpg 1024w\" sizes=\"auto, (max-width: 222px) 100vw, 222px\" \/><\/figure>\n\n        <\/div>\n        <div class=\"item-content\">\n            <a href=\"https:\/\/webdali.latempesta.eu\/en\/artwork\/ced\/download-documents\/salvador-dali-and-magazines-bibliography\/\"><div class=\"title\">Salvador Dal\u00ed and magazines. Bibliography<\/div><\/a>\n\n\n            <div class=\"item-data\">\n                                        <p class=\"autoria\">Centre d'Estudis Dalinians. Fundaci\u00f3 Gala-Salvador Dal\u00ed<\/p>\n                                        <p class=\"publicacio\">Salvador Dal\u00ed i les revistes, 2008<\/p>\n                        <\/div>\n            <div class=\"excerpt\">Bibliography collected in the catalogue of the Salvador Dal\u00ed and magazines exhibition that took place at the Gala Dal\u00ed Castle in P\u00fabol from the 12 of March until the 31st of December of 2008. Pdf available in catalan.<\/div>\n        <\/div>\n\t\t\n\t<\/li>\n\t\n  \t<li class=\"grid-item\">\n\n        \t\t\n        <div class=\"item-header\">\n            <figure class=\"image\"><img loading=\"lazy\" decoding=\"async\" width=\"198\" height=\"300\" src=\"https:\/\/webdali.latempesta.eu\/wp-content\/uploads\/2025\/07\/i0010a_editora_84_9_1_1024-198x300.jpg\" class=\"attachment-medium size-medium wp-post-image\" alt=\"\" srcset=\"https:\/\/webdali.latempesta.eu\/wp-content\/uploads\/2025\/07\/i0010a_editora_84_9_1_1024-198x300.jpg 198w, https:\/\/webdali.latempesta.eu\/wp-content\/uploads\/2025\/07\/i0010a_editora_84_9_1_1024.jpg 500w\" sizes=\"auto, (max-width: 198px) 100vw, 198px\" \/><\/figure>\n\n        <\/div>\n        <div class=\"item-content\">\n            <a href=\"https:\/\/webdali.latempesta.eu\/en\/artwork\/ced\/download-documents\/portrait-of-the-adolescent-artist\/\"><div class=\"title\">Portrait of the adolescent artist<\/div><\/a>\n\n\n            <div class=\"item-data\">\n                                        <p class=\"autoria\">Cristina Jutge Centre d'Estudis Dalinians. Fundaci\u00f3 Gala-Salvador Dal\u00ed<\/p>\n                                        <p class=\"publicacio\">El Punt, 2005<\/p>\n                        <\/div>\n            <div class=\"excerpt\">September 12th, 2005 If we look at the dictionary definition of &#8220;self-portrait&#8221; we find: &#8220;A portrait of oneself  done by onself&#8221;. That is precisely what Dal\u00ed often did over the course of his life. Here I would like to focus  on the self-portraits made by the  Dal\u00ed when he was very young-the ones he painted [&hellip;]<\/div>\n        <\/div>\n\t\t\n\t<\/li>\n\t\n  <\/ul>\n<\/div>\n\n\n\n<div class=\"wp-block-columns is-layout-flex wp-container-core-columns-is-layout-9d6595d7 wp-block-columns-is-layout-flex\">\n<div class=\"wp-block-column is-layout-flow wp-block-column-is-layout-flow\"><div class=\"facetwp-facet facetwp-facet-noticies_paginacio_en facetwp-type-pager\" data-name=\"noticies_paginacio_en\" data-type=\"pager\"><\/div>\n<\/div>\n<\/div>\n","protected":false},"excerpt":{"rendered":"","protected":false},"author":1,"featured_media":13293,"parent":7658,"menu_order":0,"comment_status":"closed","ping_status":"closed","template":"","meta":{"_acf_changed":false,"_coblocks_attr":"","_coblocks_dimensions":"","_coblocks_responsive_height":"","_coblocks_accordion_ie_support":"","footnotes":""},"categories":[],"tags":[],"class_list":["post-13033","page","type-page","status-publish","has-post-thumbnail","hentry"],"acf":[],"_links":{"self":[{"href":"https:\/\/webdali.latempesta.eu\/en\/wp-json\/wp\/v2\/pages\/13033","targetHints":{"allow":["GET"]}}],"collection":[{"href":"https:\/\/webdali.latempesta.eu\/en\/wp-json\/wp\/v2\/pages"}],"about":[{"href":"https:\/\/webdali.latempesta.eu\/en\/wp-json\/wp\/v2\/types\/page"}],"author":[{"embeddable":true,"href":"https:\/\/webdali.latempesta.eu\/en\/wp-json\/wp\/v2\/users\/1"}],"replies":[{"embeddable":true,"href":"https:\/\/webdali.latempesta.eu\/en\/wp-json\/wp\/v2\/comments?post=13033"}],"version-history":[{"count":4,"href":"https:\/\/webdali.latempesta.eu\/en\/wp-json\/wp\/v2\/pages\/13033\/revisions"}],"predecessor-version":[{"id":13289,"href":"https:\/\/webdali.latempesta.eu\/en\/wp-json\/wp\/v2\/pages\/13033\/revisions\/13289"}],"up":[{"embeddable":true,"href":"https:\/\/webdali.latempesta.eu\/en\/wp-json\/wp\/v2\/pages\/7658"}],"wp:featuredmedia":[{"embeddable":true,"href":"https:\/\/webdali.latempesta.eu\/en\/wp-json\/wp\/v2\/media\/13293"}],"wp:attachment":[{"href":"https:\/\/webdali.latempesta.eu\/en\/wp-json\/wp\/v2\/media?parent=13033"}],"wp:term":[{"taxonomy":"category","embeddable":true,"href":"https:\/\/webdali.latempesta.eu\/en\/wp-json\/wp\/v2\/categories?post=13033"},{"taxonomy":"post_tag","embeddable":true,"href":"https:\/\/webdali.latempesta.eu\/en\/wp-json\/wp\/v2\/tags?post=13033"}],"curies":[{"name":"wp","href":"https:\/\/api.w.org\/{rel}","templated":true}]}}