{"id":7317,"date":"2025-05-27T09:20:06","date_gmt":"2025-05-27T07:20:06","guid":{"rendered":"https:\/\/webdali.latempesta.eu\/credits\/"},"modified":"2025-07-01T16:18:58","modified_gmt":"2025-07-01T14:18:58","slug":"credits","status":"publish","type":"page","link":"https:\/\/webdali.latempesta.eu\/en\/credits\/","title":{"rendered":"Credits"},"content":{"rendered":"\n<div class=\"wp-block-columns global-column is-layout-flex wp-container-core-columns-is-layout-9d6595d7 wp-block-columns-is-layout-flex\">\n<div class=\"wp-block-column is-layout-flow wp-block-column-is-layout-flow\">\n<p><strong>All images included on this website are the property of the Gala-Salvador Dal\u00ed Foundation and are protected by international intellectual property and copyright laws:<\/strong><\/p>\n\n\n\n<p>Copying, reproduction, and public communication are prohibited.<\/p>\n\n\n\n<p>Sale or rental is prohibited.<\/p>\n\n\n\n<p>Distribution, extraction, transmission, and storage in any form or medium are prohibited without prior written authorization from the Gala-Salvador Dal\u00ed Foundation.<\/p>\n\n\n\n<p>If you would like information about reproduction rights for the works or photographs, please contact us at: <strong><a>gerencia@fundaciodali.org<\/a><\/strong>.<\/p>\n\n\n\n<p><strong>For the works of Salvador Dal\u00ed:<\/strong><\/p>\n\n\n\n<p>\u00a9 Salvador Dal\u00ed, Gala-Salvador Dal\u00ed Foundation, VEGAP, 2025.<br>Images by Mart\u00ed Gasull and Black &amp; White Ltd.<\/p>\n\n\n\n<p><strong>For photographs of Salvador Dal\u00ed:<\/strong><\/p>\n\n\n\n<p>Image rights of Salvador Dal\u00ed reserved. \u00a9 Gala-Salvador Dal\u00ed Foundation, Figueres, 2025.<\/p>\n\n\n\n<p>\u00a9 Catal\u00e0 Roca, Miserachs, Melit\u00f3 Casals \u201cMeli\u201d, Batlles Compte, Oriol Maspons, Carl van Vechten, Philippe Halsman \u2013 Halsman Estate.<\/p>\n\n\n\n<p><strong>For photographs of Gala:<\/strong><\/p>\n\n\n\n<p>\u00a9 Centelles, VEGAP, Girona 2025.<\/p>\n\n\n\n<p><strong>For photographs of the Dal\u00ed museums and landscapes:<\/strong><\/p>\n\n\n\n<p>Jordi Puig and Yvonne Heinert.<\/p>\n\n\n\n<p><strong>Web development and project management:<\/strong><\/p>\n\n\n\n<p><a href=\"https:\/\/latempesta.cc\/en\">La Tempesta: Digital for culture<\/a><\/p>\n\n\n\n<p><strong>Web design:<\/strong><\/p>\n\n\n\n<p>Edditio<\/p>\n\n\n\n<p><\/p>\n<\/div>\n<\/div>\n\n\n\n<div style=\"height:200px\" aria-hidden=\"true\" class=\"wp-block-spacer\"><\/div>\n","protected":false},"excerpt":{"rendered":"<p>All images included on this website are the property of the Gala-Salvador Dal\u00ed Foundation and are protected by international intellectual property and copyright laws: Copying, reproduction, and public communication are prohibited. Sale or rental is prohibited. Distribution, extraction, transmission, and storage in any form or medium are prohibited without prior written authorization from the Gala-Salvador [&hellip;]<\/p>\n","protected":false},"author":1,"featured_media":0,"parent":0,"menu_order":0,"comment_status":"closed","ping_status":"closed","template":"","meta":{"_acf_changed":false,"_coblocks_attr":"","_coblocks_dimensions":"","_coblocks_responsive_height":"","_coblocks_accordion_ie_support":"","footnotes":""},"categories":[],"tags":[],"class_list":["post-7317","page","type-page","status-publish","hentry"],"acf":[],"_links":{"self":[{"href":"https:\/\/webdali.latempesta.eu\/en\/wp-json\/wp\/v2\/pages\/7317","targetHints":{"allow":["GET"]}}],"collection":[{"href":"https:\/\/webdali.latempesta.eu\/en\/wp-json\/wp\/v2\/pages"}],"about":[{"href":"https:\/\/webdali.latempesta.eu\/en\/wp-json\/wp\/v2\/types\/page"}],"author":[{"embeddable":true,"href":"https:\/\/webdali.latempesta.eu\/en\/wp-json\/wp\/v2\/users\/1"}],"replies":[{"embeddable":true,"href":"https:\/\/webdali.latempesta.eu\/en\/wp-json\/wp\/v2\/comments?post=7317"}],"version-history":[{"count":0,"href":"https:\/\/webdali.latempesta.eu\/en\/wp-json\/wp\/v2\/pages\/7317\/revisions"}],"wp:attachment":[{"href":"https:\/\/webdali.latempesta.eu\/en\/wp-json\/wp\/v2\/media?parent=7317"}],"wp:term":[{"taxonomy":"category","embeddable":true,"href":"https:\/\/webdali.latempesta.eu\/en\/wp-json\/wp\/v2\/categories?post=7317"},{"taxonomy":"post_tag","embeddable":true,"href":"https:\/\/webdali.latempesta.eu\/en\/wp-json\/wp\/v2\/tags?post=7317"}],"curies":[{"name":"wp","href":"https:\/\/api.w.org\/{rel}","templated":true}]}}