{"id":7544,"date":"2025-05-27T15:27:31","date_gmt":"2025-05-27T13:27:31","guid":{"rendered":"https:\/\/webdali.latempesta.eu\/educacio-i-activitats\/servei-educatiu-2\/"},"modified":"2025-07-02T15:43:36","modified_gmt":"2025-07-02T13:43:36","slug":"educational-service","status":"publish","type":"page","link":"https:\/\/webdali.latempesta.eu\/en\/education-and-activities\/educational-service\/","title":{"rendered":"Educational Service"},"content":{"rendered":"    <div  class=\"wp-block-columns swiper-column   destacat bloc-destacats \" style=\"background-image: linear-gradient(to right, white, white)\">\n        <div class=\"wp-block-column\">\n            <div id=\"swiper-69ff2dfc0bfdd\" class=\"swiper destacats dues\" >\n                <div class=\"swiper-wrapper\">\n\n                                            <div class=\"swiper-slide intro\">\n                            <h2>Discover the catalog of educational activities<\/h2>\n                            <div class=\"descripcio\"><p>In this space, you&#8217;ll find school programs, guided tours, special experiences, and activities for all audiences. Whether you&#8217;re a student, a regular visitor, or a casual visitor, itineraries and activities await you here to explore the museum&#8217;s heritage in a unique way. Stay tuned for new initiatives and experiences to enjoy the museum like never before!<\/p>\n<div class=\"button fletxa\"><a href=\"https:\/\/webdali.latempesta.eu\/en\/education-and-activities\/educational-service\/catalog-of-educational-activities\/\">Check out the catalog of educational activities<\/a><\/div>\n<\/div>\n                                                    <\/div>\n                    \n\n                    \n                        \n                        <div class=\"swiper-slide\">\n                                                            <div class=\"banner\" style=\"background-image: url(https:\/\/webdali.latempesta.eu\/wp-content\/uploads\/2025\/05\/vida-secreta-castell-1024x680.jpg)\">\n                                                                            <ul class=\"context\">\n                                            <li class=\"context__item\" aria-label=\"hidden\">Gala Dal\u00ed Castle<br>                                            <\/li>\n                                        <\/ul>\n                                    \n                                    <h3 class=\"titol\">Salvador Dal\u00ed in P\u00fabol: a secret life in the Castle<\/h3>\n                                        \n                                    <div class=\"button fletxa\"><a href=\"https:\/\/webdali.latempesta.eu\/en\/education-and-activities\/activity\/salvador-dali-in-pubol-a-secret-life-in-the-castle\/\">More information<\/a><\/div>\n\n                                    \n                                <\/div>\n                                                    <\/div>\n\n                    \n                        \n                        <div class=\"swiper-slide\">\n                                                            <div class=\"banner\" style=\"background-image: url(https:\/\/webdali.latempesta.eu\/wp-content\/uploads\/2025\/05\/surrealitzat-1024x790.jpg)\">\n                                                                            <ul class=\"context\">\n                                            <li class=\"context__item\" aria-label=\"hidden\">Dal\u00ed Theatre-Museum<br>                                            <\/li>\n                                        <\/ul>\n                                    \n                                    <h3 class=\"titol\">Surrealize yourself!<\/h3>\n                                        \n                                    <div class=\"button reserve\"><a href=\"https:\/\/webdali.latempesta.eu\/en\/education-and-activities\/activity\/surrealize-yourself\/\">Reserve<\/a><\/div>\n\n                                    \n                                <\/div>\n                                                    <\/div>\n\n                    \n                        \n                        <div class=\"swiper-slide\">\n                                                            <div class=\"banner\" style=\"background-image: url(https:\/\/webdali.latempesta.eu\/wp-content\/uploads\/2025\/04\/i0050_153389633482_800.jpg)\">\n                                                                            <ul class=\"context\">\n                                            <li class=\"context__item\" aria-label=\"hidden\">Dal\u00ed Theatre-Museum<br>                                            <\/li>\n                                        <\/ul>\n                                    \n                                    <h3 class=\"titol\">Let&#8217;s treasure hunt!<\/h3>\n                                        \n                                    <div class=\"button fletxa\"><a href=\"https:\/\/webdali.latempesta.eu\/en\/education-and-activities\/activity\/treasure-hunt\/\">More information<\/a><\/div>\n\n                                    \n                                <\/div>\n                                                    <\/div>\n\n                    \n                        \n                        <div class=\"swiper-slide\">\n                                                            <div class=\"banner\" style=\"background-image: url(https:\/\/webdali.latempesta.eu\/wp-content\/uploads\/2025\/04\/i0226retallada_153389515582_800.jpg)\">\n                                                                            <ul class=\"context\">\n                                            <li class=\"context__item\" aria-label=\"hidden\">Dal\u00ed Theatre-Museum<br>                                            <\/li>\n                                        <\/ul>\n                                    \n                                    <h3 class=\"titol\">Surrealist Animals!<\/h3>\n                                        \n                                    <div class=\"button fletxa\"><a href=\"https:\/\/webdali.latempesta.eu\/en\/education-and-activities\/activity\/surrealist-animals\/\">More information<\/a><\/div>\n\n                                    \n                                <\/div>\n                                                    <\/div>\n\n                                    <\/div>\n                <!-- Swiper navigation buttons -->\n                <div class=\"swiper-button-prev\">\n                    <span class=\"screen-reader-text\">Previous slide<\/span>\n                <\/div>\n                <div class=\"swiper-button-next\">\n                    <span class=\"screen-reader-text\">Nest slide<\/span>\n                <\/div>\n            <\/div>\n        <\/div>\n    <\/div>\n\n\n\n<!-- Swiper JS -->\n<script src=\"https:\/\/cdn.jsdelivr.net\/npm\/swiper@11\/swiper-bundle.min.js\"><\/script>\n\n<!-- Initialize Swiper -->\n<script>\n\njQuery( document ).ready(function() {      \n\n    Tipus = 'destacat';\n\n    updateSpaceBetween();\n    spaceBetweenInicial = 60;\n    \n    if (Tipus=='intro-images' ) {\n    \/\/    spaceBetweenValueModul = 0;\n    }\n\n\n\n    console.log(\"spaceBetweenValueModul\",spaceBetweenValueModul);\n\n    var swiper = new Swiper(\"#swiper-69ff2dfc0bfdd\", {\n      slidesPerView: \"auto\",\n      spaceBetween: spaceBetweenInicial,\n      \tfreeMode: true,\n\t  \tbreakpoints: {\n\t        \/\/ Quan l'amplada de la pantalla sigui major a 1024px\n\t        1024: {\n\t            spaceBetween: spaceBetweenValue,\n\t        },\n\t    },\n        \/\/ Navigation arrows\n        navigation: {\n            nextEl: '.swiper-button-next',\n            prevEl: '.swiper-button-prev',\n        },\n        mousewheel: {\n            releaseOnEdges: true,\n            forceToAxis: true,\n            sensitivity:    1,\n        },\n        a11y: {\n            prevSlideMessage: 'Previous slide',\n            nextSlideMessage: 'Nest slide',\n        },\n    });\n\n\n \n\n\n    \/*\n    jQuery('.bloc-destacats').each(function() {\n        const nextDiv = jQuery(this).next('div');\n        if (nextDiv.hasClass('contingut-ampliat')) {\n            console.log('T\u00e9 .contingut-ampliat despr\u00e9s');\n            \/\/ Aqu\u00ed pots fer accions, per exemple:\n            \/\/ $nextDiv.addClass('marcat'); o $(this).append($nextDiv);\n        }\n    });\n    *\/\n})\n<\/script>\n\n\n\n\n<div class=\"wp-block-columns global-column is-layout-flex wp-container-core-columns-is-layout-9d6595d7 wp-block-columns-is-layout-flex\">\n<div class=\"wp-block-column is-layout-flow wp-block-column-is-layout-flow\">\n<figure class=\"wp-block-pullquote\"><blockquote><p><em><em>I don&#8217;t know when I play and when I work<\/em><\/em>.<\/p><cite>Salvador Dal\u00ed<\/cite><\/blockquote><\/figure>\n<\/div>\n<\/div>\n\n\n\n<div class=\"wp-block-columns col-text col-2 is-layout-flex wp-container-core-columns-is-layout-9d6595d7 wp-block-columns-is-layout-flex\">\n<div class=\"wp-block-column is-layout-flow wp-block-column-is-layout-flow\">\n<h2 class=\"wp-block-heading\">Educa Dal\u00ed<\/h2>\n<\/div>\n\n\n\n<div class=\"wp-block-column is-layout-flow wp-block-column-is-layout-flow\">\n<p>Educa Dal\u00ed is the name by which the Foundation&#8217;s Educational Service is known. It is a service aimed at school groups (preschool, primary, secondary, high school, training cycles) and also at adult schools, special education, school exchanges, art education, etc. It offers an advisory service and coordination of visits to the 3 Dal\u00ed museums (Dal\u00ed Theatre-Museum in Figueres, Gala Dal\u00ed Castle in P\u00fabol and Salvador Dal\u00ed House in Portlligat), as well as a complete program of guided tours.<\/p>\n<\/div>\n<\/div>\n\n\n\n<div class=\"wp-block-columns col-text col-2 is-layout-flex wp-container-core-columns-is-layout-9d6595d7 wp-block-columns-is-layout-flex\">\n<div class=\"wp-block-column is-layout-flow wp-block-column-is-layout-flow\">\n<h2 class=\"wp-block-heading\">Information of interest<\/h2>\n<\/div>\n\n\n\n<div class=\"wp-block-column is-layout-flow wp-block-column-is-layout-flow\">\n<div class=\"wp-block-coblocks-accordion acordio\">\n<div class=\"wp-block-coblocks-accordion-item\"><details><summary class=\"wp-block-coblocks-accordion-item__title\">Educational visits and curriculum integration<\/summary><div class=\"wp-block-coblocks-accordion-item__content\">\n<p>The content of the visits is completely adapted to the different educational levels through a discourse that is at once imaginative, playful, rigorous and coherent. With highly participatory proposals, we want to provide teachers and students with the right tools for the study of one of the most significant artists of the 20th century. The corners of the Dal\u00ed Theatre-Museum in Figueres and the Gala Dal\u00ed Castle in P\u00fabol become privileged spaces for the discovery of the artist. They are carried out in several languages: Catalan, Spanish, French and English.<\/p>\n\n\n\n<p>The program offered by the Educational Service has the academic supervision of the <a href=\"https:\/\/webdali.latempesta.eu\/en\/artwork\/ced\/\"><strong>Center for Dalinian Studies<\/strong><\/a>.<\/p>\n<\/div><\/details><\/div>\n\n\n\n<div class=\"wp-block-coblocks-accordion-item\"><details><summary class=\"wp-block-coblocks-accordion-item__title\">Pricing<\/summary><div class=\"wp-block-coblocks-accordion-item__content\">\n<p><strong>Museums Entrance:<\/strong><\/p>\n\n\n\n<ul class=\"wp-block-list\">\n<li>Students up to 3rd grade: free admission.<\/li>\n\n\n\n<li>Children from 4th grade:\n<ul class=\"wp-block-list\">\n<li>Theater \u2013 Dal\u00ed Museum: \u20ac6.50<\/li>\n\n\n\n<li>Gala Dal\u00ed Castle: \u20ac6\u00a0<\/li>\n<\/ul>\n<\/li>\n<\/ul>\n\n\n\n<ul class=\"wp-block-list\">\n<li>Teachers: one free teacher for every ten students.<\/li>\n\n\n\n<li>*Teachers who wish to visit our Museums in advance to prepare a school visit or a project related to Salvador Dal\u00ed can send a request from the school to the <a href=\"mailto:ciazzini@fundaciodali.org\">educational service<\/a>.<\/li>\n<\/ul>\n\n\n\n<p><strong>Educational visit:<\/strong><\/p>\n\n\n\n<ul class=\"wp-block-list\">\n<li>Educational visit (Catalan and Spanish): \u20ac125 per guided group*<\/li>\n<\/ul>\n\n\n\n<ul class=\"wp-block-list\">\n<li>Educational visit (other languages): \u20ac150 per guided group*<\/li>\n<\/ul>\n\n\n\n<p>*Each guided group has a maximum of twenty-five people.<\/p>\n\n\n\n<p>Check out the Indika program grants from the Girona Provincial Council to schools in the region <a href=\"http:\/\/www.programespedagogics.cat\">www.programespedagogics.cat<\/a>. <\/p>\n\n\n\n<p>Entrance to the Dal\u00ed museums is free for school groups in Figueres, Cadaqu\u00e9s and La Pera \u2013 P\u00fabol.<\/p>\n<\/div><\/details><\/div>\n\n\n\n<div class=\"wp-block-coblocks-accordion-item\"><details><summary class=\"wp-block-coblocks-accordion-item__title\">Public programs and grants<\/summary><div class=\"wp-block-coblocks-accordion-item__content\">\n<p><strong>Programs and grants for schools<\/strong><\/p>\n\n\n\n<p>The Gala-Salvador Dal\u00ed Foundation promotes various programs and grants to bring Dal\u00ed&#8217;s art and heritage closer to educational centers. Check out the options available below depending on the location and characteristics of your center.<\/p>\n\n\n\n<div style=\"height:25px\" aria-hidden=\"true\" class=\"wp-block-spacer\"><\/div>\n\n\n\n<figure class=\"wp-block-image size-thumbnail\"><img loading=\"lazy\" decoding=\"async\" width=\"150\" height=\"150\" src=\"https:\/\/webdali.latempesta.eu\/wp-content\/uploads\/2025\/05\/indika-150x150.jpg\" alt=\"\" class=\"wp-image-6711\" srcset=\"https:\/\/webdali.latempesta.eu\/wp-content\/uploads\/2025\/05\/indika-150x150.jpg 150w, https:\/\/webdali.latempesta.eu\/wp-content\/uploads\/2025\/05\/indika.jpg 200w\" sizes=\"auto, (max-width: 150px) 100vw, 150px\" \/><\/figure>\n\n\n\n<div style=\"height:25px\" aria-hidden=\"true\" class=\"wp-block-spacer\"><\/div>\n\n\n\n<p><strong><u>Indika Program \u2013 For schools in the Girona region<\/u><\/strong><\/p>\n\n\n\n<p>The Dal\u00ed Foundation collaborates with the <a href=\"http:\/\/www.programespedagogics.cat\/\">Indika <\/a>program, promoted by the Girona Provincial Council, which offers <strong>subsidies for educational activities at the Dal\u00ed Museums.<\/strong><\/p>\n\n\n\n<p><strong>Prices for Indika activities at the Dal\u00ed Museums:<\/strong><\/p>\n\n\n\n<p>Price\/student Indika activity<\/p>\n\n\n\n<ul class=\"wp-block-list\">\n<li>Original price: \u20ac6.00\/student<\/li>\n<\/ul>\n\n\n\n<ul class=\"wp-block-list\">\n<li>Price with subsidy applied: \u20ac3.50\/student<\/li>\n<\/ul>\n\n\n\n<p>*This price does not include the price of admission to the museums.<\/p>\n\n\n\n<p><strong>Available visits:<\/strong><br>Dal\u00ed Theatre-Museum: from November to February<br>Gala Dal\u00ed Castle in P\u00fabol: from September to June<\/p>\n\n\n\n<p><strong>Educational centers in the Dalinian Triangle (Figueres, P\u00fabol and Cadaqu\u00e9s)<\/strong><br>Educational centers in the Dalinian Triangle (Figueres, La Pera-P\u00fabol and Cadaqu\u00e9s) can benefit from the following special conditions:<\/p>\n\n\n\n<p><strong>Museums Entrance<\/strong><br>Free access to the three Dal\u00ed museums (within the framework of a school trip)<\/p>\n\n\n\n<p><strong>Educational tour<\/strong><br>Up to 2 free guided tours per school year at the Dal\u00ed Theatre-Museum in Figueres<br>Up to 2 free guided tours per school year at the Gala Dal\u00ed Castle in P\u00fabol.<\/p>\n\n\n\n<p><strong>Educational centers of maximum complexity<\/strong><br>The Dal\u00ed Foundation is committed to bringing culture closer to everyone. To this end, it offers specific grants to educational centers of high or maximum complexity, with preferential conditions:<\/p>\n\n\n\n<p><strong>Museum Entrance<\/strong><\/p>\n\n\n\n<ul class=\"wp-block-list\">\n<li>Free access to the three Dal\u00ed museums (as part of a school trip).<\/li>\n\n\n\n<li>Up to 4 free guided tours per school year.<\/li>\n<\/ul>\n\n\n\n<p><strong>How to access it?<\/strong><br>An official certificate from the school that accredits the condition of complexity must be sent to: <a href=\"mailto:ciazzini@fundaciodali.org\">educational service<\/a>.<\/p>\n<\/div><\/details><\/div>\n\n\n\n<div class=\"wp-block-coblocks-accordion-item\"><details><summary class=\"wp-block-coblocks-accordion-item__title\">Groups with special needs<\/summary><div class=\"wp-block-coblocks-accordion-item__content\">\n<p><strong>Accessibility and attention to diversity<\/strong><br>If your school group includes students with special educational needs, we would appreciate it if you would contact the Educational Service in advance. This will allow us to adapt the contents and organize the visit to ensure an enriching educational experience for everyone.<\/p>\n\n\n\n<p><strong>Accessibility at the Dal\u00ed Theatre-Museum:<\/strong><br>This space is partially accessible for people with reduced mobility. If there are any students in your group with these needs, it is very important that you let us know in advance so that we can prepare the most appropriate route and offer the best visiting conditions.<\/p>\n\n\n\n<p>For any queries or to coordinate the visit, contact the <a href=\"mailto:ciazzini@fundaciodali.org\">Educational Service<\/a>.<strong><br><br><\/strong><\/p>\n<\/div><\/details><\/div>\n\n\n\n<div class=\"wp-block-coblocks-accordion-item\"><details><summary class=\"wp-block-coblocks-accordion-item__title\">Practical advice<\/summary><div class=\"wp-block-coblocks-accordion-item__content\">\n<p><strong><u>Before the visit<\/u><\/strong><\/p>\n\n\n\n<ul class=\"wp-block-list\">\n<li><strong>Best time to visit:<\/strong><br>The Dal\u00ed Theatre-Museum is one of the most visited museums in Spain. To avoid crowds, we recommend scheduling your visit between October and February, especially for children and primary school groups. In high season, prioritize afternoon hours.<\/li>\n\n\n\n<li><strong>Reservation of visits<\/strong>:<br>After sending the request form, our reservations department will propose a day and time according to availability. Response time may vary due to capacity and guide management, so it is necessary to make the request in advance.<\/li>\n<\/ul>\n\n\n\n<p>Schools wishing to apply for the Indika grant must also complete the teaching visit application form.<\/p>\n\n\n\n<p><strong>Confirmation and payment:<\/strong><br>Review the terms and payment method when you receive the confirmation. Payment for the educational guided tour <strong>must be made at least 15 days before the visit<\/strong>. Otherwise, the reservation will be automatically canceled.<\/p>\n\n\n\n<p><strong>Cancellations:<\/strong><br>If the center cancels the visit less than 36 hours in advance, no refund will be made.<\/p>\n\n\n\n<p><strong>On the day of the visit<\/strong><br>Distribute students into groups of <strong>maximum 25<\/strong>. Guides will be waiting for you at the entrance.<\/p>\n\n\n\n<p><strong>Punctuality:<\/strong><br>Arrive with plenty of time. Delays may result in the guided tour being shortened or cancelled.<\/p>\n\n\n\n<p><strong>Procedures to be completed upon arrival:<\/strong><br>Collect tickets at the box office.<\/p>\n\n\n\n<p>Leave your backpacks in the luggage room. Whenever possible, it is recommended to leave them on the bus.<\/p>\n\n\n\n<p><strong>During the visit<\/strong><br>Accompaniment:<br>At least 1 responsible adult must accompany each group throughout the tour. Otherwise, the educational service reserves the right not to continue the visit. This rule applies to all areas of the site including the shops.<\/p>\n\n\n\n<p><strong>After the visit<\/strong><\/p>\n\n\n\n<ul class=\"wp-block-list\">\n<li>After the educational tour, the group can freely visit the museum, always under the supervision of the responsible adult.<\/li>\n\n\n\n<li>Remember to collect backpacks at the entrance locker.<\/li>\n\n\n\n<li>Please fill out the educational tour <a href=\"https:\/\/forms.office.com\/pages\/responsepage.aspx?id=Yt8PKo-BF0uePCEimYHw-g0lqkeC2H9HrtmCmEXhKMBUNkE5VjVMNVRMUko5OFcyR0RKU0FVWjlYMi4u&amp;web=1&amp;wdLOR=c48FC81EF-5E24-4931-9115-3AB67CEF6800\">evaluation survey<\/a> to help us improve. One for each group and educational guide.<\/li>\n<\/ul>\n<\/div><\/details><\/div>\n<\/div>\n<\/div>\n<\/div>\n\n\n\n<div class=\"wp-block-columns col-text col-2 is-layout-flex wp-container-core-columns-is-layout-9d6595d7 wp-block-columns-is-layout-flex\">\n<div class=\"wp-block-column is-layout-flow wp-block-column-is-layout-flow\">\n<h2 class=\"wp-block-heading\">Request a didactic visit<\/h2>\n<\/div>\n\n\n\n<div class=\"wp-block-column is-layout-flow wp-block-column-is-layout-flow\">\n<p>Would you like to come with your school group and learn while your group enjoys the Dal\u00ed Museums? Fill out the form to request an educational visit.<\/p>\n\n\n\n<p>Need more information? Contact our educational service.<\/p>\n\n\n\n<p>For information about reservations, prices and calendar, contact <a href=\"mailto:reserves@fundaciodali.org\">Reservations<\/a>.<\/p>\n\n\n\n<p>For information on content, operation of the educational visit and students with special needs, contact the <a href=\"mailto:ciazzini@fundaciodali.org\">Educational Service<\/a>.<\/p>\n\n\n\n<p>This is only a request for a didactic visit. You will receive the corresponding reservation when the reservations and education departments confirm it. We will try to adjust to your preferences according to the availability of the museum. We will attend to your request as soon as possible.<\/p>\n<\/div>\n<\/div>\n\n\n\n<div style=\"height:20px\" aria-hidden=\"true\" class=\"wp-block-spacer\"><\/div>\n\n\n\n<div class=\"wp-block-columns global-column contingut-ampliat is-layout-flex wp-container-core-columns-is-layout-9d6595d7 wp-block-columns-is-layout-flex\">\n<div class=\"wp-block-column is-layout-flow wp-block-column-is-layout-flow\" style=\"flex-basis:100%\">\n<div class=\"wp-block-buttons is-layout-flex wp-block-buttons-is-layout-flex\">\n    <div class=\"wp-block-button contingut-ampliat-boto\" data-class=\"contingut-ampliat integrat\">\n        <a class=\"wp-block-button__link wp-element-button\" tabindex=\"0\" >Form<\/a>\n    <\/div>\n<\/div>\n\n\n\n\n\n\n\n\n\n\n\n<div class=\"wp-block-columns contingut-ampliat-content is-layout-flex wp-container-core-columns-is-layout-9d6595d7 wp-block-columns-is-layout-flex\">\n<div class=\"wp-block-column is-layout-flow wp-block-column-is-layout-flow\"><\/div>\n<\/div>\n<\/div>\n<\/div>\n\n\n\n<div class=\"wp-block-columns global-column is-layout-flex wp-container-core-columns-is-layout-9d6595d7 wp-block-columns-is-layout-flex\">\n<div class=\"wp-block-column is-layout-flow wp-block-column-is-layout-flow\">\n<div class=\"wp-block-columns is-not-stacked-on-mobile logos-educacio is-layout-flex wp-container-core-columns-is-layout-9d6595d7 wp-block-columns-is-layout-flex\">\n<div class=\"wp-block-column is-layout-flow wp-block-column-is-layout-flow\">\n<p class=\"has-text-align-right\">With the support of:<\/p>\n<\/div>\n\n\n\n<div class=\"wp-block-column is-vertically-aligned-stretch is-layout-flow wp-block-column-is-layout-flow\"><div class=\"wp-block-image\">\n<figure class=\"aligncenter size-full\"><img loading=\"lazy\" decoding=\"async\" width=\"560\" height=\"560\" src=\"https:\/\/webdali.latempesta.eu\/wp-content\/uploads\/2025\/05\/2.Apropa_RGB-amb-baseline-V.jpg\" alt=\"\" class=\"wp-image-6754\" style=\"aspect-ratio:1;object-fit:contain\" srcset=\"https:\/\/webdali.latempesta.eu\/wp-content\/uploads\/2025\/05\/2.Apropa_RGB-amb-baseline-V.jpg 560w, https:\/\/webdali.latempesta.eu\/wp-content\/uploads\/2025\/05\/2.Apropa_RGB-amb-baseline-V-300x300.jpg 300w, https:\/\/webdali.latempesta.eu\/wp-content\/uploads\/2025\/05\/2.Apropa_RGB-amb-baseline-V-150x150.jpg 150w\" sizes=\"auto, (max-width: 560px) 100vw, 560px\" \/><\/figure>\n<\/div><\/div>\n\n\n\n<div class=\"wp-block-column is-vertically-aligned-stretch is-layout-flow wp-block-column-is-layout-flow\"><div class=\"wp-block-image\">\n<figure class=\"aligncenter size-full\"><img loading=\"lazy\" decoding=\"async\" width=\"200\" height=\"200\" src=\"https:\/\/webdali.latempesta.eu\/wp-content\/uploads\/2025\/05\/indika.jpg\" alt=\"\" class=\"wp-image-6709\" style=\"aspect-ratio:1;object-fit:cover\" srcset=\"https:\/\/webdali.latempesta.eu\/wp-content\/uploads\/2025\/05\/indika.jpg 200w, https:\/\/webdali.latempesta.eu\/wp-content\/uploads\/2025\/05\/indika-150x150.jpg 150w\" sizes=\"auto, (max-width: 200px) 100vw, 200px\" \/><\/figure>\n<\/div><\/div>\n<\/div>\n<\/div>\n<\/div>\n","protected":false},"excerpt":{"rendered":"<p>I don&#8217;t know when I play and when I work. Salvador Dal\u00ed Educa Dal\u00ed Educa Dal\u00ed is the name by which the Foundation&#8217;s Educational Service is known. It is a service aimed at school groups (preschool, primary, secondary, high school, training cycles) and also at adult schools, special education, school exchanges, art education, etc. It [&hellip;]<\/p>\n","protected":false},"author":1,"featured_media":2741,"parent":7541,"menu_order":0,"comment_status":"closed","ping_status":"closed","template":"","meta":{"_acf_changed":false,"_coblocks_attr":"","_coblocks_dimensions":"","_coblocks_responsive_height":"","_coblocks_accordion_ie_support":"","footnotes":""},"categories":[],"tags":[],"class_list":["post-7544","page","type-page","status-publish","has-post-thumbnail","hentry"],"acf":[],"_links":{"self":[{"href":"https:\/\/webdali.latempesta.eu\/en\/wp-json\/wp\/v2\/pages\/7544","targetHints":{"allow":["GET"]}}],"collection":[{"href":"https:\/\/webdali.latempesta.eu\/en\/wp-json\/wp\/v2\/pages"}],"about":[{"href":"https:\/\/webdali.latempesta.eu\/en\/wp-json\/wp\/v2\/types\/page"}],"author":[{"embeddable":true,"href":"https:\/\/webdali.latempesta.eu\/en\/wp-json\/wp\/v2\/users\/1"}],"replies":[{"embeddable":true,"href":"https:\/\/webdali.latempesta.eu\/en\/wp-json\/wp\/v2\/comments?post=7544"}],"version-history":[{"count":0,"href":"https:\/\/webdali.latempesta.eu\/en\/wp-json\/wp\/v2\/pages\/7544\/revisions"}],"up":[{"embeddable":true,"href":"https:\/\/webdali.latempesta.eu\/en\/wp-json\/wp\/v2\/pages\/7541"}],"wp:featuredmedia":[{"embeddable":true,"href":"https:\/\/webdali.latempesta.eu\/en\/wp-json\/wp\/v2\/media\/2741"}],"wp:attachment":[{"href":"https:\/\/webdali.latempesta.eu\/en\/wp-json\/wp\/v2\/media?parent=7544"}],"wp:term":[{"taxonomy":"category","embeddable":true,"href":"https:\/\/webdali.latempesta.eu\/en\/wp-json\/wp\/v2\/categories?post=7544"},{"taxonomy":"post_tag","embeddable":true,"href":"https:\/\/webdali.latempesta.eu\/en\/wp-json\/wp\/v2\/tags?post=7544"}],"curies":[{"name":"wp","href":"https:\/\/api.w.org\/{rel}","templated":true}]}}