{"id":7550,"date":"2024-12-18T18:35:11","date_gmt":"2024-12-18T16:35:11","guid":{"rendered":"https:\/\/webdali.latempesta.eu\/educacio-i-activitats\/activitats\/"},"modified":"2025-07-07T16:54:29","modified_gmt":"2025-07-07T14:54:29","slug":"activitats","status":"publish","type":"page","link":"https:\/\/webdali.latempesta.eu\/en\/education-and-activities\/activitats\/","title":{"rendered":"Activities"},"content":{"rendered":"\n<div class=\"wp-block-columns facetwp-filters is-layout-flex wp-container-core-columns-is-layout-9d6595d7 wp-block-columns-is-layout-flex\">\n<div class=\"wp-block-column is-layout-flow wp-block-column-is-layout-flow\">\n<p>Lloc<\/p>\n\n\n<div class=\"facetwp-facet facetwp-facet-activitat_lloc_en facetwp-type-fselect\" data-name=\"activitat_lloc_en\" data-type=\"fselect\"><\/div>\n<\/div>\n\n\n\n<div class=\"wp-block-column is-layout-flow wp-block-column-is-layout-flow\">\n<p>Idiomes<\/p>\n\n\n<div class=\"facetwp-facet facetwp-facet-activitat_idioma_en facetwp-type-fselect\" data-name=\"activitat_idioma_en\" data-type=\"fselect\"><\/div>\n<\/div>\n\n\n\n<div class=\"wp-block-column is-layout-flow wp-block-column-is-layout-flow\">\n<p>Idiomes<\/p>\n\n\n<div class=\"facetwp-facet facetwp-facet-activitat_dates_activitat facetwp-type-date_range\" data-name=\"activitat_dates_activitat\" data-type=\"date_range\"><\/div>\n<\/div>\n<\/div>\n\n\n<div class=\"facetwp-template\" data-name=\"activitats_en\"><ul class=\"fwpl-layout list\">\n  \t<li class=\"grid-item\">\n\n        \t\t\n        <div class=\"item-header\">\n            <figure class=\"image\"><img loading=\"lazy\" decoding=\"async\" width=\"226\" height=\"300\" src=\"https:\/\/webdali.latempesta.eu\/wp-content\/uploads\/2025\/11\/F0482baixa-226x300.jpg\" class=\"attachment-medium size-medium wp-post-image\" alt=\"\" srcset=\"https:\/\/webdali.latempesta.eu\/wp-content\/uploads\/2025\/11\/F0482baixa-226x300.jpg 226w, https:\/\/webdali.latempesta.eu\/wp-content\/uploads\/2025\/11\/F0482baixa-773x1024.jpg 773w, https:\/\/webdali.latempesta.eu\/wp-content\/uploads\/2025\/11\/F0482baixa-768x1018.jpg 768w, https:\/\/webdali.latempesta.eu\/wp-content\/uploads\/2025\/11\/F0482baixa-1159x1536.jpg 1159w, https:\/\/webdali.latempesta.eu\/wp-content\/uploads\/2025\/11\/F0482baixa-1545x2048.jpg 1545w, https:\/\/webdali.latempesta.eu\/wp-content\/uploads\/2025\/11\/F0482baixa.jpg 1923w\" sizes=\"auto, (max-width: 226px) 100vw, 226px\" \/><\/figure>\n\n            <div class=\"item-location\">\n            Salvador Dal\u00ed House-Museum            <\/div>\n\n            \n\n            \n\n        <\/div>\n        <div class=\"item-content\">\n\n                        <a href=\"https:\/\/webdali.latempesta.eu\/en\/education-and-activities\/activity\/portlligat-on-lolivera-el-mar-i-el-vent-dansen-amb-la-via-lactea\/\"><div class=\"title\">Portlligat, on l&#8217;olivera, el mar i el vent dansen amb la Via L\u00e0ctea<\/div><\/a>\n            <div class=\"item-data\">\n            29 of november at 11:30            <\/div>\n            <div class=\"excerpt\">Cycle of Actions in Portlligat within the Complementary Activities of \u201cThe Madonna of Portlligat. A Oneiric Explosion\u201d<\/div>\n        <\/div>\n\t\t\n\t<\/li>\n\t\n  \t<li class=\"grid-item\">\n\n        \t\t\n        <div class=\"item-header\">\n            <figure class=\"image\"><img loading=\"lazy\" decoding=\"async\" width=\"300\" height=\"185\" src=\"https:\/\/webdali.latempesta.eu\/wp-content\/uploads\/2025\/11\/taller-infantil-museu-300x185.jpg\" class=\"attachment-medium size-medium wp-post-image\" alt=\"Un infant realitzant un collage durant un taller infantil\" srcset=\"https:\/\/webdali.latempesta.eu\/wp-content\/uploads\/2025\/11\/taller-infantil-museu-300x185.jpg 300w, https:\/\/webdali.latempesta.eu\/wp-content\/uploads\/2025\/11\/taller-infantil-museu-1024x632.jpg 1024w, https:\/\/webdali.latempesta.eu\/wp-content\/uploads\/2025\/11\/taller-infantil-museu-768x474.jpg 768w, https:\/\/webdali.latempesta.eu\/wp-content\/uploads\/2025\/11\/taller-infantil-museu-1536x948.jpg 1536w, https:\/\/webdali.latempesta.eu\/wp-content\/uploads\/2025\/11\/taller-infantil-museu-2048x1263.jpg 2048w\" sizes=\"auto, (max-width: 300px) 100vw, 300px\" \/><\/figure>\n\n            <div class=\"item-location\">\n            Dal\u00ed Theatre-Museum            <\/div>\n\n            \n\n            \n\n        <\/div>\n        <div class=\"item-content\">\n\n                        <a href=\"https:\/\/webdali.latempesta.eu\/en\/education-and-activities\/activity\/taller-familiar-el-calendari-dels-tresors-cat\/\"><div class=\"title\">Taller familiar: el calendari dels tresors (CAT)<\/div><\/a>\n            <div class=\"item-data\">\n            30 de novembre a les 11:00            <\/div>\n            <div class=\"excerpt\">Amb la Madona de Portlligat, tornen els tallers familiars als Museus Dal\u00ed!<\/div>\n        <\/div>\n\t\t\n\t<\/li>\n\t\n  \t<li class=\"grid-item\">\n\n        \t\t\n        <div class=\"item-header\">\n            <figure class=\"image\"><img loading=\"lazy\" decoding=\"async\" width=\"235\" height=\"300\" src=\"https:\/\/webdali.latempesta.eu\/wp-content\/uploads\/2025\/10\/1-235x300.png\" class=\"attachment-medium size-medium wp-post-image\" alt=\"Infants realitzant un taller amb pintures i altres materials\" srcset=\"https:\/\/webdali.latempesta.eu\/wp-content\/uploads\/2025\/10\/1-235x300.png 235w, https:\/\/webdali.latempesta.eu\/wp-content\/uploads\/2025\/10\/1-802x1024.png 802w, https:\/\/webdali.latempesta.eu\/wp-content\/uploads\/2025\/10\/1-768x981.png 768w, https:\/\/webdali.latempesta.eu\/wp-content\/uploads\/2025\/10\/1-1202x1536.png 1202w, https:\/\/webdali.latempesta.eu\/wp-content\/uploads\/2025\/10\/1-1603x2048.png 1603w, https:\/\/webdali.latempesta.eu\/wp-content\/uploads\/2025\/10\/1.png 1907w\" sizes=\"auto, (max-width: 235px) 100vw, 235px\" \/><\/figure>\n\n            <div class=\"item-location\">\n            Dal\u00ed Theatre-Museum            <\/div>\n\n            \n\n            \n\n        <\/div>\n        <div class=\"item-content\">\n\n                        <a href=\"https:\/\/webdali.latempesta.eu\/en\/education-and-activities\/activity\/taller-familiar-un-santuari-per-capes-cat\/\"><div class=\"title\">Taller familiar: un santuari per capes (CAT)<\/div><\/a>\n            <div class=\"item-data\">\n            19 d&#039;octubre i 26 d&#039;octubre a les 11:00            <\/div>\n            <div class=\"excerpt\">Amb la Madona de Portlligat, tornen els tallers familiars als Museus Dal\u00ed!<\/div>\n        <\/div>\n\t\t\n\t<\/li>\n\t\n  \t<li class=\"grid-item\">\n\n        \t\t\n        <div class=\"item-header\">\n            <figure class=\"image\"><img loading=\"lazy\" decoding=\"async\" width=\"300\" height=\"148\" src=\"https:\/\/webdali.latempesta.eu\/wp-content\/uploads\/2025\/09\/Fons-300x148.jpg\" class=\"attachment-medium size-medium wp-post-image\" alt=\"\" srcset=\"https:\/\/webdali.latempesta.eu\/wp-content\/uploads\/2025\/09\/Fons-300x148.jpg 300w, https:\/\/webdali.latempesta.eu\/wp-content\/uploads\/2025\/09\/Fons-1024x505.jpg 1024w, https:\/\/webdali.latempesta.eu\/wp-content\/uploads\/2025\/09\/Fons-768x379.jpg 768w, https:\/\/webdali.latempesta.eu\/wp-content\/uploads\/2025\/09\/Fons-1536x758.jpg 1536w, https:\/\/webdali.latempesta.eu\/wp-content\/uploads\/2025\/09\/Fons-2048x1010.jpg 2048w\" sizes=\"auto, (max-width: 300px) 100vw, 300px\" \/><\/figure>\n\n            <div class=\"item-location\">\n            Dal\u00ed Theatre-Museum            <\/div>\n\n            \n\n            \n\n        <\/div>\n        <div class=\"item-content\">\n\n                        <a href=\"https:\/\/webdali.latempesta.eu\/en\/education-and-activities\/activity\/converses-madona-de-portlligat\/\"><div class=\"title\">Conversations around The Madonna of Portlligat (CAT)<\/div><\/a>\n            <div class=\"item-data\">\n            October 8, 2025 - November 27, 2025<br>            <\/div>\n            <div class=\"excerpt\">Lecture series of the temporary exhibition The Madonna of Portlligat. A Oneiric Explosion<\/div>\n        <\/div>\n\t\t\n\t<\/li>\n\t\n  \t<li class=\"grid-item\">\n\n        \t\t\n        <div class=\"item-header\">\n            <figure class=\"image\"><img loading=\"lazy\" decoding=\"async\" width=\"300\" height=\"234\" src=\"https:\/\/webdali.latempesta.eu\/wp-content\/uploads\/2025\/08\/Celebrant-Gala-2025-300x234.png\" class=\"attachment-medium size-medium wp-post-image\" alt=\"Fotografia del rostre de Gala, amb un reflex de color verd\" srcset=\"https:\/\/webdali.latempesta.eu\/wp-content\/uploads\/2025\/08\/Celebrant-Gala-2025-300x234.png 300w, https:\/\/webdali.latempesta.eu\/wp-content\/uploads\/2025\/08\/Celebrant-Gala-2025-1024x799.png 1024w, https:\/\/webdali.latempesta.eu\/wp-content\/uploads\/2025\/08\/Celebrant-Gala-2025-768x599.png 768w, https:\/\/webdali.latempesta.eu\/wp-content\/uploads\/2025\/08\/Celebrant-Gala-2025-1536x1198.png 1536w, https:\/\/webdali.latempesta.eu\/wp-content\/uploads\/2025\/08\/Celebrant-Gala-2025.png 1772w\" sizes=\"auto, (max-width: 300px) 100vw, 300px\" \/><\/figure>\n\n            <div class=\"item-location\">\n            Gala Dal\u00ed Castle            <\/div>\n\n            \n\n            \n\n        <\/div>\n        <div class=\"item-content\">\n\n                        <a href=\"https:\/\/webdali.latempesta.eu\/en\/education-and-activities\/activity\/celebrant-gala-lesperit-lliure\/\"><div class=\"title\">Celebrant Gala: \u201cL\u2019esperit lliure\u201d<\/div><\/a>\n            <div class=\"item-data\">\n            26 of August at 19:00            <\/div>\n            <div class=\"excerpt\">Show titled L\u2019esperit lliure: Gala sota la mirada de Paul \u00c9luard, combining poetry with music and a special staging, at the Gala Dal\u00ed Castle.<\/div>\n        <\/div>\n\t\t\n\t<\/li>\n\t\n  \t<li class=\"grid-item\">\n\n        \t\t\n        <div class=\"item-header\">\n            <figure class=\"image\"><img loading=\"lazy\" decoding=\"async\" width=\"300\" height=\"200\" src=\"https:\/\/webdali.latempesta.eu\/wp-content\/uploads\/2025\/07\/Pubol-55-300x200.jpg\" class=\"attachment-medium size-medium wp-post-image\" alt=\"\" srcset=\"https:\/\/webdali.latempesta.eu\/wp-content\/uploads\/2025\/07\/Pubol-55-300x200.jpg 300w, https:\/\/webdali.latempesta.eu\/wp-content\/uploads\/2025\/07\/Pubol-55-1024x683.jpg 1024w, https:\/\/webdali.latempesta.eu\/wp-content\/uploads\/2025\/07\/Pubol-55-768x512.jpg 768w, https:\/\/webdali.latempesta.eu\/wp-content\/uploads\/2025\/07\/Pubol-55-1536x1024.jpg 1536w, https:\/\/webdali.latempesta.eu\/wp-content\/uploads\/2025\/07\/Pubol-55-2048x1366.jpg 2048w\" sizes=\"auto, (max-width: 300px) 100vw, 300px\" \/><\/figure>\n\n            <div class=\"item-location\">\n            Gala Dal\u00ed Castle            <\/div>\n\n            \n\n            \n\n        <\/div>\n        <div class=\"item-content\">\n\n                        <a href=\"https:\/\/webdali.latempesta.eu\/en\/education-and-activities\/activity\/galas-evening\/\"><div class=\"title\">Gala&#8217;s Evening<\/div><\/a>\n            <div class=\"item-data\">\n            July 10, 2025 - August 29, 2025<br>            <\/div>\n            <div class=\"excerpt\">Enjoy a unique experience at the Gala Dal\u00ed Castle, bathed in the light of sunset, where private rooms and the sculpture garden become the stage for a poetic and deeply Dalinian visit.<\/div>\n        <\/div>\n\t\t\n\t<\/li>\n\t\n  \t<li class=\"grid-item\">\n\n        \t\t\n        <div class=\"item-header\">\n            <figure class=\"image\"><img loading=\"lazy\" decoding=\"async\" width=\"300\" height=\"173\" src=\"https:\/\/webdali.latempesta.eu\/wp-content\/uploads\/2025\/07\/xerrada-300x173.jpg\" class=\"attachment-medium size-medium wp-post-image\" alt=\"Fragment del cartell del cicle de cinema surrealista. Fotomuntatge a partir d&#039;una fotografia de Luis Bu\u00f1uel i d&#039;un fotograma d&#039;Un chien Andalou\" srcset=\"https:\/\/webdali.latempesta.eu\/wp-content\/uploads\/2025\/07\/xerrada-300x173.jpg 300w, https:\/\/webdali.latempesta.eu\/wp-content\/uploads\/2025\/07\/xerrada-1024x590.jpg 1024w, https:\/\/webdali.latempesta.eu\/wp-content\/uploads\/2025\/07\/xerrada-768x442.jpg 768w, https:\/\/webdali.latempesta.eu\/wp-content\/uploads\/2025\/07\/xerrada-1536x885.jpg 1536w, https:\/\/webdali.latempesta.eu\/wp-content\/uploads\/2025\/07\/xerrada-2048x1180.jpg 2048w\" sizes=\"auto, (max-width: 300px) 100vw, 300px\" \/><\/figure>\n\n            <div class=\"item-location\">\n            Dal\u00ed Theatre-Museum            <\/div>\n\n            \n\n            \n\n        <\/div>\n        <div class=\"item-content\">\n\n                        <a href=\"https:\/\/webdali.latempesta.eu\/en\/education-and-activities\/activity\/opening-of-the-cicle-de-cinema-surrealista\/\"><div class=\"title\">Opening of Dal\u00ed Nocturn. Films Surrealistes<\/div><\/a>\n            <div class=\"item-data\">\n            July 31, 2025 - August 21, 2025<br>            <\/div>\n            <div class=\"excerpt\">For the fourth edition, the Dal\u00ed Theatre-Museum in Figueres is organizing, together with the Di\u00f2ptria Film Club, the Surrealist Film Series. This year it is dedicated to the filmmaker from Calanda, Luis Bu\u00f1uel, in commemoration of the 125th anniversary of his birth.<\/div>\n        <\/div>\n\t\t\n\t<\/li>\n\t\n  \t<li class=\"grid-item\">\n\n        \t\t\n        <div class=\"item-header\">\n            <figure class=\"image\"><img loading=\"lazy\" decoding=\"async\" width=\"300\" height=\"200\" src=\"https:\/\/webdali.latempesta.eu\/wp-content\/uploads\/2025\/05\/Museu_Dali-248-Grande-300x200.jpg\" class=\"attachment-medium size-medium wp-post-image\" alt=\"\" srcset=\"https:\/\/webdali.latempesta.eu\/wp-content\/uploads\/2025\/05\/Museu_Dali-248-Grande-300x200.jpg 300w, https:\/\/webdali.latempesta.eu\/wp-content\/uploads\/2025\/05\/Museu_Dali-248-Grande-1024x683.jpg 1024w, https:\/\/webdali.latempesta.eu\/wp-content\/uploads\/2025\/05\/Museu_Dali-248-Grande-768x512.jpg 768w, https:\/\/webdali.latempesta.eu\/wp-content\/uploads\/2025\/05\/Museu_Dali-248-Grande-1536x1024.jpg 1536w, https:\/\/webdali.latempesta.eu\/wp-content\/uploads\/2025\/05\/Museu_Dali-248-Grande.jpg 1620w\" sizes=\"auto, (max-width: 300px) 100vw, 300px\" \/><\/figure>\n\n            <div class=\"item-location\">\n            Dal\u00ed Theatre-Museum            <\/div>\n\n            \n\n            \n\n        <\/div>\n        <div class=\"item-content\">\n\n                        <a href=\"https:\/\/webdali.latempesta.eu\/en\/education-and-activities\/activity\/dali-by-night\/\"><div class=\"title\">Dal\u00ed by Night<\/div><\/a>\n            <div class=\"item-data\">\n            August 1, 2025 - August 24, 2025<br>            <\/div>\n            <div class=\"excerpt\">Experience a unique night at the Dal\u00ed Theatre-Museum: explore his surreal world among shadows, cava, and stars. A magical and different way to discover the Dalinian universe.<\/div>\n        <\/div>\n\t\t\n\t<\/li>\n\t\n  \t<li class=\"grid-item\">\n\n        \t\t\n        <div class=\"item-header\">\n            <figure class=\"image\"><img loading=\"lazy\" decoding=\"async\" width=\"300\" height=\"199\" src=\"https:\/\/webdali.latempesta.eu\/wp-content\/uploads\/2025\/02\/Visita-guiada-museu-dali-cadillac-300x199.jpg\" class=\"attachment-medium size-medium wp-post-image\" alt=\"Grup de persones al voltant del Cadillac del Museu Dal\u00ed\" srcset=\"https:\/\/webdali.latempesta.eu\/wp-content\/uploads\/2025\/02\/Visita-guiada-museu-dali-cadillac-300x199.jpg 300w, https:\/\/webdali.latempesta.eu\/wp-content\/uploads\/2025\/02\/Visita-guiada-museu-dali-cadillac-1024x678.jpg 1024w, https:\/\/webdali.latempesta.eu\/wp-content\/uploads\/2025\/02\/Visita-guiada-museu-dali-cadillac-768x509.jpg 768w, https:\/\/webdali.latempesta.eu\/wp-content\/uploads\/2025\/02\/Visita-guiada-museu-dali-cadillac-1536x1017.jpg 1536w, https:\/\/webdali.latempesta.eu\/wp-content\/uploads\/2025\/02\/Visita-guiada-museu-dali-cadillac-2048x1356.jpg 2048w\" sizes=\"auto, (max-width: 300px) 100vw, 300px\" \/><\/figure>\n\n            <div class=\"item-location\">\n            Dal\u00ed Theatre-Museum            <\/div>\n\n            \n\n            \n\n        <\/div>\n        <div class=\"item-content\">\n\n                        <a href=\"https:\/\/webdali.latempesta.eu\/en\/education-and-activities\/activity\/guided-tour-dali-theatre-museum\/\"><div class=\"title\">Guided tour of the Dal\u00ed Theatre-Museum<\/div><\/a>\n            <div class=\"item-data\">\n                        <\/div>\n            <div class=\"excerpt\">The Dal\u00ed Theatre-Museum in Figueres is the largest surrealist object in the world. Take a guided tour of the building and don\u2019t miss a single detail of the most unique space in the Dalinian universe. Duration of the visit: 60 minutes. Book your Guided Tour along with your tickets to the Dal\u00ed Theatre-Museum.<\/div>\n        <\/div>\n\t\t\n\t<\/li>\n\t\n  \t<li class=\"grid-item\">\n\n        \t\t\n        <div class=\"item-header\">\n            <figure class=\"image\"><img loading=\"lazy\" decoding=\"async\" width=\"300\" height=\"225\" src=\"https:\/\/webdali.latempesta.eu\/wp-content\/uploads\/2025\/06\/IntroVisitaPB-300x225.jpg\" class=\"attachment-medium size-medium wp-post-image\" alt=\"\" srcset=\"https:\/\/webdali.latempesta.eu\/wp-content\/uploads\/2025\/06\/IntroVisitaPB-300x225.jpg 300w, https:\/\/webdali.latempesta.eu\/wp-content\/uploads\/2025\/06\/IntroVisitaPB-1024x768.jpg 1024w, https:\/\/webdali.latempesta.eu\/wp-content\/uploads\/2025\/06\/IntroVisitaPB-768x576.jpg 768w, https:\/\/webdali.latempesta.eu\/wp-content\/uploads\/2025\/06\/IntroVisitaPB-1536x1152.jpg 1536w, https:\/\/webdali.latempesta.eu\/wp-content\/uploads\/2025\/06\/IntroVisitaPB-2048x1536.jpg 2048w\" sizes=\"auto, (max-width: 300px) 100vw, 300px\" \/><\/figure>\n\n            <div class=\"item-location\">\n            Gala Dal\u00ed Castle            <\/div>\n\n            \n\n            \n\n        <\/div>\n        <div class=\"item-content\">\n\n                        <a href=\"https:\/\/webdali.latempesta.eu\/en\/education-and-activities\/activity\/introduction-to-the-gala-dali-castle-visit\/\"><div class=\"title\">Introduction to the Gala Dal\u00ed Castle visit<\/div><\/a>\n            <div class=\"item-data\">\n                        <\/div>\n            <div class=\"excerpt\">Explore the early mysteries of the Gala Dal\u00ed Castle and delve into its history, Gala\u2019s life, and Dal\u00ed\u2019s decorative universe. The staff at the Gala Dal\u00ed Castle provide introductory tours that start on the ground floor, offering a brief journey through the building\u2019s history, Gala\u2019s life, and explanations of the main Dalinian decorative elements in [&hellip;]<\/div>\n        <\/div>\n\t\t\n\t<\/li>\n\t\n  \t<li class=\"grid-item\">\n\n        \t\t\n        <div class=\"item-header\">\n            <figure class=\"image\"><img loading=\"lazy\" decoding=\"async\" width=\"300\" height=\"199\" src=\"https:\/\/webdali.latempesta.eu\/wp-content\/uploads\/2024\/12\/Visita-Guiada-Castell-Gala-Dali-300x199.jpg\" class=\"attachment-medium size-medium wp-post-image\" alt=\"\" srcset=\"https:\/\/webdali.latempesta.eu\/wp-content\/uploads\/2024\/12\/Visita-Guiada-Castell-Gala-Dali-300x199.jpg 300w, https:\/\/webdali.latempesta.eu\/wp-content\/uploads\/2024\/12\/Visita-Guiada-Castell-Gala-Dali.jpg 480w\" sizes=\"auto, (max-width: 300px) 100vw, 300px\" \/><\/figure>\n\n            <div class=\"item-location\">\n            Gala Dal\u00ed Castle            <\/div>\n\n            \n\n            \n\n        <\/div>\n        <div class=\"item-content\">\n\n                        <a href=\"https:\/\/tickets.salvador-dali.org\/en\/989-castell-gala-dali\/5819-entrada-visita-guiada-castell-gala-dali\/info\"><div class=\"title\">Guided tour of the Gala Dal\u00ed Castle<\/div><\/a>\n            <div class=\"item-data\">\n                        <\/div>\n            <div class=\"excerpt\">Walk through the corridors and rooms where Gala lived and where Dal\u00ed, between 1982 and 1984, left his final mark. With the help of our guide, explore the secrets of this castle full of imagination and let yourself be captivated by the magic of a place where art and life intertwine.<\/div>\n        <\/div>\n\t\t\n\t<\/li>\n\t\n  <\/ul>\n<\/div>\n","protected":false},"excerpt":{"rendered":"<p>Lloc Idiomes Idiomes<\/p>\n","protected":false},"author":1,"featured_media":2745,"parent":7541,"menu_order":145,"comment_status":"closed","ping_status":"closed","template":"","meta":{"_acf_changed":false,"_coblocks_attr":"","_coblocks_dimensions":"","_coblocks_responsive_height":"","_coblocks_accordion_ie_support":"","footnotes":""},"categories":[],"tags":[],"class_list":["post-7550","page","type-page","status-publish","has-post-thumbnail","hentry"],"acf":[],"_links":{"self":[{"href":"https:\/\/webdali.latempesta.eu\/en\/wp-json\/wp\/v2\/pages\/7550","targetHints":{"allow":["GET"]}}],"collection":[{"href":"https:\/\/webdali.latempesta.eu\/en\/wp-json\/wp\/v2\/pages"}],"about":[{"href":"https:\/\/webdali.latempesta.eu\/en\/wp-json\/wp\/v2\/types\/page"}],"author":[{"embeddable":true,"href":"https:\/\/webdali.latempesta.eu\/en\/wp-json\/wp\/v2\/users\/1"}],"replies":[{"embeddable":true,"href":"https:\/\/webdali.latempesta.eu\/en\/wp-json\/wp\/v2\/comments?post=7550"}],"version-history":[{"count":1,"href":"https:\/\/webdali.latempesta.eu\/en\/wp-json\/wp\/v2\/pages\/7550\/revisions"}],"predecessor-version":[{"id":12782,"href":"https:\/\/webdali.latempesta.eu\/en\/wp-json\/wp\/v2\/pages\/7550\/revisions\/12782"}],"up":[{"embeddable":true,"href":"https:\/\/webdali.latempesta.eu\/en\/wp-json\/wp\/v2\/pages\/7541"}],"wp:featuredmedia":[{"embeddable":true,"href":"https:\/\/webdali.latempesta.eu\/en\/wp-json\/wp\/v2\/media\/2745"}],"wp:attachment":[{"href":"https:\/\/webdali.latempesta.eu\/en\/wp-json\/wp\/v2\/media?parent=7550"}],"wp:term":[{"taxonomy":"category","embeddable":true,"href":"https:\/\/webdali.latempesta.eu\/en\/wp-json\/wp\/v2\/categories?post=7550"},{"taxonomy":"post_tag","embeddable":true,"href":"https:\/\/webdali.latempesta.eu\/en\/wp-json\/wp\/v2\/tags?post=7550"}],"curies":[{"name":"wp","href":"https:\/\/api.w.org\/{rel}","templated":true}]}}