{"id":7687,"date":"2025-02-19T16:00:22","date_gmt":"2025-02-19T14:00:22","guid":{"rendered":"https:\/\/webdali.latempesta.eu\/dali-i-gala\/gala\/apartat-2\/"},"modified":"2025-06-26T20:09:11","modified_gmt":"2025-06-26T18:09:11","slug":"els-origens-i-la-formacio-de-gala-2","status":"publish","type":"page","link":"https:\/\/webdali.latempesta.eu\/en\/dali-and-gala\/gala\/els-origens-i-la-formacio-de-gala-2\/","title":{"rendered":"Els or\u00edgens i la formaci\u00f3 de Gala"},"content":{"rendered":"\n<div class=\"wp-block-columns col-text is-layout-flex wp-container-core-columns-is-layout-9d6595d7 wp-block-columns-is-layout-flex\">\n<div class=\"wp-block-column is-layout-flow wp-block-column-is-layout-flow\">\n<p>Abans de con\u00e8ixer Salvador Dal\u00ed, Gala, nascuda el 1894 a Kazan amb el nom de Elena Iv\u00e0novna Di\u00e0konova, ja havia forjat una traject\u00f2ria \u00fanica. En realitat, per\u00f2, sabem ben poca cosa dels seus or\u00edgens: t\u00e9 dos germans m\u00e9s grans, Vadim i Nicolai, i una germana m\u00e9s petita, L\u00eddia; passa la infantesa a Moscou i el seu pare desapareix quan ella t\u00e9 onze anys. Posteriorment, la seva mare es casa amb un advocat, amb qui Gala t\u00e9 molt bona relaci\u00f3 i gr\u00e0cies al qual pot rebre una bona educaci\u00f3. \u00c9s una estudiant brillant: acaba els estudis a l&#8217;Institut Femen\u00ed M.G. Brukhonenko amb una mitjana de notable alt, i un decret del tsar la faculta per fer de mestra de primer ensenyament i per fer classes a domicili.<\/p>\n\n\n\n<p>A causa d&#8217;una tuberculosi severa, es trasllada a Su\u00efssa a tractar-se. All\u00e0 coneix Paul \u00c9luard, amb qui establiria una intensa col\u00b7laboraci\u00f3 liter\u00e0ria i amb qui s&#8217;acabaria casant el 1917. Aquesta relaci\u00f3 va ser clau en la seva formaci\u00f3, ja que Gala va influir profundament en la seva obra, inspirant els seus primers versos i contribuint a la seva producci\u00f3 liter\u00e0ria.<\/p>\n<\/div>\n<\/div>\n\n\n\n<div class=\"wp-block-columns col-2-imatges col-text is-layout-flex wp-container-core-columns-is-layout-9d6595d7 wp-block-columns-is-layout-flex\">\n<div class=\"wp-block-column is-layout-flow wp-block-column-is-layout-flow\">\n<figure class=\"wp-block-image size-full\"><img loading=\"lazy\" decoding=\"async\" width=\"1118\" height=\"768\" src=\"https:\/\/webdali.latempesta.eu\/wp-content\/uploads\/2025\/02\/5125-1.jpg\" alt=\"\" class=\"wp-image-1231\" srcset=\"https:\/\/webdali.latempesta.eu\/wp-content\/uploads\/2025\/02\/5125-1.jpg 1118w, https:\/\/webdali.latempesta.eu\/wp-content\/uploads\/2025\/02\/5125-1-300x206.jpg 300w, https:\/\/webdali.latempesta.eu\/wp-content\/uploads\/2025\/02\/5125-1-1024x703.jpg 1024w, https:\/\/webdali.latempesta.eu\/wp-content\/uploads\/2025\/02\/5125-1-768x528.jpg 768w\" sizes=\"auto, (max-width: 1118px) 100vw, 1118px\" \/><figcaption class=\"wp-element-caption\">gala 0064<\/figcaption><\/figure>\n\n\n\n<figure class=\"wp-block-image size-full\"><img loading=\"lazy\" decoding=\"async\" width=\"1111\" height=\"768\" src=\"https:\/\/webdali.latempesta.eu\/wp-content\/uploads\/2025\/02\/0365.jpg\" alt=\"\" class=\"wp-image-1235\" srcset=\"https:\/\/webdali.latempesta.eu\/wp-content\/uploads\/2025\/02\/0365.jpg 1111w, https:\/\/webdali.latempesta.eu\/wp-content\/uploads\/2025\/02\/0365-300x207.jpg 300w, https:\/\/webdali.latempesta.eu\/wp-content\/uploads\/2025\/02\/0365-1024x708.jpg 1024w, https:\/\/webdali.latempesta.eu\/wp-content\/uploads\/2025\/02\/0365-768x531.jpg 768w\" sizes=\"auto, (max-width: 1111px) 100vw, 1111px\" \/><figcaption class=\"wp-element-caption\">gala 0107<\/figcaption><\/figure>\n<\/div>\n<\/div>\n\n\n\n<div class=\"wp-block-columns col-text is-layout-flex wp-container-core-columns-is-layout-9d6595d7 wp-block-columns-is-layout-flex\">\n<div class=\"wp-block-column is-layout-flow wp-block-column-is-layout-flow\">\n<p>A partir de la seva relaci\u00f3 amb \u00c9luard, Gala entra en contacte amb el m\u00f3n surrealista a Par\u00eds, on connecta amb artistes com Andr\u00e9 Breton, Max Ernst i Giorgio de Chirico. La seva influ\u00e8ncia entre aquests cercles comen\u00e7a a ser notable, i \u00e9s retratada en obres com Au Rendez-vous des amis de Ernst, sent una figura activa dins del moviment. A m\u00e9s, esdev\u00e9 una gran col\u00b7leccionista d&#8217;art, viatjant per Europa i establint vincles amb figures clau del m\u00f3n de l&#8217;art.<\/p>\n<\/div>\n<\/div>\n\n\n\n<div style=\"height:100px\" aria-hidden=\"true\" class=\"wp-block-spacer separador25 mb-0 mt-0\"><\/div>\n","protected":false},"excerpt":{"rendered":"<p>Abans de con\u00e8ixer Salvador Dal\u00ed, Gala, nascuda el 1894 a Kazan amb el nom de Elena Iv\u00e0novna Di\u00e0konova, ja havia forjat una traject\u00f2ria \u00fanica. En realitat, per\u00f2, sabem ben poca cosa dels seus or\u00edgens: t\u00e9 dos germans m\u00e9s grans, Vadim i Nicolai, i una germana m\u00e9s petita, L\u00eddia; passa la infantesa a Moscou i el [&hellip;]<\/p>\n","protected":false},"author":1,"featured_media":1408,"parent":7675,"menu_order":244,"comment_status":"closed","ping_status":"closed","template":"","meta":{"_acf_changed":false,"_coblocks_attr":"","_coblocks_dimensions":"","_coblocks_responsive_height":"","_coblocks_accordion_ie_support":"","footnotes":""},"categories":[],"tags":[],"class_list":["post-7687","page","type-page","status-publish","has-post-thumbnail","hentry"],"acf":[],"_links":{"self":[{"href":"https:\/\/webdali.latempesta.eu\/en\/wp-json\/wp\/v2\/pages\/7687","targetHints":{"allow":["GET"]}}],"collection":[{"href":"https:\/\/webdali.latempesta.eu\/en\/wp-json\/wp\/v2\/pages"}],"about":[{"href":"https:\/\/webdali.latempesta.eu\/en\/wp-json\/wp\/v2\/types\/page"}],"author":[{"embeddable":true,"href":"https:\/\/webdali.latempesta.eu\/en\/wp-json\/wp\/v2\/users\/1"}],"replies":[{"embeddable":true,"href":"https:\/\/webdali.latempesta.eu\/en\/wp-json\/wp\/v2\/comments?post=7687"}],"version-history":[{"count":0,"href":"https:\/\/webdali.latempesta.eu\/en\/wp-json\/wp\/v2\/pages\/7687\/revisions"}],"up":[{"embeddable":true,"href":"https:\/\/webdali.latempesta.eu\/en\/wp-json\/wp\/v2\/pages\/7675"}],"wp:featuredmedia":[{"embeddable":true,"href":"https:\/\/webdali.latempesta.eu\/en\/wp-json\/wp\/v2\/media\/1408"}],"wp:attachment":[{"href":"https:\/\/webdali.latempesta.eu\/en\/wp-json\/wp\/v2\/media?parent=7687"}],"wp:term":[{"taxonomy":"category","embeddable":true,"href":"https:\/\/webdali.latempesta.eu\/en\/wp-json\/wp\/v2\/categories?post=7687"},{"taxonomy":"post_tag","embeddable":true,"href":"https:\/\/webdali.latempesta.eu\/en\/wp-json\/wp\/v2\/tags?post=7687"}],"curies":[{"name":"wp","href":"https:\/\/api.w.org\/{rel}","templated":true}]}}