{"id":10696,"date":"2025-06-25T11:01:37","date_gmt":"2025-06-25T09:01:37","guid":{"rendered":"https:\/\/webdali.latempesta.eu\/fundacion-dali\/coneix-la-fundacio\/amics-dels-museus-dali\/"},"modified":"2025-07-16T12:58:57","modified_gmt":"2025-07-16T10:58:57","slug":"amigos-de-los-museos-dali","status":"publish","type":"page","link":"https:\/\/webdali.latempesta.eu\/es\/fundacion-dali\/conoce-la-fundacion\/amigos-de-los-museos-dali\/","title":{"rendered":"Amigos de los Museos Dal\u00ed"},"content":{"rendered":"\n<div class=\"wp-block-columns global-column is-layout-flex wp-container-core-columns-is-layout-9d6595d7 wp-block-columns-is-layout-flex\">\n<div class=\"wp-block-column is-layout-flow wp-block-column-is-layout-flow\">\n<p style=\"font-size:20px\">La finalidad de Amigos de los Museos Dal\u00ed es difundir la imagen y las actividades muse\u00edsticas del Teatro-Museo Dal\u00ed de Figueres, el Castillo Gala-Dal\u00ed de P\u00fabol y la Casa-Museo Salvador Dal\u00ed de Portlligat, siendo al mismo tiempo un lugar de encuentro para una serie de personas que coinciden en su admiraci\u00f3n hacia Dal\u00ed.<\/p>\n\n\n\n<p>Las actividades de Amigos de los Museos Dal\u00ed son diversas: tertulias, ciclos de conferencias, visitas guiadas, proyecciones de pel\u00edculas, conciertos, salidas, viajes culturales\u2026<\/p>\n\n\n\n<p>H\u00e1gase socios de Amigos de los Museos Dal\u00ed en <a href=\"https:\/\/www.amicsmuseusdali.com\/\">Amigos de los Museos Dal\u00ed<\/a>.<\/p>\n<\/div>\n<\/div>\n\n\n    <div  class=\"wp-block-columns swiper-column   destacat bloc-destacats \" style=\"background-image: linear-gradient(to right, white, white)\">\n        <div class=\"wp-block-column\">\n            <div id=\"swiper-69ff3bd7db4bb\" class=\"swiper destacats dues\" >\n                <div class=\"swiper-wrapper\">\n\n                                            <div class=\"swiper-slide intro\">\n                            <h2>La Fundaci\u00f3n Gala-Salvador Dal\u00ed desde dentro<\/h2>\n                            <div class=\"descripcio\"><p>Descubre el universo de la Fundaci\u00f3n Gala-Salvador Dal\u00ed: qui\u00e9nes somos, cu\u00e1l es nuestra misi\u00f3n y c\u00f3mo trabajamos para preservar y difundir el legado de uno de los genios m\u00e1s universales del arte. Ad\u00e9ntrate en nuestra historia, los valores que nos mueven, nuestra estructura y el compromiso con la cultura, la sostenibilidad, la diversidad y la inclusi\u00f3n.<\/p>\n<\/div>\n                                                    <\/div>\n                    \n\n                    \n                        \n                        <div class=\"swiper-slide\">\n                                                            <div class=\"banner\" style=\"background-image: url(https:\/\/webdali.latempesta.eu\/wp-content\/uploads\/2025\/07\/0371-large.jpg)\">\n                                                                            <ul class=\"context\">\n                                            <li class=\"context__item\" aria-label=\"hidden\">                                            <\/li>\n                                        <\/ul>\n                                    \n                                    <h3 class=\"titol\">Qui\u00e9nes somos<\/h3>\n                                        \n                                    <div class=\"button fletxa\"><a href=\"https:\/\/webdali.latempesta.eu\/es\/fundacion-dali\/conoce-la-fundacion\/quienes-somos\/\">M\u00e1s informaci\u00f3n<\/a><\/div>\n\n                                    \n                                <\/div>\n                                                    <\/div>\n\n                    \n                        \n                        <div class=\"swiper-slide\">\n                                                            <div class=\"banner\" style=\"background-image: url(https:\/\/webdali.latempesta.eu\/wp-content\/uploads\/2025\/07\/0338-large-798x1024.jpg)\">\n                                                                            <ul class=\"context\">\n                                            <li class=\"context__item\" aria-label=\"hidden\">                                            <\/li>\n                                        <\/ul>\n                                    \n                                    <h3 class=\"titol\">Gobernanza y equipo de gesti\u00f3n<\/h3>\n                                        \n                                    <div class=\"button fletxa\"><a href=\"https:\/\/webdali.latempesta.eu\/es\/fundacion-dali\/conoce-la-fundacion\/gobernanza-y-equipo-de-gestion\/\">M\u00e1s informaci\u00f3n<\/a><\/div>\n\n                                    \n                                <\/div>\n                                                    <\/div>\n\n                    \n                        \n                        <div class=\"swiper-slide\">\n                                                            <div class=\"banner\" style=\"background-image: url(https:\/\/webdali.latempesta.eu\/wp-content\/uploads\/2025\/07\/0957-large-719x1024.jpg)\">\n                                                                            <ul class=\"context\">\n                                            <li class=\"context__item\" aria-label=\"hidden\">                                            <\/li>\n                                        <\/ul>\n                                    \n                                    <h3 class=\"titol\">Nuestra sede<\/h3>\n                                        \n                                    <div class=\"button fletxa\"><a href=\"https:\/\/webdali.latempesta.eu\/es\/fundacion-dali\/conoce-la-fundacion\/nuestra-sede\/\">M\u00e1s informaci\u00f3n<\/a><\/div>\n\n                                    \n                                <\/div>\n                                                    <\/div>\n\n                    \n                        \n                        <div class=\"swiper-slide\">\n                                                            <div class=\"banner\" style=\"background-image: url(https:\/\/webdali.latempesta.eu\/wp-content\/uploads\/2025\/07\/1101-large.jpg)\">\n                                                                            <ul class=\"context\">\n                                            <li class=\"context__item\" aria-label=\"hidden\">                                            <\/li>\n                                        <\/ul>\n                                    \n                                    <h3 class=\"titol\">Compromiso con las personas, el territorio y el planeta<\/h3>\n                                        \n                                    <div class=\"button fletxa\"><a href=\"https:\/\/webdali.latempesta.eu\/es\/fundacion-dali\/conoce-la-fundacion\/compromiso-con-las-personas-el-territorio-y-el-planeta\/\">M\u00e1s informaci\u00f3n<\/a><\/div>\n\n                                    \n                                <\/div>\n                                                    <\/div>\n\n                    \n                        \n                        <div class=\"swiper-slide\">\n                                                            <div class=\"banner\" style=\"background-image: url(https:\/\/webdali.latempesta.eu\/wp-content\/uploads\/2025\/07\/i0207a-large-723x1024.jpg)\">\n                                                                            <ul class=\"context\">\n                                            <li class=\"context__item\" aria-label=\"hidden\">                                            <\/li>\n                                        <\/ul>\n                                    \n                                    <h3 class=\"titol\">Trabajar en la Fundaci\u00f3n Gala &#8211; Salvador Dal\u00ed<\/h3>\n                                        \n                                    <div class=\"button fletxa\"><a href=\"https:\/\/webdali.latempesta.eu\/es\/fundacion-dali\/oferta-laboral-y-formativa\/trabajar-en-la-fundacion-gala-salvador-dali\/\">M\u00e1s informaci\u00f3n<\/a><\/div>\n\n                                    \n                                <\/div>\n                                                    <\/div>\n\n                    \n                        \n                        <div class=\"swiper-slide\">\n                                                            <div class=\"banner\" style=\"background-image: url(https:\/\/webdali.latempesta.eu\/wp-content\/uploads\/2025\/07\/i0067-large-637x1024.jpg)\">\n                                                                            <ul class=\"context\">\n                                            <li class=\"context__item\" aria-label=\"hidden\">                                            <\/li>\n                                        <\/ul>\n                                    \n                                    <h3 class=\"titol\">Pr\u00e1cticas formativas<\/h3>\n                                        \n                                    <div class=\"button fletxa\"><a href=\"https:\/\/webdali.latempesta.eu\/es\/fundacion-dali\/oferta-laboral-y-formativa\/practicas-formativas\/\">M\u00e1s informaci\u00f3n<\/a><\/div>\n\n                                    \n                                <\/div>\n                                                    <\/div>\n\n                    \n                        \n                        <div class=\"swiper-slide\">\n                                                            <div class=\"banner\" style=\"background-image: url(https:\/\/webdali.latempesta.eu\/wp-content\/uploads\/2025\/07\/i0414-large-1024x568.jpg)\">\n                                                                            <ul class=\"context\">\n                                            <li class=\"context__item\" aria-label=\"hidden\">                                            <\/li>\n                                        <\/ul>\n                                    \n                                    <h3 class=\"titol\">Premios i reconocimientos<\/h3>\n                                        \n                                    <div class=\"button fletxa\"><a href=\"https:\/\/webdali.latempesta.eu\/es\/fundacion-dali\/conoce-la-fundacion\/premios-i-reconocimientos\/\">M\u00e1s informaci\u00f3n<\/a><\/div>\n\n                                    \n                                <\/div>\n                                                    <\/div>\n\n                    \n                        \n                        <div class=\"swiper-slide\">\n                                                            <div class=\"banner\" style=\"background-image: url(https:\/\/webdali.latempesta.eu\/wp-content\/uploads\/2025\/07\/0929-large-788x1024.jpg)\">\n                                                                            <ul class=\"context\">\n                                            <li class=\"context__item\" aria-label=\"hidden\">                                            <\/li>\n                                        <\/ul>\n                                    \n                                    <h3 class=\"titol\">Colaboraciones y alianzas<\/h3>\n                                        \n                                    <div class=\"button fletxa\"><a href=\"https:\/\/webdali.latempesta.eu\/es\/fundacion-dali\/conoce-la-fundacion\/colaboraciones-y-alianzas\/\">M\u00e1s informaci\u00f3n<\/a><\/div>\n\n                                    \n                                <\/div>\n                                                    <\/div>\n\n                                    <\/div>\n                <!-- Swiper navigation buttons -->\n                <div class=\"swiper-button-prev\">\n                    <span class=\"screen-reader-text\">Diapositiva anterior<\/span>\n                <\/div>\n                <div class=\"swiper-button-next\">\n                    <span class=\"screen-reader-text\">Diapositiva siguiente<\/span>\n                <\/div>\n            <\/div>\n        <\/div>\n    <\/div>\n\n\n\n<!-- Swiper JS -->\n<script src=\"https:\/\/cdn.jsdelivr.net\/npm\/swiper@11\/swiper-bundle.min.js\"><\/script>\n\n<!-- Initialize Swiper -->\n<script>\n\njQuery( document ).ready(function() {      \n\n    Tipus = 'destacat';\n\n    updateSpaceBetween();\n    spaceBetweenInicial = 60;\n    \n    if (Tipus=='intro-images' ) {\n    \/\/    spaceBetweenValueModul = 0;\n    }\n\n\n\n    console.log(\"spaceBetweenValueModul\",spaceBetweenValueModul);\n\n    var swiper = new Swiper(\"#swiper-69ff3bd7db4bb\", {\n      slidesPerView: \"auto\",\n      spaceBetween: spaceBetweenInicial,\n      \tfreeMode: true,\n\t  \tbreakpoints: {\n\t        \/\/ Quan l'amplada de la pantalla sigui major a 1024px\n\t        1024: {\n\t            spaceBetween: spaceBetweenValue,\n\t        },\n\t    },\n        \/\/ Navigation arrows\n        navigation: {\n            nextEl: '.swiper-button-next',\n            prevEl: '.swiper-button-prev',\n        },\n        mousewheel: {\n            releaseOnEdges: true,\n            forceToAxis: true,\n            sensitivity:    1,\n        },\n        a11y: {\n            prevSlideMessage: 'Diapositiva anterior',\n            nextSlideMessage: 'Diapositiva siguiente',\n        },\n    });\n\n\n \n\n\n    \/*\n    jQuery('.bloc-destacats').each(function() {\n        const nextDiv = jQuery(this).next('div');\n        if (nextDiv.hasClass('contingut-ampliat')) {\n            console.log('T\u00e9 .contingut-ampliat despr\u00e9s');\n            \/\/ Aqu\u00ed pots fer accions, per exemple:\n            \/\/ $nextDiv.addClass('marcat'); o $(this).append($nextDiv);\n        }\n    });\n    *\/\n})\n<\/script>\n\n","protected":false},"excerpt":{"rendered":"<p>La finalidad de Amigos de los Museos Dal\u00ed es difundir la imagen y las actividades muse\u00edsticas del Teatro-Museo Dal\u00ed de Figueres, el Castillo Gala-Dal\u00ed de P\u00fabol y la Casa-Museo Salvador Dal\u00ed de Portlligat, siendo al mismo tiempo un lugar de encuentro para una serie de personas que coinciden en su admiraci\u00f3n hacia Dal\u00ed. Las actividades [&hellip;]<\/p>\n","protected":false},"author":3,"featured_media":12456,"parent":7579,"menu_order":342,"comment_status":"closed","ping_status":"closed","template":"","meta":{"_acf_changed":false,"_coblocks_attr":"","_coblocks_dimensions":"","_coblocks_responsive_height":"","_coblocks_accordion_ie_support":"","footnotes":""},"categories":[],"tags":[],"class_list":["post-10696","page","type-page","status-publish","has-post-thumbnail","hentry"],"acf":[],"_links":{"self":[{"href":"https:\/\/webdali.latempesta.eu\/es\/wp-json\/wp\/v2\/pages\/10696","targetHints":{"allow":["GET"]}}],"collection":[{"href":"https:\/\/webdali.latempesta.eu\/es\/wp-json\/wp\/v2\/pages"}],"about":[{"href":"https:\/\/webdali.latempesta.eu\/es\/wp-json\/wp\/v2\/types\/page"}],"author":[{"embeddable":true,"href":"https:\/\/webdali.latempesta.eu\/es\/wp-json\/wp\/v2\/users\/3"}],"replies":[{"embeddable":true,"href":"https:\/\/webdali.latempesta.eu\/es\/wp-json\/wp\/v2\/comments?post=10696"}],"version-history":[{"count":1,"href":"https:\/\/webdali.latempesta.eu\/es\/wp-json\/wp\/v2\/pages\/10696\/revisions"}],"predecessor-version":[{"id":13461,"href":"https:\/\/webdali.latempesta.eu\/es\/wp-json\/wp\/v2\/pages\/10696\/revisions\/13461"}],"up":[{"embeddable":true,"href":"https:\/\/webdali.latempesta.eu\/es\/wp-json\/wp\/v2\/pages\/7579"}],"wp:featuredmedia":[{"embeddable":true,"href":"https:\/\/webdali.latempesta.eu\/es\/wp-json\/wp\/v2\/media\/12456"}],"wp:attachment":[{"href":"https:\/\/webdali.latempesta.eu\/es\/wp-json\/wp\/v2\/media?parent=10696"}],"wp:term":[{"taxonomy":"category","embeddable":true,"href":"https:\/\/webdali.latempesta.eu\/es\/wp-json\/wp\/v2\/categories?post=10696"},{"taxonomy":"post_tag","embeddable":true,"href":"https:\/\/webdali.latempesta.eu\/es\/wp-json\/wp\/v2\/tags?post=10696"}],"curies":[{"name":"wp","href":"https:\/\/api.w.org\/{rel}","templated":true}]}}