{"id":10766,"date":"2025-03-17T13:48:41","date_gmt":"2025-03-17T11:48:41","guid":{"rendered":"https:\/\/webdali.latempesta.eu\/obra\/ced\/fons-documental\/documents-audiovisuals-i-sonors\/"},"modified":"2025-07-02T16:36:04","modified_gmt":"2025-07-02T14:36:04","slug":"documentos-audiovisuales-y-sonoros","status":"publish","type":"page","link":"https:\/\/webdali.latempesta.eu\/es\/obra\/ced\/fondo-documental\/documentos-audiovisuales-y-sonoros\/","title":{"rendered":"Documentos audiovisuales y sonoros"},"content":{"rendered":"\n<div class=\"wp-block-columns global-column is-layout-flex wp-container-core-columns-is-layout-9d6595d7 wp-block-columns-is-layout-flex\">\n<div class=\"wp-block-column is-layout-flow wp-block-column-is-layout-flow\">\n<p>El Centro de Estudios&nbsp;Dalinianos&nbsp;tiene por objetivo recopilar y catalogar los documentos audiovisuales que guardan una relaci\u00f3n m\u00e1s o menos directa con Salvador Dal\u00ed. El fondo est\u00e1 formado por m\u00e1s de 900 documentos y re\u00fane las pel\u00edculas en las que el artista participa activamente, ya sea en la concepci\u00f3n del filme, su direcci\u00f3n, el guion o el dise\u00f1o de la escenograf\u00eda. Cuenta tambi\u00e9n con una vasta compilaci\u00f3n de im\u00e1genes de archivo que incluyen anuncios, entrevistas y reportajes muy diversos. Paralelamente, el centro recopila y cataloga una extensa colecci\u00f3n de documentales y programas de televisi\u00f3n dedicados al artista, centrados especialmente\u202fen su biograf\u00eda, trayectoria art\u00edstica, pasiones y entorno geogr\u00e1fico y humano m\u00e1s cercanos.<\/p>\n\n\n\n<p>Tras visionar y catalogar los documentos se inicia la fase de investigaci\u00f3n, para contextualizar y ampliar los conocimientos sobre el contenido de las filmaciones. La relevancia de estos materiales es clave, no solo por la informaci\u00f3n de primera mano que proporcionan, sino tambi\u00e9n porque permiten&nbsp;profundizar&nbsp;en la faceta m\u00e1s medi\u00e1tica de Salvador Dal\u00ed, considerado uno de los primeros artistas en ser consciente del poder de la imagen. Su presencia en este medio es, en cierto modo, inherente a la creaci\u00f3n&nbsp;daliniana&nbsp;y es fundamental para entender el personaje y la obra de Salvador Dal\u00ed.<\/p>\n\n\n\n<p>Por otro lado, el archivo de documentos sonoros cuenta con un fondo de m\u00e1s de 200 documentos de varios formatos que se conservan entre la torre&nbsp;Galatea, la Casa-Museo de&nbsp;Portlligat&nbsp;y el Castillo Gala Dal\u00ed de&nbsp;P\u00fabol. Este material nos permite acercarnos a los intereses musicales de Dal\u00ed y de Gala, as\u00ed como efectuar un seguimiento de la participaci\u00f3n de Dal\u00ed en algunos proyectos y constatar c\u00f3mo la figura y la obra del maestro sirven de fuente de inspiraci\u00f3n para varias car\u00e1tulas y composiciones musicales.<\/p>\n\n\n<script>var is_masonry=false;<\/script>\t        <div class=\"swiper coeli-swiper-heritageobject coeli-swiper-agrupacions coeli-swiper-8420\"              id=\"coeli-swiper-8420\">\n            <!-- Additional required wrapper -->\n            <ul class=\"swiper-wrapper coeli-result-list\" id=\"coeli-ul-agrupacio-8420\">\n                <!-- Slides -->\n\t\t\t\t                    <li id=\"4395-e413\"\n                        class=\"swiper-slide s-2 t-1 m-2\"><a href=\"https:\/\/webdali.latempesta.eu\/es\/heritageobject\/4395-e413\/\"><figure class=\"image portraitmedia-medium\"><img decoding=\"async\" alt=\"\" src=\"https:\/\/d1i5r06pd82mff.cloudfront.net\/public\/DigitalAsset\/f886fede-c893-1a0c-3a3b-2b690bca9038\/d1307de90652b997a8f83910ae59266d\/full\/medium\/0\/default.jpg\"><\/figure><p class=\"coeli-title\">Foto de rodatge de \u00abl&#8217;\u00c2ge d&#8217;or\u00bb de Luis Bu\u00f1uel<\/p><p class=\"coeli-production-date\">1930<\/p><\/a><\/li>\n\t\t\t\t                    <li id=\"3716\"\n                        class=\"swiper-slide s-2 t-1 m-2\"><a href=\"https:\/\/webdali.latempesta.eu\/es\/heritageobject\/3716\/\"><figure class=\"image portraitmedia-medium\"><img decoding=\"async\" alt=\"\" src=\"https:\/\/d1i5r06pd82mff.cloudfront.net\/public\/DigitalAsset\/428cdfcef24b938aca55f933bf01a9dc\/3189c60aca96ffed30ed6f3639d5aadd\/full\/medium\/0\/default.jpg\"><\/figure><p class=\"coeli-title\">\u00abBabaouo c&#8217;est un film surrealiste\u00bb<\/p><p class=\"coeli-production-actorsinrole-actors\">Dal\u00ed i Dom\u00e8nech, Salvador<\/p><p class=\"coeli-production-date\">1932<\/p><\/a><\/li>\n\t\t\t\t                    <li id=\"5301-7888\"\n                        class=\"swiper-slide s-2 t-1 m-2\"><a href=\"https:\/\/webdali.latempesta.eu\/es\/heritageobject\/5301-7888\/\"><figure class=\"coeli-portraitmedia-medium coeli-no-representation\"><img decoding=\"async\" src=\"https:\/\/upload.wikimedia.org\/wikipedia\/commons\/f\/f7\/No_Image_%282879926%29_-_The_Noun_Project.svg\" alt=\"Empty\"\/><\/figure><p class=\"coeli-title\">Salvador Dal\u00ed davant d\u2019un dels decorats per a \u00abSpellbound\u00bb<\/p><p class=\"coeli-production-date\">1945<\/p><\/a><\/li>\n\t\t\t\t                    <li id=\"5317-6f47\"\n                        class=\"swiper-slide s-2 t-1 m-2\"><a href=\"https:\/\/webdali.latempesta.eu\/es\/heritageobject\/5317-6f47\/\"><figure class=\"image portraitmedia-medium\"><img decoding=\"async\" alt=\"\" src=\"https:\/\/d1i5r06pd82mff.cloudfront.net\/public\/DigitalAsset\/91aaa35f-9246-02f5-3b14-3a311c664c40\/51306361720211290d4ca5ecec8086aa\/full\/medium\/0\/default.jpg\"><\/figure><p class=\"coeli-title\">Salvador Dal\u00ed pintant projecte per a \u00abDestino\u00bb de Walt Disney<\/p><p class=\"coeli-production-date\">1946<\/p><\/a><\/li>\n\t\t\t\t                    <li id=\"492\"\n                        class=\"swiper-slide s-2 t-1 m-2\"><a href=\"https:\/\/webdali.latempesta.eu\/es\/heritageobject\/492\/\"><figure class=\"image portraitmedia-medium\"><img decoding=\"async\" alt=\"\" src=\"https:\/\/d1i5r06pd82mff.cloudfront.net\/public\/DigitalAsset\/b47fc3f6-47c5-0201-3390-0a4156bb45fc\/e6b5fa7927263c9006857f7f53e45a18\/full\/medium\/0\/default.jpg\"><\/figure><p class=\"coeli-title\">Projecte per a \u00abDestino\u00bb<\/p><p class=\"coeli-production-actorsinrole-actors\">Dal\u00ed i Dom\u00e8nech, Salvador<\/p><p class=\"coeli-production-date\">c. 1946<\/p><\/a><\/li>\n\t\t\t\t                    <li id=\"38120\"\n                        class=\"swiper-slide s-2 t-1 m-2\"><a href=\"https:\/\/webdali.latempesta.eu\/es\/heritageobject\/38120\/\"><figure class=\"image portraitmedia-medium\"><img decoding=\"async\" alt=\"\" src=\"https:\/\/d1i5r06pd82mff.cloudfront.net\/public\/DigitalAsset\/41817e01-76d8-7944-dc2e-1f0614aae76b\/3589f9b60ecfa9b34b6370f45bac85c7\/full\/medium\/0\/default.jpg\"><\/figure><p class=\"coeli-title\">Un Chien Andalou<\/p><p class=\"coeli-production-actorsinrole-actors\">Bu\u00f1uel, Luis \u00b7 Dal\u00ed, Salvador \u00b7 Luis Bu\u00f1uel \u00b7 Salvador Dal\u00ed<\/p><p class=\"coeli-production-date\">1929|Aquest DVD ha estat distribuit el 2004<\/p><\/a><\/li>\n\t\t\t\t                    <li id=\"38361\"\n                        class=\"swiper-slide s-2 t-1 m-2\"><a href=\"https:\/\/webdali.latempesta.eu\/es\/heritageobject\/38361\/\"><figure class=\"image portraitmedia-medium\"><img decoding=\"async\" alt=\"\" src=\"https:\/\/d1i5r06pd82mff.cloudfront.net\/public\/DigitalAsset\/a78c0789-b551-b539-8135-deb33912afad\/9b35883078b3960d221ecc6db04559d3\/full\/medium\/0\/default.jpg\"><\/figure><p class=\"coeli-title\">Autoportrait mou de Salvador Dal\u00ed<\/p><p class=\"coeli-production-actorsinrole-actors\">Averty, Jean Christophe \u00b7 RM Productions, T\u00e9l\u00e9vision Francaise, Henry R. Coty \u00b7 Lucien Billard \u00b7 Jean Christophe Averty \u00b7 Robert Descharnes<\/p><p class=\"coeli-production-date\">1966<\/p><\/a><\/li>\n\t\t\t\t            <\/ul>\n\t\t\t\t\t\t                <!-- If we need navigation buttons -->\n                <div class=\"swiper-coeli-button-prev swiper-button-prev coeli-swiper-prev-8420\"><\/div>\n                <div class=\"swiper-coeli-button-next swiper-button-next coeli-swiper-next-8420\"><\/div>\n\t\t\t        <\/div>\n\n        <script>\n            var slider_args_8420= {\n                \/\/ Optional parameters\n                direction: 'horizontal',\n                breakpoints: {\n                    640: {\n                        slidesPerView: 1,\n                        spaceBetween: 0,\n                    },\n                    768: {\n                        slidesPerView: 1,\n                        spaceBetween: 0,\n                    },\n                    1024: {\n                        slidesPerView: 2,\n                        spaceBetween: 0,\n                    },\n                },\n\t\t\t\t                autoplay: {\n                    delay: 30000000,\n                    disableOnInteraction: false,\n                },\n\t\t\t\t\t\t\t\t\t\t\t\t                speed: 300,\n\t\t\t\t                loop: false,\n                \/\/ If we need pagination\n                pagination: {\n                    el: '.swiper-pagination-8420',\n                },\n                \/\/ Navigation arrows\n                navigation: {\n                    nextEl: '.coeli-swiper-next-8420',\n                    prevEl: '.coeli-swiper-prev-8420',\n                }\n            }\n        <\/script>\n\t<\/div>\n<\/div>\n\n\n    <div  class=\"wp-block-columns swiper-column   destacat bloc-destacats \" style=\"background-image: linear-gradient(to right, white, white)\">\n        <div class=\"wp-block-column\">\n            <div id=\"swiper-69ff3bf952aa3\" class=\"swiper destacats dues\" >\n                <div class=\"swiper-wrapper\">\n\n                                            <div class=\"swiper-slide intro\">\n                            <h2>Te puede interesar<\/h2>\n                            <div class=\"descripcio\"><p>Sigue explorando los fondos documentales de la Fundaci\u00f3n Gala-Salvador Dal\u00ed.<\/p>\n<\/div>\n                                                    <\/div>\n                    \n\n                    \n                        \n                        <div class=\"swiper-slide\">\n                                                            <div class=\"banner\" style=\"background-image: url(https:\/\/webdali.latempesta.eu\/wp-content\/uploads\/2025\/03\/Proovisional_Capcalera-fons-documental-755x1024.jpg)\">\n                                                                            <ul class=\"context\">\n                                            <li class=\"context__item\" aria-label=\"hidden\">                                            <\/li>\n                                        <\/ul>\n                                    \n                                    <h3 class=\"titol\">Hemeroteca<\/h3>\n                                        \n                                    <div class=\"button fletxa\"><a href=\"https:\/\/webdali.latempesta.eu\/es\/obra\/ced\/hemeroteca\/\">M\u00e1s informaci\u00f3n<\/a><\/div>\n\n                                    \n                                <\/div>\n                                                    <\/div>\n\n                    \n                        \n                        <div class=\"swiper-slide\">\n                                                            <div class=\"banner\" style=\"background-image: url(https:\/\/webdali.latempesta.eu\/wp-content\/uploads\/2025\/03\/6_editora_49_6_1_10201020.jpg)\">\n                                                                            <ul class=\"context\">\n                                            <li class=\"context__item\" aria-label=\"hidden\">                                            <\/li>\n                                        <\/ul>\n                                    \n                                    <h3 class=\"titol\">Fotograf\u00edas<\/h3>\n                                        \n                                    <div class=\"button fletxa\"><a href=\"https:\/\/webdali.latempesta.eu\/es\/obra\/ced\/fondo-documental\/fotografias\/\">M\u00e1s informaci\u00f3n<\/a><\/div>\n\n                                    \n                                <\/div>\n                                                    <\/div>\n\n                    \n                        \n                        <div class=\"swiper-slide\">\n                                                            <div class=\"banner\" style=\"background-image: url(https:\/\/webdali.latempesta.eu\/wp-content\/uploads\/2025\/03\/5_manifiesto_editora_48_5_1_10201020.jpg)\">\n                                                                            <ul class=\"context\">\n                                            <li class=\"context__item\" aria-label=\"hidden\">                                            <\/li>\n                                        <\/ul>\n                                    \n                                    <h3 class=\"titol\">Documentos ef\u00edmeros<\/h3>\n                                        \n                                    <div class=\"button fletxa\"><a href=\"https:\/\/webdali.latempesta.eu\/es\/obra\/ced\/fondo-documental\/documentos-efimeros\/\">M\u00e1s informaci\u00f3n<\/a><\/div>\n\n                                    \n                                <\/div>\n                                                    <\/div>\n\n                    \n                        \n                        <div class=\"swiper-slide\">\n                                                            <div class=\"banner\" style=\"background-image: url(https:\/\/webdali.latempesta.eu\/wp-content\/uploads\/2025\/03\/523___5_ghyka_editora_46_6_1_10201020.jpg)\">\n                                                                            <ul class=\"context\">\n                                            <li class=\"context__item\" aria-label=\"hidden\">                                            <\/li>\n                                        <\/ul>\n                                    \n                                    <h3 class=\"titol\">Correspondencia<\/h3>\n                                        \n                                    <div class=\"button fletxa\"><a href=\"https:\/\/webdali.latempesta.eu\/es\/obra\/ced\/fondo-documental\/correspondencia\/\">M\u00e1s informaci\u00f3n<\/a><\/div>\n\n                                    \n                                <\/div>\n                                                    <\/div>\n\n                    \n                        \n                        <div class=\"swiper-slide\">\n                                                            <div class=\"banner\" style=\"background-image: url(https:\/\/webdali.latempesta.eu\/wp-content\/uploads\/2025\/03\/4_disney_editora_45_4_1_10201020.jpg)\">\n                                                                            <ul class=\"context\">\n                                            <li class=\"context__item\" aria-label=\"hidden\">                                            <\/li>\n                                        <\/ul>\n                                    \n                                    <h3 class=\"titol\">Manuscritos<\/h3>\n                                        \n                                    <div class=\"button fletxa\"><a href=\"https:\/\/webdali.latempesta.eu\/es\/obra\/ced\/fondo-documental\/manuscritos\/\">M\u00e1s informaci\u00f3n<\/a><\/div>\n\n                                    \n                                <\/div>\n                                                    <\/div>\n\n                    \n                        \n                        <div class=\"swiper-slide\">\n                                                            <div class=\"banner\" style=\"background-image: url(https:\/\/webdali.latempesta.eu\/wp-content\/uploads\/2025\/03\/Provisional_Capcalera-fons-documental.jpg)\">\n                                                                            <ul class=\"context\">\n                                            <li class=\"context__item\" aria-label=\"hidden\">                                            <\/li>\n                                        <\/ul>\n                                    \n                                    <h3 class=\"titol\">Fondo de la biblioteca personal de Dal\u00ed<\/h3>\n                                        \n                                    <div class=\"button fletxa\"><a href=\"https:\/\/webdali.latempesta.eu\/es\/obra\/ced\/fondo-documental\/fondo-de-la-biblioteca-personal-de-dali\/\">M\u00e1s informaci\u00f3n<\/a><\/div>\n\n                                    \n                                <\/div>\n                                                    <\/div>\n\n                                    <\/div>\n                <!-- Swiper navigation buttons -->\n                <div class=\"swiper-button-prev\">\n                    <span class=\"screen-reader-text\">Diapositiva anterior<\/span>\n                <\/div>\n                <div class=\"swiper-button-next\">\n                    <span class=\"screen-reader-text\">Diapositiva siguiente<\/span>\n                <\/div>\n            <\/div>\n        <\/div>\n    <\/div>\n\n\n\n<!-- Swiper JS -->\n<script src=\"https:\/\/cdn.jsdelivr.net\/npm\/swiper@11\/swiper-bundle.min.js\"><\/script>\n\n<!-- Initialize Swiper -->\n<script>\n\njQuery( document ).ready(function() {      \n\n    Tipus = 'destacat';\n\n    updateSpaceBetween();\n    spaceBetweenInicial = 60;\n    \n    if (Tipus=='intro-images' ) {\n    \/\/    spaceBetweenValueModul = 0;\n    }\n\n\n\n    console.log(\"spaceBetweenValueModul\",spaceBetweenValueModul);\n\n    var swiper = new Swiper(\"#swiper-69ff3bf952aa3\", {\n      slidesPerView: \"auto\",\n      spaceBetween: spaceBetweenInicial,\n      \tfreeMode: true,\n\t  \tbreakpoints: {\n\t        \/\/ Quan l'amplada de la pantalla sigui major a 1024px\n\t        1024: {\n\t            spaceBetween: spaceBetweenValue,\n\t        },\n\t    },\n        \/\/ Navigation arrows\n        navigation: {\n            nextEl: '.swiper-button-next',\n            prevEl: '.swiper-button-prev',\n        },\n        mousewheel: {\n            releaseOnEdges: true,\n            forceToAxis: true,\n            sensitivity:    1,\n        },\n        a11y: {\n            prevSlideMessage: 'Diapositiva anterior',\n            nextSlideMessage: 'Diapositiva siguiente',\n        },\n    });\n\n\n \n\n\n    \/*\n    jQuery('.bloc-destacats').each(function() {\n        const nextDiv = jQuery(this).next('div');\n        if (nextDiv.hasClass('contingut-ampliat')) {\n            console.log('T\u00e9 .contingut-ampliat despr\u00e9s');\n            \/\/ Aqu\u00ed pots fer accions, per exemple:\n            \/\/ $nextDiv.addClass('marcat'); o $(this).append($nextDiv);\n        }\n    });\n    *\/\n})\n<\/script>\n\n","protected":false},"excerpt":{"rendered":"<p>El Centro de Estudios&nbsp;Dalinianos&nbsp;tiene por objetivo recopilar y catalogar los documentos audiovisuales que guardan una relaci\u00f3n m\u00e1s o menos directa con Salvador Dal\u00ed. El fondo est\u00e1 formado por m\u00e1s de 900 documentos y re\u00fane las pel\u00edculas en las que el artista participa activamente, ya sea en la concepci\u00f3n del filme, su direcci\u00f3n, el guion o [&hellip;]<\/p>\n","protected":false},"author":3,"featured_media":2254,"parent":10762,"menu_order":0,"comment_status":"closed","ping_status":"closed","template":"","meta":{"_acf_changed":false,"_coblocks_attr":"","_coblocks_dimensions":"","_coblocks_responsive_height":"","_coblocks_accordion_ie_support":"","footnotes":""},"categories":[],"tags":[],"class_list":["post-10766","page","type-page","status-publish","has-post-thumbnail","hentry"],"acf":[],"_links":{"self":[{"href":"https:\/\/webdali.latempesta.eu\/es\/wp-json\/wp\/v2\/pages\/10766","targetHints":{"allow":["GET"]}}],"collection":[{"href":"https:\/\/webdali.latempesta.eu\/es\/wp-json\/wp\/v2\/pages"}],"about":[{"href":"https:\/\/webdali.latempesta.eu\/es\/wp-json\/wp\/v2\/types\/page"}],"author":[{"embeddable":true,"href":"https:\/\/webdali.latempesta.eu\/es\/wp-json\/wp\/v2\/users\/3"}],"replies":[{"embeddable":true,"href":"https:\/\/webdali.latempesta.eu\/es\/wp-json\/wp\/v2\/comments?post=10766"}],"version-history":[{"count":0,"href":"https:\/\/webdali.latempesta.eu\/es\/wp-json\/wp\/v2\/pages\/10766\/revisions"}],"up":[{"embeddable":true,"href":"https:\/\/webdali.latempesta.eu\/es\/wp-json\/wp\/v2\/pages\/10762"}],"wp:featuredmedia":[{"embeddable":true,"href":"https:\/\/webdali.latempesta.eu\/es\/wp-json\/wp\/v2\/media\/2254"}],"wp:attachment":[{"href":"https:\/\/webdali.latempesta.eu\/es\/wp-json\/wp\/v2\/media?parent=10766"}],"wp:term":[{"taxonomy":"category","embeddable":true,"href":"https:\/\/webdali.latempesta.eu\/es\/wp-json\/wp\/v2\/categories?post=10766"},{"taxonomy":"post_tag","embeddable":true,"href":"https:\/\/webdali.latempesta.eu\/es\/wp-json\/wp\/v2\/tags?post=10766"}],"curies":[{"name":"wp","href":"https:\/\/api.w.org\/{rel}","templated":true}]}}