{"id":13779,"date":"2025-07-21T17:07:22","date_gmt":"2025-07-21T15:07:22","guid":{"rendered":"https:\/\/webdali.latempesta.eu\/?page_id=13779"},"modified":"2025-07-25T11:34:00","modified_gmt":"2025-07-25T09:34:00","slug":"exposiciones-temporales","status":"publish","type":"page","link":"https:\/\/webdali.latempesta.eu\/es\/obra\/exposiciones-temporales\/","title":{"rendered":"Exposiciones temporales"},"content":{"rendered":"\n<div class=\"wp-block-columns facetwp-filters is-layout-flex wp-container-core-columns-is-layout-9d6595d7 wp-block-columns-is-layout-flex\">\n<div class=\"wp-block-column is-layout-flow wp-block-column-is-layout-flow\">\n<p>Idiomas<\/p>\n\n\n<div class=\"facetwp-facet facetwp-facet-buscador facetwp-type-search\" data-name=\"buscador\" data-type=\"search\"><\/div>\n<\/div>\n<\/div>\n\n\n<div class=\"facetwp-template\" data-name=\"exposicions\"><ul class=\"fwpl-layout list\">\n  \t<li class=\"grid-item\">\n\n        \t\t\n        <div class=\"item-header\">\n            <figure class=\"image\"><img loading=\"lazy\" decoding=\"async\" width=\"254\" height=\"300\" src=\"https:\/\/webdali.latempesta.eu\/wp-content\/uploads\/2025\/07\/1327-large-254x300.jpg\" class=\"attachment-medium size-medium wp-post-image\" alt=\"\" srcset=\"https:\/\/webdali.latempesta.eu\/wp-content\/uploads\/2025\/07\/1327-large-254x300.jpg 254w, https:\/\/webdali.latempesta.eu\/wp-content\/uploads\/2025\/07\/1327-large-865x1024.jpg 865w, https:\/\/webdali.latempesta.eu\/wp-content\/uploads\/2025\/07\/1327-large-768x909.jpg 768w, https:\/\/webdali.latempesta.eu\/wp-content\/uploads\/2025\/07\/1327-large.jpg 1129w\" sizes=\"auto, (max-width: 254px) 100vw, 254px\" \/><\/figure>\n\n            <div class=\"item-location\">\n            Castillo Gala Dal\u00ed-P\u00fabol            <\/div>\n\n            \n\n            \n\n        <\/div>\n        <div class=\"item-content\">\n\n                        <a href=\"https:\/\/webdali.latempesta.eu\/es\/educacion-y-actividades\/actividad\/el-despertar-del-mito-gala-dali\/\"><div class=\"title\">El despertar del mito: Gala Dal\u00ed<\/div><\/a>\n            <div class=\"item-data\">\n            18 de marzo de 2025 - 7 de enero de 2026<br>            <\/div>\n            <div class=\"excerpt\">El proyecto expositivo, fruto de la colaboraci\u00f3n entre la Fundaci\u00f3n Gala-Salvador Dal\u00ed y La Roca Village, se enmarca en una iniciativa m\u00e1s amplia que nace con la voluntad de redescubrir la identidad de Gala Dal\u00ed y valorar su impacto en la moda, la cultura y la sociedad.<\/div>\n        <\/div>\n\t\t\n\t<\/li>\n\t\n  \t<li class=\"grid-item\">\n\n        \t\t\n        <div class=\"item-header\">\n            <figure class=\"image\"><img loading=\"lazy\" decoding=\"async\" width=\"300\" height=\"200\" src=\"https:\/\/webdali.latempesta.eu\/wp-content\/uploads\/2025\/02\/Tretre-Museu_organisme-viu_exemple-300x200.jpg\" class=\"attachment-medium size-medium wp-post-image\" alt=\"\" srcset=\"https:\/\/webdali.latempesta.eu\/wp-content\/uploads\/2025\/02\/Tretre-Museu_organisme-viu_exemple-300x200.jpg 300w, https:\/\/webdali.latempesta.eu\/wp-content\/uploads\/2025\/02\/Tretre-Museu_organisme-viu_exemple-768x512.jpg 768w, https:\/\/webdali.latempesta.eu\/wp-content\/uploads\/2025\/02\/Tretre-Museu_organisme-viu_exemple-391x260.jpg 391w, https:\/\/webdali.latempesta.eu\/wp-content\/uploads\/2025\/02\/Tretre-Museu_organisme-viu_exemple.jpg 1024w\" sizes=\"auto, (max-width: 300px) 100vw, 300px\" \/><\/figure>\n\n            <div class=\"item-location\">\n            Teatro-Museo Dal\u00ed            <\/div>\n\n            \n\n            \n\n        <\/div>\n        <div class=\"item-content\">\n\n                        <a href=\"https:\/\/webdali.latempesta.eu\/es\/educacion-y-actividades\/actividad\/dali-de-noche-4\/\"><div class=\"title\">El Teatro-Museo Dal\u00ed: un organismo vivo<\/div><\/a>\n            <div class=\"item-data\">\n            28 de septiembre de 2024 - 31 de agosto de 2025<br>            <\/div>\n            <div class=\"excerpt\">No creo que un museo sea un almac\u00e9n o un cementerio, en el que las grandes obras de arte s\u00f3lo est\u00e1n ah\u00ed para satisfacer la curiosidad de los paseantes del domingo. Por el contrario, un museo es un organismo vivo que crece y respira y act\u00faa; un organismo vivo que puede morir, tambi\u00e9n, si no se cumple su prop\u00f3sito vital. <\/div>\n        <\/div>\n\t\t\n\t<\/li>\n\t\n  \t<li class=\"grid-item\">\n\n        \t\t\n        <div class=\"item-header\">\n            <figure class=\"image\"><img loading=\"lazy\" decoding=\"async\" width=\"215\" height=\"300\" src=\"https:\/\/webdali.latempesta.eu\/wp-content\/uploads\/2025\/07\/0952-large-215x300.jpg\" class=\"attachment-medium size-medium wp-post-image\" alt=\"\" srcset=\"https:\/\/webdali.latempesta.eu\/wp-content\/uploads\/2025\/07\/0952-large-215x300.jpg 215w, https:\/\/webdali.latempesta.eu\/wp-content\/uploads\/2025\/07\/0952-large-733x1024.jpg 733w, https:\/\/webdali.latempesta.eu\/wp-content\/uploads\/2025\/07\/0952-large-768x1073.jpg 768w, https:\/\/webdali.latempesta.eu\/wp-content\/uploads\/2025\/07\/0952-large.jpg 800w\" sizes=\"auto, (max-width: 215px) 100vw, 215px\" \/><\/figure>\n\n            <div class=\"item-location\">\n            Teatro-Museo Dal\u00ed            <\/div>\n\n            \n\n            \n\n        <\/div>\n        <div class=\"item-content\">\n\n                        <a href=\"https:\/\/webdali.latempesta.eu\/es\/educacion-y-actividades\/actividad\/dali-de-noche-3\/\"><div class=\"title\">Mis pintores predilectos: Vel\u00e1zquez, Vermeer i Rafael<\/div><\/a>\n            <div class=\"item-data\">\n            28 de septiembre de 2024 - 31 de agosto de 2025<br>            <\/div>\n            <div class=\"excerpt\">Vel\u00e1zquez, Vermeer y Rafael fueron hechos con un molde incorruptible y son incorruptibles por que son antiacad\u00e9micos.<\/div>\n        <\/div>\n\t\t\n\t<\/li>\n\t\n  \t<li class=\"grid-item\">\n\n        \t\t\n        <div class=\"item-header\">\n            <figure class=\"image\"><img loading=\"lazy\" decoding=\"async\" width=\"230\" height=\"300\" src=\"https:\/\/webdali.latempesta.eu\/wp-content\/uploads\/2025\/05\/01_85890dalivisitantmuseus_172969771977_1024-230x300.jpg\" class=\"attachment-medium size-medium wp-post-image\" alt=\"Dal\u00ed visitant el Museu del Louvre\" srcset=\"https:\/\/webdali.latempesta.eu\/wp-content\/uploads\/2025\/05\/01_85890dalivisitantmuseus_172969771977_1024-230x300.jpg 230w, https:\/\/webdali.latempesta.eu\/wp-content\/uploads\/2025\/05\/01_85890dalivisitantmuseus_172969771977_1024.jpg 589w\" sizes=\"auto, (max-width: 230px) 100vw, 230px\" \/><\/figure>\n\n            <div class=\"item-location\">\n            Teatro-Museo Dal\u00ed            <\/div>\n\n            \n\n            \n\n        <\/div>\n        <div class=\"item-content\">\n\n                        <a href=\"https:\/\/webdali.latempesta.eu\/es\/educacion-y-actividades\/actividad\/dali-de-noche-2\/\"><div class=\"title\">El aparato fotogr\u00e1fico blando: una visi\u00f3n daliniana<\/div><\/a>\n            <div class=\"item-data\">\n            28 de septiembre de 2024 - 31 de agosto de 2025<br>            <\/div>\n            <div class=\"excerpt\">Esta exposici\u00f3n desvela una dimensi\u00f3n poco explorada de la figura de Salvador Dal\u00ed: la de espectador. Una dimensi\u00f3n que, de hecho, nos resulta mucho m\u00e1s cercana.<\/div>\n        <\/div>\n\t\t\n\t<\/li>\n\t\n  \t<li class=\"grid-item\">\n\n        \t\t\n        <div class=\"item-header\">\n            <figure class=\"image\"><img loading=\"lazy\" decoding=\"async\" width=\"212\" height=\"300\" src=\"https:\/\/webdali.latempesta.eu\/wp-content\/uploads\/2025\/07\/1074-large-212x300.jpg\" class=\"attachment-medium size-medium wp-post-image\" alt=\"\" srcset=\"https:\/\/webdali.latempesta.eu\/wp-content\/uploads\/2025\/07\/1074-large-212x300.jpg 212w, https:\/\/webdali.latempesta.eu\/wp-content\/uploads\/2025\/07\/1074-large-722x1024.jpg 722w, https:\/\/webdali.latempesta.eu\/wp-content\/uploads\/2025\/07\/1074-large-768x1089.jpg 768w, https:\/\/webdali.latempesta.eu\/wp-content\/uploads\/2025\/07\/1074-large.jpg 800w\" sizes=\"auto, (max-width: 212px) 100vw, 212px\" \/><\/figure>\n\n            <div class=\"item-location\">\n                        <\/div>\n\n            \n\n            \n\n        <\/div>\n        <div class=\"item-content\">\n\n                        <a href=\"https:\/\/exhibitions.salvador-dali.org\/es\/\"><div class=\"title\">+ Exposiciones<\/div><\/a>\n            <div class=\"item-data\">\n                        <\/div>\n            <div class=\"excerpt\">Haz clic aqu\u00ed para explorar las exposiciones temporales pasadas.<\/div>\n        <\/div>\n\t\t\n\t<\/li>\n\t\n  <\/ul>\n<\/div>\n\n\n\n<p><\/p>\n","protected":false},"excerpt":{"rendered":"<p>Idiomas<\/p>\n","protected":false},"author":8,"featured_media":13786,"parent":7585,"menu_order":0,"comment_status":"closed","ping_status":"closed","template":"","meta":{"_acf_changed":false,"_coblocks_attr":"","_coblocks_dimensions":"","_coblocks_responsive_height":"","_coblocks_accordion_ie_support":"","footnotes":""},"categories":[],"tags":[],"class_list":["post-13779","page","type-page","status-publish","has-post-thumbnail","hentry"],"acf":[],"_links":{"self":[{"href":"https:\/\/webdali.latempesta.eu\/es\/wp-json\/wp\/v2\/pages\/13779","targetHints":{"allow":["GET"]}}],"collection":[{"href":"https:\/\/webdali.latempesta.eu\/es\/wp-json\/wp\/v2\/pages"}],"about":[{"href":"https:\/\/webdali.latempesta.eu\/es\/wp-json\/wp\/v2\/types\/page"}],"author":[{"embeddable":true,"href":"https:\/\/webdali.latempesta.eu\/es\/wp-json\/wp\/v2\/users\/8"}],"replies":[{"embeddable":true,"href":"https:\/\/webdali.latempesta.eu\/es\/wp-json\/wp\/v2\/comments?post=13779"}],"version-history":[{"count":9,"href":"https:\/\/webdali.latempesta.eu\/es\/wp-json\/wp\/v2\/pages\/13779\/revisions"}],"predecessor-version":[{"id":13905,"href":"https:\/\/webdali.latempesta.eu\/es\/wp-json\/wp\/v2\/pages\/13779\/revisions\/13905"}],"up":[{"embeddable":true,"href":"https:\/\/webdali.latempesta.eu\/es\/wp-json\/wp\/v2\/pages\/7585"}],"wp:featuredmedia":[{"embeddable":true,"href":"https:\/\/webdali.latempesta.eu\/es\/wp-json\/wp\/v2\/media\/13786"}],"wp:attachment":[{"href":"https:\/\/webdali.latempesta.eu\/es\/wp-json\/wp\/v2\/media?parent=13779"}],"wp:term":[{"taxonomy":"category","embeddable":true,"href":"https:\/\/webdali.latempesta.eu\/es\/wp-json\/wp\/v2\/categories?post=13779"},{"taxonomy":"post_tag","embeddable":true,"href":"https:\/\/webdali.latempesta.eu\/es\/wp-json\/wp\/v2\/tags?post=13779"}],"curies":[{"name":"wp","href":"https:\/\/api.w.org\/{rel}","templated":true}]}}