{"id":14291,"date":"2025-12-10T08:55:00","date_gmt":"2025-12-10T07:55:00","guid":{"rendered":"https:\/\/webdali.latempesta.eu\/?page_id=14291"},"modified":"2025-12-10T11:11:56","modified_gmt":"2025-12-10T10:11:56","slug":"dali-fellowship-programme","status":"publish","type":"page","link":"https:\/\/webdali.latempesta.eu\/es\/fundacion-dali\/becas\/dali-fellowship-programme\/","title":{"rendered":"Dal\u00ed Fellowship Programme"},"content":{"rendered":"\n<div class=\"wp-block-columns col-text col-2 is-layout-flex wp-container-core-columns-is-layout-9d6595d7 wp-block-columns-is-layout-flex\">\n<div class=\"wp-block-column is-layout-flow wp-block-column-is-layout-flow\">\n<h2 class=\"wp-block-heading\">El programa<\/h2>\n<\/div>\n\n\n\n<div class=\"wp-block-column is-layout-flow wp-block-column-is-layout-flow\">\n<p>La Fundaci\u00f3 Gala-Salvador Dal\u00ed (FGSD) ha creado el Dal\u00ed Fellowship Programme, que tiene entre otros objetivos la promoci\u00f3n de la investigaci\u00f3n de la obra y el pensamiento de Salvador Dal\u00ed, el fomento de alianzas con universidades e instituciones reconocidas y la contribuci\u00f3n al intercambio de conocimientos entre investigadores y estudiosos del artista.<\/p>\n\n\n\n<p>Este 2026 se abre la primera convocatoria de este programa de becas a trav\u00e9s de la concesi\u00f3n de dos becas individuales a investigadores y estudiosos destinadas a la elaboraci\u00f3n de proyectos de investigaci\u00f3n, preferentemente en los campos tem\u00e1ticos siguientes:<\/p>\n\n\n\n<ul class=\"wp-block-list\">\n<li>Dal\u00ed, la arquitectura y la escenograf\u00eda<\/li>\n\n\n\n<li>Dal\u00ed performativo<\/li>\n\n\n\n<li>Dal\u00ed y la ciencia<\/li>\n\n\n\n<li>Dal\u00ed y la cultura material<\/li>\n\n\n\n<li>Dal\u00ed y la moda<\/li>\n\n\n\n<li>Influencias de Dal\u00ed en el arte contempor\u00e1neo<\/li>\n<\/ul>\n\n\n\n<p>El programa de becas ofrece a las personas seleccionadas la oportunidad de llevar a cabo su investigaci\u00f3n en la sede de la FGSD en Figueres, que se halla al lado del Teatro-Museo Dal\u00ed. Las personas beneficiarias tendr\u00e1n, entre otras ventajas, acceso especial al uso de los recursos y bases de datos documentales, bibliogr\u00e1ficos y digitales de la FGSD, as\u00ed como un seguimiento tutorizado por parte de una persona especializada de la FGSD cercana a la tem\u00e1tica del proyecto, un espacio de trabajo en la sede de la FGSD y facilidades de alojamiento.<\/p>\n\n\n\n<p>Esperamos tu propuesta de investigaci\u00f3n, en la que se valorar\u00e1 particularmente la calidad, la originalidad y el car\u00e1cter innovador en los \u00e1mbitos mencionados.<\/p>\n<\/div>\n<\/div>\n\n\n\n<div class=\"wp-block-columns col-text col-2 is-layout-flex wp-container-core-columns-is-layout-9d6595d7 wp-block-columns-is-layout-flex\">\n<div class=\"wp-block-column is-layout-flow wp-block-column-is-layout-flow\">\n<h2 class=\"wp-block-heading\">Bases de la convocatoria<\/h2>\n<\/div>\n\n\n\n<div class=\"wp-block-column is-layout-flow wp-block-column-is-layout-flow\">\n<p>Ya se pueden consultar las bases de la convocatoria 2026 del Dal\u00ed Fellowship Programme, que establecen las condiciones generales, los requisitos de participaci\u00f3n, el procedimiento de solicitud y los criterios de selecci\u00f3n de las becas.<\/p>\n\n\n\n<p>Puedes descargar el documento completo en formato PDF a trav\u00e9s del siguiente enlace:<\/p>\n\n\n\n<p><strong><a href=\"https:\/\/webdali.latempesta.eu\/wp-content\/uploads\/2025\/12\/ES_DFP_Convocatoria_2026.pdf\">Descarga las bases de la convocatoria 2026 (PDF)<\/a><\/strong><\/p>\n<\/div>\n<\/div>\n\n\n\n<div class=\"wp-block-columns col-text col-2 is-layout-flex wp-container-core-columns-is-layout-9d6595d7 wp-block-columns-is-layout-flex\">\n<div class=\"wp-block-column is-layout-flow wp-block-column-is-layout-flow\">\n<h2 class=\"wp-block-heading\">Solicita la Beca<\/h2>\n<\/div>\n\n\n\n<div class=\"wp-block-column is-layout-flow wp-block-column-is-layout-flow\">\n<p>Para participar en esta convocatoria, completa el formulario siguiente con tus datos y la informaci\u00f3n requerida. Una vez enviado, recibir\u00e1s un correo de confirmaci\u00f3n de la inscripci\u00f3n. Recomendamos revisar las bases y los requisitos de participaci\u00f3n antes de enviar la documentaci\u00f3n.<\/p>\n\n\n\n<div style=\"height:25px\" aria-hidden=\"true\" class=\"wp-block-spacer\"><\/div>\n<\/div>\n<\/div>\n\n\n\n<div class=\"wp-block-columns global-column contingut-ampliat is-layout-flex wp-container-core-columns-is-layout-9d6595d7 wp-block-columns-is-layout-flex\">\n<div class=\"wp-block-column is-layout-flow wp-block-column-is-layout-flow\" style=\"flex-basis:100%\">\n<div class=\"wp-block-buttons is-layout-flex wp-block-buttons-is-layout-flex\">\n    <div class=\"wp-block-button contingut-ampliat-boto\" data-class=\"contingut-ampliat integrat\">\n        <a class=\"wp-block-button__link wp-element-button\" tabindex=\"0\" >Formulario de inscripci\u00f3n<\/a>\n    <\/div>\n<\/div>\n\n\n\n\n\n\n\n\n\n\n\n<div class=\"wp-block-columns contingut-ampliat-content is-layout-flex wp-container-core-columns-is-layout-9d6595d7 wp-block-columns-is-layout-flex\">\n<div class=\"wp-block-column is-layout-flow wp-block-column-is-layout-flow\"><\/div>\n<\/div>\n<\/div>\n<\/div>\n\n\n\n<div style=\"height:100px\" aria-hidden=\"true\" class=\"wp-block-spacer\"><\/div>\n","protected":false},"excerpt":{"rendered":"<p>El programa La Fundaci\u00f3 Gala-Salvador Dal\u00ed (FGSD) ha creado el Dal\u00ed Fellowship Programme, que tiene entre otros objetivos la promoci\u00f3n de la investigaci\u00f3n de la obra y el pensamiento de Salvador Dal\u00ed, el fomento de alianzas con universidades e instituciones reconocidas y la contribuci\u00f3n al intercambio de conocimientos entre investigadores y estudiosos del artista. Este [&hellip;]<\/p>\n","protected":false},"author":3,"featured_media":1386,"parent":14285,"menu_order":0,"comment_status":"closed","ping_status":"closed","template":"","meta":{"_acf_changed":false,"_coblocks_attr":"","_coblocks_dimensions":"","_coblocks_responsive_height":"","_coblocks_accordion_ie_support":"","footnotes":""},"categories":[],"tags":[],"class_list":["post-14291","page","type-page","status-publish","has-post-thumbnail","hentry"],"acf":[],"_links":{"self":[{"href":"https:\/\/webdali.latempesta.eu\/es\/wp-json\/wp\/v2\/pages\/14291","targetHints":{"allow":["GET"]}}],"collection":[{"href":"https:\/\/webdali.latempesta.eu\/es\/wp-json\/wp\/v2\/pages"}],"about":[{"href":"https:\/\/webdali.latempesta.eu\/es\/wp-json\/wp\/v2\/types\/page"}],"author":[{"embeddable":true,"href":"https:\/\/webdali.latempesta.eu\/es\/wp-json\/wp\/v2\/users\/3"}],"replies":[{"embeddable":true,"href":"https:\/\/webdali.latempesta.eu\/es\/wp-json\/wp\/v2\/comments?post=14291"}],"version-history":[{"count":12,"href":"https:\/\/webdali.latempesta.eu\/es\/wp-json\/wp\/v2\/pages\/14291\/revisions"}],"predecessor-version":[{"id":14574,"href":"https:\/\/webdali.latempesta.eu\/es\/wp-json\/wp\/v2\/pages\/14291\/revisions\/14574"}],"up":[{"embeddable":true,"href":"https:\/\/webdali.latempesta.eu\/es\/wp-json\/wp\/v2\/pages\/14285"}],"wp:featuredmedia":[{"embeddable":true,"href":"https:\/\/webdali.latempesta.eu\/es\/wp-json\/wp\/v2\/media\/1386"}],"wp:attachment":[{"href":"https:\/\/webdali.latempesta.eu\/es\/wp-json\/wp\/v2\/media?parent=14291"}],"wp:term":[{"taxonomy":"category","embeddable":true,"href":"https:\/\/webdali.latempesta.eu\/es\/wp-json\/wp\/v2\/categories?post=14291"},{"taxonomy":"post_tag","embeddable":true,"href":"https:\/\/webdali.latempesta.eu\/es\/wp-json\/wp\/v2\/tags?post=14291"}],"curies":[{"name":"wp","href":"https:\/\/api.w.org\/{rel}","templated":true}]}}