{"id":7322,"date":"2025-05-27T09:16:02","date_gmt":"2025-05-27T07:16:02","guid":{"rendered":"https:\/\/webdali.latempesta.eu\/accessibilitat-web\/"},"modified":"2025-07-21T15:35:14","modified_gmt":"2025-07-21T13:35:14","slug":"accesibilidad-web","status":"publish","type":"page","link":"https:\/\/webdali.latempesta.eu\/es\/accesibilidad-web\/","title":{"rendered":"Accesibilidad Web"},"content":{"rendered":"\n<div class=\"wp-block-columns global-column is-layout-flex wp-container-core-columns-is-layout-9d6595d7 wp-block-columns-is-layout-flex\">\n<div class=\"wp-block-column is-layout-flow wp-block-column-is-layout-flow\">\n<p><strong>En la Fundaci\u00f3n Gala-Salvador Dal\u00ed nos comprometemos a garantizar que nuestro sitio web sea accesible para todas las personas<\/strong>.<\/p>\n\n\n\n<p><strong>Compromiso de accesibilidad<\/strong><\/p>\n\n\n\n<p>Nuestro objetivo es que todos los usuarios puedan percibir, utilizar, comprender y navegar por nuestro sitio web de forma aut\u00f3noma y en igualdad de condiciones.<\/p>\n\n\n\n<p>Por ello, estamos trabajando para cumplir con los criterios de accesibilidad de nivel AA de la norma UNE-EN 301 549 (equivalente a WCAG 2.1, Nivel AA) de acuerdo con:<\/p>\n\n\n\n<ul class=\"wp-block-list\">\n<li>La [DIRECTIVA (UE) 2016\/2102] del Parlamento Europeo y del Consejo, de octubre de 2016.<\/li>\n\n\n\n<li>El [Real Decreto 1112\/2018] sobre accesibilidad de los sitios web y aplicaciones para dispositivos m\u00f3viles del sector p\u00fablico.<\/li>\n<\/ul>\n\n\n\n<p><strong>Situaci\u00f3n de accesibilidad<\/strong><\/p>\n\n\n\n<p>Esta p\u00e1gina cumple parcialmente con los est\u00e1ndares de accesibilidad por los siguientes motivos:<\/p>\n\n\n\n<p>Todav\u00eda estamos trabajando para resolver algunos elementos que pueden dificultar el acceso a ciertas personas.<\/p>\n\n\n\n<p><strong>Contenidos no accesibles (o en proceso de adecuaci\u00f3n)<\/strong><\/p>\n\n\n\n<p>Algunas im\u00e1genes no cuentan con texto alternativo.<\/p>\n\n\n\n<p><strong>Comentarios y mecanismo de quejas<\/strong><\/p>\n\n\n\n<p>Si detecta alguna dificultad para acceder a la informaci\u00f3n o desea comunicar un problema de accesibilidad, por favor, p\u00f3ngase en contacto con nosotros:<\/p>\n\n\n\n<ul class=\"wp-block-list\">\n<li>Correo electr\u00f3nico: <strong><a>comunicacio@fundaciodali.org<\/a><\/strong><\/li>\n\n\n\n<li>Tel\u00e9fono: <strong>+34 972 677 505<\/strong><\/li>\n\n\n\n<li>Direcci\u00f3n postal: <strong>Torre Galatea &#8211; Pujada del Castell, 28 &#8211; 17600 Figueres<\/strong><\/li>\n<\/ul>\n\n\n\n<p>Sus comentarios ser\u00e1n evaluados por el equipo de accesibilidad para buscar una soluci\u00f3n lo antes posible.<\/p>\n\n\n\n<p><strong>Procedimiento de apelaci\u00f3n<\/strong><\/p>\n\n\n\n<p>En caso de no estar satisfecho con la respuesta recibida, puede presentar una reclamaci\u00f3n conforme a lo establecido en el Real Decreto 1112\/2018, a trav\u00e9s del mecanismo habilitado por el organismo supervisor.<\/p>\n\n\n\n<p><strong>\u00daltima actualizaci\u00f3n de esta declaraci\u00f3n de accesibilidad: 13 de junio de 2025<\/strong><\/p>\n<\/div>\n<\/div>\n\n\n\n<div style=\"height:200px\" aria-hidden=\"true\" class=\"wp-block-spacer\"><\/div>\n","protected":false},"excerpt":{"rendered":"<p>En la Fundaci\u00f3n Gala-Salvador Dal\u00ed nos comprometemos a garantizar que nuestro sitio web sea accesible para todas las personas. Compromiso de accesibilidad Nuestro objetivo es que todos los usuarios puedan percibir, utilizar, comprender y navegar por nuestro sitio web de forma aut\u00f3noma y en igualdad de condiciones. Por ello, estamos trabajando para cumplir con los [&hellip;]<\/p>\n","protected":false},"author":1,"featured_media":0,"parent":0,"menu_order":104,"comment_status":"closed","ping_status":"closed","template":"","meta":{"_acf_changed":false,"_coblocks_attr":"","_coblocks_dimensions":"","_coblocks_responsive_height":"","_coblocks_accordion_ie_support":"","footnotes":""},"categories":[],"tags":[],"class_list":["post-7322","page","type-page","status-publish","hentry"],"acf":[],"_links":{"self":[{"href":"https:\/\/webdali.latempesta.eu\/es\/wp-json\/wp\/v2\/pages\/7322","targetHints":{"allow":["GET"]}}],"collection":[{"href":"https:\/\/webdali.latempesta.eu\/es\/wp-json\/wp\/v2\/pages"}],"about":[{"href":"https:\/\/webdali.latempesta.eu\/es\/wp-json\/wp\/v2\/types\/page"}],"author":[{"embeddable":true,"href":"https:\/\/webdali.latempesta.eu\/es\/wp-json\/wp\/v2\/users\/1"}],"replies":[{"embeddable":true,"href":"https:\/\/webdali.latempesta.eu\/es\/wp-json\/wp\/v2\/comments?post=7322"}],"version-history":[{"count":2,"href":"https:\/\/webdali.latempesta.eu\/es\/wp-json\/wp\/v2\/pages\/7322\/revisions"}],"predecessor-version":[{"id":13730,"href":"https:\/\/webdali.latempesta.eu\/es\/wp-json\/wp\/v2\/pages\/7322\/revisions\/13730"}],"wp:attachment":[{"href":"https:\/\/webdali.latempesta.eu\/es\/wp-json\/wp\/v2\/media?parent=7322"}],"wp:term":[{"taxonomy":"category","embeddable":true,"href":"https:\/\/webdali.latempesta.eu\/es\/wp-json\/wp\/v2\/categories?post=7322"},{"taxonomy":"post_tag","embeddable":true,"href":"https:\/\/webdali.latempesta.eu\/es\/wp-json\/wp\/v2\/tags?post=7322"}],"curies":[{"name":"wp","href":"https:\/\/api.w.org\/{rel}","templated":true}]}}