{"id":7561,"date":"2025-03-17T10:28:53","date_gmt":"2025-03-17T08:28:53","guid":{"rendered":"https:\/\/webdali.latempesta.eu\/fundacio-dali\/serveis\/expertitzacio-d-obra\/"},"modified":"2025-06-30T09:10:17","modified_gmt":"2025-06-30T07:10:17","slug":"expertizacion-de-obra","status":"publish","type":"page","link":"https:\/\/webdali.latempesta.eu\/es\/fundacion-dali\/servicios\/expertizacion-de-obra\/","title":{"rendered":"Expertizaci\u00f3n de obra"},"content":{"rendered":"\n<div class=\"wp-block-columns global-column is-layout-flex wp-container-core-columns-is-layout-9d6595d7 wp-block-columns-is-layout-flex\">\n<div class=\"wp-block-column is-layout-flow wp-block-column-is-layout-flow\">\n<p>La Comisi\u00f3n de Autenticaci\u00f3n y Catalogaci\u00f3n ofrece su servicio de expertizaci\u00f3n por obra \u00fanica -aceites, acuarelas y dibujos- para autenticar su autor\u00eda de Salvador Dal\u00ed. En ning\u00fan caso, la Comisi\u00f3n emitir\u00e1 juicios de valor econ\u00f3mico ni realizar\u00e1 tasaci\u00f3n de las obras.<\/p>\n\n\n\n<p>Si le interesa este servicio, rellene el formulario adjunto y nos pondremos en contacto con usted para el traslado de la pieza a nuestras dependencias. Debe tenerse en cuenta que la Fundaci\u00f3n Dal\u00ed no asegura las obras que no son de su fondo. Si tiene que desplazar una obra, considere la opci\u00f3n de llevarla asegurada para el traslado y la estancia a la Fundaci\u00f3n, por un m\u00ednimo de tres (3) meses. Si lo hace desde el extranjero, tenga en cuenta los tr\u00e1mites de aduana. La pieza a expertizar debe hacerse llegar a la Fundaci\u00f3n sin marco y convenientemente protegida. En ning\u00fan caso la Comisi\u00f3n emitir\u00e1 juicios de valor econ\u00f3mico ni realizar\u00e1 tasaci\u00f3n de las obras.<\/p>\n\n\n\n<p>Si tan s\u00f3lo nos quiere dar a conocer su obra, le agradeceremos que nos dirija un e-mail a\u00a0<a href=\"mailto:ced@fundaciodali.org\">ced@fundaciodali.org<\/a><\/p>\n\n\n\n<p>La Comisi\u00f3n no ofrece su servicio de expertizaci\u00f3n para el estudio y la evaluaci\u00f3n de obra gr\u00e1fica y tridimensional, manuscritos y firmas. Lamentamos no poder ofrecerle en estos momentos un servicio que permita saber la autenticidad o la legitimidad de la pieza. Confiamos en poder hacerlo en un breve per\u00edodo de tiempo. Vuelva a visitar este sitio web para estar informados.<\/p>\n<\/div>\n<\/div>\n\n\n\n<div class=\"wp-block-columns global-column contingut-ampliat is-layout-flex wp-container-core-columns-is-layout-9d6595d7 wp-block-columns-is-layout-flex\">\n<div class=\"wp-block-column is-layout-flow wp-block-column-is-layout-flow\" style=\"flex-basis:100%\">\n<div class=\"wp-block-buttons is-layout-flex wp-block-buttons-is-layout-flex\">\n    <div class=\"wp-block-button contingut-ampliat-boto\" data-class=\"contingut-ampliat integrat\">\n        <a class=\"wp-block-button__link wp-element-button\" tabindex=\"0\" >Formulario de solicitud<\/a>\n    <\/div>\n<\/div>\n\n\n\n\n\n\n\n\n\n\n\n<div class=\"wp-block-columns contingut-ampliat-content is-layout-flex wp-container-core-columns-is-layout-9d6595d7 wp-block-columns-is-layout-flex\">\n<div class=\"wp-block-column is-layout-flow wp-block-column-is-layout-flow\"><\/div>\n<\/div>\n<\/div>\n<\/div>\n\n\n    <div  class=\"wp-block-columns swiper-column   destacat bloc-destacats \" style=\"background-image: linear-gradient(to right, white, white)\">\n        <div class=\"wp-block-column\">\n            <div id=\"swiper-69ff3bdb8377c\" class=\"swiper destacats dues\" >\n                <div class=\"swiper-wrapper\">\n\n                                            <div class=\"swiper-slide intro\">\n                            <h2>Nuestros servicios especializados<\/h2>\n                            <div class=\"descripcio\"><p>La Fundaci\u00f3n Gala &#8211; Salvador Dal\u00ed pone a disposici\u00f3n de profesionales, investigadores e instituciones sus servicios especializados: la expertizaci\u00f3n de obra, para garantizar la autenticidad y el estudio riguroso de las prendas; la gesti\u00f3n de derechos e imagen, para el adecuado uso de las im\u00e1genes y contenidos dalinianos; y la sala de prensa, con recursos y materiales para medios de comunicaci\u00f3n.<\/p>\n<\/div>\n                                                    <\/div>\n                    \n\n                    \n                        \n                        <div class=\"swiper-slide\">\n                                                            <div class=\"banner\" style=\"background-image: url(https:\/\/webdali.latempesta.eu\/wp-content\/uploads\/2025\/06\/default-7-1.jpg)\">\n                                                                            <ul class=\"context\">\n                                            <li class=\"context__item\" aria-label=\"hidden\">                                            <\/li>\n                                        <\/ul>\n                                    \n                                    <h3 class=\"titol\">Derechos e imagen<\/h3>\n                                        \n                                    <div class=\"button fletxa\"><a href=\"https:\/\/webdali.latempesta.eu\/es\/fundacion-dali\/servicios\/derechos-e-imagen\/\">M\u00e1s informaci\u00f3n<\/a><\/div>\n\n                                    \n                                <\/div>\n                                                    <\/div>\n\n                    \n                        \n                        <div class=\"swiper-slide\">\n                                                            <div class=\"banner\" style=\"background-image: url(https:\/\/webdali.latempesta.eu\/wp-content\/uploads\/2025\/05\/Dematerialization-Near-the-Nose-of-Nero-612x1024.jpg)\">\n                                                                            <ul class=\"context\">\n                                            <li class=\"context__item\" aria-label=\"hidden\">                                            <\/li>\n                                        <\/ul>\n                                    \n                                    <h3 class=\"titol\">Sala de prensa<\/h3>\n                                        \n                                    <div class=\"button fletxa\"><a href=\"https:\/\/webdali.latempesta.eu\/es\/fundacion-dali\/servicios\/sala-de-prensa\/\">M\u00e1s informaci\u00f3n<\/a><\/div>\n\n                                    \n                                <\/div>\n                                                    <\/div>\n\n                                    <\/div>\n                <!-- Swiper navigation buttons -->\n                <div class=\"swiper-button-prev\">\n                    <span class=\"screen-reader-text\">Diapositiva anterior<\/span>\n                <\/div>\n                <div class=\"swiper-button-next\">\n                    <span class=\"screen-reader-text\">Diapositiva siguiente<\/span>\n                <\/div>\n            <\/div>\n        <\/div>\n    <\/div>\n\n\n\n<!-- Swiper JS -->\n<script src=\"https:\/\/cdn.jsdelivr.net\/npm\/swiper@11\/swiper-bundle.min.js\"><\/script>\n\n<!-- Initialize Swiper -->\n<script>\n\njQuery( document ).ready(function() {      \n\n    Tipus = 'destacat';\n\n    updateSpaceBetween();\n    spaceBetweenInicial = 60;\n    \n    if (Tipus=='intro-images' ) {\n    \/\/    spaceBetweenValueModul = 0;\n    }\n\n\n\n    console.log(\"spaceBetweenValueModul\",spaceBetweenValueModul);\n\n    var swiper = new Swiper(\"#swiper-69ff3bdb8377c\", {\n      slidesPerView: \"auto\",\n      spaceBetween: spaceBetweenInicial,\n      \tfreeMode: true,\n\t  \tbreakpoints: {\n\t        \/\/ Quan l'amplada de la pantalla sigui major a 1024px\n\t        1024: {\n\t            spaceBetween: spaceBetweenValue,\n\t        },\n\t    },\n        \/\/ Navigation arrows\n        navigation: {\n            nextEl: '.swiper-button-next',\n            prevEl: '.swiper-button-prev',\n        },\n        mousewheel: {\n            releaseOnEdges: true,\n            forceToAxis: true,\n            sensitivity:    1,\n        },\n        a11y: {\n            prevSlideMessage: 'Diapositiva anterior',\n            nextSlideMessage: 'Diapositiva siguiente',\n        },\n    });\n\n\n \n\n\n    \/*\n    jQuery('.bloc-destacats').each(function() {\n        const nextDiv = jQuery(this).next('div');\n        if (nextDiv.hasClass('contingut-ampliat')) {\n            console.log('T\u00e9 .contingut-ampliat despr\u00e9s');\n            \/\/ Aqu\u00ed pots fer accions, per exemple:\n            \/\/ $nextDiv.addClass('marcat'); o $(this).append($nextDiv);\n        }\n    });\n    *\/\n})\n<\/script>\n\n","protected":false},"excerpt":{"rendered":"<p>La Comisi\u00f3n de Autenticaci\u00f3n y Catalogaci\u00f3n ofrece su servicio de expertizaci\u00f3n por obra \u00fanica -aceites, acuarelas y dibujos- para autenticar su autor\u00eda de Salvador Dal\u00ed. En ning\u00fan caso, la Comisi\u00f3n emitir\u00e1 juicios de valor econ\u00f3mico ni realizar\u00e1 tasaci\u00f3n de las obras. Si le interesa este servicio, rellene el formulario adjunto y nos pondremos en contacto [&hellip;]<\/p>\n","protected":false},"author":3,"featured_media":12046,"parent":7558,"menu_order":0,"comment_status":"closed","ping_status":"closed","template":"","meta":{"_acf_changed":false,"_coblocks_attr":"","_coblocks_dimensions":"","_coblocks_responsive_height":"","_coblocks_accordion_ie_support":"","footnotes":""},"categories":[],"tags":[],"class_list":["post-7561","page","type-page","status-publish","has-post-thumbnail","hentry"],"acf":[],"_links":{"self":[{"href":"https:\/\/webdali.latempesta.eu\/es\/wp-json\/wp\/v2\/pages\/7561","targetHints":{"allow":["GET"]}}],"collection":[{"href":"https:\/\/webdali.latempesta.eu\/es\/wp-json\/wp\/v2\/pages"}],"about":[{"href":"https:\/\/webdali.latempesta.eu\/es\/wp-json\/wp\/v2\/types\/page"}],"author":[{"embeddable":true,"href":"https:\/\/webdali.latempesta.eu\/es\/wp-json\/wp\/v2\/users\/3"}],"replies":[{"embeddable":true,"href":"https:\/\/webdali.latempesta.eu\/es\/wp-json\/wp\/v2\/comments?post=7561"}],"version-history":[{"count":0,"href":"https:\/\/webdali.latempesta.eu\/es\/wp-json\/wp\/v2\/pages\/7561\/revisions"}],"up":[{"embeddable":true,"href":"https:\/\/webdali.latempesta.eu\/es\/wp-json\/wp\/v2\/pages\/7558"}],"wp:featuredmedia":[{"embeddable":true,"href":"https:\/\/webdali.latempesta.eu\/es\/wp-json\/wp\/v2\/media\/12046"}],"wp:attachment":[{"href":"https:\/\/webdali.latempesta.eu\/es\/wp-json\/wp\/v2\/media?parent=7561"}],"wp:term":[{"taxonomy":"category","embeddable":true,"href":"https:\/\/webdali.latempesta.eu\/es\/wp-json\/wp\/v2\/categories?post=7561"},{"taxonomy":"post_tag","embeddable":true,"href":"https:\/\/webdali.latempesta.eu\/es\/wp-json\/wp\/v2\/tags?post=7561"}],"curies":[{"name":"wp","href":"https:\/\/api.w.org\/{rel}","templated":true}]}}