{"id":7570,"date":"2025-04-23T15:33:17","date_gmt":"2025-04-23T13:33:17","guid":{"rendered":"https:\/\/webdali.latempesta.eu\/fundacio-dali\/serveis\/drets-i-imatge\/"},"modified":"2025-06-30T09:13:47","modified_gmt":"2025-06-30T07:13:47","slug":"derechos-e-imagen","status":"publish","type":"page","link":"https:\/\/webdali.latempesta.eu\/es\/fundacion-dali\/servicios\/derechos-e-imagen\/","title":{"rendered":"Derechos e imagen"},"content":{"rendered":"\n<div class=\"wp-block-columns global-column is-layout-flex wp-container-core-columns-is-layout-9d6595d7 wp-block-columns-is-layout-flex\">\n<div class=\"wp-block-column is-layout-flow wp-block-column-is-layout-flow\">\n<p class=\"wp-block-custom-entradeta entradeta\">Para poder reproducir en cualquier soporte o medio la obra de Salvador Dal\u00ed, su nombre y\/o la imagen del artista, es imprescindible contar con la autorizaci\u00f3n de la Fundaci\u00f3n, instituci\u00f3n que gestiona la propiedad industrial e intelectual del artista as\u00ed como todos sus derechos, incluidos sus derechos de imagen.<\/p>\n<\/div>\n<\/div>\n\n\n\n<div class=\"wp-block-columns col-text col-2 is-layout-flex wp-container-core-columns-is-layout-9d6595d7 wp-block-columns-is-layout-flex\">\n<div class=\"wp-block-column is-layout-flow wp-block-column-is-layout-flow\">\n<h2 class=\"wp-block-heading\">Reproducci\u00f3n de la obra de Salvador Dal\u00ed<\/h2>\n<\/div>\n\n\n\n<div class=\"wp-block-column is-layout-flow wp-block-column-is-layout-flow\">\n<p>Las solicitudes de reproducci\u00f3n de las obras del artista deben dirigirse a VEGAP, sociedad de gesti\u00f3n, miembro de la red internacional CISAC, que se ocupa de estos tr\u00e1mites en nombre de la Fundaci\u00f3n.<\/p>\n\n\n\n<div class=\"wp-block-group is-vertical is-layout-flex wp-container-core-group-is-layout-8cf370e7 wp-block-group-is-layout-flex\">\n<p>Los contactos son:<\/p>\n\n\n\n<p><a href=\"mailto:rjulian@vegap.es\">rjulian@vegap.es<\/a>&nbsp;<\/p>\n\n\n\n<p><a href=\"mailto:ribanez@vegap.es\">ribanez@vegap.es<\/a><\/p>\n<\/div>\n<\/div>\n<\/div>\n\n\n\n<div class=\"wp-block-columns col-text col-2 is-layout-flex wp-container-core-columns-is-layout-9d6595d7 wp-block-columns-is-layout-flex\">\n<div class=\"wp-block-column is-layout-flow wp-block-column-is-layout-flow\">\n<h2 class=\"wp-block-heading\">Reproducci\u00f3n de la imagen de Gala y Salvador Dal\u00ed<\/h2>\n<\/div>\n\n\n\n<div class=\"wp-block-column is-layout-flow wp-block-column-is-layout-flow\">\n<p>Las solicitudes de reproducci\u00f3n de la imagen y\/o retrato de Salvador Dal\u00ed y de su esposa Gala deben dirigirse directamente a la Fundaci\u00f3n, a:<br><a href=\"mailto:rights@fundaciodali.org\">rights@fundaciodali.org<\/a><br>Siempre son necesarias dos gestiones:<\/p>\n\n\n\n<ul class=\"wp-block-list\">\n<li>Gesti\u00f3n de derechos del fot\u00f3grafo autor de la imagen<\/li>\n\n\n\n<li>Gesti\u00f3n de los derechos de imagen de Salvador Dal\u00ed y Gala, gestionados directamente por la Fundaci\u00f3n.<br>La Fundaci\u00f3n gestiona los derechos de algunos fot\u00f3grafos y tambi\u00e9n puede ayudar a los solicitantes facilitando el contacto de muchos fot\u00f3grafos que retrataron al artista.<\/li>\n<\/ul>\n\n\n\n<p>Una vez revisada y autorizada la solicitud, se facilitar\u00e1n las correspondientes menciones. Tambi\u00e9n se tendr\u00e1n que enviar ejemplares justificativos gratuitos al departamento de Derechos de la Fundaci\u00f3n (dos ejemplares f\u00edsicos y\/o el enlace digital).<\/p>\n<\/div>\n<\/div>\n\n\n\n<div class=\"wp-block-columns col-text col-2 is-layout-flex wp-container-core-columns-is-layout-9d6595d7 wp-block-columns-is-layout-flex\">\n<div class=\"wp-block-column is-layout-flow wp-block-column-is-layout-flow\">\n<h2 class=\"wp-block-heading\">Banco de im\u00e1genes<\/h2>\n<\/div>\n\n\n\n<div class=\"wp-block-column is-layout-flow wp-block-column-is-layout-flow\">\n<p>Desde el banco de im\u00e1genes de la Fundaci\u00f3n se pueden facilitar im\u00e1genes digitales a alta definici\u00f3n (300 dpi) de las obras de la colecci\u00f3n de la Fundaci\u00f3n, de la colecci\u00f3n del Museo Reina Sof\u00eda de Madrid y de la colecci\u00f3n del Salvador Dal\u00ed Museo de San Petersburgo, Florida, EEUU.<br>Tambi\u00e9n se pueden facilitar im\u00e1genes digitales del archivo fotogr\u00e1fico de la Fundaci\u00f3n.<\/p>\n<\/div>\n<\/div>\n\n\n\n<div class=\"wp-block-columns col-text col-2 is-layout-flex wp-container-core-columns-is-layout-9d6595d7 wp-block-columns-is-layout-flex\">\n<div class=\"wp-block-column is-layout-flow wp-block-column-is-layout-flow\">\n<h2 class=\"wp-block-heading\">Contacto<\/h2>\n<\/div>\n\n\n\n<div class=\"wp-block-column is-layout-flow wp-block-column-is-layout-flow\">\n<p>Departamento de Drechos<br>Fundaci\u00f3n Gala-Salvador Dal\u00ed<br>Torre Galatea<br>Pujada del Castell, 28<br>17600 Figueres<\/p>\n\n\n\n<p>Mail: <a href=\"mailto:rights@fundaciodali.org\" target=\"_blank\" rel=\"noreferrer noopener\">rights@fundaciodali.org<\/a><br>Tel.: +34 972 677518<\/p>\n<\/div>\n<\/div>\n\n\n    <div  class=\"wp-block-columns swiper-column   destacat bloc-destacats \" style=\"background-image: linear-gradient(to right, white, white)\">\n        <div class=\"wp-block-column\">\n            <div id=\"swiper-69ff497d87a79\" class=\"swiper destacats dues\" >\n                <div class=\"swiper-wrapper\">\n\n                                            <div class=\"swiper-slide intro\">\n                            <h2>Nuestros servicios especializados<\/h2>\n                            <div class=\"descripcio\"><p>La Fundaci\u00f3n Gala &#8211; Salvador Dal\u00ed pone a disposici\u00f3n de profesionales, investigadores e instituciones sus servicios especializados: la expertizaci\u00f3n de obra, para garantizar la autenticidad y el estudio riguroso de las prendas; la gesti\u00f3n de derechos e imagen, para el adecuado uso de las im\u00e1genes y contenidos dalinianos; y la sala de prensa, con recursos y materiales para medios de comunicaci\u00f3n.<\/p>\n<\/div>\n                                                    <\/div>\n                    \n\n                    \n                        \n                        <div class=\"swiper-slide\">\n                                                            <div class=\"banner\" style=\"background-image: url(https:\/\/webdali.latempesta.eu\/wp-content\/uploads\/2025\/07\/0072-medium.jpg)\">\n                                                                            <ul class=\"context\">\n                                            <li class=\"context__item\" aria-label=\"hidden\">                                            <\/li>\n                                        <\/ul>\n                                    \n                                    <h3 class=\"titol\">Expertizaci\u00f3n de obra<\/h3>\n                                        \n                                    <div class=\"button fletxa\"><a href=\"https:\/\/webdali.latempesta.eu\/es\/fundacion-dali\/servicios\/expertizacion-de-obra\/\">M\u00e1s informaci\u00f3n<\/a><\/div>\n\n                                    \n                                <\/div>\n                                                    <\/div>\n\n                    \n                        \n                        <div class=\"swiper-slide\">\n                                                            <div class=\"banner\" style=\"background-image: url(https:\/\/webdali.latempesta.eu\/wp-content\/uploads\/2025\/05\/Dematerialization-Near-the-Nose-of-Nero-612x1024.jpg)\">\n                                                                            <ul class=\"context\">\n                                            <li class=\"context__item\" aria-label=\"hidden\">                                            <\/li>\n                                        <\/ul>\n                                    \n                                    <h3 class=\"titol\">Sala de prensa<\/h3>\n                                        \n                                    <div class=\"button fletxa\"><a href=\"https:\/\/webdali.latempesta.eu\/es\/fundacion-dali\/servicios\/sala-de-prensa\/\">M\u00e1s informaci\u00f3n<\/a><\/div>\n\n                                    \n                                <\/div>\n                                                    <\/div>\n\n                                    <\/div>\n                <!-- Swiper navigation buttons -->\n                <div class=\"swiper-button-prev\">\n                    <span class=\"screen-reader-text\">Diapositiva anterior<\/span>\n                <\/div>\n                <div class=\"swiper-button-next\">\n                    <span class=\"screen-reader-text\">Diapositiva siguiente<\/span>\n                <\/div>\n            <\/div>\n        <\/div>\n    <\/div>\n\n\n\n<!-- Swiper JS -->\n<script src=\"https:\/\/cdn.jsdelivr.net\/npm\/swiper@11\/swiper-bundle.min.js\"><\/script>\n\n<!-- Initialize Swiper -->\n<script>\n\njQuery( document ).ready(function() {      \n\n    Tipus = 'destacat';\n\n    updateSpaceBetween();\n    spaceBetweenInicial = 60;\n    \n    if (Tipus=='intro-images' ) {\n    \/\/    spaceBetweenValueModul = 0;\n    }\n\n\n\n    console.log(\"spaceBetweenValueModul\",spaceBetweenValueModul);\n\n    var swiper = new Swiper(\"#swiper-69ff497d87a79\", {\n      slidesPerView: \"auto\",\n      spaceBetween: spaceBetweenInicial,\n      \tfreeMode: true,\n\t  \tbreakpoints: {\n\t        \/\/ Quan l'amplada de la pantalla sigui major a 1024px\n\t        1024: {\n\t            spaceBetween: spaceBetweenValue,\n\t        },\n\t    },\n        \/\/ Navigation arrows\n        navigation: {\n            nextEl: '.swiper-button-next',\n            prevEl: '.swiper-button-prev',\n        },\n        mousewheel: {\n            releaseOnEdges: true,\n            forceToAxis: true,\n            sensitivity:    1,\n        },\n        a11y: {\n            prevSlideMessage: 'Diapositiva anterior',\n            nextSlideMessage: 'Diapositiva siguiente',\n        },\n    });\n\n\n \n\n\n    \/*\n    jQuery('.bloc-destacats').each(function() {\n        const nextDiv = jQuery(this).next('div');\n        if (nextDiv.hasClass('contingut-ampliat')) {\n            console.log('T\u00e9 .contingut-ampliat despr\u00e9s');\n            \/\/ Aqu\u00ed pots fer accions, per exemple:\n            \/\/ $nextDiv.addClass('marcat'); o $(this).append($nextDiv);\n        }\n    });\n    *\/\n})\n<\/script>\n\n","protected":false},"excerpt":{"rendered":"<p>Reproducci\u00f3n de la obra de Salvador Dal\u00ed Las solicitudes de reproducci\u00f3n de las obras del artista deben dirigirse a VEGAP, sociedad de gesti\u00f3n, miembro de la red internacional CISAC, que se ocupa de estos tr\u00e1mites en nombre de la Fundaci\u00f3n. Los contactos son: rjulian@vegap.es&nbsp; ribanez@vegap.es Reproducci\u00f3n de la imagen de Gala y Salvador Dal\u00ed Las [&hellip;]<\/p>\n","protected":false},"author":3,"featured_media":10069,"parent":7558,"menu_order":107,"comment_status":"closed","ping_status":"closed","template":"","meta":{"_acf_changed":false,"_coblocks_attr":"","_coblocks_dimensions":"","_coblocks_responsive_height":"","_coblocks_accordion_ie_support":"","footnotes":""},"categories":[],"tags":[],"class_list":["post-7570","page","type-page","status-publish","has-post-thumbnail","hentry"],"acf":[],"_links":{"self":[{"href":"https:\/\/webdali.latempesta.eu\/es\/wp-json\/wp\/v2\/pages\/7570","targetHints":{"allow":["GET"]}}],"collection":[{"href":"https:\/\/webdali.latempesta.eu\/es\/wp-json\/wp\/v2\/pages"}],"about":[{"href":"https:\/\/webdali.latempesta.eu\/es\/wp-json\/wp\/v2\/types\/page"}],"author":[{"embeddable":true,"href":"https:\/\/webdali.latempesta.eu\/es\/wp-json\/wp\/v2\/users\/3"}],"replies":[{"embeddable":true,"href":"https:\/\/webdali.latempesta.eu\/es\/wp-json\/wp\/v2\/comments?post=7570"}],"version-history":[{"count":0,"href":"https:\/\/webdali.latempesta.eu\/es\/wp-json\/wp\/v2\/pages\/7570\/revisions"}],"up":[{"embeddable":true,"href":"https:\/\/webdali.latempesta.eu\/es\/wp-json\/wp\/v2\/pages\/7558"}],"wp:featuredmedia":[{"embeddable":true,"href":"https:\/\/webdali.latempesta.eu\/es\/wp-json\/wp\/v2\/media\/10069"}],"wp:attachment":[{"href":"https:\/\/webdali.latempesta.eu\/es\/wp-json\/wp\/v2\/media?parent=7570"}],"wp:term":[{"taxonomy":"category","embeddable":true,"href":"https:\/\/webdali.latempesta.eu\/es\/wp-json\/wp\/v2\/categories?post=7570"},{"taxonomy":"post_tag","embeddable":true,"href":"https:\/\/webdali.latempesta.eu\/es\/wp-json\/wp\/v2\/tags?post=7570"}],"curies":[{"name":"wp","href":"https:\/\/api.w.org\/{rel}","templated":true}]}}