{"id":7573,"date":"2025-04-23T15:33:27","date_gmt":"2025-04-23T13:33:27","guid":{"rendered":"https:\/\/webdali.latempesta.eu\/fundacio-dali\/serveis\/premsa\/"},"modified":"2025-07-04T13:16:33","modified_gmt":"2025-07-04T11:16:33","slug":"sala-de-prensa","status":"publish","type":"page","link":"https:\/\/webdali.latempesta.eu\/es\/fundacion-dali\/servicios\/sala-de-prensa\/","title":{"rendered":"Sala de prensa"},"content":{"rendered":"\n<div class=\"wp-block-columns global-column is-layout-flex wp-container-core-columns-is-layout-9d6595d7 wp-block-columns-is-layout-flex\">\n<div class=\"wp-block-column is-layout-flow wp-block-column-is-layout-flow\">\n<p>Para uso period\u00edstico, ponemos a vuestra disposici\u00f3n una selecci\u00f3n de im\u00e1genes de los Museos Dal\u00ed, de obras y retratos de Dal\u00ed y\/o Gala con permiso de uso mientras duren las exposiciones. Las pod\u00e9is descargar libremente.<\/p>\n\n\n\n<p>Para solicitar entrevistas, filmaciones o reportajes fotogr\u00e1ficos, por favor, contactad con la Oficina de Prensa al correo&nbsp; <a href=\"mailto:comunicacio@fundaciodali.org\">comunicacio@fundaciodali.org<\/a> o por tel\u00e9fono al 972 677 516.<\/p>\n<\/div>\n<\/div>\n\n\n    <div  class=\"wp-block-columns swiper-column   destacat bloc-destacats \" style=\"background-image: linear-gradient(to right, white, white)\">\n        <div class=\"wp-block-column\">\n            <div id=\"swiper-69ff2def945ff\" class=\"swiper destacats dues\" >\n                <div class=\"swiper-wrapper\">\n\n                                            <div class=\"swiper-slide intro\">\n                            <h2>Dosieres de prensa y noticias<\/h2>\n                            <div class=\"descripcio\"><p>Aqu\u00ed acceder\u00e9is a las noticias generadas por la Fundaci\u00f3n Dal\u00ed o sus Museos, a los dossieres de prensa de las exposiciones temporales y comunicados que informan de las actividades de los tres Museos Dal\u00ed.<\/p>\n<\/div>\n                                                    <\/div>\n                    \n\n                    \n                        \n                        <div class=\"swiper-slide\">\n                                                            <div class=\"banner\" style=\"background-image: url(https:\/\/webdali.latempesta.eu\/wp-content\/uploads\/2025\/04\/Visitants-Museu-Dali-0325-111-1024x683.jpg)\">\n                                                                            <ul class=\"context\">\n                                            <li class=\"context__item\" aria-label=\"hidden\">                                            <\/li>\n                                        <\/ul>\n                                    \n                                    <h3 class=\"titol\">Dosieres de prensa<\/h3>\n                                        \n                                    <div class=\"button fletxa\"><a href=\"https:\/\/webdali.latempesta.eu\/es\/fundacion-dali\/servicios\/sala-de-prensa\/dosieres-de-prensa\/\">M\u00e1s informaci\u00f3n<\/a><\/div>\n\n                                    \n                                <\/div>\n                                                    <\/div>\n\n                    \n                        \n                        <div class=\"swiper-slide\">\n                                                            <div class=\"banner\" style=\"background-image: url(https:\/\/webdali.latempesta.eu\/wp-content\/uploads\/2025\/05\/Sense-titol-588x1024.jpg)\">\n                                                                            <ul class=\"context\">\n                                            <li class=\"context__item\" aria-label=\"hidden\">                                            <\/li>\n                                        <\/ul>\n                                    \n                                    <h3 class=\"titol\">Noticias<\/h3>\n                                        \n                                    <div class=\"button fletxa\"><a href=\"https:\/\/webdali.latempesta.eu\/es\/fundacion-dali\/noticias\/\">M\u00e1s informaci\u00f3n<\/a><\/div>\n\n                                    \n                                <\/div>\n                                                    <\/div>\n\n                                    <\/div>\n                <!-- Swiper navigation buttons -->\n                <div class=\"swiper-button-prev\">\n                    <span class=\"screen-reader-text\">Diapositiva anterior<\/span>\n                <\/div>\n                <div class=\"swiper-button-next\">\n                    <span class=\"screen-reader-text\">Diapositiva siguiente<\/span>\n                <\/div>\n            <\/div>\n        <\/div>\n    <\/div>\n\n\n\n<!-- Swiper JS -->\n<script src=\"https:\/\/cdn.jsdelivr.net\/npm\/swiper@11\/swiper-bundle.min.js\"><\/script>\n\n<!-- Initialize Swiper -->\n<script>\n\njQuery( document ).ready(function() {      \n\n    Tipus = 'destacat';\n\n    updateSpaceBetween();\n    spaceBetweenInicial = 60;\n    \n    if (Tipus=='intro-images' ) {\n    \/\/    spaceBetweenValueModul = 0;\n    }\n\n\n\n    console.log(\"spaceBetweenValueModul\",spaceBetweenValueModul);\n\n    var swiper = new Swiper(\"#swiper-69ff2def945ff\", {\n      slidesPerView: \"auto\",\n      spaceBetween: spaceBetweenInicial,\n      \tfreeMode: true,\n\t  \tbreakpoints: {\n\t        \/\/ Quan l'amplada de la pantalla sigui major a 1024px\n\t        1024: {\n\t            spaceBetween: spaceBetweenValue,\n\t        },\n\t    },\n        \/\/ Navigation arrows\n        navigation: {\n            nextEl: '.swiper-button-next',\n            prevEl: '.swiper-button-prev',\n        },\n        mousewheel: {\n            releaseOnEdges: true,\n            forceToAxis: true,\n            sensitivity:    1,\n        },\n        a11y: {\n            prevSlideMessage: 'Diapositiva anterior',\n            nextSlideMessage: 'Diapositiva siguiente',\n        },\n    });\n\n\n \n\n\n    \/*\n    jQuery('.bloc-destacats').each(function() {\n        const nextDiv = jQuery(this).next('div');\n        if (nextDiv.hasClass('contingut-ampliat')) {\n            console.log('T\u00e9 .contingut-ampliat despr\u00e9s');\n            \/\/ Aqu\u00ed pots fer accions, per exemple:\n            \/\/ $nextDiv.addClass('marcat'); o $(this).append($nextDiv);\n        }\n    });\n    *\/\n})\n<\/script>\n\n\n\n\n<div class=\"wp-block-columns col-text col-2 is-layout-flex wp-container-core-columns-is-layout-9d6595d7 wp-block-columns-is-layout-flex\" id=\"reportaje\">\n<div class=\"wp-block-column is-layout-flow wp-block-column-is-layout-flow\">\n<h2 class=\"wp-block-heading\">Condiciones de reportajes<\/h2>\n<\/div>\n\n\n\n<div class=\"wp-block-column is-layout-flow wp-block-column-is-layout-flow\">\n<p>Listamos las condiciones generales de reportajes en los Museos Dal\u00ed y, m\u00e1s abajo, encontrar\u00e9is el formulario que deb\u00e9is cumplimentar para solicitar d\u00eda y hora.<\/p>\n\n\n\n<p>Para obtener el permiso para reproducir obra de Salvador Dal\u00ed, debe contactarse con VEGAP (tel\u00e9fono Barcelona 93 301 03 31 y Madrid 91 532 66 32) o bien la sociedad de gesti\u00f3n de derechos de artistas pl\u00e1sticos del pa\u00eds donde se difundir\u00e1n las im\u00e1genes. En caso de que sea fuera de Espa\u00f1a, pod\u00e9is consultar la&nbsp;<a href=\"http:\/\/www.cisac.org\/\" target=\"_blank\" rel=\"noreferrer noopener\">Confederaci\u00f3n Internacional de Sociedades de Autores y Compositores (CISAC)<\/a>&nbsp;para saber a trav\u00e9s de qu\u00e9 entidad de gesti\u00f3n de derechos pod\u00e9is obtener la licencia.<\/p>\n\n\n\n<ul class=\"wp-block-list\">\n<li>Debe acordarse con la Fundaci\u00f3n Dal\u00ed d\u00eda y hora del reportaje.<\/li>\n\n\n\n<li>Pagar por adelantado la tarifa de reportaje que se facilitar\u00e1.<\/li>\n\n\n\n<li>Cumplir con el horario acordado.<\/li>\n\n\n\n<li>Utilizar las im\u00e1genes tomadas \u00fanicamente de la forma y con la finalidad par las que se ha autorizado.<\/li>\n\n\n\n<li>El copyright deber\u00e1 constar obligatoriamente y de manera visible. Debe hacerse constar que las im\u00e1genes han sido tomadas con la autorizaci\u00f3n de la Fundaci\u00f3 Gala-Salvador Dal\u00ed.<\/li>\n\n\n\n<li>Debe enviarse a la Fundaci\u00f3n Dal\u00ed un enlace o PDF del reportaje resultante.<\/li>\n\n\n\n<li>En el per\u00edodo de julio a septiembre no garantizamos que se puedan llevar a cabo los reportajes.<\/li>\n\n\n\n<li>Rogamos que el equipo desplace el menor n\u00famero de personas posible y que el material sea lo m\u00e1s reducido posible.<\/li>\n<\/ul>\n\n\n\n<div style=\"height:25px\" aria-hidden=\"true\" class=\"wp-block-spacer\"><\/div>\n<\/div>\n<\/div>\n\n\n\n<div class=\"wp-block-columns global-column contingut-ampliat is-layout-flex wp-container-core-columns-is-layout-9d6595d7 wp-block-columns-is-layout-flex\">\n<div class=\"wp-block-column is-layout-flow wp-block-column-is-layout-flow\" style=\"flex-basis:100%\">\n<div class=\"wp-block-buttons is-layout-flex wp-block-buttons-is-layout-flex\">\n    <div class=\"wp-block-button contingut-ampliat-boto\" data-class=\"contingut-ampliat integrat\">\n        <a class=\"wp-block-button__link wp-element-button\" tabindex=\"0\" >Formulario de solicitud<\/a>\n    <\/div>\n<\/div>\n\n\n\n\n\n\n\n\n\n\n\n<div class=\"wp-block-columns contingut-ampliat-content is-layout-flex wp-container-core-columns-is-layout-9d6595d7 wp-block-columns-is-layout-flex\">\n<div class=\"wp-block-column is-layout-flow wp-block-column-is-layout-flow\"><\/div>\n<\/div>\n<\/div>\n<\/div>\n\n\n\n<div class=\"wp-block-columns col-text col-2 is-layout-flex wp-container-core-columns-is-layout-9d6595d7 wp-block-columns-is-layout-flex\">\n<div class=\"wp-block-column is-layout-flow wp-block-column-is-layout-flow\">\n<h2 class=\"wp-block-heading\">Contacto<\/h2>\n<\/div>\n\n\n\n<div class=\"wp-block-column is-layout-flow wp-block-column-is-layout-flow\">\n<p>Si dese\u00e1is obtener un pase gratuito de prensa para visitar los 3 Museos Dal\u00ed de Figueres, P\u00fabol y Portlligat, deber\u00e9is mostrar vuestro carn\u00e9 de prensa en las taquillas. A los periodistas se les permite visitar los Museos de forma gratuita bajo el entendimiento de que habr\u00e1 una compensaci\u00f3n a trav\u00e9s de la difusi\u00f3n de sus actividades y exposiciones. Si quer\u00e9is aseguraros el acceso, deber\u00e9is reservar con antelaci\u00f3n mandando un mensaje y vuestra acreditaci\u00f3n a <a href=\"mailto:comunicacio@fundaciodali.org\">comunicacio@fundaciodali.org<\/a><\/p>\n\n\n\n<p>Par daros de alta en la lista de medios y recibir nuestras comunicaciones, enviadnos un mensaje a <a href=\"mailto:comunicacio@fundaciodali.org\">comunicacio@fundaciodali.org<\/a><\/p>\n<\/div>\n<\/div>\n\n\n    <div  class=\"wp-block-columns swiper-column   destacat bloc-destacats \" style=\"background-image: linear-gradient(to right, white, white)\">\n        <div class=\"wp-block-column\">\n            <div id=\"swiper-69ff2def98329\" class=\"swiper destacats dues\" >\n                <div class=\"swiper-wrapper\">\n\n                                            <div class=\"swiper-slide intro\">\n                            <h2>Nuestros servicios especializados<\/h2>\n                            <div class=\"descripcio\"><p><!-- wp:columns {\"metadata\":{\"categories\":[\"dali\"],\"patternName\":\"core\/block\/2439\",\"name\":\"contingut ampliat (saber-ne mes)\"},\"className\":\"global-column contingut-ampliat\"} --><\/p>\n<div class=\"wp-block-columns global-column contingut-ampliat\"><!-- wp:column {\"width\":\"100%\"} --><\/p>\n<div class=\"wp-block-column\"><!-- wp:acf\/botons-sabermes {\"name\":\"acf\/botons-sabermes\",\"data\":{\"titol\":\"Formulari de sol\u00b7licitud\",\"_titol\":\"field_67d97a87a3b70\",\"tipus_boto\":\"integrat\",\"_tipus_boto\":\"field_67d97aa1a3b71\"},\"mode\":\"edit\"} \/--> <!-- wp:columns {\"className\":\"contingut-ampliat-content\"} --><\/p>\n<div class=\"wp-block-columns contingut-ampliat-content\"><!-- wp:column --><\/p>\n<div class=\"wp-block-column\"><!-- wp:wpforms\/form-selector {\"clientId\":\"e2c6f592-9b55-481d-bb26-0d2dfdc0c8e4\",\"formId\":\"11529\",\"displayTitle\":true,\"displayDesc\":true,\"copyPasteJsonValue\":\"{\\u0022displayTitle\\u0022:true,\\u0022displayDesc\\u0022:true,\\u0022theme\\u0022:\\u0022default\\u0022,\\u0022themeName\\u0022:\\u0022\\u0022,\\u0022fieldSize\\u0022:\\u0022medium\\u0022,\\u0022backgroundImage\\u0022:\\u0022none\\u0022,\\u0022backgroundPosition\\u0022:\\u0022center center\\u0022,\\u0022backgroundRepeat\\u0022:\\u0022no-repeat\\u0022,\\u0022backgroundSizeMode\\u0022:\\u0022cover\\u0022,\\u0022backgroundSize\\u0022:\\u0022cover\\u0022,\\u0022backgroundWidth\\u0022:\\u0022100px\\u0022,\\u0022backgroundHeight\\u0022:\\u0022100px\\u0022,\\u0022backgroundUrl\\u0022:\\u0022url()\\u0022,\\u0022backgroundColor\\u0022:\\u0022rgba( 0, 0, 0, 0 )\\u0022,\\u0022fieldBorderRadius\\u0022:\\u00223px\\u0022,\\u0022fieldBorderStyle\\u0022:\\u0022solid\\u0022,\\u0022fieldBorderSize\\u0022:\\u00221px\\u0022,\\u0022fieldBackgroundColor\\u0022:\\u0022#ffffff\\u0022,\\u0022fieldBorderColor\\u0022:\\u0022rgba( 0, 0, 0, 0.25 )\\u0022,\\u0022fieldTextColor\\u0022:\\u0022rgba( 0, 0, 0, 0.7 )\\u0022,\\u0022fieldMenuColor\\u0022:\\u0022#ffffff\\u0022,\\u0022labelSize\\u0022:\\u0022medium\\u0022,\\u0022labelColor\\u0022:\\u0022rgba( 0, 0, 0, 0.85 )\\u0022,\\u0022labelSublabelColor\\u0022:\\u0022rgba( 0, 0, 0, 0.55 )\\u0022,\\u0022labelErrorColor\\u0022:\\u0022#d63637\\u0022,\\u0022buttonSize\\u0022:\\u0022medium\\u0022,\\u0022buttonBorderStyle\\u0022:\\u0022none\\u0022,\\u0022buttonBorderSize\\u0022:\\u00221px\\u0022,\\u0022buttonBorderRadius\\u0022:\\u00223px\\u0022,\\u0022buttonBackgroundColor\\u0022:\\u0022#066aab\\u0022,\\u0022buttonTextColor\\u0022:\\u0022#ffffff\\u0022,\\u0022buttonBorderColor\\u0022:\\u0022#066aab\\u0022,\\u0022pageBreakColor\\u0022:\\u0022#066aab\\u0022,\\u0022containerPadding\\u0022:\\u00220px\\u0022,\\u0022containerBorderStyle\\u0022:\\u0022none\\u0022,\\u0022containerBorderWidth\\u0022:\\u00221px\\u0022,\\u0022containerBorderColor\\u0022:\\u0022#000000\\u0022,\\u0022containerBorderRadius\\u0022:\\u00223px\\u0022,\\u0022containerShadowSize\\u0022:\\u0022none\\u0022,\\u0022customCss\\u0022:\\u0022\\u0022}\"} \/--><\/div>\n<p><!-- \/wp:column --><\/div>\n<p><!-- \/wp:columns --><\/div>\n<p><!-- \/wp:column --><\/div>\n<p><!-- \/wp:columns -->La Fundaci\u00f3n Gala &#8211; Salvador Dal\u00ed pone a disposici\u00f3n de profesionales, investigadores e instituciones sus servicios especializados: la expertizaci\u00f3n de obra, para garantizar la autenticidad y el estudio riguroso de las prendas; la gesti\u00f3n de derechos e imagen, para el adecuado uso de las im\u00e1genes y contenidos dalinianos; y la sala de prensa, con recursos y materiales para medios de comunicaci\u00f3n.<\/p>\n<\/div>\n                                                    <\/div>\n                    \n\n                    \n                        \n                        <div class=\"swiper-slide\">\n                                                            <div class=\"banner\" style=\"background-image: url(https:\/\/webdali.latempesta.eu\/wp-content\/uploads\/2025\/07\/0072-medium.jpg)\">\n                                                                            <ul class=\"context\">\n                                            <li class=\"context__item\" aria-label=\"hidden\">                                            <\/li>\n                                        <\/ul>\n                                    \n                                    <h3 class=\"titol\">Expertizaci\u00f3n de obra<\/h3>\n                                        \n                                    <div class=\"button fletxa\"><a href=\"https:\/\/webdali.latempesta.eu\/es\/fundacion-dali\/servicios\/expertizacion-de-obra\/\">M\u00e1s informaci\u00f3n<\/a><\/div>\n\n                                    \n                                <\/div>\n                                                    <\/div>\n\n                    \n                        \n                        <div class=\"swiper-slide\">\n                                                            <div class=\"banner\" style=\"background-image: url(https:\/\/webdali.latempesta.eu\/wp-content\/uploads\/2025\/06\/default-7-1.jpg)\">\n                                                                            <ul class=\"context\">\n                                            <li class=\"context__item\" aria-label=\"hidden\">                                            <\/li>\n                                        <\/ul>\n                                    \n                                    <h3 class=\"titol\">Derechos e imagen<\/h3>\n                                        \n                                    <div class=\"button fletxa\"><a href=\"https:\/\/webdali.latempesta.eu\/es\/fundacion-dali\/servicios\/derechos-e-imagen\/\">M\u00e1s informaci\u00f3n<\/a><\/div>\n\n                                    \n                                <\/div>\n                                                    <\/div>\n\n                                    <\/div>\n                <!-- Swiper navigation buttons -->\n                <div class=\"swiper-button-prev\">\n                    <span class=\"screen-reader-text\">Diapositiva anterior<\/span>\n                <\/div>\n                <div class=\"swiper-button-next\">\n                    <span class=\"screen-reader-text\">Diapositiva siguiente<\/span>\n                <\/div>\n            <\/div>\n        <\/div>\n    <\/div>\n\n\n\n<!-- Swiper JS -->\n<script src=\"https:\/\/cdn.jsdelivr.net\/npm\/swiper@11\/swiper-bundle.min.js\"><\/script>\n\n<!-- Initialize Swiper -->\n<script>\n\njQuery( document ).ready(function() {      \n\n    Tipus = 'destacat';\n\n    updateSpaceBetween();\n    spaceBetweenInicial = 60;\n    \n    if (Tipus=='intro-images' ) {\n    \/\/    spaceBetweenValueModul = 0;\n    }\n\n\n\n    console.log(\"spaceBetweenValueModul\",spaceBetweenValueModul);\n\n    var swiper = new Swiper(\"#swiper-69ff2def98329\", {\n      slidesPerView: \"auto\",\n      spaceBetween: spaceBetweenInicial,\n      \tfreeMode: true,\n\t  \tbreakpoints: {\n\t        \/\/ Quan l'amplada de la pantalla sigui major a 1024px\n\t        1024: {\n\t            spaceBetween: spaceBetweenValue,\n\t        },\n\t    },\n        \/\/ Navigation arrows\n        navigation: {\n            nextEl: '.swiper-button-next',\n            prevEl: '.swiper-button-prev',\n        },\n        mousewheel: {\n            releaseOnEdges: true,\n            forceToAxis: true,\n            sensitivity:    1,\n        },\n        a11y: {\n            prevSlideMessage: 'Diapositiva anterior',\n            nextSlideMessage: 'Diapositiva siguiente',\n        },\n    });\n\n\n \n\n\n    \/*\n    jQuery('.bloc-destacats').each(function() {\n        const nextDiv = jQuery(this).next('div');\n        if (nextDiv.hasClass('contingut-ampliat')) {\n            console.log('T\u00e9 .contingut-ampliat despr\u00e9s');\n            \/\/ Aqu\u00ed pots fer accions, per exemple:\n            \/\/ $nextDiv.addClass('marcat'); o $(this).append($nextDiv);\n        }\n    });\n    *\/\n})\n<\/script>\n\n","protected":false},"excerpt":{"rendered":"<p>Para uso period\u00edstico, ponemos a vuestra disposici\u00f3n una selecci\u00f3n de im\u00e1genes de los Museos Dal\u00ed, de obras y retratos de Dal\u00ed y\/o Gala con permiso de uso mientras duren las exposiciones. Las pod\u00e9is descargar libremente. Para solicitar entrevistas, filmaciones o reportajes fotogr\u00e1ficos, por favor, contactad con la Oficina de Prensa al correo&nbsp; comunicacio@fundaciodali.org o por [&hellip;]<\/p>\n","protected":false},"author":3,"featured_media":3700,"parent":7558,"menu_order":169,"comment_status":"closed","ping_status":"closed","template":"","meta":{"_acf_changed":false,"_coblocks_attr":"","_coblocks_dimensions":"","_coblocks_responsive_height":"","_coblocks_accordion_ie_support":"","footnotes":""},"categories":[],"tags":[],"class_list":["post-7573","page","type-page","status-publish","has-post-thumbnail","hentry"],"acf":[],"_links":{"self":[{"href":"https:\/\/webdali.latempesta.eu\/es\/wp-json\/wp\/v2\/pages\/7573","targetHints":{"allow":["GET"]}}],"collection":[{"href":"https:\/\/webdali.latempesta.eu\/es\/wp-json\/wp\/v2\/pages"}],"about":[{"href":"https:\/\/webdali.latempesta.eu\/es\/wp-json\/wp\/v2\/types\/page"}],"author":[{"embeddable":true,"href":"https:\/\/webdali.latempesta.eu\/es\/wp-json\/wp\/v2\/users\/3"}],"replies":[{"embeddable":true,"href":"https:\/\/webdali.latempesta.eu\/es\/wp-json\/wp\/v2\/comments?post=7573"}],"version-history":[{"count":0,"href":"https:\/\/webdali.latempesta.eu\/es\/wp-json\/wp\/v2\/pages\/7573\/revisions"}],"up":[{"embeddable":true,"href":"https:\/\/webdali.latempesta.eu\/es\/wp-json\/wp\/v2\/pages\/7558"}],"wp:featuredmedia":[{"embeddable":true,"href":"https:\/\/webdali.latempesta.eu\/es\/wp-json\/wp\/v2\/media\/3700"}],"wp:attachment":[{"href":"https:\/\/webdali.latempesta.eu\/es\/wp-json\/wp\/v2\/media?parent=7573"}],"wp:term":[{"taxonomy":"category","embeddable":true,"href":"https:\/\/webdali.latempesta.eu\/es\/wp-json\/wp\/v2\/categories?post=7573"},{"taxonomy":"post_tag","embeddable":true,"href":"https:\/\/webdali.latempesta.eu\/es\/wp-json\/wp\/v2\/tags?post=7573"}],"curies":[{"name":"wp","href":"https:\/\/api.w.org\/{rel}","templated":true}]}}