{"id":7576,"date":"2025-04-25T10:14:58","date_gmt":"2025-04-25T08:14:58","guid":{"rendered":"https:\/\/webdali.latempesta.eu\/fundacio-dali\/serveis\/premsa\/dossiers-de-premsa\/"},"modified":"2025-06-30T10:21:26","modified_gmt":"2025-06-30T08:21:26","slug":"dosieres-de-prensa","status":"publish","type":"page","link":"https:\/\/webdali.latempesta.eu\/es\/fundacion-dali\/servicios\/sala-de-prensa\/dosieres-de-prensa\/","title":{"rendered":"Dosieres de prensa"},"content":{"rendered":"<div class=\"facetwp-template\" data-name=\"dossier_premsa\"><style>\n\n\n.facetwp-template[data-name=\"dossier_premsa\"] .fwpl-layout {\n    display:block;\n}\n\n.facetwp-template[data-name=\"dossier_premsa\"] .grid-item {\n  display: flex;\n  padding: 1rem 0;\n  border-bottom: 1px solid black;\n}\n\n.facetwp-template[data-name=\"dossier_premsa\"] .item-header {\n  width: 80px;\n  height: 80px;\n \/* border: 1px solid #9a233c; *\/\n}\n\n.facetwp-template[data-name=\"dossier_premsa\"] .item-content {\n  align-self: center;\n}\n\n.facetwp-template[data-name=\"dossier_premsa\"] .fwpl-layout .grid-item .item-header figure::after {\n    content: none;\n}\n\n.facetwp-template[data-name=\"dossier_premsa\"] .fwpl-layout .grid-item .item-content .title {\n  font-family: var(--sans);\n  font-size: var(--m-et-plus);\n  line-height: 1.3;\n  letter-spacing: var(--letter-space);\n}\n\n<\/style>\n\n<ul class=\"fwpl-layout list\">\n  \t<li class=\"grid-item\">\n\n        \t\t\n        <div class=\"item-header\">\n            <figure class=\"image\">                    <img decoding=\"async\" src=\"https:\/\/webdali.latempesta.eu\/wp-content\/themes\/salvadordali-fundacio\/assets\/images\/noimatge.jpg\" alt=\"\" \/>;    \n                <\/figure>\n\n        <\/div>\n        <div class=\"item-content\">\n\n                        <a href=\"https:\/\/webdali.latempesta.eu\/es\/fundacion-dali\/servicios\/prensa\/dossiers-de-prensa\/dossier\/nota-de-prensa-revista-dali-news_esp\/\" download><div class=\"title\">Nota de Prensa revista Dal\u00ed News_esp<\/div><\/a>\n            <div class=\"item-data\">\n             22 enero 2026            <\/div>\n        <\/div>\n\t\t\n\t<\/li>\n\t\n  \t<li class=\"grid-item\">\n\n        \t\t\n        <div class=\"item-header\">\n            <figure class=\"image\">                    <img decoding=\"async\" src=\"https:\/\/webdali.latempesta.eu\/wp-content\/themes\/salvadordali-fundacio\/assets\/images\/noimatge.jpg\" alt=\"\" \/>;    \n                <\/figure>\n\n        <\/div>\n        <div class=\"item-content\">\n\n                        <a href=\"https:\/\/webdali.latempesta.eu\/es\/fundacion-dali\/servicios\/prensa\/dossiers-de-prensa\/dossier\/dossier-de-premsa-fundacio-dali\/\" download><div class=\"title\">Dossier de Prensa Fundaci\u00f3n Dal\u00ed<\/div><\/a>\n            <div class=\"item-data\">\n             7 agosto 2025            <\/div>\n        <\/div>\n\t\t\n\t<\/li>\n\t\n  \t<li class=\"grid-item\">\n\n        \t\t\n        <div class=\"item-header\">\n            <figure class=\"image\">                    <img decoding=\"async\" src=\"https:\/\/webdali.latempesta.eu\/wp-content\/themes\/salvadordali-fundacio\/assets\/images\/noimatge.jpg\" alt=\"\" \/>;    \n                <\/figure>\n\n        <\/div>\n        <div class=\"item-content\">\n\n                        <a href=\"https:\/\/webdali.latempesta.eu\/es\/fundacion-dali\/servicios\/prensa\/dossiers-de-prensa\/dossier\/fundacion-dali-y-de-sus-museos\/\" download><div class=\"title\">Fundaci\u00f3n Dal\u00ed y de sus museos<\/div><\/a>\n            <div class=\"item-data\">\n             1 junio 2025            <\/div>\n        <\/div>\n\t\t\n\t<\/li>\n\t\n  \t<li class=\"grid-item\">\n\n        \t\t\n        <div class=\"item-header\">\n            <figure class=\"image\">                    <img decoding=\"async\" src=\"https:\/\/webdali.latempesta.eu\/wp-content\/themes\/salvadordali-fundacio\/assets\/images\/noimatge.jpg\" alt=\"\" \/>;    \n                <\/figure>\n\n        <\/div>\n        <div class=\"item-content\">\n\n                        <a href=\"https:\/\/webdali.latempesta.eu\/es\/fundacion-dali\/servicios\/prensa\/dossiers-de-prensa\/dossier\/el-despertar-del-mito-gala-dali-una-colaboracion-entre-la-fundacion-gala-salvador-dali-y-la-roca-village\/\" download><div class=\"title\">El Despertar del Mito: Gala Dal\u00ed &#8211; Una colaboraci\u00f3n entre la Fundaci\u00f3n Gala-Salvador Dal\u00ed y La Roca Village<\/div><\/a>\n            <div class=\"item-data\">\n             1 junio 2025            <\/div>\n        <\/div>\n\t\t\n\t<\/li>\n\t\n  \t<li class=\"grid-item\">\n\n        \t\t\n        <div class=\"item-header\">\n            <figure class=\"image\">                    <img decoding=\"async\" src=\"https:\/\/webdali.latempesta.eu\/wp-content\/themes\/salvadordali-fundacio\/assets\/images\/noimatge.jpg\" alt=\"\" \/>;    \n                <\/figure>\n\n        <\/div>\n        <div class=\"item-content\">\n\n                        <a href=\"https:\/\/webdali.latempesta.eu\/es\/fundacion-dali\/servicios\/prensa\/dossiers-de-prensa\/dossier\/memoria-2024\/\" download><div class=\"title\">Memoria 2024<\/div><\/a>\n            <div class=\"item-data\">\n             1 junio 2025            <\/div>\n        <\/div>\n\t\t\n\t<\/li>\n\t\n  \t<li class=\"grid-item\">\n\n        \t\t\n        <div class=\"item-header\">\n            <figure class=\"image\">                    <img decoding=\"async\" src=\"https:\/\/webdali.latempesta.eu\/wp-content\/themes\/salvadordali-fundacio\/assets\/images\/noimatge.jpg\" alt=\"\" \/>;    \n                <\/figure>\n\n        <\/div>\n        <div class=\"item-content\">\n\n                        <a href=\"https:\/\/webdali.latempesta.eu\/es\/fundacion-dali\/servicios\/prensa\/dossiers-de-prensa\/dossier\/el-despertar-del-mito-gala-dali\/\" download><div class=\"title\">El despertar del mito: Gala Dal\u00ed<\/div><\/a>\n            <div class=\"item-data\">\n             1 junio 2025            <\/div>\n        <\/div>\n\t\t\n\t<\/li>\n\t\n  \t<li class=\"grid-item\">\n\n        \t\t\n        <div class=\"item-header\">\n            <figure class=\"image\">                    <img decoding=\"async\" src=\"https:\/\/webdali.latempesta.eu\/wp-content\/themes\/salvadordali-fundacio\/assets\/images\/noimatge.jpg\" alt=\"\" \/>;    \n                <\/figure>\n\n        <\/div>\n        <div class=\"item-content\">\n\n                        <a href=\"https:\/\/webdali.latempesta.eu\/es\/fundacion-dali\/servicios\/prensa\/dossiers-de-prensa\/dossier\/dali-el-cristo-de-portlligat\/\" download><div class=\"title\">Dal\u00ed. El cristo de Portlligat<\/div><\/a>\n            <div class=\"item-data\">\n             1 septiembre 2024            <\/div>\n        <\/div>\n\t\t\n\t<\/li>\n\t\n  \t<li class=\"grid-item\">\n\n        \t\t\n        <div class=\"item-header\">\n            <figure class=\"image\">                    <img decoding=\"async\" src=\"https:\/\/webdali.latempesta.eu\/wp-content\/themes\/salvadordali-fundacio\/assets\/images\/noimatge.jpg\" alt=\"\" \/>;    \n                <\/figure>\n\n        <\/div>\n        <div class=\"item-content\">\n\n                        <a href=\"https:\/\/webdali.latempesta.eu\/es\/fundacion-dali\/servicios\/prensa\/dossiers-de-prensa\/dossier\/el-teatro-museo-dali-celebra-sus-50-anos-con-tres-proyectos-expositivos-y-un-audiovisual-que-muestran-la-vision-particular-que-el-artista-tenia-de-la-historia-del-arte\/\" download><div class=\"title\">El Teatro-Museo Dal\u00ed celebra sus 50 a\u00f1os con tres proyectos expositivos y un audiovisual que muestran la visi\u00f3n particular que el artista ten\u00eda de la historia del arte<\/div><\/a>\n            <div class=\"item-data\">\n             1 junio 2024            <\/div>\n        <\/div>\n\t\t\n\t<\/li>\n\t\n  <\/ul>\n<\/div>\n\n\n\n<p><\/p>\n","protected":false},"excerpt":{"rendered":"","protected":false},"author":3,"featured_media":2963,"parent":7573,"menu_order":0,"comment_status":"closed","ping_status":"closed","template":"","meta":{"_acf_changed":false,"_coblocks_attr":"","_coblocks_dimensions":"","_coblocks_responsive_height":"","_coblocks_accordion_ie_support":"","footnotes":""},"categories":[],"tags":[],"class_list":["post-7576","page","type-page","status-publish","has-post-thumbnail","hentry"],"acf":[],"_links":{"self":[{"href":"https:\/\/webdali.latempesta.eu\/es\/wp-json\/wp\/v2\/pages\/7576","targetHints":{"allow":["GET"]}}],"collection":[{"href":"https:\/\/webdali.latempesta.eu\/es\/wp-json\/wp\/v2\/pages"}],"about":[{"href":"https:\/\/webdali.latempesta.eu\/es\/wp-json\/wp\/v2\/types\/page"}],"author":[{"embeddable":true,"href":"https:\/\/webdali.latempesta.eu\/es\/wp-json\/wp\/v2\/users\/3"}],"replies":[{"embeddable":true,"href":"https:\/\/webdali.latempesta.eu\/es\/wp-json\/wp\/v2\/comments?post=7576"}],"version-history":[{"count":0,"href":"https:\/\/webdali.latempesta.eu\/es\/wp-json\/wp\/v2\/pages\/7576\/revisions"}],"up":[{"embeddable":true,"href":"https:\/\/webdali.latempesta.eu\/es\/wp-json\/wp\/v2\/pages\/7573"}],"wp:featuredmedia":[{"embeddable":true,"href":"https:\/\/webdali.latempesta.eu\/es\/wp-json\/wp\/v2\/media\/2963"}],"wp:attachment":[{"href":"https:\/\/webdali.latempesta.eu\/es\/wp-json\/wp\/v2\/media?parent=7576"}],"wp:term":[{"taxonomy":"category","embeddable":true,"href":"https:\/\/webdali.latempesta.eu\/es\/wp-json\/wp\/v2\/categories?post=7576"},{"taxonomy":"post_tag","embeddable":true,"href":"https:\/\/webdali.latempesta.eu\/es\/wp-json\/wp\/v2\/tags?post=7576"}],"curies":[{"name":"wp","href":"https:\/\/api.w.org\/{rel}","templated":true}]}}