{"id":7582,"date":"2024-12-18T18:34:35","date_gmt":"2024-12-18T16:34:35","guid":{"rendered":"https:\/\/webdali.latempesta.eu\/fundacio-dali\/noticies\/"},"modified":"2025-06-26T19:33:31","modified_gmt":"2025-06-26T17:33:31","slug":"noticias","status":"publish","type":"page","link":"https:\/\/webdali.latempesta.eu\/es\/fundacion-dali\/noticias\/","title":{"rendered":"Noticias"},"content":{"rendered":"\n<div class=\"wp-block-columns facetwp-filters is-layout-flex wp-container-core-columns-is-layout-9d6595d7 wp-block-columns-is-layout-flex\">\n<div class=\"wp-block-column is-layout-flow wp-block-column-is-layout-flow\"><div class=\"facetwp-facet facetwp-facet-noticia_localitzacio_es facetwp-type-fselect\" data-name=\"noticia_localitzacio_es\" data-type=\"fselect\"><\/div>\n<\/div>\n\n\n\n<div class=\"wp-block-column is-layout-flow wp-block-column-is-layout-flow\"><div class=\"facetwp-facet facetwp-facet-noticia_categoria_es facetwp-type-fselect\" data-name=\"noticia_categoria_es\" data-type=\"fselect\"><\/div>\n<\/div>\n<\/div>\n\n\n<div class=\"facetwp-template\" data-name=\"noticia\"><ul class=\"fwpl-layout list\">\n  \t<li class=\"grid-item\">\n\n        \t\t\n        <div class=\"item-header\">\n            <figure class=\"image\"><img loading=\"lazy\" decoding=\"async\" width=\"234\" height=\"300\" src=\"https:\/\/webdali.latempesta.eu\/wp-content\/uploads\/2026\/01\/PortadaDEF_ES_page-0001-234x300.jpg\" class=\"attachment-medium size-medium wp-post-image\" alt=\"\" srcset=\"https:\/\/webdali.latempesta.eu\/wp-content\/uploads\/2026\/01\/PortadaDEF_ES_page-0001-234x300.jpg 234w, https:\/\/webdali.latempesta.eu\/wp-content\/uploads\/2026\/01\/PortadaDEF_ES_page-0001-798x1024.jpg 798w, https:\/\/webdali.latempesta.eu\/wp-content\/uploads\/2026\/01\/PortadaDEF_ES_page-0001-768x986.jpg 768w, https:\/\/webdali.latempesta.eu\/wp-content\/uploads\/2026\/01\/PortadaDEF_ES_page-0001-1197x1536.jpg 1197w, https:\/\/webdali.latempesta.eu\/wp-content\/uploads\/2026\/01\/PortadaDEF_ES_page-0001-1596x2048.jpg 1596w, https:\/\/webdali.latempesta.eu\/wp-content\/uploads\/2026\/01\/PortadaDEF_ES_page-0001.jpg 1772w\" sizes=\"auto, (max-width: 234px) 100vw, 234px\" \/><\/figure>\n\n        <\/div>\n        <div class=\"item-content\">\n            <a href=\"https:\/\/webdali.latempesta.eu\/es\/fundacion-dali\/noticia\/dali-news-una-nueva-revista-de-pensamiento\/\"><div class=\"title\">Dal\u00ed News, una nueva revista de pensamiento<\/div><\/a>\n\n\n            <div class=\"item-data\">\n                        <\/div>\n            <div class=\"excerpt\">La Fundaci\u00f3n Dal\u00ed ha presentado una revista anual de alcance internacional que toma como punto de partida la iniciativa editorial creada por Salvador Dal\u00ed en los a\u00f1os cuarenta y recupera su esp\u00edritu cr\u00edtico, visionario e interdisciplinario para abordar el pensamiento contempor\u00e1neo. El primer n\u00famero, dedicado a \u201cla m\u00e1quina de so\u00f1ar\u201d, revisita una de las predicciones [&hellip;]<\/div>\n        <\/div>\n\t\t\n\t<\/li>\n\t\n  \t<li class=\"grid-item\">\n\n        \t\t\n        <div class=\"item-header\">\n            <figure class=\"image\"><img loading=\"lazy\" decoding=\"async\" width=\"238\" height=\"300\" src=\"https:\/\/webdali.latempesta.eu\/wp-content\/uploads\/2025\/07\/5068_editora_84_8_1_1024-238x300.jpg\" class=\"attachment-medium size-medium wp-post-image\" alt=\"Foto Eric Schaal. Salvador Dal\u00ed escrivint La vida secreta de Salvador Dal\u00ed a casa de Caresse Crosby, Hampton Manor, Virg\u00ednia,1941.\" srcset=\"https:\/\/webdali.latempesta.eu\/wp-content\/uploads\/2025\/07\/5068_editora_84_8_1_1024-238x300.jpg 238w, https:\/\/webdali.latempesta.eu\/wp-content\/uploads\/2025\/07\/5068_editora_84_8_1_1024.jpg 500w\" sizes=\"auto, (max-width: 238px) 100vw, 238px\" \/><\/figure>\n\n        <\/div>\n        <div class=\"item-content\">\n            <a href=\"https:\/\/webdali.latempesta.eu\/es\/fundacion-dali\/noticia\/la-fundacion-dali-anuncia-un-programa-internacional-de-becas-de-investigacion\/\"><div class=\"title\">LA FUNDACI\u00d3N DAL\u00cd ANUNCIA UN PROGRAMA INTERNACIONAL DE BECAS DE INVESTIGACI\u00d3N<\/div><\/a>\n\n\n            <div class=\"item-data\">\n                        <\/div>\n            <div class=\"excerpt\">La Fundaci\u00f3 Gala-Salvador Dal\u00ed anuncia la apertura de la convocatoria 2026 del Dal\u00ed Fellowship Programme<\/div>\n        <\/div>\n\t\t\n\t<\/li>\n\t\n  \t<li class=\"grid-item\">\n\n        \t\t\n        <div class=\"item-header\">\n            <figure class=\"image\"><img loading=\"lazy\" decoding=\"async\" width=\"252\" height=\"300\" src=\"https:\/\/webdali.latempesta.eu\/wp-content\/uploads\/2025\/12\/i0057_Galatea_de_les_esferes-252x300.jpg\" class=\"attachment-medium size-medium wp-post-image\" alt=\"\" srcset=\"https:\/\/webdali.latempesta.eu\/wp-content\/uploads\/2025\/12\/i0057_Galatea_de_les_esferes-252x300.jpg 252w, https:\/\/webdali.latempesta.eu\/wp-content\/uploads\/2025\/12\/i0057_Galatea_de_les_esferes-858x1024.jpg 858w, https:\/\/webdali.latempesta.eu\/wp-content\/uploads\/2025\/12\/i0057_Galatea_de_les_esferes-768x916.jpg 768w, https:\/\/webdali.latempesta.eu\/wp-content\/uploads\/2025\/12\/i0057_Galatea_de_les_esferes-1288x1536.jpg 1288w, https:\/\/webdali.latempesta.eu\/wp-content\/uploads\/2025\/12\/i0057_Galatea_de_les_esferes-1717x2048.jpg 1717w\" sizes=\"auto, (max-width: 252px) 100vw, 252px\" \/><\/figure>\n\n        <\/div>\n        <div class=\"item-content\">\n            <a href=\"https:\/\/webdali.latempesta.eu\/es\/fundacion-dali\/noticia\/nace-platform-dali-un-nuevo-programa-de-arte-y-ciencia-impulsado-por-la-fundacio-gala-salvador-dali\/\"><div class=\"title\">Nace  Platform  Dal\u00ed,  un nuevo programa de arte y ciencia impulsado por la Fundaci\u00f3 Gala-Salvador Dal\u00ed<\/div><\/a>\n\n\n            <div class=\"item-data\">\n                        <\/div>\n            <div class=\"excerpt\">Nace Platform Dal\u00ed, un nuevo programa de arte y ciencia impulsado por la Fundaci\u00f3 Gala-Salvador Dal\u00ed, dirigido por M\u00f3nica Bello.<\/div>\n        <\/div>\n\t\t\n\t<\/li>\n\t\n  \t<li class=\"grid-item\">\n\n        \t\t\n        <div class=\"item-header\">\n            <figure class=\"image\"><img loading=\"lazy\" decoding=\"async\" width=\"300\" height=\"225\" src=\"https:\/\/webdali.latempesta.eu\/wp-content\/uploads\/2025\/06\/taschen_dali_dscf0458_marcmedina_174946993777_1024-300x225.jpg\" class=\"attachment-medium size-medium wp-post-image\" alt=\"F\u00e8lix Roca, Marlene Taschen, Jordi Mercader, Hans W. Holzwarth, Montse Aguer y Carme Ruiz\" srcset=\"https:\/\/webdali.latempesta.eu\/wp-content\/uploads\/2025\/06\/taschen_dali_dscf0458_marcmedina_174946993777_1024-300x225.jpg 300w, https:\/\/webdali.latempesta.eu\/wp-content\/uploads\/2025\/06\/taschen_dali_dscf0458_marcmedina_174946993777_1024-768x576.jpg 768w, https:\/\/webdali.latempesta.eu\/wp-content\/uploads\/2025\/06\/taschen_dali_dscf0458_marcmedina_174946993777_1024.jpg 1024w\" sizes=\"auto, (max-width: 300px) 100vw, 300px\" \/><\/figure>\n\n        <\/div>\n        <div class=\"item-content\">\n            <a href=\"https:\/\/webdali.latempesta.eu\/es\/fundacion-dali\/noticia\/la-monografia-definitiva-de-dali-por-taschen-una-edicion-de-referencia-que-celebra-el-legado-del-artista\/\"><div class=\"title\">La monograf\u00eda definitiva de Dal\u00ed por Taschen, una edici\u00f3n de referencia que celebra el legado del artista<\/div><\/a>\n\n\n            <div class=\"item-data\">\n            Barcelona, 5 de junio de 2025            <\/div>\n            <div class=\"excerpt\">La noche del pasado jueves d\u00eda 5 de junio, el Convent dels \u00c0ngels de Barcelona se convirti\u00f3 en escenario de la presentaci\u00f3n oficial de la monograf\u00eda dedicada a Dal\u00ed publicada por la Fundaci\u00f3n Dal\u00ed y TASCHEN, una de las editoriales m\u00e1s reconocidas en el mundo del arte i la fotograf\u00eda. El acto cont\u00f3 con la [&hellip;]<\/div>\n        <\/div>\n\t\t\n\t<\/li>\n\t\n  \t<li class=\"grid-item\">\n\n        \t\t\n        <div class=\"item-header\">\n            <figure class=\"image\"><img loading=\"lazy\" decoding=\"async\" width=\"169\" height=\"300\" src=\"https:\/\/webdali.latempesta.eu\/wp-content\/uploads\/2025\/07\/bunuel125chienandalou_174911941477_1024-169x300.jpg\" class=\"attachment-medium size-medium wp-post-image\" alt=\"Bu\u00f1uel 125: Suite per a Un Chien Andalou - Teatre-Museu Dal\u00ed (Figueres)\" srcset=\"https:\/\/webdali.latempesta.eu\/wp-content\/uploads\/2025\/07\/bunuel125chienandalou_174911941477_1024-169x300.jpg 169w, https:\/\/webdali.latempesta.eu\/wp-content\/uploads\/2025\/07\/bunuel125chienandalou_174911941477_1024.jpg 567w\" sizes=\"auto, (max-width: 169px) 100vw, 169px\" \/><\/figure>\n\n        <\/div>\n        <div class=\"item-content\">\n            <a href=\"https:\/\/webdali.latempesta.eu\/es\/fundacion-dali\/noticia\/luis-bunuel-en-el-teatro-museo-dali\/\"><div class=\"title\">Luis Bu\u00f1uel en el Teatro-Museo Dal\u00ed<\/div><\/a>\n\n\n            <div class=\"item-data\">\n            Figueres, 5 de junio de 2025            <\/div>\n            <div class=\"excerpt\">Coincidiendo con la fecha exacta del estreno de la pel\u00edcula Un chien andalou en Par\u00eds en 1929 -obra clave del surrealismo surgida de la colaboraci\u00f3n entre Bu\u00f1uel y Dal\u00ed-, el espacio acoger\u00e1 Suite para un perro andaluz, un espect\u00e1culo multidisciplinar a cargo de la formaci\u00f3n Basilio Mart\u00ed Tr\u00edo, que ofrecer\u00e1 m\u00fasica original en directo para [&hellip;]<\/div>\n        <\/div>\n\t\t\n\t<\/li>\n\t\n  \t<li class=\"grid-item\">\n\n        \t\t\n        <div class=\"item-header\">\n            <figure class=\"image\"><img loading=\"lazy\" decoding=\"async\" width=\"229\" height=\"300\" src=\"https:\/\/webdali.latempesta.eu\/wp-content\/uploads\/2025\/06\/0660_madonadeportlligat_174793058877_1024-229x300.jpg\" class=\"attachment-medium size-medium wp-post-image\" alt=\"La Madona de Portlligat vindr\u00e0 a Figueres al setembre\" srcset=\"https:\/\/webdali.latempesta.eu\/wp-content\/uploads\/2025\/06\/0660_madonadeportlligat_174793058877_1024-229x300.jpg 229w, https:\/\/webdali.latempesta.eu\/wp-content\/uploads\/2025\/06\/0660_madonadeportlligat_174793058877_1024-782x1024.jpg 782w, https:\/\/webdali.latempesta.eu\/wp-content\/uploads\/2025\/06\/0660_madonadeportlligat_174793058877_1024-768x1006.jpg 768w, https:\/\/webdali.latempesta.eu\/wp-content\/uploads\/2025\/06\/0660_madonadeportlligat_174793058877_1024.jpg 800w\" sizes=\"auto, (max-width: 229px) 100vw, 229px\" \/><\/figure>\n\n        <\/div>\n        <div class=\"item-content\">\n            <a href=\"https:\/\/webdali.latempesta.eu\/es\/fundacion-dali\/noticia\/la-fundacion-dali-hace-balance-de-2024-y-anuncia-la-llegada-de-la-madona-de-portlligat-a-figueres\/\"><div class=\"title\">La Fundaci\u00f3n Dal\u00ed hace balance de 2024 y anuncia la llegada de la \u00abMadona de Portlligat\u00bb a Figueres<\/div><\/a>\n\n\n            <div class=\"item-data\">\n            Figueres, 23 de mayo de 2025            <\/div>\n            <div class=\"excerpt\">El presidente de la Fundaci\u00f3n Dal\u00ed, Jordi Mercader, ha hecho balance del a\u00f1o 2024 y ha anunciado los planes de futuro de la instituci\u00f3n. Coincidiendo con la conmemoraci\u00f3n de los 50 a\u00f1os del Teatro-Museo Dal\u00ed, la Fundaci\u00f3n Dal\u00ed ha cerrado el 2024 con los mejores resultados de su historia: los museos del Tri\u00e1ngulo han recibido [&hellip;]<\/div>\n        <\/div>\n\t\t\n\t<\/li>\n\t\n  \t<li class=\"grid-item\">\n\n        \t\t\n        <div class=\"item-header\">\n            <figure class=\"image\"><img loading=\"lazy\" decoding=\"async\" width=\"228\" height=\"300\" src=\"https:\/\/webdali.latempesta.eu\/wp-content\/uploads\/2025\/05\/p0589_02_petita_174255190177_1024-228x300.jpg\" class=\"attachment-medium size-medium wp-post-image\" alt=\"\" srcset=\"https:\/\/webdali.latempesta.eu\/wp-content\/uploads\/2025\/05\/p0589_02_petita_174255190177_1024-228x300.jpg 228w, https:\/\/webdali.latempesta.eu\/wp-content\/uploads\/2025\/05\/p0589_02_petita_174255190177_1024.jpg 583w\" sizes=\"auto, (max-width: 228px) 100vw, 228px\" \/><\/figure>\n\n        <\/div>\n        <div class=\"item-content\">\n            <a href=\"https:\/\/webdali.latempesta.eu\/es\/fundacion-dali\/noticia\/la-exposicion-de-este-ano-muestra-las-mejores-piezas-de-vestir-de-gala\/\"><div class=\"title\">La exposici\u00f3n de este a\u00f1o muestra las mejores piezas de vestir de Gala<\/div><\/a>\n\n\n            <div class=\"item-data\">\n            P\u00fabol, 20 de marzo de 2025            <\/div>\n            <div class=\"excerpt\">Este a\u00f1o se presenta en el Castillo Gala Dal\u00ed de P\u00fabol la s\u00edntesis de la exposici\u00f3n El despertar del mito: Gala Dal\u00ed. La muestra cuenta con las piezas m\u00e1s destacadas de las tres temporadas anteriores (Colecci\u00f3n Primavera-Verano, Alta costura y Oto\u00f1o-invierno) que se llevaron a cabo en estrecha colaboraci\u00f3n con La Roca Village. A esta [&hellip;]<\/div>\n        <\/div>\n\t\t\n\t<\/li>\n\t\n  \t<li class=\"grid-item\">\n\n        \t\t\n        <div class=\"item-header\">\n            <figure class=\"image\"><img loading=\"lazy\" decoding=\"async\" width=\"266\" height=\"300\" src=\"https:\/\/webdali.latempesta.eu\/wp-content\/uploads\/2025\/05\/4c1a4538_retallada_172952722277_1024-266x300.jpg\" class=\"attachment-medium size-medium wp-post-image\" alt=\"Jordi Mercader durant l&#039;acceptaci\u00f3 del reconeixement\" srcset=\"https:\/\/webdali.latempesta.eu\/wp-content\/uploads\/2025\/05\/4c1a4538_retallada_172952722277_1024-266x300.jpg 266w, https:\/\/webdali.latempesta.eu\/wp-content\/uploads\/2025\/05\/4c1a4538_retallada_172952722277_1024-909x1024.jpg 909w, https:\/\/webdali.latempesta.eu\/wp-content\/uploads\/2025\/05\/4c1a4538_retallada_172952722277_1024-768x865.jpg 768w, https:\/\/webdali.latempesta.eu\/wp-content\/uploads\/2025\/05\/4c1a4538_retallada_172952722277_1024.jpg 917w\" sizes=\"auto, (max-width: 266px) 100vw, 266px\" \/><\/figure>\n\n        <\/div>\n        <div class=\"item-content\">\n            <a href=\"https:\/\/webdali.latempesta.eu\/es\/fundacion-dali\/noticia\/el-teatro-museo-dali-recibe-la-medalla-de-oro-de-la-ciudad\/\"><div class=\"title\">El Teatro-Museo Dal\u00ed recibe la Medalla de Oro de la Ciudad<\/div><\/a>\n\n\n            <div class=\"item-data\">\n            Figueres, 20 de octubre de 2024            <\/div>\n            <div class=\"excerpt\">El presidente de la Fundaci\u00f3n Dal\u00ed, Jordi Mercader, ha recibido de manos del alcalde Jordi Masquef, la Medalla de Oro de la Ciudad por los 50 a\u00f1os del Teatro-Museo Dal\u00ed. La ceremonia de entrega ha tenido lugar el domingo 20 de octubre en el Teatro Jard\u00ed de Figueres. En un acto solemne y emotivo, se ha reconocido la trayectoria de otras personas y entidades tales como la [&hellip;]<\/div>\n        <\/div>\n\t\t\n\t<\/li>\n\t\n  \t<li class=\"grid-item\">\n\n        \t\t\n        <div class=\"item-header\">\n            <figure class=\"image\"><img loading=\"lazy\" decoding=\"async\" width=\"133\" height=\"300\" src=\"https:\/\/webdali.latempesta.eu\/wp-content\/uploads\/2025\/05\/i0084_174297995577_1024-133x300.jpg\" class=\"attachment-medium size-medium wp-post-image\" alt=\"\" srcset=\"https:\/\/webdali.latempesta.eu\/wp-content\/uploads\/2025\/05\/i0084_174297995577_1024-133x300.jpg 133w, https:\/\/webdali.latempesta.eu\/wp-content\/uploads\/2025\/05\/i0084_174297995577_1024-455x1024.jpg 455w, https:\/\/webdali.latempesta.eu\/wp-content\/uploads\/2025\/05\/i0084_174297995577_1024-768x1728.jpg 768w, https:\/\/webdali.latempesta.eu\/wp-content\/uploads\/2025\/05\/i0084_174297995577_1024-683x1536.jpg 683w, https:\/\/webdali.latempesta.eu\/wp-content\/uploads\/2025\/05\/i0084_174297995577_1024.jpg 800w\" sizes=\"auto, (max-width: 133px) 100vw, 133px\" \/><\/figure>\n\n        <\/div>\n        <div class=\"item-content\">\n            <a href=\"https:\/\/webdali.latempesta.eu\/es\/fundacion-dali\/noticia\/los-museos-dali-cuentan-con-el-apoyo-del-ministerio-de-cultura\/\"><div class=\"title\">Los Museos Dal\u00ed cuentan con el apoyo del Ministerio de Cultura<\/div><\/a>\n\n\n            <div class=\"item-data\">\n            Figueres, 8 de octubre de 2024            <\/div>\n            <div class=\"excerpt\">Por cuarto a\u00f1o consecutivo, la Fundaci\u00f3 Gala-Salvador Dal\u00ed cuenta con el apoyo del Ministerio de Cultura y Deporte. De conformidad con lo dispuesto en el art\u00edculo 3.2.c de la Orden CUL\/163\/2010, de 27 de enero (B.O.E. de 2 de febrero), los presupuestos generales del Estado 2024 han otorgado a la Fundaci\u00f3n Dal\u00ed una asignaci\u00f3n nominativa [&hellip;]<\/div>\n        <\/div>\n\t\t\n\t<\/li>\n\t\n  \t<li class=\"grid-item\">\n\n        \t\t\n        <div class=\"item-header\">\n            <figure class=\"image\"><img loading=\"lazy\" decoding=\"async\" width=\"300\" height=\"240\" src=\"https:\/\/webdali.latempesta.eu\/wp-content\/uploads\/2025\/05\/foto_expo_bea_2_172967350377_1024-300x240.jpg\" class=\"attachment-medium size-medium wp-post-image\" alt=\"Muntatge de la tercera temporada\" srcset=\"https:\/\/webdali.latempesta.eu\/wp-content\/uploads\/2025\/05\/foto_expo_bea_2_172967350377_1024-300x240.jpg 300w, https:\/\/webdali.latempesta.eu\/wp-content\/uploads\/2025\/05\/foto_expo_bea_2_172967350377_1024-768x614.jpg 768w, https:\/\/webdali.latempesta.eu\/wp-content\/uploads\/2025\/05\/foto_expo_bea_2_172967350377_1024.jpg 1024w\" sizes=\"auto, (max-width: 300px) 100vw, 300px\" \/><\/figure>\n\n        <\/div>\n        <div class=\"item-content\">\n            <a href=\"https:\/\/webdali.latempesta.eu\/es\/fundacion-dali\/noticia\/tercera-temporada-de-la-exposicion-de-pubol-el-despertar-del-mito-gala-dali\/\"><div class=\"title\">Tercera temporada de la exposici\u00f3n de P\u00fabol \u00abEl despertar del mito: Gala Dal\u00ed\u00bb<\/div><\/a>\n\n\n            <div class=\"item-data\">\n            P\u00fabol, 5 de octubre de 2024            <\/div>\n            <div class=\"excerpt\">Desde ahora y hasta el 6 de enero de 2025, se puede visitar la tercera y \u00faltima temporada de la exposici\u00f3n El despertar del mito: Gala Dal\u00ed en el Castillo Gala Dal\u00ed de P\u00fabol, resultado de la colaboraci\u00f3n entre la Fundaci\u00f3n Dal\u00ed y La Roca Village. Con este tercer cap\u00edtulo, titulado \u201cColecci\u00f3n oto\u00f1o-invierno\u201d, finaliza el [&hellip;]<\/div>\n        <\/div>\n\t\t\n\t<\/li>\n\t\n  \t<li class=\"grid-item\">\n\n        \t\t\n        <div class=\"item-header\">\n            <figure class=\"image\"><img loading=\"lazy\" decoding=\"async\" width=\"230\" height=\"300\" src=\"https:\/\/webdali.latempesta.eu\/wp-content\/uploads\/2025\/05\/01_85890dalivisitantmuseus_172969771977_1024-230x300.jpg\" class=\"attachment-medium size-medium wp-post-image\" alt=\"Dal\u00ed visitant el Museu del Louvre\" srcset=\"https:\/\/webdali.latempesta.eu\/wp-content\/uploads\/2025\/05\/01_85890dalivisitantmuseus_172969771977_1024-230x300.jpg 230w, https:\/\/webdali.latempesta.eu\/wp-content\/uploads\/2025\/05\/01_85890dalivisitantmuseus_172969771977_1024.jpg 589w\" sizes=\"auto, (max-width: 230px) 100vw, 230px\" \/><\/figure>\n\n        <\/div>\n        <div class=\"item-content\">\n            <a href=\"https:\/\/webdali.latempesta.eu\/es\/fundacion-dali\/noticia\/el-teatro-museo-dali-celebra-sus-50-anos-con-exposiciones-y-un-audiovisual\/\"><div class=\"title\">El Teatro-Museo Dal\u00ed celebra sus 50 a\u00f1os con exposiciones y un audiovisual<\/div><\/a>\n\n\n            <div class=\"item-data\">\n            Figueres, 28 de septiembre de 2024            <\/div>\n            <div class=\"excerpt\">El Teatro-Museo Dal\u00ed celebra su 50\u00ba aniversario con cuatro proyectos destacados: tres exposiciones que podr\u00e1n verse hasta el verano de 2025 y un documental. Estos proyectos exploran la visi\u00f3n particular de Dal\u00ed sobre la historia del arte y su enfoque muse\u00edstico. Una de las piezas centrales es la \u00faltima adquisici\u00f3n de la Fundaci\u00f3n Dal\u00ed: un [&hellip;]<\/div>\n        <\/div>\n\t\t\n\t<\/li>\n\t\n  \t<li class=\"grid-item\">\n\n        \t\t\n        <div class=\"item-header\">\n            <figure class=\"image\"><img loading=\"lazy\" decoding=\"async\" width=\"213\" height=\"300\" src=\"https:\/\/webdali.latempesta.eu\/wp-content\/uploads\/2025\/06\/cartell_recitalvickypena_172364714177_1024-213x300.jpg\" class=\"attachment-medium size-medium wp-post-image\" alt=\"\" srcset=\"https:\/\/webdali.latempesta.eu\/wp-content\/uploads\/2025\/06\/cartell_recitalvickypena_172364714177_1024-213x300.jpg 213w, https:\/\/webdali.latempesta.eu\/wp-content\/uploads\/2025\/06\/cartell_recitalvickypena_172364714177_1024-726x1024.jpg 726w, https:\/\/webdali.latempesta.eu\/wp-content\/uploads\/2025\/06\/cartell_recitalvickypena_172364714177_1024-768x1084.jpg 768w, https:\/\/webdali.latempesta.eu\/wp-content\/uploads\/2025\/06\/cartell_recitalvickypena_172364714177_1024.jpg 1024w\" sizes=\"auto, (max-width: 213px) 100vw, 213px\" \/><\/figure>\n\n        <\/div>\n        <div class=\"item-content\">\n            <a href=\"https:\/\/webdali.latempesta.eu\/es\/fundacion-dali\/noticia\/vicky-pena-recita-el-diario-intimo-de-gala\/\"><div class=\"title\">Vicky Pe\u00f1a recita el diario \u00edntimo de Gala<\/div><\/a>\n\n\n            <div class=\"item-data\">\n            P\u00fabol, 26 de agosto de 2024            <\/div>\n            <div class=\"excerpt\">Para conmemorar los 130 a\u00f1os del nacimiento de Gala, la actriz&nbsp;Vicky Pe\u00f1a recitar\u00e1&nbsp;fragmentos del diario personal de la esposa de Salvador Dal\u00ed el lunes 26 de agosto a las 19h en el Castillo de P\u00fabol. El recital se har\u00e1&nbsp;en catal\u00e1n. En la organizaci\u00f3n del evento colaboran La Roca Village y&nbsp;Bit\u00f2 Produccions. Gala naci\u00f3&nbsp;en&nbsp;Rusia en&nbsp;1894 con&nbsp;el [&hellip;]<\/div>\n        <\/div>\n\t\t\n\t<\/li>\n\t\n  <\/ul>\n<\/div>\n\n\n\n<div class=\"wp-block-columns is-layout-flex wp-container-core-columns-is-layout-9d6595d7 wp-block-columns-is-layout-flex\">\n<div class=\"wp-block-column is-layout-flow wp-block-column-is-layout-flow\"><div class=\"facetwp-facet facetwp-facet-noticies_paginacio_es facetwp-type-pager\" data-name=\"noticies_paginacio_es\" data-type=\"pager\"><\/div>\n<\/div>\n<\/div>\n","protected":false},"excerpt":{"rendered":"","protected":false},"author":1,"featured_media":3364,"parent":7555,"menu_order":250,"comment_status":"closed","ping_status":"closed","template":"","meta":{"_acf_changed":false,"_coblocks_attr":"","_coblocks_dimensions":"","_coblocks_responsive_height":"","_coblocks_accordion_ie_support":"","footnotes":""},"categories":[],"tags":[],"class_list":["post-7582","page","type-page","status-publish","has-post-thumbnail","hentry"],"acf":[],"_links":{"self":[{"href":"https:\/\/webdali.latempesta.eu\/es\/wp-json\/wp\/v2\/pages\/7582","targetHints":{"allow":["GET"]}}],"collection":[{"href":"https:\/\/webdali.latempesta.eu\/es\/wp-json\/wp\/v2\/pages"}],"about":[{"href":"https:\/\/webdali.latempesta.eu\/es\/wp-json\/wp\/v2\/types\/page"}],"author":[{"embeddable":true,"href":"https:\/\/webdali.latempesta.eu\/es\/wp-json\/wp\/v2\/users\/1"}],"replies":[{"embeddable":true,"href":"https:\/\/webdali.latempesta.eu\/es\/wp-json\/wp\/v2\/comments?post=7582"}],"version-history":[{"count":0,"href":"https:\/\/webdali.latempesta.eu\/es\/wp-json\/wp\/v2\/pages\/7582\/revisions"}],"up":[{"embeddable":true,"href":"https:\/\/webdali.latempesta.eu\/es\/wp-json\/wp\/v2\/pages\/7555"}],"wp:featuredmedia":[{"embeddable":true,"href":"https:\/\/webdali.latempesta.eu\/es\/wp-json\/wp\/v2\/media\/3364"}],"wp:attachment":[{"href":"https:\/\/webdali.latempesta.eu\/es\/wp-json\/wp\/v2\/media?parent=7582"}],"wp:term":[{"taxonomy":"category","embeddable":true,"href":"https:\/\/webdali.latempesta.eu\/es\/wp-json\/wp\/v2\/categories?post=7582"},{"taxonomy":"post_tag","embeddable":true,"href":"https:\/\/webdali.latempesta.eu\/es\/wp-json\/wp\/v2\/tags?post=7582"}],"curies":[{"name":"wp","href":"https:\/\/api.w.org\/{rel}","templated":true}]}}