{"id":7627,"date":"2025-03-14T15:06:31","date_gmt":"2025-03-14T13:06:31","guid":{"rendered":"https:\/\/webdali.latempesta.eu\/obra\/conservacio-i-restauracio\/el-naixement-de-les-angoixes-liquides-arriba-a-la-fundacio\/"},"modified":"2025-06-29T11:03:13","modified_gmt":"2025-06-29T09:03:13","slug":"el-nacimiento-de-las-angustias-liquidas-llega-a-la-fundacion-dali","status":"publish","type":"page","link":"https:\/\/webdali.latempesta.eu\/es\/obra\/conservacion-y-restauracion\/el-nacimiento-de-las-angustias-liquidas-llega-a-la-fundacion-dali\/","title":{"rendered":"El nacimiento de las angustias l\u00edquidas llega a la Fundaci\u00f3n Dal\u00ed"},"content":{"rendered":"\n<div class=\"wp-block-columns global-column is-layout-flex wp-container-core-columns-is-layout-9d6595d7 wp-block-columns-is-layout-flex\">\n<div class=\"wp-block-column is-layout-flow wp-block-column-is-layout-flow\">\n<p class=\"entradeta\">Bajo la supervisi\u00f3n atenta de la jefa de Conservaci\u00f3n y Restauraci\u00f3n, que meses antes hab\u00eda viajado para verificar su estado, la pintura fue desembalada, revisada e incorporada a nuestras reservas.<\/p>\n<\/div>\n<\/div>\n\n\n    <div  class=\"wp-block-columns swiper-column  intro intro-images bloc-destacats imatges\" style=\"background-image: linear-gradient(to right, white, white)\">\n        <div class=\"wp-block-column\">\n            <div id=\"swiper-69ff4980e8c38\" class=\"swiper destacats dues\" >\n                <div class=\"swiper-wrapper\">\n\n                                            <div class=\"swiper-slide intro\">\n                            <span class=\"image-background\" style=\"background-image:url(https:\/\/webdali.latempesta.eu\/wp-content\/uploads\/2025\/03\/IMG_7600-768x1024.jpg)\"><\/span>\n                            \n                        <\/div>\n                        <div class=\"swiper-slide\">\n                           <div class=\"descripcio\">\n                            <h2>La llegada de una pieza \u00fanica<\/h2>\n                            <p>Una de las funciones relevantes del equipo de conservaci\u00f3n y restauraci\u00f3n es la realizaci\u00f3n de informes sobre t\u00e9cnica pict\u00f3rica y el estado de conservaci\u00f3n con el fin de complementar las propuestas de adquisici\u00f3n de una obra. En este caso, la conservadora-restauradora se desplaz\u00f3 para examinar <em>in situ<\/em> la pintura, comprobar su estado y documentar fotogr\u00e1ficamente la pieza. En estos casos se llevan a cabo fotograf\u00edas de detalles \u2014como la firma u otros elementos significativos\u2014 con diferentes tipos de luz para extraer la m\u00e1xima informaci\u00f3n y trasladarla al equipo de curadores y a los encargados de adquisiciones de la fundaci\u00f3n. La inspecci\u00f3n de <em>El nacimiento de las angustias l\u00edquidas <\/em>confirm\u00f3 la t\u00e9cnica daliniana de la \u00e9poca y concluy\u00f3 que la obra presenta un estado de conservaci\u00f3n bueno y estable. En la actualidad, esta pieza se exhibe en las salas de exposiciones temporales, esperando ser contemplada por ti.<\/p>\n                            <\/div>\n\n                            \n                            \n                        <\/div>\n                    \n\n                    \n                        \n                        <div class=\"swiper-slide\">\n                                                            <figure>\n                                    <a data-fancybox=\"gallery-69ff4980e8c38\" data-src=\"https:\/\/webdali.latempesta.eu\/wp-content\/uploads\/2025\/03\/IMG_7587-scaled.jpg\" data-caption=\"\">\n                                        <img decoding=\"async\" src=\"https:\/\/webdali.latempesta.eu\/wp-content\/uploads\/2025\/03\/IMG_7587-768x1024.jpg\" alt=\"\"> \n\t\t\t\t          \t\t\t<\/a>\n                                                                        <figcaption class=\"custom-caption\"><\/figcaption>\n                                <\/figure>\n                                                    <\/div>\n\n                    \n                        \n                        <div class=\"swiper-slide\">\n                                                            <figure>\n                                    <a data-fancybox=\"gallery-69ff4980e8c38\" data-src=\"https:\/\/webdali.latempesta.eu\/wp-content\/uploads\/2025\/03\/IMG_7562-scaled.jpg\" data-caption=\"\">\n                                        <img decoding=\"async\" src=\"https:\/\/webdali.latempesta.eu\/wp-content\/uploads\/2025\/03\/IMG_7562-716x1024.jpg\" alt=\"\"> \n\t\t\t\t          \t\t\t<\/a>\n                                                                        <figcaption class=\"custom-caption\"><\/figcaption>\n                                <\/figure>\n                                                    <\/div>\n\n                                    <\/div>\n                <!-- Swiper navigation buttons -->\n                <div class=\"swiper-button-prev\">\n                    <span class=\"screen-reader-text\">Diapositiva anterior<\/span>\n                <\/div>\n                <div class=\"swiper-button-next\">\n                    <span class=\"screen-reader-text\">Diapositiva siguiente<\/span>\n                <\/div>\n            <\/div>\n        <\/div>\n    <\/div>\n\n\n\n<!-- Swiper JS -->\n<script src=\"https:\/\/cdn.jsdelivr.net\/npm\/swiper@11\/swiper-bundle.min.js\"><\/script>\n\n<!-- Initialize Swiper -->\n<script>\n\njQuery( document ).ready(function() {      \n\n    Tipus = 'intro-images';\n\n    updateSpaceBetween();\n    spaceBetweenInicial = 60;\n    \n    if (Tipus=='intro-images' ) {\n    \/\/    spaceBetweenValueModul = 0;\n    }\n\n\n\n    console.log(\"spaceBetweenValueModul\",spaceBetweenValueModul);\n\n    var swiper = new Swiper(\"#swiper-69ff4980e8c38\", {\n      slidesPerView: \"auto\",\n      spaceBetween: spaceBetweenInicial,\n      \tfreeMode: true,\n\t  \tbreakpoints: {\n\t        \/\/ Quan l'amplada de la pantalla sigui major a 1024px\n\t        1024: {\n\t            spaceBetween: spaceBetweenValue,\n\t        },\n\t    },\n        \/\/ Navigation arrows\n        navigation: {\n            nextEl: '.swiper-button-next',\n            prevEl: '.swiper-button-prev',\n        },\n        mousewheel: {\n            releaseOnEdges: true,\n            forceToAxis: true,\n            sensitivity:    1,\n        },\n        a11y: {\n            prevSlideMessage: 'Diapositiva anterior',\n            nextSlideMessage: 'Diapositiva siguiente',\n        },\n    });\n\n\n \n\n\n    \/*\n    jQuery('.bloc-destacats').each(function() {\n        const nextDiv = jQuery(this).next('div');\n        if (nextDiv.hasClass('contingut-ampliat')) {\n            console.log('T\u00e9 .contingut-ampliat despr\u00e9s');\n            \/\/ Aqu\u00ed pots fer accions, per exemple:\n            \/\/ $nextDiv.addClass('marcat'); o $(this).append($nextDiv);\n        }\n    });\n    *\/\n})\n<\/script>\n\n","protected":false},"excerpt":{"rendered":"<p>Bajo la supervisi\u00f3n atenta de la jefa de Conservaci\u00f3n y Restauraci\u00f3n, que meses antes hab\u00eda viajado para verificar su estado, la pintura fue desembalada, revisada e incorporada a nuestras reservas.<\/p>\n","protected":false},"author":3,"featured_media":2135,"parent":7624,"menu_order":0,"comment_status":"closed","ping_status":"closed","template":"","meta":{"_acf_changed":false,"_coblocks_attr":"","_coblocks_dimensions":"","_coblocks_responsive_height":"","_coblocks_accordion_ie_support":"","footnotes":""},"categories":[],"tags":[],"class_list":["post-7627","page","type-page","status-publish","has-post-thumbnail","hentry"],"acf":[],"_links":{"self":[{"href":"https:\/\/webdali.latempesta.eu\/es\/wp-json\/wp\/v2\/pages\/7627","targetHints":{"allow":["GET"]}}],"collection":[{"href":"https:\/\/webdali.latempesta.eu\/es\/wp-json\/wp\/v2\/pages"}],"about":[{"href":"https:\/\/webdali.latempesta.eu\/es\/wp-json\/wp\/v2\/types\/page"}],"author":[{"embeddable":true,"href":"https:\/\/webdali.latempesta.eu\/es\/wp-json\/wp\/v2\/users\/3"}],"replies":[{"embeddable":true,"href":"https:\/\/webdali.latempesta.eu\/es\/wp-json\/wp\/v2\/comments?post=7627"}],"version-history":[{"count":0,"href":"https:\/\/webdali.latempesta.eu\/es\/wp-json\/wp\/v2\/pages\/7627\/revisions"}],"up":[{"embeddable":true,"href":"https:\/\/webdali.latempesta.eu\/es\/wp-json\/wp\/v2\/pages\/7624"}],"wp:featuredmedia":[{"embeddable":true,"href":"https:\/\/webdali.latempesta.eu\/es\/wp-json\/wp\/v2\/media\/2135"}],"wp:attachment":[{"href":"https:\/\/webdali.latempesta.eu\/es\/wp-json\/wp\/v2\/media?parent=7627"}],"wp:term":[{"taxonomy":"category","embeddable":true,"href":"https:\/\/webdali.latempesta.eu\/es\/wp-json\/wp\/v2\/categories?post=7627"},{"taxonomy":"post_tag","embeddable":true,"href":"https:\/\/webdali.latempesta.eu\/es\/wp-json\/wp\/v2\/tags?post=7627"}],"curies":[{"name":"wp","href":"https:\/\/api.w.org\/{rel}","templated":true}]}}