{"id":7654,"date":"2025-03-12T14:51:31","date_gmt":"2025-03-12T12:51:31","guid":{"rendered":"https:\/\/webdali.latempesta.eu\/obra\/conservacio-i-restauracio\/pla-de-conservacio-de-dibuixos-i-gravats\/"},"modified":"2025-07-03T15:01:13","modified_gmt":"2025-07-03T13:01:13","slug":"plan-de-conservacion-de-dibujos-y-grabados","status":"publish","type":"page","link":"https:\/\/webdali.latempesta.eu\/es\/obra\/conservacion-y-restauracion\/plan-de-conservacion-de-dibujos-y-grabados\/","title":{"rendered":"Plan de conservaci\u00f3n de dibujos y grabados"},"content":{"rendered":"\n<div class=\"wp-block-columns global-column is-layout-flex wp-container-core-columns-is-layout-9d6595d7 wp-block-columns-is-layout-flex\">\n<div class=\"wp-block-column is-layout-flow wp-block-column-is-layout-flow\">\n<p class=\"wp-block-custom-entradeta entradeta\">El plan de conservaci\u00f3n preventiva de dibujos y obra gr\u00e1fica del fondo de la Fundaci\u00f3n Gala-Salvador Dal\u00ed se lleva a cabo con la finalidad de mejorar la conservaci\u00f3n de las obras mediante el sistema de almacenamiento, los materiales de conservaci\u00f3n y su ubicaci\u00f3n en el almac\u00e9n.<\/p>\n<\/div>\n<\/div>\n\n\n    <div  class=\"wp-block-columns swiper-column  intro intro-images bloc-destacats imatges\" style=\"background-image: linear-gradient(to right, white, white)\">\n        <div class=\"wp-block-column\">\n            <div id=\"swiper-69ff3bad481d5\" class=\"swiper destacats dues\" >\n                <div class=\"swiper-wrapper\">\n\n                                            <div class=\"swiper-slide intro\">\n                            <span class=\"image-background\" style=\"background-image:url(https:\/\/webdali.latempesta.eu\/wp-content\/uploads\/2025\/06\/004_MagatzemGF-767x1024.jpg)\"><\/span>\n                            \n                        <\/div>\n                        <div class=\"swiper-slide\">\n                           <div class=\"descripcio\">\n                            <h2>La remodelaci\u00f3n y mejora de los espacios<\/h2>\n                            <p>Con la remodelaci\u00f3n y mejora de los espacios de reservas del a\u00f1o 2014, se redistribuy\u00f3 la colecci\u00f3n de dibujos y grabados en cajas de conservaci\u00f3n en nuevas ubicaciones, lo que no solo ha mejorado las condiciones del fondo, sino que tambi\u00e9n ha facilitado la accesibilidad para la consulta y la manipulaci\u00f3n de las piezas. Actualmente, se hace seguimiento de los espacios de reservas para la revisi\u00f3n y actualizaci\u00f3n de los sistemas de almacenamiento, adem\u00e1s del seguimiento habitual de estos espacios relativo al control ambiental y su mantenimiento.<\/p>\n                            <\/div>\n\n                            \n                            \n                        <\/div>\n                    \n\n                    \n                        \n                        <div class=\"swiper-slide\">\n                                                            <figure>\n                                    <a data-fancybox=\"gallery-69ff3bad481d5\" data-src=\"https:\/\/webdali.latempesta.eu\/wp-content\/uploads\/2025\/06\/001_MagatzemGF-scaled.jpg\" data-caption=\"Proyecto de restauraci\u00f3n de la joya en colaboraci\u00f3n con un equipo interdisciplinario \u00a9 Salvador Dal\u00ed. Fundaci\u00f3 Gala-Salvador Dal\u00ed, Figueres 2025.\">\n                                        <img decoding=\"async\" src=\"https:\/\/webdali.latempesta.eu\/wp-content\/uploads\/2025\/06\/001_MagatzemGF-1024x768.jpg\" alt=\"Proyecto de restauraci\u00f3n de la joya en colaboraci\u00f3n con un equipo interdisciplinario \u00a9 Salvador Dal\u00ed. Fundaci\u00f3 Gala-Salvador Dal\u00ed, Figueres 2025.\"> \n\t\t\t\t          \t\t\t<\/a>\n                                                                        <figcaption class=\"custom-caption\">Proyecto de restauraci\u00f3n de la joya en colaboraci\u00f3n con un equipo interdisciplinario \u00a9 Salvador Dal\u00ed. Fundaci\u00f3 Gala-Salvador Dal\u00ed, Figueres 2025.<\/figcaption>\n                                <\/figure>\n                                                    <\/div>\n\n                    \n                        \n                        <div class=\"swiper-slide\">\n                                                            <figure>\n                                    <a data-fancybox=\"gallery-69ff3bad481d5\" data-src=\"https:\/\/webdali.latempesta.eu\/wp-content\/uploads\/2025\/06\/003_MagatzemGF-scaled.jpg\" data-caption=\"Ubicaci\u00f3n de dibujos de gran formato en cajas de conservaci\u00f3n individuales\">\n                                        <img decoding=\"async\" src=\"https:\/\/webdali.latempesta.eu\/wp-content\/uploads\/2025\/06\/003_MagatzemGF-1024x768.jpg\" alt=\"Ubicaci\u00f3n de dibujos de gran formato en cajas de conservaci\u00f3n individuales\"> \n\t\t\t\t          \t\t\t<\/a>\n                                                                        <figcaption class=\"custom-caption\">Ubicaci\u00f3n de dibujos de gran formato en cajas de conservaci\u00f3n individuales<\/figcaption>\n                                <\/figure>\n                                                    <\/div>\n\n                    \n                        \n                        <div class=\"swiper-slide\">\n                                                            <figure>\n                                    <a data-fancybox=\"gallery-69ff3bad481d5\" data-src=\"https:\/\/webdali.latempesta.eu\/wp-content\/uploads\/2025\/06\/004_MagatzemGF-scaled.jpg\" data-caption=\"Planeras y estanter\u00edas de obras de formato medio y grande en nuestros almacenes\">\n                                        <img decoding=\"async\" src=\"https:\/\/webdali.latempesta.eu\/wp-content\/uploads\/2025\/06\/004_MagatzemGF-767x1024.jpg\" alt=\"Planeras y estanter\u00edas de obras de formato medio y grande en nuestros almacenes\"> \n\t\t\t\t          \t\t\t<\/a>\n                                                                        <figcaption class=\"custom-caption\">Planeras y estanter\u00edas de obras de formato medio y grande en nuestros almacenes<\/figcaption>\n                                <\/figure>\n                                                    <\/div>\n\n                    \n                        \n                        <div class=\"swiper-slide\">\n                                                            <figure>\n                                    <a data-fancybox=\"gallery-69ff3bad481d5\" data-src=\"https:\/\/webdali.latempesta.eu\/wp-content\/uploads\/2025\/06\/01_MagatzemOG-scaled.jpg\" data-caption=\"Planera con obra de gran formato antes de la mejora del sistema de almacenamiento\">\n                                        <img decoding=\"async\" src=\"https:\/\/webdali.latempesta.eu\/wp-content\/uploads\/2025\/06\/01_MagatzemOG-1024x768.jpg\" alt=\"Planera con obra de gran formato antes de la mejora del sistema de almacenamiento\"> \n\t\t\t\t          \t\t\t<\/a>\n                                                                        <figcaption class=\"custom-caption\">Planera con obra de gran formato antes de la mejora del sistema de almacenamiento<\/figcaption>\n                                <\/figure>\n                                                    <\/div>\n\n                    \n                        \n                        <div class=\"swiper-slide\">\n                                                            <figure>\n                                    <a data-fancybox=\"gallery-69ff3bad481d5\" data-src=\"https:\/\/webdali.latempesta.eu\/wp-content\/uploads\/2025\/06\/02_MagatzemOG-scaled.jpg\" data-caption=\"Ubicaci\u00f3n de obra de formato medio en fundas de papel barrera\">\n                                        <img decoding=\"async\" src=\"https:\/\/webdali.latempesta.eu\/wp-content\/uploads\/2025\/06\/02_MagatzemOG-1024x768.jpg\" alt=\"Ubicaci\u00f3n de obra de formato medio en fundas de papel barrera\"> \n\t\t\t\t          \t\t\t<\/a>\n                                                                        <figcaption class=\"custom-caption\">Ubicaci\u00f3n de obra de formato medio en fundas de papel barrera<\/figcaption>\n                                <\/figure>\n                                                    <\/div>\n\n                    \n                        \n                        <div class=\"swiper-slide\">\n                                                            <figure>\n                                    <a data-fancybox=\"gallery-69ff3bad481d5\" data-src=\"https:\/\/webdali.latempesta.eu\/wp-content\/uploads\/2025\/06\/03_MagatzemOG-scaled.jpg\" data-caption=\"Planera con obra de gran formato despu\u00e9s de mejorar el sistema de almacenamiento\">\n                                        <img decoding=\"async\" src=\"https:\/\/webdali.latempesta.eu\/wp-content\/uploads\/2025\/06\/03_MagatzemOG-1024x768.jpg\" alt=\"Planera con obra de gran formato despu\u00e9s de mejorar el sistema de almacenamiento\"> \n\t\t\t\t          \t\t\t<\/a>\n                                                                        <figcaption class=\"custom-caption\">Planera con obra de gran formato despu\u00e9s de mejorar el sistema de almacenamiento<\/figcaption>\n                                <\/figure>\n                                                    <\/div>\n\n                                    <\/div>\n                <!-- Swiper navigation buttons -->\n                <div class=\"swiper-button-prev\">\n                    <span class=\"screen-reader-text\">Diapositiva anterior<\/span>\n                <\/div>\n                <div class=\"swiper-button-next\">\n                    <span class=\"screen-reader-text\">Diapositiva siguiente<\/span>\n                <\/div>\n            <\/div>\n        <\/div>\n    <\/div>\n\n\n\n<!-- Swiper JS -->\n<script src=\"https:\/\/cdn.jsdelivr.net\/npm\/swiper@11\/swiper-bundle.min.js\"><\/script>\n\n<!-- Initialize Swiper -->\n<script>\n\njQuery( document ).ready(function() {      \n\n    Tipus = 'intro-images';\n\n    updateSpaceBetween();\n    spaceBetweenInicial = 60;\n    \n    if (Tipus=='intro-images' ) {\n    \/\/    spaceBetweenValueModul = 0;\n    }\n\n\n\n    console.log(\"spaceBetweenValueModul\",spaceBetweenValueModul);\n\n    var swiper = new Swiper(\"#swiper-69ff3bad481d5\", {\n      slidesPerView: \"auto\",\n      spaceBetween: spaceBetweenInicial,\n      \tfreeMode: true,\n\t  \tbreakpoints: {\n\t        \/\/ Quan l'amplada de la pantalla sigui major a 1024px\n\t        1024: {\n\t            spaceBetween: spaceBetweenValue,\n\t        },\n\t    },\n        \/\/ Navigation arrows\n        navigation: {\n            nextEl: '.swiper-button-next',\n            prevEl: '.swiper-button-prev',\n        },\n        mousewheel: {\n            releaseOnEdges: true,\n            forceToAxis: true,\n            sensitivity:    1,\n        },\n        a11y: {\n            prevSlideMessage: 'Diapositiva anterior',\n            nextSlideMessage: 'Diapositiva siguiente',\n        },\n    });\n\n\n \n\n\n    \/*\n    jQuery('.bloc-destacats').each(function() {\n        const nextDiv = jQuery(this).next('div');\n        if (nextDiv.hasClass('contingut-ampliat')) {\n            console.log('T\u00e9 .contingut-ampliat despr\u00e9s');\n            \/\/ Aqu\u00ed pots fer accions, per exemple:\n            \/\/ $nextDiv.addClass('marcat'); o $(this).append($nextDiv);\n        }\n    });\n    *\/\n})\n<\/script>\n\n","protected":false},"excerpt":{"rendered":"","protected":false},"author":3,"featured_media":2032,"parent":7624,"menu_order":377,"comment_status":"closed","ping_status":"closed","template":"","meta":{"_acf_changed":false,"_coblocks_attr":"","_coblocks_dimensions":"","_coblocks_responsive_height":"","_coblocks_accordion_ie_support":"","footnotes":""},"categories":[],"tags":[],"class_list":["post-7654","page","type-page","status-publish","has-post-thumbnail","hentry"],"acf":[],"_links":{"self":[{"href":"https:\/\/webdali.latempesta.eu\/es\/wp-json\/wp\/v2\/pages\/7654","targetHints":{"allow":["GET"]}}],"collection":[{"href":"https:\/\/webdali.latempesta.eu\/es\/wp-json\/wp\/v2\/pages"}],"about":[{"href":"https:\/\/webdali.latempesta.eu\/es\/wp-json\/wp\/v2\/types\/page"}],"author":[{"embeddable":true,"href":"https:\/\/webdali.latempesta.eu\/es\/wp-json\/wp\/v2\/users\/3"}],"replies":[{"embeddable":true,"href":"https:\/\/webdali.latempesta.eu\/es\/wp-json\/wp\/v2\/comments?post=7654"}],"version-history":[{"count":0,"href":"https:\/\/webdali.latempesta.eu\/es\/wp-json\/wp\/v2\/pages\/7654\/revisions"}],"up":[{"embeddable":true,"href":"https:\/\/webdali.latempesta.eu\/es\/wp-json\/wp\/v2\/pages\/7624"}],"wp:featuredmedia":[{"embeddable":true,"href":"https:\/\/webdali.latempesta.eu\/es\/wp-json\/wp\/v2\/media\/2032"}],"wp:attachment":[{"href":"https:\/\/webdali.latempesta.eu\/es\/wp-json\/wp\/v2\/media?parent=7654"}],"wp:term":[{"taxonomy":"category","embeddable":true,"href":"https:\/\/webdali.latempesta.eu\/es\/wp-json\/wp\/v2\/categories?post=7654"},{"taxonomy":"post_tag","embeddable":true,"href":"https:\/\/webdali.latempesta.eu\/es\/wp-json\/wp\/v2\/tags?post=7654"}],"curies":[{"name":"wp","href":"https:\/\/api.w.org\/{rel}","templated":true}]}}