{"id":7657,"date":"2025-03-12T14:51:47","date_gmt":"2025-03-12T12:51:47","guid":{"rendered":"https:\/\/webdali.latempesta.eu\/obra\/conservacio-i-restauracio\/babaouo-recupera-la-llum\/"},"modified":"2025-06-29T10:45:39","modified_gmt":"2025-06-29T08:45:39","slug":"babaouo-recupera-la-luz","status":"publish","type":"page","link":"https:\/\/webdali.latempesta.eu\/es\/obra\/conservacion-y-restauracion\/babaouo-recupera-la-luz\/","title":{"rendered":"Babaouo recupera la luz"},"content":{"rendered":"    <div  class=\"wp-block-columns swiper-column  intro intro-images bloc-destacats imatges\" style=\"background-image: linear-gradient(to right, white, white)\">\n        <div class=\"wp-block-column\">\n            <div id=\"swiper-69ff3bab87612\" class=\"swiper destacats dues\" >\n                <div class=\"swiper-wrapper\">\n\n                                            <div class=\"swiper-slide intro\">\n                            <span class=\"image-background\" style=\"background-image:url(https:\/\/webdali.latempesta.eu\/wp-content\/uploads\/2025\/03\/i5183_0002-946x1024.jpg)\"><\/span>\n                            \n                        <\/div>\n                        <div class=\"swiper-slide\">\n                           <div class=\"descripcio\">\n                            <h2>Tecnolog\u00eda LED para iluminar<\/h2>\n                            <p>Se trata de una caja esc\u00e9nica de madera de 26 \u00d7 26 \u00d7 30 cm, con paneles de vidrio pintados al \u00f3leo en el interior y con la luz situada en la parte posterior de la caja, detr\u00e1s de un vidrio trasl\u00facido. En alg\u00fan momento de la historia de la pieza, las bombillas incandescentes originales hab\u00edan sido sustituidas por un sistema de iluminaci\u00f3n de luz fr\u00eda de fluorescencia, lo cual hab\u00eda modificado por completo el aspecto est\u00e9tico de la obra. Adem\u00e1s, los aparatos de luz estaban muy deteriorados y deb\u00edan cambiarse. El nuevo sistema de iluminaci\u00f3n funciona con tecnolog\u00eda LED, que permite una presentaci\u00f3n de la pieza m\u00e1s parecida a la que tuvo originalmente.<\/p>\n                            <\/div>\n\n                            \n                            \n                        <\/div>\n                    \n\n                    \n                        \n                        <div class=\"swiper-slide\">\n                                                            <figure>\n                                    <a data-fancybox=\"gallery-69ff3bab87612\" data-src=\"https:\/\/webdali.latempesta.eu\/wp-content\/uploads\/2025\/06\/1.jpg\" data-caption=\"\">\n                                        <img decoding=\"async\" src=\"https:\/\/webdali.latempesta.eu\/wp-content\/uploads\/2025\/06\/1.jpg\" alt=\"\"> \n\t\t\t\t          \t\t\t<\/a>\n                                                                        <figcaption class=\"custom-caption\"><\/figcaption>\n                                <\/figure>\n                                                    <\/div>\n\n                    \n                        \n                        <div class=\"swiper-slide\">\n                                                            <figure>\n                                    <a data-fancybox=\"gallery-69ff3bab87612\" data-src=\"https:\/\/webdali.latempesta.eu\/wp-content\/uploads\/2025\/06\/2.jpg\" data-caption=\"\">\n                                        <img decoding=\"async\" src=\"https:\/\/webdali.latempesta.eu\/wp-content\/uploads\/2025\/06\/2.jpg\" alt=\"\"> \n\t\t\t\t          \t\t\t<\/a>\n                                                                        <figcaption class=\"custom-caption\"><\/figcaption>\n                                <\/figure>\n                                                    <\/div>\n\n                    \n                        \n                        <div class=\"swiper-slide\">\n                                                            <figure>\n                                    <a data-fancybox=\"gallery-69ff3bab87612\" data-src=\"https:\/\/webdali.latempesta.eu\/wp-content\/uploads\/2025\/06\/3.jpg\" data-caption=\"\">\n                                        <img decoding=\"async\" src=\"https:\/\/webdali.latempesta.eu\/wp-content\/uploads\/2025\/06\/3.jpg\" alt=\"\"> \n\t\t\t\t          \t\t\t<\/a>\n                                                                        <figcaption class=\"custom-caption\"><\/figcaption>\n                                <\/figure>\n                                                    <\/div>\n\n                    \n                        \n                        <div class=\"swiper-slide\">\n                                                            <figure>\n                                    <a data-fancybox=\"gallery-69ff3bab87612\" data-src=\"https:\/\/webdali.latempesta.eu\/wp-content\/uploads\/2025\/06\/4.jpg\" data-caption=\"\">\n                                        <img decoding=\"async\" src=\"https:\/\/webdali.latempesta.eu\/wp-content\/uploads\/2025\/06\/4.jpg\" alt=\"\"> \n\t\t\t\t          \t\t\t<\/a>\n                                                                        <figcaption class=\"custom-caption\"><\/figcaption>\n                                <\/figure>\n                                                    <\/div>\n\n                    \n                        \n                        <div class=\"swiper-slide\">\n                                                            <figure>\n                                    <a data-fancybox=\"gallery-69ff3bab87612\" data-src=\"https:\/\/webdali.latempesta.eu\/wp-content\/uploads\/2025\/06\/5.jpg\" data-caption=\"\">\n                                        <img decoding=\"async\" src=\"https:\/\/webdali.latempesta.eu\/wp-content\/uploads\/2025\/06\/5.jpg\" alt=\"\"> \n\t\t\t\t          \t\t\t<\/a>\n                                                                        <figcaption class=\"custom-caption\"><\/figcaption>\n                                <\/figure>\n                                                    <\/div>\n\n                    \n                        \n                        <div class=\"swiper-slide\">\n                                                            <figure>\n                                    <a data-fancybox=\"gallery-69ff3bab87612\" data-src=\"https:\/\/webdali.latempesta.eu\/wp-content\/uploads\/2025\/06\/6.jpg\" data-caption=\"\">\n                                        <img decoding=\"async\" src=\"https:\/\/webdali.latempesta.eu\/wp-content\/uploads\/2025\/06\/6.jpg\" alt=\"\"> \n\t\t\t\t          \t\t\t<\/a>\n                                                                        <figcaption class=\"custom-caption\"><\/figcaption>\n                                <\/figure>\n                                                    <\/div>\n\n                                    <\/div>\n                <!-- Swiper navigation buttons -->\n                <div class=\"swiper-button-prev\">\n                    <span class=\"screen-reader-text\">Diapositiva anterior<\/span>\n                <\/div>\n                <div class=\"swiper-button-next\">\n                    <span class=\"screen-reader-text\">Diapositiva siguiente<\/span>\n                <\/div>\n            <\/div>\n        <\/div>\n    <\/div>\n\n\n\n<!-- Swiper JS -->\n<script src=\"https:\/\/cdn.jsdelivr.net\/npm\/swiper@11\/swiper-bundle.min.js\"><\/script>\n\n<!-- Initialize Swiper -->\n<script>\n\njQuery( document ).ready(function() {      \n\n    Tipus = 'intro-images';\n\n    updateSpaceBetween();\n    spaceBetweenInicial = 60;\n    \n    if (Tipus=='intro-images' ) {\n    \/\/    spaceBetweenValueModul = 0;\n    }\n\n\n\n    console.log(\"spaceBetweenValueModul\",spaceBetweenValueModul);\n\n    var swiper = new Swiper(\"#swiper-69ff3bab87612\", {\n      slidesPerView: \"auto\",\n      spaceBetween: spaceBetweenInicial,\n      \tfreeMode: true,\n\t  \tbreakpoints: {\n\t        \/\/ Quan l'amplada de la pantalla sigui major a 1024px\n\t        1024: {\n\t            spaceBetween: spaceBetweenValue,\n\t        },\n\t    },\n        \/\/ Navigation arrows\n        navigation: {\n            nextEl: '.swiper-button-next',\n            prevEl: '.swiper-button-prev',\n        },\n        mousewheel: {\n            releaseOnEdges: true,\n            forceToAxis: true,\n            sensitivity:    1,\n        },\n        a11y: {\n            prevSlideMessage: 'Diapositiva anterior',\n            nextSlideMessage: 'Diapositiva siguiente',\n        },\n    });\n\n\n \n\n\n    \/*\n    jQuery('.bloc-destacats').each(function() {\n        const nextDiv = jQuery(this).next('div');\n        if (nextDiv.hasClass('contingut-ampliat')) {\n            console.log('T\u00e9 .contingut-ampliat despr\u00e9s');\n            \/\/ Aqu\u00ed pots fer accions, per exemple:\n            \/\/ $nextDiv.addClass('marcat'); o $(this).append($nextDiv);\n        }\n    });\n    *\/\n})\n<\/script>\n\n","protected":false},"excerpt":{"rendered":"","protected":false},"author":3,"featured_media":2036,"parent":7624,"menu_order":386,"comment_status":"closed","ping_status":"closed","template":"","meta":{"_acf_changed":false,"_coblocks_attr":"","_coblocks_dimensions":"","_coblocks_responsive_height":"","_coblocks_accordion_ie_support":"","footnotes":""},"categories":[],"tags":[],"class_list":["post-7657","page","type-page","status-publish","has-post-thumbnail","hentry"],"acf":[],"_links":{"self":[{"href":"https:\/\/webdali.latempesta.eu\/es\/wp-json\/wp\/v2\/pages\/7657","targetHints":{"allow":["GET"]}}],"collection":[{"href":"https:\/\/webdali.latempesta.eu\/es\/wp-json\/wp\/v2\/pages"}],"about":[{"href":"https:\/\/webdali.latempesta.eu\/es\/wp-json\/wp\/v2\/types\/page"}],"author":[{"embeddable":true,"href":"https:\/\/webdali.latempesta.eu\/es\/wp-json\/wp\/v2\/users\/3"}],"replies":[{"embeddable":true,"href":"https:\/\/webdali.latempesta.eu\/es\/wp-json\/wp\/v2\/comments?post=7657"}],"version-history":[{"count":0,"href":"https:\/\/webdali.latempesta.eu\/es\/wp-json\/wp\/v2\/pages\/7657\/revisions"}],"up":[{"embeddable":true,"href":"https:\/\/webdali.latempesta.eu\/es\/wp-json\/wp\/v2\/pages\/7624"}],"wp:featuredmedia":[{"embeddable":true,"href":"https:\/\/webdali.latempesta.eu\/es\/wp-json\/wp\/v2\/media\/2036"}],"wp:attachment":[{"href":"https:\/\/webdali.latempesta.eu\/es\/wp-json\/wp\/v2\/media?parent=7657"}],"wp:term":[{"taxonomy":"category","embeddable":true,"href":"https:\/\/webdali.latempesta.eu\/es\/wp-json\/wp\/v2\/categories?post=7657"},{"taxonomy":"post_tag","embeddable":true,"href":"https:\/\/webdali.latempesta.eu\/es\/wp-json\/wp\/v2\/tags?post=7657"}],"curies":[{"name":"wp","href":"https:\/\/api.w.org\/{rel}","templated":true}]}}