{"id":7716,"date":"2025-02-26T16:53:23","date_gmt":"2025-02-26T14:53:23","guid":{"rendered":"https:\/\/webdali.latempesta.eu\/dali-i-gala\/dali-artista-total\/dibuix\/"},"modified":"2025-07-03T12:32:36","modified_gmt":"2025-07-03T10:32:36","slug":"dibujo","status":"publish","type":"page","link":"https:\/\/webdali.latempesta.eu\/es\/dali-y-gala\/dali-artista-total\/dibujo\/","title":{"rendered":"Dibujo"},"content":{"rendered":"\n<div class=\"wp-block-columns global-column is-layout-flex wp-container-core-columns-is-layout-9d6595d7 wp-block-columns-is-layout-flex\">\n<div class=\"wp-block-column is-layout-flow wp-block-column-is-layout-flow\">\n<figure class=\"wp-block-pullquote\"><blockquote><p>Le dessin est la probit\u00e9 de l&#8217;art<\/p><cite>Jean Auguste Dominique Ingres<\/cite><\/blockquote><\/figure>\n\n\n\n<p>Dal\u00ed incluye esta cita del artista neoclasicista Jean-Auguste-Dominique Ingres en un dibujo preparatorio de la pintura <em>Galarina<\/em>, una de las obras m\u00e1s aclamadas de su per\u00edodo cl\u00e1sico. El dibujo le permite expresar de una manera muy genuina y, tal vez, sutil la belleza y la fantas\u00eda, y tambi\u00e9n la provocaci\u00f3n, que son inherentes a su creaci\u00f3n art\u00edstica. Estas obras muestran una gran variedad de estilos, t\u00e9cnicas y soportes, y tambi\u00e9n se hacen eco, como sus pinturas, de muchas influencias de estilos y referentes de la historia del arte. El dibujo es asimismo la disciplina que permite a Dal\u00ed sobresalir en el \u00e1mbito del dise\u00f1o de moda y joyas, las artes esc\u00e9nicas y la ilustraci\u00f3n de obras de la literatura universal. Sus dise\u00f1os sobre papel se convierten en el primer paso de la ejecuci\u00f3n de muchas de sus obras en el campo de las artes aplicadas.<\/p>\n<\/div>\n<\/div>\n\n\n\n<div class=\"wp-block-columns global-column is-layout-flex wp-container-core-columns-is-layout-9d6595d7 wp-block-columns-is-layout-flex\">\n<div class=\"wp-block-column is-layout-flow wp-block-column-is-layout-flow\"><script>var is_masonry=false;<\/script>\t        <div class=\"swiper coeli-swiper-heritageobject coeli-swiper-agrupacions coeli-swiper-7484\"              id=\"coeli-swiper-7484\">\n            <!-- Additional required wrapper -->\n            <ul class=\"swiper-wrapper coeli-result-list\" id=\"coeli-ul-agrupacio-7484\">\n                <!-- Slides -->\n\t\t\t\t                    <li id=\"1747\"\n                        class=\"swiper-slide s-3 t-1 m-3\"><a href=\"https:\/\/webdali.latempesta.eu\/es\/heritageobject\/1747\/\"><figure class=\"image portraitmedia-medium\"><img decoding=\"async\" alt=\"\" src=\"https:\/\/d1i5r06pd82mff.cloudfront.net\/public\/DigitalAsset\/aabf615f0c4d1d64c38f3afecd889019\/7e34d5543d1e8c28db22cf7696ae66fa\/full\/medium\/0\/default.jpg\"><\/figure><p class=\"coeli-title\">Metamorfosi paranoica del rostre de Gala<\/p><p class=\"coeli-production-actorsinrole-actors\">Dal\u00ed i Dom\u00e8nech, Salvador<\/p><p class=\"coeli-production-date\">1932<\/p><\/a><\/li>\n\t\t\t\t                    <li id=\"5724-d95a\"\n                        class=\"swiper-slide s-3 t-1 m-3\"><a href=\"https:\/\/webdali.latempesta.eu\/es\/heritageobject\/5724-d95a\/\"><figure class=\"image portraitmedia-medium\"><img decoding=\"async\" alt=\"\" src=\"https:\/\/d1i5r06pd82mff.cloudfront.net\/public\/DigitalAsset\/cf8eb06e-6941-c89c-ce20-2530fddda8e0\/d2e95cf2912080214e0819083af2af18\/full\/medium\/0\/default.jpg\"><\/figure><p class=\"coeli-title\">Progect for \u00abmad TrisTan\u00bb poetry of New York                                                                                                                               [Colliere] neurosis   Artificial vampire   organ of Babel   wagner, GAudi Boecklin<\/p><p class=\"coeli-production-actorsinrole-actors\">Dal\u00ed i Dom\u00e8nech, Salvador<\/p><p class=\"coeli-production-date\">[c. 1939-41]<\/p><\/a><\/li>\n\t\t\t\t                    <li id=\"191\"\n                        class=\"swiper-slide s-3 t-1 m-3\"><a href=\"https:\/\/webdali.latempesta.eu\/es\/heritageobject\/191\/\"><figure class=\"image portraitmedia-medium\"><img decoding=\"async\" alt=\"\" src=\"https:\/\/d1i5r06pd82mff.cloudfront.net\/public\/DigitalAsset\/2d9cd225-186a-243e-520e-65780a08b87f\/96feaa2967b43a9cebfbc8aa5f2fce90\/full\/medium\/0\/default.jpg\"><\/figure><p class=\"coeli-title\">Estudi per a \u00abGalarina\u00bb<\/p><p class=\"coeli-production-actorsinrole-actors\">Dal\u00ed i Dom\u00e8nech, Salvador<\/p><p class=\"coeli-production-date\">1943<\/p><\/a><\/li>\n\t\t\t\t                    <li id=\"3669\"\n                        class=\"swiper-slide s-3 t-1 m-3\"><a href=\"https:\/\/webdali.latempesta.eu\/es\/heritageobject\/3669\/\"><figure class=\"image portraitmedia-medium\"><img decoding=\"async\" alt=\"\" src=\"https:\/\/d1i5r06pd82mff.cloudfront.net\/public\/DigitalAsset\/ba7efddc-eeae-208f-9734-00e5a1c83fd8\/b67c9ac9f2098668c558262057e97d14\/full\/medium\/0\/default.jpg\"><\/figure><p class=\"coeli-title\">Il.lustraci\u00f3 per a \u00abEl Quixot\u00bb<\/p><p class=\"coeli-production-actorsinrole-actors\">Dal\u00ed i Dom\u00e8nech, Salvador<\/p><p class=\"coeli-production-date\">1945<\/p><\/a><\/li>\n\t\t\t\t                    <li id=\"4548\"\n                        class=\"swiper-slide s-3 t-1 m-3\"><a href=\"https:\/\/webdali.latempesta.eu\/es\/heritageobject\/4548\/\"><figure class=\"image portraitmedia-medium\"><img decoding=\"async\" alt=\"\" src=\"https:\/\/d1i5r06pd82mff.cloudfront.net\/public\/DigitalAsset\/ef3de64d-be56-9613-eb0d-7617a523d544\/af9ad5dfd58f0563a18eb92dc3d42f26\/full\/medium\/0\/default.jpg\"><\/figure><p class=\"coeli-title\">Estudi per a la joia \u00abLa flor vivent\u00bb<\/p><p class=\"coeli-production-actorsinrole-actors\">Dal\u00ed i Dom\u00e8nech, Salvador<\/p><p class=\"coeli-production-date\">1954<\/p><\/a><\/li>\n\t\t\t\t                    <li id=\"2223\"\n                        class=\"swiper-slide s-3 t-1 m-3\"><a href=\"https:\/\/webdali.latempesta.eu\/es\/heritageobject\/2223\/\"><figure class=\"image portraitmedia-medium\"><img decoding=\"async\" alt=\"\" src=\"https:\/\/d1i5r06pd82mff.cloudfront.net\/public\/DigitalAsset\/d88c5b60-8a66-17b4-6e73-064864a1f591\/48ddf22ed9ce276062c951a8c25e6a13\/full\/medium\/0\/default.jpg\"><\/figure><p class=\"coeli-title\">Sense t\u00edtol<\/p><p class=\"coeli-production-actorsinrole-actors\">Dal\u00ed i Dom\u00e8nech, Salvador<\/p><p class=\"coeli-production-date\">c. 1983<\/p><\/a><\/li>\n\t\t\t\t            <\/ul>\n\t\t\t\t\t\t                <!-- If we need navigation buttons -->\n                <div class=\"swiper-coeli-button-prev swiper-button-prev coeli-swiper-prev-7484\"><\/div>\n                <div class=\"swiper-coeli-button-next swiper-button-next coeli-swiper-next-7484\"><\/div>\n\t\t\t        <\/div>\n\n        <script>\n            var slider_args_7484= {\n                \/\/ Optional parameters\n                direction: 'horizontal',\n                breakpoints: {\n                    640: {\n                        slidesPerView: 1,\n                        spaceBetween: 0,\n                    },\n                    768: {\n                        slidesPerView: 1,\n                        spaceBetween: 0,\n                    },\n                    1024: {\n                        slidesPerView: 3,\n                        spaceBetween: 0,\n                    },\n                },\n\t\t\t\t                autoplay: {\n                    delay: 3000000,\n                    disableOnInteraction: false,\n                },\n\t\t\t\t\t\t\t\t\t\t\t\t                speed: 300,\n\t\t\t\t                loop: false,\n                \/\/ If we need pagination\n                pagination: {\n                    el: '.swiper-pagination-7484',\n                },\n                \/\/ Navigation arrows\n                navigation: {\n                    nextEl: '.coeli-swiper-next-7484',\n                    prevEl: '.coeli-swiper-prev-7484',\n                }\n            }\n        <\/script>\n\t<\/div>\n<\/div>\n\n\n    <div  class=\"wp-block-columns swiper-column   destacat bloc-destacats \" style=\"background-image: linear-gradient(to right, white, white)\">\n        <div class=\"wp-block-column\">\n            <div id=\"swiper-69ff497e3bd31\" class=\"swiper destacats dues\" >\n                <div class=\"swiper-wrapper\">\n\n                                            <div class=\"swiper-slide intro\">\n                            <h2>M\u00e1s sobre el artista total<\/h2>\n                            <div class=\"descripcio\"><p>Sigue descubriendo todas las facetas del genio. Pintura, obra gr\u00e1fica, escultura y obra tridimensional, dibujo, escritura, cine y moda: Salvador Dal\u00ed convirti\u00f3 cada disciplina en una v\u00eda de expresi\u00f3n singular. Con una creatividad desbordante, expandi\u00f3 los l\u00edmites del arte y del pensamiento. Explora c\u00f3mo se manifiesta su universo \u00fanico en cada lenguaje que hizo suyo.<\/p>\n<\/div>\n                                                    <\/div>\n                    \n\n                    \n                        \n                        <div class=\"swiper-slide\">\n                                                            <div class=\"banner\" style=\"background-image: url(https:\/\/webdali.latempesta.eu\/wp-content\/uploads\/2025\/02\/2642-1024x785.jpg)\">\n                                                                            <ul class=\"context\">\n                                            <li class=\"context__item\" aria-label=\"hidden\">                                            <\/li>\n                                        <\/ul>\n                                    \n                                    <h3 class=\"titol\">Pintura<\/h3>\n                                        \n                                    <div class=\"button fletxa\"><a href=\"https:\/\/webdali.latempesta.eu\/es\/dali-y-gala\/dali-artista-total\/pintura\/\">M\u00e1s informaci\u00f3n<\/a><\/div>\n\n                                    \n                                <\/div>\n                                                    <\/div>\n\n                    \n                        \n                        <div class=\"swiper-slide\">\n                                                            <div class=\"banner\" style=\"background-image: url(https:\/\/webdali.latempesta.eu\/wp-content\/uploads\/2025\/03\/A-DEMANAR-A-GETTY-1024x675.jpg)\">\n                                                                            <ul class=\"context\">\n                                            <li class=\"context__item\" aria-label=\"hidden\">                                            <\/li>\n                                        <\/ul>\n                                    \n                                    <h3 class=\"titol\">Escultura y obra tridimensional<\/h3>\n                                        \n                                    <div class=\"button fletxa\"><a href=\"https:\/\/webdali.latempesta.eu\/es\/dali-y-gala\/dali-artista-total\/escultura\/\">M\u00e1s informaci\u00f3n<\/a><\/div>\n\n                                    \n                                <\/div>\n                                                    <\/div>\n\n                    \n                        \n                        <div class=\"swiper-slide\">\n                                                            <div class=\"banner\" style=\"background-image: url(https:\/\/webdali.latempesta.eu\/wp-content\/uploads\/2025\/05\/47835-1024x931.jpg)\">\n                                                                            <ul class=\"context\">\n                                            <li class=\"context__item\" aria-label=\"hidden\">                                            <\/li>\n                                        <\/ul>\n                                    \n                                    <h3 class=\"titol\">Moda<\/h3>\n                                        \n                                    <div class=\"button fletxa\"><a href=\"https:\/\/webdali.latempesta.eu\/es\/dali-y-gala\/dali-artista-total\/moda\/\">M\u00e1s informaci\u00f3n<\/a><\/div>\n\n                                    \n                                <\/div>\n                                                    <\/div>\n\n                    \n                        \n                        <div class=\"swiper-slide\">\n                                                            <div class=\"banner\" style=\"background-image: url(https:\/\/webdali.latempesta.eu\/wp-content\/uploads\/2025\/02\/5068-e1747042033255.jpg)\">\n                                                                            <ul class=\"context\">\n                                            <li class=\"context__item\" aria-label=\"hidden\">                                            <\/li>\n                                        <\/ul>\n                                    \n                                    <h3 class=\"titol\">Obra escrita<\/h3>\n                                        \n                                    <div class=\"button fletxa\"><a href=\"https:\/\/webdali.latempesta.eu\/es\/dali-y-gala\/dali-artista-total\/obra-escrita\/\">M\u00e1s informaci\u00f3n<\/a><\/div>\n\n                                    \n                                <\/div>\n                                                    <\/div>\n\n                    \n                        \n                        <div class=\"swiper-slide\">\n                                                            <div class=\"banner\" style=\"background-image: url(https:\/\/webdali.latempesta.eu\/wp-content\/uploads\/2025\/05\/3-1-1024x819.jpg)\">\n                                                                            <ul class=\"context\">\n                                            <li class=\"context__item\" aria-label=\"hidden\">                                            <\/li>\n                                        <\/ul>\n                                    \n                                    <h3 class=\"titol\">Cine<\/h3>\n                                        \n                                    <div class=\"button fletxa\"><a href=\"https:\/\/webdali.latempesta.eu\/es\/dali-y-gala\/dali-artista-total\/cine\/\">M\u00e1s informaci\u00f3n<\/a><\/div>\n\n                                    \n                                <\/div>\n                                                    <\/div>\n\n                    \n                        \n                        <div class=\"swiper-slide\">\n                                                            <div class=\"banner\" style=\"background-image: url(https:\/\/webdali.latempesta.eu\/wp-content\/uploads\/2025\/07\/10981-large-1-997x1024.jpg)\">\n                                                                            <ul class=\"context\">\n                                            <li class=\"context__item\" aria-label=\"hidden\">                                            <\/li>\n                                        <\/ul>\n                                    \n                                    <h3 class=\"titol\">Obra gr\u00e1fica<\/h3>\n                                        \n                                    <div class=\"button fletxa\"><a href=\"https:\/\/webdali.latempesta.eu\/es\/dali-y-gala\/dali-artista-total\/obra-grafica\/\">M\u00e1s informaci\u00f3n<\/a><\/div>\n\n                                    \n                                <\/div>\n                                                    <\/div>\n\n                                    <\/div>\n                <!-- Swiper navigation buttons -->\n                <div class=\"swiper-button-prev\">\n                    <span class=\"screen-reader-text\">Diapositiva anterior<\/span>\n                <\/div>\n                <div class=\"swiper-button-next\">\n                    <span class=\"screen-reader-text\">Diapositiva siguiente<\/span>\n                <\/div>\n            <\/div>\n        <\/div>\n    <\/div>\n\n\n\n<!-- Swiper JS -->\n<script src=\"https:\/\/cdn.jsdelivr.net\/npm\/swiper@11\/swiper-bundle.min.js\"><\/script>\n\n<!-- Initialize Swiper -->\n<script>\n\njQuery( document ).ready(function() {      \n\n    Tipus = 'destacat';\n\n    updateSpaceBetween();\n    spaceBetweenInicial = 60;\n    \n    if (Tipus=='intro-images' ) {\n    \/\/    spaceBetweenValueModul = 0;\n    }\n\n\n\n    console.log(\"spaceBetweenValueModul\",spaceBetweenValueModul);\n\n    var swiper = new Swiper(\"#swiper-69ff497e3bd31\", {\n      slidesPerView: \"auto\",\n      spaceBetween: spaceBetweenInicial,\n      \tfreeMode: true,\n\t  \tbreakpoints: {\n\t        \/\/ Quan l'amplada de la pantalla sigui major a 1024px\n\t        1024: {\n\t            spaceBetween: spaceBetweenValue,\n\t        },\n\t    },\n        \/\/ Navigation arrows\n        navigation: {\n            nextEl: '.swiper-button-next',\n            prevEl: '.swiper-button-prev',\n        },\n        mousewheel: {\n            releaseOnEdges: true,\n            forceToAxis: true,\n            sensitivity:    1,\n        },\n        a11y: {\n            prevSlideMessage: 'Diapositiva anterior',\n            nextSlideMessage: 'Diapositiva siguiente',\n        },\n    });\n\n\n \n\n\n    \/*\n    jQuery('.bloc-destacats').each(function() {\n        const nextDiv = jQuery(this).next('div');\n        if (nextDiv.hasClass('contingut-ampliat')) {\n            console.log('T\u00e9 .contingut-ampliat despr\u00e9s');\n            \/\/ Aqu\u00ed pots fer accions, per exemple:\n            \/\/ $nextDiv.addClass('marcat'); o $(this).append($nextDiv);\n        }\n    });\n    *\/\n})\n<\/script>\n\n","protected":false},"excerpt":{"rendered":"<p>Le dessin est la probit\u00e9 de l&#8217;art Jean Auguste Dominique Ingres Dal\u00ed incluye esta cita del artista neoclasicista Jean-Auguste-Dominique Ingres en un dibujo preparatorio de la pintura Galarina, una de las obras m\u00e1s aclamadas de su per\u00edodo cl\u00e1sico. El dibujo le permite expresar de una manera muy genuina y, tal vez, sutil la belleza y [&hellip;]<\/p>\n","protected":false},"author":3,"featured_media":1390,"parent":7698,"menu_order":324,"comment_status":"closed","ping_status":"closed","template":"","meta":{"_acf_changed":false,"_coblocks_attr":"","_coblocks_dimensions":"","_coblocks_responsive_height":"","_coblocks_accordion_ie_support":"","footnotes":""},"categories":[],"tags":[],"class_list":["post-7716","page","type-page","status-publish","has-post-thumbnail","hentry"],"acf":[],"_links":{"self":[{"href":"https:\/\/webdali.latempesta.eu\/es\/wp-json\/wp\/v2\/pages\/7716","targetHints":{"allow":["GET"]}}],"collection":[{"href":"https:\/\/webdali.latempesta.eu\/es\/wp-json\/wp\/v2\/pages"}],"about":[{"href":"https:\/\/webdali.latempesta.eu\/es\/wp-json\/wp\/v2\/types\/page"}],"author":[{"embeddable":true,"href":"https:\/\/webdali.latempesta.eu\/es\/wp-json\/wp\/v2\/users\/3"}],"replies":[{"embeddable":true,"href":"https:\/\/webdali.latempesta.eu\/es\/wp-json\/wp\/v2\/comments?post=7716"}],"version-history":[{"count":0,"href":"https:\/\/webdali.latempesta.eu\/es\/wp-json\/wp\/v2\/pages\/7716\/revisions"}],"up":[{"embeddable":true,"href":"https:\/\/webdali.latempesta.eu\/es\/wp-json\/wp\/v2\/pages\/7698"}],"wp:featuredmedia":[{"embeddable":true,"href":"https:\/\/webdali.latempesta.eu\/es\/wp-json\/wp\/v2\/media\/1390"}],"wp:attachment":[{"href":"https:\/\/webdali.latempesta.eu\/es\/wp-json\/wp\/v2\/media?parent=7716"}],"wp:term":[{"taxonomy":"category","embeddable":true,"href":"https:\/\/webdali.latempesta.eu\/es\/wp-json\/wp\/v2\/categories?post=7716"},{"taxonomy":"post_tag","embeddable":true,"href":"https:\/\/webdali.latempesta.eu\/es\/wp-json\/wp\/v2\/tags?post=7716"}],"curies":[{"name":"wp","href":"https:\/\/api.w.org\/{rel}","templated":true}]}}