{"id":10757,"date":"2025-03-14T15:17:24","date_gmt":"2025-03-14T13:17:24","guid":{"rendered":"https:\/\/webdali.latempesta.eu\/obra\/ced\/hemeroteca\/"},"modified":"2025-07-22T15:12:58","modified_gmt":"2025-07-22T13:12:58","slug":"hemerotheque","status":"publish","type":"page","link":"https:\/\/webdali.latempesta.eu\/fr\/oeuvre\/ced\/hemerotheque\/","title":{"rendered":"H\u00e9m\u00e9roth\u00e8que"},"content":{"rendered":"\n<div class=\"wp-block-columns global-column is-layout-flex wp-container-core-columns-is-layout-9d6595d7 wp-block-columns-is-layout-flex\">\n<div class=\"wp-block-column is-layout-flow wp-block-column-is-layout-flow\">\n<p>L\u2019h\u00e9m\u00e9roth\u00e8que constitue un vaste fonds documentaire compos\u00e9 de 74 000 articles num\u00e9ris\u00e9s couvrant la p\u00e9riode de 1918 \u00e0 1989, qui permettent d\u2019\u00e9tudier l\u2019activit\u00e9 de Dal\u00ed tout au long de sa carri\u00e8re. Parmi ces articles, environ 35\u202f000 sont des coupures ou des extraits de presse provenant de la collection personnelle de l\u2019artiste, Dal\u00ed s\u2019\u00e9tant abonn\u00e9 \u00e0 plusieurs agences qui lui fournissaient les journaux et revues o\u00f9 son nom apparaissait.<\/p>\n\n\n\n<p>En ce qui concerne les publications p\u00e9riodiques, nous disposons d\u2019un fonds de plus de 5\u202f000 revues, tant locales que nationales ou internationales, parmi lesquelles on peut citer <em>L\u2019Amic de les Arts<\/em>, <em>Documents<\/em>, <em>La Gaceta Literaria<\/em>, <em>Minotaure<\/em>, <em>Le Surr\u00e9alisme au Service de la R\u00e9volution<\/em>, <em>Valori Plastici<\/em> et <em>Vari\u00e9t\u00e9s<\/em>.<\/p>\n\n\n\n<p>Une analyse approfondie de ce fonds permet de saisir la pr\u00e9sence croissante de l\u2019artiste dans la presse \u00e9crite et, en m\u00eame temps, met en lumi\u00e8re son degr\u00e9 d\u2019implication dans les projets auxquels il participe. \u00c0 travers des publications comme <em>Dali News<\/em>, journal dont il \u00e9dite deux num\u00e9ros entre 1945 et 1947, ou le num\u00e9ro 522 du magazine <em>Vogue<\/em>, qu\u2019il r\u00e9alise \u00e0 l\u2019occasion du 50\u1d49 anniversaire de la publication (1971-1972), l\u2019artiste vise une conception et un design totaux.<\/p>\n\n\n<script>var is_masonry=false;<\/script>\t        <div class=\"swiper coeli-swiper-heritageobject coeli-swiper-agrupacions coeli-swiper-7773\"              id=\"coeli-swiper-7773\">\n            <!-- Additional required wrapper -->\n            <ul class=\"swiper-wrapper coeli-result-list\" id=\"coeli-ul-agrupacio-7773\">\n                <!-- Slides -->\n\t\t\t\t                    <li id=\"25059\"\n                        class=\"swiper-slide s-3 t-1 m-3\"><a href=\"https:\/\/webdali.latempesta.eu\/fr\/heritageobject\/25059\/\"><figure class=\"image portraitmedia-medium\"><img decoding=\"async\" alt=\"\" src=\"https:\/\/d1i5r06pd82mff.cloudfront.net\/public\/DigitalAsset\/c0bff19d-9525-4071-f70b-62fc41ae9877\/266114b80d82a4c9f50fb995384711c3\/full\/medium\/0\/default.jpg\"><\/figure><p class=\"coeli-title\">Minotaure<\/p><p class=\"coeli-production-actorsinrole-actors\">Dal\u00ed, Salvador \u00b7 T\u00e9riade, E. \u00b7 Breton, Andr\u00e9 \u00b7 James, Edward \/Dal\u00ed, Salvador (il) \u00b7 Albert Skira<\/p><p class=\"coeli-production-date\">1936<\/p><\/a><\/li>\n\t\t\t\t                    <li id=\"28025\"\n                        class=\"swiper-slide s-3 t-1 m-3\"><a href=\"https:\/\/webdali.latempesta.eu\/fr\/heritageobject\/28025\/\"><figure class=\"image portraitmedia-medium\"><img decoding=\"async\" alt=\"\" src=\"https:\/\/d1i5r06pd82mff.cloudfront.net\/public\/DigitalAsset\/65e91b91-09c3-6760-84ab-f6d08c288a6b\/044ea71705e46927adc874960c4f6d8b\/full\/medium\/0\/default.jpg\"><\/figure><p class=\"coeli-title\">Vogue<\/p><p class=\"coeli-production-actorsinrole-actors\">Dal\u00ed \u00b7 The Cond\u00e9 Nast Publications<\/p><p class=\"coeli-production-date\">1944<\/p><\/a><\/li>\n\t\t\t\t                    <li id=\"25148\"\n                        class=\"swiper-slide s-3 t-1 m-3\"><a href=\"https:\/\/webdali.latempesta.eu\/fr\/heritageobject\/25148\/\"><figure class=\"image portraitmedia-medium\"><img decoding=\"async\" alt=\"\" src=\"https:\/\/d1i5r06pd82mff.cloudfront.net\/public\/DigitalAsset\/771b3007-2976-dd46-0a27-995790d5c0d1\/ca73f917b356b5c5b56614eaae292e0a\/full\/medium\/0\/default.jpg\"><\/figure><p class=\"coeli-title\">Et Cetera<\/p><p class=\"coeli-production-actorsinrole-actors\">Dal\u00ed, Salvador \u00b7 Et Cetera Publishing<\/p><p class=\"coeli-production-date\">1946<\/p><\/a><\/li>\n\t\t\t\t                    <li id=\"28828\"\n                        class=\"swiper-slide s-3 t-1 m-3\"><a href=\"https:\/\/webdali.latempesta.eu\/fr\/heritageobject\/28828\/\"><figure class=\"image portraitmedia-medium\"><img decoding=\"async\" alt=\"\" src=\"https:\/\/d1i5r06pd82mff.cloudfront.net\/public\/DigitalAsset\/25cead9a-e100-9380-1445-20ce92202f48\/4842efe144e8bb8e2e201ce7a6adecad\/full\/medium\/0\/default.jpg\"><\/figure><p class=\"coeli-title\">Destino<\/p><p class=\"coeli-production-actorsinrole-actors\">Agust\u00ed, Ignasi \u00b7 [S.n.]<\/p><p class=\"coeli-production-date\">1948<\/p><\/a><\/li>\n\t\t\t\t                    <li id=\"28020\"\n                        class=\"swiper-slide s-3 t-1 m-3\"><a href=\"https:\/\/webdali.latempesta.eu\/fr\/heritageobject\/28020\/\"><figure class=\"image portraitmedia-medium\"><img decoding=\"async\" alt=\"\" src=\"https:\/\/d1i5r06pd82mff.cloudfront.net\/public\/DigitalAsset\/8c2ecba0-6e88-80a6-e7dc-6901949081c5\/0bd235536509c47b505062cd0e2b14f3\/full\/medium\/0\/default.jpg\"><\/figure><p class=\"coeli-title\">American Fabrics<\/p><p class=\"coeli-production-actorsinrole-actors\">Dal\u00ed, Salvador \u00b7 [S.n.]<\/p><p class=\"coeli-production-date\">1950<\/p><\/a><\/li>\n\t\t\t\t                    <li id=\"25733\"\n                        class=\"swiper-slide s-3 t-1 m-3\"><a href=\"https:\/\/webdali.latempesta.eu\/fr\/heritageobject\/25733\/\"><figure class=\"coeli-portraitmedia-medium coeli-no-representation\"><img decoding=\"async\" src=\"https:\/\/upload.wikimedia.org\/wikipedia\/commons\/f\/f7\/No_Image_%282879926%29_-_The_Noun_Project.svg\" alt=\"Empty\"\/><\/figure><p class=\"coeli-title\">Nugget<\/p><p class=\"coeli-production-actorsinrole-actors\">Dal\u00ed, Salvador \u00b7 Nugget<\/p><p class=\"coeli-production-date\">1957<\/p><\/a><\/li>\n\t\t\t\t                    <li id=\"25610\"\n                        class=\"swiper-slide s-3 t-1 m-3\"><a href=\"https:\/\/webdali.latempesta.eu\/fr\/heritageobject\/25610\/\"><figure class=\"image portraitmedia-medium\"><img decoding=\"async\" alt=\"\" src=\"https:\/\/d1i5r06pd82mff.cloudfront.net\/public\/DigitalAsset\/5a37c986-105f-8ad4-a8fa-d3f243215e9a\/d1757c11c3bc1a5813ded80f7a899d14\/full\/medium\/0\/default.jpg\"><\/figure><p class=\"coeli-title\">Gaceta Ilustrada<\/p><p class=\"coeli-production-actorsinrole-actors\">G. I \u00b7 Romero, Luis \u00b7 Conde de God\u00f3 i Antonio Juli\u00e0 de Capmany<\/p><p class=\"coeli-production-date\">1958<\/p><\/a><\/li>\n\t\t\t\t                    <li id=\"26330\"\n                        class=\"swiper-slide s-3 t-1 m-3\"><a href=\"https:\/\/webdali.latempesta.eu\/fr\/heritageobject\/26330\/\"><figure class=\"image portraitmedia-medium\"><img decoding=\"async\" alt=\"\" src=\"https:\/\/d1i5r06pd82mff.cloudfront.net\/public\/DigitalAsset\/5a6f6abc-0a8a-cb78-a8a4-21db63fd52cb\/e545c359fdba0637ff2ddf5aa8efc3a0\/full\/medium\/0\/default.jpg\"><\/figure><p class=\"coeli-title\">Tempo<\/p><p class=\"coeli-production-actorsinrole-actors\">Aldo Palazzi<\/p><p class=\"coeli-production-date\">1964<\/p><\/a><\/li>\n\t\t\t\t                    <li id=\"26311\"\n                        class=\"swiper-slide s-3 t-1 m-3\"><a href=\"https:\/\/webdali.latempesta.eu\/fr\/heritageobject\/26311\/\"><figure class=\"image portraitmedia-medium\"><img decoding=\"async\" alt=\"\" src=\"https:\/\/d1i5r06pd82mff.cloudfront.net\/public\/DigitalAsset\/fd1181ac-7187-2268-adfd-d9335f851ff1\/9212918ab30b85a3ca9cbbb63c74094d\/full\/medium\/0\/default.jpg\"><\/figure><p class=\"coeli-title\">Siglo 20<\/p><p class=\"coeli-production-actorsinrole-actors\">Reg\u00e0s, Rosa \u00b7 [S.n]<\/p><p class=\"coeli-production-date\">1965<\/p><\/a><\/li>\n\t\t\t\t                    <li id=\"26267\"\n                        class=\"swiper-slide s-3 t-1 m-3\"><a href=\"https:\/\/webdali.latempesta.eu\/fr\/heritageobject\/26267\/\"><figure class=\"image portraitmedia-medium\"><img decoding=\"async\" alt=\"\" src=\"https:\/\/d1i5r06pd82mff.cloudfront.net\/private\/DigitalAsset\/da0a0a09-3ab9-dca5-9a6a-929cebb95afe\/265e41ea93ceee395845ed8862ecd715\/full\/medium\/0\/default.jpg?X-Amz-Algorithm=AWS4-HMAC-SHA256&#038;X-Amz-Date=20250702T082957Z&#038;X-Amz-SignedHeaders=host&#038;X-Amz-Expires=3600&#038;X-Amz-Credential=AKIAJFK24PM5LI5ZH2YQ%2F20250702%2Feu-west-1%2Fs3%2Faws4_request&#038;X-Amz-Signature=0c11ee0d730b6fea8706c14e0099553745e87d34f0ed2d5cf3f7d2bd012f9f0e\"><\/figure><p class=\"coeli-title\">TV guide<\/p><p class=\"coeli-production-actorsinrole-actors\">Efron, Edith \u00b7 Triangle Publications<\/p><p class=\"coeli-production-date\">1968<\/p><\/a><\/li>\n\t\t\t\t                    <li id=\"26455\"\n                        class=\"swiper-slide s-3 t-1 m-3\"><a href=\"https:\/\/webdali.latempesta.eu\/fr\/heritageobject\/26455\/\"><figure class=\"image portraitmedia-medium\"><img decoding=\"async\" alt=\"\" src=\"https:\/\/d1i5r06pd82mff.cloudfront.net\/public\/DigitalAsset\/0296afbe-9d30-a0f7-b6a1-9f0748eeb919\/4592c6898cf6bccb5ecae6fa7819f50a\/full\/medium\/0\/default.jpg\"><\/figure><p class=\"coeli-title\">Show<\/p><p class=\"coeli-production-actorsinrole-actors\">Ganz, Kate \u00b7 [S.n.]<\/p><p class=\"coeli-production-date\">1970<\/p><\/a><\/li>\n\t\t\t\t                    <li id=\"26588\"\n                        class=\"swiper-slide s-3 t-1 m-3\"><a href=\"https:\/\/webdali.latempesta.eu\/fr\/heritageobject\/26588\/\"><figure class=\"image portraitmedia-medium\"><img decoding=\"async\" alt=\"\" src=\"https:\/\/d1i5r06pd82mff.cloudfront.net\/public\/DigitalAsset\/d8759d80-c98d-d098-d172-dcc6afb3d3a7\/0df38d93dbcf236d727156eedd1bcf37\/full\/medium\/0\/default.jpg\"><\/figure><p class=\"coeli-title\">Destino<\/p><p class=\"coeli-production-actorsinrole-actors\">Pujols, Francesc \u00b7 Dols Rosi\u00f1ol, Joaquim \u00b7 Gasch, Sebasti\u00e0 \u00b7 Gimferrer, Pere \u00b7 [Publicaciones y Revistas]<\/p><p class=\"coeli-production-date\">1974<\/p><\/a><\/li>\n\t\t\t\t            <\/ul>\n\t\t\t\t\t\t                <!-- If we need navigation buttons -->\n                <div class=\"swiper-coeli-button-prev swiper-button-prev coeli-swiper-prev-7773\"><\/div>\n                <div class=\"swiper-coeli-button-next swiper-button-next coeli-swiper-next-7773\"><\/div>\n\t\t\t        <\/div>\n\n        <script>\n            var slider_args_7773= {\n                \/\/ Optional parameters\n                direction: 'horizontal',\n                breakpoints: {\n                    640: {\n                        slidesPerView: 1,\n                        spaceBetween: 0,\n                    },\n                    768: {\n                        slidesPerView: 1,\n                        spaceBetween: 0,\n                    },\n                    1024: {\n                        slidesPerView: 3,\n                        spaceBetween: 0,\n                    },\n                },\n\t\t\t\t                autoplay: {\n                    delay: 30000000,\n                    disableOnInteraction: false,\n                },\n\t\t\t\t\t\t\t\t\t\t\t\t                speed: 300,\n\t\t\t\t                loop: false,\n                \/\/ If we need pagination\n                pagination: {\n                    el: '.swiper-pagination-7773',\n                },\n                \/\/ Navigation arrows\n                navigation: {\n                    nextEl: '.coeli-swiper-next-7773',\n                    prevEl: '.coeli-swiper-prev-7773',\n                }\n            }\n        <\/script>\n\t<\/div>\n<\/div>\n\n\n    <div  class=\"wp-block-columns swiper-column   destacat bloc-destacats \" style=\"background-image: linear-gradient(to right, white, white)\">\n        <div class=\"wp-block-column\">\n            <div id=\"swiper-69ff3bff42f1e\" class=\"swiper destacats dues\" >\n                <div class=\"swiper-wrapper\">\n\n                                            <div class=\"swiper-slide intro\">\n                            <h2>\u00c0 d\u00e9couvrir aussi<\/h2>\n                            <div class=\"descripcio\"><p>Continuez \u00e0 explorer les fonds documentaires de la Fondation Gala-Salvador Dal\u00ed<\/p>\n<\/div>\n                                                    <\/div>\n                    \n\n                    \n                        \n                        <div class=\"swiper-slide\">\n                                                            <div class=\"banner\" style=\"background-image: url(https:\/\/webdali.latempesta.eu\/wp-content\/uploads\/2025\/03\/527___3_editora_50_3_1_10201020.jpg)\">\n                                                                            <ul class=\"context\">\n                                            <li class=\"context__item\" aria-label=\"hidden\">                                            <\/li>\n                                        <\/ul>\n                                    \n                                    <h3 class=\"titol\">Documents audiovisuels et sonores<\/h3>\n                                        \n                                    <div class=\"button fletxa\"><a href=\"https:\/\/webdali.latempesta.eu\/fr\/oeuvre\/ced\/fonds-documentaire\/documents-audiovisuels-et-sonores\/\">En savoir plus<\/a><\/div>\n\n                                    \n                                <\/div>\n                                                    <\/div>\n\n                    \n                        \n                        <div class=\"swiper-slide\">\n                                                            <div class=\"banner\" style=\"background-image: url(https:\/\/webdali.latempesta.eu\/wp-content\/uploads\/2025\/03\/6_editora_49_6_1_10201020.jpg)\">\n                                                                            <ul class=\"context\">\n                                            <li class=\"context__item\" aria-label=\"hidden\">                                            <\/li>\n                                        <\/ul>\n                                    \n                                    <h3 class=\"titol\">Photographies<\/h3>\n                                        \n                                    <div class=\"button fletxa\"><a href=\"https:\/\/webdali.latempesta.eu\/fr\/oeuvre\/ced\/fonds-documentaire\/photographies\/\">En savoir plus<\/a><\/div>\n\n                                    \n                                <\/div>\n                                                    <\/div>\n\n                    \n                        \n                        <div class=\"swiper-slide\">\n                                                            <div class=\"banner\" style=\"background-image: url(https:\/\/webdali.latempesta.eu\/wp-content\/uploads\/2025\/03\/5_manifiesto_editora_48_5_1_10201020.jpg)\">\n                                                                            <ul class=\"context\">\n                                            <li class=\"context__item\" aria-label=\"hidden\">                                            <\/li>\n                                        <\/ul>\n                                    \n                                    <h3 class=\"titol\">Documents \u00e9ph\u00e9m\u00e8res<\/h3>\n                                        \n                                    <div class=\"button fletxa\"><a href=\"https:\/\/webdali.latempesta.eu\/fr\/oeuvre\/ced\/fonds-documentaire\/documents-ephemeres\/\">En savoir plus<\/a><\/div>\n\n                                    \n                                <\/div>\n                                                    <\/div>\n\n                    \n                        \n                        <div class=\"swiper-slide\">\n                                                            <div class=\"banner\" style=\"background-image: url(https:\/\/webdali.latempesta.eu\/wp-content\/uploads\/2025\/03\/523___5_ghyka_editora_46_6_1_10201020.jpg)\">\n                                                                            <ul class=\"context\">\n                                            <li class=\"context__item\" aria-label=\"hidden\">                                            <\/li>\n                                        <\/ul>\n                                    \n                                    <h3 class=\"titol\">Correspondance<\/h3>\n                                        \n                                    <div class=\"button fletxa\"><a href=\"https:\/\/webdali.latempesta.eu\/fr\/oeuvre\/ced\/fonds-documentaire\/correspondance\/\">En savoir plus<\/a><\/div>\n\n                                    \n                                <\/div>\n                                                    <\/div>\n\n                    \n                        \n                        <div class=\"swiper-slide\">\n                                                            <div class=\"banner\" style=\"background-image: url(https:\/\/webdali.latempesta.eu\/wp-content\/uploads\/2025\/03\/4_disney_editora_45_4_1_10201020.jpg)\">\n                                                                            <ul class=\"context\">\n                                            <li class=\"context__item\" aria-label=\"hidden\">                                            <\/li>\n                                        <\/ul>\n                                    \n                                    <h3 class=\"titol\">Manuscrits<\/h3>\n                                        \n                                    <div class=\"button fletxa\"><a href=\"https:\/\/webdali.latempesta.eu\/fr\/oeuvre\/ced\/fonds-documentaire\/manuscrits\/\">En savoir plus<\/a><\/div>\n\n                                    \n                                <\/div>\n                                                    <\/div>\n\n                    \n                        \n                        <div class=\"swiper-slide\">\n                                                            <div class=\"banner\" style=\"background-image: url(https:\/\/webdali.latempesta.eu\/wp-content\/uploads\/2025\/03\/Provisional_Capcalera-fons-documental.jpg)\">\n                                                                            <ul class=\"context\">\n                                            <li class=\"context__item\" aria-label=\"hidden\">                                            <\/li>\n                                        <\/ul>\n                                    \n                                    <h3 class=\"titol\">Fonds de la biblioth\u00e8que personnelle de Dal\u00ed<\/h3>\n                                        \n                                    <div class=\"button fletxa\"><a href=\"https:\/\/webdali.latempesta.eu\/fr\/oeuvre\/ced\/fonds-documentaire\/fonds-de-la-biblioteque-personnelle-de-dali\/\">En savoir plus<\/a><\/div>\n\n                                    \n                                <\/div>\n                                                    <\/div>\n\n                                    <\/div>\n                <!-- Swiper navigation buttons -->\n                <div class=\"swiper-button-prev\">\n                    <span class=\"screen-reader-text\">Diapositive pr\u00e9c\u00e9dente<\/span>\n                <\/div>\n                <div class=\"swiper-button-next\">\n                    <span class=\"screen-reader-text\">Diapositiva seg\u00fcent<\/span>\n                <\/div>\n            <\/div>\n        <\/div>\n    <\/div>\n\n\n\n<!-- Swiper JS -->\n<script src=\"https:\/\/cdn.jsdelivr.net\/npm\/swiper@11\/swiper-bundle.min.js\"><\/script>\n\n<!-- Initialize Swiper -->\n<script>\n\njQuery( document ).ready(function() {      \n\n    Tipus = 'destacat';\n\n    updateSpaceBetween();\n    spaceBetweenInicial = 60;\n    \n    if (Tipus=='intro-images' ) {\n    \/\/    spaceBetweenValueModul = 0;\n    }\n\n\n\n    console.log(\"spaceBetweenValueModul\",spaceBetweenValueModul);\n\n    var swiper = new Swiper(\"#swiper-69ff3bff42f1e\", {\n      slidesPerView: \"auto\",\n      spaceBetween: spaceBetweenInicial,\n      \tfreeMode: true,\n\t  \tbreakpoints: {\n\t        \/\/ Quan l'amplada de la pantalla sigui major a 1024px\n\t        1024: {\n\t            spaceBetween: spaceBetweenValue,\n\t        },\n\t    },\n        \/\/ Navigation arrows\n        navigation: {\n            nextEl: '.swiper-button-next',\n            prevEl: '.swiper-button-prev',\n        },\n        mousewheel: {\n            releaseOnEdges: true,\n            forceToAxis: true,\n            sensitivity:    1,\n        },\n        a11y: {\n            prevSlideMessage: 'Diapositive pr\u00e9c\u00e9dente',\n            nextSlideMessage: 'Diapositiva seg\u00fcent',\n        },\n    });\n\n\n \n\n\n    \/*\n    jQuery('.bloc-destacats').each(function() {\n        const nextDiv = jQuery(this).next('div');\n        if (nextDiv.hasClass('contingut-ampliat')) {\n            console.log('T\u00e9 .contingut-ampliat despr\u00e9s');\n            \/\/ Aqu\u00ed pots fer accions, per exemple:\n            \/\/ $nextDiv.addClass('marcat'); o $(this).append($nextDiv);\n        }\n    });\n    *\/\n})\n<\/script>\n\n","protected":false},"excerpt":{"rendered":"<p>L\u2019h\u00e9m\u00e9roth\u00e8que constitue un vaste fonds documentaire compos\u00e9 de 74 000 articles num\u00e9ris\u00e9s couvrant la p\u00e9riode de 1918 \u00e0 1989, qui permettent d\u2019\u00e9tudier l\u2019activit\u00e9 de Dal\u00ed tout au long de sa carri\u00e8re. Parmi ces articles, environ 35\u202f000 sont des coupures ou des extraits de presse provenant de la collection personnelle de l\u2019artiste, Dal\u00ed s\u2019\u00e9tant abonn\u00e9 \u00e0 [&hellip;]<\/p>\n","protected":false},"author":3,"featured_media":2163,"parent":7659,"menu_order":122,"comment_status":"closed","ping_status":"closed","template":"","meta":{"_acf_changed":false,"_coblocks_attr":"","_coblocks_dimensions":"","_coblocks_responsive_height":"","_coblocks_accordion_ie_support":"","footnotes":""},"categories":[],"tags":[],"class_list":["post-10757","page","type-page","status-publish","has-post-thumbnail","hentry"],"acf":[],"_links":{"self":[{"href":"https:\/\/webdali.latempesta.eu\/fr\/wp-json\/wp\/v2\/pages\/10757","targetHints":{"allow":["GET"]}}],"collection":[{"href":"https:\/\/webdali.latempesta.eu\/fr\/wp-json\/wp\/v2\/pages"}],"about":[{"href":"https:\/\/webdali.latempesta.eu\/fr\/wp-json\/wp\/v2\/types\/page"}],"author":[{"embeddable":true,"href":"https:\/\/webdali.latempesta.eu\/fr\/wp-json\/wp\/v2\/users\/3"}],"replies":[{"embeddable":true,"href":"https:\/\/webdali.latempesta.eu\/fr\/wp-json\/wp\/v2\/comments?post=10757"}],"version-history":[{"count":1,"href":"https:\/\/webdali.latempesta.eu\/fr\/wp-json\/wp\/v2\/pages\/10757\/revisions"}],"predecessor-version":[{"id":13762,"href":"https:\/\/webdali.latempesta.eu\/fr\/wp-json\/wp\/v2\/pages\/10757\/revisions\/13762"}],"up":[{"embeddable":true,"href":"https:\/\/webdali.latempesta.eu\/fr\/wp-json\/wp\/v2\/pages\/7659"}],"wp:featuredmedia":[{"embeddable":true,"href":"https:\/\/webdali.latempesta.eu\/fr\/wp-json\/wp\/v2\/media\/2163"}],"wp:attachment":[{"href":"https:\/\/webdali.latempesta.eu\/fr\/wp-json\/wp\/v2\/media?parent=10757"}],"wp:term":[{"taxonomy":"category","embeddable":true,"href":"https:\/\/webdali.latempesta.eu\/fr\/wp-json\/wp\/v2\/categories?post=10757"},{"taxonomy":"post_tag","embeddable":true,"href":"https:\/\/webdali.latempesta.eu\/fr\/wp-json\/wp\/v2\/tags?post=10757"}],"curies":[{"name":"wp","href":"https:\/\/api.w.org\/{rel}","templated":true}]}}