{"id":10765,"date":"2025-03-17T13:48:41","date_gmt":"2025-03-17T11:48:41","guid":{"rendered":"https:\/\/webdali.latempesta.eu\/obra\/ced\/fons-documental\/documents-audiovisuals-i-sonors\/"},"modified":"2025-07-01T10:03:26","modified_gmt":"2025-07-01T08:03:26","slug":"documents-audiovisuels-et-sonores","status":"publish","type":"page","link":"https:\/\/webdali.latempesta.eu\/fr\/oeuvre\/ced\/fonds-documentaire\/documents-audiovisuels-et-sonores\/","title":{"rendered":"Documents audiovisuels et sonores"},"content":{"rendered":"\n<div class=\"wp-block-columns global-column is-layout-flex wp-container-core-columns-is-layout-9d6595d7 wp-block-columns-is-layout-flex\">\n<div class=\"wp-block-column is-layout-flow wp-block-column-is-layout-flow\">\n<p>Le Centre d\u2019\u00c9tudes Daliniennes a pour objectif de recueillir et de cataloguer les documents audiovisuels ayant un lien plus ou moins direct avec Salvador Dal\u00ed. Le fonds est constitu\u00e9 de plus de 900 documents et comprend les films auxquels l\u2019artiste a particip\u00e9 activement, que ce soit dans la conception du film, la r\u00e9alisation, le sc\u00e9nario ou la conception sc\u00e9nographique. Il comprend \u00e9galement un vaste ensemble d\u2019images d\u2019archives, incluant des publicit\u00e9s, des interviews et des reportages tr\u00e8s vari\u00e9s. Parall\u00e8lement, le centre recueille et catalogue une importante collection de documentaires et d\u2019\u00e9missions de t\u00e9l\u00e9vision consacr\u00e9s \u00e0 l\u2019artiste, portant notamment sur sa biographie, son parcours artistique, ses passions et son environnement g\u00e9ographique et humain le plus proche.<\/p>\n\n\n\n<p>Apr\u00e8s le visionnage et le catalogage des documents, commence la phase de recherche, afin de contextualiser et d\u2019approfondir les connaissances sur le contenu des films. La valeur de ces mat\u00e9riaux est essentielle, non seulement pour les informations de premi\u00e8re main qu\u2019ils fournissent, mais aussi parce qu\u2019ils permettent d\u2019explorer la dimension la plus m\u00e9diatique de Salvador Dal\u00ed, consid\u00e9r\u00e9 comme l\u2019un des premiers artistes \u00e0 avoir pris conscience du pouvoir de l\u2019image. Sa pr\u00e9sence dans ce m\u00e9dia est, en quelque sorte, inh\u00e9rente \u00e0 la cr\u00e9ation dalinienne et devient fondamentale pour comprendre le personnage et l\u2019\u0153uvre de Salvador Dal\u00ed.<\/p>\n\n\n\n<p>Par ailleurs, les archives sonores comprennent un fonds de plus de 200 documents de formats vari\u00e9s, conserv\u00e9s entre la Tour Galatea, la Maison-Mus\u00e9e de Portlligat et le Ch\u00e2teau Gala Dal\u00ed de P\u00fabol. Ce mat\u00e9riel permet d\u2019approcher les centres d\u2019int\u00e9r\u00eat musicaux de Dal\u00ed et de Gala, de suivre la participation de Dal\u00ed \u00e0 certains projets et de constater comment la figure et l\u2019\u0153uvre du ma\u00eetre ont servi de source d\u2019inspiration pour diverses pochettes et compositions musicales.<\/p>\n\n\n<script>var is_masonry=false;<\/script>\t        <div class=\"swiper coeli-swiper-heritageobject coeli-swiper-agrupacions coeli-swiper-8420\"              id=\"coeli-swiper-8420\">\n            <!-- Additional required wrapper -->\n            <ul class=\"swiper-wrapper coeli-result-list\" id=\"coeli-ul-agrupacio-8420\">\n                <!-- Slides -->\n\t\t\t\t                    <li id=\"4395-e413\"\n                        class=\"swiper-slide s-2 t-1 m-2\"><a href=\"https:\/\/webdali.latempesta.eu\/fr\/heritageobject\/4395-e413\/\"><figure class=\"image portraitmedia-medium\"><img decoding=\"async\" alt=\"\" src=\"https:\/\/d1i5r06pd82mff.cloudfront.net\/public\/DigitalAsset\/f886fede-c893-1a0c-3a3b-2b690bca9038\/d1307de90652b997a8f83910ae59266d\/full\/medium\/0\/default.jpg\"><\/figure><p class=\"coeli-title\">Foto de rodatge de \u00ab\u00a0l&rsquo;\u00c2ge d&rsquo;or\u00a0\u00bb de Luis Bu\u00f1uel<\/p><p class=\"coeli-production-date\">1930<\/p><\/a><\/li>\n\t\t\t\t                    <li id=\"3716\"\n                        class=\"swiper-slide s-2 t-1 m-2\"><a href=\"https:\/\/webdali.latempesta.eu\/fr\/heritageobject\/3716\/\"><figure class=\"image portraitmedia-medium\"><img decoding=\"async\" alt=\"\" src=\"https:\/\/d1i5r06pd82mff.cloudfront.net\/public\/DigitalAsset\/428cdfcef24b938aca55f933bf01a9dc\/3189c60aca96ffed30ed6f3639d5aadd\/full\/medium\/0\/default.jpg\"><\/figure><p class=\"coeli-title\">\u00ab\u00a0Babaouo c&rsquo;est un film surrealiste\u00a0\u00bb<\/p><p class=\"coeli-production-actorsinrole-actors\">Dal\u00ed i Dom\u00e8nech, Salvador<\/p><p class=\"coeli-production-date\">1932<\/p><\/a><\/li>\n\t\t\t\t                    <li id=\"5301-7888\"\n                        class=\"swiper-slide s-2 t-1 m-2\"><a href=\"https:\/\/webdali.latempesta.eu\/fr\/heritageobject\/5301-7888\/\"><figure class=\"coeli-portraitmedia-medium coeli-no-representation\"><img decoding=\"async\" src=\"https:\/\/upload.wikimedia.org\/wikipedia\/commons\/f\/f7\/No_Image_%282879926%29_-_The_Noun_Project.svg\" alt=\"Empty\"\/><\/figure><p class=\"coeli-title\">Salvador Dal\u00ed davant d\u2019un dels decorats per a \u00ab\u00a0Spellbound\u00a0\u00bb<\/p><p class=\"coeli-production-date\">1945<\/p><\/a><\/li>\n\t\t\t\t                    <li id=\"5317-6f47\"\n                        class=\"swiper-slide s-2 t-1 m-2\"><a href=\"https:\/\/webdali.latempesta.eu\/fr\/heritageobject\/5317-6f47\/\"><figure class=\"image portraitmedia-medium\"><img decoding=\"async\" alt=\"\" src=\"https:\/\/d1i5r06pd82mff.cloudfront.net\/public\/DigitalAsset\/91aaa35f-9246-02f5-3b14-3a311c664c40\/51306361720211290d4ca5ecec8086aa\/full\/medium\/0\/default.jpg\"><\/figure><p class=\"coeli-title\">Salvador Dal\u00ed pintant projecte per a \u00ab\u00a0Destino\u00a0\u00bb de Walt Disney<\/p><p class=\"coeli-production-date\">1946<\/p><\/a><\/li>\n\t\t\t\t                    <li id=\"492\"\n                        class=\"swiper-slide s-2 t-1 m-2\"><a href=\"https:\/\/webdali.latempesta.eu\/fr\/heritageobject\/492\/\"><figure class=\"image portraitmedia-medium\"><img decoding=\"async\" alt=\"\" src=\"https:\/\/d1i5r06pd82mff.cloudfront.net\/public\/DigitalAsset\/b47fc3f6-47c5-0201-3390-0a4156bb45fc\/e6b5fa7927263c9006857f7f53e45a18\/full\/medium\/0\/default.jpg\"><\/figure><p class=\"coeli-title\">Projecte per a \u00ab\u00a0Destino\u00a0\u00bb<\/p><p class=\"coeli-production-actorsinrole-actors\">Dal\u00ed i Dom\u00e8nech, Salvador<\/p><p class=\"coeli-production-date\">c. 1946<\/p><\/a><\/li>\n\t\t\t\t                    <li id=\"38120\"\n                        class=\"swiper-slide s-2 t-1 m-2\"><a href=\"https:\/\/webdali.latempesta.eu\/fr\/heritageobject\/38120\/\"><figure class=\"image portraitmedia-medium\"><img decoding=\"async\" alt=\"\" src=\"https:\/\/d1i5r06pd82mff.cloudfront.net\/public\/DigitalAsset\/41817e01-76d8-7944-dc2e-1f0614aae76b\/3589f9b60ecfa9b34b6370f45bac85c7\/full\/medium\/0\/default.jpg\"><\/figure><p class=\"coeli-title\">Un Chien Andalou<\/p><p class=\"coeli-production-actorsinrole-actors\">Bu\u00f1uel, Luis \u00b7 Dal\u00ed, Salvador \u00b7 Luis Bu\u00f1uel \u00b7 Salvador Dal\u00ed<\/p><p class=\"coeli-production-date\">1929|Aquest DVD ha estat distribuit el 2004<\/p><\/a><\/li>\n\t\t\t\t                    <li id=\"38361\"\n                        class=\"swiper-slide s-2 t-1 m-2\"><a href=\"https:\/\/webdali.latempesta.eu\/fr\/heritageobject\/38361\/\"><figure class=\"image portraitmedia-medium\"><img decoding=\"async\" alt=\"\" src=\"https:\/\/d1i5r06pd82mff.cloudfront.net\/public\/DigitalAsset\/a78c0789-b551-b539-8135-deb33912afad\/9b35883078b3960d221ecc6db04559d3\/full\/medium\/0\/default.jpg\"><\/figure><p class=\"coeli-title\">Autoportrait mou de Salvador Dal\u00ed<\/p><p class=\"coeli-production-actorsinrole-actors\">Averty, Jean Christophe \u00b7 RM Productions, T\u00e9l\u00e9vision Francaise, Henry R. Coty \u00b7 Lucien Billard \u00b7 Jean Christophe Averty \u00b7 Robert Descharnes<\/p><p class=\"coeli-production-date\">1966<\/p><\/a><\/li>\n\t\t\t\t            <\/ul>\n\t\t\t\t\t\t                <!-- If we need navigation buttons -->\n                <div class=\"swiper-coeli-button-prev swiper-button-prev coeli-swiper-prev-8420\"><\/div>\n                <div class=\"swiper-coeli-button-next swiper-button-next coeli-swiper-next-8420\"><\/div>\n\t\t\t        <\/div>\n\n        <script>\n            var slider_args_8420= {\n                \/\/ Optional parameters\n                direction: 'horizontal',\n                breakpoints: {\n                    640: {\n                        slidesPerView: 1,\n                        spaceBetween: 0,\n                    },\n                    768: {\n                        slidesPerView: 1,\n                        spaceBetween: 0,\n                    },\n                    1024: {\n                        slidesPerView: 2,\n                        spaceBetween: 0,\n                    },\n                },\n\t\t\t\t                autoplay: {\n                    delay: 30000000,\n                    disableOnInteraction: false,\n                },\n\t\t\t\t\t\t\t\t\t\t\t\t                speed: 300,\n\t\t\t\t                loop: false,\n                \/\/ If we need pagination\n                pagination: {\n                    el: '.swiper-pagination-8420',\n                },\n                \/\/ Navigation arrows\n                navigation: {\n                    nextEl: '.coeli-swiper-next-8420',\n                    prevEl: '.coeli-swiper-prev-8420',\n                }\n            }\n        <\/script>\n\t<\/div>\n<\/div>\n\n\n    <div  class=\"wp-block-columns swiper-column   destacat bloc-destacats \" style=\"background-image: linear-gradient(to right, white, white)\">\n        <div class=\"wp-block-column\">\n            <div id=\"swiper-69ff3bf0a9716\" class=\"swiper destacats dues\" >\n                <div class=\"swiper-wrapper\">\n\n                                            <div class=\"swiper-slide intro\">\n                            <h2>\u00c0 d\u00e9couvrir aussi<\/h2>\n                            <div class=\"descripcio\"><p>Continuez \u00e0 explorer les fonds documentaires de la Fondation Gala-Salvador Dal\u00ed<\/p>\n<\/div>\n                                                    <\/div>\n                    \n\n                    \n                        \n                        <div class=\"swiper-slide\">\n                                                            <div class=\"banner\" style=\"background-image: url(https:\/\/webdali.latempesta.eu\/wp-content\/uploads\/2025\/03\/Proovisional_Capcalera-fons-documental-755x1024.jpg)\">\n                                                                            <ul class=\"context\">\n                                            <li class=\"context__item\" aria-label=\"hidden\">                                            <\/li>\n                                        <\/ul>\n                                    \n                                    <h3 class=\"titol\">H\u00e9m\u00e9roth\u00e8que<\/h3>\n                                        \n                                    <div class=\"button fletxa\"><a href=\"https:\/\/webdali.latempesta.eu\/fr\/oeuvre\/ced\/hemerotheque\/\">En savoir plus<\/a><\/div>\n\n                                    \n                                <\/div>\n                                                    <\/div>\n\n                    \n                        \n                        <div class=\"swiper-slide\">\n                                                            <div class=\"banner\" style=\"background-image: url(https:\/\/webdali.latempesta.eu\/wp-content\/uploads\/2025\/03\/6_editora_49_6_1_10201020.jpg)\">\n                                                                            <ul class=\"context\">\n                                            <li class=\"context__item\" aria-label=\"hidden\">                                            <\/li>\n                                        <\/ul>\n                                    \n                                    <h3 class=\"titol\">Photographies<\/h3>\n                                        \n                                    <div class=\"button fletxa\"><a href=\"https:\/\/webdali.latempesta.eu\/fr\/oeuvre\/ced\/fonds-documentaire\/photographies\/\">En savoir plus<\/a><\/div>\n\n                                    \n                                <\/div>\n                                                    <\/div>\n\n                    \n                        \n                        <div class=\"swiper-slide\">\n                                                            <div class=\"banner\" style=\"background-image: url(https:\/\/webdali.latempesta.eu\/wp-content\/uploads\/2025\/03\/5_manifiesto_editora_48_5_1_10201020.jpg)\">\n                                                                            <ul class=\"context\">\n                                            <li class=\"context__item\" aria-label=\"hidden\">                                            <\/li>\n                                        <\/ul>\n                                    \n                                    <h3 class=\"titol\">Documents \u00e9ph\u00e9m\u00e8res<\/h3>\n                                        \n                                    <div class=\"button fletxa\"><a href=\"https:\/\/webdali.latempesta.eu\/fr\/oeuvre\/ced\/fonds-documentaire\/documents-ephemeres\/\">En savoir plus<\/a><\/div>\n\n                                    \n                                <\/div>\n                                                    <\/div>\n\n                    \n                        \n                        <div class=\"swiper-slide\">\n                                                            <div class=\"banner\" style=\"background-image: url(https:\/\/webdali.latempesta.eu\/wp-content\/uploads\/2025\/03\/523___5_ghyka_editora_46_6_1_10201020.jpg)\">\n                                                                            <ul class=\"context\">\n                                            <li class=\"context__item\" aria-label=\"hidden\">                                            <\/li>\n                                        <\/ul>\n                                    \n                                    <h3 class=\"titol\">Correspondance<\/h3>\n                                        \n                                    <div class=\"button fletxa\"><a href=\"https:\/\/webdali.latempesta.eu\/fr\/oeuvre\/ced\/fonds-documentaire\/correspondance\/\">En savoir plus<\/a><\/div>\n\n                                    \n                                <\/div>\n                                                    <\/div>\n\n                    \n                        \n                        <div class=\"swiper-slide\">\n                                                            <div class=\"banner\" style=\"background-image: url(https:\/\/webdali.latempesta.eu\/wp-content\/uploads\/2025\/03\/4_disney_editora_45_4_1_10201020.jpg)\">\n                                                                            <ul class=\"context\">\n                                            <li class=\"context__item\" aria-label=\"hidden\">                                            <\/li>\n                                        <\/ul>\n                                    \n                                    <h3 class=\"titol\">Manuscrits<\/h3>\n                                        \n                                    <div class=\"button fletxa\"><a href=\"https:\/\/webdali.latempesta.eu\/fr\/oeuvre\/ced\/fonds-documentaire\/manuscrits\/\">En savoir plus<\/a><\/div>\n\n                                    \n                                <\/div>\n                                                    <\/div>\n\n                    \n                        \n                        <div class=\"swiper-slide\">\n                                                            <div class=\"banner\" style=\"background-image: url(https:\/\/webdali.latempesta.eu\/wp-content\/uploads\/2025\/03\/Provisional_Capcalera-fons-documental.jpg)\">\n                                                                            <ul class=\"context\">\n                                            <li class=\"context__item\" aria-label=\"hidden\">                                            <\/li>\n                                        <\/ul>\n                                    \n                                    <h3 class=\"titol\">Fonds de la biblioth\u00e8que personnelle de Dal\u00ed<\/h3>\n                                        \n                                    <div class=\"button fletxa\"><a href=\"https:\/\/webdali.latempesta.eu\/fr\/oeuvre\/ced\/fonds-documentaire\/fonds-de-la-biblioteque-personnelle-de-dali\/\">En savoir plus<\/a><\/div>\n\n                                    \n                                <\/div>\n                                                    <\/div>\n\n                                    <\/div>\n                <!-- Swiper navigation buttons -->\n                <div class=\"swiper-button-prev\">\n                    <span class=\"screen-reader-text\">Diapositive pr\u00e9c\u00e9dente<\/span>\n                <\/div>\n                <div class=\"swiper-button-next\">\n                    <span class=\"screen-reader-text\">Diapositiva seg\u00fcent<\/span>\n                <\/div>\n            <\/div>\n        <\/div>\n    <\/div>\n\n\n\n<!-- Swiper JS -->\n<script src=\"https:\/\/cdn.jsdelivr.net\/npm\/swiper@11\/swiper-bundle.min.js\"><\/script>\n\n<!-- Initialize Swiper -->\n<script>\n\njQuery( document ).ready(function() {      \n\n    Tipus = 'destacat';\n\n    updateSpaceBetween();\n    spaceBetweenInicial = 60;\n    \n    if (Tipus=='intro-images' ) {\n    \/\/    spaceBetweenValueModul = 0;\n    }\n\n\n\n    console.log(\"spaceBetweenValueModul\",spaceBetweenValueModul);\n\n    var swiper = new Swiper(\"#swiper-69ff3bf0a9716\", {\n      slidesPerView: \"auto\",\n      spaceBetween: spaceBetweenInicial,\n      \tfreeMode: true,\n\t  \tbreakpoints: {\n\t        \/\/ Quan l'amplada de la pantalla sigui major a 1024px\n\t        1024: {\n\t            spaceBetween: spaceBetweenValue,\n\t        },\n\t    },\n        \/\/ Navigation arrows\n        navigation: {\n            nextEl: '.swiper-button-next',\n            prevEl: '.swiper-button-prev',\n        },\n        mousewheel: {\n            releaseOnEdges: true,\n            forceToAxis: true,\n            sensitivity:    1,\n        },\n        a11y: {\n            prevSlideMessage: 'Diapositive pr\u00e9c\u00e9dente',\n            nextSlideMessage: 'Diapositiva seg\u00fcent',\n        },\n    });\n\n\n \n\n\n    \/*\n    jQuery('.bloc-destacats').each(function() {\n        const nextDiv = jQuery(this).next('div');\n        if (nextDiv.hasClass('contingut-ampliat')) {\n            console.log('T\u00e9 .contingut-ampliat despr\u00e9s');\n            \/\/ Aqu\u00ed pots fer accions, per exemple:\n            \/\/ $nextDiv.addClass('marcat'); o $(this).append($nextDiv);\n        }\n    });\n    *\/\n})\n<\/script>\n\n","protected":false},"excerpt":{"rendered":"<p>Le Centre d\u2019\u00c9tudes Daliniennes a pour objectif de recueillir et de cataloguer les documents audiovisuels ayant un lien plus ou moins direct avec Salvador Dal\u00ed. Le fonds est constitu\u00e9 de plus de 900 documents et comprend les films auxquels l\u2019artiste a particip\u00e9 activement, que ce soit dans la conception du film, la r\u00e9alisation, le sc\u00e9nario [&hellip;]<\/p>\n","protected":false},"author":3,"featured_media":2253,"parent":10761,"menu_order":0,"comment_status":"closed","ping_status":"closed","template":"","meta":{"_acf_changed":false,"_coblocks_attr":"","_coblocks_dimensions":"","_coblocks_responsive_height":"","_coblocks_accordion_ie_support":"","footnotes":""},"categories":[],"tags":[],"class_list":["post-10765","page","type-page","status-publish","has-post-thumbnail","hentry"],"acf":[],"_links":{"self":[{"href":"https:\/\/webdali.latempesta.eu\/fr\/wp-json\/wp\/v2\/pages\/10765","targetHints":{"allow":["GET"]}}],"collection":[{"href":"https:\/\/webdali.latempesta.eu\/fr\/wp-json\/wp\/v2\/pages"}],"about":[{"href":"https:\/\/webdali.latempesta.eu\/fr\/wp-json\/wp\/v2\/types\/page"}],"author":[{"embeddable":true,"href":"https:\/\/webdali.latempesta.eu\/fr\/wp-json\/wp\/v2\/users\/3"}],"replies":[{"embeddable":true,"href":"https:\/\/webdali.latempesta.eu\/fr\/wp-json\/wp\/v2\/comments?post=10765"}],"version-history":[{"count":0,"href":"https:\/\/webdali.latempesta.eu\/fr\/wp-json\/wp\/v2\/pages\/10765\/revisions"}],"up":[{"embeddable":true,"href":"https:\/\/webdali.latempesta.eu\/fr\/wp-json\/wp\/v2\/pages\/10761"}],"wp:featuredmedia":[{"embeddable":true,"href":"https:\/\/webdali.latempesta.eu\/fr\/wp-json\/wp\/v2\/media\/2253"}],"wp:attachment":[{"href":"https:\/\/webdali.latempesta.eu\/fr\/wp-json\/wp\/v2\/media?parent=10765"}],"wp:term":[{"taxonomy":"category","embeddable":true,"href":"https:\/\/webdali.latempesta.eu\/fr\/wp-json\/wp\/v2\/categories?post=10765"},{"taxonomy":"post_tag","embeddable":true,"href":"https:\/\/webdali.latempesta.eu\/fr\/wp-json\/wp\/v2\/tags?post=10765"}],"curies":[{"name":"wp","href":"https:\/\/api.w.org\/{rel}","templated":true}]}}