{"id":10769,"date":"2025-03-17T13:46:24","date_gmt":"2025-03-17T11:46:24","guid":{"rendered":"https:\/\/webdali.latempesta.eu\/obra\/ced\/fons-documental\/fotografies\/"},"modified":"2025-07-01T10:10:33","modified_gmt":"2025-07-01T08:10:33","slug":"photographies","status":"publish","type":"page","link":"https:\/\/webdali.latempesta.eu\/fr\/oeuvre\/ced\/fonds-documentaire\/photographies\/","title":{"rendered":"Photographies"},"content":{"rendered":"\n<div class=\"wp-block-columns global-column is-layout-flex wp-container-core-columns-is-layout-9d6595d7 wp-block-columns-is-layout-flex\">\n<div class=\"wp-block-column is-layout-flow wp-block-column-is-layout-flow\">\n<p>Le fonds photographique du Centre d\u2019\u00c9tudes Daliniennes compte plus de 15\u202f000 images couvrant toutes les p\u00e9riodes de la vie de Salvador Dal\u00ed. Parmi les noms importants des photographes avec lesquels il a collabor\u00e9 et qui figurent dans sa collection, on peut citer\u202f: Man Ray, Brassa\u00ef, Cecil Beaton, Eric Schaal, George Platt Lynes, Horst P. Horst ou Philippe Halsman, pour n\u2019en nommer que quelques-uns.<\/p>\n\n\n\n<p>Parmi les acquisitions de la Fondation, deux fonds particuli\u00e8rement riches sur le plan graphique et documentaire viennent enrichir et compl\u00e9ter les archives photographiques\u202f: le fonds Meli et le fonds Eric Schaal.<\/p>\n\n\n\n<p>Le fonds Meli (Melit\u00f3 Casals), photographe local et collaborateur de Dal\u00ed \u00e0 partir des ann\u00e9es cinquante, se compose d\u2019une vaste collection d\u2019images d\u2019\u00e9poque ainsi que d\u2019un grand nombre de n\u00e9gatifs et de planches-contact (environ 8\u202f000). Le fonds Eric Schaal, acquis par la Fondation en 2005, comprend 218 n\u00e9gatifs, 68 tirages d\u2019\u00e9poque et 43 diapositives qui t\u00e9moignent d\u2019une fructueuse collaboration professionnelle entre les deux artistes, entre 1937 et 1942.Principio del formulario<\/p>\n\n\n\n<p>La Fondation Gala Salvador Dal\u00ed g\u00e8re les droits de ces fonds, ainsi que les droits des photographies de Dal\u00ed r\u00e9alis\u00e9es par les photographes Maspons, Catal\u00e0-Roca et Xavier Miserachs.<\/p>\n\n\n<script>var is_masonry=false;<\/script>\t        <div class=\"swiper coeli-swiper-heritageobject coeli-swiper-agrupacions coeli-swiper-8430\"              id=\"coeli-swiper-8430\">\n            <!-- Additional required wrapper -->\n            <ul class=\"swiper-wrapper coeli-result-list\" id=\"coeli-ul-agrupacio-8430\">\n                <!-- Slides -->\n\t\t\t\t                    <li id=\"5556-29a9\"\n                        class=\"swiper-slide s-3 t-1 m-3\"><a href=\"https:\/\/webdali.latempesta.eu\/fr\/heritageobject\/5556-29a9\/\"><figure class=\"image portraitmedia-medium\"><img decoding=\"async\" alt=\"\" src=\"https:\/\/d1i5r06pd82mff.cloudfront.net\/public\/DigitalAsset\/7af9e4e8-acf5-b0b8-8c3b-6fede21bbd0a\/c2bbf4a3be221b838637d10f2d6399ca\/full\/medium\/0\/default.jpg\"><\/figure><p class=\"coeli-title\">Dal\u00ed treballant a la seva cambra a l&rsquo;hotel de Nova York en el decorat de \u00ab\u00a0Bacchanale\u00a0\u00bb<\/p><p class=\"coeli-production-date\">1939<\/p><\/a><\/li>\n\t\t\t\t                    <li id=\"12011\"\n                        class=\"swiper-slide s-3 t-1 m-3\"><a href=\"https:\/\/webdali.latempesta.eu\/fr\/heritageobject\/12011\/\"><figure class=\"coeli-portraitmedia-medium coeli-no-representation\"><img decoding=\"async\" src=\"https:\/\/upload.wikimedia.org\/wikipedia\/commons\/f\/f7\/No_Image_%282879926%29_-_The_Noun_Project.svg\" alt=\"Empty\"\/><\/figure><p class=\"coeli-title\">Salvador Dal\u00ed amb cap de taur\u00f3<\/p><p class=\"coeli-production-actorsinrole-actors\">Schaal, Eric<\/p><p class=\"coeli-production-date\">1939<\/p><\/a><\/li>\n\t\t\t\t                    <li id=\"6939-db19\"\n                        class=\"swiper-slide s-3 t-1 m-3\"><a href=\"https:\/\/webdali.latempesta.eu\/fr\/heritageobject\/6939-db19\/\"><figure class=\"coeli-portraitmedia-medium coeli-no-representation\"><img decoding=\"async\" src=\"https:\/\/upload.wikimedia.org\/wikipedia\/commons\/f\/f7\/No_Image_%282879926%29_-_The_Noun_Project.svg\" alt=\"Empty\"\/><\/figure><p class=\"coeli-title\">Salvador Dal\u00ed pintant<\/p><p class=\"coeli-production-date\">1940s<\/p><\/a><\/li>\n\t\t\t\t                    <li id=\"5490-973b\"\n                        class=\"swiper-slide s-3 t-1 m-3\"><a href=\"https:\/\/webdali.latempesta.eu\/fr\/heritageobject\/5490-973b\/\"><figure class=\"coeli-portraitmedia-medium coeli-no-representation\"><img decoding=\"async\" src=\"https:\/\/upload.wikimedia.org\/wikipedia\/commons\/f\/f7\/No_Image_%282879926%29_-_The_Noun_Project.svg\" alt=\"Empty\"\/><\/figure><p class=\"coeli-title\">Salvador Dal\u00ed escrivint La vida secreta de Salvador Dal\u00ed a casa de Caresse Crosby, a Hampton Manor, Virginia<\/p><p class=\"coeli-production-actorsinrole-actors\">Schaal, Eric \u00b7 Nova York<\/p><p class=\"coeli-production-date\">1941<\/p><\/a><\/li>\n\t\t\t\t                    <li id=\"5275-623a\"\n                        class=\"swiper-slide s-3 t-1 m-3\"><a href=\"https:\/\/webdali.latempesta.eu\/fr\/heritageobject\/5275-623a\/\"><figure class=\"coeli-portraitmedia-medium coeli-no-representation\"><img decoding=\"async\" src=\"https:\/\/upload.wikimedia.org\/wikipedia\/commons\/f\/f7\/No_Image_%282879926%29_-_The_Noun_Project.svg\" alt=\"Empty\"\/><\/figure><p class=\"coeli-title\">Salvador Dal\u00ed amb l&rsquo;obra \u00ab\u00a0El rostre de la guerra\u00a0\u00bb a Hampton Manor<\/p><p class=\"coeli-production-actorsinrole-actors\">Schaal, Eric<\/p><p class=\"coeli-production-date\">1941<\/p><\/a><\/li>\n\t\t\t\t                    <li id=\"5360-bc4c\"\n                        class=\"swiper-slide s-3 t-1 m-3\"><a href=\"https:\/\/webdali.latempesta.eu\/fr\/heritageobject\/5360-bc4c\/\"><figure class=\"coeli-portraitmedia-medium coeli-no-representation\"><img decoding=\"async\" src=\"https:\/\/upload.wikimedia.org\/wikipedia\/commons\/f\/f7\/No_Image_%282879926%29_-_The_Noun_Project.svg\" alt=\"Empty\"\/><\/figure><p class=\"coeli-title\">Salvador Dal\u00ed a Portlligat<\/p><p class=\"coeli-production-actorsinrole-actors\">Batlles-Compte \u00b7 Barcelona<\/p><p class=\"coeli-production-date\">1948<\/p><\/a><\/li>\n\t\t\t\t                    <li id=\"5365-c60f\"\n                        class=\"swiper-slide s-3 t-1 m-3\"><a href=\"https:\/\/webdali.latempesta.eu\/fr\/heritageobject\/5365-c60f\/\"><figure class=\"coeli-portraitmedia-medium coeli-no-representation\"><img decoding=\"async\" src=\"https:\/\/upload.wikimedia.org\/wikipedia\/commons\/f\/f7\/No_Image_%282879926%29_-_The_Noun_Project.svg\" alt=\"Empty\"\/><\/figure><p class=\"coeli-title\">Salvador Dal\u00ed a Portlligat<\/p><p class=\"coeli-production-actorsinrole-actors\">Sans, Ricardo<\/p><p class=\"coeli-production-date\">1949<\/p><\/a><\/li>\n\t\t\t\t                    <li id=\"64556\"\n                        class=\"swiper-slide s-3 t-1 m-3\"><a href=\"https:\/\/webdali.latempesta.eu\/fr\/heritageobject\/64556\/\"><figure class=\"image portraitmedia-medium\"><img decoding=\"async\" alt=\"\" src=\"https:\/\/d1i5r06pd82mff.cloudfront.net\/public\/DigitalAsset\/4ce26221-95b5-4bb4-66ae-cb9fdf8f5463\/23c069b56fab482976a548d46093a94d\/full\/medium\/0\/default.jpg\"><\/figure><p class=\"coeli-title\">Salvador Dal\u00ed a La Pedrera<\/p><p class=\"coeli-production-actorsinrole-actors\">Sans, Ricardo<\/p><p class=\"coeli-production-date\">1951<\/p><\/a><\/li>\n\t\t\t\t                    <li id=\"9230-20d6\"\n                        class=\"swiper-slide s-3 t-1 m-3\"><a href=\"https:\/\/webdali.latempesta.eu\/fr\/heritageobject\/9230-20d6\/\"><figure class=\"coeli-portraitmedia-medium coeli-no-representation\"><img decoding=\"async\" src=\"https:\/\/upload.wikimedia.org\/wikipedia\/commons\/f\/f7\/No_Image_%282879926%29_-_The_Noun_Project.svg\" alt=\"Empty\"\/><\/figure><p class=\"coeli-title\">Salvador Dal\u00ed<\/p><p class=\"coeli-production-actorsinrole-actors\">Sans, Ricardo<\/p><p class=\"coeli-production-date\">1951<\/p><\/a><\/li>\n\t\t\t\t                    <li id=\"64708\"\n                        class=\"swiper-slide s-3 t-1 m-3\"><a href=\"https:\/\/webdali.latempesta.eu\/fr\/heritageobject\/64708\/\"><figure class=\"image portraitmedia-medium\"><img decoding=\"async\" alt=\"\" src=\"https:\/\/d1i5r06pd82mff.cloudfront.net\/public\/DigitalAsset\/da5f289e-8e56-620e-ef6e-6fb7e5123f2a\/0a7927c7e824d53e90baa787e0e9ffca\/full\/medium\/0\/default.jpg\"><\/figure><p class=\"coeli-title\">Salvador Dal\u00ed menjant garotes a Portlligat<\/p><p class=\"coeli-production-actorsinrole-actors\">Sans, Ricardo<\/p><p class=\"coeli-production-date\">1953<\/p><\/a><\/li>\n\t\t\t\t                    <li id=\"6028-b6dc\"\n                        class=\"swiper-slide s-3 t-1 m-3\"><a href=\"https:\/\/webdali.latempesta.eu\/fr\/heritageobject\/6028-b6dc\/\"><figure class=\"image portraitmedia-medium\"><img decoding=\"async\" alt=\"\" src=\"https:\/\/d1i5r06pd82mff.cloudfront.net\/public\/DigitalAsset\/accd76cc-dff4-5421-d306-a07637f3f672\/9acb5c64d5e31cbfba3b3137bc022edf\/full\/medium\/0\/default.jpg\"><\/figure><p class=\"coeli-title\">Salvador Dal\u00ed davant de \u00ab\u00a0Descobriment d&rsquo;Am\u00e8rica per Crist\u00f2for Colom\u00a0\u00bb<\/p><p class=\"coeli-production-actorsinrole-actors\">Casals, Melit\u00f3, Meli<\/p><p class=\"coeli-production-date\">1958<\/p><\/a><\/li>\n\t\t\t\t                    <li id=\"72312\"\n                        class=\"swiper-slide s-3 t-1 m-3\"><a href=\"https:\/\/webdali.latempesta.eu\/fr\/heritageobject\/72312\/\"><figure class=\"image portraitmedia-medium\"><img decoding=\"async\" alt=\"\" src=\"https:\/\/d1i5r06pd82mff.cloudfront.net\/public\/DigitalAsset\/0f8b7f0b-1763-6ace-5227-3f0c843af921\/98893c84668fe6da2727cf2746143020\/full\/medium\/0\/default.jpg\"><\/figure><p class=\"coeli-title\">Retrat de Salvador Dal\u00ed<\/p><p class=\"coeli-production-actorsinrole-actors\">Whitaker, Robert<\/p><p class=\"coeli-production-date\">1967<\/p><\/a><\/li>\n\t\t\t\t                    <li id=\"72648\"\n                        class=\"swiper-slide s-3 t-1 m-3\"><a href=\"https:\/\/webdali.latempesta.eu\/fr\/heritageobject\/72648\/\"><figure class=\"image portraitmedia-medium\"><img decoding=\"async\" alt=\"\" src=\"https:\/\/d1i5r06pd82mff.cloudfront.net\/private\/DigitalAsset\/4ad48352-2903-b8bb-4c13-bf71f3e78211\/55ce40b1c5d1e06f917a1329838797ed\/full\/medium\/0\/default.jpg?X-Amz-Algorithm=AWS4-HMAC-SHA256&#038;X-Amz-Date=20250702T082305Z&#038;X-Amz-SignedHeaders=host&#038;X-Amz-Expires=3600&#038;X-Amz-Credential=AKIAJFK24PM5LI5ZH2YQ%2F20250702%2Feu-west-1%2Fs3%2Faws4_request&#038;X-Amz-Signature=2a9065bf85e9df912bdc2155b19cae3530e57fe2ad4b64297b4d1fd09f463be5\"><\/figure><p class=\"coeli-title\">Salvador Dal\u00ed al taller de Portlligat<\/p><p class=\"coeli-production-actorsinrole-actors\">Whitaker, Robert<\/p><p class=\"coeli-production-date\">c. 1968<\/p><\/a><\/li>\n\t\t\t\t                    <li id=\"10400\"\n                        class=\"swiper-slide s-3 t-1 m-3\"><a href=\"https:\/\/webdali.latempesta.eu\/fr\/heritageobject\/10400\/\"><figure class=\"image portraitmedia-medium\"><img decoding=\"async\" alt=\"\" src=\"https:\/\/d1i5r06pd82mff.cloudfront.net\/public\/DigitalAsset\/c878299e-df6a-6d65-2c1a-e63f62585905\/2ba640421b6941d69743c236a864070a\/full\/medium\/0\/default.jpg\"><\/figure><p class=\"coeli-title\">Salvador Dal\u00ed en el pati del Teatre-Museu en construcci\u00f3<\/p><p class=\"coeli-production-actorsinrole-actors\">Casals, Melit\u00f3, Meli<\/p><p class=\"coeli-production-date\">1970<\/p><\/a><\/li>\n\t\t\t\t            <\/ul>\n\t\t\t\t\t\t                <!-- If we need navigation buttons -->\n                <div class=\"swiper-coeli-button-prev swiper-button-prev coeli-swiper-prev-8430\"><\/div>\n                <div class=\"swiper-coeli-button-next swiper-button-next coeli-swiper-next-8430\"><\/div>\n\t\t\t        <\/div>\n\n        <script>\n            var slider_args_8430= {\n                \/\/ Optional parameters\n                direction: 'horizontal',\n                breakpoints: {\n                    640: {\n                        slidesPerView: 1,\n                        spaceBetween: 0,\n                    },\n                    768: {\n                        slidesPerView: 1,\n                        spaceBetween: 0,\n                    },\n                    1024: {\n                        slidesPerView: 3,\n                        spaceBetween: 0,\n                    },\n                },\n\t\t\t\t                autoplay: {\n                    delay: 30000000,\n                    disableOnInteraction: false,\n                },\n\t\t\t\t\t\t\t\t\t\t\t\t                speed: 300,\n\t\t\t\t                loop: false,\n                \/\/ If we need pagination\n                pagination: {\n                    el: '.swiper-pagination-8430',\n                },\n                \/\/ Navigation arrows\n                navigation: {\n                    nextEl: '.coeli-swiper-next-8430',\n                    prevEl: '.coeli-swiper-prev-8430',\n                }\n            }\n        <\/script>\n\t<\/div>\n<\/div>\n\n\n    <div  class=\"wp-block-columns swiper-column   destacat bloc-destacats \" style=\"background-image: linear-gradient(to right, white, white)\">\n        <div class=\"wp-block-column\">\n            <div id=\"swiper-69ff3bee805a4\" class=\"swiper destacats dues\" >\n                <div class=\"swiper-wrapper\">\n\n                                            <div class=\"swiper-slide intro\">\n                            <h2>\u00c0 d\u00e9couvrir aussi<\/h2>\n                            <div class=\"descripcio\"><p>Continuez \u00e0 explorer les fonds documentaires de la Fondation Gala-Salvador Dal\u00ed<\/p>\n<\/div>\n                                                    <\/div>\n                    \n\n                    \n                        \n                        <div class=\"swiper-slide\">\n                                                            <div class=\"banner\" style=\"background-image: url(https:\/\/webdali.latempesta.eu\/wp-content\/uploads\/2025\/03\/Proovisional_Capcalera-fons-documental-755x1024.jpg)\">\n                                                                            <ul class=\"context\">\n                                            <li class=\"context__item\" aria-label=\"hidden\">                                            <\/li>\n                                        <\/ul>\n                                    \n                                    <h3 class=\"titol\">H\u00e9m\u00e9roth\u00e8que<\/h3>\n                                        \n                                    <div class=\"button fletxa\"><a href=\"https:\/\/webdali.latempesta.eu\/fr\/oeuvre\/ced\/hemerotheque\/\">En savoir plus<\/a><\/div>\n\n                                    \n                                <\/div>\n                                                    <\/div>\n\n                    \n                        \n                        <div class=\"swiper-slide\">\n                                                            <div class=\"banner\" style=\"background-image: url(https:\/\/webdali.latempesta.eu\/wp-content\/uploads\/2025\/03\/527___3_editora_50_3_1_10201020.jpg)\">\n                                                                            <ul class=\"context\">\n                                            <li class=\"context__item\" aria-label=\"hidden\">                                            <\/li>\n                                        <\/ul>\n                                    \n                                    <h3 class=\"titol\">Documents audiovisuels et sonores<\/h3>\n                                        \n                                    <div class=\"button fletxa\"><a href=\"https:\/\/webdali.latempesta.eu\/fr\/oeuvre\/ced\/fonds-documentaire\/documents-audiovisuels-et-sonores\/\">En savoir plus<\/a><\/div>\n\n                                    \n                                <\/div>\n                                                    <\/div>\n\n                    \n                        \n                        <div class=\"swiper-slide\">\n                                                            <div class=\"banner\" style=\"background-image: url(https:\/\/webdali.latempesta.eu\/wp-content\/uploads\/2025\/03\/5_manifiesto_editora_48_5_1_10201020.jpg)\">\n                                                                            <ul class=\"context\">\n                                            <li class=\"context__item\" aria-label=\"hidden\">                                            <\/li>\n                                        <\/ul>\n                                    \n                                    <h3 class=\"titol\">Documents \u00e9ph\u00e9m\u00e8res<\/h3>\n                                        \n                                    <div class=\"button fletxa\"><a href=\"https:\/\/webdali.latempesta.eu\/fr\/oeuvre\/ced\/fonds-documentaire\/documents-ephemeres\/\">En savoir plus<\/a><\/div>\n\n                                    \n                                <\/div>\n                                                    <\/div>\n\n                    \n                        \n                        <div class=\"swiper-slide\">\n                                                            <div class=\"banner\" style=\"background-image: url(https:\/\/webdali.latempesta.eu\/wp-content\/uploads\/2025\/03\/523___5_ghyka_editora_46_6_1_10201020.jpg)\">\n                                                                            <ul class=\"context\">\n                                            <li class=\"context__item\" aria-label=\"hidden\">                                            <\/li>\n                                        <\/ul>\n                                    \n                                    <h3 class=\"titol\">Correspondance<\/h3>\n                                        \n                                    <div class=\"button fletxa\"><a href=\"https:\/\/webdali.latempesta.eu\/fr\/oeuvre\/ced\/fonds-documentaire\/correspondance\/\">En savoir plus<\/a><\/div>\n\n                                    \n                                <\/div>\n                                                    <\/div>\n\n                    \n                        \n                        <div class=\"swiper-slide\">\n                                                            <div class=\"banner\" style=\"background-image: url(https:\/\/webdali.latempesta.eu\/wp-content\/uploads\/2025\/03\/4_disney_editora_45_4_1_10201020.jpg)\">\n                                                                            <ul class=\"context\">\n                                            <li class=\"context__item\" aria-label=\"hidden\">                                            <\/li>\n                                        <\/ul>\n                                    \n                                    <h3 class=\"titol\">Manuscrits<\/h3>\n                                        \n                                    <div class=\"button fletxa\"><a href=\"https:\/\/webdali.latempesta.eu\/fr\/oeuvre\/ced\/fonds-documentaire\/manuscrits\/\">En savoir plus<\/a><\/div>\n\n                                    \n                                <\/div>\n                                                    <\/div>\n\n                    \n                        \n                        <div class=\"swiper-slide\">\n                                                            <div class=\"banner\" style=\"background-image: url(https:\/\/webdali.latempesta.eu\/wp-content\/uploads\/2025\/03\/Provisional_Capcalera-fons-documental.jpg)\">\n                                                                            <ul class=\"context\">\n                                            <li class=\"context__item\" aria-label=\"hidden\">                                            <\/li>\n                                        <\/ul>\n                                    \n                                    <h3 class=\"titol\">Fonds de la biblioth\u00e8que personnelle de Dal\u00ed<\/h3>\n                                        \n                                    <div class=\"button fletxa\"><a href=\"https:\/\/webdali.latempesta.eu\/fr\/oeuvre\/ced\/fonds-documentaire\/fonds-de-la-biblioteque-personnelle-de-dali\/\">En savoir plus<\/a><\/div>\n\n                                    \n                                <\/div>\n                                                    <\/div>\n\n                                    <\/div>\n                <!-- Swiper navigation buttons -->\n                <div class=\"swiper-button-prev\">\n                    <span class=\"screen-reader-text\">Diapositive pr\u00e9c\u00e9dente<\/span>\n                <\/div>\n                <div class=\"swiper-button-next\">\n                    <span class=\"screen-reader-text\">Diapositiva seg\u00fcent<\/span>\n                <\/div>\n            <\/div>\n        <\/div>\n    <\/div>\n\n\n\n<!-- Swiper JS -->\n<script src=\"https:\/\/cdn.jsdelivr.net\/npm\/swiper@11\/swiper-bundle.min.js\"><\/script>\n\n<!-- Initialize Swiper -->\n<script>\n\njQuery( document ).ready(function() {      \n\n    Tipus = 'destacat';\n\n    updateSpaceBetween();\n    spaceBetweenInicial = 60;\n    \n    if (Tipus=='intro-images' ) {\n    \/\/    spaceBetweenValueModul = 0;\n    }\n\n\n\n    console.log(\"spaceBetweenValueModul\",spaceBetweenValueModul);\n\n    var swiper = new Swiper(\"#swiper-69ff3bee805a4\", {\n      slidesPerView: \"auto\",\n      spaceBetween: spaceBetweenInicial,\n      \tfreeMode: true,\n\t  \tbreakpoints: {\n\t        \/\/ Quan l'amplada de la pantalla sigui major a 1024px\n\t        1024: {\n\t            spaceBetween: spaceBetweenValue,\n\t        },\n\t    },\n        \/\/ Navigation arrows\n        navigation: {\n            nextEl: '.swiper-button-next',\n            prevEl: '.swiper-button-prev',\n        },\n        mousewheel: {\n            releaseOnEdges: true,\n            forceToAxis: true,\n            sensitivity:    1,\n        },\n        a11y: {\n            prevSlideMessage: 'Diapositive pr\u00e9c\u00e9dente',\n            nextSlideMessage: 'Diapositiva seg\u00fcent',\n        },\n    });\n\n\n \n\n\n    \/*\n    jQuery('.bloc-destacats').each(function() {\n        const nextDiv = jQuery(this).next('div');\n        if (nextDiv.hasClass('contingut-ampliat')) {\n            console.log('T\u00e9 .contingut-ampliat despr\u00e9s');\n            \/\/ Aqu\u00ed pots fer accions, per exemple:\n            \/\/ $nextDiv.addClass('marcat'); o $(this).append($nextDiv);\n        }\n    });\n    *\/\n})\n<\/script>\n\n","protected":false},"excerpt":{"rendered":"<p>Le fonds photographique du Centre d\u2019\u00c9tudes Daliniennes compte plus de 15\u202f000 images couvrant toutes les p\u00e9riodes de la vie de Salvador Dal\u00ed. Parmi les noms importants des photographes avec lesquels il a collabor\u00e9 et qui figurent dans sa collection, on peut citer\u202f: Man Ray, Brassa\u00ef, Cecil Beaton, Eric Schaal, George Platt Lynes, Horst P. Horst [&hellip;]<\/p>\n","protected":false},"author":3,"featured_media":2246,"parent":10761,"menu_order":115,"comment_status":"closed","ping_status":"closed","template":"","meta":{"_acf_changed":false,"_coblocks_attr":"","_coblocks_dimensions":"","_coblocks_responsive_height":"","_coblocks_accordion_ie_support":"","footnotes":""},"categories":[],"tags":[],"class_list":["post-10769","page","type-page","status-publish","has-post-thumbnail","hentry"],"acf":[],"_links":{"self":[{"href":"https:\/\/webdali.latempesta.eu\/fr\/wp-json\/wp\/v2\/pages\/10769","targetHints":{"allow":["GET"]}}],"collection":[{"href":"https:\/\/webdali.latempesta.eu\/fr\/wp-json\/wp\/v2\/pages"}],"about":[{"href":"https:\/\/webdali.latempesta.eu\/fr\/wp-json\/wp\/v2\/types\/page"}],"author":[{"embeddable":true,"href":"https:\/\/webdali.latempesta.eu\/fr\/wp-json\/wp\/v2\/users\/3"}],"replies":[{"embeddable":true,"href":"https:\/\/webdali.latempesta.eu\/fr\/wp-json\/wp\/v2\/comments?post=10769"}],"version-history":[{"count":0,"href":"https:\/\/webdali.latempesta.eu\/fr\/wp-json\/wp\/v2\/pages\/10769\/revisions"}],"up":[{"embeddable":true,"href":"https:\/\/webdali.latempesta.eu\/fr\/wp-json\/wp\/v2\/pages\/10761"}],"wp:featuredmedia":[{"embeddable":true,"href":"https:\/\/webdali.latempesta.eu\/fr\/wp-json\/wp\/v2\/media\/2246"}],"wp:attachment":[{"href":"https:\/\/webdali.latempesta.eu\/fr\/wp-json\/wp\/v2\/media?parent=10769"}],"wp:term":[{"taxonomy":"category","embeddable":true,"href":"https:\/\/webdali.latempesta.eu\/fr\/wp-json\/wp\/v2\/categories?post=10769"},{"taxonomy":"post_tag","embeddable":true,"href":"https:\/\/webdali.latempesta.eu\/fr\/wp-json\/wp\/v2\/tags?post=10769"}],"curies":[{"name":"wp","href":"https:\/\/api.w.org\/{rel}","templated":true}]}}