{"id":10781,"date":"2025-03-17T12:37:14","date_gmt":"2025-03-17T10:37:14","guid":{"rendered":"https:\/\/webdali.latempesta.eu\/obra\/ced\/fons-documental\/fons-de-la-biblioteca-personal-de-dali\/"},"modified":"2025-07-01T10:00:11","modified_gmt":"2025-07-01T08:00:11","slug":"fonds-de-la-biblioteque-personnelle-de-dali","status":"publish","type":"page","link":"https:\/\/webdali.latempesta.eu\/fr\/oeuvre\/ced\/fonds-documentaire\/fonds-de-la-biblioteque-personnelle-de-dali\/","title":{"rendered":"Fonds de la biblioth\u00e8que personnelle de Dal\u00ed"},"content":{"rendered":"\n<div class=\"wp-block-columns global-column is-layout-flex wp-container-core-columns-is-layout-9d6595d7 wp-block-columns-is-layout-flex\">\n<div class=\"wp-block-column is-layout-flow wp-block-column-is-layout-flow\">\n<p>Le CED g\u00e8re ce qui fut un jour la biblioth\u00e8que personnelle de Salvador Dal\u00ed et qui, \u00e0 la mort du peintre, a \u00e9t\u00e9 transf\u00e9r\u00e9e de la maison de Portlligat \u00e0 la Tour Galatea de Figueres. Celle-ci comptait un nombre important d\u2019\u00e9ditions originales de ses \u0153uvres ainsi que des publications r\u00e9alis\u00e9es avec d\u2019autres artistes et auteurs de l\u2019\u00e9poque surr\u00e9aliste.<\/p>\n\n\n\n<p>Du point de vue th\u00e9matique, on y retrouve les centres d\u2019int\u00e9r\u00eat du peintre pour l\u2019art en g\u00e9n\u00e9ral. Une mention sp\u00e9ciale revient aux ouvrages sur la p\u00e9riode de la Renaissance, avec Michel-Ange et L\u00e9onard de Vinci en t\u00eate, ainsi qu\u2019aux classiques espagnols comme Vel\u00e1zquez ou hollandais comme Vermeer de Delft. La philosophie et la religion y occupent \u00e9galement une place importante, tout comme la science et la litt\u00e9rature. On y trouve aussi des ouvrages en russe, principalement de litt\u00e9rature russe, ayant appartenu \u00e0 Gala.<\/p>\n\n\n<script>var is_masonry=false;<\/script>\t        <div class=\"swiper coeli-swiper-heritageobject coeli-swiper-agrupacions coeli-swiper-8290\"              id=\"coeli-swiper-8290\">\n            <!-- Additional required wrapper -->\n            <ul class=\"swiper-wrapper coeli-result-list\" id=\"coeli-ul-agrupacio-8290\">\n                <!-- Slides -->\n\t\t\t\t                    <li id=\"15917\"\n                        class=\"swiper-slide s-3 t-1 m-3\"><a href=\"https:\/\/webdali.latempesta.eu\/fr\/heritageobject\/15917\/\"><figure class=\"image portraitmedia-medium\"><img decoding=\"async\" alt=\"\" src=\"https:\/\/d1i5r06pd82mff.cloudfront.net\/public\/DigitalAsset\/7b9ec103-7b88-0549-1a13-8c587471e639\/f2e3095d45abd3d74fd2ce90c3f8d7cc\/full\/medium\/0\/default.jpg\"><\/figure><p class=\"coeli-title\">The Masterpieces of Ingres<\/p><p class=\"coeli-production-actorsinrole-actors\">Gowans &#038; Gray<\/p><p class=\"coeli-production-date\">1913<\/p><\/a><\/li>\n\t\t\t\t                    <li id=\"21164\"\n                        class=\"swiper-slide s-3 t-1 m-3\"><a href=\"https:\/\/webdali.latempesta.eu\/fr\/heritageobject\/21164\/\"><figure class=\"image portraitmedia-medium\"><img decoding=\"async\" alt=\"\" src=\"https:\/\/d1i5r06pd82mff.cloudfront.net\/public\/DigitalAsset\/6f3781f0-43f0-e6f3-2bb6-88f78e5f2899\/2f25324b749e23eb6d3babf93731ec7a\/full\/medium\/0\/default.jpg\"><\/figure><p class=\"coeli-title\">Les Bruixes de Llers<\/p><p class=\"coeli-production-actorsinrole-actors\">Fages de Climent, Carles \u00b7 Dal\u00ed, Salvador (il.) \u00b7 Pol\u00edglota<\/p><p class=\"coeli-production-date\">1924<\/p><\/a><\/li>\n\t\t\t\t                    <li id=\"15466\"\n                        class=\"swiper-slide s-3 t-1 m-3\"><a href=\"https:\/\/webdali.latempesta.eu\/fr\/heritageobject\/15466\/\"><figure class=\"image portraitmedia-medium\"><img decoding=\"async\" alt=\"\" src=\"https:\/\/d1i5r06pd82mff.cloudfront.net\/public\/DigitalAsset\/30d5a90d-6150-32d7-bfc1-45f5569bf820\/22e20e184b2dd9aa8a9ce8463e4cca26\/full\/medium\/0\/default.jpg\"><\/figure><p class=\"coeli-title\">La Conqu\u00eate de l&rsquo;irrationnel<\/p><p class=\"coeli-production-actorsinrole-actors\">Dal\u00ed, Salvador \u00b7 \u00c9ditions Surr\u00e9alistes<\/p><p class=\"coeli-production-date\">1935<\/p><\/a><\/li>\n\t\t\t\t                    <li id=\"15897\"\n                        class=\"swiper-slide s-3 t-1 m-3\"><a href=\"https:\/\/webdali.latempesta.eu\/fr\/heritageobject\/15897\/\"><figure class=\"image portraitmedia-medium\"><img decoding=\"async\" alt=\"\" src=\"https:\/\/d1i5r06pd82mff.cloudfront.net\/public\/DigitalAsset\/8a978c2a-497e-169e-3865-aa3f8ed472d3\/62bdaf006a3ac1f0ad687a4369ec5b55\/full\/medium\/0\/default.jpg\"><\/figure><p class=\"coeli-title\">Facile<\/p><p class=\"coeli-production-actorsinrole-actors\">\u00c9luard, Paul \u00b7 MAN RAY, il \u00b7 G.L.M.<\/p><p class=\"coeli-production-date\">1935<\/p><\/a><\/li>\n\t\t\t\t                    <li id=\"15957\"\n                        class=\"swiper-slide s-3 t-1 m-3\"><a href=\"https:\/\/webdali.latempesta.eu\/fr\/heritageobject\/15957\/\"><figure class=\"image portraitmedia-medium\"><img decoding=\"async\" alt=\"\" src=\"https:\/\/d1i5r06pd82mff.cloudfront.net\/public\/DigitalAsset\/c0f81b8d-9fb0-671d-4ff2-5f342ba72fe9\/6cb58e183d14d5244fbd5120d84e37fa\/full\/medium\/0\/default.jpg\"><\/figure><p class=\"coeli-title\">The Paintings of Jan Vermeer<\/p><p class=\"coeli-production-actorsinrole-actors\">Phaidon \u00b7 Oxford University<\/p><p class=\"coeli-production-date\">1940<\/p><\/a><\/li>\n\t\t\t\t                    <li id=\"15478\"\n                        class=\"swiper-slide s-3 t-1 m-3\"><a href=\"https:\/\/webdali.latempesta.eu\/fr\/heritageobject\/15478\/\"><figure class=\"image portraitmedia-medium\"><img decoding=\"async\" alt=\"\" src=\"https:\/\/d1i5r06pd82mff.cloudfront.net\/public\/DigitalAsset\/201705ff-509d-8341-99d5-3418b4056897\/6ab502f69c4cbcdda290db49842c6dba\/full\/medium\/0\/default.jpg\"><\/figure><p class=\"coeli-title\">The Secret Life of Salvador Dal\u00ed<\/p><p class=\"coeli-production-actorsinrole-actors\">Dal\u00ed, Salvador \u00b7 Dial Press<\/p><p class=\"coeli-production-date\">1942<\/p><\/a><\/li>\n\t\t\t\t                    <li id=\"15859\"\n                        class=\"swiper-slide s-3 t-1 m-3\"><a href=\"https:\/\/webdali.latempesta.eu\/fr\/heritageobject\/15859\/\"><figure class=\"image portraitmedia-medium\"><img decoding=\"async\" alt=\"\" src=\"https:\/\/d1i5r06pd82mff.cloudfront.net\/public\/DigitalAsset\/ab38a7a8-7440-9f85-417a-f4ef96e4814b\/781aca86c72a171e5295b152dae11066\/full\/medium\/0\/default.jpg\"><\/figure><p class=\"coeli-title\">Picasso : the recent years 1939-1946<\/p><p class=\"coeli-production-actorsinrole-actors\">Janis, Harriet \u00b7 Janis, Sidney \u00b7 Doubleday<\/p><p class=\"coeli-production-date\">1946<\/p><\/a><\/li>\n\t\t\t\t                    <li id=\"18195\"\n                        class=\"swiper-slide s-3 t-1 m-3\"><a href=\"https:\/\/webdali.latempesta.eu\/fr\/heritageobject\/18195\/\"><figure class=\"image portraitmedia-medium\"><img decoding=\"async\" alt=\"\" src=\"https:\/\/d1i5r06pd82mff.cloudfront.net\/public\/DigitalAsset\/78323881-a24e-0fd3-231c-d0955c467193\/1a0245e1b12b9b3ca911442c0a37b042\/full\/medium\/0\/default.jpg\"><\/figure><p class=\"coeli-title\">El Poder del \u00e1tomo<\/p><p class=\"coeli-production-actorsinrole-actors\">Thibaud, Jean \u00b7 Espasa-Calpe Argentina<\/p><p class=\"coeli-production-date\">1951<\/p><\/a><\/li>\n\t\t\t\t                    <li id=\"15514\"\n                        class=\"swiper-slide s-3 t-1 m-3\"><a href=\"https:\/\/webdali.latempesta.eu\/fr\/heritageobject\/15514\/\"><figure class=\"image portraitmedia-medium\"><img decoding=\"async\" alt=\"\" src=\"https:\/\/d1i5r06pd82mff.cloudfront.net\/public\/DigitalAsset\/01db0cee-b4cc-80d5-0a3d-e08f0b3b632c\/098e21db725aef54b0062cfab0eb998e\/full\/medium\/0\/default.jpg\"><\/figure><p class=\"coeli-title\">Dal\u00ed&rsquo;s mustache<\/p><p class=\"coeli-production-actorsinrole-actors\">HALSMAN Philippe. \u00b7 Dal\u00ed, Salvador \u00b7 Simon and Schuster<\/p><p class=\"coeli-production-date\">1954<\/p><\/a><\/li>\n\t\t\t\t                    <li id=\"20996\"\n                        class=\"swiper-slide s-3 t-1 m-3\"><a href=\"https:\/\/webdali.latempesta.eu\/fr\/heritageobject\/20996\/\"><figure class=\"image portraitmedia-medium\"><img decoding=\"async\" alt=\"\" src=\"https:\/\/d1i5r06pd82mff.cloudfront.net\/public\/DigitalAsset\/a6fa1ee9-ac11-ab9a-07fa-6786a96beb26\/e61f90ddca76a74b541aec7fd03c4a81\/full\/medium\/0\/default.jpg\"><\/figure><p class=\"coeli-title\">Grands maitres hyperrealistes americains<\/p><p class=\"coeli-production-actorsinrole-actors\">Galerie des 4 Mouvements<\/p><p class=\"coeli-production-date\">1973<\/p><\/a><\/li>\n\t\t\t\t            <\/ul>\n\t\t\t\t\t\t                <!-- If we need navigation buttons -->\n                <div class=\"swiper-coeli-button-prev swiper-button-prev coeli-swiper-prev-8290\"><\/div>\n                <div class=\"swiper-coeli-button-next swiper-button-next coeli-swiper-next-8290\"><\/div>\n\t\t\t        <\/div>\n\n        <script>\n            var slider_args_8290= {\n                \/\/ Optional parameters\n                direction: 'horizontal',\n                breakpoints: {\n                    640: {\n                        slidesPerView: 1,\n                        spaceBetween: 0,\n                    },\n                    768: {\n                        slidesPerView: 1,\n                        spaceBetween: 0,\n                    },\n                    1024: {\n                        slidesPerView: 3,\n                        spaceBetween: 0,\n                    },\n                },\n\t\t\t\t                autoplay: {\n                    delay: 30000000,\n                    disableOnInteraction: false,\n                },\n\t\t\t\t\t\t\t\t\t\t\t\t                speed: 300,\n\t\t\t\t                loop: false,\n                \/\/ If we need pagination\n                pagination: {\n                    el: '.swiper-pagination-8290',\n                },\n                \/\/ Navigation arrows\n                navigation: {\n                    nextEl: '.coeli-swiper-next-8290',\n                    prevEl: '.coeli-swiper-prev-8290',\n                }\n            }\n        <\/script>\n\t<\/div>\n<\/div>\n\n\n    <div  class=\"wp-block-columns swiper-column   destacat bloc-destacats \" style=\"background-image: linear-gradient(to right, white, white)\">\n        <div class=\"wp-block-column\">\n            <div id=\"swiper-69ff3be5dc5de\" class=\"swiper destacats dues\" >\n                <div class=\"swiper-wrapper\">\n\n                                            <div class=\"swiper-slide intro\">\n                            <h2>\u00c0 d\u00e9couvrir aussi<\/h2>\n                            <div class=\"descripcio\"><p>Continuez \u00e0 explorer les fonds documentaires de la Fondation Gala-Salvador Dal\u00ed<\/p>\n<\/div>\n                                                    <\/div>\n                    \n\n                    \n                        \n                        <div class=\"swiper-slide\">\n                                                            <div class=\"banner\" style=\"background-image: url(https:\/\/webdali.latempesta.eu\/wp-content\/uploads\/2025\/03\/Proovisional_Capcalera-fons-documental-755x1024.jpg)\">\n                                                                            <ul class=\"context\">\n                                            <li class=\"context__item\" aria-label=\"hidden\">                                            <\/li>\n                                        <\/ul>\n                                    \n                                    <h3 class=\"titol\">H\u00e9m\u00e9roth\u00e8que<\/h3>\n                                        \n                                    <div class=\"button fletxa\"><a href=\"https:\/\/webdali.latempesta.eu\/fr\/oeuvre\/ced\/hemerotheque\/\">En savoir plus<\/a><\/div>\n\n                                    \n                                <\/div>\n                                                    <\/div>\n\n                    \n                        \n                        <div class=\"swiper-slide\">\n                                                            <div class=\"banner\" style=\"background-image: url(https:\/\/webdali.latempesta.eu\/wp-content\/uploads\/2025\/03\/527___3_editora_50_3_1_10201020.jpg)\">\n                                                                            <ul class=\"context\">\n                                            <li class=\"context__item\" aria-label=\"hidden\">                                            <\/li>\n                                        <\/ul>\n                                    \n                                    <h3 class=\"titol\">Documents audiovisuels et sonores<\/h3>\n                                        \n                                    <div class=\"button fletxa\"><a href=\"https:\/\/webdali.latempesta.eu\/fr\/oeuvre\/ced\/fonds-documentaire\/documents-audiovisuels-et-sonores\/\">En savoir plus<\/a><\/div>\n\n                                    \n                                <\/div>\n                                                    <\/div>\n\n                    \n                        \n                        <div class=\"swiper-slide\">\n                                                            <div class=\"banner\" style=\"background-image: url(https:\/\/webdali.latempesta.eu\/wp-content\/uploads\/2025\/03\/6_editora_49_6_1_10201020.jpg)\">\n                                                                            <ul class=\"context\">\n                                            <li class=\"context__item\" aria-label=\"hidden\">                                            <\/li>\n                                        <\/ul>\n                                    \n                                    <h3 class=\"titol\">Photographies<\/h3>\n                                        \n                                    <div class=\"button fletxa\"><a href=\"https:\/\/webdali.latempesta.eu\/fr\/oeuvre\/ced\/fonds-documentaire\/photographies\/\">En savoir plus<\/a><\/div>\n\n                                    \n                                <\/div>\n                                                    <\/div>\n\n                    \n                        \n                        <div class=\"swiper-slide\">\n                                                            <div class=\"banner\" style=\"background-image: url(https:\/\/webdali.latempesta.eu\/wp-content\/uploads\/2025\/03\/5_manifiesto_editora_48_5_1_10201020.jpg)\">\n                                                                            <ul class=\"context\">\n                                            <li class=\"context__item\" aria-label=\"hidden\">                                            <\/li>\n                                        <\/ul>\n                                    \n                                    <h3 class=\"titol\">Documents \u00e9ph\u00e9m\u00e8res<\/h3>\n                                        \n                                    <div class=\"button fletxa\"><a href=\"https:\/\/webdali.latempesta.eu\/fr\/oeuvre\/ced\/fonds-documentaire\/documents-ephemeres\/\">En savoir plus<\/a><\/div>\n\n                                    \n                                <\/div>\n                                                    <\/div>\n\n                    \n                        \n                        <div class=\"swiper-slide\">\n                                                            <div class=\"banner\" style=\"background-image: url(https:\/\/webdali.latempesta.eu\/wp-content\/uploads\/2025\/03\/523___5_ghyka_editora_46_6_1_10201020.jpg)\">\n                                                                            <ul class=\"context\">\n                                            <li class=\"context__item\" aria-label=\"hidden\">                                            <\/li>\n                                        <\/ul>\n                                    \n                                    <h3 class=\"titol\">Correspondance<\/h3>\n                                        \n                                    <div class=\"button fletxa\"><a href=\"https:\/\/webdali.latempesta.eu\/fr\/oeuvre\/ced\/fonds-documentaire\/correspondance\/\">En savoir plus<\/a><\/div>\n\n                                    \n                                <\/div>\n                                                    <\/div>\n\n                    \n                        \n                        <div class=\"swiper-slide\">\n                                                            <div class=\"banner\" style=\"background-image: url(https:\/\/webdali.latempesta.eu\/wp-content\/uploads\/2025\/03\/4_disney_editora_45_4_1_10201020.jpg)\">\n                                                                            <ul class=\"context\">\n                                            <li class=\"context__item\" aria-label=\"hidden\">                                            <\/li>\n                                        <\/ul>\n                                    \n                                    <h3 class=\"titol\">Manuscrits<\/h3>\n                                        \n                                    <div class=\"button fletxa\"><a href=\"https:\/\/webdali.latempesta.eu\/fr\/oeuvre\/ced\/fonds-documentaire\/manuscrits\/\">En savoir plus<\/a><\/div>\n\n                                    \n                                <\/div>\n                                                    <\/div>\n\n                                    <\/div>\n                <!-- Swiper navigation buttons -->\n                <div class=\"swiper-button-prev\">\n                    <span class=\"screen-reader-text\">Diapositive pr\u00e9c\u00e9dente<\/span>\n                <\/div>\n                <div class=\"swiper-button-next\">\n                    <span class=\"screen-reader-text\">Diapositiva seg\u00fcent<\/span>\n                <\/div>\n            <\/div>\n        <\/div>\n    <\/div>\n\n\n\n<!-- Swiper JS -->\n<script src=\"https:\/\/cdn.jsdelivr.net\/npm\/swiper@11\/swiper-bundle.min.js\"><\/script>\n\n<!-- Initialize Swiper -->\n<script>\n\njQuery( document ).ready(function() {      \n\n    Tipus = 'destacat';\n\n    updateSpaceBetween();\n    spaceBetweenInicial = 60;\n    \n    if (Tipus=='intro-images' ) {\n    \/\/    spaceBetweenValueModul = 0;\n    }\n\n\n\n    console.log(\"spaceBetweenValueModul\",spaceBetweenValueModul);\n\n    var swiper = new Swiper(\"#swiper-69ff3be5dc5de\", {\n      slidesPerView: \"auto\",\n      spaceBetween: spaceBetweenInicial,\n      \tfreeMode: true,\n\t  \tbreakpoints: {\n\t        \/\/ Quan l'amplada de la pantalla sigui major a 1024px\n\t        1024: {\n\t            spaceBetween: spaceBetweenValue,\n\t        },\n\t    },\n        \/\/ Navigation arrows\n        navigation: {\n            nextEl: '.swiper-button-next',\n            prevEl: '.swiper-button-prev',\n        },\n        mousewheel: {\n            releaseOnEdges: true,\n            forceToAxis: true,\n            sensitivity:    1,\n        },\n        a11y: {\n            prevSlideMessage: 'Diapositive pr\u00e9c\u00e9dente',\n            nextSlideMessage: 'Diapositiva seg\u00fcent',\n        },\n    });\n\n\n \n\n\n    \/*\n    jQuery('.bloc-destacats').each(function() {\n        const nextDiv = jQuery(this).next('div');\n        if (nextDiv.hasClass('contingut-ampliat')) {\n            console.log('T\u00e9 .contingut-ampliat despr\u00e9s');\n            \/\/ Aqu\u00ed pots fer accions, per exemple:\n            \/\/ $nextDiv.addClass('marcat'); o $(this).append($nextDiv);\n        }\n    });\n    *\/\n})\n<\/script>\n\n","protected":false},"excerpt":{"rendered":"<p>Le CED g\u00e8re ce qui fut un jour la biblioth\u00e8que personnelle de Salvador Dal\u00ed et qui, \u00e0 la mort du peintre, a \u00e9t\u00e9 transf\u00e9r\u00e9e de la maison de Portlligat \u00e0 la Tour Galatea de Figueres. Celle-ci comptait un nombre important d\u2019\u00e9ditions originales de ses \u0153uvres ainsi que des publications r\u00e9alis\u00e9es avec d\u2019autres artistes et auteurs [&hellip;]<\/p>\n","protected":false},"author":3,"featured_media":2167,"parent":10761,"menu_order":316,"comment_status":"closed","ping_status":"closed","template":"","meta":{"_acf_changed":false,"_coblocks_attr":"","_coblocks_dimensions":"","_coblocks_responsive_height":"","_coblocks_accordion_ie_support":"","footnotes":""},"categories":[],"tags":[],"class_list":["post-10781","page","type-page","status-publish","has-post-thumbnail","hentry"],"acf":[],"_links":{"self":[{"href":"https:\/\/webdali.latempesta.eu\/fr\/wp-json\/wp\/v2\/pages\/10781","targetHints":{"allow":["GET"]}}],"collection":[{"href":"https:\/\/webdali.latempesta.eu\/fr\/wp-json\/wp\/v2\/pages"}],"about":[{"href":"https:\/\/webdali.latempesta.eu\/fr\/wp-json\/wp\/v2\/types\/page"}],"author":[{"embeddable":true,"href":"https:\/\/webdali.latempesta.eu\/fr\/wp-json\/wp\/v2\/users\/3"}],"replies":[{"embeddable":true,"href":"https:\/\/webdali.latempesta.eu\/fr\/wp-json\/wp\/v2\/comments?post=10781"}],"version-history":[{"count":0,"href":"https:\/\/webdali.latempesta.eu\/fr\/wp-json\/wp\/v2\/pages\/10781\/revisions"}],"up":[{"embeddable":true,"href":"https:\/\/webdali.latempesta.eu\/fr\/wp-json\/wp\/v2\/pages\/10761"}],"wp:featuredmedia":[{"embeddable":true,"href":"https:\/\/webdali.latempesta.eu\/fr\/wp-json\/wp\/v2\/media\/2167"}],"wp:attachment":[{"href":"https:\/\/webdali.latempesta.eu\/fr\/wp-json\/wp\/v2\/media?parent=10781"}],"wp:term":[{"taxonomy":"category","embeddable":true,"href":"https:\/\/webdali.latempesta.eu\/fr\/wp-json\/wp\/v2\/categories?post=10781"},{"taxonomy":"post_tag","embeddable":true,"href":"https:\/\/webdali.latempesta.eu\/fr\/wp-json\/wp\/v2\/tags?post=10781"}],"curies":[{"name":"wp","href":"https:\/\/api.w.org\/{rel}","templated":true}]}}