{"id":12900,"date":"2025-07-16T09:55:22","date_gmt":"2025-07-16T07:55:22","guid":{"rendered":"https:\/\/webdali.latempesta.eu\/?page_id=12900"},"modified":"2025-07-16T15:22:36","modified_gmt":"2025-07-16T13:22:36","slug":"travailler-a-la-fondation-gala-salvador-dali","status":"publish","type":"page","link":"https:\/\/webdali.latempesta.eu\/fr\/fondation-dali\/offre-de-travail-et-de-stages-formatifs\/travailler-a-la-fondation-gala-salvador-dali\/","title":{"rendered":"Travailler \u00e0 la Fondation Gala &#8211; Salvador Dal\u00ed"},"content":{"rendered":"\n<div style=\"height:135px\" aria-hidden=\"true\" class=\"wp-block-spacer\"><\/div>\n\n\n\n<div class=\"wp-block-columns col-text col-2 is-layout-flex wp-container-core-columns-is-layout-9d6595d7 wp-block-columns-is-layout-flex\">\n<div class=\"wp-block-column is-layout-flow wp-block-column-is-layout-flow\">\n<h2 class=\"wp-block-heading\">Pourquoi rejoindre l\u2019\u00e9quipe de la Fondation\u202f?<\/h2>\n<\/div>\n\n\n\n<div class=\"wp-block-column is-layout-flow wp-block-column-is-layout-flow\">\n<p>Travailler dans une institution \u00e0 rayonnement international, profond\u00e9ment enracin\u00e9e dans son territoire<br>Int\u00e9grer une \u00e9quipe pluridisciplinaire, engag\u00e9e et dynamique<br>\u00c9voluer dans un cadre de travail unique, entour\u00e9 d\u2019art et de cr\u00e9ativit\u00e9<br>B\u00e9n\u00e9ficier de r\u00e9elles opportunit\u00e9s de croissance et de d\u00e9veloppement professionnel<br>Faire partie d\u2019une organisation qui d\u00e9fend l\u2019\u00e9galit\u00e9 des chances, la diversit\u00e9 et le respect comme valeurs fondamentales<\/p>\n<\/div>\n<\/div>\n\n\n\n<div class=\"wp-block-columns col-text col-2 is-layout-flex wp-container-core-columns-is-layout-9d6595d7 wp-block-columns-is-layout-flex\">\n<div class=\"wp-block-column is-layout-flow wp-block-column-is-layout-flow\">\n<h2 class=\"wp-block-heading\"><a>Offres d\u2019emploi : Vous voulez faire partie de notre \u00e9quipe ?<\/a><\/h2>\n<\/div>\n\n\n\n<div class=\"wp-block-column is-layout-flow wp-block-column-is-layout-flow\">\n<p>Si vous \u00eates passionn\u00e9\u00b7e par l\u2019art et souhaitez contribuer \u00e0 une institution qui en fait le c\u0153ur de son action, nous aimerions vous conna\u00eetre.<br>Pour collaborer avec nous ou participer \u00e0 de futurs processus de recrutement, remplissez le formulaire et joignez votre CV mis \u00e0 jour.<\/p>\n<\/div>\n<\/div>\n\n\n\n<div style=\"height:20px\" aria-hidden=\"true\" class=\"wp-block-spacer\"><\/div>\n\n\n\n<div class=\"wp-block-columns global-column contingut-ampliat is-layout-flex wp-container-core-columns-is-layout-9d6595d7 wp-block-columns-is-layout-flex\">\n<div class=\"wp-block-column is-layout-flow wp-block-column-is-layout-flow\" style=\"flex-basis:100%\">\n<div class=\"wp-block-buttons is-layout-flex wp-block-buttons-is-layout-flex\">\n    <div class=\"wp-block-button contingut-ampliat-boto\" data-class=\"contingut-ampliat integrat\">\n        <a class=\"wp-block-button__link wp-element-button\" tabindex=\"0\" >Formulaire<\/a>\n    <\/div>\n<\/div>\n\n\n\n\n\n\n\n\n\n\n\n<div class=\"wp-block-columns contingut-ampliat-content is-layout-flex wp-container-core-columns-is-layout-9d6595d7 wp-block-columns-is-layout-flex\">\n<div class=\"wp-block-column is-layout-flow wp-block-column-is-layout-flow\"><\/div>\n<\/div>\n<\/div>\n<\/div>\n\n\n\n<div style=\"height:20px\" aria-hidden=\"true\" class=\"wp-block-spacer\"><\/div>\n\n\n    <div  class=\"wp-block-columns swiper-column   destacat bloc-destacats \" style=\"background-image: linear-gradient(to right, white, white)\">\n        <div class=\"wp-block-column\">\n            <div id=\"swiper-69ff3be5bf617\" class=\"swiper destacats dues\" >\n                <div class=\"swiper-wrapper\">\n\n                                            <div class=\"swiper-slide intro\">\n                            <h2>La Fondation Gala-Salvador Dal\u00ed vue de l&rsquo;int\u00e9rieur<\/h2>\n                            <div class=\"descripcio\"><p>D\u00e9couvrez l&rsquo;univers de la Fondation Gala-Salvador Dal\u00ed: qui nous sommes, notre mission et comment nous \u0153uvrons \u00e0 pr\u00e9server et diffuser l&rsquo;h\u00e9ritage de l&rsquo;un des g\u00e9nies les plus universels de l&rsquo;art. Plongez au c\u0153ur de notre histoire, des valeurs qui nous animent, de notre structure et de notre engagement en faveur de la culture, du d\u00e9veloppement durable, de la diversit\u00e9 et de l&rsquo;inclusion.<\/p>\n<\/div>\n                                                    <\/div>\n                    \n\n                    \n                        \n                        <div class=\"swiper-slide\">\n                                                            <div class=\"banner\" style=\"background-image: url(https:\/\/webdali.latempesta.eu\/wp-content\/uploads\/2025\/07\/0371-large.jpg)\">\n                                                                            <ul class=\"context\">\n                                            <li class=\"context__item\" aria-label=\"hidden\">                                            <\/li>\n                                        <\/ul>\n                                    \n                                    <h3 class=\"titol\">Qui sommes-nous ?<\/h3>\n                                        \n                                    <div class=\"button fletxa\"><a href=\"https:\/\/webdali.latempesta.eu\/fr\/fondation-dali\/a-propos-de-la-fondation\/qui-sommes-nous\/\">En savoir plus<\/a><\/div>\n\n                                    \n                                <\/div>\n                                                    <\/div>\n\n                    \n                        \n                        <div class=\"swiper-slide\">\n                                                            <div class=\"banner\" style=\"background-image: url(https:\/\/webdali.latempesta.eu\/wp-content\/uploads\/2025\/07\/0338-large-798x1024.jpg)\">\n                                                                            <ul class=\"context\">\n                                            <li class=\"context__item\" aria-label=\"hidden\">                                            <\/li>\n                                        <\/ul>\n                                    \n                                    <h3 class=\"titol\">Gouvernance et \u00e9quipe de direction<\/h3>\n                                        \n                                    <div class=\"button fletxa\"><a href=\"https:\/\/webdali.latempesta.eu\/fr\/fondation-dali\/a-propos-de-la-fondation\/gouvernance-et-equipe-de-direction\/\">En savoir plus<\/a><\/div>\n\n                                    \n                                <\/div>\n                                                    <\/div>\n\n                    \n                        \n                        <div class=\"swiper-slide\">\n                                                            <div class=\"banner\" style=\"background-image: url(https:\/\/webdali.latempesta.eu\/wp-content\/uploads\/2025\/07\/0957-large-719x1024.jpg)\">\n                                                                            <ul class=\"context\">\n                                            <li class=\"context__item\" aria-label=\"hidden\">                                            <\/li>\n                                        <\/ul>\n                                    \n                                    <h3 class=\"titol\">Notre si\u00e8ge<\/h3>\n                                        \n                                    <div class=\"button fletxa\"><a href=\"https:\/\/webdali.latempesta.eu\/fr\/fondation-dali\/a-propos-de-la-fondation\/notre-siege\/\">En savoir plus<\/a><\/div>\n\n                                    \n                                <\/div>\n                                                    <\/div>\n\n                    \n                        \n                        <div class=\"swiper-slide\">\n                                                            <div class=\"banner\" style=\"background-image: url(https:\/\/webdali.latempesta.eu\/wp-content\/uploads\/2025\/07\/1101-large.jpg)\">\n                                                                            <ul class=\"context\">\n                                            <li class=\"context__item\" aria-label=\"hidden\">                                            <\/li>\n                                        <\/ul>\n                                    \n                                    <h3 class=\"titol\">Engagement envers les personnes, le territoire et la plan\u00e8te<\/h3>\n                                        \n                                    <div class=\"button fletxa\"><a href=\"https:\/\/webdali.latempesta.eu\/fr\/fondation-dali\/a-propos-de-la-fondation\/engagement-envers-les-personnes-le-territoire-et-la-planete\/\">En savoir plus<\/a><\/div>\n\n                                    \n                                <\/div>\n                                                    <\/div>\n\n                    \n                        \n                        <div class=\"swiper-slide\">\n                                                            <div class=\"banner\" style=\"background-image: url(https:\/\/webdali.latempesta.eu\/wp-content\/uploads\/2025\/07\/i0067-large-637x1024.jpg)\">\n                                                                            <ul class=\"context\">\n                                            <li class=\"context__item\" aria-label=\"hidden\">                                            <\/li>\n                                        <\/ul>\n                                    \n                                    <h3 class=\"titol\">Stages de formation<\/h3>\n                                        \n                                    <div class=\"button fletxa\"><a href=\"https:\/\/webdali.latempesta.eu\/fr\/fondation-dali\/offre-de-travail-et-de-stages-formatifs\/stages-de-formation\/\">En savoir plus<\/a><\/div>\n\n                                    \n                                <\/div>\n                                                    <\/div>\n\n                    \n                        \n                        <div class=\"swiper-slide\">\n                                                            <div class=\"banner\" style=\"background-image: url(https:\/\/webdali.latempesta.eu\/wp-content\/uploads\/2025\/07\/0974-large-695x1024.jpg)\">\n                                                                            <ul class=\"context\">\n                                            <li class=\"context__item\" aria-label=\"hidden\">                                            <\/li>\n                                        <\/ul>\n                                    \n                                    <h3 class=\"titol\">Amis des Mus\u00e9es Dal\u00ed<\/h3>\n                                        \n                                    <div class=\"button fletxa\"><a href=\"https:\/\/webdali.latempesta.eu\/fr\/fondation-dali\/a-propos-de-la-fondation\/amis-des-musees-dali\/\">En savoir plus<\/a><\/div>\n\n                                    \n                                <\/div>\n                                                    <\/div>\n\n                    \n                        \n                        <div class=\"swiper-slide\">\n                                                            <div class=\"banner\" style=\"background-image: url(https:\/\/webdali.latempesta.eu\/wp-content\/uploads\/2025\/07\/i0414-large-1024x568.jpg)\">\n                                                                            <ul class=\"context\">\n                                            <li class=\"context__item\" aria-label=\"hidden\">                                            <\/li>\n                                        <\/ul>\n                                    \n                                    <h3 class=\"titol\">Prix et distinctions<\/h3>\n                                        \n                                    <div class=\"button fletxa\"><a href=\"https:\/\/webdali.latempesta.eu\/fr\/fondation-dali\/a-propos-de-la-fondation\/prix-et-distinctions\/\">En savoir plus<\/a><\/div>\n\n                                    \n                                <\/div>\n                                                    <\/div>\n\n                    \n                        \n                        <div class=\"swiper-slide\">\n                                                            <div class=\"banner\" style=\"background-image: url(https:\/\/webdali.latempesta.eu\/wp-content\/uploads\/2025\/07\/0929-large-788x1024.jpg)\">\n                                                                            <ul class=\"context\">\n                                            <li class=\"context__item\" aria-label=\"hidden\">                                            <\/li>\n                                        <\/ul>\n                                    \n                                    <h3 class=\"titol\">Collaborations et partenariats<\/h3>\n                                        \n                                    <div class=\"button fletxa\"><a href=\"https:\/\/webdali.latempesta.eu\/fr\/fondation-dali\/a-propos-de-la-fondation\/collaborations-et-partenariats\/\">En savoir plus<\/a><\/div>\n\n                                    \n                                <\/div>\n                                                    <\/div>\n\n                                    <\/div>\n                <!-- Swiper navigation buttons -->\n                <div class=\"swiper-button-prev\">\n                    <span class=\"screen-reader-text\">Diapositive pr\u00e9c\u00e9dente<\/span>\n                <\/div>\n                <div class=\"swiper-button-next\">\n                    <span class=\"screen-reader-text\">Diapositiva seg\u00fcent<\/span>\n                <\/div>\n            <\/div>\n        <\/div>\n    <\/div>\n\n\n\n<!-- Swiper JS -->\n<script src=\"https:\/\/cdn.jsdelivr.net\/npm\/swiper@11\/swiper-bundle.min.js\"><\/script>\n\n<!-- Initialize Swiper -->\n<script>\n\njQuery( document ).ready(function() {      \n\n    Tipus = 'destacat';\n\n    updateSpaceBetween();\n    spaceBetweenInicial = 60;\n    \n    if (Tipus=='intro-images' ) {\n    \/\/    spaceBetweenValueModul = 0;\n    }\n\n\n\n    console.log(\"spaceBetweenValueModul\",spaceBetweenValueModul);\n\n    var swiper = new Swiper(\"#swiper-69ff3be5bf617\", {\n      slidesPerView: \"auto\",\n      spaceBetween: spaceBetweenInicial,\n      \tfreeMode: true,\n\t  \tbreakpoints: {\n\t        \/\/ Quan l'amplada de la pantalla sigui major a 1024px\n\t        1024: {\n\t            spaceBetween: spaceBetweenValue,\n\t        },\n\t    },\n        \/\/ Navigation arrows\n        navigation: {\n            nextEl: '.swiper-button-next',\n            prevEl: '.swiper-button-prev',\n        },\n        mousewheel: {\n            releaseOnEdges: true,\n            forceToAxis: true,\n            sensitivity:    1,\n        },\n        a11y: {\n            prevSlideMessage: 'Diapositive pr\u00e9c\u00e9dente',\n            nextSlideMessage: 'Diapositiva seg\u00fcent',\n        },\n    });\n\n\n \n\n\n    \/*\n    jQuery('.bloc-destacats').each(function() {\n        const nextDiv = jQuery(this).next('div');\n        if (nextDiv.hasClass('contingut-ampliat')) {\n            console.log('T\u00e9 .contingut-ampliat despr\u00e9s');\n            \/\/ Aqu\u00ed pots fer accions, per exemple:\n            \/\/ $nextDiv.addClass('marcat'); o $(this).append($nextDiv);\n        }\n    });\n    *\/\n})\n<\/script>\n\n","protected":false},"excerpt":{"rendered":"<p>Pourquoi rejoindre l\u2019\u00e9quipe de la Fondation\u202f? Travailler dans une institution \u00e0 rayonnement international, profond\u00e9ment enracin\u00e9e dans son territoireInt\u00e9grer une \u00e9quipe pluridisciplinaire, engag\u00e9e et dynamique\u00c9voluer dans un cadre de travail unique, entour\u00e9 d\u2019art et de cr\u00e9ativit\u00e9B\u00e9n\u00e9ficier de r\u00e9elles opportunit\u00e9s de croissance et de d\u00e9veloppement professionnelFaire partie d\u2019une organisation qui d\u00e9fend l\u2019\u00e9galit\u00e9 des chances, la diversit\u00e9 et [&hellip;]<\/p>\n","protected":false},"author":8,"featured_media":12982,"parent":14553,"menu_order":0,"comment_status":"closed","ping_status":"closed","template":"","meta":{"_acf_changed":false,"_coblocks_attr":"","_coblocks_dimensions":"","_coblocks_responsive_height":"","_coblocks_accordion_ie_support":"","footnotes":""},"categories":[],"tags":[],"class_list":["post-12900","page","type-page","status-publish","has-post-thumbnail","hentry"],"acf":[],"_links":{"self":[{"href":"https:\/\/webdali.latempesta.eu\/fr\/wp-json\/wp\/v2\/pages\/12900","targetHints":{"allow":["GET"]}}],"collection":[{"href":"https:\/\/webdali.latempesta.eu\/fr\/wp-json\/wp\/v2\/pages"}],"about":[{"href":"https:\/\/webdali.latempesta.eu\/fr\/wp-json\/wp\/v2\/types\/page"}],"author":[{"embeddable":true,"href":"https:\/\/webdali.latempesta.eu\/fr\/wp-json\/wp\/v2\/users\/8"}],"replies":[{"embeddable":true,"href":"https:\/\/webdali.latempesta.eu\/fr\/wp-json\/wp\/v2\/comments?post=12900"}],"version-history":[{"count":6,"href":"https:\/\/webdali.latempesta.eu\/fr\/wp-json\/wp\/v2\/pages\/12900\/revisions"}],"predecessor-version":[{"id":13539,"href":"https:\/\/webdali.latempesta.eu\/fr\/wp-json\/wp\/v2\/pages\/12900\/revisions\/13539"}],"up":[{"embeddable":true,"href":"https:\/\/webdali.latempesta.eu\/fr\/wp-json\/wp\/v2\/pages\/14553"}],"wp:featuredmedia":[{"embeddable":true,"href":"https:\/\/webdali.latempesta.eu\/fr\/wp-json\/wp\/v2\/media\/12982"}],"wp:attachment":[{"href":"https:\/\/webdali.latempesta.eu\/fr\/wp-json\/wp\/v2\/media?parent=12900"}],"wp:term":[{"taxonomy":"category","embeddable":true,"href":"https:\/\/webdali.latempesta.eu\/fr\/wp-json\/wp\/v2\/categories?post=12900"},{"taxonomy":"post_tag","embeddable":true,"href":"https:\/\/webdali.latempesta.eu\/fr\/wp-json\/wp\/v2\/tags?post=12900"}],"curies":[{"name":"wp","href":"https:\/\/api.w.org\/{rel}","templated":true}]}}