{"id":14290,"date":"2025-12-10T08:55:00","date_gmt":"2025-12-10T07:55:00","guid":{"rendered":"https:\/\/webdali.latempesta.eu\/?page_id=14290"},"modified":"2025-12-10T11:13:11","modified_gmt":"2025-12-10T10:13:11","slug":"dali-fellowship-programme","status":"publish","type":"page","link":"https:\/\/webdali.latempesta.eu\/fr\/fondation-dali\/bourses\/dali-fellowship-programme\/","title":{"rendered":"Dal\u00ed Fellowship Programme"},"content":{"rendered":"\n<div class=\"wp-block-columns col-text col-2 is-layout-flex wp-container-core-columns-is-layout-9d6595d7 wp-block-columns-is-layout-flex\">\n<div class=\"wp-block-column is-layout-flow wp-block-column-is-layout-flow\">\n<h2 class=\"wp-block-heading\"><strong>Le programme<\/strong><\/h2>\n<\/div>\n\n\n\n<div class=\"wp-block-column is-layout-flow wp-block-column-is-layout-flow\">\n<p>La Fundaci\u00f3 Gala-Salvador Dal\u00ed (FGSD) a cr\u00e9\u00e9 le programme de bourses et de recherche \u201c<strong>Dal\u00ed Fellowship Programme\u201d<\/strong>, qui a pour objectifs, entre autres, de promouvoir la recherche sur l&rsquo;\u0153uvre et la pens\u00e9e de Salvador Dal\u00ed, de g\u00e9n\u00e9rer des partenariats avec des universit\u00e9s et des institutions reconnues, et de favoriser l&rsquo;\u00e9change de connaissances \u00e0 travers des chercheurs et des sp\u00e9cialistes de l&rsquo;artiste.<br>En 2026, la premi\u00e8re \u00e9dition de la bourse \u201c<strong>Dal\u00ed Fellowship Programme\u201d<\/strong> offre deux bourses individuelles \u00e0 des chercheurs et universitaires pour la r\u00e9alisation de projets de recherche dans les domaines suivants :<\/p>\n\n\n\n<ul class=\"wp-block-list\">\n<li>Dal\u00ed, l&rsquo;architecture et la sc\u00e9nographie.<\/li>\n\n\n\n<li>Dal\u00ed performatif.<\/li>\n\n\n\n<li>Dal\u00ed et la science.<\/li>\n\n\n\n<li>Dal\u00ed et la culture mat\u00e9rielle.<\/li>\n\n\n\n<li>Dal\u00ed et la mode.<\/li>\n\n\n\n<li>L&rsquo;influence de Dal\u00ed sur l&rsquo;art contemporain.<\/li>\n<\/ul>\n\n\n\n<p>Le programme offre aux laur\u00e9ats l&rsquo;opportunit\u00e9 de mener leurs recherches au si\u00e8ge de la FGSD \u00e0 Figueres, \u00e0 c\u00f4t\u00e9 du Th\u00e9\u00e2tre-Mus\u00e9e Dal\u00ed. Les b\u00e9n\u00e9ficiaires disposeront, entre autres avantages, d&rsquo;un acc\u00e8s privil\u00e9gi\u00e9 aux ressources et bases de donn\u00e9es documentaires, bibliographiques et num\u00e9riques de la FGSD, d&rsquo;un suivi tutori\u00e9 par un sp\u00e9cialiste de la FGSD dans leur domaine de recherche, d&rsquo;un espace de travail au si\u00e8ge de la FGSD, ainsi que de facilit\u00e9s d&rsquo;h\u00e9bergement.<\/p>\n\n\n\n<p><br>Nous attendons votre proposition de recherche, en \u00e9valuant la qualit\u00e9, l&rsquo;originalit\u00e9 et le caract\u00e8re innovant dans les domaines mentionn\u00e9s.cter innovador en els \u00e0mbits esmentats.<\/p>\n<\/div>\n<\/div>\n\n\n\n<div class=\"wp-block-columns col-text col-2 is-layout-flex wp-container-core-columns-is-layout-9d6595d7 wp-block-columns-is-layout-flex\">\n<div class=\"wp-block-column is-layout-flow wp-block-column-is-layout-flow\">\n<h2 class=\"wp-block-heading\"><strong>Bases de l&rsquo;appel \u00e0 candidatures<\/strong><\/h2>\n<\/div>\n\n\n\n<div class=\"wp-block-column is-layout-flow wp-block-column-is-layout-flow\">\n<p>Les bases de la bourse 2026 du \u201c<strong>Dal\u00ed Fellowship Programme\u201d<\/strong> sont d\u00e9sormais disponibles. Elles d\u00e9finissent les conditions g\u00e9n\u00e9rales, les crit\u00e8res de participation, la proc\u00e9dure de demande et les crit\u00e8res de s\u00e9lection.<\/p>\n\n\n\n<p>Vous pouvez t\u00e9l\u00e9charger le document complet au format PDF via le lien suivant :<\/p>\n\n\n\n<p><strong><a href=\"https:\/\/webdali.latempesta.eu\/wp-content\/uploads\/2025\/12\/FR_ProjetdAppel_2026.pdf\">T\u00e9l\u00e9charger les bases de l&rsquo;appel \u00e0 candidatures 2026 (PDF)<\/a><\/strong><\/p>\n<\/div>\n<\/div>\n\n\n\n<div class=\"wp-block-columns col-text col-2 is-layout-flex wp-container-core-columns-is-layout-9d6595d7 wp-block-columns-is-layout-flex\">\n<div class=\"wp-block-column is-layout-flow wp-block-column-is-layout-flow\">\n<h2 class=\"wp-block-heading\"><strong>Postuler pour la bourse<\/strong><\/h2>\n<\/div>\n\n\n\n<div class=\"wp-block-column is-layout-flow wp-block-column-is-layout-flow\">\n<p>Pour participer \u00e0 cet appel \u00e0 candidatures, veuillez remplir le formulaire suivant avec vos informations et les documents demand\u00e9s. Une fois le formulaire envoy\u00e9, vous recevrez un email de confirmation d&rsquo;inscription. Nous vous recommandons de consulter pr\u00e9alablement les bases et les exigences de participation avant de soumettre vos documents.<\/p>\n\n\n\n<div style=\"height:25px\" aria-hidden=\"true\" class=\"wp-block-spacer\"><\/div>\n<\/div>\n<\/div>\n\n\n\n<div class=\"wp-block-columns global-column contingut-ampliat is-layout-flex wp-container-core-columns-is-layout-9d6595d7 wp-block-columns-is-layout-flex\">\n<div class=\"wp-block-column is-layout-flow wp-block-column-is-layout-flow\" style=\"flex-basis:100%\">\n<div class=\"wp-block-buttons is-layout-flex wp-block-buttons-is-layout-flex\">\n    <div class=\"wp-block-button contingut-ampliat-boto\" data-class=\"contingut-ampliat integrat\">\n        <a class=\"wp-block-button__link wp-element-button\" tabindex=\"0\" >Formulaire de candidature :<\/a>\n    <\/div>\n<\/div>\n\n\n\n\n\n\n\n\n\n\n\n<div class=\"wp-block-columns contingut-ampliat-content is-layout-flex wp-container-core-columns-is-layout-9d6595d7 wp-block-columns-is-layout-flex\">\n<div class=\"wp-block-column is-layout-flow wp-block-column-is-layout-flow\"><\/div>\n<\/div>\n<\/div>\n<\/div>\n\n\n\n<div style=\"height:100px\" aria-hidden=\"true\" class=\"wp-block-spacer\"><\/div>\n","protected":false},"excerpt":{"rendered":"<p>Le programme La Fundaci\u00f3 Gala-Salvador Dal\u00ed (FGSD) a cr\u00e9\u00e9 le programme de bourses et de recherche \u201cDal\u00ed Fellowship Programme\u201d, qui a pour objectifs, entre autres, de promouvoir la recherche sur l&rsquo;\u0153uvre et la pens\u00e9e de Salvador Dal\u00ed, de g\u00e9n\u00e9rer des partenariats avec des universit\u00e9s et des institutions reconnues, et de favoriser l&rsquo;\u00e9change de connaissances \u00e0 [&hellip;]<\/p>\n","protected":false},"author":3,"featured_media":1385,"parent":14284,"menu_order":0,"comment_status":"closed","ping_status":"closed","template":"","meta":{"_acf_changed":false,"_coblocks_attr":"","_coblocks_dimensions":"","_coblocks_responsive_height":"","_coblocks_accordion_ie_support":"","footnotes":""},"categories":[],"tags":[],"class_list":["post-14290","page","type-page","status-publish","has-post-thumbnail","hentry"],"acf":[],"_links":{"self":[{"href":"https:\/\/webdali.latempesta.eu\/fr\/wp-json\/wp\/v2\/pages\/14290","targetHints":{"allow":["GET"]}}],"collection":[{"href":"https:\/\/webdali.latempesta.eu\/fr\/wp-json\/wp\/v2\/pages"}],"about":[{"href":"https:\/\/webdali.latempesta.eu\/fr\/wp-json\/wp\/v2\/types\/page"}],"author":[{"embeddable":true,"href":"https:\/\/webdali.latempesta.eu\/fr\/wp-json\/wp\/v2\/users\/3"}],"replies":[{"embeddable":true,"href":"https:\/\/webdali.latempesta.eu\/fr\/wp-json\/wp\/v2\/comments?post=14290"}],"version-history":[{"count":6,"href":"https:\/\/webdali.latempesta.eu\/fr\/wp-json\/wp\/v2\/pages\/14290\/revisions"}],"predecessor-version":[{"id":14576,"href":"https:\/\/webdali.latempesta.eu\/fr\/wp-json\/wp\/v2\/pages\/14290\/revisions\/14576"}],"up":[{"embeddable":true,"href":"https:\/\/webdali.latempesta.eu\/fr\/wp-json\/wp\/v2\/pages\/14284"}],"wp:featuredmedia":[{"embeddable":true,"href":"https:\/\/webdali.latempesta.eu\/fr\/wp-json\/wp\/v2\/media\/1385"}],"wp:attachment":[{"href":"https:\/\/webdali.latempesta.eu\/fr\/wp-json\/wp\/v2\/media?parent=14290"}],"wp:term":[{"taxonomy":"category","embeddable":true,"href":"https:\/\/webdali.latempesta.eu\/fr\/wp-json\/wp\/v2\/categories?post=14290"},{"taxonomy":"post_tag","embeddable":true,"href":"https:\/\/webdali.latempesta.eu\/fr\/wp-json\/wp\/v2\/tags?post=14290"}],"curies":[{"name":"wp","href":"https:\/\/api.w.org\/{rel}","templated":true}]}}