{"id":226,"date":"2024-12-18T18:25:29","date_gmt":"2024-12-18T17:25:29","guid":{"rendered":"https:\/\/webdali.latempesta.eu\/inici\/"},"modified":"2026-01-21T09:56:16","modified_gmt":"2026-01-21T08:56:16","slug":"inici","status":"publish","type":"page","link":"https:\/\/webdali.latempesta.eu\/fr\/","title":{"rendered":"Accueil"},"content":{"rendered":"\n\n<div  class=\"wp-block-columns swiper-column   bloc-home-seus \" style=\"background-image: linear-gradient(to right, white, white)\">\n    <div class=\"wp-block-column\">\n        <h2 class=\"visually-hidden\">Mus\u00e9es<\/h2>\n        \n        <div id=\"swiper-69ff206c5729c\" class=\"swiper home-seus dues\" >\n            <div class=\"swiper-wrapper\">\n\n                \n\n                        <div class=\"swiper-slide\">\n                                                        <div class=\"banner\" style=\"background-image: url(https:\/\/webdali.latempesta.eu\/wp-content\/uploads\/2024\/12\/FotoxPag20_21-1024x626.webp)\">\n\n                                <h3 class=\"titol\">Th\u00e9\u00e2tre-Mus\u00e9e Dal\u00ed <span class=\"geo\">Figueres<\/span><\/h3>\n\n                                <div class=\"context\">\n                                    <div class=\"context__item\">L&rsquo;objet surr\u00e9aliste le plus grand au monde<\/div>\n                                <\/div>\n                                <div class=\"button visita\"><a href=\"https:\/\/webdali.latempesta.eu\/fr\/visite\/theatre-musee-dali\/\">Visite<\/a><\/div>\n\n                                <div class=\"button segonboto entrades\"><a href=\"https:\/\/tickets.salvador-dali.org\/fr\">billets<\/a><\/div>\n                        \n                            <\/div>\n                        <\/div>\n\n                        \n\n                        <div class=\"swiper-slide\">\n                                                        <div class=\"banner\" style=\"background-image: url(https:\/\/webdali.latempesta.eu\/wp-content\/uploads\/2025\/05\/Port_Lligat-117-1024x683.jpg)\">\n\n                                <h3 class=\"titol\">Maison-Mus\u00e9e Salvador Dal\u00ed<span class=\"geo\">Portlligat<\/span><\/h3>\n\n                                <div class=\"context\">\n                                    <div class=\"context__item\">L&rsquo;atelier le plus immortel<\/div>\n                                <\/div>\n                                <div class=\"button visita\"><a href=\"https:\/\/webdali.latempesta.eu\/fr\/visite\/maison-salvador-dali\/\">Visite<\/a><\/div>\n\n                                <div class=\"button segonboto entrades\"><a href=\"https:\/\/tickets.salvador-dali.org\/fr\/990-casa-salvador-dali\">billets<\/a><\/div>\n                        \n                            <\/div>\n                        <\/div>\n\n                        \n\n                        <div class=\"swiper-slide\">\n                                                        <div class=\"banner\" style=\"background-image: url(https:\/\/webdali.latempesta.eu\/wp-content\/uploads\/2025\/05\/Pubol-30-1024x683.jpg)\">\n\n                                <h3 class=\"titol\">Ch\u00e2teau Gala Dal\u00ed<span class=\"geo\">P\u00fabol<\/span><\/h3>\n\n                                <div class=\"context\">\n                                    <div class=\"context__item\">Le refuge de la Femme visible<\/div>\n                                <\/div>\n                                <div class=\"button visita\"><a href=\"https:\/\/webdali.latempesta.eu\/fr\/visite\/chateau-gala-dali\/\">Visite<\/a><\/div>\n\n                                <div class=\"button segonboto entrades\"><a href=\"https:\/\/tickets.salvador-dali.org\/fr\/989-castell-gala-dali\">billets<\/a><\/div>\n                        \n                            <\/div>\n                        <\/div>\n\n                        \n            <\/div>\n\n        <\/div>\n    <\/div>\n<\/div>\n\n\n\n<!-- Swiper JS -->\n<script src=\"https:\/\/cdn.jsdelivr.net\/npm\/swiper@11\/swiper-bundle.min.js\"><\/script>\n\n<!-- Initialize Swiper -->\n<script>\n\njQuery( document ).ready(function() {      \n\n    updateSpaceBetween();\n    spaceBetweenInicial = 60;\n    \n\n    var swiper = new Swiper(\"#swiper-69ff206c5729c\", {\n        slidesPerView: \"3\",\n        spaceBetween: spaceBetweenInicial,\n      \tfreeMode: true,\n\t  \tbreakpoints: {\n\t        \/\/ Quan l'amplada de la pantalla sigui major a 1024px\n\t        1024: {\n\t            spaceBetween: spaceBetweenValue,\n\t        },\n\t    },\n\n        mousewheel: {\n            releaseOnEdges: true,\n            forceToAxis: true,\n            sensitivity:    1,\n        },\n    });\n\n})\n<\/script>\n\n\n\n\n<div class=\"wp-block-columns  desdtacats-home is-layout-flex wp-container-core-columns-is-layout-9d6595d7 wp-block-columns-is-layout-flex\">\n<div class=\"wp-block-column is-layout-flow wp-block-column-is-layout-flow\">\n<h2 class=\"wp-block-heading\">Pour commencer <\/h2>\n\n\n\n<p>Commence ton voyage \u00e0 l\u2019univers dalinien, o\u00f9 la r\u00e9alit\u00e9 se confond avec le r\u00eave et chaque d\u00e9tail cache une surprise.<\/p>\n<\/div>\n\n\n\n<div class=\"wp-block-column is-layout-flow wp-block-column-is-layout-flow\">    <ul class=\"opcions-destacades\">\n                    <li><a href=\"https:\/\/tickets.salvador-dali.org\/fr\/\">R\u00e9servez <strong>vos billets<\/strong> <br\/>au Th\u00e9\u00e2tre-Mus\u00e9e dal\u00ed<\/a><\/li>             \n                    <li><a href=\"https:\/\/webdali.latempesta.eu\/fr\/visite\/theatre-musee-dali\/\"><strong>Horaires de visite<\/strong> <br\/>au Th\u00e9\u00e2tre-Mus\u00e9e Dal\u00ed<\/a><\/li>             \n                    <li><a href=\"https:\/\/webdali.latempesta.eu\/fr\/visite\/questions-frequentes\/#comment-sy-rendre\"><strong>Comment se rendre<\/strong> aux mus\u00e9es?<\/a><\/li>             \n                    <li><a href=\"https:\/\/webdali.latempesta.eu\/fr\/visite\/questions-frequentes\/\"><strong>Questions fr\u00e9quentes<\/strong> <br\/>\u00e0 propos des Mus\u00e9es Dal\u00ed<\/a><\/li>             \n                    <li><a href=\"https:\/\/webdali.latempesta.eu\/fr\/education-et-activites\/\">Explorez les <strong>Activit\u00e9s <br\/>et le Service \u00c9ducatif<\/strong><\/a><\/li>             \n                    <li><a href=\"https:\/\/webdali.latempesta.eu\/fr\/oeuvre\/\">D\u00e9couvrez tout ce qui <br\/>entoure l&rsquo;<strong>\u0152uvre de Dal\u00ed<\/strong><\/a><\/li>             \n            <\/ul>\n\n\n\n\n<\/div>\n<\/div>\n\n\n    <div  class=\"wp-block-columns swiper-column   destacat bloc-destacats \" style=\"background-image: linear-gradient(to right, white, white)\">\n        <div class=\"wp-block-column\">\n            <div id=\"swiper-69ff206c5e758\" class=\"swiper destacats dues\" >\n                <div class=\"swiper-wrapper\">\n\n                                            <div class=\"swiper-slide intro\">\n                            <h2>Un mus\u00e9e ouvert \u00e0 tous<\/h2>\n                            <div class=\"descripcio\"><article class=\"text-token-text-primary w-full\" dir=\"auto\" data-testid=\"conversation-turn-32\" data-scroll-anchor=\"true\">\n<div class=\"text-base my-auto mx-auto py-5 [--thread-content-margin:--spacing(4)] @[37rem]:[--thread-content-margin:--spacing(6)] @[72rem]:[--thread-content-margin:--spacing(16)] px-(--thread-content-margin)\">\n<div class=\"[--thread-content-max-width:32rem] @[34rem]:[--thread-content-max-width:40rem] @[64rem]:[--thread-content-max-width:48rem] mx-auto flex max-w-(--thread-content-max-width) flex-1 text-base gap-4 md:gap-5 lg:gap-6 group\/turn-messages focus-visible:outline-hidden\" tabindex=\"-1\">\n<div class=\"group\/conversation-turn relative flex w-full min-w-0 flex-col agent-turn\">\n<div class=\"relative flex-col gap-1 md:gap-3\">\n<div class=\"flex max-w-full flex-col grow\">\n<div class=\"min-h-8 text-message relative flex w-full flex-col items-end gap-2 text-start break-words whitespace-normal [.text-message+&amp;]:mt-5\" dir=\"auto\" data-message-author-role=\"assistant\" data-message-id=\"708a2ebf-32e9-41ee-a8be-7c12c970ad3d\" data-message-model-slug=\"gpt-4o\">\n<div class=\"flex w-full flex-col gap-1 empty:hidden first:pt-[3px]\">\n<div class=\"markdown prose dark:prose-invert w-full break-words light\">\n<p data-start=\"0\" data-end=\"129\" data-is-last-node=\"\" data-is-only-node=\"\">Un espace vivant o\u00f9 l\u2019art d\u00e9borde des murs et invite chacun \u00e0 regarder le monde avec de nouveaux yeux et une curiosit\u00e9 infinie.<\/p>\n<\/div>\n<\/div>\n<\/div>\n<\/div>\n<\/div>\n<\/div>\n<\/div>\n<\/div>\n<\/article>\n<\/div>\n                                                    <\/div>\n                    \n\n                    \n                        \n                        <div class=\"swiper-slide\">\n                                                            <div class=\"banner\" style=\"background-image: url(https:\/\/webdali.latempesta.eu\/wp-content\/uploads\/2025\/09\/Madona_Portada-777x1024.jpg)\">\n                                                                            <ul class=\"context\">\n                                            <li class=\"context__item\" aria-label=\"hidden\">Th\u00e9\u00e2tre-Mus\u00e9e Dal\u00ed                                            <\/li>\n                                        <\/ul>\n                                    \n                                    <h3 class=\"titol\">La Madone de Portlligat. Une explosion onirique<\/h3>\n                                        \n                                    <div class=\"button descobreix\"><a href=\"https:\/\/madona.salvador-dali.org\/fr\">Decouvrir<\/a><\/div>\n\n                                    \n                                <\/div>\n                                                    <\/div>\n\n                    \n                        \n                        <div class=\"swiper-slide\">\n                                                            <div class=\"banner\" style=\"background-image: url(https:\/\/webdali.latempesta.eu\/wp-content\/uploads\/2025\/02\/Triangle-Dalinia_exemple.jpg)\">\n                                                                            <ul class=\"context\">\n                                            <li class=\"context__item\" aria-label=\"hidden\">                                            <\/li>\n                                        <\/ul>\n                                    \n                                    <h3 class=\"titol\">Le Triangle Dalinien<\/h3>\n                                        \n                                    <div class=\"button fletxa\"><a href=\"https:\/\/webdali.latempesta.eu\/fr\/visite\/le-triangle-dalinien\/\">En savoir plus<\/a><\/div>\n\n                                    \n                                <\/div>\n                                                    <\/div>\n\n                    \n                        \n                        <div class=\"swiper-slide\">\n                                                            <div class=\"banner\" style=\"background-image: url(https:\/\/webdali.latempesta.eu\/wp-content\/uploads\/2025\/04\/Activitats-2-683x1024.jpg)\">\n                                                                            <ul class=\"context\">\n                                            <li class=\"context__item\" aria-label=\"hidden\">                                            <\/li>\n                                        <\/ul>\n                                    \n                                    <h3 class=\"titol\">Activit\u00e9s<\/h3>\n                                        \n                                    <div class=\"button fletxa\"><a href=\"https:\/\/webdali.latempesta.eu\/fr\/education-et-activites\/activites\/\">En savoir plus<\/a><\/div>\n\n                                    \n                                <\/div>\n                                                    <\/div>\n\n                    \n                        \n                        <div class=\"swiper-slide\">\n                                                            <div class=\"banner\" style=\"background-image: url(https:\/\/webdali.latempesta.eu\/wp-content\/uploads\/2025\/05\/Sense-titol-588x1024.jpg)\">\n                                                                            <ul class=\"context\">\n                                            <li class=\"context__item\" aria-label=\"hidden\">                                            <\/li>\n                                        <\/ul>\n                                    \n                                    <h3 class=\"titol\">Nouvelles<\/h3>\n                                        \n                                    <div class=\"button fletxa\"><a href=\"https:\/\/webdali.latempesta.eu\/fr\/fondation-dali\/nouvelles\/\">En savoir plus<\/a><\/div>\n\n                                    \n                                <\/div>\n                                                    <\/div>\n\n                    \n                        \n                        <div class=\"swiper-slide\">\n                                                            <div class=\"banner\" style=\"background-image: url(https:\/\/webdali.latempesta.eu\/wp-content\/uploads\/2025\/04\/default-3-619x1024.jpg)\">\n                                                                            <ul class=\"context\">\n                                            <li class=\"context__item\" aria-label=\"hidden\">                                            <\/li>\n                                        <\/ul>\n                                    \n                                    <h3 class=\"titol\">Accessibilit\u00e9<\/h3>\n                                        \n                                    <div class=\"button fletxa\"><a href=\"https:\/\/webdali.latempesta.eu\/fr\/visite\/accessibilite\/\">En savoir plus<\/a><\/div>\n\n                                    \n                                <\/div>\n                                                    <\/div>\n\n                    \n                        \n                        <div class=\"swiper-slide\">\n                                                            <div class=\"banner\" style=\"background-image: url(https:\/\/webdali.latempesta.eu\/wp-content\/uploads\/2025\/05\/venuscalaixosfigueres_retallada_166680149677_1024-723x1024.jpg)\">\n                                                                            <ul class=\"context\">\n                                            <li class=\"context__item\" aria-label=\"hidden\">                                            <\/li>\n                                        <\/ul>\n                                    \n                                    <h3 class=\"titol\">\u0152uvre sculpturale<\/h3>\n                                        \n                                    <div class=\"button fletxa\"><a href=\"https:\/\/webdali.latempesta.eu\/fr\/oeuvre\/ced\/oeuvre-sculpturale\/\">En savoir plus<\/a><\/div>\n\n                                    \n                                <\/div>\n                                                    <\/div>\n\n                                    <\/div>\n                <!-- Swiper navigation buttons -->\n                <div class=\"swiper-button-prev\">\n                    <span class=\"screen-reader-text\">Diapositive pr\u00e9c\u00e9dente<\/span>\n                <\/div>\n                <div class=\"swiper-button-next\">\n                    <span class=\"screen-reader-text\">Diapositiva seg\u00fcent<\/span>\n                <\/div>\n            <\/div>\n        <\/div>\n    <\/div>\n\n\n\n<!-- Swiper JS -->\n<script src=\"https:\/\/cdn.jsdelivr.net\/npm\/swiper@11\/swiper-bundle.min.js\"><\/script>\n\n<!-- Initialize Swiper -->\n<script>\n\njQuery( document ).ready(function() {      \n\n    Tipus = 'destacat';\n\n    updateSpaceBetween();\n    spaceBetweenInicial = 60;\n    \n    if (Tipus=='intro-images' ) {\n    \/\/    spaceBetweenValueModul = 0;\n    }\n\n\n\n    console.log(\"spaceBetweenValueModul\",spaceBetweenValueModul);\n\n    var swiper = new Swiper(\"#swiper-69ff206c5e758\", {\n      slidesPerView: \"auto\",\n      spaceBetween: spaceBetweenInicial,\n      \tfreeMode: true,\n\t  \tbreakpoints: {\n\t        \/\/ Quan l'amplada de la pantalla sigui major a 1024px\n\t        1024: {\n\t            spaceBetween: spaceBetweenValue,\n\t        },\n\t    },\n        \/\/ Navigation arrows\n        navigation: {\n            nextEl: '.swiper-button-next',\n            prevEl: '.swiper-button-prev',\n        },\n        mousewheel: {\n            releaseOnEdges: true,\n            forceToAxis: true,\n            sensitivity:    1,\n        },\n        a11y: {\n            prevSlideMessage: 'Diapositive pr\u00e9c\u00e9dente',\n            nextSlideMessage: 'Diapositiva seg\u00fcent',\n        },\n    });\n\n\n \n\n\n    \/*\n    jQuery('.bloc-destacats').each(function() {\n        const nextDiv = jQuery(this).next('div');\n        if (nextDiv.hasClass('contingut-ampliat')) {\n            console.log('T\u00e9 .contingut-ampliat despr\u00e9s');\n            \/\/ Aqu\u00ed pots fer accions, per exemple:\n            \/\/ $nextDiv.addClass('marcat'); o $(this).append($nextDiv);\n        }\n    });\n    *\/\n})\n<\/script>\n\n","protected":false},"excerpt":{"rendered":"<p>Pour commencer Commence ton voyage \u00e0 l\u2019univers dalinien, o\u00f9 la r\u00e9alit\u00e9 se confond avec le r\u00eave et chaque d\u00e9tail cache une surprise.<\/p>\n","protected":false},"author":1,"featured_media":157,"parent":0,"menu_order":381,"comment_status":"closed","ping_status":"closed","template":"","meta":{"_acf_changed":false,"_coblocks_attr":"","_coblocks_dimensions":"","_coblocks_responsive_height":"","_coblocks_accordion_ie_support":"","footnotes":""},"categories":[],"tags":[],"class_list":["post-226","page","type-page","status-publish","has-post-thumbnail","hentry"],"acf":[],"_links":{"self":[{"href":"https:\/\/webdali.latempesta.eu\/fr\/wp-json\/wp\/v2\/pages\/226","targetHints":{"allow":["GET"]}}],"collection":[{"href":"https:\/\/webdali.latempesta.eu\/fr\/wp-json\/wp\/v2\/pages"}],"about":[{"href":"https:\/\/webdali.latempesta.eu\/fr\/wp-json\/wp\/v2\/types\/page"}],"author":[{"embeddable":true,"href":"https:\/\/webdali.latempesta.eu\/fr\/wp-json\/wp\/v2\/users\/1"}],"replies":[{"embeddable":true,"href":"https:\/\/webdali.latempesta.eu\/fr\/wp-json\/wp\/v2\/comments?post=226"}],"version-history":[{"count":5,"href":"https:\/\/webdali.latempesta.eu\/fr\/wp-json\/wp\/v2\/pages\/226\/revisions"}],"predecessor-version":[{"id":14857,"href":"https:\/\/webdali.latempesta.eu\/fr\/wp-json\/wp\/v2\/pages\/226\/revisions\/14857"}],"wp:featuredmedia":[{"embeddable":true,"href":"https:\/\/webdali.latempesta.eu\/fr\/wp-json\/wp\/v2\/media\/157"}],"wp:attachment":[{"href":"https:\/\/webdali.latempesta.eu\/fr\/wp-json\/wp\/v2\/media?parent=226"}],"wp:term":[{"taxonomy":"category","embeddable":true,"href":"https:\/\/webdali.latempesta.eu\/fr\/wp-json\/wp\/v2\/categories?post=226"},{"taxonomy":"post_tag","embeddable":true,"href":"https:\/\/webdali.latempesta.eu\/fr\/wp-json\/wp\/v2\/tags?post=226"}],"curies":[{"name":"wp","href":"https:\/\/api.w.org\/{rel}","templated":true}]}}