{"id":7318,"date":"2025-05-27T09:20:06","date_gmt":"2025-05-27T07:20:06","guid":{"rendered":"https:\/\/webdali.latempesta.eu\/credits\/"},"modified":"2025-07-01T16:25:10","modified_gmt":"2025-07-01T14:25:10","slug":"credits","status":"publish","type":"page","link":"https:\/\/webdali.latempesta.eu\/fr\/credits\/","title":{"rendered":"Cr\u00e9dits"},"content":{"rendered":"\n<div class=\"wp-block-columns global-column is-layout-flex wp-container-core-columns-is-layout-9d6595d7 wp-block-columns-is-layout-flex\">\n<div class=\"wp-block-column is-layout-flow wp-block-column-is-layout-flow\">\n<p><strong>Toutes les images incluses sur ce site web sont la propri\u00e9t\u00e9 de la Fondation Gala-Salvador Dal\u00ed et sont prot\u00e9g\u00e9es par les lois internationales sur la propri\u00e9t\u00e9 intellectuelle et le droit d\u2019auteur :<\/strong><\/p>\n\n\n\n<p>La copie, la reproduction et la communication publique sont interdites.<\/p>\n\n\n\n<p>La vente ou la location sont interdites.<\/p>\n\n\n\n<p>La distribution, l\u2019extraction, la transmission et le stockage sous quelque forme ou support que ce soit sont interdits sans une autorisation \u00e9crite pr\u00e9alable de la Fondation Gala-Salvador Dal\u00ed.<\/p>\n\n\n\n<p>Si vous souhaitez des informations sur les droits de reproduction des \u0153uvres ou des photographies, veuillez nous contacter \u00e0 : <strong><a>gerencia@fundaciodali.org<\/a><\/strong>.<\/p>\n\n\n\n<p><strong>Pour les \u0153uvres de Salvador Dal\u00ed :<\/strong><\/p>\n\n\n\n<p>\u00a9 Salvador Dal\u00ed, Fondation Gala-Salvador Dal\u00ed, VEGAP, 2025.<br>Images r\u00e9alis\u00e9es par Mart\u00ed Gasull et Black &amp; White Ltd.<\/p>\n\n\n\n<p><strong>Pour les photographies de Salvador Dal\u00ed :<\/strong><\/p>\n\n\n\n<p>Droits \u00e0 l\u2019image de Salvador Dal\u00ed r\u00e9serv\u00e9s. \u00a9 Fondation Gala-Salvador Dal\u00ed, Figueres, 2025.<\/p>\n\n\n\n<p>\u00a9 Catal\u00e0 Roca, Miserachs, Melit\u00f3 Casals \u201cMeli\u201d, Batlles Compte, Oriol Maspons, Carl van Vechten, Philippe Halsman \u2013 Halsman Estate.<\/p>\n\n\n\n<p><strong>Pour les photographies de Gala :<\/strong><\/p>\n\n\n\n<p>\u00a9 Centelles, VEGAP, Girona 2025.<\/p>\n\n\n\n<p><strong>Pour les photographies des mus\u00e9es Dal\u00ed et des paysages :<\/strong><\/p>\n\n\n\n<p>Jordi Puig et Yvonne Heinert.<\/p>\n\n\n\n<p><strong>Programmation web et gestion de projet :<\/strong><\/p>\n\n\n\n<p><a href=\"https:\/\/latempesta.cc\/en\/\">La Tempesta : Digital for Culture<\/a><\/p>\n\n\n\n<p><strong>Design web :<\/strong><\/p>\n\n\n\n<p>Edditio<\/p>\n<\/div>\n<\/div>\n\n\n\n<div style=\"height:200px\" aria-hidden=\"true\" class=\"wp-block-spacer\"><\/div>\n","protected":false},"excerpt":{"rendered":"<p>Toutes les images incluses sur ce site web sont la propri\u00e9t\u00e9 de la Fondation Gala-Salvador Dal\u00ed et sont prot\u00e9g\u00e9es par les lois internationales sur la propri\u00e9t\u00e9 intellectuelle et le droit d\u2019auteur : La copie, la reproduction et la communication publique sont interdites. La vente ou la location sont interdites. La distribution, l\u2019extraction, la transmission et [&hellip;]<\/p>\n","protected":false},"author":1,"featured_media":0,"parent":0,"menu_order":0,"comment_status":"closed","ping_status":"closed","template":"","meta":{"_acf_changed":false,"_coblocks_attr":"","_coblocks_dimensions":"","_coblocks_responsive_height":"","_coblocks_accordion_ie_support":"","footnotes":""},"categories":[],"tags":[],"class_list":["post-7318","page","type-page","status-publish","hentry"],"acf":[],"_links":{"self":[{"href":"https:\/\/webdali.latempesta.eu\/fr\/wp-json\/wp\/v2\/pages\/7318","targetHints":{"allow":["GET"]}}],"collection":[{"href":"https:\/\/webdali.latempesta.eu\/fr\/wp-json\/wp\/v2\/pages"}],"about":[{"href":"https:\/\/webdali.latempesta.eu\/fr\/wp-json\/wp\/v2\/types\/page"}],"author":[{"embeddable":true,"href":"https:\/\/webdali.latempesta.eu\/fr\/wp-json\/wp\/v2\/users\/1"}],"replies":[{"embeddable":true,"href":"https:\/\/webdali.latempesta.eu\/fr\/wp-json\/wp\/v2\/comments?post=7318"}],"version-history":[{"count":0,"href":"https:\/\/webdali.latempesta.eu\/fr\/wp-json\/wp\/v2\/pages\/7318\/revisions"}],"wp:attachment":[{"href":"https:\/\/webdali.latempesta.eu\/fr\/wp-json\/wp\/v2\/media?parent=7318"}],"wp:term":[{"taxonomy":"category","embeddable":true,"href":"https:\/\/webdali.latempesta.eu\/fr\/wp-json\/wp\/v2\/categories?post=7318"},{"taxonomy":"post_tag","embeddable":true,"href":"https:\/\/webdali.latempesta.eu\/fr\/wp-json\/wp\/v2\/tags?post=7318"}],"curies":[{"name":"wp","href":"https:\/\/api.w.org\/{rel}","templated":true}]}}