{"id":7560,"date":"2025-03-17T10:28:53","date_gmt":"2025-03-17T08:28:53","guid":{"rendered":"https:\/\/webdali.latempesta.eu\/fundacio-dali\/serveis\/expertitzacio-d-obra\/"},"modified":"2025-07-02T16:11:43","modified_gmt":"2025-07-02T14:11:43","slug":"expertisation-doeuvre","status":"publish","type":"page","link":"https:\/\/webdali.latempesta.eu\/fr\/fondation-dali\/services\/expertisation-doeuvre\/","title":{"rendered":"Expertisation d\u2019\u0153uvre"},"content":{"rendered":"\n<div class=\"wp-block-columns global-column is-layout-flex wp-container-core-columns-is-layout-9d6595d7 wp-block-columns-is-layout-flex\">\n<div class=\"wp-block-column is-layout-flow wp-block-column-is-layout-flow\">\n<p>La Commission d&rsquo;Authentification et de Catalogage propose un service d&rsquo;expertise d&rsquo;\u0153uvres individuelles (huiles, aquarelles et dessins) afin d&rsquo;authentifier leur paternit\u00e9 par Salvador Dal\u00ed. En aucun cas, la Commission n&rsquo;\u00e9mettra de jugement de valeur ni ne proc\u00e9dera \u00e0 une expertise des \u0153uvres.<\/p>\n\n\n\n<p>Si ce service vous int\u00e9resse, veuillez remplir le formulaire ci-joint et nous vous contacterons pour organiser le transport de l&rsquo;\u0153uvre jusqu&rsquo;\u00e0 nos locaux. Veuillez noter que la Fondation Dal\u00ed n&rsquo;assure pas les \u0153uvres ne faisant pas partie de sa collection. Si vous devez transporter une \u0153uvre, veuillez envisager de l&rsquo;assurer pour son transfert et son s\u00e9jour \u00e0 la Fondation pendant au moins trois (3) mois. Si vous la transportez depuis l&rsquo;\u00e9tranger, veuillez vous renseigner sur les proc\u00e9dures douani\u00e8res. L&rsquo;\u0153uvre \u00e0 expertiser doit \u00eatre envoy\u00e9e \u00e0 la Fondation non encadr\u00e9e et correctement prot\u00e9g\u00e9e. En aucun cas, la Commission n&rsquo;\u00e9mettra de jugement de valeur ni ne proc\u00e9dera \u00e0 une expertise des \u0153uvres.<\/p>\n\n\n\n<p>Si vous souhaitez simplement nous informer de votre travail, nous vous serions reconnaissants de bien vouloir nous envoyer un courriel \u00e0 <a href=\"mailto:ced@fundaciodali.org\">ced@fundaciodali.org<\/a>.<\/p>\n\n\n\n<p>La Commission ne propose pas de services d&rsquo;expertise pour l&rsquo;\u00e9tude et l&rsquo;\u00e9valuation des \u0153uvres graphiques et tridimensionnelles, des manuscrits et des signatures. Nous regrettons de ne pouvoir actuellement proposer de service nous permettant de d\u00e9terminer l&rsquo;authenticit\u00e9 ou la l\u00e9gitimit\u00e9 de l&rsquo;\u0153uvre. Nous esp\u00e9rons pouvoir le faire prochainement. N&rsquo;h\u00e9sitez pas \u00e0 consulter r\u00e9guli\u00e8rement ce site web pour vous tenir inform\u00e9.<\/p>\n<\/div>\n<\/div>\n\n\n\n<div class=\"wp-block-columns global-column contingut-ampliat is-layout-flex wp-container-core-columns-is-layout-9d6595d7 wp-block-columns-is-layout-flex\">\n<div class=\"wp-block-column is-layout-flow wp-block-column-is-layout-flow\" style=\"flex-basis:100%\">\n<div class=\"wp-block-buttons is-layout-flex wp-block-buttons-is-layout-flex\">\n    <div class=\"wp-block-button contingut-ampliat-boto\" data-class=\"contingut-ampliat integrat\">\n        <a class=\"wp-block-button__link wp-element-button\" tabindex=\"0\" >Formulaire de demande<\/a>\n    <\/div>\n<\/div>\n\n\n\n\n\n\n\n\n\n\n\n<div class=\"wp-block-columns contingut-ampliat-content is-layout-flex wp-container-core-columns-is-layout-9d6595d7 wp-block-columns-is-layout-flex\">\n<div class=\"wp-block-column is-layout-flow wp-block-column-is-layout-flow\"><\/div>\n<\/div>\n<\/div>\n<\/div>\n\n\n    <div  class=\"wp-block-columns swiper-column   destacat bloc-destacats \" style=\"background-image: linear-gradient(to right, white, white)\">\n        <div class=\"wp-block-column\">\n            <div id=\"swiper-69ff3bcc211e8\" class=\"swiper destacats dues\" >\n                <div class=\"swiper-wrapper\">\n\n                                            <div class=\"swiper-slide intro\">\n                            <h2>Nos services sp\u00e9cialis\u00e9s<\/h2>\n                            <div class=\"descripcio\"><p>La Fondation Gala \u2013 Salvador Dal\u00ed met \u00e0 disposition des professionnels, des chercheurs et des institutions ses services sp\u00e9cialis\u00e9s : expertise des \u0153uvres, pour garantir l\u2019authenticit\u00e9 et l\u2019\u00e9tude rigoureuse des pi\u00e8ces ; gestion des droits et de l\u2019image, pour une utilisation ad\u00e9quate des images et des contenus de Dal\u00ed ; et salle de presse, avec des ressources et du mat\u00e9riel pour les m\u00e9dias.<\/p>\n<\/div>\n                                                    <\/div>\n                    \n\n                    \n                        \n                        <div class=\"swiper-slide\">\n                                                            <div class=\"banner\" style=\"background-image: url(https:\/\/webdali.latempesta.eu\/wp-content\/uploads\/2025\/06\/default-7-1.jpg)\">\n                                                                            <ul class=\"context\">\n                                            <li class=\"context__item\" aria-label=\"hidden\">                                            <\/li>\n                                        <\/ul>\n                                    \n                                    <h3 class=\"titol\">Droits et image<\/h3>\n                                        \n                                    <div class=\"button fletxa\"><a href=\"https:\/\/webdali.latempesta.eu\/fr\/fondation-dali\/services\/droits-et-image\/\">En savoir plus<\/a><\/div>\n\n                                    \n                                <\/div>\n                                                    <\/div>\n\n                    \n                        \n                        <div class=\"swiper-slide\">\n                                                            <div class=\"banner\" style=\"background-image: url(https:\/\/webdali.latempesta.eu\/wp-content\/uploads\/2025\/05\/Dematerialization-Near-the-Nose-of-Nero-612x1024.jpg)\">\n                                                                            <ul class=\"context\">\n                                            <li class=\"context__item\" aria-label=\"hidden\">                                            <\/li>\n                                        <\/ul>\n                                    \n                                    <h3 class=\"titol\">Salle de presse<\/h3>\n                                        \n                                    <div class=\"button fletxa\"><a href=\"https:\/\/webdali.latempesta.eu\/fr\/fondation-dali\/services\/salle-de-presse\/\">En savoir plus<\/a><\/div>\n\n                                    \n                                <\/div>\n                                                    <\/div>\n\n                                    <\/div>\n                <!-- Swiper navigation buttons -->\n                <div class=\"swiper-button-prev\">\n                    <span class=\"screen-reader-text\">Diapositive pr\u00e9c\u00e9dente<\/span>\n                <\/div>\n                <div class=\"swiper-button-next\">\n                    <span class=\"screen-reader-text\">Diapositiva seg\u00fcent<\/span>\n                <\/div>\n            <\/div>\n        <\/div>\n    <\/div>\n\n\n\n<!-- Swiper JS -->\n<script src=\"https:\/\/cdn.jsdelivr.net\/npm\/swiper@11\/swiper-bundle.min.js\"><\/script>\n\n<!-- Initialize Swiper -->\n<script>\n\njQuery( document ).ready(function() {      \n\n    Tipus = 'destacat';\n\n    updateSpaceBetween();\n    spaceBetweenInicial = 60;\n    \n    if (Tipus=='intro-images' ) {\n    \/\/    spaceBetweenValueModul = 0;\n    }\n\n\n\n    console.log(\"spaceBetweenValueModul\",spaceBetweenValueModul);\n\n    var swiper = new Swiper(\"#swiper-69ff3bcc211e8\", {\n      slidesPerView: \"auto\",\n      spaceBetween: spaceBetweenInicial,\n      \tfreeMode: true,\n\t  \tbreakpoints: {\n\t        \/\/ Quan l'amplada de la pantalla sigui major a 1024px\n\t        1024: {\n\t            spaceBetween: spaceBetweenValue,\n\t        },\n\t    },\n        \/\/ Navigation arrows\n        navigation: {\n            nextEl: '.swiper-button-next',\n            prevEl: '.swiper-button-prev',\n        },\n        mousewheel: {\n            releaseOnEdges: true,\n            forceToAxis: true,\n            sensitivity:    1,\n        },\n        a11y: {\n            prevSlideMessage: 'Diapositive pr\u00e9c\u00e9dente',\n            nextSlideMessage: 'Diapositiva seg\u00fcent',\n        },\n    });\n\n\n \n\n\n    \/*\n    jQuery('.bloc-destacats').each(function() {\n        const nextDiv = jQuery(this).next('div');\n        if (nextDiv.hasClass('contingut-ampliat')) {\n            console.log('T\u00e9 .contingut-ampliat despr\u00e9s');\n            \/\/ Aqu\u00ed pots fer accions, per exemple:\n            \/\/ $nextDiv.addClass('marcat'); o $(this).append($nextDiv);\n        }\n    });\n    *\/\n})\n<\/script>\n\n","protected":false},"excerpt":{"rendered":"<p>La Commission d&rsquo;Authentification et de Catalogage propose un service d&rsquo;expertise d&rsquo;\u0153uvres individuelles (huiles, aquarelles et dessins) afin d&rsquo;authentifier leur paternit\u00e9 par Salvador Dal\u00ed. En aucun cas, la Commission n&rsquo;\u00e9mettra de jugement de valeur ni ne proc\u00e9dera \u00e0 une expertise des \u0153uvres. Si ce service vous int\u00e9resse, veuillez remplir le formulaire ci-joint et nous vous contacterons [&hellip;]<\/p>\n","protected":false},"author":3,"featured_media":12045,"parent":7557,"menu_order":0,"comment_status":"closed","ping_status":"closed","template":"","meta":{"_acf_changed":false,"_coblocks_attr":"","_coblocks_dimensions":"","_coblocks_responsive_height":"","_coblocks_accordion_ie_support":"","footnotes":""},"categories":[],"tags":[],"class_list":["post-7560","page","type-page","status-publish","has-post-thumbnail","hentry"],"acf":[],"_links":{"self":[{"href":"https:\/\/webdali.latempesta.eu\/fr\/wp-json\/wp\/v2\/pages\/7560","targetHints":{"allow":["GET"]}}],"collection":[{"href":"https:\/\/webdali.latempesta.eu\/fr\/wp-json\/wp\/v2\/pages"}],"about":[{"href":"https:\/\/webdali.latempesta.eu\/fr\/wp-json\/wp\/v2\/types\/page"}],"author":[{"embeddable":true,"href":"https:\/\/webdali.latempesta.eu\/fr\/wp-json\/wp\/v2\/users\/3"}],"replies":[{"embeddable":true,"href":"https:\/\/webdali.latempesta.eu\/fr\/wp-json\/wp\/v2\/comments?post=7560"}],"version-history":[{"count":0,"href":"https:\/\/webdali.latempesta.eu\/fr\/wp-json\/wp\/v2\/pages\/7560\/revisions"}],"up":[{"embeddable":true,"href":"https:\/\/webdali.latempesta.eu\/fr\/wp-json\/wp\/v2\/pages\/7557"}],"wp:featuredmedia":[{"embeddable":true,"href":"https:\/\/webdali.latempesta.eu\/fr\/wp-json\/wp\/v2\/media\/12045"}],"wp:attachment":[{"href":"https:\/\/webdali.latempesta.eu\/fr\/wp-json\/wp\/v2\/media?parent=7560"}],"wp:term":[{"taxonomy":"category","embeddable":true,"href":"https:\/\/webdali.latempesta.eu\/fr\/wp-json\/wp\/v2\/categories?post=7560"},{"taxonomy":"post_tag","embeddable":true,"href":"https:\/\/webdali.latempesta.eu\/fr\/wp-json\/wp\/v2\/tags?post=7560"}],"curies":[{"name":"wp","href":"https:\/\/api.w.org\/{rel}","templated":true}]}}