{"id":7572,"date":"2025-04-23T15:33:27","date_gmt":"2025-04-23T13:33:27","guid":{"rendered":"https:\/\/webdali.latempesta.eu\/fundacio-dali\/serveis\/premsa\/"},"modified":"2025-07-04T13:25:21","modified_gmt":"2025-07-04T11:25:21","slug":"salle-de-presse","status":"publish","type":"page","link":"https:\/\/webdali.latempesta.eu\/fr\/fondation-dali\/services\/salle-de-presse\/","title":{"rendered":"Salle de presse"},"content":{"rendered":"\n<div class=\"wp-block-columns global-column is-layout-flex wp-container-core-columns-is-layout-9d6595d7 wp-block-columns-is-layout-flex\">\n<div class=\"wp-block-column is-layout-flow wp-block-column-is-layout-flow\">\n<p>\u00c0 des fins journalistiques, nous mettons \u00e0 disposition une s\u00e9lection d&rsquo;images des Mus\u00e9es Dal\u00ed, comprenant des \u0153uvres et des portraits de Dal\u00ed et\/ou Gala, avec autorisation d&rsquo;utilisation pendant les expositions. Elles sont t\u00e9l\u00e9chargeables gratuitement.<\/p>\n\n\n\n<p>Pour toute demande d&rsquo;interview, de tournage ou de reportage photo, veuillez contacter le service de presse \u00e0 l&rsquo;adresse <a href=\"mailto:comunicacio@fundaciodali.org\">comunicacio@fundaciodali.org<\/a> ou par t\u00e9l\u00e9phone au 972 677 516.<\/p>\n<\/div>\n<\/div>\n\n\n    <div  class=\"wp-block-columns swiper-column   destacat bloc-destacats \" style=\"background-image: linear-gradient(to right, white, white)\">\n        <div class=\"wp-block-column\">\n            <div id=\"swiper-69ff2e02a2a44\" class=\"swiper destacats dues\" >\n                <div class=\"swiper-wrapper\">\n\n                                            <div class=\"swiper-slide intro\">\n                            <h2>Dossiers de presse et actualit\u00e9s<\/h2>\n                            <div class=\"descripcio\"><p>Vous pouvez acc\u00e9der ici aux actualit\u00e9s g\u00e9n\u00e9r\u00e9es par la Fondation Dal\u00ed ou ses mus\u00e9es, aux communiqu\u00e9s de presse des expositions temporaires et aux communiqu\u00e9s de presse couvrant les activit\u00e9s des trois mus\u00e9es Dal\u00ed.<\/p>\n<p>&nbsp;<\/p>\n<\/div>\n                                                    <\/div>\n                    \n\n                    \n                        \n                        <div class=\"swiper-slide\">\n                                                            <div class=\"banner\" style=\"background-image: url(https:\/\/webdali.latempesta.eu\/wp-content\/uploads\/2025\/04\/Visitants-Museu-Dali-0325-111-1024x683.jpg)\">\n                                                                            <ul class=\"context\">\n                                            <li class=\"context__item\" aria-label=\"hidden\">                                            <\/li>\n                                        <\/ul>\n                                    \n                                    <h3 class=\"titol\">Dossiers de presse<\/h3>\n                                        \n                                    <div class=\"button fletxa\"><a href=\"https:\/\/webdali.latempesta.eu\/fr\/fondation-dali\/services\/salle-de-presse\/dossiers-de-presse\/\">En savoir plus<\/a><\/div>\n\n                                    \n                                <\/div>\n                                                    <\/div>\n\n                    \n                        \n                        <div class=\"swiper-slide\">\n                                                            <div class=\"banner\" style=\"background-image: url(https:\/\/webdali.latempesta.eu\/wp-content\/uploads\/2025\/05\/Sense-titol-588x1024.jpg)\">\n                                                                            <ul class=\"context\">\n                                            <li class=\"context__item\" aria-label=\"hidden\">                                            <\/li>\n                                        <\/ul>\n                                    \n                                    <h3 class=\"titol\">Nouvelles<\/h3>\n                                        \n                                    <div class=\"button fletxa\"><a href=\"https:\/\/webdali.latempesta.eu\/fr\/fondation-dali\/nouvelles\/\">En savoir plus<\/a><\/div>\n\n                                    \n                                <\/div>\n                                                    <\/div>\n\n                                    <\/div>\n                <!-- Swiper navigation buttons -->\n                <div class=\"swiper-button-prev\">\n                    <span class=\"screen-reader-text\">Diapositive pr\u00e9c\u00e9dente<\/span>\n                <\/div>\n                <div class=\"swiper-button-next\">\n                    <span class=\"screen-reader-text\">Diapositiva seg\u00fcent<\/span>\n                <\/div>\n            <\/div>\n        <\/div>\n    <\/div>\n\n\n\n<!-- Swiper JS -->\n<script src=\"https:\/\/cdn.jsdelivr.net\/npm\/swiper@11\/swiper-bundle.min.js\"><\/script>\n\n<!-- Initialize Swiper -->\n<script>\n\njQuery( document ).ready(function() {      \n\n    Tipus = 'destacat';\n\n    updateSpaceBetween();\n    spaceBetweenInicial = 60;\n    \n    if (Tipus=='intro-images' ) {\n    \/\/    spaceBetweenValueModul = 0;\n    }\n\n\n\n    console.log(\"spaceBetweenValueModul\",spaceBetweenValueModul);\n\n    var swiper = new Swiper(\"#swiper-69ff2e02a2a44\", {\n      slidesPerView: \"auto\",\n      spaceBetween: spaceBetweenInicial,\n      \tfreeMode: true,\n\t  \tbreakpoints: {\n\t        \/\/ Quan l'amplada de la pantalla sigui major a 1024px\n\t        1024: {\n\t            spaceBetween: spaceBetweenValue,\n\t        },\n\t    },\n        \/\/ Navigation arrows\n        navigation: {\n            nextEl: '.swiper-button-next',\n            prevEl: '.swiper-button-prev',\n        },\n        mousewheel: {\n            releaseOnEdges: true,\n            forceToAxis: true,\n            sensitivity:    1,\n        },\n        a11y: {\n            prevSlideMessage: 'Diapositive pr\u00e9c\u00e9dente',\n            nextSlideMessage: 'Diapositiva seg\u00fcent',\n        },\n    });\n\n\n \n\n\n    \/*\n    jQuery('.bloc-destacats').each(function() {\n        const nextDiv = jQuery(this).next('div');\n        if (nextDiv.hasClass('contingut-ampliat')) {\n            console.log('T\u00e9 .contingut-ampliat despr\u00e9s');\n            \/\/ Aqu\u00ed pots fer accions, per exemple:\n            \/\/ $nextDiv.addClass('marcat'); o $(this).append($nextDiv);\n        }\n    });\n    *\/\n})\n<\/script>\n\n\n\n\n<div class=\"wp-block-columns col-text col-2 is-layout-flex wp-container-core-columns-is-layout-9d6595d7 wp-block-columns-is-layout-flex\">\n<div class=\"wp-block-column is-layout-flow wp-block-column-is-layout-flow\">\n<h2 class=\"wp-block-heading\" id=\"couverturemediatique\"><strong>Couverture m\u00e9diatique<\/strong><\/h2>\n<\/div>\n\n\n\n<div class=\"wp-block-column is-layout-flow wp-block-column-is-layout-flow\">\n<p>Nous d\u00e9taillons les conditions g\u00e9n\u00e9rales des s\u00e9ances photo dans les Mus\u00e9es Dal\u00ed. Vous trouverez ci-dessous le formulaire \u00e0 remplir pour demander une date et une heure.<\/p>\n\n\n\n<p>Pour obtenir l&rsquo;autorisation de reproduire une \u0153uvre de Salvador Dal\u00ed, vous devez contacter VEGAP (t\u00e9l\u00e9phone&nbsp;: Barcelone 93&nbsp;301&nbsp;03&nbsp;31 et Madrid 91&nbsp;532&nbsp;66&nbsp;32) ou la soci\u00e9t\u00e9 de gestion des droits des artistes plasticiens du pays o\u00f9 les images seront diffus\u00e9es. Si vous r\u00e9sidez hors d&rsquo;Espagne, vous pouvez contacter la Conf\u00e9d\u00e9ration internationale des soci\u00e9t\u00e9s de femmes auteurs et compositrices (CISAC) pour savoir aupr\u00e8s de quelle soci\u00e9t\u00e9 de gestion des droits vous pouvez obtenir la licence.<\/p>\n\n\n\n<p>Nous demandons \u00e0 l&rsquo;\u00e9quipe de voyager avec le moins de personnes possible et de limiter le mat\u00e9riel.<\/p>\n\n\n\n<p>Il est n\u00e9cessaire de convenir de la date et de l&rsquo;heure de la s\u00e9ance photo avec la Fondation Dal\u00ed.<\/p>\n\n\n\n<p>R\u00e9gler les frais de s\u00e9ance photo, qui vous seront fournis, \u00e0 l&rsquo;avance.<\/p>\n\n\n\n<p>Respecter le planning convenu.<\/p>\n\n\n\n<p>Utilisez les images prises uniquement de la mani\u00e8re et aux fins pour lesquelles elles ont \u00e9t\u00e9 autoris\u00e9es.<\/p>\n\n\n\n<p>Les droits d&rsquo;auteur doivent \u00eatre clairement indiqu\u00e9s. Il est n\u00e9cessaire de certifier que les images ont \u00e9t\u00e9 prises avec l&rsquo;autorisation de la Fondation Gala-Salvador Dal\u00ed.<\/p>\n\n\n\n<p>Un lien ou un PDF du rapport final doit \u00eatre envoy\u00e9 \u00e0 la Fondation Dal\u00ed.<\/p>\n\n\n\n<p>Nous ne pouvons garantir que les rapports seront disponibles de juillet \u00e0 septembre.<\/p>\n\n\n\n<div style=\"height:25px\" aria-hidden=\"true\" class=\"wp-block-spacer\"><\/div>\n<\/div>\n<\/div>\n\n\n\n<div class=\"wp-block-columns global-column contingut-ampliat is-layout-flex wp-container-core-columns-is-layout-9d6595d7 wp-block-columns-is-layout-flex\">\n<div class=\"wp-block-column is-layout-flow wp-block-column-is-layout-flow\" style=\"flex-basis:100%\">\n<div class=\"wp-block-buttons is-layout-flex wp-block-buttons-is-layout-flex\">\n    <div class=\"wp-block-button contingut-ampliat-boto\" data-class=\"contingut-ampliat integrat\">\n        <a class=\"wp-block-button__link wp-element-button\" tabindex=\"0\" >Formulaire de demande<\/a>\n    <\/div>\n<\/div>\n\n\n\n\n\n\n\n\n\n\n\n<div class=\"wp-block-columns contingut-ampliat-content is-layout-flex wp-container-core-columns-is-layout-9d6595d7 wp-block-columns-is-layout-flex\">\n<div class=\"wp-block-column is-layout-flow wp-block-column-is-layout-flow\"><\/div>\n<\/div>\n<\/div>\n<\/div>\n\n\n\n<div class=\"wp-block-columns col-text col-2 is-layout-flex wp-container-core-columns-is-layout-9d6595d7 wp-block-columns-is-layout-flex\">\n<div class=\"wp-block-column is-layout-flow wp-block-column-is-layout-flow\">\n<h2 class=\"wp-block-heading\">Contact<\/h2>\n<\/div>\n\n\n\n<div class=\"wp-block-column is-layout-flow wp-block-column-is-layout-flow\">\n<p>Si vous souhaitez obtenir une carte de presse gratuite pour visiter les trois mus\u00e9es Dal\u00ed de Figueres, P\u00fabol et Portlligat, vous devez pr\u00e9senter votre carte de presse au guichet. Les journalistes peuvent visiter les mus\u00e9es gratuitement, sous r\u00e9serve d&rsquo;une compensation financi\u00e8re pour la diffusion des activit\u00e9s et des expositions. Pour obtenir un billet, vous devez le r\u00e9server \u00e0 l&rsquo;avance en envoyant un message et votre pi\u00e8ce d&rsquo;identit\u00e9 \u00e0 comunicacio@fundaciodali.org.<\/p>\n\n\n\n<p>Pour vous inscrire sur la liste des m\u00e9dias et recevoir nos communications, envoyez-nous un message \u00e0 <a href=\"mailto:comunicacio@fundaciodali.org\">comunicacio@fundaciodali.org<\/a>.<\/p>\n<\/div>\n<\/div>\n\n\n    <div  class=\"wp-block-columns swiper-column   destacat bloc-destacats \" style=\"background-image: linear-gradient(to right, white, white)\">\n        <div class=\"wp-block-column\">\n            <div id=\"swiper-69ff2e02a6206\" class=\"swiper destacats dues\" >\n                <div class=\"swiper-wrapper\">\n\n                                            <div class=\"swiper-slide intro\">\n                            <h2>Nos services sp\u00e9cialis\u00e9s<\/h2>\n                            <div class=\"descripcio\"><p>La Fondation Gala-Salvador Dal\u00ed offre ses services sp\u00e9cialis\u00e9s aux professionnels, chercheurs et institutions : expertise des \u0153uvres pour garantir l&rsquo;authenticit\u00e9 et \u00e9tude rigoureuse des v\u00eatements ; gestion des droits et de l&rsquo;image, pour une utilisation appropri\u00e9e des images et du contenu de Dal\u00ed ; et une salle de presse avec des ressources et du mat\u00e9riel pour les m\u00e9dias.<\/p>\n<\/div>\n                                                    <\/div>\n                    \n\n                    \n                        \n                        <div class=\"swiper-slide\">\n                                                            <div class=\"banner\" style=\"background-image: url(https:\/\/webdali.latempesta.eu\/wp-content\/uploads\/2025\/07\/0072-medium.jpg)\">\n                                                                            <ul class=\"context\">\n                                            <li class=\"context__item\" aria-label=\"hidden\">                                            <\/li>\n                                        <\/ul>\n                                    \n                                    <h3 class=\"titol\">Expertisation d\u2019\u0153uvre<\/h3>\n                                        \n                                    <div class=\"button fletxa\"><a href=\"https:\/\/webdali.latempesta.eu\/fr\/fondation-dali\/services\/expertisation-doeuvre\/\">En savoir plus<\/a><\/div>\n\n                                    \n                                <\/div>\n                                                    <\/div>\n\n                    \n                        \n                        <div class=\"swiper-slide\">\n                                                            <div class=\"banner\" style=\"background-image: url(https:\/\/webdali.latempesta.eu\/wp-content\/uploads\/2025\/06\/default-7-1.jpg)\">\n                                                                            <ul class=\"context\">\n                                            <li class=\"context__item\" aria-label=\"hidden\">                                            <\/li>\n                                        <\/ul>\n                                    \n                                    <h3 class=\"titol\">Droits et image<\/h3>\n                                        \n                                    <div class=\"button fletxa\"><a href=\"https:\/\/webdali.latempesta.eu\/fr\/fondation-dali\/services\/droits-et-image\/\">En savoir plus<\/a><\/div>\n\n                                    \n                                <\/div>\n                                                    <\/div>\n\n                                    <\/div>\n                <!-- Swiper navigation buttons -->\n                <div class=\"swiper-button-prev\">\n                    <span class=\"screen-reader-text\">Diapositive pr\u00e9c\u00e9dente<\/span>\n                <\/div>\n                <div class=\"swiper-button-next\">\n                    <span class=\"screen-reader-text\">Diapositiva seg\u00fcent<\/span>\n                <\/div>\n            <\/div>\n        <\/div>\n    <\/div>\n\n\n\n<!-- Swiper JS -->\n<script src=\"https:\/\/cdn.jsdelivr.net\/npm\/swiper@11\/swiper-bundle.min.js\"><\/script>\n\n<!-- Initialize Swiper -->\n<script>\n\njQuery( document ).ready(function() {      \n\n    Tipus = 'destacat';\n\n    updateSpaceBetween();\n    spaceBetweenInicial = 60;\n    \n    if (Tipus=='intro-images' ) {\n    \/\/    spaceBetweenValueModul = 0;\n    }\n\n\n\n    console.log(\"spaceBetweenValueModul\",spaceBetweenValueModul);\n\n    var swiper = new Swiper(\"#swiper-69ff2e02a6206\", {\n      slidesPerView: \"auto\",\n      spaceBetween: spaceBetweenInicial,\n      \tfreeMode: true,\n\t  \tbreakpoints: {\n\t        \/\/ Quan l'amplada de la pantalla sigui major a 1024px\n\t        1024: {\n\t            spaceBetween: spaceBetweenValue,\n\t        },\n\t    },\n        \/\/ Navigation arrows\n        navigation: {\n            nextEl: '.swiper-button-next',\n            prevEl: '.swiper-button-prev',\n        },\n        mousewheel: {\n            releaseOnEdges: true,\n            forceToAxis: true,\n            sensitivity:    1,\n        },\n        a11y: {\n            prevSlideMessage: 'Diapositive pr\u00e9c\u00e9dente',\n            nextSlideMessage: 'Diapositiva seg\u00fcent',\n        },\n    });\n\n\n \n\n\n    \/*\n    jQuery('.bloc-destacats').each(function() {\n        const nextDiv = jQuery(this).next('div');\n        if (nextDiv.hasClass('contingut-ampliat')) {\n            console.log('T\u00e9 .contingut-ampliat despr\u00e9s');\n            \/\/ Aqu\u00ed pots fer accions, per exemple:\n            \/\/ $nextDiv.addClass('marcat'); o $(this).append($nextDiv);\n        }\n    });\n    *\/\n})\n<\/script>\n\n","protected":false},"excerpt":{"rendered":"<p>\u00c0 des fins journalistiques, nous mettons \u00e0 disposition une s\u00e9lection d&rsquo;images des Mus\u00e9es Dal\u00ed, comprenant des \u0153uvres et des portraits de Dal\u00ed et\/ou Gala, avec autorisation d&rsquo;utilisation pendant les expositions. Elles sont t\u00e9l\u00e9chargeables gratuitement. Pour toute demande d&rsquo;interview, de tournage ou de reportage photo, veuillez contacter le service de presse \u00e0 l&rsquo;adresse comunicacio@fundaciodali.org ou par [&hellip;]<\/p>\n","protected":false},"author":3,"featured_media":3699,"parent":7557,"menu_order":168,"comment_status":"closed","ping_status":"closed","template":"","meta":{"_acf_changed":false,"_coblocks_attr":"","_coblocks_dimensions":"","_coblocks_responsive_height":"","_coblocks_accordion_ie_support":"","footnotes":""},"categories":[],"tags":[],"class_list":["post-7572","page","type-page","status-publish","has-post-thumbnail","hentry"],"acf":[],"_links":{"self":[{"href":"https:\/\/webdali.latempesta.eu\/fr\/wp-json\/wp\/v2\/pages\/7572","targetHints":{"allow":["GET"]}}],"collection":[{"href":"https:\/\/webdali.latempesta.eu\/fr\/wp-json\/wp\/v2\/pages"}],"about":[{"href":"https:\/\/webdali.latempesta.eu\/fr\/wp-json\/wp\/v2\/types\/page"}],"author":[{"embeddable":true,"href":"https:\/\/webdali.latempesta.eu\/fr\/wp-json\/wp\/v2\/users\/3"}],"replies":[{"embeddable":true,"href":"https:\/\/webdali.latempesta.eu\/fr\/wp-json\/wp\/v2\/comments?post=7572"}],"version-history":[{"count":0,"href":"https:\/\/webdali.latempesta.eu\/fr\/wp-json\/wp\/v2\/pages\/7572\/revisions"}],"up":[{"embeddable":true,"href":"https:\/\/webdali.latempesta.eu\/fr\/wp-json\/wp\/v2\/pages\/7557"}],"wp:featuredmedia":[{"embeddable":true,"href":"https:\/\/webdali.latempesta.eu\/fr\/wp-json\/wp\/v2\/media\/3699"}],"wp:attachment":[{"href":"https:\/\/webdali.latempesta.eu\/fr\/wp-json\/wp\/v2\/media?parent=7572"}],"wp:term":[{"taxonomy":"category","embeddable":true,"href":"https:\/\/webdali.latempesta.eu\/fr\/wp-json\/wp\/v2\/categories?post=7572"},{"taxonomy":"post_tag","embeddable":true,"href":"https:\/\/webdali.latempesta.eu\/fr\/wp-json\/wp\/v2\/tags?post=7572"}],"curies":[{"name":"wp","href":"https:\/\/api.w.org\/{rel}","templated":true}]}}