{"id":7575,"date":"2025-04-25T10:14:58","date_gmt":"2025-04-25T08:14:58","guid":{"rendered":"https:\/\/webdali.latempesta.eu\/fundacio-dali\/serveis\/premsa\/dossiers-de-premsa\/"},"modified":"2025-06-29T20:18:27","modified_gmt":"2025-06-29T18:18:27","slug":"dossiers-de-presse","status":"publish","type":"page","link":"https:\/\/webdali.latempesta.eu\/fr\/fondation-dali\/services\/salle-de-presse\/dossiers-de-presse\/","title":{"rendered":"Dossiers de presse"},"content":{"rendered":"<div class=\"facetwp-template\" data-name=\"dossier_premsa\"><style>\n\n\n.facetwp-template[data-name=\"dossier_premsa\"] .fwpl-layout {\n    display:block;\n}\n\n.facetwp-template[data-name=\"dossier_premsa\"] .grid-item {\n  display: flex;\n  padding: 1rem 0;\n  border-bottom: 1px solid black;\n}\n\n.facetwp-template[data-name=\"dossier_premsa\"] .item-header {\n  width: 80px;\n  height: 80px;\n \/* border: 1px solid #9a233c; *\/\n}\n\n.facetwp-template[data-name=\"dossier_premsa\"] .item-content {\n  align-self: center;\n}\n\n.facetwp-template[data-name=\"dossier_premsa\"] .fwpl-layout .grid-item .item-header figure::after {\n    content: none;\n}\n\n.facetwp-template[data-name=\"dossier_premsa\"] .fwpl-layout .grid-item .item-content .title {\n  font-family: var(--sans);\n  font-size: var(--m-et-plus);\n  line-height: 1.3;\n  letter-spacing: var(--letter-space);\n}\n\n<\/style>\n\n<ul class=\"fwpl-layout list\">\n  \t<li class=\"grid-item\">\n\n        \t\t\n        <div class=\"item-header\">\n            <figure class=\"image\">                    <img decoding=\"async\" src=\"https:\/\/webdali.latempesta.eu\/wp-content\/themes\/salvadordali-fundacio\/assets\/images\/noimatge.jpg\" alt=\"\" \/>;    \n                <\/figure>\n\n        <\/div>\n        <div class=\"item-content\">\n\n                        <a href=\"https:\/\/webdali.latempesta.eu\/fr\/fondation-dali\/services\/salle-de-presse\/dossiers-de-presse\/dossier\/communique-de-presse-revue-dali-news_fr\/\" download><div class=\"title\">Communiqu\u00e9 de Presse revue Dal\u00ed News_fr<\/div><\/a>\n            <div class=\"item-data\">\n             22 janvier 2026            <\/div>\n        <\/div>\n\t\t\n\t<\/li>\n\t\n  \t<li class=\"grid-item\">\n\n        \t\t\n        <div class=\"item-header\">\n            <figure class=\"image\">                    <img decoding=\"async\" src=\"https:\/\/webdali.latempesta.eu\/wp-content\/themes\/salvadordali-fundacio\/assets\/images\/noimatge.jpg\" alt=\"\" \/>;    \n                <\/figure>\n\n        <\/div>\n        <div class=\"item-content\">\n\n                        <a href=\"https:\/\/webdali.latempesta.eu\/fr\/fondation-dali\/services\/salle-de-presse\/dossiers-de-presse\/dossier\/dossier-de-premsa-fundacio-dali\/\" download><div class=\"title\">Dossier de Presse Fondation Dal\u00ed<\/div><\/a>\n            <div class=\"item-data\">\n             7 ao\u00fbt 2025            <\/div>\n        <\/div>\n\t\t\n\t<\/li>\n\t\n  \t<li class=\"grid-item\">\n\n        \t\t\n        <div class=\"item-header\">\n            <figure class=\"image\">                    <img decoding=\"async\" src=\"https:\/\/webdali.latempesta.eu\/wp-content\/themes\/salvadordali-fundacio\/assets\/images\/noimatge.jpg\" alt=\"\" \/>;    \n                <\/figure>\n\n        <\/div>\n        <div class=\"item-content\">\n\n                        <a href=\"https:\/\/webdali.latempesta.eu\/fr\/fondation-dali\/services\/salle-de-presse\/dossiers-de-presse\/dossier\/fondation-dali-et-ses-musees\/\" download><div class=\"title\">Fondation Dal\u00ed et ses mus\u00e9es<\/div><\/a>\n            <div class=\"item-data\">\n             1 juin 2025            <\/div>\n        <\/div>\n\t\t\n\t<\/li>\n\t\n  \t<li class=\"grid-item\">\n\n        \t\t\n        <div class=\"item-header\">\n            <figure class=\"image\">                    <img decoding=\"async\" src=\"https:\/\/webdali.latempesta.eu\/wp-content\/themes\/salvadordali-fundacio\/assets\/images\/noimatge.jpg\" alt=\"\" \/>;    \n                <\/figure>\n\n        <\/div>\n        <div class=\"item-content\">\n\n                        <a href=\"https:\/\/webdali.latempesta.eu\/fr\/fondation-dali\/services\/salle-de-presse\/dossiers-de-presse\/dossier\/le-reveil-du-mythe-gala-dali-un-partenariat-entre-la-fondation-gala-salvador-dali-et-la-roca-village\/\" download><div class=\"title\">Le R\u00e9veil du Mythe : Gala Dal\u00ed &#8211; Un partenariat entre la Fondation Gala-Salvador Dal\u00ed et La Roca Village<\/div><\/a>\n            <div class=\"item-data\">\n             1 juin 2025            <\/div>\n        <\/div>\n\t\t\n\t<\/li>\n\t\n  <\/ul>\n<\/div>\n","protected":false},"excerpt":{"rendered":"","protected":false},"author":3,"featured_media":2962,"parent":7572,"menu_order":0,"comment_status":"closed","ping_status":"closed","template":"","meta":{"_acf_changed":false,"_coblocks_attr":"","_coblocks_dimensions":"","_coblocks_responsive_height":"","_coblocks_accordion_ie_support":"","footnotes":""},"categories":[],"tags":[],"class_list":["post-7575","page","type-page","status-publish","has-post-thumbnail","hentry"],"acf":[],"_links":{"self":[{"href":"https:\/\/webdali.latempesta.eu\/fr\/wp-json\/wp\/v2\/pages\/7575","targetHints":{"allow":["GET"]}}],"collection":[{"href":"https:\/\/webdali.latempesta.eu\/fr\/wp-json\/wp\/v2\/pages"}],"about":[{"href":"https:\/\/webdali.latempesta.eu\/fr\/wp-json\/wp\/v2\/types\/page"}],"author":[{"embeddable":true,"href":"https:\/\/webdali.latempesta.eu\/fr\/wp-json\/wp\/v2\/users\/3"}],"replies":[{"embeddable":true,"href":"https:\/\/webdali.latempesta.eu\/fr\/wp-json\/wp\/v2\/comments?post=7575"}],"version-history":[{"count":0,"href":"https:\/\/webdali.latempesta.eu\/fr\/wp-json\/wp\/v2\/pages\/7575\/revisions"}],"up":[{"embeddable":true,"href":"https:\/\/webdali.latempesta.eu\/fr\/wp-json\/wp\/v2\/pages\/7572"}],"wp:featuredmedia":[{"embeddable":true,"href":"https:\/\/webdali.latempesta.eu\/fr\/wp-json\/wp\/v2\/media\/2962"}],"wp:attachment":[{"href":"https:\/\/webdali.latempesta.eu\/fr\/wp-json\/wp\/v2\/media?parent=7575"}],"wp:term":[{"taxonomy":"category","embeddable":true,"href":"https:\/\/webdali.latempesta.eu\/fr\/wp-json\/wp\/v2\/categories?post=7575"},{"taxonomy":"post_tag","embeddable":true,"href":"https:\/\/webdali.latempesta.eu\/fr\/wp-json\/wp\/v2\/tags?post=7575"}],"curies":[{"name":"wp","href":"https:\/\/api.w.org\/{rel}","templated":true}]}}