{"id":7691,"date":"2025-02-19T16:00:07","date_gmt":"2025-02-19T14:00:07","guid":{"rendered":"https:\/\/webdali.latempesta.eu\/dali-i-gala\/gala\/apartat-1\/"},"modified":"2025-06-26T20:08:50","modified_gmt":"2025-06-26T18:08:50","slug":"gala-i-dali-dali-i-gala","status":"publish","type":"page","link":"https:\/\/webdali.latempesta.eu\/fr\/dali-et-gala\/gala\/gala-i-dali-dali-i-gala\/","title":{"rendered":"Gala i Dal\u00ed; Dal\u00ed i Gala"},"content":{"rendered":"\n<div class=\"wp-block-columns col-text intro is-layout-flex wp-container-core-columns-is-layout-9d6595d7 wp-block-columns-is-layout-flex\">\n<div class=\"wp-block-column is-layout-flow wp-block-column-is-layout-flow\">\n<p>La duplicitat ha estat present en la vida de Dal\u00ed des de ben aviat, comen\u00e7ant per la mort del seu germ\u00e0 gran, el primog\u00e8nit, abans que ell nasqu\u00e9s. Per consolar-se de la seva mort, quan neix el segon nen, els pares li posen el mateix nom: Salvador. L\u2019artista arriba al m\u00f3n ja com a \u00abbess\u00f3\u00bb d\u2019un altre. Per altra banda, Anna Maria Dal\u00ed, la germana de Salvador, ser\u00e0 la seva primera model abans que arribi Gala. Fins ara els dobles s\u00f3n bessons, germans substituts, i es reemplacen. Per\u00f2 no, Gala no \u00e9s la bessona de Salvador. I a m\u00e9s \u00e9s irreempla\u00e7able.<\/p>\n<\/div>\n<\/div>\n\n\n\n<div class=\"wp-block-columns col-text col-1-imatges vertical is-layout-flex wp-container-core-columns-is-layout-9d6595d7 wp-block-columns-is-layout-flex\">\n<div class=\"wp-block-column is-layout-flow wp-block-column-is-layout-flow\">\n<figure class=\"wp-block-image size-large\"><img loading=\"lazy\" decoding=\"async\" width=\"675\" height=\"1024\" src=\"https:\/\/webdali.latempesta.eu\/wp-content\/uploads\/2025\/02\/64338-675x1024.jpg\" alt=\"\" class=\"wp-image-1142\" srcset=\"https:\/\/webdali.latempesta.eu\/wp-content\/uploads\/2025\/02\/64338-675x1024.jpg 675w, https:\/\/webdali.latempesta.eu\/wp-content\/uploads\/2025\/02\/64338-198x300.jpg 198w, https:\/\/webdali.latempesta.eu\/wp-content\/uploads\/2025\/02\/64338-768x1164.jpg 768w, https:\/\/webdali.latempesta.eu\/wp-content\/uploads\/2025\/02\/64338-1013x1536.jpg 1013w, https:\/\/webdali.latempesta.eu\/wp-content\/uploads\/2025\/02\/64338-1351x2048.jpg 1351w, https:\/\/webdali.latempesta.eu\/wp-content\/uploads\/2025\/02\/64338-scaled.jpg 1689w\" sizes=\"auto, (max-width: 675px) 100vw, 675px\" \/><figcaption class=\"wp-element-caption\">Dal\u00ed i Gala, Gala i Dal\u00ed<\/figcaption><\/figure>\n<\/div>\n<\/div>\n\n\n\n<div class=\"wp-block-columns col-text is-layout-flex wp-container-core-columns-is-layout-9d6595d7 wp-block-columns-is-layout-flex\">\n<div class=\"wp-block-column is-layout-flow wp-block-column-is-layout-flow\">\n<blockquote class=\"wp-block-quote is-layout-flow wp-block-quote-is-layout-flow\">\n<p><em>Anomeno la meva esposa: Gala, Galuxka, Gradiva (perqu\u00e8 ha estat la meva Gradiva); Oliva (per l&rsquo;oval del seu rostre i el color de la seva pell); Oliveta, diminutiu de l&rsquo;Oliva; i els seus delirants derivats: Oliueta, Oriueta, Buribeta, Buriueteta, Suliueta, Solibubuleta, Liburibuleta, Ciueta, Liueta. Tamb\u00e9 li dic Lionette, perqu\u00e8 rugeix, quan s&rsquo;enfada, com el lle\u00f3 de la Metro-Goldwyn-Mayer; Esquirol, Tapir, Petit Negus (perqu\u00e8 s&rsquo;assembla a un animat animalet selv\u00e0tic); Abella (perqu\u00e8 descobreix i em porta totes les ess\u00e8ncies que es converteixen en la mel del meu pensament en el rusc atrafegat del meu cervell).<\/em><br><br>Salvador Dal\u00ed<\/p>\n<\/blockquote>\n<\/div>\n<\/div>\n\n\n\n<div class=\"wp-block-columns col-2-imatges col-text is-layout-flex wp-container-core-columns-is-layout-9d6595d7 wp-block-columns-is-layout-flex\">\n<div class=\"wp-block-column is-layout-flow wp-block-column-is-layout-flow\">\n<figure class=\"wp-block-image size-full\"><img loading=\"lazy\" decoding=\"async\" width=\"600\" height=\"486\" src=\"https:\/\/webdali.latempesta.eu\/wp-content\/uploads\/2025\/01\/raonat-escultures-manual-53046.jpg\" alt=\"Agence France Presse, Salvador Dal\u00ed al seu apartament de Par\u00eds, 1932-1933. Getty Images\" class=\"wp-image-445\" srcset=\"https:\/\/webdali.latempesta.eu\/wp-content\/uploads\/2025\/01\/raonat-escultures-manual-53046.jpg 600w, https:\/\/webdali.latempesta.eu\/wp-content\/uploads\/2025\/01\/raonat-escultures-manual-53046-300x243.jpg 300w\" sizes=\"auto, (max-width: 600px) 100vw, 600px\" \/><figcaption class=\"wp-element-caption\">Agence France Presse, Salvador Dal\u00ed al seu apartament de Par\u00eds, 1932-1933. Getty Images<\/figcaption><\/figure>\n\n\n\n<figure class=\"wp-block-image size-full\"><img loading=\"lazy\" decoding=\"async\" width=\"744\" height=\"552\" src=\"https:\/\/webdali.latempesta.eu\/wp-content\/uploads\/2024\/12\/equip_int@2x.jpg\" alt=\"Carlos P\u00e9rez de Rozas, Salvador Dal\u00ed pintant l'obra Gala Plac\u00eddia al taller de Portlligat, c. 1952.\" class=\"wp-image-175\" srcset=\"https:\/\/webdali.latempesta.eu\/wp-content\/uploads\/2024\/12\/equip_int@2x.jpg 744w, https:\/\/webdali.latempesta.eu\/wp-content\/uploads\/2024\/12\/equip_int@2x-300x223.jpg 300w\" sizes=\"auto, (max-width: 744px) 100vw, 744px\" \/><figcaption class=\"wp-element-caption\">Carlos P\u00e9rez de Rozas, Salvador Dal\u00ed pintant l&rsquo;obra Gala Plac\u00eddia al taller de Portlligat, c. 1952.<\/figcaption><\/figure>\n<\/div>\n<\/div>\n\n\n\n<div style=\"height:100px\" aria-hidden=\"true\" class=\"wp-block-spacer separador25 mb-0 mt-0\"><\/div>\n\n\n    <div  class=\"wp-block-columns swiper-column  intro intro-images bloc-destacats imatges\" style=\"background-image: linear-gradient(to right, white, white)\">\n        <div class=\"wp-block-column\">\n            <div id=\"swiper-69ff4ed1db1b2\" class=\"swiper destacats dues\" >\n                <div class=\"swiper-wrapper\">\n\n                                            <div class=\"swiper-slide intro\">\n                            <span class=\"image-background\" style=\"background-image:url(https:\/\/webdali.latempesta.eu\/wp-content\/uploads\/2024\/12\/dali-1933-655x1024.jpg)\"><\/span>\n                            \n                        <\/div>\n                        <div class=\"swiper-slide\">\n                           <div class=\"descripcio\">\n                            <h2>En imatges<\/h2>\n                            <p>Gala i Dal\u00ed, Dal\u00ed i Gala, dues \u00e0nimes entrella\u00e7ades en geni i passi\u00f3. Ella, musa i arquitecta de l\u2019artista; ell, creador que la immortalitza. Indestriables, esculpiren junts un univers on realitat i somni es confonen, fent de l\u2019amor i l\u2019art un sol dest\u00ed.<\/p>\n                            <\/div>\n\n                            \n                            \n                        <\/div>\n                    \n\n                    \n                        \n                        <div class=\"swiper-slide\">\n                                                            <figure>\n                                    <a data-fancybox=\"gallery-69ff4ed1db1b2\" data-src=\"https:\/\/webdali.latempesta.eu\/wp-content\/uploads\/2025\/02\/galadali.jpeg\" data-caption=\"titre de l\u2019image, ann\u00e9e \u00a9 Fondation\">\n                                        <img decoding=\"async\" src=\"https:\/\/webdali.latempesta.eu\/wp-content\/uploads\/2025\/02\/galadali-1024x576.jpeg\" alt=\"titre de l\u2019image, ann\u00e9e \u00a9 Fondation\"> \n\t\t\t\t          \t\t\t<\/a>\n                                                                        <figcaption class=\"custom-caption\">titre de l\u2019image, ann\u00e9e \u00a9 Fondation<\/figcaption>\n                                <\/figure>\n                                                    <\/div>\n\n                    \n                        \n                        <div class=\"swiper-slide\">\n                                                            <figure>\n                                    <a data-fancybox=\"gallery-69ff4ed1db1b2\" data-src=\"https:\/\/webdali.latempesta.eu\/wp-content\/uploads\/2025\/02\/64897-scaled.jpg\" data-caption=\"L\u00c9GENDE image\">\n                                        <img decoding=\"async\" src=\"https:\/\/webdali.latempesta.eu\/wp-content\/uploads\/2025\/02\/64897-1024x683.jpg\" alt=\"L\u00c9GENDE image\"> \n\t\t\t\t          \t\t\t<\/a>\n                                                                        <figcaption class=\"custom-caption\">L\u00c9GENDE image<\/figcaption>\n                                <\/figure>\n                                                    <\/div>\n\n                    \n                        \n                        <div class=\"swiper-slide\">\n                                                            <figure>\n                                    <a data-fancybox=\"gallery-69ff4ed1db1b2\" data-src=\"https:\/\/webdali.latempesta.eu\/wp-content\/uploads\/2025\/02\/64723-scaled.jpg\" data-caption=\"\">\n                                        <img decoding=\"async\" src=\"https:\/\/webdali.latempesta.eu\/wp-content\/uploads\/2025\/02\/64723-1024x1024.jpg\" alt=\"\"> \n\t\t\t\t          \t\t\t<\/a>\n                                                                        <figcaption class=\"custom-caption\"><\/figcaption>\n                                <\/figure>\n                                                    <\/div>\n\n                    \n                        \n                        <div class=\"swiper-slide\">\n                                                            <figure>\n                                    <a data-fancybox=\"gallery-69ff4ed1db1b2\" data-src=\"https:\/\/webdali.latempesta.eu\/wp-content\/uploads\/2025\/02\/64451-scaled.jpg\" data-caption=\"\">\n                                        <img decoding=\"async\" src=\"https:\/\/webdali.latempesta.eu\/wp-content\/uploads\/2025\/02\/64451-676x1024.jpg\" alt=\"\"> \n\t\t\t\t          \t\t\t<\/a>\n                                                                        <figcaption class=\"custom-caption\"><\/figcaption>\n                                <\/figure>\n                                                    <\/div>\n\n                    \n                        \n                        <div class=\"swiper-slide\">\n                                                            <figure>\n                                    <a data-fancybox=\"gallery-69ff4ed1db1b2\" data-src=\"https:\/\/webdali.latempesta.eu\/wp-content\/uploads\/2025\/02\/64335-scaled.jpg\" data-caption=\"\">\n                                        <img decoding=\"async\" src=\"https:\/\/webdali.latempesta.eu\/wp-content\/uploads\/2025\/02\/64335-665x1024.jpg\" alt=\"\"> \n\t\t\t\t          \t\t\t<\/a>\n                                                                        <figcaption class=\"custom-caption\"><\/figcaption>\n                                <\/figure>\n                                                    <\/div>\n\n                    \n                        \n                        <div class=\"swiper-slide\">\n                                                            <figure>\n                                    <a data-fancybox=\"gallery-69ff4ed1db1b2\" data-src=\"https:\/\/webdali.latempesta.eu\/wp-content\/uploads\/2025\/02\/64898-scaled.jpg\" data-caption=\"\">\n                                        <img decoding=\"async\" src=\"https:\/\/webdali.latempesta.eu\/wp-content\/uploads\/2025\/02\/64898-683x1024.jpg\" alt=\"\"> \n\t\t\t\t          \t\t\t<\/a>\n                                                                        <figcaption class=\"custom-caption\"><\/figcaption>\n                                <\/figure>\n                                                    <\/div>\n\n                                    <\/div>\n                <!-- Swiper navigation buttons -->\n                <div class=\"swiper-button-prev\">\n                    <span class=\"screen-reader-text\">Diapositive pr\u00e9c\u00e9dente<\/span>\n                <\/div>\n                <div class=\"swiper-button-next\">\n                    <span class=\"screen-reader-text\">Diapositiva seg\u00fcent<\/span>\n                <\/div>\n            <\/div>\n        <\/div>\n    <\/div>\n\n\n\n<!-- Swiper JS -->\n<script src=\"https:\/\/cdn.jsdelivr.net\/npm\/swiper@11\/swiper-bundle.min.js\"><\/script>\n\n<!-- Initialize Swiper -->\n<script>\n\njQuery( document ).ready(function() {      \n\n    Tipus = 'intro-images';\n\n    updateSpaceBetween();\n    spaceBetweenInicial = 60;\n    \n    if (Tipus=='intro-images' ) {\n    \/\/    spaceBetweenValueModul = 0;\n    }\n\n\n\n    console.log(\"spaceBetweenValueModul\",spaceBetweenValueModul);\n\n    var swiper = new Swiper(\"#swiper-69ff4ed1db1b2\", {\n      slidesPerView: \"auto\",\n      spaceBetween: spaceBetweenInicial,\n      \tfreeMode: true,\n\t  \tbreakpoints: {\n\t        \/\/ Quan l'amplada de la pantalla sigui major a 1024px\n\t        1024: {\n\t            spaceBetween: spaceBetweenValue,\n\t        },\n\t    },\n        \/\/ Navigation arrows\n        navigation: {\n            nextEl: '.swiper-button-next',\n            prevEl: '.swiper-button-prev',\n        },\n        mousewheel: {\n            releaseOnEdges: true,\n            forceToAxis: true,\n            sensitivity:    1,\n        },\n        a11y: {\n            prevSlideMessage: 'Diapositive pr\u00e9c\u00e9dente',\n            nextSlideMessage: 'Diapositiva seg\u00fcent',\n        },\n    });\n\n\n \n\n\n    \/*\n    jQuery('.bloc-destacats').each(function() {\n        const nextDiv = jQuery(this).next('div');\n        if (nextDiv.hasClass('contingut-ampliat')) {\n            console.log('T\u00e9 .contingut-ampliat despr\u00e9s');\n            \/\/ Aqu\u00ed pots fer accions, per exemple:\n            \/\/ $nextDiv.addClass('marcat'); o $(this).append($nextDiv);\n        }\n    });\n    *\/\n})\n<\/script>\n\n\n\n\n<div style=\"height:100px\" aria-hidden=\"true\" class=\"wp-block-spacer separador25 mb-0 mt-0\"><\/div>\n\n\n\n<p><\/p>\n","protected":false},"excerpt":{"rendered":"<p>La duplicitat ha estat present en la vida de Dal\u00ed des de ben aviat, comen\u00e7ant per la mort del seu germ\u00e0 gran, el primog\u00e8nit, abans que ell nasqu\u00e9s. Per consolar-se de la seva mort, quan neix el segon nen, els pares li posen el mateix nom: Salvador. L\u2019artista arriba al m\u00f3n ja com a \u00abbess\u00f3\u00bb [&hellip;]<\/p>\n","protected":false},"author":1,"featured_media":1497,"parent":7676,"menu_order":292,"comment_status":"closed","ping_status":"closed","template":"","meta":{"_acf_changed":false,"_coblocks_attr":"","_coblocks_dimensions":"","_coblocks_responsive_height":"","_coblocks_accordion_ie_support":"","footnotes":""},"categories":[],"tags":[],"class_list":["post-7691","page","type-page","status-publish","has-post-thumbnail","hentry"],"acf":[],"_links":{"self":[{"href":"https:\/\/webdali.latempesta.eu\/fr\/wp-json\/wp\/v2\/pages\/7691","targetHints":{"allow":["GET"]}}],"collection":[{"href":"https:\/\/webdali.latempesta.eu\/fr\/wp-json\/wp\/v2\/pages"}],"about":[{"href":"https:\/\/webdali.latempesta.eu\/fr\/wp-json\/wp\/v2\/types\/page"}],"author":[{"embeddable":true,"href":"https:\/\/webdali.latempesta.eu\/fr\/wp-json\/wp\/v2\/users\/1"}],"replies":[{"embeddable":true,"href":"https:\/\/webdali.latempesta.eu\/fr\/wp-json\/wp\/v2\/comments?post=7691"}],"version-history":[{"count":0,"href":"https:\/\/webdali.latempesta.eu\/fr\/wp-json\/wp\/v2\/pages\/7691\/revisions"}],"up":[{"embeddable":true,"href":"https:\/\/webdali.latempesta.eu\/fr\/wp-json\/wp\/v2\/pages\/7676"}],"wp:featuredmedia":[{"embeddable":true,"href":"https:\/\/webdali.latempesta.eu\/fr\/wp-json\/wp\/v2\/media\/1497"}],"wp:attachment":[{"href":"https:\/\/webdali.latempesta.eu\/fr\/wp-json\/wp\/v2\/media?parent=7691"}],"wp:term":[{"taxonomy":"category","embeddable":true,"href":"https:\/\/webdali.latempesta.eu\/fr\/wp-json\/wp\/v2\/categories?post=7691"},{"taxonomy":"post_tag","embeddable":true,"href":"https:\/\/webdali.latempesta.eu\/fr\/wp-json\/wp\/v2\/tags?post=7691"}],"curies":[{"name":"wp","href":"https:\/\/api.w.org\/{rel}","templated":true}]}}