{"id":7718,"date":"2024-12-18T18:31:46","date_gmt":"2024-12-18T16:31:46","guid":{"rendered":"https:\/\/webdali.latempesta.eu\/dali-i-gala\/dali-artista-total\/cinema\/"},"modified":"2025-06-27T11:04:43","modified_gmt":"2025-06-27T09:04:43","slug":"cinema","status":"publish","type":"page","link":"https:\/\/webdali.latempesta.eu\/fr\/dali-et-gala\/dali-lartiste-total\/cinema\/","title":{"rendered":"Cin\u00e9ma"},"content":{"rendered":"\n<div class=\"wp-block-columns global-column is-layout-flex wp-container-core-columns-is-layout-9d6595d7 wp-block-columns-is-layout-flex\">\n<div class=\"wp-block-column is-layout-flow wp-block-column-is-layout-flow\">\n<p class=\"entradeta\">La fascination absolue qu\u2019il \u00e9prouve pour le monde de l\u2019image, ainsi que sa passion pour les effets audiovisuels, font de Dal\u00ed l\u2019un des tout premiers vid\u00e9astes de l\u2019histoire de l\u2019art. \u00c0 travers le cin\u00e9ma, Dal\u00ed a \u00e9galement l\u2019occasion de d\u00e9ployer sa facette la plus performative, transformant encore et encore le personnage qu\u2019il avait commenc\u00e9 \u00e0 fa\u00e7onner d\u00e8s l\u2019enfance. Sa cr\u00e9ation dans le domaine cin\u00e9matographique s\u2019exprime sous de multiples formes : en tant que r\u00e9alisateur, sc\u00e9nariste, d\u00e9corateur et aussi acteur. Dans certains de ces projets, il collabore avec de grandes figures du septi\u00e8me art, parmi lesquelles les Marx Brothers, Luis Bu\u00f1uel, Walt Disney ou encore Alfred Hitchcock. Par ailleurs, il th\u00e9orise aussi sur le cin\u00e9ma et y fait r\u00e9f\u00e9rence dans plusieurs de ses principaux \u00e9crits \u00e0 partir de la fin des ann\u00e9es 1920.<\/p>\n<\/div>\n<\/div>\n\n\n\n<div class=\"wp-block-columns global-column is-layout-flex wp-container-core-columns-is-layout-9d6595d7 wp-block-columns-is-layout-flex\">\n<div class=\"wp-block-column is-layout-flow wp-block-column-is-layout-flow\"><script>var is_masonry=false;<\/script>\t        <div class=\"swiper coeli-swiper-heritageobject coeli-swiper-agrupacions coeli-swiper-7506\"              id=\"coeli-swiper-7506\">\n            <!-- Additional required wrapper -->\n            <ul class=\"swiper-wrapper coeli-result-list\" id=\"coeli-ul-agrupacio-7506\">\n                <!-- Slides -->\n\t\t\t\t                    <li id=\"4584-1796\"\n                        class=\"swiper-slide s-3 t-1 m-3\"><a href=\"https:\/\/webdali.latempesta.eu\/fr\/heritageobject\/4584-1796\/\"><figure class=\"image portraitmedia-medium\"><img decoding=\"async\" alt=\"\" src=\"https:\/\/d1i5r06pd82mff.cloudfront.net\/public\/DigitalAsset\/41817e01-76d8-7944-dc2e-1f0614aae76b\/3589f9b60ecfa9b34b6370f45bac85c7\/full\/medium\/0\/default.jpg\"><\/figure><p class=\"coeli-title\">Foto de rodatge de la pel.l\u00edcula  \u00ab\u00a0Un chien andalou\u00a0\u00bb<\/p><p class=\"coeli-production-date\">1929<\/p><\/a><\/li>\n\t\t\t\t                    <li id=\"4395-e413\"\n                        class=\"swiper-slide s-3 t-1 m-3\"><a href=\"https:\/\/webdali.latempesta.eu\/fr\/heritageobject\/4395-e413\/\"><figure class=\"image portraitmedia-medium\"><img decoding=\"async\" alt=\"\" src=\"https:\/\/d1i5r06pd82mff.cloudfront.net\/public\/DigitalAsset\/f886fede-c893-1a0c-3a3b-2b690bca9038\/d1307de90652b997a8f83910ae59266d\/full\/medium\/0\/default.jpg\"><\/figure><p class=\"coeli-title\">Foto de rodatge de \u00ab\u00a0l&rsquo;\u00c2ge d&rsquo;or\u00a0\u00bb de Luis Bu\u00f1uel<\/p><p class=\"coeli-production-date\">1930<\/p><\/a><\/li>\n\t\t\t\t                    <li id=\"5301-7888\"\n                        class=\"swiper-slide s-3 t-1 m-3\"><a href=\"https:\/\/webdali.latempesta.eu\/fr\/heritageobject\/5301-7888\/\"><figure class=\"coeli-portraitmedia-medium coeli-no-representation\"><img decoding=\"async\" src=\"https:\/\/upload.wikimedia.org\/wikipedia\/commons\/f\/f7\/No_Image_%282879926%29_-_The_Noun_Project.svg\" alt=\"Empty\"\/><\/figure><p class=\"coeli-title\">Salvador Dal\u00ed davant d\u2019un dels decorats per a \u00ab\u00a0Spellbound\u00a0\u00bb<\/p><p class=\"coeli-production-date\">1945<\/p><\/a><\/li>\n\t\t\t\t                    <li id=\"5317-6f47\"\n                        class=\"swiper-slide s-3 t-1 m-3\"><a href=\"https:\/\/webdali.latempesta.eu\/fr\/heritageobject\/5317-6f47\/\"><figure class=\"image portraitmedia-medium\"><img decoding=\"async\" alt=\"\" src=\"https:\/\/d1i5r06pd82mff.cloudfront.net\/public\/DigitalAsset\/91aaa35f-9246-02f5-3b14-3a311c664c40\/51306361720211290d4ca5ecec8086aa\/full\/medium\/0\/default.jpg\"><\/figure><p class=\"coeli-title\">Salvador Dal\u00ed pintant projecte per a \u00ab\u00a0Destino\u00a0\u00bb de Walt Disney<\/p><p class=\"coeli-production-date\">1946<\/p><\/a><\/li>\n\t\t\t\t                    <li id=\"492\"\n                        class=\"swiper-slide s-3 t-1 m-3\"><a href=\"https:\/\/webdali.latempesta.eu\/fr\/heritageobject\/492\/\"><figure class=\"image portraitmedia-medium\"><img decoding=\"async\" alt=\"\" src=\"https:\/\/d1i5r06pd82mff.cloudfront.net\/public\/DigitalAsset\/b47fc3f6-47c5-0201-3390-0a4156bb45fc\/e6b5fa7927263c9006857f7f53e45a18\/full\/medium\/0\/default.jpg\"><\/figure><p class=\"coeli-title\">Projecte per a \u00ab\u00a0Destino\u00a0\u00bb<\/p><p class=\"coeli-production-actorsinrole-actors\">Dal\u00ed i Dom\u00e8nech, Salvador<\/p><p class=\"coeli-production-date\">c. 1946<\/p><\/a><\/li>\n\t\t\t\t            <\/ul>\n\t\t\t\t\t\t                <!-- If we need navigation buttons -->\n                <div class=\"swiper-coeli-button-prev swiper-button-prev coeli-swiper-prev-7506\"><\/div>\n                <div class=\"swiper-coeli-button-next swiper-button-next coeli-swiper-next-7506\"><\/div>\n\t\t\t        <\/div>\n\n        <script>\n            var slider_args_7506= {\n                \/\/ Optional parameters\n                direction: 'horizontal',\n                breakpoints: {\n                    640: {\n                        slidesPerView: 1,\n                        spaceBetween: 0,\n                    },\n                    768: {\n                        slidesPerView: 1,\n                        spaceBetween: 0,\n                    },\n                    1024: {\n                        slidesPerView: 3,\n                        spaceBetween: 0,\n                    },\n                },\n\t\t\t\t                autoplay: {\n                    delay: 3000000,\n                    disableOnInteraction: false,\n                },\n\t\t\t\t\t\t\t\t\t\t\t\t                speed: 300,\n\t\t\t\t                loop: false,\n                \/\/ If we need pagination\n                pagination: {\n                    el: '.swiper-pagination-7506',\n                },\n                \/\/ Navigation arrows\n                navigation: {\n                    nextEl: '.coeli-swiper-next-7506',\n                    prevEl: '.coeli-swiper-prev-7506',\n                }\n            }\n        <\/script>\n\t<\/div>\n<\/div>\n\n\n    <div  class=\"wp-block-columns swiper-column   destacat bloc-destacats \" style=\"background-image: linear-gradient(to right, white, white)\">\n        <div class=\"wp-block-column\">\n            <div id=\"swiper-69ff4dc8dceb0\" class=\"swiper destacats dues\" >\n                <div class=\"swiper-wrapper\">\n\n                                            <div class=\"swiper-slide intro\">\n                            <h2>En savoir plus sur l\u2019artiste total<\/h2>\n                            <div class=\"descripcio\"><p>Continuez \u00e0 explorer toutes les facettes du g\u00e9nie. Peinture, \u0153uvre graphique, sculpture et cr\u00e9ation tridimensionnelle, dessin, \u00e9criture, cin\u00e9ma et mode\u202f: Salvador Dal\u00ed a fait de chaque discipline un moyen d\u2019expression singulier. Avec une cr\u00e9ativit\u00e9 d\u00e9bordante, il a repouss\u00e9 les limites de l\u2019art et de la pens\u00e9e. D\u00e9couvrez comment son univers unique s\u2019exprime dans chaque langage qu\u2019il a su s\u2019approprier.<\/p>\n<\/div>\n                                                    <\/div>\n                    \n\n                    \n                        \n                        <div class=\"swiper-slide\">\n                                                            <div class=\"banner\" style=\"background-image: url(https:\/\/webdali.latempesta.eu\/wp-content\/uploads\/2025\/02\/2642-1024x785.jpg)\">\n                                                                            <ul class=\"context\">\n                                            <li class=\"context__item\" aria-label=\"hidden\">                                            <\/li>\n                                        <\/ul>\n                                    \n                                    <h3 class=\"titol\">Peinture<\/h3>\n                                        \n                                    <div class=\"button fletxa\"><a href=\"https:\/\/webdali.latempesta.eu\/fr\/dali-et-gala\/dali-lartiste-total\/peinture\/\">En savoir plus<\/a><\/div>\n\n                                    \n                                <\/div>\n                                                    <\/div>\n\n                    \n                        \n                        <div class=\"swiper-slide\">\n                                                            <div class=\"banner\" style=\"background-image: url(https:\/\/webdali.latempesta.eu\/wp-content\/uploads\/2025\/07\/10981-large-1-997x1024.jpg)\">\n                                                                            <ul class=\"context\">\n                                            <li class=\"context__item\" aria-label=\"hidden\">                                            <\/li>\n                                        <\/ul>\n                                    \n                                    <h3 class=\"titol\">L\u2019\u0153uvre graphique<\/h3>\n                                        \n                                    <div class=\"button fletxa\"><a href=\"https:\/\/webdali.latempesta.eu\/fr\/dali-et-gala\/dali-lartiste-total\/oeuvre-graphique\/\">En savoir plus<\/a><\/div>\n\n                                    \n                                <\/div>\n                                                    <\/div>\n\n                    \n                        \n                        <div class=\"swiper-slide\">\n                                                            <div class=\"banner\" style=\"background-image: url(https:\/\/webdali.latempesta.eu\/wp-content\/uploads\/2025\/03\/A-DEMANAR-A-GETTY-1024x675.jpg)\">\n                                                                            <ul class=\"context\">\n                                            <li class=\"context__item\" aria-label=\"hidden\">                                            <\/li>\n                                        <\/ul>\n                                    \n                                    <h3 class=\"titol\">Cr\u00e9ation sculpturale et tridimensionnelle<\/h3>\n                                        \n                                    <div class=\"button fletxa\"><a href=\"https:\/\/webdali.latempesta.eu\/fr\/dali-et-gala\/dali-lartiste-total\/creation-sculpturale-et-tridimensionnelle\/\">En savoir plus<\/a><\/div>\n\n                                    \n                                <\/div>\n                                                    <\/div>\n\n                    \n                        \n                        <div class=\"swiper-slide\">\n                                                            <div class=\"banner\" style=\"background-image: url(https:\/\/webdali.latempesta.eu\/wp-content\/uploads\/2025\/05\/47835-1024x931.jpg)\">\n                                                                            <ul class=\"context\">\n                                            <li class=\"context__item\" aria-label=\"hidden\">                                            <\/li>\n                                        <\/ul>\n                                    \n                                    <h3 class=\"titol\">Mode<\/h3>\n                                        \n                                    <div class=\"button fletxa\"><a href=\"https:\/\/webdali.latempesta.eu\/fr\/dali-et-gala\/dali-lartiste-total\/mode\/\">En savoir plus<\/a><\/div>\n\n                                    \n                                <\/div>\n                                                    <\/div>\n\n                    \n                        \n                        <div class=\"swiper-slide\">\n                                                            <div class=\"banner\" style=\"background-image: url(https:\/\/webdali.latempesta.eu\/wp-content\/uploads\/2025\/02\/5068-e1747042033255.jpg)\">\n                                                                            <ul class=\"context\">\n                                            <li class=\"context__item\" aria-label=\"hidden\">                                            <\/li>\n                                        <\/ul>\n                                    \n                                    <h3 class=\"titol\">L\u2019\u0153uvre \u00e9crite<\/h3>\n                                        \n                                    <div class=\"button fletxa\"><a href=\"https:\/\/webdali.latempesta.eu\/fr\/dali-et-gala\/dali-lartiste-total\/ecriture\/\">En savoir plus<\/a><\/div>\n\n                                    \n                                <\/div>\n                                                    <\/div>\n\n                    \n                        \n                        <div class=\"swiper-slide\">\n                                                            <div class=\"banner\" style=\"background-image: url(https:\/\/webdali.latempesta.eu\/wp-content\/uploads\/2025\/02\/65089-779x1024.jpg)\">\n                                                                            <ul class=\"context\">\n                                            <li class=\"context__item\" aria-label=\"hidden\">                                            <\/li>\n                                        <\/ul>\n                                    \n                                    <h3 class=\"titol\">Dessin<\/h3>\n                                        \n                                    <div class=\"button fletxa\"><a href=\"https:\/\/webdali.latempesta.eu\/fr\/dali-et-gala\/dali-lartiste-total\/dessin\/\">En savoir plus<\/a><\/div>\n\n                                    \n                                <\/div>\n                                                    <\/div>\n\n                                    <\/div>\n                <!-- Swiper navigation buttons -->\n                <div class=\"swiper-button-prev\">\n                    <span class=\"screen-reader-text\">Diapositive pr\u00e9c\u00e9dente<\/span>\n                <\/div>\n                <div class=\"swiper-button-next\">\n                    <span class=\"screen-reader-text\">Diapositiva seg\u00fcent<\/span>\n                <\/div>\n            <\/div>\n        <\/div>\n    <\/div>\n\n\n\n<!-- Swiper JS -->\n<script src=\"https:\/\/cdn.jsdelivr.net\/npm\/swiper@11\/swiper-bundle.min.js\"><\/script>\n\n<!-- Initialize Swiper -->\n<script>\n\njQuery( document ).ready(function() {      \n\n    Tipus = 'destacat';\n\n    updateSpaceBetween();\n    spaceBetweenInicial = 60;\n    \n    if (Tipus=='intro-images' ) {\n    \/\/    spaceBetweenValueModul = 0;\n    }\n\n\n\n    console.log(\"spaceBetweenValueModul\",spaceBetweenValueModul);\n\n    var swiper = new Swiper(\"#swiper-69ff4dc8dceb0\", {\n      slidesPerView: \"auto\",\n      spaceBetween: spaceBetweenInicial,\n      \tfreeMode: true,\n\t  \tbreakpoints: {\n\t        \/\/ Quan l'amplada de la pantalla sigui major a 1024px\n\t        1024: {\n\t            spaceBetween: spaceBetweenValue,\n\t        },\n\t    },\n        \/\/ Navigation arrows\n        navigation: {\n            nextEl: '.swiper-button-next',\n            prevEl: '.swiper-button-prev',\n        },\n        mousewheel: {\n            releaseOnEdges: true,\n            forceToAxis: true,\n            sensitivity:    1,\n        },\n        a11y: {\n            prevSlideMessage: 'Diapositive pr\u00e9c\u00e9dente',\n            nextSlideMessage: 'Diapositiva seg\u00fcent',\n        },\n    });\n\n\n \n\n\n    \/*\n    jQuery('.bloc-destacats').each(function() {\n        const nextDiv = jQuery(this).next('div');\n        if (nextDiv.hasClass('contingut-ampliat')) {\n            console.log('T\u00e9 .contingut-ampliat despr\u00e9s');\n            \/\/ Aqu\u00ed pots fer accions, per exemple:\n            \/\/ $nextDiv.addClass('marcat'); o $(this).append($nextDiv);\n        }\n    });\n    *\/\n})\n<\/script>\n\n","protected":false},"excerpt":{"rendered":"<p>La fascination absolue qu\u2019il \u00e9prouve pour le monde de l\u2019image, ainsi que sa passion pour les effets audiovisuels, font de Dal\u00ed l\u2019un des tout premiers vid\u00e9astes de l\u2019histoire de l\u2019art. \u00c0 travers le cin\u00e9ma, Dal\u00ed a \u00e9galement l\u2019occasion de d\u00e9ployer sa facette la plus performative, transformant encore et encore le personnage qu\u2019il avait commenc\u00e9 \u00e0 [&hellip;]<\/p>\n","protected":false},"author":1,"featured_media":3750,"parent":7697,"menu_order":355,"comment_status":"closed","ping_status":"closed","template":"","meta":{"_acf_changed":false,"_coblocks_attr":"","_coblocks_dimensions":"","_coblocks_responsive_height":"","_coblocks_accordion_ie_support":"","footnotes":""},"categories":[],"tags":[],"class_list":["post-7718","page","type-page","status-publish","has-post-thumbnail","hentry"],"acf":[],"_links":{"self":[{"href":"https:\/\/webdali.latempesta.eu\/fr\/wp-json\/wp\/v2\/pages\/7718","targetHints":{"allow":["GET"]}}],"collection":[{"href":"https:\/\/webdali.latempesta.eu\/fr\/wp-json\/wp\/v2\/pages"}],"about":[{"href":"https:\/\/webdali.latempesta.eu\/fr\/wp-json\/wp\/v2\/types\/page"}],"author":[{"embeddable":true,"href":"https:\/\/webdali.latempesta.eu\/fr\/wp-json\/wp\/v2\/users\/1"}],"replies":[{"embeddable":true,"href":"https:\/\/webdali.latempesta.eu\/fr\/wp-json\/wp\/v2\/comments?post=7718"}],"version-history":[{"count":0,"href":"https:\/\/webdali.latempesta.eu\/fr\/wp-json\/wp\/v2\/pages\/7718\/revisions"}],"up":[{"embeddable":true,"href":"https:\/\/webdali.latempesta.eu\/fr\/wp-json\/wp\/v2\/pages\/7697"}],"wp:featuredmedia":[{"embeddable":true,"href":"https:\/\/webdali.latempesta.eu\/fr\/wp-json\/wp\/v2\/media\/3750"}],"wp:attachment":[{"href":"https:\/\/webdali.latempesta.eu\/fr\/wp-json\/wp\/v2\/media?parent=7718"}],"wp:term":[{"taxonomy":"category","embeddable":true,"href":"https:\/\/webdali.latempesta.eu\/fr\/wp-json\/wp\/v2\/categories?post=7718"},{"taxonomy":"post_tag","embeddable":true,"href":"https:\/\/webdali.latempesta.eu\/fr\/wp-json\/wp\/v2\/tags?post=7718"}],"curies":[{"name":"wp","href":"https:\/\/api.w.org\/{rel}","templated":true}]}}